{"id":3578,"date":"2019-08-26T09:44:09","date_gmt":"2019-08-26T07:44:09","guid":{"rendered":"http:\/\/www.arnaudom.fr\/wordpress\/?page_id=3578"},"modified":"2020-08-17T17:45:36","modified_gmt":"2020-08-17T15:45:36","slug":"taureau","status":"publish","type":"page","link":"https:\/\/www.arnaudom.fr\/wordpress\/taureau\/","title":{"rendered":"taureau"},"content":{"rendered":"\t\t<div data-elementor-type=\"wp-post\" data-elementor-id=\"3578\" class=\"elementor elementor-3578\">\n\t\t\t\t\t\t<div class=\"elementor-inner\">\n\t\t\t\t<div class=\"elementor-section-wrap\">\n\t\t\t\t\t\t\t\t\t<section class=\"elementor-section elementor-top-section elementor-element elementor-element-36de2ac elementor-section-full_width elementor-section-height-default elementor-section-height-default\" data-id=\"36de2ac\" data-element_type=\"section\" data-settings=\"{&quot;background_background&quot;:&quot;classic&quot;}\">\n\t\t\t\t\t\t<div class=\"elementor-container elementor-column-gap-default\">\n\t\t\t\t\t\t\t<div class=\"elementor-row\">\n\t\t\t\t\t<div class=\"elementor-column elementor-col-100 elementor-top-column elementor-element elementor-element-66ee798e\" data-id=\"66ee798e\" data-element_type=\"column\" data-settings=\"{&quot;background_background&quot;:&quot;classic&quot;}\">\n\t\t\t<div class=\"elementor-column-wrap elementor-element-populated\">\n\t\t\t\t\t\t\t<div class=\"elementor-widget-wrap\">\n\t\t\t\t\t\t<div class=\"elementor-element elementor-element-1a0cf2c3 elementor-widget elementor-widget-heading\" data-id=\"1a0cf2c3\" data-element_type=\"widget\" data-widget_type=\"heading.default\">\n\t\t\t\t<div class=\"elementor-widget-container\">\n\t\t\t<h1 class=\"elementor-heading-title elementor-size-default\">Observer la constellation du Taureau<\/h1>\t\t<\/div>\n\t\t\t\t<\/div>\n\t\t\t\t<div class=\"elementor-element elementor-element-162a84a8 elementor-widget elementor-widget-spacer\" data-id=\"162a84a8\" data-element_type=\"widget\" data-widget_type=\"spacer.default\">\n\t\t\t\t<div class=\"elementor-widget-container\">\n\t\t\t\t\t<div class=\"elementor-spacer\">\n\t\t\t<div class=\"elementor-spacer-inner\"><\/div>\n\t\t<\/div>\n\t\t\t\t<\/div>\n\t\t\t\t<\/div>\n\t\t\t\t<section class=\"elementor-section elementor-inner-section elementor-element elementor-element-3cd36cd6 elementor-section-content-middle elementor-section-boxed elementor-section-height-default elementor-section-height-default\" data-id=\"3cd36cd6\" data-element_type=\"section\">\n\t\t\t\t\t\t<div class=\"elementor-container elementor-column-gap-default\">\n\t\t\t\t\t\t\t<div class=\"elementor-row\">\n\t\t\t\t\t<div class=\"elementor-column elementor-col-50 elementor-inner-column elementor-element elementor-element-793995df\" data-id=\"793995df\" data-element_type=\"column\" data-settings=\"{&quot;background_background&quot;:&quot;classic&quot;}\">\n\t\t\t<div class=\"elementor-column-wrap elementor-element-populated\">\n\t\t\t\t\t\t\t<div class=\"elementor-widget-wrap\">\n\t\t\t\t\t\t<div class=\"elementor-element elementor-element-253fc9ac elementor-widget elementor-widget-text-editor\" data-id=\"253fc9ac\" data-element_type=\"widget\" data-widget_type=\"text-editor.default\">\n\t\t\t\t<div class=\"elementor-widget-container\">\n\t\t\t\t\t\t\t\t<div class=\"elementor-text-editor elementor-clearfix\">\n\t\t\t\t<a href=\"http:\/\/www.arnaudom.fr\/wordpress\/cartetaureau\"><strong>Afficher la carte<\/strong><\/a>\t\t\t\t\t<\/div>\n\t\t\t\t\t\t<\/div>\n\t\t\t\t<\/div>\n\t\t\t\t\t\t<\/div>\n\t\t\t\t\t<\/div>\n\t\t<\/div>\n\t\t\t\t<div class=\"elementor-column elementor-col-50 elementor-inner-column elementor-element elementor-element-4a0c2793\" data-id=\"4a0c2793\" data-element_type=\"column\" data-settings=\"{&quot;background_background&quot;:&quot;classic&quot;}\">\n\t\t\t<div class=\"elementor-column-wrap elementor-element-populated\">\n\t\t\t\t\t\t\t<div class=\"elementor-widget-wrap\">\n\t\t\t\t\t\t<div class=\"elementor-element elementor-element-1645125a elementor-widget elementor-widget-image\" data-id=\"1645125a\" data-element_type=\"widget\" data-widget_type=\"image.default\">\n\t\t\t\t<div class=\"elementor-widget-container\">\n\t\t\t\t\t\t\t\t<div class=\"elementor-image\">\n\t\t\t\t\t\t\t\t\t\t\t\t\t<a href=\"http:\/\/www.arnaudom.fr\/wordpress\/cartetaureau\">\n\t\t\t\t\t\t\t<img loading=\"lazy\" decoding=\"async\" width=\"150\" height=\"91\" src=\"https:\/\/www.arnaudom.fr\/wordpress\/wp-content\/uploads\/2019\/08\/tcartetaureau.jpg\" class=\"attachment-large size-large wp-image-3584\" alt=\"\" \/>\t\t\t\t\t\t\t\t<\/a>\n\t\t\t\t\t\t\t\t\t\t\t\t\t\t<\/div>\n\t\t\t\t\t\t<\/div>\n\t\t\t\t<\/div>\n\t\t\t\t\t\t<\/div>\n\t\t\t\t\t<\/div>\n\t\t<\/div>\n\t\t\t\t\t\t\t\t<\/div>\n\t\t\t\t\t<\/div>\n\t\t<\/section>\n\t\t\t\t<div class=\"elementor-element elementor-element-7465559f elementor-widget elementor-widget-heading\" data-id=\"7465559f\" data-element_type=\"widget\" data-widget_type=\"heading.default\">\n\t\t\t\t<div class=\"elementor-widget-container\">\n\t\t\t<h3 class=\"elementor-heading-title elementor-size-default\">Objets observ\u00e9s :<\/h3>\t\t<\/div>\n\t\t\t\t<\/div>\n\t\t\t\t<div class=\"elementor-element elementor-element-10b6d2db elementor-widget elementor-widget-text-editor\" data-id=\"10b6d2db\" data-element_type=\"widget\" data-widget_type=\"text-editor.default\">\n\t\t\t\t<div class=\"elementor-widget-container\">\n\t\t\t\t\t\t\t\t<div class=\"elementor-text-editor elementor-clearfix\">\n\t\t\t\t<p>1 \u00e9toile : Ald\u00e9baran.<\/p><p>4 \u00e9toiles doubles : Tau, 62, Phi et Chi du taureau.<\/p><p>4 amas ouverts : les Hyades, M45 (Les Pl\u00e9\u00efades), NGC 1647 et NGC 1746.<\/p><p>1 reste de supernova : M1 (n\u00e9buleuse du crabe).<\/p>\t\t\t\t\t<\/div>\n\t\t\t\t\t\t<\/div>\n\t\t\t\t<\/div>\n\t\t\t\t<div class=\"elementor-element elementor-element-6b5321e7 elementor-widget elementor-widget-heading\" data-id=\"6b5321e7\" data-element_type=\"widget\" data-widget_type=\"heading.default\">\n\t\t\t\t<div class=\"elementor-widget-container\">\n\t\t\t<h3 class=\"elementor-heading-title elementor-size-default\">Introduction :<\/h3>\t\t<\/div>\n\t\t\t\t<\/div>\n\t\t\t\t<div class=\"elementor-element elementor-element-7d2ccd73 elementor-widget elementor-widget-text-editor\" data-id=\"7d2ccd73\" data-element_type=\"widget\" data-widget_type=\"text-editor.default\">\n\t\t\t\t<div class=\"elementor-widget-container\">\n\t\t\t\t\t\t\t\t<div class=\"elementor-text-editor elementor-clearfix\">\n\t\t\t\t<p>s\u00e9ances d&rsquo;observation effectu\u00e9es en F\u00e9vrier 2005. Le Taureau est facile \u00e0 rep\u00e9rer, \u00e0 l&rsquo;ouest d&rsquo;Orion et au-dessous de la constellation du Cocher, notamment gr\u00e2ce \u00e0 la pr\u00e9sence de la tr\u00e8s brillante \u00e9toile orang\u00e9e Ald\u00e9baran, qui dessine \u00ab\u00a0l&rsquo;oeil\u00a0\u00bb du Taureau. La constellation contient de grands amas ouverts, quelques \u00e9toiles doubles et M1, une \u00e9tonnante n\u00e9buleuse qui est en fait un reste de supernova.<\/p>\t\t\t\t\t<\/div>\n\t\t\t\t\t\t<\/div>\n\t\t\t\t<\/div>\n\t\t\t\t<div class=\"elementor-element elementor-element-2ae71903 elementor-widget elementor-widget-text-editor\" data-id=\"2ae71903\" data-element_type=\"widget\" data-widget_type=\"text-editor.default\">\n\t\t\t\t<div class=\"elementor-widget-container\">\n\t\t\t\t\t\t\t\t<div class=\"elementor-text-editor elementor-clearfix\">\n\t\t\t\t<h3><span class=\"gras col5\">Les amas du Taureau :<\/span> (<a href=\"http:\/\/www.arnaudom.fr\/wordpress\/cartetaureau\">carte<\/a>)<\/h3>\t\t\t\t\t<\/div>\n\t\t\t\t\t\t<\/div>\n\t\t\t\t<\/div>\n\t\t\t\t<div class=\"elementor-element elementor-element-6e8b876b elementor-widget elementor-widget-text-editor\" data-id=\"6e8b876b\" data-element_type=\"widget\" data-widget_type=\"text-editor.default\">\n\t\t\t\t<div class=\"elementor-widget-container\">\n\t\t\t\t\t\t\t\t<div class=\"elementor-text-editor elementor-clearfix\">\n\t\t\t\t<p>quand on observe la constellation, on aper\u00e7oit \u00e0 l&rsquo;oeil nu, \u00e0 l&rsquo;ouest (donc \u00e0 droite&#8230;) du Taureau un amas bien visible, l&rsquo;amas des Pl\u00e9\u00efades. Sous un ciel correct on per\u00e7oit facilement 5 ou 6 \u00e9toiles, et plus sous un ciel bien noir. L&rsquo;amas ressemble un peu \u00e0 la Grande Ourse (en beaucoup plus petit \u00e9videmment), c&rsquo;est-\u00e0-dire qu&rsquo;il a la forme d&rsquo;une casserole. Etant donn\u00e9 sa tr\u00e8s grande taille, on peut l&rsquo;observer aux jumelles et l\u00e0, on a d\u00e9j\u00e0 une image absolument superbe de cet amas ! On peut d\u00e9j\u00e0 voir une vingtaine d&rsquo;\u00e9toiles. Au t\u00e9l\u00e9scope, seul le grossissement de 28x (avec le 32 mm) permet de le voir en entier dans l&rsquo;oculaire. Il est vraiment magnifique, on voit une dizaine d&rsquo;\u00e9toiles tr\u00e8s brillantes, mais on peut en voir en tout une cinquantaine sans difficult\u00e9. Ces \u00e9toiles sont bien visibles, l&rsquo;amas n&rsquo;est pas tr\u00e8s dense et elles forment des figures g\u00e9om\u00e9triques de toutes sortes. Pr\u00e8s de l&rsquo;\u00e9toile la plus brillante de l&rsquo;amas, Alcyone, on voit un beau petit triangle d&rsquo;\u00e9toiles. En dessous d&rsquo;elle (ou au-dessus dans l&rsquo;oculaire) se trouve M\u00e9rope, autre \u00e9toile brillante de l&rsquo;amas (au fond de la casserole&#8230;). A gauche de ces deux \u00e9toiles (\u00e0 droite dans l&rsquo;oculaire) part une petite cha\u00eene de 5 ou 6 \u00e9toiles formant une courbe vers l&rsquo;ext\u00e9rieur de l&rsquo;amas. Sur les belles photos de l&rsquo;amas, les \u00e9toiles les plus brillantes des Pl\u00e9\u00efades sont plong\u00e9es dans des n\u00e9buleuses formant de beaux voiles bleut\u00e9s autour d&rsquo;elles . Autour de M\u00e9rope se trouve l&rsquo;une de ces n\u00e9buleuses, NGC 1435. Il para\u00eet que sous un bon ciel,on peut l&rsquo;apercevoir, comme un tr\u00e8s faible voile entourant l&rsquo;\u00e9toile. Personnellement je n&rsquo;ai rien vu, mais vous pouvez tenter l&rsquo;exp\u00e9rience et m&rsquo;en dire des nouvelles !<\/p><p>Apr\u00e8s \u00e7a, on va commencer par rep\u00e9rer Ald\u00e9baran, l&rsquo;\u00e9toile la plus brillante du Taureau. A l&rsquo;oculaire (mais aussi \u00e0 l&rsquo;oeil nu), elle pr\u00e9sente une belle couleur orang\u00e9e, agr\u00e9able \u00e0 observer. Tout pr\u00e8s d&rsquo;elle se trouve un autre amas ouvert tr\u00e8s large, l&rsquo;amas des Hyades. En fait, c&rsquo;est un grand amas brillant, pas tr\u00e8s dense, qui entoure Ald\u00e9baran et forme la t\u00eate du Taureau. Comme les Pl\u00e9\u00efades, on peut l&rsquo;observer tout aussi bien aux jumelles. Au t\u00e9l\u00e9scope, toujours \u00e0 28x, on observe trois paires d&rsquo;\u00e9toiles, plus quelques autres, regroup\u00e9es en un grand triangle, \u00e0 l&rsquo;ouest d&rsquo;Ald\u00e9baran. Ces \u00e9toiles sont tr\u00e8s visibles, mais l&rsquo;amas est beaucoup moins spectaculaire que M45.<\/p><p>Maintenant, on va chercher deux autres amas ouverts du Taureau, qui sont bien moins brillants que les deux pr\u00e9c\u00e9dents mais qui restent cependant tr\u00e8s \u00e9tendus eux aussi, c&rsquo;est pourquoi la recherche se fera \u00e9galement \u00e0 28x . Le premier, NGC 1647, se trouve pratiquement \u00e0 l&rsquo;oppos\u00e9 des Hyades, par rapport \u00e0 Ald\u00e9baran. On part des Hyades , on passe par Ald\u00e9baran et, en parcourant \u00e0 peu pr\u00e8s la m\u00eame distance, pas tout \u00e0 fait dans l&rsquo;alignement, on tombe sur NGC 1647. Il est compos\u00e9 de fines \u00e9toiles \u00e9parses, peu brillantes, semblant toutes de m\u00eame luminosit\u00e9. A 28x il occupe une grand partie du champ, on distingue au bord de l&rsquo;amas un doublet d&rsquo;\u00e9toiles beaucoup plus brillantes mais qui sont ext\u00e9rieur \u00e0 l&rsquo;amas. On peut l&rsquo;observer \u00e0 45x (avec le 20 mm), l\u00e0 il remplit le champ. Les \u00e9toiles sont toujours aussi peu brillantes mais on peut en compter une quarantaine.<\/p><p>Enfin, pour trouver NGC 1746, on va prendre la distance Ald\u00e9baran-NGC 1647 et on va la reporter deux fois en partant de NGC 1647. Il vaut mieux le faire \u00e0 28x car, encore une fois, c&rsquo;est un amas tr\u00e8s \u00e9tendu. Il ressemble beaucoup \u00e0 NGC 1647, car il n&rsquo;est pas tr\u00e8s dense et est comme lui compos\u00e9 de petites \u00e9toiles peu brillantes, de m\u00eame luminosit\u00e9. Par contre, il semble avoir une forme un peu rectangulaire, tandis que NGC 1647 semblait un peu plus circulaire. NGC 1746 remplit l&rsquo;oculaire \u00e0 28x, et on y compte une trentaine d&rsquo;\u00e9toiles. A 45x, le centre de l&rsquo;amas est un peu mieux, mais l&rsquo;amas lui-m\u00eame ne tient plus dans le champ.<\/p>\t\t\t\t\t<\/div>\n\t\t\t\t\t\t<\/div>\n\t\t\t\t<\/div>\n\t\t\t\t<div class=\"elementor-element elementor-element-234d3c2c elementor-widget elementor-widget-text-editor\" data-id=\"234d3c2c\" data-element_type=\"widget\" data-widget_type=\"text-editor.default\">\n\t\t\t\t<div class=\"elementor-widget-container\">\n\t\t\t\t\t\t\t\t<div class=\"elementor-text-editor elementor-clearfix\">\n\t\t\t\t<h3><span class=\"gras col5\">Les \u00e9toiles doubles et la n\u00e9buleuse :<\/span> (<a href=\"http:\/\/www.arnaudom.fr\/wordpress\/cartetaureau\">carte<\/a>)<\/h3>\t\t\t\t\t<\/div>\n\t\t\t\t\t\t<\/div>\n\t\t\t\t<\/div>\n\t\t\t\t<div class=\"elementor-element elementor-element-6dcc170b elementor-widget elementor-widget-text-editor\" data-id=\"6dcc170b\" data-element_type=\"widget\" data-widget_type=\"text-editor.default\">\n\t\t\t\t<div class=\"elementor-widget-container\">\n\t\t\t\t\t\t\t\t<div class=\"elementor-text-editor elementor-clearfix\">\n\t\t\t\t<p>finis les amas ouverts ! Apr\u00e8s ces objets tr\u00e8s \u00e9tendus, on va observer quelques \u00e9toiles doubles, objets qui n\u00e9cessitent en g\u00e9n\u00e9ral des grossissements plus \u00e9lev\u00e9s. Commen\u00e7ons par Tau. Celle-ci est facile \u00e0 trouver puisqu&rsquo;elle est visible sans difficult\u00e9 \u00e0 l&rsquo;oeil nu. Une fois point\u00e9e, on s&rsquo;aper\u00e7oit qu&rsquo;elle peut \u00eatre facilement d\u00e9doubl\u00e9e d\u00e9s 45x de grossissement.On aper\u00e7oit alors deux composantes blanches, la principale \u00e9tant nettement plus lumineuse que l&rsquo;autre.<\/p><p>Pour trouver les trois autres \u00e9toiles doubles de l&rsquo;observation, il faut commencer par rep\u00e9rer, \u00e0 l&rsquo;aide de la <a href=\"http:\/\/www.arnaudom.fr\/wordpress\/cartetaureau\">carte<\/a>, la zone o\u00f9 elles se trouvent. En effet, elles sont toutes les trois align\u00e9es \u00e0 cet endroit-l\u00e0 ! Les \u00e9toiles Kappa et Upsilon du Taureau vont nous servir de point de d\u00e9part. Elles sont normalement visibles \u00e0 l&rsquo;oeil nu, en tout cas au chercheur elles ne posent pas de probl\u00e8me. Observons ces deux \u00e9toiles \u00e0 45x : en fait, on voit 4 \u00e9toiles dans l&rsquo;oculaire. Il y a la paire form\u00e9e de Kappa 1 et Kappa 2, et une seconde paire form\u00e9e de Upsilon et une autre \u00e9toile. C&rsquo;est celle-ci qui va nous servir de point de d\u00e9part, voir le sch\u00e9ma ci-dessous (attention : <span class=\"gras\"><strong>le nord est en haut<\/strong>,<\/span> attention aux inversions dans l&rsquo;oculaire et \u00e0 la position de la constellation dans le ciel).<\/p>\t\t\t\t\t<\/div>\n\t\t\t\t\t\t<\/div>\n\t\t\t\t<\/div>\n\t\t\t\t<div class=\"elementor-element elementor-element-e6e7c39 elementor-widget elementor-widget-image\" data-id=\"e6e7c39\" data-element_type=\"widget\" data-widget_type=\"image.default\">\n\t\t\t\t<div class=\"elementor-widget-container\">\n\t\t\t\t\t\t\t\t<div class=\"elementor-image\">\n\t\t\t\t\t\t\t\t\t\t\t\t<img loading=\"lazy\" decoding=\"async\" width=\"467\" height=\"429\" src=\"https:\/\/www.arnaudom.fr\/wordpress\/wp-content\/uploads\/2019\/08\/Doubles.gif\" class=\"attachment-large size-large wp-image-3588\" alt=\"\" \/>\t\t\t\t\t\t\t\t\t\t\t\t\t\t<\/div>\n\t\t\t\t\t\t<\/div>\n\t\t\t\t<\/div>\n\t\t\t\t<div class=\"elementor-element elementor-element-e9727ea elementor-widget elementor-widget-text-editor\" data-id=\"e9727ea\" data-element_type=\"widget\" data-widget_type=\"text-editor.default\">\n\t\t\t\t<div class=\"elementor-widget-container\">\n\t\t\t\t\t\t\t\t<div class=\"elementor-text-editor elementor-clearfix\">\n\t\t\t\t<p>Bien, donc on part de cette \u00e9toile et on se d\u00e9place perpendiculairement \u00e0 la paire d&rsquo;\u00e9toiles qu&rsquo;elle forme avec Upsilon. Normalement, on devrait tomber sur une premi\u00e8re \u00e9toile blanche un peu brillante, qui est 62 du Taureau. Celle-ci est d\u00e9doubl\u00e9e \u00e0 90x. On continue ensuite pratiquement dans la m\u00eame direction, et en se d\u00e9pla\u00e7ant de la m\u00eame distance, et on va tomber sur Chi du Taureau. Celle-ci est d\u00e9doubl\u00e9e facilement, d\u00e9s 45x. Enfin, en continuant toujours \u00e0 peu pr\u00e8s dans le m\u00eame sens, et toujours \u00e0 la m\u00eame distance, se trouve Phi du Taureau, qui est aussi d\u00e9doubl\u00e9e d\u00e9s 45x. Celle-ci est plus \u00e9cart\u00e9e et pr\u00e9sente un l\u00e9ger constraste de couleur : la composante principale est jaune et son compagnon semble bleut\u00e9. Enfin, je me suis demand\u00e9 si entre Upsilon et 62, il n&rsquo;y avait pas une autre petite \u00e9toile double. Il faudra que je retourne v\u00e9rifier !<\/p><p>Bien, pour finir, on va contempler une \u00e9tonnante n\u00e9buleuse, M1, qui est en fait un reste de supernova. Pour la trouver, il faut rep\u00e9rer l&rsquo;\u00e9toile Dz\u00e9ta du Taureau, qui forme la \u00ab\u00a0corne basse\u00a0\u00bb du Taureau. Cette \u00e9toile est facilement visible \u00e0 l&rsquo;oeil nu. Le plus facile est de la pointer \u00e0 28x, car, \u00e0 ce grossissement, M1 est dans le m\u00eame champ d&rsquo;oculaire que l&rsquo;\u00e9toile ! Mettez l&rsquo;\u00e9toile en bord de champ, et normalement la n\u00e9buleuse est dans l&rsquo;oculaire (faut juste chercher du bon c\u00f4t\u00e9). Pour la voir, mieux vaut \u00e9viter si possible la pollution lumineuse. On peut l&rsquo;observer \u00e0 28x ou \u00e0 45x, et l\u00e0 on a une n\u00e9buleuse grise assez grande, de forme ovale, sans d\u00e9tail visible mais le centre est tout de m\u00eame un peu plus lumineux. Un objet original \u00e0 observer !<\/p>\t\t\t\t\t<\/div>\n\t\t\t\t\t\t<\/div>\n\t\t\t\t<\/div>\n\t\t\t\t\t\t<\/div>\n\t\t\t\t\t<\/div>\n\t\t<\/div>\n\t\t\t\t\t\t\t\t<\/div>\n\t\t\t\t\t<\/div>\n\t\t<\/section>\n\t\t\t\t\t\t\t\t\t<\/div>\n\t\t\t<\/div>\n\t\t\t\t\t<\/div>\n\t\t","protected":false},"excerpt":{"rendered":"<p>Observer la constellation du Taureau Afficher la carte Objets observ\u00e9s : 1 \u00e9toile : Ald\u00e9baran. 4 \u00e9toiles doubles : Tau, 62, Phi et Chi du taureau. 4 amas ouverts : les Hyades, M45 (Les Pl\u00e9\u00efades), NGC 1647 et NGC 1746. 1 reste de supernova : M1 (n\u00e9buleuse du crabe). Introduction : s\u00e9ances d&rsquo;observation effectu\u00e9es en &hellip;<\/p>\n<p class=\"read-more\"> <a class=\"\" href=\"https:\/\/www.arnaudom.fr\/wordpress\/taureau\/\"> <span class=\"screen-reader-text\">taureau<\/span> Lire la suite\u00a0\u00bb<\/a><\/p>\n","protected":false},"author":1,"featured_media":0,"parent":0,"menu_order":0,"comment_status":"closed","ping_status":"closed","template":"","meta":{"site-sidebar-layout":"default","site-content-layout":"default","ast-site-content-layout":"","site-content-style":"default","site-sidebar-style":"default","ast-global-header-display":"","ast-banner-title-visibility":"","ast-main-header-display":"","ast-hfb-above-header-display":"","ast-hfb-below-header-display":"","ast-hfb-mobile-header-display":"","site-post-title":"disabled","ast-breadcrumbs-content":"","ast-featured-img":"","footer-sml-layout":"","theme-transparent-header-meta":"default","adv-header-id-meta":"","stick-header-meta":"","header-above-stick-meta":"","header-main-stick-meta":"","header-below-stick-meta":"","astra-migrate-meta-layouts":"","ast-page-background-enabled":"default","ast-page-background-meta":{"desktop":{"background-color":"","background-image":"","background-repeat":"repeat","background-position":"center center","background-size":"auto","background-attachment":"scroll","background-type":"","background-media":"","overlay-type":"","overlay-color":"","overlay-gradient":""},"tablet":{"background-color":"","background-image":"","background-repeat":"repeat","background-position":"center center","background-size":"auto","background-attachment":"scroll","background-type":"","background-media":"","overlay-type":"","overlay-color":"","overlay-gradient":""},"mobile":{"background-color":"","background-image":"","background-repeat":"repeat","background-position":"center center","background-size":"auto","background-attachment":"scroll","background-type":"","background-media":"","overlay-type":"","overlay-color":"","overlay-gradient":""}},"ast-content-background-meta":{"desktop":{"background-color":"var(--ast-global-color-5)","background-image":"","background-repeat":"repeat","background-position":"center center","background-size":"auto","background-attachment":"scroll","background-type":"","background-media":"","overlay-type":"","overlay-color":"","overlay-gradient":""},"tablet":{"background-color":"var(--ast-global-color-5)","background-image":"","background-repeat":"repeat","background-position":"center center","background-size":"auto","background-attachment":"scroll","background-type":"","background-media":"","overlay-type":"","overlay-color":"","overlay-gradient":""},"mobile":{"background-color":"var(--ast-global-color-5)","background-image":"","background-repeat":"repeat","background-position":"center center","background-size":"auto","background-attachment":"scroll","background-type":"","background-media":"","overlay-type":"","overlay-color":"","overlay-gradient":""}},"footnotes":""},"class_list":["post-3578","page","type-page","status-publish","hentry"],"_links":{"self":[{"href":"https:\/\/www.arnaudom.fr\/wordpress\/wp-json\/wp\/v2\/pages\/3578","targetHints":{"allow":["GET"]}}],"collection":[{"href":"https:\/\/www.arnaudom.fr\/wordpress\/wp-json\/wp\/v2\/pages"}],"about":[{"href":"https:\/\/www.arnaudom.fr\/wordpress\/wp-json\/wp\/v2\/types\/page"}],"author":[{"embeddable":true,"href":"https:\/\/www.arnaudom.fr\/wordpress\/wp-json\/wp\/v2\/users\/1"}],"replies":[{"embeddable":true,"href":"https:\/\/www.arnaudom.fr\/wordpress\/wp-json\/wp\/v2\/comments?post=3578"}],"version-history":[{"count":8,"href":"https:\/\/www.arnaudom.fr\/wordpress\/wp-json\/wp\/v2\/pages\/3578\/revisions"}],"predecessor-version":[{"id":5523,"href":"https:\/\/www.arnaudom.fr\/wordpress\/wp-json\/wp\/v2\/pages\/3578\/revisions\/5523"}],"wp:attachment":[{"href":"https:\/\/www.arnaudom.fr\/wordpress\/wp-json\/wp\/v2\/media?parent=3578"}],"curies":[{"name":"wp","href":"https:\/\/api.w.org\/{rel}","templated":true}]}}