{"id":3562,"date":"2019-08-26T00:28:04","date_gmt":"2019-08-25T22:28:04","guid":{"rendered":"http:\/\/www.arnaudom.fr\/wordpress\/?page_id=3562"},"modified":"2020-08-17T17:45:01","modified_gmt":"2020-08-17T15:45:01","slug":"orion","status":"publish","type":"page","link":"https:\/\/www.arnaudom.fr\/wordpress\/orion\/","title":{"rendered":"orion"},"content":{"rendered":"\t\t<div data-elementor-type=\"wp-post\" data-elementor-id=\"3562\" class=\"elementor elementor-3562\">\n\t\t\t\t\t\t<div class=\"elementor-inner\">\n\t\t\t\t<div class=\"elementor-section-wrap\">\n\t\t\t\t\t\t\t\t\t<section class=\"elementor-section elementor-top-section elementor-element elementor-element-2256b7dd elementor-section-full_width elementor-section-height-default elementor-section-height-default\" data-id=\"2256b7dd\" data-element_type=\"section\" data-settings=\"{&quot;background_background&quot;:&quot;classic&quot;}\">\n\t\t\t\t\t\t<div class=\"elementor-container elementor-column-gap-default\">\n\t\t\t\t\t\t\t<div class=\"elementor-row\">\n\t\t\t\t\t<div class=\"elementor-column elementor-col-100 elementor-top-column elementor-element elementor-element-5fa457d8\" data-id=\"5fa457d8\" data-element_type=\"column\" data-settings=\"{&quot;background_background&quot;:&quot;classic&quot;}\">\n\t\t\t<div class=\"elementor-column-wrap elementor-element-populated\">\n\t\t\t\t\t\t\t<div class=\"elementor-widget-wrap\">\n\t\t\t\t\t\t<div class=\"elementor-element elementor-element-445e6083 elementor-widget elementor-widget-heading\" data-id=\"445e6083\" data-element_type=\"widget\" data-widget_type=\"heading.default\">\n\t\t\t\t<div class=\"elementor-widget-container\">\n\t\t\t<h1 class=\"elementor-heading-title elementor-size-default\">Observer la constellation d'Orion<\/h1>\t\t<\/div>\n\t\t\t\t<\/div>\n\t\t\t\t<div class=\"elementor-element elementor-element-2d40368d elementor-widget elementor-widget-spacer\" data-id=\"2d40368d\" data-element_type=\"widget\" data-widget_type=\"spacer.default\">\n\t\t\t\t<div class=\"elementor-widget-container\">\n\t\t\t\t\t<div class=\"elementor-spacer\">\n\t\t\t<div class=\"elementor-spacer-inner\"><\/div>\n\t\t<\/div>\n\t\t\t\t<\/div>\n\t\t\t\t<\/div>\n\t\t\t\t<section class=\"elementor-section elementor-inner-section elementor-element elementor-element-64b5a9c7 elementor-section-content-middle elementor-section-boxed elementor-section-height-default elementor-section-height-default\" data-id=\"64b5a9c7\" data-element_type=\"section\">\n\t\t\t\t\t\t<div class=\"elementor-container elementor-column-gap-default\">\n\t\t\t\t\t\t\t<div class=\"elementor-row\">\n\t\t\t\t\t<div class=\"elementor-column elementor-col-50 elementor-inner-column elementor-element elementor-element-4446516e\" data-id=\"4446516e\" data-element_type=\"column\" data-settings=\"{&quot;background_background&quot;:&quot;classic&quot;}\">\n\t\t\t<div class=\"elementor-column-wrap elementor-element-populated\">\n\t\t\t\t\t\t\t<div class=\"elementor-widget-wrap\">\n\t\t\t\t\t\t<div class=\"elementor-element elementor-element-2180f7f5 elementor-widget elementor-widget-text-editor\" data-id=\"2180f7f5\" data-element_type=\"widget\" data-widget_type=\"text-editor.default\">\n\t\t\t\t<div class=\"elementor-widget-container\">\n\t\t\t\t\t\t\t\t<div class=\"elementor-text-editor elementor-clearfix\">\n\t\t\t\t<a href=\"http:\/\/www.arnaudom.fr\/wordpress\/carteorion\"><strong>Afficher la carte<\/strong><\/a>\t\t\t\t\t<\/div>\n\t\t\t\t\t\t<\/div>\n\t\t\t\t<\/div>\n\t\t\t\t\t\t<\/div>\n\t\t\t\t\t<\/div>\n\t\t<\/div>\n\t\t\t\t<div class=\"elementor-column elementor-col-50 elementor-inner-column elementor-element elementor-element-42fe225d\" data-id=\"42fe225d\" data-element_type=\"column\" data-settings=\"{&quot;background_background&quot;:&quot;classic&quot;}\">\n\t\t\t<div class=\"elementor-column-wrap elementor-element-populated\">\n\t\t\t\t\t\t\t<div class=\"elementor-widget-wrap\">\n\t\t\t\t\t\t<div class=\"elementor-element elementor-element-6cee5fa2 elementor-widget elementor-widget-image\" data-id=\"6cee5fa2\" data-element_type=\"widget\" data-widget_type=\"image.default\">\n\t\t\t\t<div class=\"elementor-widget-container\">\n\t\t\t\t\t\t\t\t<div class=\"elementor-image\">\n\t\t\t\t\t\t\t\t\t\t\t\t\t<a href=\"http:\/\/www.arnaudom.fr\/wordpress\/carteorion\">\n\t\t\t\t\t\t\t<img loading=\"lazy\" decoding=\"async\" width=\"150\" height=\"188\" src=\"https:\/\/www.arnaudom.fr\/wordpress\/wp-content\/uploads\/2019\/08\/tcarteorion.jpg\" class=\"attachment-large size-large wp-image-3574\" alt=\"\" \/>\t\t\t\t\t\t\t\t<\/a>\n\t\t\t\t\t\t\t\t\t\t\t\t\t\t<\/div>\n\t\t\t\t\t\t<\/div>\n\t\t\t\t<\/div>\n\t\t\t\t\t\t<\/div>\n\t\t\t\t\t<\/div>\n\t\t<\/div>\n\t\t\t\t\t\t\t\t<\/div>\n\t\t\t\t\t<\/div>\n\t\t<\/section>\n\t\t\t\t<div class=\"elementor-element elementor-element-62948de5 elementor-widget elementor-widget-heading\" data-id=\"62948de5\" data-element_type=\"widget\" data-widget_type=\"heading.default\">\n\t\t\t\t<div class=\"elementor-widget-container\">\n\t\t\t<h3 class=\"elementor-heading-title elementor-size-default\">Objets observ\u00e9s :<\/h3>\t\t<\/div>\n\t\t\t\t<\/div>\n\t\t\t\t<div class=\"elementor-element elementor-element-1b640a14 elementor-widget elementor-widget-text-editor\" data-id=\"1b640a14\" data-element_type=\"widget\" data-widget_type=\"text-editor.default\">\n\t\t\t\t<div class=\"elementor-widget-container\">\n\t\t\t\t\t\t\t\t<div class=\"elementor-text-editor elementor-clearfix\">\n\t\t\t\t<p>2 \u00e9toiles : Rigel et B\u00e9telgeuse.<\/p><p>5 \u00e9toiles doubles : Delta, Iota, Sigma, Lambda et Th\u00e9ta d&rsquo;Orion (le trap\u00e8ze, \u00e9toile quadruple).<\/p><p>2 amas ouverts: NGC 1981 et NGC 2169.<\/p><p>5 n\u00e9buleuses diffuses : M42 (grande n\u00e9buleuse d&rsquo;Orion), M43, M78, NGC 2023 et peut-\u00eatre NGC 1977.<\/p>\t\t\t\t\t<\/div>\n\t\t\t\t\t\t<\/div>\n\t\t\t\t<\/div>\n\t\t\t\t<div class=\"elementor-element elementor-element-600e1b3d elementor-widget elementor-widget-heading\" data-id=\"600e1b3d\" data-element_type=\"widget\" data-widget_type=\"heading.default\">\n\t\t\t\t<div class=\"elementor-widget-container\">\n\t\t\t<h3 class=\"elementor-heading-title elementor-size-default\">Introduction :<\/h3>\t\t<\/div>\n\t\t\t\t<\/div>\n\t\t\t\t<div class=\"elementor-element elementor-element-249f1c51 elementor-widget elementor-widget-text-editor\" data-id=\"249f1c51\" data-element_type=\"widget\" data-widget_type=\"text-editor.default\">\n\t\t\t\t<div class=\"elementor-widget-container\">\n\t\t\t\t\t\t\t\t<div class=\"elementor-text-editor elementor-clearfix\">\n\t\t\t\t<p>s\u00e9ances d&rsquo;observation effectu\u00e9es en F\u00e9vrier 2005. Orion est la plus belle constellation du ciel ! Elle est magnifique rien qu&rsquo;\u00e0 l&rsquo;oeil nu, on observe les trois \u00e9toiles align\u00e9es (\u00ab\u00a0les trois rois\u00a0\u00bb) qui forment la ceinture d&rsquo;Orion, sa grande forme de sablier est immanquable et ses principales \u00e9toiles brillent d&rsquo;un \u00e9clat exceptionnel. Orion est \u00e9galement exceptionnelle par les objets qu&rsquo;elle contient : c&rsquo;est l&rsquo;une des seules constellations \u00e0 contenir autant de n\u00e9buleuses visibles dans de petits instruments (\u00e0 l&rsquo;exception du Sagittaire sans doute), et en particulier la plus belle de toute, M42. On peut en distinguer d&rsquo;autres, beaucoup plus petites cependant. Elle contient aussi plusieurs belles \u00e9toiles doubles (voir triples et quadruples !) tr\u00e8s faciles \u00e0 voir, et on peut y ajouter deux petits amas ouverts (NGC 1981 et NGC 2169) pour compl\u00e9ter le tout !<\/p>\t\t\t\t\t<\/div>\n\t\t\t\t\t\t<\/div>\n\t\t\t\t<\/div>\n\t\t\t\t<div class=\"elementor-element elementor-element-3fc907a2 elementor-widget elementor-widget-text-editor\" data-id=\"3fc907a2\" data-element_type=\"widget\" data-widget_type=\"text-editor.default\">\n\t\t\t\t<div class=\"elementor-widget-container\">\n\t\t\t\t\t\t\t\t<div class=\"elementor-text-editor elementor-clearfix\">\n\t\t\t\t<h3><span class=\"gras col5\">L&rsquo;\u00e9p\u00e9e d&rsquo;Orion :<\/span> (<a href=\"http:\/\/www.arnaudom.fr\/wordpress\/carteorion\">carte<\/a>)<\/h3>\t\t\t\t\t<\/div>\n\t\t\t\t\t\t<\/div>\n\t\t\t\t<\/div>\n\t\t\t\t<div class=\"elementor-element elementor-element-3b769009 elementor-widget elementor-widget-text-editor\" data-id=\"3b769009\" data-element_type=\"widget\" data-widget_type=\"text-editor.default\">\n\t\t\t\t<div class=\"elementor-widget-container\">\n\t\t\t\t\t\t\t\t<div class=\"elementor-text-editor elementor-clearfix\">\n\t\t\t\t<p>on va examiner toute cette belle constellation, du bas jusqu&rsquo;en haut. Commen\u00e7ons donc tout en bas \u00e0 droite par observer Rigel, \u00e9toile tr\u00e8s brillante, qui pr\u00e9sente \u00e0 l&rsquo;oeil nu et au t\u00e9lescope une brillante couleur bleue. Elle ressemble \u00e0 Sirius ou V\u00e9ga.<\/p><p>Dirigeons-nous ensuite au niveau de M42, pour observer cette n\u00e9buleuse ainsi que la riche zone qui l&rsquo;entoure. Cette partie de la constellation est d\u00e9sign\u00e9e sous le nom de \u00ab\u00a0l&rsquo;\u00e9p\u00e9e d&rsquo;Orion\u00a0\u00bb. M42 est la plus belle et la plus brillante n\u00e9buleuse du ciel ! Elle peut \u00eatre visible \u00e0 l&rsquo;oeil nu comme une \u00e9toile floue. Aux jumelles, elle est tr\u00e8s belle. Au t\u00e9lescope, \u00e0 28x de grossissement (avec le 32 mm) ou \u00e0 45x (avec le 20 mm) elle est magnifique sous un bon ciel. On voit tout d&rsquo;abord un nuage de gaz, qui forme comme deux ailes qui s&rsquo;\u00e9tendent sur les c\u00f4t\u00e9s, et dont le centre est brillant. On peut voir le nuage gazeux avec une l\u00e9g\u00e8re coloration bleue-verte (pour moi, c&rsquo;est plus bleu mais pour d&rsquo;autres, c&rsquo;est plut\u00f4t vert&#8230;). Au centre, l\u00e0 o\u00f9 se rejoignent les \u00ab\u00a0ailes\u00a0\u00bb, on aper\u00e7oit quelques petites \u00e9toiles brillantes toutes proches les unes des autres. Il s&rsquo;agit de l&rsquo;\u00e9toile Th\u00e9ta d&rsquo;Orion, qui est en fait une \u00e9toile quadruple, qui forme ce qu&rsquo;on appelle le trap\u00e8ze d&rsquo;Orion. Sous un bon ciel, les 4 \u00e9toiles sont d\u00e9tach\u00e9es d\u00e9s 45x. Sinon, on peut grossir 90x (avec le 10 mm) pour mieux les voir.<\/p><p>Examinons le nord de M42 (juste au-dessus dans le ciel, en-dessous dans l&rsquo;oculaire) \u00e0 28x ou 45x. Tout pr\u00e8s de M42, qu&rsquo;on garde dans le champ, se trouve une \u00e9toile brillante, autour de laquelle se trouve une petite n\u00e9bulosit\u00e9 perceptible. L&rsquo;\u00e9toile et sa n\u00e9bulosit\u00e9 sont bien s\u00e9par\u00e9es de M42. Il s&rsquo;agit en fait de la n\u00e9buleuse M43 qui entoure cette \u00e9toile. Elle est beaucoup plus petite que M42, mais nettement visible en vision directe sous un bon ciel, ou en vision d\u00e9cal\u00e9e. Sur les photos de M42, elle accompagne tr\u00e8s souvent cette derni\u00e8re.<\/p><p>Allons maintenant au sud de l&rsquo;\u00e9p\u00e9e d&rsquo;Orion, juste de l&rsquo;autre c\u00f4t\u00e9 de M42, afin de trouver l&rsquo;\u00e9toile double Iota. Bien qu&rsquo;il y ait plusieurs \u00e9toiles \u00e0 cet endroit-l\u00e0, elle est facile \u00e0 trouver car c&rsquo;est la plus brillante. De plus, elle est facilement d\u00e9doubl\u00e9e, puisqu&rsquo;on voit une \u00e9toile double \u00e9cart\u00e9e d\u00e9s 45x. L&rsquo;\u00e9toile principale est plut\u00f4t jaune, tandis que la seconde est beaucoup plus p\u00e2le.<\/p><p>Retournons au nord de M42, puis allons chercher l&rsquo;amas ouvert NGC 1981. Il faut d\u00e9passer M43, l\u00e0 on arrive dans une zone avec quelques \u00e9toiles \u00e9parses. Montons encore, et normalement l&rsquo;amas est facile \u00e0 trouver. C&rsquo;est un groupement d&rsquo;une douzaine d&rsquo;\u00e9toiles, dont 6 tr\u00e8s brillantes. Les \u00e9toiles sont bien visibles mais assez \u00e9parses. On voit l&rsquo;amas \u00e0 45x, mais il reste encore dans le champ \u00e0 90x.<\/p><p>Pour terminer avec l&rsquo;\u00e9p\u00e9e d&rsquo;Orion, examinons la zone entre M42\/M43 et NGC 1981, afin de rep\u00e9rer trois \u00e9toiles dispos\u00e9es comme sur le dessin suivant:<\/p>\t\t\t\t\t<\/div>\n\t\t\t\t\t\t<\/div>\n\t\t\t\t<\/div>\n\t\t\t\t<div class=\"elementor-element elementor-element-67fcbe4 elementor-widget elementor-widget-image\" data-id=\"67fcbe4\" data-element_type=\"widget\" data-widget_type=\"image.default\">\n\t\t\t\t<div class=\"elementor-widget-container\">\n\t\t\t\t\t\t\t\t<div class=\"elementor-image\">\n\t\t\t\t\t\t\t\t\t\t\t\t<img loading=\"lazy\" decoding=\"async\" width=\"263\" height=\"317\" src=\"https:\/\/www.arnaudom.fr\/wordpress\/wp-content\/uploads\/2019\/08\/NGC-1977.gif\" class=\"attachment-large size-large wp-image-3564\" alt=\"\" \/>\t\t\t\t\t\t\t\t\t\t\t\t\t\t<\/div>\n\t\t\t\t\t\t<\/div>\n\t\t\t\t<\/div>\n\t\t\t\t<div class=\"elementor-element elementor-element-5fa3a49 elementor-widget elementor-widget-text-editor\" data-id=\"5fa3a49\" data-element_type=\"widget\" data-widget_type=\"text-editor.default\">\n\t\t\t\t<div class=\"elementor-widget-container\">\n\t\t\t\t\t\t\t\t<div class=\"elementor-text-editor elementor-clearfix\">\n\t\t\t\t<p class=\"centre\" style=\"text-align: center;\"><strong><span class=\"gras bleu\">(sur cette carte, le nord est en haut)<\/span><\/strong><\/p><p>Autour de ces trois \u00e9toiles se trouve une faible n\u00e9buleuse appel\u00e9e NGC 1977. Elle baigne les trois \u00e9toiles en question. J&rsquo;ai bien rep\u00e9r\u00e9 ces trois \u00e9toiles, qui sont assez simples \u00e0 trouver en fait, mais je ne suis pas certain d&rsquo;avoir vraiment vu la n\u00e9buleuse qui les entoure. Il m&rsquo;a sembl\u00e9 par instant percevoir un halo tr\u00e8s l\u00e9ger et tr\u00e8s mince, mais \u00e7a m&rsquo;a sembl\u00e9 assez peu perceptible. Il faudra que je refasse une observation sous un ciel bien noir pour confirmer la pr\u00e9sence de cet objet. Tentez donc votre chance !<\/p>\t\t\t\t\t<\/div>\n\t\t\t\t\t\t<\/div>\n\t\t\t\t<\/div>\n\t\t\t\t<div class=\"elementor-element elementor-element-383858d9 elementor-widget elementor-widget-text-editor\" data-id=\"383858d9\" data-element_type=\"widget\" data-widget_type=\"text-editor.default\">\n\t\t\t\t<div class=\"elementor-widget-container\">\n\t\t\t\t\t\t\t\t<div class=\"elementor-text-editor elementor-clearfix\">\n\t\t\t\t<h3><span class=\"gras col5\">La ceinture d&rsquo;Orion :<\/span> (<a href=\"http:\/\/www.arnaudom.fr\/wordpress\/carteorion\">carte<\/a>)<\/h3>\t\t\t\t\t<\/div>\n\t\t\t\t\t\t<\/div>\n\t\t\t\t<\/div>\n\t\t\t\t<div class=\"elementor-element elementor-element-57493d41 elementor-widget elementor-widget-text-editor\" data-id=\"57493d41\" data-element_type=\"widget\" data-widget_type=\"text-editor.default\">\n\t\t\t\t<div class=\"elementor-widget-container\">\n\t\t\t\t\t\t\t\t<div class=\"elementor-text-editor elementor-clearfix\">\n\t\t\t\t<p>continuons \u00e0 remonter, et examinons \u00e0 pr\u00e9sent la ceinture d&rsquo;Orion, form\u00e9e par les trois \u00e9toiles align\u00e9es et brillantes au centre de la constellation. Commen\u00e7ons par observer l&rsquo;\u00e9toile la plus haute des trois, Delta. C&rsquo;est une \u00e9toile double tr\u00e8s facile \u00e0 voir, car on voit les deux \u00e9toiles d\u00e9s 45x. Delta est \u00e9videmment tr\u00e8s brillante, mais son petit compagnon reste cependant bien visible tout pr\u00e8s d&rsquo;elle, et largement d\u00e9tach\u00e9.<\/p><p>Descendons jusqu&rsquo;\u00e0 l&rsquo;\u00e9toile la plus basse, Dz\u00e9ta,et observons-l\u00e0 \u00e0 faible grossissement, 28x ou 45x. En dessous de Dz\u00e9ta (au-dessus dans l&rsquo;oculaire), on va trouver trois \u00e9toiles bien visibles, presque align\u00e9es, qui vont dans la direction de l&rsquo;\u00e9toile Sigma. Autour de l&rsquo;\u00e9toile qui est celle qui est la plus proche de Dz\u00e9ta parmi les trois, se trouve une petite n\u00e9buleuse, NGC 2023, qui se voit nettement en vision d\u00e9cal\u00e9e (en tout cas beaucoup plus nettement que NGC 1977).<\/p>\t\t\t\t\t<\/div>\n\t\t\t\t\t\t<\/div>\n\t\t\t\t<\/div>\n\t\t\t\t<div class=\"elementor-element elementor-element-c98623c elementor-widget elementor-widget-image\" data-id=\"c98623c\" data-element_type=\"widget\" data-widget_type=\"image.default\">\n\t\t\t\t<div class=\"elementor-widget-container\">\n\t\t\t\t\t\t\t\t<div class=\"elementor-image\">\n\t\t\t\t\t\t\t\t\t\t\t\t<img loading=\"lazy\" decoding=\"async\" width=\"168\" height=\"178\" src=\"https:\/\/www.arnaudom.fr\/wordpress\/wp-content\/uploads\/2019\/08\/NGC-2023.gif\" class=\"attachment-large size-large wp-image-3565\" alt=\"\" \/>\t\t\t\t\t\t\t\t\t\t\t\t\t\t<\/div>\n\t\t\t\t\t\t<\/div>\n\t\t\t\t<\/div>\n\t\t\t\t<div class=\"elementor-element elementor-element-6a1b68a elementor-widget elementor-widget-text-editor\" data-id=\"6a1b68a\" data-element_type=\"widget\" data-widget_type=\"text-editor.default\">\n\t\t\t\t<div class=\"elementor-widget-container\">\n\t\t\t\t\t\t\t\t<div class=\"elementor-text-editor elementor-clearfix\">\n\t\t\t\t<p class=\"centre\" style=\"text-align: center;\"><strong><span class=\"gras bleu\">(sur cette carte, le nord est en haut)<\/span><\/strong><\/p><p>Allons maintenant examiner l&rsquo;\u00e9toile Sigma, qui est \u00e9galement une \u00e9toile double, et peut-\u00eatre plus&#8230; Observ\u00e9e \u00e0 45x, puis \u00e0 90x on voit m\u00eame que c&rsquo;est une \u00e9toile triple ! La composante principale est jaune, et on aper\u00e7oit deux petites compagnes align\u00e9es avec elle. Etonnant !<\/p><p>On va maintenant utiliser Dz\u00e9ta et Sigma pour rep\u00e9rer la derni\u00e8re n\u00e9buleuse de notre observation, M78. Pour cela, il faut prendre la distance Sigma-Dz\u00e9ta et la reporter deux fois vers le haut en partant de Dz\u00e9ta, en restant dans l&rsquo;alignement des deux \u00e9toiles. M78 se rep\u00e8re \u00e0 28x comme une petite t\u00e2che ronde, \u00e9vidente \u00e0 rep\u00e9rer mais pas forc\u00e9ment \u00e0 observer en vision directe. On peut la grossir 45x, elle reste facile \u00e0 rep\u00e9rer. A l&rsquo;int\u00e9rieur on peut distinguer deux petites \u00e9toiles faibles, qu&rsquo;on per\u00e7oit comme deux tout petits points au centre de la t\u00e2che. On peut m\u00eame arriver \u00e0 voir une toute petite t\u00e2che diffuse au-dessus d&rsquo;elle, qui est en fait une autre toute petite n\u00e9buleuse, NGC 2071.<\/p>\t\t\t\t\t<\/div>\n\t\t\t\t\t\t<\/div>\n\t\t\t\t<\/div>\n\t\t\t\t<div class=\"elementor-element elementor-element-a524689 elementor-widget elementor-widget-text-editor\" data-id=\"a524689\" data-element_type=\"widget\" data-widget_type=\"text-editor.default\">\n\t\t\t\t<div class=\"elementor-widget-container\">\n\t\t\t\t\t\t\t\t<div class=\"elementor-text-editor elementor-clearfix\">\n\t\t\t\t<h3><span class=\"gras col5\">Le nord d&rsquo;Orion :<\/span>(<a href=\"http:\/\/www.arnaudom.fr\/wordpress\/carteorion\">carte<\/a>)<\/h3>\t\t\t\t\t<\/div>\n\t\t\t\t\t\t<\/div>\n\t\t\t\t<\/div>\n\t\t\t\t<div class=\"elementor-element elementor-element-860ebe5 elementor-widget elementor-widget-text-editor\" data-id=\"860ebe5\" data-element_type=\"widget\" data-widget_type=\"text-editor.default\">\n\t\t\t\t<div class=\"elementor-widget-container\">\n\t\t\t\t\t\t\t\t<div class=\"elementor-text-editor elementor-clearfix\">\n\t\t\t\t<p>terminons notre ascension de la constellation pour observer des objets se trouvant \u00ab\u00a0sur les hauteurs\u00a0\u00bb d&rsquo;Orion. Tout d&rsquo;abord, pointons l&rsquo;\u00e9toile Lambda qui forme la pointe de la constellation. C&rsquo;est \u00e0 nouveau une \u00e9toile multiple, puisque \u00e0 90x, je l&rsquo;ai vu triple dans l&rsquo;oculaire. La principale composante est plut\u00f4t blanche, et elle se trouve accompagn\u00e9e de deux composantes plus petites qui m&rsquo;ont sembl\u00e9 bleues.<\/p><p>Ensuite, redescendons un peu vers l&rsquo;est pour observer quelques instants B\u00e9telgeuse, qui montre une couleur rouge et une activit\u00e9 assez intense.<\/p><p>Pour finir, il va nous falloir rep\u00e9rer l&rsquo;\u00e9toile Xi d&rsquo;Orion, car elle va nous servir de point de rep\u00e8re pour notre dernier objet. On peut la trouver \u00e0 l&rsquo;oeil nu, elle est faiblement visible. On peut aussi, comme je l&rsquo;ai fait, la rep\u00e9rer au chercheur. Pour cela, on peut partir de B\u00e9telgeuse, remonter en passant par l&rsquo;\u00e9toile Mu qui est visible aussi au chercheur et, en montant un peu plus (environ deux fois plus) sans \u00eatre align\u00e9 avec B\u00e9telgeuse et Mu, on la trouve. A l&rsquo;oculaire \u00e0 28x, on voit une petite \u00e9toile blanche brillante. Dans l&rsquo;oculaire, regardons au-dessus de Xi: on va trouver une petite \u00ab\u00a0vague\u00a0\u00bb form\u00e9e par 4 ou 5 petites \u00e9toiles brillantes (cette forme-l\u00e0 : ~ ). Juste \u00e0 gauche au bout de la vague il y a un petit amas ouvert, \u00e0 la dr\u00f4le de forme, compos\u00e9 de petites \u00e9toiles bien visibles. Il s&rsquo;agit de NGC 2169. On peut l&rsquo;observer \u00e0 45x et \u00e0 90x, o\u00f9 il remplit l&rsquo;oculaire. On y compte huit ou neuf \u00e9toiles. Il a la forme d&rsquo;un parall\u00e9logramme, sauf que autour du sommet en bas \u00e0 droite du parall\u00e9logramme se trouve d&rsquo;autres \u00e9toiles regroup\u00e9es en triangle. C&rsquo;est un amas assez original pour finir cette observation !<\/p>\t\t\t\t\t<\/div>\n\t\t\t\t\t\t<\/div>\n\t\t\t\t<\/div>\n\t\t\t\t\t\t<\/div>\n\t\t\t\t\t<\/div>\n\t\t<\/div>\n\t\t\t\t\t\t\t\t<\/div>\n\t\t\t\t\t<\/div>\n\t\t<\/section>\n\t\t\t\t\t\t\t\t\t<\/div>\n\t\t\t<\/div>\n\t\t\t\t\t<\/div>\n\t\t","protected":false},"excerpt":{"rendered":"<p>Observer la constellation d&rsquo;Orion Afficher la carte Objets observ\u00e9s : 2 \u00e9toiles : Rigel et B\u00e9telgeuse. 5 \u00e9toiles doubles : Delta, Iota, Sigma, Lambda et Th\u00e9ta d&rsquo;Orion (le trap\u00e8ze, \u00e9toile quadruple). 2 amas ouverts: NGC 1981 et NGC 2169. 5 n\u00e9buleuses diffuses : M42 (grande n\u00e9buleuse d&rsquo;Orion), M43, M78, NGC 2023 et peut-\u00eatre NGC 1977. &hellip;<\/p>\n<p class=\"read-more\"> <a class=\"\" href=\"https:\/\/www.arnaudom.fr\/wordpress\/orion\/\"> <span class=\"screen-reader-text\">orion<\/span> Lire la suite\u00a0\u00bb<\/a><\/p>\n","protected":false},"author":1,"featured_media":0,"parent":0,"menu_order":0,"comment_status":"closed","ping_status":"closed","template":"","meta":{"site-sidebar-layout":"default","site-content-layout":"default","ast-site-content-layout":"","site-content-style":"default","site-sidebar-style":"default","ast-global-header-display":"","ast-banner-title-visibility":"","ast-main-header-display":"","ast-hfb-above-header-display":"","ast-hfb-below-header-display":"","ast-hfb-mobile-header-display":"","site-post-title":"disabled","ast-breadcrumbs-content":"","ast-featured-img":"","footer-sml-layout":"","theme-transparent-header-meta":"default","adv-header-id-meta":"","stick-header-meta":"","header-above-stick-meta":"","header-main-stick-meta":"","header-below-stick-meta":"","astra-migrate-meta-layouts":"","ast-page-background-enabled":"default","ast-page-background-meta":{"desktop":{"background-color":"","background-image":"","background-repeat":"repeat","background-position":"center center","background-size":"auto","background-attachment":"scroll","background-type":"","background-media":"","overlay-type":"","overlay-color":"","overlay-gradient":""},"tablet":{"background-color":"","background-image":"","background-repeat":"repeat","background-position":"center center","background-size":"auto","background-attachment":"scroll","background-type":"","background-media":"","overlay-type":"","overlay-color":"","overlay-gradient":""},"mobile":{"background-color":"","background-image":"","background-repeat":"repeat","background-position":"center center","background-size":"auto","background-attachment":"scroll","background-type":"","background-media":"","overlay-type":"","overlay-color":"","overlay-gradient":""}},"ast-content-background-meta":{"desktop":{"background-color":"var(--ast-global-color-5)","background-image":"","background-repeat":"repeat","background-position":"center center","background-size":"auto","background-attachment":"scroll","background-type":"","background-media":"","overlay-type":"","overlay-color":"","overlay-gradient":""},"tablet":{"background-color":"var(--ast-global-color-5)","background-image":"","background-repeat":"repeat","background-position":"center center","background-size":"auto","background-attachment":"scroll","background-type":"","background-media":"","overlay-type":"","overlay-color":"","overlay-gradient":""},"mobile":{"background-color":"var(--ast-global-color-5)","background-image":"","background-repeat":"repeat","background-position":"center center","background-size":"auto","background-attachment":"scroll","background-type":"","background-media":"","overlay-type":"","overlay-color":"","overlay-gradient":""}},"footnotes":""},"class_list":["post-3562","page","type-page","status-publish","hentry"],"_links":{"self":[{"href":"https:\/\/www.arnaudom.fr\/wordpress\/wp-json\/wp\/v2\/pages\/3562","targetHints":{"allow":["GET"]}}],"collection":[{"href":"https:\/\/www.arnaudom.fr\/wordpress\/wp-json\/wp\/v2\/pages"}],"about":[{"href":"https:\/\/www.arnaudom.fr\/wordpress\/wp-json\/wp\/v2\/types\/page"}],"author":[{"embeddable":true,"href":"https:\/\/www.arnaudom.fr\/wordpress\/wp-json\/wp\/v2\/users\/1"}],"replies":[{"embeddable":true,"href":"https:\/\/www.arnaudom.fr\/wordpress\/wp-json\/wp\/v2\/comments?post=3562"}],"version-history":[{"count":9,"href":"https:\/\/www.arnaudom.fr\/wordpress\/wp-json\/wp\/v2\/pages\/3562\/revisions"}],"predecessor-version":[{"id":5520,"href":"https:\/\/www.arnaudom.fr\/wordpress\/wp-json\/wp\/v2\/pages\/3562\/revisions\/5520"}],"wp:attachment":[{"href":"https:\/\/www.arnaudom.fr\/wordpress\/wp-json\/wp\/v2\/media?parent=3562"}],"curies":[{"name":"wp","href":"https:\/\/api.w.org\/{rel}","templated":true}]}}