{"id":3512,"date":"2019-08-23T07:04:19","date_gmt":"2019-08-23T05:04:19","guid":{"rendered":"http:\/\/www.arnaudom.fr\/wordpress\/?page_id=3512"},"modified":"2025-01-01T17:10:38","modified_gmt":"2025-01-01T16:10:38","slug":"cocher","status":"publish","type":"page","link":"https:\/\/www.arnaudom.fr\/wordpress\/cocher\/","title":{"rendered":"cocher"},"content":{"rendered":"\t\t<div data-elementor-type=\"wp-post\" data-elementor-id=\"3512\" class=\"elementor elementor-3512\">\n\t\t\t\t\t\t<div class=\"elementor-inner\">\n\t\t\t\t<div class=\"elementor-section-wrap\">\n\t\t\t\t\t\t\t\t\t<section class=\"elementor-section elementor-top-section elementor-element elementor-element-5374759c elementor-section-full_width elementor-section-height-default elementor-section-height-default\" data-id=\"5374759c\" data-element_type=\"section\" data-settings=\"{&quot;background_background&quot;:&quot;classic&quot;}\">\n\t\t\t\t\t\t<div class=\"elementor-container elementor-column-gap-default\">\n\t\t\t\t\t\t\t<div class=\"elementor-row\">\n\t\t\t\t\t<div class=\"elementor-column elementor-col-100 elementor-top-column elementor-element elementor-element-41a9618\" data-id=\"41a9618\" data-element_type=\"column\" data-settings=\"{&quot;background_background&quot;:&quot;classic&quot;}\">\n\t\t\t<div class=\"elementor-column-wrap elementor-element-populated\">\n\t\t\t\t\t\t\t<div class=\"elementor-widget-wrap\">\n\t\t\t\t\t\t<div class=\"elementor-element elementor-element-66e89817 elementor-widget elementor-widget-heading\" data-id=\"66e89817\" data-element_type=\"widget\" data-widget_type=\"heading.default\">\n\t\t\t\t<div class=\"elementor-widget-container\">\n\t\t\t<h1 class=\"elementor-heading-title elementor-size-default\">Observer la constellation du Cocher<\/h1>\t\t<\/div>\n\t\t\t\t<\/div>\n\t\t\t\t<div class=\"elementor-element elementor-element-2288d426 elementor-widget elementor-widget-spacer\" data-id=\"2288d426\" data-element_type=\"widget\" data-widget_type=\"spacer.default\">\n\t\t\t\t<div class=\"elementor-widget-container\">\n\t\t\t\t\t<div class=\"elementor-spacer\">\n\t\t\t<div class=\"elementor-spacer-inner\"><\/div>\n\t\t<\/div>\n\t\t\t\t<\/div>\n\t\t\t\t<\/div>\n\t\t\t\t<section class=\"elementor-section elementor-inner-section elementor-element elementor-element-5568c623 elementor-section-content-middle elementor-section-boxed elementor-section-height-default elementor-section-height-default\" data-id=\"5568c623\" data-element_type=\"section\">\n\t\t\t\t\t\t<div class=\"elementor-container elementor-column-gap-default\">\n\t\t\t\t\t\t\t<div class=\"elementor-row\">\n\t\t\t\t\t<div class=\"elementor-column elementor-col-50 elementor-inner-column elementor-element elementor-element-1572bbf3\" data-id=\"1572bbf3\" data-element_type=\"column\" data-settings=\"{&quot;background_background&quot;:&quot;classic&quot;}\">\n\t\t\t<div class=\"elementor-column-wrap elementor-element-populated\">\n\t\t\t\t\t\t\t<div class=\"elementor-widget-wrap\">\n\t\t\t\t\t\t<div class=\"elementor-element elementor-element-41e5c743 elementor-widget elementor-widget-text-editor\" data-id=\"41e5c743\" data-element_type=\"widget\" data-widget_type=\"text-editor.default\">\n\t\t\t\t<div class=\"elementor-widget-container\">\n\t\t\t\t\t\t\t\t<div class=\"elementor-text-editor elementor-clearfix\">\n\t\t\t\t<a href=\"http:\/\/www.arnaudom.fr\/wordpress\/cartecocher\"><strong>Afficher la carte<\/strong><\/a>\t\t\t\t\t<\/div>\n\t\t\t\t\t\t<\/div>\n\t\t\t\t<\/div>\n\t\t\t\t\t\t<\/div>\n\t\t\t\t\t<\/div>\n\t\t<\/div>\n\t\t\t\t<div class=\"elementor-column elementor-col-50 elementor-inner-column elementor-element elementor-element-3389381c\" data-id=\"3389381c\" data-element_type=\"column\" data-settings=\"{&quot;background_background&quot;:&quot;classic&quot;}\">\n\t\t\t<div class=\"elementor-column-wrap elementor-element-populated\">\n\t\t\t\t\t\t\t<div class=\"elementor-widget-wrap\">\n\t\t\t\t\t\t<div class=\"elementor-element elementor-element-3bdc84f elementor-widget elementor-widget-image\" data-id=\"3bdc84f\" data-element_type=\"widget\" data-widget_type=\"image.default\">\n\t\t\t\t<div class=\"elementor-widget-container\">\n\t\t\t\t\t\t\t\t<div class=\"elementor-image\">\n\t\t\t\t\t\t\t\t\t\t\t\t\t<a href=\"http:\/\/www.arnaudom.fr\/wordpress\/cartecocher\">\n\t\t\t\t\t\t\t<img loading=\"lazy\" decoding=\"async\" width=\"150\" height=\"194\" src=\"https:\/\/www.arnaudom.fr\/wordpress\/wp-content\/uploads\/2019\/08\/tcartecocher.jpg\" class=\"attachment-large size-large wp-image-3529\" alt=\"\" \/>\t\t\t\t\t\t\t\t<\/a>\n\t\t\t\t\t\t\t\t\t\t\t\t\t\t<\/div>\n\t\t\t\t\t\t<\/div>\n\t\t\t\t<\/div>\n\t\t\t\t\t\t<\/div>\n\t\t\t\t\t<\/div>\n\t\t<\/div>\n\t\t\t\t\t\t\t\t<\/div>\n\t\t\t\t\t<\/div>\n\t\t<\/section>\n\t\t\t\t<div class=\"elementor-element elementor-element-5620eb5b elementor-widget elementor-widget-heading\" data-id=\"5620eb5b\" data-element_type=\"widget\" data-widget_type=\"heading.default\">\n\t\t\t\t<div class=\"elementor-widget-container\">\n\t\t\t<h3 class=\"elementor-heading-title elementor-size-default\">Objets observ\u00e9s :<\/h3>\t\t<\/div>\n\t\t\t\t<\/div>\n\t\t\t\t<div class=\"elementor-element elementor-element-75d6102f elementor-widget elementor-widget-text-editor\" data-id=\"75d6102f\" data-element_type=\"widget\" data-widget_type=\"text-editor.default\">\n\t\t\t\t<div class=\"elementor-widget-container\">\n\t\t\t\t\t\t\t\t<div class=\"elementor-text-editor elementor-clearfix\">\n\t\t\t\t<p>1 \u00e9toile : Capella.<\/p><p>7 amas ouverts : M38, M36, M37, NGC 1907, NGC 1893, NGC 1664 et NGC 2281.<\/p>\t\t\t\t\t<\/div>\n\t\t\t\t\t\t<\/div>\n\t\t\t\t<\/div>\n\t\t\t\t<div class=\"elementor-element elementor-element-342a4a97 elementor-widget elementor-widget-heading\" data-id=\"342a4a97\" data-element_type=\"widget\" data-widget_type=\"heading.default\">\n\t\t\t\t<div class=\"elementor-widget-container\">\n\t\t\t<h3 class=\"elementor-heading-title elementor-size-default\">Introduction :<\/h3>\t\t<\/div>\n\t\t\t\t<\/div>\n\t\t\t\t<div class=\"elementor-element elementor-element-4e84e47b elementor-widget elementor-widget-text-editor\" data-id=\"4e84e47b\" data-element_type=\"widget\" data-widget_type=\"text-editor.default\">\n\t\t\t\t<div class=\"elementor-widget-container\">\n\t\t\t\t\t\t\t\t<div class=\"elementor-text-editor elementor-clearfix\">\n\t\t\t\t<p>s\u00e9ances d&rsquo;observation effectu\u00e9es en Janvier 2005. La constellation du Cocher est \u00e0 l&rsquo;est en d\u00e9but de nuit et au z\u00e9nith vers 23-24h. Elle est facile \u00e0 rep\u00e9rer \u00e0 l&rsquo;aide de la brillante \u00e9toile Capella qui est l&rsquo;une des plus brillantes du ciel, et en-dessous de laquelle on distingue sans aucun probl\u00e8me le triangle form\u00e9 des \u00e9toiles Epsilon, Eta et Dz\u00e9ta. Sur la <a href=\"http:\/\/www.arnaudom.fr\/wordpress\/cartecocher\">carte<\/a>, l&rsquo;\u00e9toile Elnath (B\u00e9ta du Taureau) appartient en fait \u00e0 la constellation du Taureau, mais elle est utile au rep\u00e9rage des objets du Cocher. On observera dans cette constellation diff\u00e9rents amas ouverts de toute taille, en commen\u00e7ant par les beaux amas M36, M37 et M38 et en terminant par une s\u00e9rie d&rsquo;amas beaucoup plus petits&#8230; Un ciel bien noir est \u00e9videmment n\u00e9cessaire pour profiter de toute la beaut\u00e9 de cette observation&#8230;<\/p>\t\t\t\t\t<\/div>\n\t\t\t\t\t\t<\/div>\n\t\t\t\t<\/div>\n\t\t\t\t<div class=\"elementor-element elementor-element-3a396224 elementor-widget elementor-widget-text-editor\" data-id=\"3a396224\" data-element_type=\"widget\" data-widget_type=\"text-editor.default\">\n\t\t\t\t<div class=\"elementor-widget-container\">\n\t\t\t\t\t\t\t\t<div class=\"elementor-text-editor elementor-clearfix\">\n\t\t\t\t<h3><span class=\"gras col5\">Capella et le trio des amas :<\/span> (<a href=\"http:\/\/www.arnaudom.fr\/wordpress\/cartecocher\">carte<\/a>)<\/h3>\t\t\t\t\t<\/div>\n\t\t\t\t\t\t<\/div>\n\t\t\t\t<\/div>\n\t\t\t\t<div class=\"elementor-element elementor-element-10c525f0 elementor-widget elementor-widget-text-editor\" data-id=\"10c525f0\" data-element_type=\"widget\" data-widget_type=\"text-editor.default\">\n\t\t\t\t<div class=\"elementor-widget-container\">\n\t\t\t\t\t\t\t\t<div class=\"elementor-text-editor elementor-clearfix\">\n\t\t\t\t<p>pour s&rsquo;\u00e9chauffer, on peut commencer par observer la brillante \u00e9toile Capella, et avec un faible grossissement, on voit une magnifique \u00e9toile jaune brillante au milieu de quelques petites \u00e9toiles blanches, elle est tr\u00e8s belle.<\/p><p>Maintenant, lan\u00e7ons-nous \u00e0 la chasse du trio d&rsquo;amas que constituent M36, M37 et M38. Alors si jamais vous avez la chance de b\u00e9n\u00e9ficier d&rsquo;un bon ciel par une nuit noire, pas de probl\u00e8me : les amas peuvent \u00eatre visibles \u00e0 l&rsquo;oeil nu sous forme de t\u00e2ches gris\u00e2tres. Avec des jumelles, ils se voient bien comme des t\u00e2ches grises circulaires. Dans tous les cas, une fois rep\u00e9r\u00e9s, on peut les pointer sans trop de difficult\u00e9. L&rsquo;autre solution pour les trouver consiste \u00e0 rep\u00e9rer \u00e0 l&rsquo;oculaire avec un grossissement de 28x (au 32 mm) une s\u00e9rie de petites \u00e9toiles brillantes formant un arc d&rsquo;\u00e9toiles autour de l&rsquo;\u00e9toile 16 Cocher (voir <a href=\"http:\/\/www.arnaudom.fr\/wordpress\/cartecocher\">carte<\/a>), ces \u00e9toiles sont assez faciles \u00e0 trouver, et en suivant \u00ab\u00a0l&rsquo;arc\u00a0\u00bb , on trouve un autre arc form\u00e9 d&rsquo;\u00e9toiles plus petites qui m\u00e8nent jusqu&rsquo;\u00e0 M38. Quand on l&rsquo;a fait plusieurs fois, c&rsquo;est facile ! M38 s&rsquo;observe bien \u00e0 45x (au 20 mm), il a un peu la forme d&rsquo;une fleur de Lys (appr\u00e9ciation personnelle &#8230;). De densit\u00e9 moyenne, on peut y compter une vingtaine d&rsquo;\u00e9toiles. Tout pr\u00e8s de lui, on distingue dans l&rsquo;oculaire une t\u00e2che grise qui forme un couple avec M38, du c\u00f4t\u00e9 de l&rsquo;arc d&rsquo;\u00e9toiles. C&rsquo;est l&rsquo;amas NGC 1907. Il est tout petit, et en le grossissant 90x (au 10 mm) on le voit comme une t\u00e2che n\u00e9buleuse et granuleuse (mais sans y distinguer les \u00e9toiles qui le composent), toute proche d&rsquo;un doublet d&rsquo;\u00e9toiles.<\/p>\t\t\t\t\t<\/div>\n\t\t\t\t\t\t<\/div>\n\t\t\t\t<\/div>\n\t\t\t\t<div class=\"elementor-element elementor-element-963710f elementor-widget elementor-widget-image\" data-id=\"963710f\" data-element_type=\"widget\" data-widget_type=\"image.default\">\n\t\t\t\t<div class=\"elementor-widget-container\">\n\t\t\t\t\t\t\t\t<div class=\"elementor-image\">\n\t\t\t\t\t\t\t\t\t\t\t\t<img loading=\"lazy\" decoding=\"async\" width=\"492\" height=\"281\" src=\"https:\/\/www.arnaudom.fr\/wordpress\/wp-content\/uploads\/2019\/08\/Amas.gif\" class=\"attachment-large size-large wp-image-3527\" alt=\"\" \/>\t\t\t\t\t\t\t\t\t\t\t\t\t\t<\/div>\n\t\t\t\t\t\t<\/div>\n\t\t\t\t<\/div>\n\t\t\t\t<div class=\"elementor-element elementor-element-1a6168a elementor-widget elementor-widget-text-editor\" data-id=\"1a6168a\" data-element_type=\"widget\" data-widget_type=\"text-editor.default\">\n\t\t\t\t<div class=\"elementor-widget-container\">\n\t\t\t\t\t\t\t\t<div class=\"elementor-text-editor elementor-clearfix\">\n\t\t\t\t<p>Dirigeons-nous maintenant vers M36. Il est \u00e0 \u00e0 peine plus d&rsquo;un oculaire d&rsquo;\u00e9cart de M38 (\u00e0 28x), il suffit de se diriger dans la bonne direction (bien se situer \u00e0 l&rsquo;aide du rep\u00e9rage d\u00e9taill\u00e9 de la carte, et attention aux inversions dans l&rsquo;oculaire), normalement c&rsquo;est assez facile. M36 semble un peu plus grand et moins dense que M38, et ses \u00e9toiles sont plus brillantes. Il n&rsquo;a pas de forme tr\u00e8s d\u00e9finie. A 90x il remplit l&rsquo;oculaire, et on peut y compter 25 \u00e9toiles. C&rsquo;est le plus brillant du trio !<\/p>\n<p>Pour finir, on va trouver M37 en sachant que la distance entre M36 et M37 est un plus longue qu&rsquo;entre M38 et M36, et que les trois amas ne sont pas tout \u00e0 fait align\u00e9s. Il faut aller chercher en-dessous de la ligne dessin\u00e9e par l&rsquo;alignement M38-M36 (ou au-dessus selon l&rsquo;orientation de la constellation&#8230;). Quand on trouve M37, on voit tout de suite qu&rsquo;il est magnifique ! Le mieux est de l&rsquo;observer \u00e0 45x, et l\u00e0 on a un magnifique amas circulaire, tr\u00e8s dense, compos\u00e9 de dizaines (de centaines s\u00fbrement d&rsquo;ailleurs&#8230;) de toutes petites \u00e9toiles que l&rsquo;on distingue cependant nettement. C&rsquo;est le plus beau du trio !<\/p>\t\t\t\t\t<\/div>\n\t\t\t\t\t\t<\/div>\n\t\t\t\t<\/div>\n\t\t\t\t<div class=\"elementor-element elementor-element-3b5e615a elementor-widget elementor-widget-text-editor\" data-id=\"3b5e615a\" data-element_type=\"widget\" data-widget_type=\"text-editor.default\">\n\t\t\t\t<div class=\"elementor-widget-container\">\n\t\t\t\t\t\t\t\t<div class=\"elementor-text-editor elementor-clearfix\">\n\t\t\t\t<h3><span class=\"gras col5\">Autres amas :<\/span> (<a href=\"http:\/\/www.arnaudom.fr\/wordpress\/cartecocher\">carte<\/a>)<\/h3>\t\t\t\t\t<\/div>\n\t\t\t\t\t\t<\/div>\n\t\t\t\t<\/div>\n\t\t\t\t<div class=\"elementor-element elementor-element-69a1739c elementor-widget elementor-widget-text-editor\" data-id=\"69a1739c\" data-element_type=\"widget\" data-widget_type=\"text-editor.default\">\n\t\t\t\t<div class=\"elementor-widget-container\">\n\t\t\t\t\t\t\t\t<div class=\"elementor-text-editor elementor-clearfix\">\n\t\t\t\t<p>les trois derniers amas sont beaucoup plus petits que ceux du trio pr\u00e9c\u00e9dent. Tout d&rsquo;abord, on commence par NGC 1893, qui se trouve toujours dans la m\u00eame zone d&rsquo;observation. En fait, il se trouve non loin de l&rsquo;\u00e9toile 16 Cocher cit\u00e9e auparavant, dans le \u00ab\u00a0creux\u00a0\u00bb de l&rsquo;arc d&rsquo;\u00e9toiles cit\u00e9s plus haut. A 28x, il se per\u00e7oit facilement comme une esp\u00e8ce de petit croissant n\u00e9buleux. Apr\u00e8s il vaut mieux l&rsquo;observer \u00e0 45x. On voit un petit amas peu dense, comptant 8 ou 10 \u00e9toiles. Le \u00ab\u00a0croissant\u00a0\u00bb est tr\u00e8s n\u00e9buleux en vision d\u00e9cal\u00e9e.<\/p>\n<p>Autre petit amas \u00e0 observer, NGC 1664 se trouve \u00e0 l&rsquo;ouest de Epsilon Cocher, \u00e9toile bien visible \u00e0 l&rsquo;oeil nu. On centre donc cette \u00e9toile (de pr\u00e9f\u00e9rence \u00e0 28x) et on va chercher \u00ab\u00a0\u00e0 droite\u00a0\u00bb de Epsilon. Une autre mani\u00e8re plus pr\u00e9cise de le trouver (\u00e0 condition d&rsquo;avoir fait une mise en station \u00e0 peu pr\u00e8s correcte) consiste, apr\u00e8s avoir centr\u00e9 Epsilon \u00e0 28x, \u00e0 se d\u00e9placer uniquement en Ascension Droite (AD), puisqu&rsquo;il se trouve \u00e0 -11 minutes de Epsilon. On centre Epsilon, on serre les freins, puis on tourne le flexible des AD (il suffit de v\u00e9rifier qu&rsquo;on tourne dans le bon sens&#8230;), et il devrait appara\u00eetre dans le champ de l&rsquo;oculaire \u00e0 28x. M\u00eame avec une monture peu pr\u00e9cise comme l&rsquo;EQ2, \u00e7a marche bien ! Normalement, \u00e0 28x, on le voit comme une t\u00e2che pr\u00e8s d&rsquo;une \u00e9toile brillante. L&rsquo;amas est petit et mieux visible \u00e0 45x, et l&rsquo;observation est plus facile \u00e0 90x. On y voit 10-15 \u00e9toiles, dans un amas moyennement dense, qui est encore une fois assez petit.<\/p>\n<p>Enfin, on va terminer par un petit exercice de rep\u00e9rage pour trouver le dernier objet de l&rsquo;observation, NGC 2281. Alors en fait, il s&rsquo;agit de prolonger une fois le segment Capella-Menkalinan, dans le sens de Menkalinan, pour tomber sur un petit triangle \u00e9quilat\u00e9ral, visible faiblement \u00e0 l&rsquo;oeil nu (sinon, il faut faire la recherche au chercheur). NGC 2281 se trouve en-dessous du plus bas sommet du triangle, celui \u00ab\u00a0en bas \u00e0 gauche\u00a0\u00bb normalement. Lui aussi est petit mais son centre est assez brillant. En fait, on voit un petit centre form\u00e9 d&rsquo;une quinzaine de petites \u00e9toiles brillantes et bien d\u00e9tach\u00e9es, dont certaines dessinent une esp\u00e8ce de petit \u00ab\u00a0l\u00e9zard\u00a0\u00bb (je sais, j&rsquo;ai une imagination d\u00e9bordante &#8230;), et ce centre se trouve entour\u00e9 de 4 ou 5 \u00e9toiles beaucoup plus grosses. On peut grossir 90x pour observer juste le coeur de l&rsquo;amas (le \u00ab\u00a0l\u00e9zard\u00a0\u00bb&#8230;). Il est assez sympa \u00e0 observer, car il est assez brillant malgr\u00e9 sa petite taille.<\/p>\t\t\t\t\t<\/div>\n\t\t\t\t\t\t<\/div>\n\t\t\t\t<\/div>\n\t\t\t\t\t\t<\/div>\n\t\t\t\t\t<\/div>\n\t\t<\/div>\n\t\t\t\t\t\t\t\t<\/div>\n\t\t\t\t\t<\/div>\n\t\t<\/section>\n\t\t\t\t\t\t\t\t\t<\/div>\n\t\t\t<\/div>\n\t\t\t\t\t<\/div>\n\t\t","protected":false},"excerpt":{"rendered":"<p>Observer la constellation du Cocher Afficher la carte Objets observ\u00e9s : 1 \u00e9toile : Capella. 7 amas ouverts : M38, M36, M37, NGC 1907, NGC 1893, NGC 1664 et NGC 2281. Introduction : s\u00e9ances d&rsquo;observation effectu\u00e9es en Janvier 2005. La constellation du Cocher est \u00e0 l&rsquo;est en d\u00e9but de nuit et au z\u00e9nith vers 23-24h. &hellip;<\/p>\n<p class=\"read-more\"> <a class=\"\" href=\"https:\/\/www.arnaudom.fr\/wordpress\/cocher\/\"> <span class=\"screen-reader-text\">cocher<\/span> Lire la suite\u00a0\u00bb<\/a><\/p>\n","protected":false},"author":1,"featured_media":0,"parent":0,"menu_order":0,"comment_status":"closed","ping_status":"closed","template":"","meta":{"site-sidebar-layout":"default","site-content-layout":"default","ast-site-content-layout":"","site-content-style":"default","site-sidebar-style":"default","ast-global-header-display":"","ast-banner-title-visibility":"","ast-main-header-display":"","ast-hfb-above-header-display":"","ast-hfb-below-header-display":"","ast-hfb-mobile-header-display":"","site-post-title":"disabled","ast-breadcrumbs-content":"","ast-featured-img":"","footer-sml-layout":"","theme-transparent-header-meta":"default","adv-header-id-meta":"","stick-header-meta":"","header-above-stick-meta":"","header-main-stick-meta":"","header-below-stick-meta":"","astra-migrate-meta-layouts":"","ast-page-background-enabled":"default","ast-page-background-meta":{"desktop":{"background-color":"","background-image":"","background-repeat":"repeat","background-position":"center center","background-size":"auto","background-attachment":"scroll","background-type":"","background-media":"","overlay-type":"","overlay-color":"","overlay-gradient":""},"tablet":{"background-color":"","background-image":"","background-repeat":"repeat","background-position":"center center","background-size":"auto","background-attachment":"scroll","background-type":"","background-media":"","overlay-type":"","overlay-color":"","overlay-gradient":""},"mobile":{"background-color":"","background-image":"","background-repeat":"repeat","background-position":"center center","background-size":"auto","background-attachment":"scroll","background-type":"","background-media":"","overlay-type":"","overlay-color":"","overlay-gradient":""}},"ast-content-background-meta":{"desktop":{"background-color":"var(--ast-global-color-5)","background-image":"","background-repeat":"repeat","background-position":"center center","background-size":"auto","background-attachment":"scroll","background-type":"","background-media":"","overlay-type":"","overlay-color":"","overlay-gradient":""},"tablet":{"background-color":"var(--ast-global-color-5)","background-image":"","background-repeat":"repeat","background-position":"center center","background-size":"auto","background-attachment":"scroll","background-type":"","background-media":"","overlay-type":"","overlay-color":"","overlay-gradient":""},"mobile":{"background-color":"var(--ast-global-color-5)","background-image":"","background-repeat":"repeat","background-position":"center center","background-size":"auto","background-attachment":"scroll","background-type":"","background-media":"","overlay-type":"","overlay-color":"","overlay-gradient":""}},"footnotes":""},"class_list":["post-3512","page","type-page","status-publish","hentry"],"_links":{"self":[{"href":"https:\/\/www.arnaudom.fr\/wordpress\/wp-json\/wp\/v2\/pages\/3512","targetHints":{"allow":["GET"]}}],"collection":[{"href":"https:\/\/www.arnaudom.fr\/wordpress\/wp-json\/wp\/v2\/pages"}],"about":[{"href":"https:\/\/www.arnaudom.fr\/wordpress\/wp-json\/wp\/v2\/types\/page"}],"author":[{"embeddable":true,"href":"https:\/\/www.arnaudom.fr\/wordpress\/wp-json\/wp\/v2\/users\/1"}],"replies":[{"embeddable":true,"href":"https:\/\/www.arnaudom.fr\/wordpress\/wp-json\/wp\/v2\/comments?post=3512"}],"version-history":[{"count":22,"href":"https:\/\/www.arnaudom.fr\/wordpress\/wp-json\/wp\/v2\/pages\/3512\/revisions"}],"predecessor-version":[{"id":14699,"href":"https:\/\/www.arnaudom.fr\/wordpress\/wp-json\/wp\/v2\/pages\/3512\/revisions\/14699"}],"wp:attachment":[{"href":"https:\/\/www.arnaudom.fr\/wordpress\/wp-json\/wp\/v2\/media?parent=3512"}],"curies":[{"name":"wp","href":"https:\/\/api.w.org\/{rel}","templated":true}]}}