{"id":3471,"date":"2019-08-21T21:56:37","date_gmt":"2019-08-21T19:56:37","guid":{"rendered":"http:\/\/www.arnaudom.fr\/wordpress\/?page_id=3471"},"modified":"2020-08-16T20:23:24","modified_gmt":"2020-08-16T18:23:24","slug":"persee","status":"publish","type":"page","link":"https:\/\/www.arnaudom.fr\/wordpress\/persee\/","title":{"rendered":"persee"},"content":{"rendered":"\t\t<div data-elementor-type=\"wp-post\" data-elementor-id=\"3471\" class=\"elementor elementor-3471\">\n\t\t\t\t\t\t<div class=\"elementor-inner\">\n\t\t\t\t<div class=\"elementor-section-wrap\">\n\t\t\t\t\t\t\t\t\t<section class=\"elementor-section elementor-top-section elementor-element elementor-element-a4480ff elementor-section-full_width elementor-section-height-default elementor-section-height-default\" data-id=\"a4480ff\" data-element_type=\"section\" data-settings=\"{&quot;background_background&quot;:&quot;classic&quot;}\">\n\t\t\t\t\t\t<div class=\"elementor-container elementor-column-gap-default\">\n\t\t\t\t\t\t\t<div class=\"elementor-row\">\n\t\t\t\t\t<div class=\"elementor-column elementor-col-100 elementor-top-column elementor-element elementor-element-4a5e689b\" data-id=\"4a5e689b\" data-element_type=\"column\" data-settings=\"{&quot;background_background&quot;:&quot;classic&quot;}\">\n\t\t\t<div class=\"elementor-column-wrap elementor-element-populated\">\n\t\t\t\t\t\t\t<div class=\"elementor-widget-wrap\">\n\t\t\t\t\t\t<div class=\"elementor-element elementor-element-656cab33 elementor-widget elementor-widget-heading\" data-id=\"656cab33\" data-element_type=\"widget\" data-widget_type=\"heading.default\">\n\t\t\t\t<div class=\"elementor-widget-container\">\n\t\t\t<h1 class=\"elementor-heading-title elementor-size-default\">Observer la constellation de Pers\u00e9e<\/h1>\t\t<\/div>\n\t\t\t\t<\/div>\n\t\t\t\t<div class=\"elementor-element elementor-element-5f1de80f elementor-widget elementor-widget-spacer\" data-id=\"5f1de80f\" data-element_type=\"widget\" data-widget_type=\"spacer.default\">\n\t\t\t\t<div class=\"elementor-widget-container\">\n\t\t\t\t\t<div class=\"elementor-spacer\">\n\t\t\t<div class=\"elementor-spacer-inner\"><\/div>\n\t\t<\/div>\n\t\t\t\t<\/div>\n\t\t\t\t<\/div>\n\t\t\t\t<section class=\"elementor-section elementor-inner-section elementor-element elementor-element-1c77acdf elementor-section-content-middle elementor-section-boxed elementor-section-height-default elementor-section-height-default\" data-id=\"1c77acdf\" data-element_type=\"section\">\n\t\t\t\t\t\t<div class=\"elementor-container elementor-column-gap-default\">\n\t\t\t\t\t\t\t<div class=\"elementor-row\">\n\t\t\t\t\t<div class=\"elementor-column elementor-col-50 elementor-inner-column elementor-element elementor-element-521f0706\" data-id=\"521f0706\" data-element_type=\"column\" data-settings=\"{&quot;background_background&quot;:&quot;classic&quot;}\">\n\t\t\t<div class=\"elementor-column-wrap elementor-element-populated\">\n\t\t\t\t\t\t\t<div class=\"elementor-widget-wrap\">\n\t\t\t\t\t\t<div class=\"elementor-element elementor-element-66eba84b elementor-widget elementor-widget-text-editor\" data-id=\"66eba84b\" data-element_type=\"widget\" data-widget_type=\"text-editor.default\">\n\t\t\t\t<div class=\"elementor-widget-container\">\n\t\t\t\t\t\t\t\t<div class=\"elementor-text-editor elementor-clearfix\">\n\t\t\t\t<a href=\"http:\/\/www.arnaudom.fr\/wordpress\/cartepersee\"><strong>Afficher la carte<\/strong><\/a>\t\t\t\t\t<\/div>\n\t\t\t\t\t\t<\/div>\n\t\t\t\t<\/div>\n\t\t\t\t\t\t<\/div>\n\t\t\t\t\t<\/div>\n\t\t<\/div>\n\t\t\t\t<div class=\"elementor-column elementor-col-50 elementor-inner-column elementor-element elementor-element-6a847076\" data-id=\"6a847076\" data-element_type=\"column\" data-settings=\"{&quot;background_background&quot;:&quot;classic&quot;}\">\n\t\t\t<div class=\"elementor-column-wrap elementor-element-populated\">\n\t\t\t\t\t\t\t<div class=\"elementor-widget-wrap\">\n\t\t\t\t\t\t<div class=\"elementor-element elementor-element-5260666c elementor-widget elementor-widget-image\" data-id=\"5260666c\" data-element_type=\"widget\" data-widget_type=\"image.default\">\n\t\t\t\t<div class=\"elementor-widget-container\">\n\t\t\t\t\t\t\t\t<div class=\"elementor-image\">\n\t\t\t\t\t\t\t\t\t\t\t\t\t<a href=\"http:\/\/www.arnaudom.fr\/wordpress\/cartepersee\">\n\t\t\t\t\t\t\t<img loading=\"lazy\" decoding=\"async\" width=\"150\" height=\"124\" src=\"https:\/\/www.arnaudom.fr\/wordpress\/wp-content\/uploads\/2019\/08\/tcartepersee.jpg\" class=\"attachment-large size-large wp-image-3487\" alt=\"\" \/>\t\t\t\t\t\t\t\t<\/a>\n\t\t\t\t\t\t\t\t\t\t\t\t\t\t<\/div>\n\t\t\t\t\t\t<\/div>\n\t\t\t\t<\/div>\n\t\t\t\t\t\t<\/div>\n\t\t\t\t\t<\/div>\n\t\t<\/div>\n\t\t\t\t\t\t\t\t<\/div>\n\t\t\t\t\t<\/div>\n\t\t<\/section>\n\t\t\t\t<div class=\"elementor-element elementor-element-5d33da65 elementor-widget elementor-widget-heading\" data-id=\"5d33da65\" data-element_type=\"widget\" data-widget_type=\"heading.default\">\n\t\t\t\t<div class=\"elementor-widget-container\">\n\t\t\t<h3 class=\"elementor-heading-title elementor-size-default\">Objets observ\u00e9s :<\/h3>\t\t<\/div>\n\t\t\t\t<\/div>\n\t\t\t\t<div class=\"elementor-element elementor-element-699f395 elementor-widget elementor-widget-text-editor\" data-id=\"699f395\" data-element_type=\"widget\" data-widget_type=\"text-editor.default\">\n\t\t\t\t<div class=\"elementor-widget-container\">\n\t\t\t\t\t\t\t\t<div class=\"elementor-text-editor elementor-clearfix\">\n\t\t\t\t<p>1 \u00e9toile variable : Algol.<\/p><p>1 \u00e9toile double : Sigma 369.<\/p><p>4 amas ouverts : Double Amas de Pers\u00e9e, Melotte 20, NGC 1528 et M34.<\/p><p>1 n\u00e9buleuse plan\u00e9taire : M76 (Little Dumbbell).<\/p>\t\t\t\t\t<\/div>\n\t\t\t\t\t\t<\/div>\n\t\t\t\t<\/div>\n\t\t\t\t<div class=\"elementor-element elementor-element-5d0c16a7 elementor-widget elementor-widget-heading\" data-id=\"5d0c16a7\" data-element_type=\"widget\" data-widget_type=\"heading.default\">\n\t\t\t\t<div class=\"elementor-widget-container\">\n\t\t\t<h3 class=\"elementor-heading-title elementor-size-default\">Introduction :<\/h3>\t\t<\/div>\n\t\t\t\t<\/div>\n\t\t\t\t<div class=\"elementor-element elementor-element-4945ec66 elementor-widget elementor-widget-text-editor\" data-id=\"4945ec66\" data-element_type=\"widget\" data-widget_type=\"text-editor.default\">\n\t\t\t\t<div class=\"elementor-widget-container\">\n\t\t\t\t\t\t\t\t<div class=\"elementor-text-editor elementor-clearfix\">\n\t\t\t\tobservation effectu\u00e9e en octobre 2005. Pers\u00e9e est une constellation dont la forme n&rsquo;est pas forc\u00e9ment tr\u00e8s indentifiable la premi\u00e8re fois qu&rsquo;on la cherche, mais qui se rep\u00e8re en fait assez facilement car elle se trouve en-dessous de la tr\u00e8s c\u00e9l\u00e8bre constellation de Cassiop\u00e9e (bien visible d\u00e9s le d\u00e9but de la nuit en automne), et car ses principales \u00e9toiles sont brillantes et faciles \u00e0 voir \u00e0 l&rsquo;oeil nu. On observera principalement des amas ouverts, mais \u00e9galement quelques \u00e9toiles et une petite n\u00e9buleuse plan\u00e9taire, M76. A noter que pour rep\u00e9rer certains objets, j&rsquo;utilise l&rsquo;\u00e9toile Gamma Androm\u00e8de qui appartient, comme son nom l&rsquo;indique, non pas \u00e0 la constellation de Pers\u00e9e mais \u00e0 celle &#8230; d&rsquo;Androm\u00e8de&#8230;, c&rsquo;est pourquoi je vous invite \u00e0 lire l&rsquo;observation d&rsquo;<a href=\"http:\/\/www.arnaudom.fr\/wordpress\/andromede\">Androm\u00e8de et P\u00e9gase<\/a> pour vous aider \u00e0 trouver cette \u00e9toile si vous ignorez sa position.\t\t\t\t\t<\/div>\n\t\t\t\t\t\t<\/div>\n\t\t\t\t<\/div>\n\t\t\t\t<div class=\"elementor-element elementor-element-52db3c49 elementor-widget elementor-widget-text-editor\" data-id=\"52db3c49\" data-element_type=\"widget\" data-widget_type=\"text-editor.default\">\n\t\t\t\t<div class=\"elementor-widget-container\">\n\t\t\t\t\t\t\t\t<div class=\"elementor-text-editor elementor-clearfix\">\n\t\t\t\t<h3><span class=\"gras col5\">Chasse aux amas ouverts dans Pers\u00e9e :<\/span> (<a href=\"http:\/\/www.arnaudom.fr\/wordpress\/cartelion\">carte<\/a>)<\/h3>\t\t\t\t\t<\/div>\n\t\t\t\t\t\t<\/div>\n\t\t\t\t<\/div>\n\t\t\t\t<div class=\"elementor-element elementor-element-45740e15 elementor-widget elementor-widget-text-editor\" data-id=\"45740e15\" data-element_type=\"widget\" data-widget_type=\"text-editor.default\">\n\t\t\t\t<div class=\"elementor-widget-container\">\n\t\t\t\t\t\t\t\t<div class=\"elementor-text-editor elementor-clearfix\">\n\t\t\t\t<p>Commen\u00e7ons par l&rsquo;un des plus beaux objets du ciel profond et aussi l&rsquo;un des plus faciles \u00e0 trouver (on pourrait aussi ajouter que c&rsquo;est un objet unique en son genre), \u00e0 savoir le Double Amas de Pers\u00e9e. Sous un ciel correct, il se per\u00e7oit \u00e0 l&rsquo;oeil nu sous la forme d&rsquo;une t\u00e2che grise diffuse bien visible en vision d\u00e9cal\u00e9e. On l&rsquo;aper\u00e7oit sans difficult\u00e9 aux jumelles et au chercheur. Il ne reste plus alors qu&rsquo;\u00e0 pointer le t\u00e9l\u00e9scope dessus avec un faible grossissement, comme 28x (avec le 32 mm) ou 45x (avec le 20 mm). Comme son nom l&rsquo;indique, cet objet est en fait constitu\u00e9 de deux amas tout proches l&rsquo;un de l&rsquo;autre, de taille \u00e9quivalente, chacun d&rsquo;eux \u00e9tant compos\u00e9 de 30 \u00e0 40 \u00e9toiles visibles et brillantes \u00e0 l&rsquo;oculaire. C&rsquo;est un spectacle vraiment magnifique ! L&rsquo;un des deux amas, NGC 869, est plus concentr\u00e9 que l&rsquo;autre, NGC 884. Avec un grossissement de 90x (avec le 10 mm), il n&rsquo;est plus possible d&rsquo;observer les deux amas ensemble mais on peut alors les observer s\u00e9par\u00e9ment. N\u00e9anmoins c&rsquo;est vraiment l&rsquo;observation des deux objets dans le m\u00eame champ qui offre le plus beau spectacle !<\/p><p>Poursuivons avec un autre grand amas ouvert, mais \u00e0 la forme compl\u00e9tement diff\u00e9rente, Melotte 20. Pour le trouver, il suffit de pointer la brillante \u00e9toile Alpha de Pers\u00e9e, puis d&rsquo;aller chercher en-dessous (donc au-dessus dans l&rsquo;oculaire). Il faut utiliser de pr\u00e9f\u00e9rence le plus faible grossissement possible, en l&rsquo;occurence 28x pour moi, car l&rsquo;amas est si \u00e9tendu que m\u00eame \u00e0 ce grossissement, il ne rentre pas dans le champ. Les amas du type \u00ab\u00a0Melotte\u00a0\u00bb sont de grands amas peu denses, compos\u00e9s d&rsquo;\u00e9toiles parfois tr\u00e8s dispers\u00e9es, il ne faut donc pas s&rsquo;attendre \u00e0 un regroupement d&rsquo;\u00e9toiles plus ou moins circulaires. Melotte 20 ne fait pas exception \u00e0 la r\u00e8gle, et en se balladant dans la zone on observe 40 \u00e0 50 \u00e9toiles tr\u00e8s \u00e9parpill\u00e9es, certaines formant des alignements. L&rsquo;amas est domin\u00e9 par 10 \u00e0 15 \u00e9toiles plus brillantes que les autres. Il est vraiment tr\u00e8s \u00e9parse. D&rsquo;ailleurs, on peut tout aussi bien se contenter de l&rsquo;observer aux jumelles, et c&rsquo;est d&rsquo;ailleurs le seul moyen de le voir en entier d&rsquo;un seul coup d&rsquo;oeil.<\/p><p>Avant de poursuivre, t\u00e2chons de rep\u00e9rer deux \u00e9toiles bien visibles \u00e0 l&rsquo;oeil nu, Algol et Gamma Androm\u00e8de. Gamma est une tr\u00e8s belle \u00e9toile double dont vous trouverez la description dans l&rsquo;observation d&rsquo;<a href=\"http:\/\/www.arnaudom.fr\/wordpress\/andromede\">Androm\u00e8de et P\u00e9gase<\/a>. Algol est quand \u00e0 elle une c\u00e9l\u00e8bre \u00e9toile que vous pouvez observer au t\u00e9lescope par curiosit\u00e9, vous verrez alors une \u00e9toile blanche bleut\u00e9e brillante, sans particularit\u00e9 apparente. Pourtant Algol est tr\u00e8s connue car c&rsquo;est une \u00e9toile variable, dont la luminosit\u00e9 varie sur une p\u00e9riode de 2 \u00e0 3 jours. Sa luminosit\u00e9 passe par des minimas d&rsquo;une dur\u00e9e de deux heures, et il possible d&rsquo;observer la remont\u00e9e de son \u00e9clat \u00e0 l&rsquo;oeil nu.<\/p><p>M\u00eame si on ne prend pas le temps d&rsquo;observer un minima d&rsquo;Algol (il faut se renseigner sur l&rsquo;heure exacte du ph\u00e9nom\u00e8ne pour esp\u00e9rer le voir !), on va utiliser cette \u00e9toile pour trouver notre prochain amas ouvert, M34. En fait, celui-ci se situe \u00e0 peu pr\u00e8s \u00e0 mi-chemin de la ligne Algol-Gamma Androm\u00e8de, l\u00e9g\u00e8rement plus pr\u00e8s d&rsquo;Algol et un peu \u00ab\u00a0\u00e0 gauche\u00a0\u00bb de cette ligne. M34 \u00e9tant un amas ouvert assez brillant et \u00e9tendu, cela suffit normalement pour le rep\u00e9rer. Il est \u00e9galement visible aux jumelles, et en partant d&rsquo;Algol et en remontant vers Gamma avec cet instrument, on le trouve aussi facilement, c&rsquo;est une bonne m\u00e9thode pour le rep\u00e9rer. On peut alors l&rsquo;observer au t\u00e9lescope avec un grossissement de 45x, il est facile \u00e0 voir, peu dense, avec 20 \u00e0 30 \u00e9toiles bien brillantes et bien d\u00e9tach\u00e9es.<\/p><p>Nous allons terminer notre chasse aux amas de Pers\u00e9e avec NGC 1528, qui se trouve pr\u00e8s de l&rsquo;\u00e9toile Lambda Pers\u00e9e. Le rep\u00e9rage est cette fois un peu plus d\u00e9licat, car Lambda est une \u00e9toile beaucoup plus faible que celles que l&rsquo;on a utilis\u00e9es jusqu&rsquo;ici, et que l&rsquo;amas n&rsquo;est cette fois pas visible aux jumelles. On peut partir de Delta Pers\u00e9e, qui elle est bien visible \u00e0 l&rsquo;oeil nu, puis aller chercher \u00ab\u00a0en bas \u00e0 gauche\u00a0\u00bb pour tenter de trouver le triangle form\u00e9 en particulier par les \u00e9toiles Lambda et Mu Pers\u00e9e. Ce triangle est par contre bien visible avec des jumelles. Une fois trouv\u00e9 Lambda, on la pointe avec le plus faible grossissement possible, comme 28x, et on va chercher \u00e0 sa gauche pour trouver NGC 1528. Une autre m\u00e9thode, plus pr\u00e9cise, consiste \u00e0 utiliser les coordonn\u00e9es. On pointe Lambda Pers\u00e9e \u00e0 28x, on la d\u00e9cale vers le haut dans l&rsquo;oculaire puis on va se d\u00e9placer uniquement de + 9 minutes en AD (Ascension Droite). Avec cette m\u00e9thode je l&rsquo;ai trouv\u00e9 du premier coup ! Bref, NGC 1528 est un beau petit amas qui, \u00e0 45x, montre 20 \u00e0 30 \u00e9toiles serr\u00e9es mais bien d\u00e9tach\u00e9es les unes des autres, le tout sur un fond un peu n\u00e9buleux. 7 ou 8 \u00e9toiles plus brillantes que les autres se d\u00e9tachent du bord de l&rsquo;amas, en formant une sorte de U. On peut encore le grossir 90x pour essayer de distinguer quelques \u00e9toiles de plus. Je l&rsquo;ai trouv\u00e9 assez int\u00e9ressant \u00e0 observer !<\/p>\t\t\t\t\t<\/div>\n\t\t\t\t\t\t<\/div>\n\t\t\t\t<\/div>\n\t\t\t\t<div class=\"elementor-element elementor-element-31ddc755 elementor-widget elementor-widget-text-editor\" data-id=\"31ddc755\" data-element_type=\"widget\" data-widget_type=\"text-editor.default\">\n\t\t\t\t<div class=\"elementor-widget-container\">\n\t\t\t\t\t\t\t\t<div class=\"elementor-text-editor elementor-clearfix\">\n\t\t\t\t<h3><span class=\"gras col5\">Une \u00e9toile double et une n\u00e9buleuse plan\u00e9taire :<\/span> (<a href=\"http:\/\/www.arnaudom.fr\/wordpress\/cartelion\">carte<\/a>)<\/h3>\t\t\t\t\t<\/div>\n\t\t\t\t\t\t<\/div>\n\t\t\t\t<\/div>\n\t\t\t\t<div class=\"elementor-element elementor-element-59e083d4 elementor-widget elementor-widget-text-editor\" data-id=\"59e083d4\" data-element_type=\"widget\" data-widget_type=\"text-editor.default\">\n\t\t\t\t<div class=\"elementor-widget-container\">\n\t\t\t\t\t\t\t\t<div class=\"elementor-text-editor elementor-clearfix\">\n\t\t\t\t<p>Repartons maintenant du c\u00f4t\u00e9 d&rsquo;Algol, pour aller trouver deux objets tr\u00e8s diff\u00e9rents. Tout d&rsquo;abord, une \u00e9toile double : Sigma 369. Pour la trouver, il faut rep\u00e9rer Rho Pers\u00e9e, visible \u00e0 l&rsquo;oeil nu pr\u00e8s d&rsquo;Algol, et Om\u00e9ga Pers\u00e9e , en-dessous des deux autres. Ceci peut se faire \u00e0 28x de grossissement, en pointant Algol puis en rep\u00e9rant les deux autres \u00e9toiles (attention \u00e0 l&rsquo;inversion, dans l&rsquo;oculaire Rho est \u00e0 gauche d&rsquo;Algol et Om\u00e9ga au-dessus des deux autres). En prolongeant une fois la longueur Rho-Om\u00e9ga, on trouve une petite \u00e9toile blanche. C&rsquo;est une double assez serr\u00e9e, donc \u00e0 ce grossissement, elle ressemble \u00e0 une \u00e9toile simple. Il faut un fort grosssissement pour la d\u00e9doubler. De plus, l&rsquo;\u00e9clat de l&rsquo;\u00e9toile la plus faible est tr\u00e8s inf\u00e9rieure \u00e0 celui de l&rsquo;\u00e9toile principale, ce qui augmente encore un peu la difficult\u00e9. En grossissant 158x (avec le 5,7 mm), on per\u00e7oit alors une double serr\u00e9e, donc la composante principale est jaune et dont la composante secondaire, tr\u00e8s petite, m&rsquo;a sembl\u00e9e peut-\u00eatre bleue.<\/p><p>Pour finir, nous allons chercher une petite n\u00e9buleuse plan\u00e9taire, M76. Pour cela, il faut d&rsquo;abord trouver l&rsquo;\u00e9toile Phi Pers\u00e9e, qui est assez bien visible \u00e0 l&rsquo;oeil nu. Elle forme un duo d&rsquo;\u00e9toiles avec l&rsquo;\u00e9toile 51, ce duo est assez facile \u00e0 trouver \u00e0 l&rsquo;oeil nu, en s&rsquo;aidant de sa position par rapport \u00e0 Gamma Androm\u00e8de. Phi est donc l&rsquo;\u00e9toile \u00ab\u00a0\u00e0 gauche\u00a0\u00bb du duo, on peut alors la pointer au t\u00e9l\u00e9scope, \u00e0 28x de grossissement. En haut \u00e0 gauche de Phi (en bas \u00e0 droite dans l&rsquo;oculaire) se trouve une petite \u00e9toile bien visible dans l&rsquo;oculaire. A 28x, en mettant Phi en haut \u00e0 gauche, l&rsquo;\u00e9toile en question se trouve dans le m\u00eame champ en bas \u00e0 droite.<\/p>\t\t\t\t\t<\/div>\n\t\t\t\t\t\t<\/div>\n\t\t\t\t<\/div>\n\t\t\t\t<div class=\"elementor-element elementor-element-e6e4e6f elementor-widget elementor-widget-image\" data-id=\"e6e4e6f\" data-element_type=\"widget\" data-widget_type=\"image.default\">\n\t\t\t\t<div class=\"elementor-widget-container\">\n\t\t\t\t\t\t\t\t<div class=\"elementor-image\">\n\t\t\t\t\t\t\t\t\t\t\t\t<img loading=\"lazy\" decoding=\"async\" width=\"615\" height=\"305\" src=\"https:\/\/www.arnaudom.fr\/wordpress\/wp-content\/uploads\/2019\/08\/M76.gif\" class=\"attachment-large size-large wp-image-3476\" alt=\"\" \/>\t\t\t\t\t\t\t\t\t\t\t\t\t\t<\/div>\n\t\t\t\t\t\t<\/div>\n\t\t\t\t<\/div>\n\t\t\t\t<div class=\"elementor-element elementor-element-27fc473 elementor-widget elementor-widget-text-editor\" data-id=\"27fc473\" data-element_type=\"widget\" data-widget_type=\"text-editor.default\">\n\t\t\t\t<div class=\"elementor-widget-container\">\n\t\t\t\t\t\t\t\t<div class=\"elementor-text-editor elementor-clearfix\">\n\t\t\t\t<p>On centre alors cette \u00e9toile, et M76 est tout pr\u00e8s d&rsquo;elle. A faible grossissement, elle est vraiment toute petite, puisque sa taille est comparable \u00e0 celle de la n\u00e9buleuse de la Lyre, M57. A 45x, on per\u00e7oit une petite t\u00e2che grise, bien visible cependant sous un bon ciel. A 90x de grossissement, M76 est bien mieux visible et se per\u00e7oit comme un rectangle gris. Il ne faut pas h\u00e9siter \u00e0 l&rsquo;observer en vision d\u00e9cal\u00e9e, en laissant l&rsquo;oeil de longues secondes \u00e0 l&rsquo;oculaire. Dans ces conditions M76 est bien perceptible, le rectangle devenant irr\u00e9gulier. Cette n\u00e9buleuse est surnomm\u00e9e la \u00ab\u00a0Little Dumbbell\u00a0\u00bb, en r\u00e9f\u00e9rence \u00e0 M27, car sur les photos elle pr\u00e9sente la m\u00eame forme qu&rsquo;elle, en plus petit \u00e9videmment. Sous un bon ciel et avec un grossissement d&rsquo;au moins 90x, en observant attentivement et en vision d\u00e9cal\u00e9e, on peut arriver \u00e0 percevoir sa forme de \u00ab\u00a0petite cacahu\u00e8te\u00a0\u00bb.<\/p>\t\t\t\t\t<\/div>\n\t\t\t\t\t\t<\/div>\n\t\t\t\t<\/div>\n\t\t\t\t\t\t<\/div>\n\t\t\t\t\t<\/div>\n\t\t<\/div>\n\t\t\t\t\t\t\t\t<\/div>\n\t\t\t\t\t<\/div>\n\t\t<\/section>\n\t\t\t\t\t\t\t\t\t<\/div>\n\t\t\t<\/div>\n\t\t\t\t\t<\/div>\n\t\t","protected":false},"excerpt":{"rendered":"<p>Observer la constellation de Pers\u00e9e Afficher la carte Objets observ\u00e9s : 1 \u00e9toile variable : Algol. 1 \u00e9toile double : Sigma 369. 4 amas ouverts : Double Amas de Pers\u00e9e, Melotte 20, NGC 1528 et M34. 1 n\u00e9buleuse plan\u00e9taire : M76 (Little Dumbbell). Introduction : observation effectu\u00e9e en octobre 2005. Pers\u00e9e est une constellation dont &hellip;<\/p>\n<p class=\"read-more\"> <a class=\"\" href=\"https:\/\/www.arnaudom.fr\/wordpress\/persee\/\"> <span class=\"screen-reader-text\">persee<\/span> Lire la suite\u00a0\u00bb<\/a><\/p>\n","protected":false},"author":1,"featured_media":0,"parent":0,"menu_order":0,"comment_status":"closed","ping_status":"closed","template":"","meta":{"site-sidebar-layout":"default","site-content-layout":"default","ast-site-content-layout":"","site-content-style":"default","site-sidebar-style":"default","ast-global-header-display":"","ast-banner-title-visibility":"","ast-main-header-display":"","ast-hfb-above-header-display":"","ast-hfb-below-header-display":"","ast-hfb-mobile-header-display":"","site-post-title":"disabled","ast-breadcrumbs-content":"","ast-featured-img":"","footer-sml-layout":"","theme-transparent-header-meta":"default","adv-header-id-meta":"","stick-header-meta":"","header-above-stick-meta":"","header-main-stick-meta":"","header-below-stick-meta":"","astra-migrate-meta-layouts":"","ast-page-background-enabled":"default","ast-page-background-meta":{"desktop":{"background-color":"","background-image":"","background-repeat":"repeat","background-position":"center center","background-size":"auto","background-attachment":"scroll","background-type":"","background-media":"","overlay-type":"","overlay-color":"","overlay-gradient":""},"tablet":{"background-color":"","background-image":"","background-repeat":"repeat","background-position":"center center","background-size":"auto","background-attachment":"scroll","background-type":"","background-media":"","overlay-type":"","overlay-color":"","overlay-gradient":""},"mobile":{"background-color":"","background-image":"","background-repeat":"repeat","background-position":"center center","background-size":"auto","background-attachment":"scroll","background-type":"","background-media":"","overlay-type":"","overlay-color":"","overlay-gradient":""}},"ast-content-background-meta":{"desktop":{"background-color":"var(--ast-global-color-5)","background-image":"","background-repeat":"repeat","background-position":"center center","background-size":"auto","background-attachment":"scroll","background-type":"","background-media":"","overlay-type":"","overlay-color":"","overlay-gradient":""},"tablet":{"background-color":"var(--ast-global-color-5)","background-image":"","background-repeat":"repeat","background-position":"center center","background-size":"auto","background-attachment":"scroll","background-type":"","background-media":"","overlay-type":"","overlay-color":"","overlay-gradient":""},"mobile":{"background-color":"var(--ast-global-color-5)","background-image":"","background-repeat":"repeat","background-position":"center center","background-size":"auto","background-attachment":"scroll","background-type":"","background-media":"","overlay-type":"","overlay-color":"","overlay-gradient":""}},"footnotes":""},"class_list":["post-3471","page","type-page","status-publish","hentry"],"_links":{"self":[{"href":"https:\/\/www.arnaudom.fr\/wordpress\/wp-json\/wp\/v2\/pages\/3471","targetHints":{"allow":["GET"]}}],"collection":[{"href":"https:\/\/www.arnaudom.fr\/wordpress\/wp-json\/wp\/v2\/pages"}],"about":[{"href":"https:\/\/www.arnaudom.fr\/wordpress\/wp-json\/wp\/v2\/types\/page"}],"author":[{"embeddable":true,"href":"https:\/\/www.arnaudom.fr\/wordpress\/wp-json\/wp\/v2\/users\/1"}],"replies":[{"embeddable":true,"href":"https:\/\/www.arnaudom.fr\/wordpress\/wp-json\/wp\/v2\/comments?post=3471"}],"version-history":[{"count":12,"href":"https:\/\/www.arnaudom.fr\/wordpress\/wp-json\/wp\/v2\/pages\/3471\/revisions"}],"predecessor-version":[{"id":5410,"href":"https:\/\/www.arnaudom.fr\/wordpress\/wp-json\/wp\/v2\/pages\/3471\/revisions\/5410"}],"wp:attachment":[{"href":"https:\/\/www.arnaudom.fr\/wordpress\/wp-json\/wp\/v2\/media?parent=3471"}],"curies":[{"name":"wp","href":"https:\/\/api.w.org\/{rel}","templated":true}]}}