{"id":3454,"date":"2019-08-21T12:55:46","date_gmt":"2019-08-21T10:55:46","guid":{"rendered":"http:\/\/www.arnaudom.fr\/wordpress\/?page_id=3454"},"modified":"2020-08-16T20:22:07","modified_gmt":"2020-08-16T18:22:07","slug":"cassiopee","status":"publish","type":"page","link":"https:\/\/www.arnaudom.fr\/wordpress\/cassiopee\/","title":{"rendered":"cassiopee"},"content":{"rendered":"\t\t<div data-elementor-type=\"wp-post\" data-elementor-id=\"3454\" class=\"elementor elementor-3454\">\n\t\t\t\t\t\t<div class=\"elementor-inner\">\n\t\t\t\t<div class=\"elementor-section-wrap\">\n\t\t\t\t\t\t\t\t\t<section class=\"elementor-section elementor-top-section elementor-element elementor-element-44d5e466 elementor-section-full_width elementor-section-height-default elementor-section-height-default\" data-id=\"44d5e466\" data-element_type=\"section\" data-settings=\"{&quot;background_background&quot;:&quot;classic&quot;}\">\n\t\t\t\t\t\t<div class=\"elementor-container elementor-column-gap-default\">\n\t\t\t\t\t\t\t<div class=\"elementor-row\">\n\t\t\t\t\t<div class=\"elementor-column elementor-col-100 elementor-top-column elementor-element elementor-element-2bd3cbfb\" data-id=\"2bd3cbfb\" data-element_type=\"column\" data-settings=\"{&quot;background_background&quot;:&quot;classic&quot;}\">\n\t\t\t<div class=\"elementor-column-wrap elementor-element-populated\">\n\t\t\t\t\t\t\t<div class=\"elementor-widget-wrap\">\n\t\t\t\t\t\t<div class=\"elementor-element elementor-element-2eccf01c elementor-widget elementor-widget-heading\" data-id=\"2eccf01c\" data-element_type=\"widget\" data-widget_type=\"heading.default\">\n\t\t\t\t<div class=\"elementor-widget-container\">\n\t\t\t<h1 class=\"elementor-heading-title elementor-size-default\">Observer la constellation de Cassiop\u00e9e<\/h1>\t\t<\/div>\n\t\t\t\t<\/div>\n\t\t\t\t<div class=\"elementor-element elementor-element-45d3e9e8 elementor-widget elementor-widget-spacer\" data-id=\"45d3e9e8\" data-element_type=\"widget\" data-widget_type=\"spacer.default\">\n\t\t\t\t<div class=\"elementor-widget-container\">\n\t\t\t\t\t<div class=\"elementor-spacer\">\n\t\t\t<div class=\"elementor-spacer-inner\"><\/div>\n\t\t<\/div>\n\t\t\t\t<\/div>\n\t\t\t\t<\/div>\n\t\t\t\t<section class=\"elementor-section elementor-inner-section elementor-element elementor-element-15ef698a elementor-section-content-middle elementor-section-boxed elementor-section-height-default elementor-section-height-default\" data-id=\"15ef698a\" data-element_type=\"section\">\n\t\t\t\t\t\t<div class=\"elementor-container elementor-column-gap-default\">\n\t\t\t\t\t\t\t<div class=\"elementor-row\">\n\t\t\t\t\t<div class=\"elementor-column elementor-col-50 elementor-inner-column elementor-element elementor-element-4721e833\" data-id=\"4721e833\" data-element_type=\"column\" data-settings=\"{&quot;background_background&quot;:&quot;classic&quot;}\">\n\t\t\t<div class=\"elementor-column-wrap elementor-element-populated\">\n\t\t\t\t\t\t\t<div class=\"elementor-widget-wrap\">\n\t\t\t\t\t\t<div class=\"elementor-element elementor-element-726bc09c elementor-widget elementor-widget-text-editor\" data-id=\"726bc09c\" data-element_type=\"widget\" data-widget_type=\"text-editor.default\">\n\t\t\t\t<div class=\"elementor-widget-container\">\n\t\t\t\t\t\t\t\t<div class=\"elementor-text-editor elementor-clearfix\">\n\t\t\t\t<a href=\"http:\/\/www.arnaudom.fr\/wordpress\/cartecassiopee\"><strong>Afficher la carte<\/strong><\/a>\t\t\t\t\t<\/div>\n\t\t\t\t\t\t<\/div>\n\t\t\t\t<\/div>\n\t\t\t\t\t\t<\/div>\n\t\t\t\t\t<\/div>\n\t\t<\/div>\n\t\t\t\t<div class=\"elementor-column elementor-col-50 elementor-inner-column elementor-element elementor-element-38875368\" data-id=\"38875368\" data-element_type=\"column\" data-settings=\"{&quot;background_background&quot;:&quot;classic&quot;}\">\n\t\t\t<div class=\"elementor-column-wrap elementor-element-populated\">\n\t\t\t\t\t\t\t<div class=\"elementor-widget-wrap\">\n\t\t\t\t\t\t<div class=\"elementor-element elementor-element-19b36745 elementor-widget elementor-widget-image\" data-id=\"19b36745\" data-element_type=\"widget\" data-widget_type=\"image.default\">\n\t\t\t\t<div class=\"elementor-widget-container\">\n\t\t\t\t\t\t\t\t<div class=\"elementor-image\">\n\t\t\t\t\t\t\t\t\t\t\t\t\t<a href=\"http:\/\/www.arnaudom.fr\/wordpress\/cartecassiopee\">\n\t\t\t\t\t\t\t<img loading=\"lazy\" decoding=\"async\" width=\"150\" height=\"106\" src=\"https:\/\/www.arnaudom.fr\/wordpress\/wp-content\/uploads\/2019\/08\/tcartecassiopee.jpg\" class=\"attachment-large size-large wp-image-3467\" alt=\"\" \/>\t\t\t\t\t\t\t\t<\/a>\n\t\t\t\t\t\t\t\t\t\t\t\t\t\t<\/div>\n\t\t\t\t\t\t<\/div>\n\t\t\t\t<\/div>\n\t\t\t\t\t\t<\/div>\n\t\t\t\t\t<\/div>\n\t\t<\/div>\n\t\t\t\t\t\t\t\t<\/div>\n\t\t\t\t\t<\/div>\n\t\t<\/section>\n\t\t\t\t<div class=\"elementor-element elementor-element-7e094607 elementor-widget elementor-widget-heading\" data-id=\"7e094607\" data-element_type=\"widget\" data-widget_type=\"heading.default\">\n\t\t\t\t<div class=\"elementor-widget-container\">\n\t\t\t<h3 class=\"elementor-heading-title elementor-size-default\">Objets observ\u00e9s :<\/h3>\t\t<\/div>\n\t\t\t\t<\/div>\n\t\t\t\t<div class=\"elementor-element elementor-element-189cde6d elementor-widget elementor-widget-text-editor\" data-id=\"189cde6d\" data-element_type=\"widget\" data-widget_type=\"text-editor.default\">\n\t\t\t\t<div class=\"elementor-widget-container\">\n\t\t\t\t\t\t\t\t<div class=\"elementor-text-editor elementor-clearfix\">\n\t\t\t\t<p>1 \u00e9toile double : Eta Cassiop\u00e9e.<\/p><p>6 amas ouverts : M52, NGC 7789, NGC 225, NGC 457, M103 et NGC 663.<\/p>\t\t\t\t\t<\/div>\n\t\t\t\t\t\t<\/div>\n\t\t\t\t<\/div>\n\t\t\t\t<div class=\"elementor-element elementor-element-7b697ba4 elementor-widget elementor-widget-heading\" data-id=\"7b697ba4\" data-element_type=\"widget\" data-widget_type=\"heading.default\">\n\t\t\t\t<div class=\"elementor-widget-container\">\n\t\t\t<h3 class=\"elementor-heading-title elementor-size-default\">Introduction :<\/h3>\t\t<\/div>\n\t\t\t\t<\/div>\n\t\t\t\t<div class=\"elementor-element elementor-element-d299be7 elementor-widget elementor-widget-text-editor\" data-id=\"d299be7\" data-element_type=\"widget\" data-widget_type=\"text-editor.default\">\n\t\t\t\t<div class=\"elementor-widget-container\">\n\t\t\t\t\t\t\t\t<div class=\"elementor-text-editor elementor-clearfix\">\n\t\t\t\t<p>s\u00e9ances d&rsquo;observation effectu\u00e9es en Octobre et Novembre 2004. La constellation de Cassiop\u00e9e est tr\u00e8s c\u00e9l\u00e8bre pour sa forme en W extr\u00eamement facile \u00e0 reconnaitre. Elle est haute dans le ciel en Automne, tout comme la Voie Lact\u00e9e qu&rsquo;elle traverse. Ceci m&rsquo;a d&rsquo;ailleurs parfois pos\u00e9 des probl\u00e8mes. Le premier probl\u00e8me, c&rsquo;est que selon la position de la constellation, il \u00e9tait parfois impossible de pointer certains objets trop haut dans le ciel, le tube du t\u00e9l\u00e9scope butant contre le tr\u00e9pied. Il faut alors attendre que la constellation se d\u00e9place (puisque la Terre tourne &#8230; ) pour r\u00e9essayer un peu plus tard&#8230; Le second probl\u00e8me, c&rsquo;est que les objets observ\u00e9s dans Cassiop\u00e9e sont pratiquement exclusivement des amas ouverts , et comme la Voie Lact\u00e9e traverse Cassiop\u00e9e, on explore une zone remplie d&rsquo;une multitude d&rsquo;\u00e9toiles. Il est alors parfois difficile de rep\u00e9rer les amas cherch\u00e9s parmi tant d&rsquo;\u00e9toiles. Cela dit, il peut \u00eatre tr\u00e8s amusant de parcourir la Voie Lact\u00e9e au hasard au t\u00e9l\u00e9scope, tant il y a d&rsquo;\u00e9toiles concentr\u00e9es \u00e0 cet endroit-l\u00e0.<\/p>\t\t\t\t\t<\/div>\n\t\t\t\t\t\t<\/div>\n\t\t\t\t<\/div>\n\t\t\t\t<div class=\"elementor-element elementor-element-1d0fe5fe elementor-widget elementor-widget-text-editor\" data-id=\"1d0fe5fe\" data-element_type=\"widget\" data-widget_type=\"text-editor.default\">\n\t\t\t\t<div class=\"elementor-widget-container\">\n\t\t\t\t\t\t\t\t<div class=\"elementor-text-editor elementor-clearfix\">\n\t\t\t\t<h3><span class=\"gras col5\">A partir de Alpha Cassiop\u00e9e :<\/span> (<a href=\"http:\/\/www.arnaudom.fr\/wordpress\/cartelion\">carte<\/a>)<\/h3>\t\t\t\t\t<\/div>\n\t\t\t\t\t\t<\/div>\n\t\t\t\t<\/div>\n\t\t\t\t<div class=\"elementor-element elementor-element-27e28810 elementor-widget elementor-widget-text-editor\" data-id=\"27e28810\" data-element_type=\"widget\" data-widget_type=\"text-editor.default\">\n\t\t\t\t<div class=\"elementor-widget-container\">\n\t\t\t\t\t\t\t\t<div class=\"elementor-text-editor elementor-clearfix\">\n\t\t\t\t<p>bien, commen\u00e7ons par rep\u00e9rer Alpha Cassiop\u00e9e, qui va nous servir de point de d\u00e9part pour trouver nos premiers objets. Pr\u00e8s de cette \u00e9toile se trouve Eta Cassiop\u00e9e, une \u00e9toile visible \u00e0 l&rsquo;oeil nu qui fait partie du \u00ab\u00a0dessin\u00a0\u00bb de la constellation. Il s&rsquo;agit en fait d&rsquo;une belle \u00e9toile double qui, grossie 90x (au 10 mm) montre une composante principale jaune, et une composante secondaire que j&rsquo;ai vue orange p\u00e2le. En tout cas elle est assez belle \u00e0 voir ! Sous un bon ciel, elle est m\u00eame perceptible d\u00e9s 45x (au 20 mm) de grossissement.<\/p><p>Maintenant commence notre chasse aux amas ouverts de Cassiop\u00e9e !<\/p><p>C&rsquo;est parti avec M52. Pour le trouver, il faut utiliser les \u00e9toiles Alpha et B\u00e9ta Cassiop\u00e9e. En partant de B\u00e9ta et en reportant un peu plus d&rsquo;une fois la distance entre Alpha et B\u00e9ta (en th\u00e9orie une fois un quart), on va tomber sur lui. En pratique, surtout quand on le cherche pour la premi\u00e8re fois, c&rsquo;est un peu moins facile, car l&rsquo;amas n&rsquo;est pas forc\u00e9ment tr\u00e8s visible en vision directe, surtout quand le ciel n&rsquo;est pas tr\u00e8s noir. La recherche se fait \u00e0 28x (au 32 mm), et \u00e0 ce grossissement, l&rsquo;amas est assez petit dans l&rsquo;oculaire. Il se pr\u00e9sente plus au premier abord comme une nu\u00e9e grise. M52 a une forme un peu ovale, avec une \u00e9toile plus brillante que les autres sur l&rsquo;un de ses bords. A 45x il est encore assez petit dans l&rsquo;oculaire, mais on commence \u00e0 distinguer les fines \u00e9toiles qui le composent. En vision d\u00e9cal\u00e9e il est beau et bien visible. On peut distinguer une vingtaine d&rsquo;\u00e9toiles. A 90x, il remplit presque l&rsquo;oculaire, et \u00ab\u00a0en-dessous\u00a0\u00bb (attention aux inversions d&rsquo;image dans l&rsquo;oculaire) se trouvent quatre \u00e9toiles presque align\u00e9es. Il semble qu&rsquo;en bonus, il y ait une tout petit amas d&rsquo;\u00e9toiles pr\u00e9sent en-dessous des deux premi\u00e8res \u00e9toiles de l&rsquo;alignement, visible faiblement en vision d\u00e9cal\u00e9e !<\/p><p>On retourne sur B\u00e9ta Cassiop\u00e9e, et maintenant, on va se diriger vers l&rsquo;amas NGC 7789, \u00e0 l&rsquo;ouest de l&rsquo;\u00e9toile. Quand on pointe l&rsquo;\u00e9toile, on voit dans le chercheur trois \u00e9toiles plus faibles que B\u00e9ta, non loin d&rsquo;elle et presque align\u00e9es. NGC 7789 se trouve entre les deux \u00e9toiles les plus \u00e9loign\u00e9es de B\u00e9ta. Il ne reste plus qu&rsquo;\u00e0 pointer le centre du chercheur entre ces deux \u00e9toiles ! A 28x, on per\u00e7oit une grande nu\u00e9e circulaire, mieux visible en vision d\u00e9cal\u00e9e. A 45x, on a dans l&rsquo;oculaire un amas compos\u00e9 de dizaines ( de centaines ? ) de toutes petites \u00e9toiles fines et serr\u00e9es. Pour bien le voir, mieux vaut un ciel bien noir. C&rsquo;est en tout cas un bel amas tr\u00e8s dense !<\/p><p>Pour finir, il faut rep\u00e9rer les \u00e9toiles Kappa et Gamma Cassiop\u00e9e. Ces deux \u00e9toiles sont visibles \u00e0 l&rsquo;oeil nu, cela ne pose donc gu\u00e8re de probl\u00e8me. L&rsquo;amas que l&rsquo;on cherche, NGC 225, se trouve pile \u00e0 mi-chemin de ces deux \u00e9toiles. Il ne reste plus qu&rsquo;\u00e0 pointer le chercheur sur cet endroit pour le trouver. Celui-ci est tr\u00e8s facilement visible, et tr\u00e8s diff\u00e9rent des deux autres. Il est compos\u00e9 d&rsquo;une quinzaine d&rsquo;\u00e9toiles, beaucoup plus grosses et plus visibles que celles de M52 et NGC 7789, dispos\u00e9es en arc de cercle. 4 ou 5 \u00e9toiles remontent perpendiculairement \u00e0 l&rsquo;arc de cercle. Pour moi, il dessine comme une sorte de petit bateau avec un mat (\u00e0 vous de voir !). C&rsquo;est donc un amas tr\u00e8s facile \u00e0 observer, qui remplit l&rsquo;oculaire \u00e0 90x.<\/p>\t\t\t\t\t<\/div>\n\t\t\t\t\t\t<\/div>\n\t\t\t\t<\/div>\n\t\t\t\t<div class=\"elementor-element elementor-element-a1db0a6 elementor-widget elementor-widget-text-editor\" data-id=\"a1db0a6\" data-element_type=\"widget\" data-widget_type=\"text-editor.default\">\n\t\t\t\t<div class=\"elementor-widget-container\">\n\t\t\t\t\t\t\t\t<div class=\"elementor-text-editor elementor-clearfix\">\n\t\t\t\t<h3><span class=\"gras col5\">A partir de Delta Cassiop\u00e9e :<\/span>(<a href=\"http:\/\/www.arnaudom.fr\/wordpress\/cartelion\">carte<\/a>)<\/h3>\t\t\t\t\t<\/div>\n\t\t\t\t\t\t<\/div>\n\t\t\t\t<\/div>\n\t\t\t\t<div class=\"elementor-element elementor-element-31870817 elementor-widget elementor-widget-text-editor\" data-id=\"31870817\" data-element_type=\"widget\" data-widget_type=\"text-editor.default\">\n\t\t\t\t<div class=\"elementor-widget-container\">\n\t\t\t\t\t\t\t\t<div class=\"elementor-text-editor elementor-clearfix\">\n\t\t\t\t<p>pour la deuxi\u00e8me partie des observations, on va maintenant se servir de l&rsquo;\u00e9toile Delta comme point de d\u00e9part. On va chercher l&rsquo;un des amas les plus \u00e9tonnants qu&rsquo;il m&rsquo;ait \u00e9t\u00e9 donn\u00e9 de voir pour l&rsquo;instant, il s&rsquo;agit de NGC 457. Pour le trouver, on part de Delta, puis on prom\u00e8ne le chercheur non loin d&rsquo;elle, dans la zone indiqu\u00e9e sur la carte. Au chercheur, on aper\u00e7oit seulement une \u00e9toile dans ce coin-l\u00e0. En fait; cette \u00e9toile fait partie de l&rsquo;amas, on la centre puis on regarde alors dans le t\u00e9l\u00e9scope et normalement, on a dans l&rsquo;oculaire NGC 457 : un amas en forme de petit bonhomme qui l\u00e8ve les bras (\u00e9videmment dans l&rsquo;oculaire, il peut avoir la t\u00eate en bas !). C&rsquo;est un amas compos\u00e9 d&rsquo;une vingtaine d&rsquo;\u00e9toiles, dont les deux plus brillantes dessinent les \u00ab\u00a0yeux\u00a0\u00bb du bonhomme. Il est connu sous le nom de \u00a0\u00bb l&rsquo;amas du hibou \u00ab\u00a0, et d&rsquo;autre l&rsquo;appellent l&rsquo;amas de E.T., du fait de sa ressemblance avec le c\u00e9l\u00e8bre extraterreste de Spielberg. C&rsquo;est vrai qu&rsquo;il a de tr\u00e8s longs bras ! A 90x, il remplit l&rsquo;oculaire, et on voit que, non seulement il a un \u00ab\u00a0oeil\u00a0\u00bb plus gros que l&rsquo;autre, mais qu&rsquo;en plus, ses \u00ab\u00a0yeux\u00a0\u00bb sont de couleurs diff\u00e9rentes &#8230; Personnellement, je vois le gros \u00ab\u00a0oeil\u00a0\u00bb jaune, et le petit plut\u00f4t bleu. Vous pourrez trouver dans la rubrique \u00ab\u00a0Images\u00a0\u00bb et \u00ab\u00a0Ciel profond\u00a0\u00bb une tentative (pas trop r\u00e9ussie h\u00e9las &#8230;) de photo de cet amas.<\/p><p>Retournons ensuite \u00e0 Delta Cassiop\u00e9e pour trouver M103. En fait, il suffit de pointer Delta, puis de coller l&rsquo;oeil \u00e0 l&rsquo;oculaire pour fouiller la zone correspondante, car M103 est tout proche de l&rsquo;\u00e9toile. Il est tr\u00e8s facile \u00e0 voir, mais attention, \u00e0 28x de grossissement, l&rsquo;amas est tout petit. En fait, on voit de prime abord 4 petites \u00e9toiles brillantes coll\u00e9es l&rsquo;une \u00e0 l&rsquo;autre, qui dessinent une esp\u00e8ce de pointe de fl\u00e8che (un triangle quoi&#8230;). L&rsquo;amas est donc peu \u00e9tendu et triangulaire, mais tr\u00e8s visible gr\u00e2ce aux 4 \u00e9toiles en question. Il faut le grossir 45x puis 90x, et \u00e0 partir de l\u00e0 commencent \u00e0 appara\u00eetre d&rsquo;autres petites \u00e9toiles en plus des 4 brillantes. Ne pas h\u00e9siter donc \u00e0 grossir et ne pas s&rsquo;attendre \u00e0 un amas tr\u00e8s \u00e9tendu !<\/p><p>Pour trouver NGC 663, l&rsquo;amas suivant, on reste sur M103 puis, avec un faible grossissement et l&rsquo;oeil \u00e0 l&rsquo;oculaire, on se d\u00e9place du c\u00f4t\u00e9 oppos\u00e9 \u00e0 Delta et normalement, sans trop de difficult\u00e9, on va trouver un amas beaucoup plus grand que M103 et bien visible, qui se trouve entour\u00e9 de 3 ou 4 \u00e9toiles bien brillantes. Il semble aussi avoir une forme vaguement triangulaire, et on aper\u00e7oit une vingtaine d&rsquo;\u00e9toiles plus ou moins visibles. Il est assez beau, et en grossissant 90x, d&rsquo;autres \u00e9toiles apparaissent encore. A faible grossissement, le centre de l&rsquo;amas semble n\u00e9buleux. L\u00e0 aussi, comme pour M52, il y a un petit bonus. A 28x, pratiquement dans le m\u00eame champ, on aper\u00e7oit une petit amas ouvert non loin d&rsquo;ici. Et en cherchant bien \u00e0 l&rsquo;oppos\u00e9 de celui-ci par rapport \u00e0 NGC 663, il y a encore un autre petit amas \u00e0 trouver. Apr\u00e8s recherche, il s&rsquo;agit des amas NGC 654 et NGC 659.<\/p><p>Voil\u00e0, c&rsquo;est termin\u00e9 pour cette balade dans Cassiop\u00e9e, mais si cela n&rsquo;est pas suffisant, vous pouvez encore en profiter, puisqu&rsquo;il est tout proche, pour observer le superbe double amas de Pers\u00e9e ! Moi je m&rsquo;arr\u00eate l\u00e0, cette constellation fera l&rsquo;objet d&rsquo;une observation tr\u00e8s prochainement si le temps le permet !<\/p>\t\t\t\t\t<\/div>\n\t\t\t\t\t\t<\/div>\n\t\t\t\t<\/div>\n\t\t\t\t\t\t<\/div>\n\t\t\t\t\t<\/div>\n\t\t<\/div>\n\t\t\t\t\t\t\t\t<\/div>\n\t\t\t\t\t<\/div>\n\t\t<\/section>\n\t\t\t\t\t\t\t\t\t<\/div>\n\t\t\t<\/div>\n\t\t\t\t\t<\/div>\n\t\t","protected":false},"excerpt":{"rendered":"<p>Observer la constellation de Cassiop\u00e9e Afficher la carte Objets observ\u00e9s : 1 \u00e9toile double : Eta Cassiop\u00e9e. 6 amas ouverts : M52, NGC 7789, NGC 225, NGC 457, M103 et NGC 663. Introduction : s\u00e9ances d&rsquo;observation effectu\u00e9es en Octobre et Novembre 2004. La constellation de Cassiop\u00e9e est tr\u00e8s c\u00e9l\u00e8bre pour sa forme en W extr\u00eamement &hellip;<\/p>\n<p class=\"read-more\"> <a class=\"\" href=\"https:\/\/www.arnaudom.fr\/wordpress\/cassiopee\/\"> <span class=\"screen-reader-text\">cassiopee<\/span> Lire la suite\u00a0\u00bb<\/a><\/p>\n","protected":false},"author":1,"featured_media":0,"parent":0,"menu_order":0,"comment_status":"closed","ping_status":"closed","template":"","meta":{"site-sidebar-layout":"default","site-content-layout":"default","ast-site-content-layout":"","site-content-style":"default","site-sidebar-style":"default","ast-global-header-display":"","ast-banner-title-visibility":"","ast-main-header-display":"","ast-hfb-above-header-display":"","ast-hfb-below-header-display":"","ast-hfb-mobile-header-display":"","site-post-title":"disabled","ast-breadcrumbs-content":"","ast-featured-img":"","footer-sml-layout":"","theme-transparent-header-meta":"default","adv-header-id-meta":"","stick-header-meta":"","header-above-stick-meta":"","header-main-stick-meta":"","header-below-stick-meta":"","astra-migrate-meta-layouts":"","ast-page-background-enabled":"default","ast-page-background-meta":{"desktop":{"background-color":"","background-image":"","background-repeat":"repeat","background-position":"center center","background-size":"auto","background-attachment":"scroll","background-type":"","background-media":"","overlay-type":"","overlay-color":"","overlay-gradient":""},"tablet":{"background-color":"","background-image":"","background-repeat":"repeat","background-position":"center center","background-size":"auto","background-attachment":"scroll","background-type":"","background-media":"","overlay-type":"","overlay-color":"","overlay-gradient":""},"mobile":{"background-color":"","background-image":"","background-repeat":"repeat","background-position":"center center","background-size":"auto","background-attachment":"scroll","background-type":"","background-media":"","overlay-type":"","overlay-color":"","overlay-gradient":""}},"ast-content-background-meta":{"desktop":{"background-color":"var(--ast-global-color-5)","background-image":"","background-repeat":"repeat","background-position":"center center","background-size":"auto","background-attachment":"scroll","background-type":"","background-media":"","overlay-type":"","overlay-color":"","overlay-gradient":""},"tablet":{"background-color":"var(--ast-global-color-5)","background-image":"","background-repeat":"repeat","background-position":"center center","background-size":"auto","background-attachment":"scroll","background-type":"","background-media":"","overlay-type":"","overlay-color":"","overlay-gradient":""},"mobile":{"background-color":"var(--ast-global-color-5)","background-image":"","background-repeat":"repeat","background-position":"center center","background-size":"auto","background-attachment":"scroll","background-type":"","background-media":"","overlay-type":"","overlay-color":"","overlay-gradient":""}},"footnotes":""},"class_list":["post-3454","page","type-page","status-publish","hentry"],"_links":{"self":[{"href":"https:\/\/www.arnaudom.fr\/wordpress\/wp-json\/wp\/v2\/pages\/3454","targetHints":{"allow":["GET"]}}],"collection":[{"href":"https:\/\/www.arnaudom.fr\/wordpress\/wp-json\/wp\/v2\/pages"}],"about":[{"href":"https:\/\/www.arnaudom.fr\/wordpress\/wp-json\/wp\/v2\/types\/page"}],"author":[{"embeddable":true,"href":"https:\/\/www.arnaudom.fr\/wordpress\/wp-json\/wp\/v2\/users\/1"}],"replies":[{"embeddable":true,"href":"https:\/\/www.arnaudom.fr\/wordpress\/wp-json\/wp\/v2\/comments?post=3454"}],"version-history":[{"count":9,"href":"https:\/\/www.arnaudom.fr\/wordpress\/wp-json\/wp\/v2\/pages\/3454\/revisions"}],"predecessor-version":[{"id":5404,"href":"https:\/\/www.arnaudom.fr\/wordpress\/wp-json\/wp\/v2\/pages\/3454\/revisions\/5404"}],"wp:attachment":[{"href":"https:\/\/www.arnaudom.fr\/wordpress\/wp-json\/wp\/v2\/media?parent=3454"}],"curies":[{"name":"wp","href":"https:\/\/api.w.org\/{rel}","templated":true}]}}