{"id":3427,"date":"2019-08-19T21:30:43","date_gmt":"2019-08-19T19:30:43","guid":{"rendered":"http:\/\/www.arnaudom.fr\/wordpress\/?page_id=3427"},"modified":"2020-08-16T20:20:57","modified_gmt":"2020-08-16T18:20:57","slug":"andromede","status":"publish","type":"page","link":"https:\/\/www.arnaudom.fr\/wordpress\/andromede\/","title":{"rendered":"andromede"},"content":{"rendered":"\t\t<div data-elementor-type=\"wp-post\" data-elementor-id=\"3427\" class=\"elementor elementor-3427\">\n\t\t\t\t\t\t<div class=\"elementor-inner\">\n\t\t\t\t<div class=\"elementor-section-wrap\">\n\t\t\t\t\t\t\t\t\t<section class=\"elementor-section elementor-top-section elementor-element elementor-element-5b9a6f7e elementor-section-full_width elementor-section-height-default elementor-section-height-default\" data-id=\"5b9a6f7e\" data-element_type=\"section\" data-settings=\"{&quot;background_background&quot;:&quot;classic&quot;}\">\n\t\t\t\t\t\t<div class=\"elementor-container elementor-column-gap-default\">\n\t\t\t\t\t\t\t<div class=\"elementor-row\">\n\t\t\t\t\t<div class=\"elementor-column elementor-col-100 elementor-top-column elementor-element elementor-element-7c337477\" data-id=\"7c337477\" data-element_type=\"column\" data-settings=\"{&quot;background_background&quot;:&quot;classic&quot;}\">\n\t\t\t<div class=\"elementor-column-wrap elementor-element-populated\">\n\t\t\t\t\t\t\t<div class=\"elementor-widget-wrap\">\n\t\t\t\t\t\t<div class=\"elementor-element elementor-element-5a707f4b elementor-widget elementor-widget-heading\" data-id=\"5a707f4b\" data-element_type=\"widget\" data-widget_type=\"heading.default\">\n\t\t\t\t<div class=\"elementor-widget-container\">\n\t\t\t<h1 class=\"elementor-heading-title elementor-size-default\">Observer les constellations d'Androm\u00e8de et P\u00e9gase<\/h1>\t\t<\/div>\n\t\t\t\t<\/div>\n\t\t\t\t<div class=\"elementor-element elementor-element-505386a2 elementor-widget elementor-widget-spacer\" data-id=\"505386a2\" data-element_type=\"widget\" data-widget_type=\"spacer.default\">\n\t\t\t\t<div class=\"elementor-widget-container\">\n\t\t\t\t\t<div class=\"elementor-spacer\">\n\t\t\t<div class=\"elementor-spacer-inner\"><\/div>\n\t\t<\/div>\n\t\t\t\t<\/div>\n\t\t\t\t<\/div>\n\t\t\t\t<section class=\"elementor-section elementor-inner-section elementor-element elementor-element-3ecb6133 elementor-section-content-middle elementor-section-boxed elementor-section-height-default elementor-section-height-default\" data-id=\"3ecb6133\" data-element_type=\"section\">\n\t\t\t\t\t\t<div class=\"elementor-container elementor-column-gap-default\">\n\t\t\t\t\t\t\t<div class=\"elementor-row\">\n\t\t\t\t\t<div class=\"elementor-column elementor-col-50 elementor-inner-column elementor-element elementor-element-7f960c58\" data-id=\"7f960c58\" data-element_type=\"column\" data-settings=\"{&quot;background_background&quot;:&quot;classic&quot;}\">\n\t\t\t<div class=\"elementor-column-wrap elementor-element-populated\">\n\t\t\t\t\t\t\t<div class=\"elementor-widget-wrap\">\n\t\t\t\t\t\t<div class=\"elementor-element elementor-element-2a936101 elementor-widget elementor-widget-text-editor\" data-id=\"2a936101\" data-element_type=\"widget\" data-widget_type=\"text-editor.default\">\n\t\t\t\t<div class=\"elementor-widget-container\">\n\t\t\t\t\t\t\t\t<div class=\"elementor-text-editor elementor-clearfix\">\n\t\t\t\t<a href=\"http:\/\/www.arnaudom.fr\/wordpress\/carteandromede\"><strong>Afficher la carte<\/strong><\/a>\t\t\t\t\t<\/div>\n\t\t\t\t\t\t<\/div>\n\t\t\t\t<\/div>\n\t\t\t\t\t\t<\/div>\n\t\t\t\t\t<\/div>\n\t\t<\/div>\n\t\t\t\t<div class=\"elementor-column elementor-col-50 elementor-inner-column elementor-element elementor-element-d82ad42\" data-id=\"d82ad42\" data-element_type=\"column\" data-settings=\"{&quot;background_background&quot;:&quot;classic&quot;}\">\n\t\t\t<div class=\"elementor-column-wrap elementor-element-populated\">\n\t\t\t\t\t\t\t<div class=\"elementor-widget-wrap\">\n\t\t\t\t\t\t<div class=\"elementor-element elementor-element-3e456966 elementor-widget elementor-widget-image\" data-id=\"3e456966\" data-element_type=\"widget\" data-widget_type=\"image.default\">\n\t\t\t\t<div class=\"elementor-widget-container\">\n\t\t\t\t\t\t\t\t<div class=\"elementor-image\">\n\t\t\t\t\t\t\t\t\t\t\t\t\t<a href=\"http:\/\/www.arnaudom.fr\/wordpress\/carteandromede\">\n\t\t\t\t\t\t\t<img loading=\"lazy\" decoding=\"async\" width=\"150\" height=\"101\" src=\"https:\/\/www.arnaudom.fr\/wordpress\/wp-content\/uploads\/2019\/08\/tcarteandromede.jpg\" class=\"attachment-large size-large wp-image-3441\" alt=\"\" \/>\t\t\t\t\t\t\t\t<\/a>\n\t\t\t\t\t\t\t\t\t\t\t\t\t\t<\/div>\n\t\t\t\t\t\t<\/div>\n\t\t\t\t<\/div>\n\t\t\t\t\t\t<\/div>\n\t\t\t\t\t<\/div>\n\t\t<\/div>\n\t\t\t\t\t\t\t\t<\/div>\n\t\t\t\t\t<\/div>\n\t\t<\/section>\n\t\t\t\t<div class=\"elementor-element elementor-element-60f86d3a elementor-widget elementor-widget-heading\" data-id=\"60f86d3a\" data-element_type=\"widget\" data-widget_type=\"heading.default\">\n\t\t\t\t<div class=\"elementor-widget-container\">\n\t\t\t<h3 class=\"elementor-heading-title elementor-size-default\">Objets observ\u00e9s :<\/h3>\t\t<\/div>\n\t\t\t\t<\/div>\n\t\t\t\t<div class=\"elementor-element elementor-element-62356feb elementor-widget elementor-widget-text-editor\" data-id=\"62356feb\" data-element_type=\"widget\" data-widget_type=\"text-editor.default\">\n\t\t\t\t<div class=\"elementor-widget-container\">\n\t\t\t\t\t\t\t\t<div class=\"elementor-text-editor elementor-clearfix\">\n\t\t\t\t<p>1 \u00e9toile double : Gamma Androm\u00e8de.<\/p><p>1 amas globulaire : M15.<\/p><p>3 galaxies : M31 (grande galaxie d&rsquo;Androm\u00e8de), M32 et M110.<\/p>\t\t\t\t\t<\/div>\n\t\t\t\t\t\t<\/div>\n\t\t\t\t<\/div>\n\t\t\t\t<div class=\"elementor-element elementor-element-2d16af elementor-widget elementor-widget-heading\" data-id=\"2d16af\" data-element_type=\"widget\" data-widget_type=\"heading.default\">\n\t\t\t\t<div class=\"elementor-widget-container\">\n\t\t\t<h3 class=\"elementor-heading-title elementor-size-default\">Introduction :<\/h3>\t\t<\/div>\n\t\t\t\t<\/div>\n\t\t\t\t<div class=\"elementor-element elementor-element-66d386ab elementor-widget elementor-widget-text-editor\" data-id=\"66d386ab\" data-element_type=\"widget\" data-widget_type=\"text-editor.default\">\n\t\t\t\t<div class=\"elementor-widget-container\">\n\t\t\t\t\t\t\t\t<div class=\"elementor-text-editor elementor-clearfix\">\n\t\t\t\t<p>synth\u00e8se de plusieurs s\u00e9ances d&rsquo;observation effectu\u00e9e en Septembre et Octobre 2004. Il faut pour cela rep\u00e9rer les constellations d&rsquo;Androm\u00e8de et de P\u00e9gase, qui se trouvent plut\u00f4t vers l&rsquo;est en d\u00e9but de nuit. Le plus facile \u00e0 rep\u00e9rer est le grand carr\u00e9 de P\u00e9gase, dont le sommet en haut \u00e0 gauche est l&rsquo;\u00e9toile Alph\u00e9ratz d&rsquo;Androm\u00e8de (Alpha d&rsquo;Androm\u00e8de). Ces deux constellations sont donc li\u00e9es l&rsquo;une \u00e0 l&rsquo;autre, et une fois trouv\u00e9 le grand carr\u00e9, on va pouvoir trouver tous les objets de cette observation. Du c\u00f4t\u00e9 de P\u00e9gase on va trouver un amas globulaire tr\u00e8s int\u00e9ressant, M15, et du c\u00f4t\u00e9 d&rsquo;Androm\u00e8de on va trouver la c\u00e9l\u00e9brissime M31 avec ses deux acolytes M32 et M110. Enfin, l&rsquo;\u00e9toile Gamma Androm\u00e8de est une belle \u00e9toile double color\u00e9e.<\/p>\t\t\t\t\t<\/div>\n\t\t\t\t\t\t<\/div>\n\t\t\t\t<\/div>\n\t\t\t\t<div class=\"elementor-element elementor-element-189a597a elementor-widget elementor-widget-text-editor\" data-id=\"189a597a\" data-element_type=\"widget\" data-widget_type=\"text-editor.default\">\n\t\t\t\t<div class=\"elementor-widget-container\">\n\t\t\t\t\t\t\t\t<div class=\"elementor-text-editor elementor-clearfix\">\n\t\t\t\t<h3><span class=\"gras col5\">Du c\u00f4t\u00e9 de P\u00e9gase :<\/span> (<a href=\"http:\/\/www.arnaudom.fr\/wordpress\/carteandromede\">carte<\/a>)<\/h3>\t\t\t\t\t<\/div>\n\t\t\t\t\t\t<\/div>\n\t\t\t\t<\/div>\n\t\t\t\t<div class=\"elementor-element elementor-element-3ba32f76 elementor-widget elementor-widget-text-editor\" data-id=\"3ba32f76\" data-element_type=\"widget\" data-widget_type=\"text-editor.default\">\n\t\t\t\t<div class=\"elementor-widget-container\">\n\t\t\t\t\t\t\t\t<div class=\"elementor-text-editor elementor-clearfix\">\n\t\t\t\t<p>partons du sommet en bas \u00e0 droite du carr\u00e9, Alpha de P\u00e9gase. L\u00e0, il suffit de suivre les \u00e9toiles jusqu&rsquo;\u00e0 Epsilon de P\u00e9gase, \u00e7a n&rsquo;est pas trop difficile car les \u00e9toiles sont assez bien visibles. Une fois qu&rsquo;on est \u00e0 Epsilon, en prenant un oculaire \u00e0 faible grossissement (j&rsquo;utilise le 32mm qui grossit 28x), on va chercher dans le prolongement des \u00e9toiles Th\u00e9ta et Epsilon de P\u00e9gase et on va tomber sur M15.<\/p><p>M15 peut-\u00eatre grossi 45x (20 mm) ou 90x (10 mm). Il est proche d&rsquo;une \u00e9toile brillante et il est petit. En fait , son centre est lui aussi tout petit mais tr\u00e8s brillant, et les \u00e9toiles en p\u00e9riph\u00e9rie forment une couronne beaucoup plus large que son centre, contrairement aux amas habituels o\u00f9 l&rsquo;on voit plut\u00f4t une couronne fine et un centre plus gros. Dans cette couronne se distinguent en vision p\u00e9riph\u00e9rique de nombreuses petites \u00e9toiles.<\/p>\t\t\t\t\t<\/div>\n\t\t\t\t\t\t<\/div>\n\t\t\t\t<\/div>\n\t\t\t\t<div class=\"elementor-element elementor-element-367d9e70 elementor-widget elementor-widget-text-editor\" data-id=\"367d9e70\" data-element_type=\"widget\" data-widget_type=\"text-editor.default\">\n\t\t\t\t<div class=\"elementor-widget-container\">\n\t\t\t\t\t\t\t\t<div class=\"elementor-text-editor elementor-clearfix\">\n\t\t\t\t<h3><span class=\"gras col5\">Du c\u00f4t\u00e9 d&rsquo;Androm\u00e8de :<\/span> (<a href=\"http:\/\/www.arnaudom.fr\/wordpress\/carteandromede\">carte<\/a>)<\/h3>\t\t\t\t\t<\/div>\n\t\t\t\t\t\t<\/div>\n\t\t\t\t<\/div>\n\t\t\t\t<div class=\"elementor-element elementor-element-62476c8d elementor-widget elementor-widget-text-editor\" data-id=\"62476c8d\" data-element_type=\"widget\" data-widget_type=\"text-editor.default\">\n\t\t\t\t<div class=\"elementor-widget-container\">\n\t\t\t\t\t\t\t\t<div class=\"elementor-text-editor elementor-clearfix\">\n\t\t\t\t<p>retournons au carr\u00e9 de P\u00e9gase et partons d&rsquo;Alph\u00e9ratz, le sommet en haut \u00e0 gauche. Maintenant, on se d\u00e9place vers la gauche en comptant deux \u00e9toiles : nous voici sur B\u00e9ta Androm\u00e8de. Ensuite, on compte deux \u00e9toiles en allant vers le haut : il est peut-\u00eatre plus facile de faire cette derni\u00e8re \u00e9tape au chercheur (bien qu&rsquo;il faille faire attention \u00e0 l&rsquo;inversion de l&rsquo;image&#8230;) car ces deux derni\u00e8res \u00e9toiles sont moins faciles \u00e0 voir \u00e0 l&rsquo;oeil nu. Et voil\u00e0 ! En prenant garde d&rsquo;avoir mis le plus petit oculaire (pour moi le 32 mm), vous avez in\u00e9vitablement \u00e0 droite de cette \u00e9toile (\u00e0 gauche dans l&rsquo;oculaire) M31, la grande galaxie d&rsquo;Androm\u00e8de.<\/p><p>M31 est tr\u00e8s grande, c&rsquo;est pourquoi il est n\u00e9cessaire d&rsquo;utiliser le plus faible grossissement possible. Elle appara\u00eet comme un grand et long fuseau gris, dont le coeur est vraiment tr\u00e8s brillant. Attention, quand on l&rsquo;observe et en particulier si le ciel n&rsquo;est pas tr\u00e8s sombre, on ne voit au premier abord que le centre de la galaxie. Quand on l&rsquo;observe sous un ciel bien noir et bien transparent, on s&rsquo;aper\u00e7oit que la galaxie a des extensions qui vont bien au-del\u00e0. D&rsquo;ailleurs, dans l&rsquo;oculaire de 32 mm (28x), ces extensions ne rentrent pas en entier dans le champ.<\/p><p>M31 poss\u00e8dent deux galaxies satellites, int\u00e9ressantes car de forme tr\u00e8s diff\u00e9rentes. Au-dessous (au-dessus dans l&rsquo;oculaire) se trouve M32, qui est une petite galaxie \u00e0 la forme bien ronde et bien brillante. Une petite bille quoi ! On peut l&rsquo;observer en la grossissant plus, car comme elle est tr\u00e8s brillante, elle reste facilement visible !<\/p><p>Au-dessus de M31 se trouve M110, qui elle ressemble \u00e0 un fuseau allong\u00e9, plus grand mais bien plus p\u00e2le que M32. Je n&rsquo;y ai pas observ\u00e9 de diff\u00e9rence de luminosit\u00e9, en particulier pas de centre plus brillant.<\/p><p>Pour finir, on va retourner du c\u00f4t\u00e9 de l&rsquo;\u00e9toile B\u00e9ta Androm\u00e8de, et poursuivre vers la gauche en comptant deux \u00e9toiles, pour trouver Gamma Androm\u00e8de, une belle \u00e9toile double. En la grossissant 45x (20 mm), on voit une \u00e9toile de couleur jaune, et avec un grossissement de 90x (10mm), on per\u00e7oit nettement une petite \u00e9toile qui semble bleue, toute proche mais bien d\u00e9tach\u00e9e de l&rsquo;\u00e9toile principale de couleur jaune. C&rsquo;est magnifique, on dirait Albir\u00e9o ! Vous pouvez voir une photo de cette double <a href=\"http:\/\/www.arnaudom.fr\/etoiles.php\">ici<\/a> .<\/p>\t\t\t\t\t<\/div>\n\t\t\t\t\t\t<\/div>\n\t\t\t\t<\/div>\n\t\t\t\t\t\t<\/div>\n\t\t\t\t\t<\/div>\n\t\t<\/div>\n\t\t\t\t\t\t\t\t<\/div>\n\t\t\t\t\t<\/div>\n\t\t<\/section>\n\t\t\t\t\t\t\t\t\t<\/div>\n\t\t\t<\/div>\n\t\t\t\t\t<\/div>\n\t\t","protected":false},"excerpt":{"rendered":"<p>Observer les constellations d&rsquo;Androm\u00e8de et P\u00e9gase Afficher la carte Objets observ\u00e9s : 1 \u00e9toile double : Gamma Androm\u00e8de. 1 amas globulaire : M15. 3 galaxies : M31 (grande galaxie d&rsquo;Androm\u00e8de), M32 et M110. Introduction : synth\u00e8se de plusieurs s\u00e9ances d&rsquo;observation effectu\u00e9e en Septembre et Octobre 2004. Il faut pour cela rep\u00e9rer les constellations d&rsquo;Androm\u00e8de et &hellip;<\/p>\n<p class=\"read-more\"> <a class=\"\" href=\"https:\/\/www.arnaudom.fr\/wordpress\/andromede\/\"> <span class=\"screen-reader-text\">andromede<\/span> Lire la suite\u00a0\u00bb<\/a><\/p>\n","protected":false},"author":1,"featured_media":0,"parent":0,"menu_order":0,"comment_status":"closed","ping_status":"closed","template":"","meta":{"site-sidebar-layout":"default","site-content-layout":"default","ast-site-content-layout":"","site-content-style":"default","site-sidebar-style":"default","ast-global-header-display":"","ast-banner-title-visibility":"","ast-main-header-display":"","ast-hfb-above-header-display":"","ast-hfb-below-header-display":"","ast-hfb-mobile-header-display":"","site-post-title":"disabled","ast-breadcrumbs-content":"","ast-featured-img":"","footer-sml-layout":"","theme-transparent-header-meta":"default","adv-header-id-meta":"","stick-header-meta":"","header-above-stick-meta":"","header-main-stick-meta":"","header-below-stick-meta":"","astra-migrate-meta-layouts":"","ast-page-background-enabled":"default","ast-page-background-meta":{"desktop":{"background-color":"","background-image":"","background-repeat":"repeat","background-position":"center center","background-size":"auto","background-attachment":"scroll","background-type":"","background-media":"","overlay-type":"","overlay-color":"","overlay-gradient":""},"tablet":{"background-color":"","background-image":"","background-repeat":"repeat","background-position":"center center","background-size":"auto","background-attachment":"scroll","background-type":"","background-media":"","overlay-type":"","overlay-color":"","overlay-gradient":""},"mobile":{"background-color":"","background-image":"","background-repeat":"repeat","background-position":"center center","background-size":"auto","background-attachment":"scroll","background-type":"","background-media":"","overlay-type":"","overlay-color":"","overlay-gradient":""}},"ast-content-background-meta":{"desktop":{"background-color":"var(--ast-global-color-5)","background-image":"","background-repeat":"repeat","background-position":"center center","background-size":"auto","background-attachment":"scroll","background-type":"","background-media":"","overlay-type":"","overlay-color":"","overlay-gradient":""},"tablet":{"background-color":"var(--ast-global-color-5)","background-image":"","background-repeat":"repeat","background-position":"center center","background-size":"auto","background-attachment":"scroll","background-type":"","background-media":"","overlay-type":"","overlay-color":"","overlay-gradient":""},"mobile":{"background-color":"var(--ast-global-color-5)","background-image":"","background-repeat":"repeat","background-position":"center center","background-size":"auto","background-attachment":"scroll","background-type":"","background-media":"","overlay-type":"","overlay-color":"","overlay-gradient":""}},"footnotes":""},"class_list":["post-3427","page","type-page","status-publish","hentry"],"_links":{"self":[{"href":"https:\/\/www.arnaudom.fr\/wordpress\/wp-json\/wp\/v2\/pages\/3427","targetHints":{"allow":["GET"]}}],"collection":[{"href":"https:\/\/www.arnaudom.fr\/wordpress\/wp-json\/wp\/v2\/pages"}],"about":[{"href":"https:\/\/www.arnaudom.fr\/wordpress\/wp-json\/wp\/v2\/types\/page"}],"author":[{"embeddable":true,"href":"https:\/\/www.arnaudom.fr\/wordpress\/wp-json\/wp\/v2\/users\/1"}],"replies":[{"embeddable":true,"href":"https:\/\/www.arnaudom.fr\/wordpress\/wp-json\/wp\/v2\/comments?post=3427"}],"version-history":[{"count":9,"href":"https:\/\/www.arnaudom.fr\/wordpress\/wp-json\/wp\/v2\/pages\/3427\/revisions"}],"predecessor-version":[{"id":5398,"href":"https:\/\/www.arnaudom.fr\/wordpress\/wp-json\/wp\/v2\/pages\/3427\/revisions\/5398"}],"wp:attachment":[{"href":"https:\/\/www.arnaudom.fr\/wordpress\/wp-json\/wp\/v2\/media?parent=3427"}],"curies":[{"name":"wp","href":"https:\/\/api.w.org\/{rel}","templated":true}]}}