{"id":3404,"date":"2019-08-19T17:32:13","date_gmt":"2019-08-19T15:32:13","guid":{"rendered":"http:\/\/www.arnaudom.fr\/wordpress\/?page_id=3404"},"modified":"2020-08-16T10:38:02","modified_gmt":"2020-08-16T08:38:02","slug":"bofete","status":"publish","type":"page","link":"https:\/\/www.arnaudom.fr\/wordpress\/bofete\/","title":{"rendered":"bofete"},"content":{"rendered":"\t\t<div data-elementor-type=\"wp-post\" data-elementor-id=\"3404\" class=\"elementor elementor-3404\">\n\t\t\t\t\t\t<div class=\"elementor-inner\">\n\t\t\t\t<div class=\"elementor-section-wrap\">\n\t\t\t\t\t\t\t\t\t<section class=\"elementor-section elementor-top-section elementor-element elementor-element-9794fb0 elementor-section-full_width elementor-section-height-default elementor-section-height-default\" data-id=\"9794fb0\" data-element_type=\"section\" data-settings=\"{&quot;background_background&quot;:&quot;classic&quot;}\">\n\t\t\t\t\t\t<div class=\"elementor-container elementor-column-gap-default\">\n\t\t\t\t\t\t\t<div class=\"elementor-row\">\n\t\t\t\t\t<div class=\"elementor-column elementor-col-100 elementor-top-column elementor-element elementor-element-a9a5132\" data-id=\"a9a5132\" data-element_type=\"column\" data-settings=\"{&quot;background_background&quot;:&quot;classic&quot;}\">\n\t\t\t<div class=\"elementor-column-wrap elementor-element-populated\">\n\t\t\t\t\t\t\t<div class=\"elementor-widget-wrap\">\n\t\t\t\t\t\t<div class=\"elementor-element elementor-element-991b0b4 elementor-widget elementor-widget-heading\" data-id=\"991b0b4\" data-element_type=\"widget\" data-widget_type=\"heading.default\">\n\t\t\t\t<div class=\"elementor-widget-container\">\n\t\t\t<h1 class=\"elementor-heading-title elementor-size-default\">LE BEST-OF DE l'ETE<\/h1>\t\t<\/div>\n\t\t\t\t<\/div>\n\t\t\t\t<div class=\"elementor-element elementor-element-5874806 elementor-widget elementor-widget-text-editor\" data-id=\"5874806\" data-element_type=\"widget\" data-widget_type=\"text-editor.default\">\n\t\t\t\t<div class=\"elementor-widget-container\">\n\t\t\t\t\t\t\t\t<div class=\"elementor-text-editor elementor-clearfix\">\n\t\t\t\t<p>Si vous ne devez regardez que quelques objets du ciel profond cet \u00e9t\u00e9, que ce soit ceux-l\u00e0&#8230; Petite liste tr\u00e8s suggestive des objets \u00e0 ne pas manquer !<\/p>\t\t\t\t\t<\/div>\n\t\t\t\t\t\t<\/div>\n\t\t\t\t<\/div>\n\t\t\t\t<div class=\"elementor-element elementor-element-a04a399 elementor-widget elementor-widget-text-editor\" data-id=\"a04a399\" data-element_type=\"widget\" data-widget_type=\"text-editor.default\">\n\t\t\t\t<div class=\"elementor-widget-container\">\n\t\t\t\t\t\t\t\t<div class=\"elementor-text-editor elementor-clearfix\">\n\t\t\t\t<ul><li>M8, n\u00e9buleuse diffuse dans le Sagittaire.<\/li><li>M20, n\u00e9buleuse diffuses dans le Sagittaire, toute proche de la pr\u00e9c\u00e9dente.<\/li><li>M24, nuage stellaire dans le Sagittaire.<\/li><li>M17, n\u00e9buleuse diffuse dans le Sagittaire.<\/li><li>M16, n\u00e9buleuse diffuse dans le Serpent (\u00e0 retrouver dans l&rsquo;observation du Sagittaire).<\/li><li>M22, amas globulaire dans le Sagittaire.<\/li><li>M23, amas ouvert dans le Sagittaire.<\/li><li>Espilon dans la Lyre, \u00e9toile quadruple.<\/li><li>M57, n\u00e9buleuse plan\u00e9taire dans la Lyre.<\/li><li>Albir\u00e9o, \u00e9toile double jaune et bleue dans le Cygne.<\/li><li>NGC 6992, reste de supernova dans le Cygne (un filtre est un plus pour la voir).<\/li><li>M11, amas ouvert dans l&rsquo;\u00e9cu de Sobiesky (\u00e0 retrouver dans l&rsquo;observation de l&rsquo;Aigle).<\/li><li>Amas du cintre, amas ouvert dans le petit Renard (\u00e0 retrouver dans l&rsquo;observation de l&rsquo;Aigle).<\/li><li>M27, n\u00e9buleuse diffuse dans le petit Renard (\u00e0 retrouver dans l&rsquo;observation de l&rsquo;Aigle).<\/li><li>M13, amas globulaire dans Hercule.<\/li><li>M92, amas globulaire dans Hercule.<\/li><li>M4, amas globulaire dans le Scorpion.<\/li><li>M7, amas ouvert dans le Scorpion.<\/li><li>M6, amas ouvert dans le Scorpion.<\/li><\/ul>\t\t\t\t\t<\/div>\n\t\t\t\t\t\t<\/div>\n\t\t\t\t<\/div>\n\t\t\t\t\t\t<\/div>\n\t\t\t\t\t<\/div>\n\t\t<\/div>\n\t\t\t\t\t\t\t\t<\/div>\n\t\t\t\t\t<\/div>\n\t\t<\/section>\n\t\t\t\t\t\t\t\t\t<\/div>\n\t\t\t<\/div>\n\t\t\t\t\t<\/div>\n\t\t","protected":false},"excerpt":{"rendered":"<p>LE BEST-OF DE l&rsquo;ETE Si vous ne devez regardez que quelques objets du ciel profond cet \u00e9t\u00e9, que ce soit ceux-l\u00e0&#8230; Petite liste tr\u00e8s suggestive des objets \u00e0 ne pas manquer ! M8, n\u00e9buleuse diffuse dans le Sagittaire. M20, n\u00e9buleuse diffuses dans le Sagittaire, toute proche de la pr\u00e9c\u00e9dente. M24, nuage stellaire dans le Sagittaire. &hellip;<\/p>\n<p class=\"read-more\"> <a class=\"\" href=\"https:\/\/www.arnaudom.fr\/wordpress\/bofete\/\"> <span class=\"screen-reader-text\">bofete<\/span> Lire la suite\u00a0\u00bb<\/a><\/p>\n","protected":false},"author":1,"featured_media":0,"parent":0,"menu_order":0,"comment_status":"closed","ping_status":"closed","template":"","meta":{"site-sidebar-layout":"default","site-content-layout":"default","ast-site-content-layout":"","site-content-style":"default","site-sidebar-style":"default","ast-global-header-display":"","ast-banner-title-visibility":"","ast-main-header-display":"","ast-hfb-above-header-display":"","ast-hfb-below-header-display":"","ast-hfb-mobile-header-display":"","site-post-title":"disabled","ast-breadcrumbs-content":"","ast-featured-img":"","footer-sml-layout":"","theme-transparent-header-meta":"default","adv-header-id-meta":"","stick-header-meta":"","header-above-stick-meta":"","header-main-stick-meta":"","header-below-stick-meta":"","astra-migrate-meta-layouts":"","ast-page-background-enabled":"default","ast-page-background-meta":{"desktop":{"background-color":"","background-image":"","background-repeat":"repeat","background-position":"center center","background-size":"auto","background-attachment":"scroll","background-type":"","background-media":"","overlay-type":"","overlay-color":"","overlay-gradient":""},"tablet":{"background-color":"","background-image":"","background-repeat":"repeat","background-position":"center center","background-size":"auto","background-attachment":"scroll","background-type":"","background-media":"","overlay-type":"","overlay-color":"","overlay-gradient":""},"mobile":{"background-color":"","background-image":"","background-repeat":"repeat","background-position":"center center","background-size":"auto","background-attachment":"scroll","background-type":"","background-media":"","overlay-type":"","overlay-color":"","overlay-gradient":""}},"ast-content-background-meta":{"desktop":{"background-color":"var(--ast-global-color-5)","background-image":"","background-repeat":"repeat","background-position":"center center","background-size":"auto","background-attachment":"scroll","background-type":"","background-media":"","overlay-type":"","overlay-color":"","overlay-gradient":""},"tablet":{"background-color":"var(--ast-global-color-5)","background-image":"","background-repeat":"repeat","background-position":"center center","background-size":"auto","background-attachment":"scroll","background-type":"","background-media":"","overlay-type":"","overlay-color":"","overlay-gradient":""},"mobile":{"background-color":"var(--ast-global-color-5)","background-image":"","background-repeat":"repeat","background-position":"center center","background-size":"auto","background-attachment":"scroll","background-type":"","background-media":"","overlay-type":"","overlay-color":"","overlay-gradient":""}},"footnotes":""},"class_list":["post-3404","page","type-page","status-publish","hentry"],"_links":{"self":[{"href":"https:\/\/www.arnaudom.fr\/wordpress\/wp-json\/wp\/v2\/pages\/3404","targetHints":{"allow":["GET"]}}],"collection":[{"href":"https:\/\/www.arnaudom.fr\/wordpress\/wp-json\/wp\/v2\/pages"}],"about":[{"href":"https:\/\/www.arnaudom.fr\/wordpress\/wp-json\/wp\/v2\/types\/page"}],"author":[{"embeddable":true,"href":"https:\/\/www.arnaudom.fr\/wordpress\/wp-json\/wp\/v2\/users\/1"}],"replies":[{"embeddable":true,"href":"https:\/\/www.arnaudom.fr\/wordpress\/wp-json\/wp\/v2\/comments?post=3404"}],"version-history":[{"count":8,"href":"https:\/\/www.arnaudom.fr\/wordpress\/wp-json\/wp\/v2\/pages\/3404\/revisions"}],"predecessor-version":[{"id":5159,"href":"https:\/\/www.arnaudom.fr\/wordpress\/wp-json\/wp\/v2\/pages\/3404\/revisions\/5159"}],"wp:attachment":[{"href":"https:\/\/www.arnaudom.fr\/wordpress\/wp-json\/wp\/v2\/media?parent=3404"}],"curies":[{"name":"wp","href":"https:\/\/api.w.org\/{rel}","templated":true}]}}