{"id":3352,"date":"2019-08-19T09:18:13","date_gmt":"2019-08-19T07:18:13","guid":{"rendered":"http:\/\/www.arnaudom.fr\/wordpress\/?page_id=3352"},"modified":"2020-08-16T10:19:43","modified_gmt":"2020-08-16T08:19:43","slug":"scorpion","status":"publish","type":"page","link":"https:\/\/www.arnaudom.fr\/wordpress\/scorpion\/","title":{"rendered":"scorpion"},"content":{"rendered":"\t\t<div data-elementor-type=\"wp-post\" data-elementor-id=\"3352\" class=\"elementor elementor-3352\">\n\t\t\t\t\t\t<div class=\"elementor-inner\">\n\t\t\t\t<div class=\"elementor-section-wrap\">\n\t\t\t\t\t\t\t\t\t<section class=\"elementor-section elementor-top-section elementor-element elementor-element-2ef3bda3 elementor-section-full_width elementor-section-height-default elementor-section-height-default\" data-id=\"2ef3bda3\" data-element_type=\"section\" data-settings=\"{&quot;background_background&quot;:&quot;classic&quot;}\">\n\t\t\t\t\t\t<div class=\"elementor-container elementor-column-gap-default\">\n\t\t\t\t\t\t\t<div class=\"elementor-row\">\n\t\t\t\t\t<div class=\"elementor-column elementor-col-100 elementor-top-column elementor-element elementor-element-5fd16c8\" data-id=\"5fd16c8\" data-element_type=\"column\" data-settings=\"{&quot;background_background&quot;:&quot;classic&quot;}\">\n\t\t\t<div class=\"elementor-column-wrap elementor-element-populated\">\n\t\t\t\t\t\t\t<div class=\"elementor-widget-wrap\">\n\t\t\t\t\t\t<div class=\"elementor-element elementor-element-5c12ef76 elementor-widget elementor-widget-heading\" data-id=\"5c12ef76\" data-element_type=\"widget\" data-widget_type=\"heading.default\">\n\t\t\t\t<div class=\"elementor-widget-container\">\n\t\t\t<h1 class=\"elementor-heading-title elementor-size-default\">Observer la constellation du Scorpion<\/h1>\t\t<\/div>\n\t\t\t\t<\/div>\n\t\t\t\t<div class=\"elementor-element elementor-element-51d723c7 elementor-widget elementor-widget-spacer\" data-id=\"51d723c7\" data-element_type=\"widget\" data-widget_type=\"spacer.default\">\n\t\t\t\t<div class=\"elementor-widget-container\">\n\t\t\t\t\t<div class=\"elementor-spacer\">\n\t\t\t<div class=\"elementor-spacer-inner\"><\/div>\n\t\t<\/div>\n\t\t\t\t<\/div>\n\t\t\t\t<\/div>\n\t\t\t\t<section class=\"elementor-section elementor-inner-section elementor-element elementor-element-195e7396 elementor-section-content-middle elementor-section-boxed elementor-section-height-default elementor-section-height-default\" data-id=\"195e7396\" data-element_type=\"section\">\n\t\t\t\t\t\t<div class=\"elementor-container elementor-column-gap-default\">\n\t\t\t\t\t\t\t<div class=\"elementor-row\">\n\t\t\t\t\t<div class=\"elementor-column elementor-col-50 elementor-inner-column elementor-element elementor-element-4e04704c\" data-id=\"4e04704c\" data-element_type=\"column\" data-settings=\"{&quot;background_background&quot;:&quot;classic&quot;}\">\n\t\t\t<div class=\"elementor-column-wrap elementor-element-populated\">\n\t\t\t\t\t\t\t<div class=\"elementor-widget-wrap\">\n\t\t\t\t\t\t<div class=\"elementor-element elementor-element-113f05dd elementor-widget elementor-widget-text-editor\" data-id=\"113f05dd\" data-element_type=\"widget\" data-widget_type=\"text-editor.default\">\n\t\t\t\t<div class=\"elementor-widget-container\">\n\t\t\t\t\t\t\t\t<div class=\"elementor-text-editor elementor-clearfix\">\n\t\t\t\t<a href=\"http:\/\/www.arnaudom.fr\/wordpress\/cartescorpion\"><strong>Afficher la carte<\/strong><\/a>\t\t\t\t\t<\/div>\n\t\t\t\t\t\t<\/div>\n\t\t\t\t<\/div>\n\t\t\t\t\t\t<\/div>\n\t\t\t\t\t<\/div>\n\t\t<\/div>\n\t\t\t\t<div class=\"elementor-column elementor-col-50 elementor-inner-column elementor-element elementor-element-1e6b0a65\" data-id=\"1e6b0a65\" data-element_type=\"column\" data-settings=\"{&quot;background_background&quot;:&quot;classic&quot;}\">\n\t\t\t<div class=\"elementor-column-wrap elementor-element-populated\">\n\t\t\t\t\t\t\t<div class=\"elementor-widget-wrap\">\n\t\t\t\t\t\t<div class=\"elementor-element elementor-element-2216e053 elementor-widget elementor-widget-image\" data-id=\"2216e053\" data-element_type=\"widget\" data-widget_type=\"image.default\">\n\t\t\t\t<div class=\"elementor-widget-container\">\n\t\t\t\t\t\t\t\t<div class=\"elementor-image\">\n\t\t\t\t\t\t\t\t\t\t\t\t\t<a href=\"http:\/\/www.arnaudom.fr\/wordpress\/cartescorpion\">\n\t\t\t\t\t\t\t<img loading=\"lazy\" decoding=\"async\" width=\"150\" height=\"143\" src=\"https:\/\/www.arnaudom.fr\/wordpress\/wp-content\/uploads\/2019\/08\/tcartescorpion.jpg\" class=\"attachment-large size-large wp-image-3366\" alt=\"\" \/>\t\t\t\t\t\t\t\t<\/a>\n\t\t\t\t\t\t\t\t\t\t\t\t\t\t<\/div>\n\t\t\t\t\t\t<\/div>\n\t\t\t\t<\/div>\n\t\t\t\t\t\t<\/div>\n\t\t\t\t\t<\/div>\n\t\t<\/div>\n\t\t\t\t\t\t\t\t<\/div>\n\t\t\t\t\t<\/div>\n\t\t<\/section>\n\t\t\t\t<div class=\"elementor-element elementor-element-2cce4004 elementor-widget elementor-widget-heading\" data-id=\"2cce4004\" data-element_type=\"widget\" data-widget_type=\"heading.default\">\n\t\t\t\t<div class=\"elementor-widget-container\">\n\t\t\t<h3 class=\"elementor-heading-title elementor-size-default\">Objets observ\u00e9s :<\/h3>\t\t<\/div>\n\t\t\t\t<\/div>\n\t\t\t\t<div class=\"elementor-element elementor-element-35d4635d elementor-widget elementor-widget-text-editor\" data-id=\"35d4635d\" data-element_type=\"widget\" data-widget_type=\"text-editor.default\">\n\t\t\t\t<div class=\"elementor-widget-container\">\n\t\t\t\t\t\t\t\t<div class=\"elementor-text-editor elementor-clearfix\">\n\t\t\t\t<p>1 \u00e9toile : Antar\u00e8s.<\/p><p>1 \u00e9toile double : B\u00e9ta.<\/p><p>2 amas ouverts : M6 (amas du papillon) et M7.<\/p><p>2 amas globulaires : M4 et M80.<\/p>\t\t\t\t\t<\/div>\n\t\t\t\t\t\t<\/div>\n\t\t\t\t<\/div>\n\t\t\t\t<div class=\"elementor-element elementor-element-ce51414 elementor-widget elementor-widget-heading\" data-id=\"ce51414\" data-element_type=\"widget\" data-widget_type=\"heading.default\">\n\t\t\t\t<div class=\"elementor-widget-container\">\n\t\t\t<h3 class=\"elementor-heading-title elementor-size-default\">Introduction :<\/h3>\t\t<\/div>\n\t\t\t\t<\/div>\n\t\t\t\t<div class=\"elementor-element elementor-element-326b6602 elementor-widget elementor-widget-text-editor\" data-id=\"326b6602\" data-element_type=\"widget\" data-widget_type=\"text-editor.default\">\n\t\t\t\t<div class=\"elementor-widget-container\">\n\t\t\t\t\t\t\t\t<div class=\"elementor-text-editor elementor-clearfix\">\n\t\t\t\t<p>observation effectu\u00e9e en juillet 2005. La constellation est basse sur l&rsquo;horizon sud \u00e0 cette \u00e9poque de l&rsquo;ann\u00e9e, et ne monte de toute fa\u00e7on pas tr\u00e8s haut dans le ciel, c&rsquo;est pourquoi il faut b\u00e9n\u00e9ficier d&rsquo;un horizon sud et sud-ouest d\u00e9gag\u00e9 pour bien l&rsquo;observer. Il faudra \u00e9galement attendre qu&rsquo;elle soit le plus haute possible, car en d\u00e9but de nuit seul le haut du Scorpion est visible. On rep\u00e8re la constellation gr\u00e2ce \u00e0 la pr\u00e9sence de l&rsquo;\u00e9toile rouge et brillante Antar\u00e8s, et des trois \u00e9toiles B\u00e9ta, Delta et Pi qui sont facilement visibles \u00e0 l&rsquo;oeil nu. Dans le Scorpion, on trouvera deux amas globulaires, M4 et M80, et deux grands amas ouverts, M6 et M7, qui n\u00e9cessitent que la constellation soit le plus haut possible pour \u00eatre visibles.<\/p>\t\t\t\t\t<\/div>\n\t\t\t\t\t\t<\/div>\n\t\t\t\t<\/div>\n\t\t\t\t<div class=\"elementor-element elementor-element-51493d9a elementor-widget elementor-widget-text-editor\" data-id=\"51493d9a\" data-element_type=\"widget\" data-widget_type=\"text-editor.default\">\n\t\t\t\t<div class=\"elementor-widget-container\">\n\t\t\t\t\t\t\t\t<div class=\"elementor-text-editor elementor-clearfix\">\n\t\t\t\t<h3><span class=\"gras col5\">La t\u00eate du Scorpion :<\/span> (<a href=\"http:\/\/www.arnaudom.fr\/wordpress\/cartescorpion\">carte<\/a>)<\/h3>\t\t\t\t\t<\/div>\n\t\t\t\t\t\t<\/div>\n\t\t\t\t<\/div>\n\t\t\t\t<div class=\"elementor-element elementor-element-49d10ee5 elementor-widget elementor-widget-text-editor\" data-id=\"49d10ee5\" data-element_type=\"widget\" data-widget_type=\"text-editor.default\">\n\t\t\t\t<div class=\"elementor-widget-container\">\n\t\t\t\t\t\t\t\t<div class=\"elementor-text-editor elementor-clearfix\">\n\t\t\t\t<p>Tout d&rsquo;abord, on voit facilement \u00e0 l&rsquo;oeil nu une \u00e9toile tr\u00e8s brillante et scintillante, Antar\u00e8s, qui pr\u00e9sente une couleur tendant vers le rouge. Au t\u00e9lescope, l&rsquo;impression se confirme. Antar\u00e8s est rougeoyante, et pr\u00e9sente une forte activit\u00e9. Elle scintille \u00e9norm\u00e9ment, et ce d&rsquo;autant plus quand elle est tr\u00e8s basse sur l&rsquo;horizon, car la turbulence pr\u00e9sente au ras du sol augmente l&rsquo;intensit\u00e9 de son scintillement.<\/p><p>On peut maintenant pointer B\u00e9ta du Scorpion, ce qui est \u00e9galement tr\u00e8s ais\u00e9 puisque qu&rsquo;elle est facilement visible \u00e0 l&rsquo;oeil nu. Cette \u00e9toile, nomm\u00e9e \u00e9galement Graffias, est une belle petite \u00e9toile double facile \u00e0 s\u00e9parer. Elle est d\u00e9doubl\u00e9e d\u00e9s 45x de grossissement (avec le 20 mm), et pr\u00e9sente deux \u00e9toiles de teintes diff\u00e9rentes : la principale est blanche, tandis que la secondaire, un peu plus p\u00e2le, montre un \u00e9clat un peu bleut\u00e9.<\/p><p>Retournons maintenant sur Antar\u00e8s, que l&rsquo;on va pointer avec un faible grossissement. Tout pr\u00e8s d&rsquo;elle se trouve notre premier amas globulaire, M4. Celui-ci se trouve \u00e0 droite d&rsquo;Antar\u00e8s, donc \u00e0 gauche au t\u00e9lescope dans l&rsquo;oculaire. Avec un grossissement de 28x (avec le 32 mm), M4 se trouve dans le m\u00eame champ que l&rsquo;\u00e9toile rouge. On colle Antar\u00e8s \u00e0 droite de l&rsquo;oculaire, et M4 se rep\u00e8re \u00e0 gauche du champ. Attention, il faut que le Scorpion ne soit pas trop bas ni trop noy\u00e9 dans la turbulence de l&rsquo;horizon, sinon M4 peut \u00eatre parfois carr\u00e9ment invisible ! A 28x il se rep\u00e8re facilement car il est assez large et assez \u00e9tendu. Il n&rsquo;a pas l&rsquo;aspect d&rsquo;un amas globulaire comme M13, c&rsquo;est-\u00e0-dire qu&rsquo;il n&rsquo;a pas une forme tr\u00e8s circulaire avec un centre tr\u00e8s brillant. Il est plus \u00e9tal\u00e9, son centre n&rsquo;est pas tr\u00e8s dense et on l&rsquo;observe mieux \u00e0 45x, voir \u00e0 90x (avec le 10 mm). De nombreuses \u00e9toiles de M4 sont visibles, notamment en vision d\u00e9cal\u00e9e mais aussi en vision directe.<\/p><p>Enfin, on va aller chercher un second amas globulaire beaucoup plus petit mais assez facile \u00e0 rep\u00e9rer, M80. Pour le trouver, il faut pointer Sigma avec un faible grossissement, comme 28x. Cette \u00e9toile est tr\u00e8s facile \u00e0 voir \u00e0 l&rsquo;oeil nu, \u00e0 droite d&rsquo;Antar\u00e8s. On va rep\u00e9rer maintenant l&rsquo;\u00e9toile Omicron au-dessus de Sigma (dans l&rsquo;oculaire, elle est en-dessous avec l&rsquo;inversion). Toujours dans l&rsquo;oculaire, on va chercher en bas \u00e0 gauche d&rsquo;Omicron et normalement on devrait trouver sans trop de probl\u00e8me M80. Il se pr\u00e9sente \u00e0 28x comme une boule au centre brillant et au contour flou, entre deux petites \u00e9toiles. Ces 3 objets (M80 et les deux \u00e9toiles) ne sont cependant pas align\u00e9s. Il est donc petit, on peut le grossir 90x. A ce grossissement, son centre est toujours brillant et son pourtour reste flou, on ne distingue pas d&rsquo;\u00e9toile sur sa p\u00e9riph\u00e9rie.<\/p>\t\t\t\t\t<\/div>\n\t\t\t\t\t\t<\/div>\n\t\t\t\t<\/div>\n\t\t\t\t<div class=\"elementor-element elementor-element-26aea842 elementor-widget elementor-widget-text-editor\" data-id=\"26aea842\" data-element_type=\"widget\" data-widget_type=\"text-editor.default\">\n\t\t\t\t<div class=\"elementor-widget-container\">\n\t\t\t\t\t\t\t\t<div class=\"elementor-text-editor elementor-clearfix\">\n\t\t\t\t<h3><span class=\"gras col5\">La queue du Scorpion : <\/span>(<a href=\"http:\/\/www.arnaudom.fr\/wordpress\/cartescorpion\">carte<\/a>)<\/h3>\t\t\t\t\t<\/div>\n\t\t\t\t\t\t<\/div>\n\t\t\t\t<\/div>\n\t\t\t\t<div class=\"elementor-element elementor-element-55919776 elementor-widget elementor-widget-text-editor\" data-id=\"55919776\" data-element_type=\"widget\" data-widget_type=\"text-editor.default\">\n\t\t\t\t<div class=\"elementor-widget-container\">\n\t\t\t\t\t\t\t\t<div class=\"elementor-text-editor elementor-clearfix\">\n\t\t\t\t<p>Allons maintenant du c\u00f4t\u00e9 de la queue du Scorpion, pr\u00e8s de l&rsquo;\u00e9toile Lambda qui va servir de point de rep\u00e8re. Attention, si le Scorpion n&rsquo;est pas suffisamment haut (ou si l&rsquo;horizon n&rsquo;est pas assez d\u00e9gag\u00e9), il se peut que cette \u00e9toile ne soit pas visible. Dans ce cas-l\u00e0, il est impossible d&rsquo;apercevoir nos deux derniers objets, M7 et M6. Il faut parfois attendre que la constellation monte dans le ciel pour les observer. M7 et M6 sont deux tr\u00e8s grands amas ouverts, le moyen le plus simple de les rep\u00e9rer \u00e9tant d&rsquo;utiliser une paire de jumelles ! En allant chercher en haut \u00e0 gauche de Lambda aux jumelles, on doit pouvoir trouver M7 sans trop de difficult\u00e9. En partant de M7 et en se dirigeant en haut \u00e0 droite, on devrait pouvoir trouver ensuite M6. On rep\u00e8re bien leur position, et il ne reste plus qu&rsquo;\u00e0 retourner les pointer au t\u00e9l\u00e9scope.<\/p><p>Avec 28x de grossissement, on va donc d&rsquo;abord se diriger vers M7. L&rsquo;amas est facile \u00e0 rep\u00e9rer, et \u00e0 ce grossissement il remplit d\u00e9j\u00e0 presque tout le champ. On peut le grossir 45x, et l\u00e0 M7 remplit l&rsquo;oculaire. On distingue facilement une vingtaine d&rsquo;\u00e9toiles tr\u00e8s \u00e9cart\u00e9es les unes des autres, qui forment des cha\u00eenes de 3-4 \u00e9toiles entrelac\u00e9es. L&rsquo;amas est donc peu dense et assez \u00e9tendu. Il est assez joli.<\/p><p>Terminons notre observation en repartant de M7, toujours \u00e0 28x, et allons chercher M6 qui se trouve donc en haut \u00e0 droite de M7, ce qui veut dire en bas \u00e0 gauche dans l&rsquo;oculaire. Il est moins \u00e9tendu que M7 et contient un peu plus d&rsquo;\u00e9toiles facilement visibles, ce qui en fait un amas un peu plus esth\u00e9tique que M7. Sa forme globale lui vaut son surnom de \u00ab\u00a0Amas du Papillon\u00a0\u00bb. On peut l&rsquo;observer \u00e0 45x, voire \u00e0 90x, l&rsquo;amas n&rsquo;est pas tr\u00e8s dense (mais il est plus dense que M7). On distingue facilement 30-40 \u00e9toiles bien s\u00e9par\u00e9es les unes des autres. Une \u00e9toile plus brillante que les autres se d\u00e9tache du reste de l&rsquo;amas sur son bord droit (dans l&rsquo;oculaire). Bref, c&rsquo;est un tr\u00e8s bel amas, plus beau que M7.<\/p>\t\t\t\t\t<\/div>\n\t\t\t\t\t\t<\/div>\n\t\t\t\t<\/div>\n\t\t\t\t\t\t<\/div>\n\t\t\t\t\t<\/div>\n\t\t<\/div>\n\t\t\t\t\t\t\t\t<\/div>\n\t\t\t\t\t<\/div>\n\t\t<\/section>\n\t\t\t\t\t\t\t\t\t<\/div>\n\t\t\t<\/div>\n\t\t\t\t\t<\/div>\n\t\t","protected":false},"excerpt":{"rendered":"<p>Observer la constellation du Scorpion Afficher la carte Objets observ\u00e9s : 1 \u00e9toile : Antar\u00e8s. 1 \u00e9toile double : B\u00e9ta. 2 amas ouverts : M6 (amas du papillon) et M7. 2 amas globulaires : M4 et M80. Introduction : observation effectu\u00e9e en juillet 2005. La constellation est basse sur l&rsquo;horizon sud \u00e0 cette \u00e9poque de &hellip;<\/p>\n<p class=\"read-more\"> <a class=\"\" href=\"https:\/\/www.arnaudom.fr\/wordpress\/scorpion\/\"> <span class=\"screen-reader-text\">scorpion<\/span> Lire la suite\u00a0\u00bb<\/a><\/p>\n","protected":false},"author":1,"featured_media":0,"parent":0,"menu_order":0,"comment_status":"closed","ping_status":"closed","template":"","meta":{"site-sidebar-layout":"default","site-content-layout":"default","ast-site-content-layout":"","site-content-style":"default","site-sidebar-style":"default","ast-global-header-display":"","ast-banner-title-visibility":"","ast-main-header-display":"","ast-hfb-above-header-display":"","ast-hfb-below-header-display":"","ast-hfb-mobile-header-display":"","site-post-title":"disabled","ast-breadcrumbs-content":"","ast-featured-img":"","footer-sml-layout":"","theme-transparent-header-meta":"default","adv-header-id-meta":"","stick-header-meta":"","header-above-stick-meta":"","header-main-stick-meta":"","header-below-stick-meta":"","astra-migrate-meta-layouts":"","ast-page-background-enabled":"default","ast-page-background-meta":{"desktop":{"background-color":"","background-image":"","background-repeat":"repeat","background-position":"center center","background-size":"auto","background-attachment":"scroll","background-type":"","background-media":"","overlay-type":"","overlay-color":"","overlay-gradient":""},"tablet":{"background-color":"","background-image":"","background-repeat":"repeat","background-position":"center center","background-size":"auto","background-attachment":"scroll","background-type":"","background-media":"","overlay-type":"","overlay-color":"","overlay-gradient":""},"mobile":{"background-color":"","background-image":"","background-repeat":"repeat","background-position":"center center","background-size":"auto","background-attachment":"scroll","background-type":"","background-media":"","overlay-type":"","overlay-color":"","overlay-gradient":""}},"ast-content-background-meta":{"desktop":{"background-color":"var(--ast-global-color-5)","background-image":"","background-repeat":"repeat","background-position":"center center","background-size":"auto","background-attachment":"scroll","background-type":"","background-media":"","overlay-type":"","overlay-color":"","overlay-gradient":""},"tablet":{"background-color":"var(--ast-global-color-5)","background-image":"","background-repeat":"repeat","background-position":"center center","background-size":"auto","background-attachment":"scroll","background-type":"","background-media":"","overlay-type":"","overlay-color":"","overlay-gradient":""},"mobile":{"background-color":"var(--ast-global-color-5)","background-image":"","background-repeat":"repeat","background-position":"center center","background-size":"auto","background-attachment":"scroll","background-type":"","background-media":"","overlay-type":"","overlay-color":"","overlay-gradient":""}},"footnotes":""},"class_list":["post-3352","page","type-page","status-publish","hentry"],"_links":{"self":[{"href":"https:\/\/www.arnaudom.fr\/wordpress\/wp-json\/wp\/v2\/pages\/3352","targetHints":{"allow":["GET"]}}],"collection":[{"href":"https:\/\/www.arnaudom.fr\/wordpress\/wp-json\/wp\/v2\/pages"}],"about":[{"href":"https:\/\/www.arnaudom.fr\/wordpress\/wp-json\/wp\/v2\/types\/page"}],"author":[{"embeddable":true,"href":"https:\/\/www.arnaudom.fr\/wordpress\/wp-json\/wp\/v2\/users\/1"}],"replies":[{"embeddable":true,"href":"https:\/\/www.arnaudom.fr\/wordpress\/wp-json\/wp\/v2\/comments?post=3352"}],"version-history":[{"count":11,"href":"https:\/\/www.arnaudom.fr\/wordpress\/wp-json\/wp\/v2\/pages\/3352\/revisions"}],"predecessor-version":[{"id":5148,"href":"https:\/\/www.arnaudom.fr\/wordpress\/wp-json\/wp\/v2\/pages\/3352\/revisions\/5148"}],"wp:attachment":[{"href":"https:\/\/www.arnaudom.fr\/wordpress\/wp-json\/wp\/v2\/media?parent=3352"}],"curies":[{"name":"wp","href":"https:\/\/api.w.org\/{rel}","templated":true}]}}