{"id":3328,"date":"2019-08-18T21:39:08","date_gmt":"2019-08-18T19:39:08","guid":{"rendered":"http:\/\/www.arnaudom.fr\/wordpress\/?page_id=3328"},"modified":"2020-08-16T10:18:15","modified_gmt":"2020-08-16T08:18:15","slug":"hercule","status":"publish","type":"page","link":"https:\/\/www.arnaudom.fr\/wordpress\/hercule\/","title":{"rendered":"hercule"},"content":{"rendered":"\t\t<div data-elementor-type=\"wp-post\" data-elementor-id=\"3328\" class=\"elementor elementor-3328\">\n\t\t\t\t\t\t<div class=\"elementor-inner\">\n\t\t\t\t<div class=\"elementor-section-wrap\">\n\t\t\t\t\t\t\t\t\t<section class=\"elementor-section elementor-top-section elementor-element elementor-element-799bd5d8 elementor-section-full_width elementor-section-height-default elementor-section-height-default\" data-id=\"799bd5d8\" data-element_type=\"section\" data-settings=\"{&quot;background_background&quot;:&quot;classic&quot;}\">\n\t\t\t\t\t\t<div class=\"elementor-container elementor-column-gap-default\">\n\t\t\t\t\t\t\t<div class=\"elementor-row\">\n\t\t\t\t\t<div class=\"elementor-column elementor-col-100 elementor-top-column elementor-element elementor-element-b93fac9\" data-id=\"b93fac9\" data-element_type=\"column\" data-settings=\"{&quot;background_background&quot;:&quot;classic&quot;}\">\n\t\t\t<div class=\"elementor-column-wrap elementor-element-populated\">\n\t\t\t\t\t\t\t<div class=\"elementor-widget-wrap\">\n\t\t\t\t\t\t<div class=\"elementor-element elementor-element-49a46152 elementor-widget elementor-widget-heading\" data-id=\"49a46152\" data-element_type=\"widget\" data-widget_type=\"heading.default\">\n\t\t\t\t<div class=\"elementor-widget-container\">\n\t\t\t<h1 class=\"elementor-heading-title elementor-size-default\">Observer la constellation d'Hercule<\/h1>\t\t<\/div>\n\t\t\t\t<\/div>\n\t\t\t\t<div class=\"elementor-element elementor-element-3b42f246 elementor-widget elementor-widget-spacer\" data-id=\"3b42f246\" data-element_type=\"widget\" data-widget_type=\"spacer.default\">\n\t\t\t\t<div class=\"elementor-widget-container\">\n\t\t\t\t\t<div class=\"elementor-spacer\">\n\t\t\t<div class=\"elementor-spacer-inner\"><\/div>\n\t\t<\/div>\n\t\t\t\t<\/div>\n\t\t\t\t<\/div>\n\t\t\t\t<section class=\"elementor-section elementor-inner-section elementor-element elementor-element-1753b670 elementor-section-content-middle elementor-section-boxed elementor-section-height-default elementor-section-height-default\" data-id=\"1753b670\" data-element_type=\"section\">\n\t\t\t\t\t\t<div class=\"elementor-container elementor-column-gap-default\">\n\t\t\t\t\t\t\t<div class=\"elementor-row\">\n\t\t\t\t\t<div class=\"elementor-column elementor-col-50 elementor-inner-column elementor-element elementor-element-3844ca7b\" data-id=\"3844ca7b\" data-element_type=\"column\" data-settings=\"{&quot;background_background&quot;:&quot;classic&quot;}\">\n\t\t\t<div class=\"elementor-column-wrap elementor-element-populated\">\n\t\t\t\t\t\t\t<div class=\"elementor-widget-wrap\">\n\t\t\t\t\t\t<div class=\"elementor-element elementor-element-141e9f89 elementor-widget elementor-widget-text-editor\" data-id=\"141e9f89\" data-element_type=\"widget\" data-widget_type=\"text-editor.default\">\n\t\t\t\t<div class=\"elementor-widget-container\">\n\t\t\t\t\t\t\t\t<div class=\"elementor-text-editor elementor-clearfix\">\n\t\t\t\t<a href=\"http:\/\/www.arnaudom.fr\/wordpress\/cartehercule\"><strong>Afficher la carte<\/strong><\/a>\t\t\t\t\t<\/div>\n\t\t\t\t\t\t<\/div>\n\t\t\t\t<\/div>\n\t\t\t\t\t\t<\/div>\n\t\t\t\t\t<\/div>\n\t\t<\/div>\n\t\t\t\t<div class=\"elementor-column elementor-col-50 elementor-inner-column elementor-element elementor-element-64a1ef19\" data-id=\"64a1ef19\" data-element_type=\"column\" data-settings=\"{&quot;background_background&quot;:&quot;classic&quot;}\">\n\t\t\t<div class=\"elementor-column-wrap elementor-element-populated\">\n\t\t\t\t\t\t\t<div class=\"elementor-widget-wrap\">\n\t\t\t\t\t\t<div class=\"elementor-element elementor-element-413cf50 elementor-widget elementor-widget-image\" data-id=\"413cf50\" data-element_type=\"widget\" data-widget_type=\"image.default\">\n\t\t\t\t<div class=\"elementor-widget-container\">\n\t\t\t\t\t\t\t\t<div class=\"elementor-image\">\n\t\t\t\t\t\t\t\t\t\t\t\t\t<a href=\"http:\/\/www.arnaudom.fr\/wordpress\/cartehercule\">\n\t\t\t\t\t\t\t<img loading=\"lazy\" decoding=\"async\" width=\"150\" height=\"157\" src=\"https:\/\/www.arnaudom.fr\/wordpress\/wp-content\/uploads\/2019\/08\/tcartehercule.jpg\" class=\"attachment-large size-large wp-image-3340\" alt=\"\" \/>\t\t\t\t\t\t\t\t<\/a>\n\t\t\t\t\t\t\t\t\t\t\t\t\t\t<\/div>\n\t\t\t\t\t\t<\/div>\n\t\t\t\t<\/div>\n\t\t\t\t\t\t<\/div>\n\t\t\t\t\t<\/div>\n\t\t<\/div>\n\t\t\t\t\t\t\t\t<\/div>\n\t\t\t\t\t<\/div>\n\t\t<\/section>\n\t\t\t\t<div class=\"elementor-element elementor-element-6c20090e elementor-widget elementor-widget-heading\" data-id=\"6c20090e\" data-element_type=\"widget\" data-widget_type=\"heading.default\">\n\t\t\t\t<div class=\"elementor-widget-container\">\n\t\t\t<h3 class=\"elementor-heading-title elementor-size-default\">Objets observ\u00e9s :<\/h3>\t\t<\/div>\n\t\t\t\t<\/div>\n\t\t\t\t<div class=\"elementor-element elementor-element-4250bc0d elementor-widget elementor-widget-text-editor\" data-id=\"4250bc0d\" data-element_type=\"widget\" data-widget_type=\"text-editor.default\">\n\t\t\t\t<div class=\"elementor-widget-container\">\n\t\t\t\t\t\t\t\t<div class=\"elementor-text-editor elementor-clearfix\">\n\t\t\t\t<p>1 \u00e9toile double : Rasalgethi.<\/p><p>2 amas globulaires : M13 et M92.<\/p>\t\t\t\t\t<\/div>\n\t\t\t\t\t\t<\/div>\n\t\t\t\t<\/div>\n\t\t\t\t<div class=\"elementor-element elementor-element-789a2a7a elementor-widget elementor-widget-heading\" data-id=\"789a2a7a\" data-element_type=\"widget\" data-widget_type=\"heading.default\">\n\t\t\t\t<div class=\"elementor-widget-container\">\n\t\t\t<h3 class=\"elementor-heading-title elementor-size-default\">Introduction :<\/h3>\t\t<\/div>\n\t\t\t\t<\/div>\n\t\t\t\t<div class=\"elementor-element elementor-element-10f8fad7 elementor-widget elementor-widget-text-editor\" data-id=\"10f8fad7\" data-element_type=\"widget\" data-widget_type=\"text-editor.default\">\n\t\t\t\t<div class=\"elementor-widget-container\">\n\t\t\t\t\t\t\t\t<div class=\"elementor-text-editor elementor-clearfix\">\n\t\t\t\tobservation effectu\u00e9e en ao\u00fbt 2004. La constellation d&rsquo;Hercule se rep\u00e8re surtout gr\u00e2ce aux deux quadrilat\u00e8res centraux, celui qui forme le torse d&rsquo;Hercule, appel\u00e9 aussi la cl\u00e9 de vo\u00fbte (<a href=\"http:\/\/www.arnaudom.fr\/wordpress\/cartehercule\">voir carte<\/a>), et celui du dessous repr\u00e9sentant la tunique d&rsquo;Hercule. Le reste de la constellation n&rsquo;est pas tr\u00e8s facile \u00e0 voir. Hercule se trouve \u00e0 l&rsquo;est de la Couronne Bor\u00e9ale, constellation qui forme une grande \u00ab\u00a0couronne\u00a0\u00bb (un arc de cercle) de 5 ou 6 \u00e9toiles brillantes, visibles parfaitement \u00e0 l&rsquo;oeil nu. La Couronne Bor\u00e9ale est elle-m\u00eame \u00e0 l&rsquo;est de la constellation du Bouvier, qui repr\u00e9sente une esp\u00e8ce de grand cerf-volant mais qui se rep\u00e8re surtout par son \u00e9toile Arcturus qui se trouve tout en bas de la constellation. C&rsquo;est une \u00e9toile jaune parmi les plus brillantes du ciel, qui est basse en \u00e9t\u00e9 et qui se trouve \u00e0 l&rsquo;ouest (voire au nord-ouest) \u00e0 cette \u00e9poque de l&rsquo;ann\u00e9e. Trois objets sont \u00e0 voir dans Hercule. Il y a d&rsquo;abord deux des plus beaux amas globulaires du ciel, \u00e0 savoir le tr\u00e8s c\u00e9l\u00e8bre M13, le plus gros amas globulaire de l&rsquo;h\u00e9misph\u00e8re nord, et M92, un autre amas tr\u00e8s int\u00e9ressant. A cela s&rsquo;ajoute Rasalgethi, une \u00e9toile double tr\u00e8s serr\u00e9e.\t\t\t\t\t<\/div>\n\t\t\t\t\t\t<\/div>\n\t\t\t\t<\/div>\n\t\t\t\t<div class=\"elementor-element elementor-element-73189d00 elementor-widget elementor-widget-text-editor\" data-id=\"73189d00\" data-element_type=\"widget\" data-widget_type=\"text-editor.default\">\n\t\t\t\t<div class=\"elementor-widget-container\">\n\t\t\t\t\t\t\t\t<div class=\"elementor-text-editor elementor-clearfix\">\n\t\t\t\t<h3><span class=\"gras col5\">M13 :<\/span> (<a href=\"http:\/\/www.arnaudom.fr\/wordpress\/cartehercule\">carte<\/a>)<\/h3>\t\t\t\t\t<\/div>\n\t\t\t\t\t\t<\/div>\n\t\t\t\t<\/div>\n\t\t\t\t<div class=\"elementor-element elementor-element-22d8bd7f elementor-widget elementor-widget-text-editor\" data-id=\"22d8bd7f\" data-element_type=\"widget\" data-widget_type=\"text-editor.default\">\n\t\t\t\t<div class=\"elementor-widget-container\">\n\t\t\t\t\t\t\t\t<div class=\"elementor-text-editor elementor-clearfix\">\n\t\t\t\t<p>non seulement M13 est le plus gros amas globulaire de l&rsquo;h\u00e9misph\u00e8re nord, mais il est \u00e9galement l&rsquo;un des plus simples \u00e0 rep\u00e9rer ! Il suffit de pointer au tiers du segment form\u00e9 par Eta et Dz\u00eata en partant de Eta pour le trouver. Aux jumelles, on l&rsquo;aper\u00e7oit d\u00e9j\u00e0 tr\u00e8s facilement. Au t\u00e9lescope, il est donc visible au chercheur. Il est tr\u00e8s lumineux, au 32 mm (grossissement 28x) on voit comme une \u00e9norme \u00e9toile floue sur fond de ciel noir &#8230; A 90x (10 mm), il est bien granuleux et on aper\u00e7oit beaucoup d&rsquo;\u00e9toiles sur le pourtour en vision d\u00e9cal\u00e9e. Il ressemble \u00e0 une \u00e9toile de mer car on voit comme des \u00ab\u00a0branches\u00a0\u00bb ( \u00e9videmment c&rsquo;est une appr\u00e9ciation personnelle &#8230; ). A 150x (6 mm), on le voit encore tr\u00e8s bien, son pourtour est r\u00e9solu en minuscules petites \u00e9toiles. A voir absolument donc !<\/p>\t\t\t\t\t<\/div>\n\t\t\t\t\t\t<\/div>\n\t\t\t\t<\/div>\n\t\t\t\t<div class=\"elementor-element elementor-element-e76d9e1 elementor-widget elementor-widget-text-editor\" data-id=\"e76d9e1\" data-element_type=\"widget\" data-widget_type=\"text-editor.default\">\n\t\t\t\t<div class=\"elementor-widget-container\">\n\t\t\t\t\t\t\t\t<div class=\"elementor-text-editor elementor-clearfix\">\n\t\t\t\t<h3><span class=\"gras col5\">M92 :<\/span>\u00a0(<a href=\"http:\/\/www.arnaudom.fr\/wordpress\/cartehercule\">carte<\/a>)<\/h3>\t\t\t\t\t<\/div>\n\t\t\t\t\t\t<\/div>\n\t\t\t\t<\/div>\n\t\t\t\t<div class=\"elementor-element elementor-element-30bf9370 elementor-widget elementor-widget-text-editor\" data-id=\"30bf9370\" data-element_type=\"widget\" data-widget_type=\"text-editor.default\">\n\t\t\t\t<div class=\"elementor-widget-container\">\n\t\t\t\t\t\t\t\t<div class=\"elementor-text-editor elementor-clearfix\">\n\t\t\t\t<p>le deuxi\u00e8me amas globulaire d&rsquo;Hercule est un peu moins facile \u00e0 rep\u00e9rer, mais se trouve n\u00e9anmoins sans trop de difficult\u00e9 en allant chercher au nord de l&rsquo;\u00e9toile Pi. La recherche peut d&rsquo;ailleurs se faire aux jumelles, car il se voit ais\u00e9ment. Au t\u00e9l\u00e9scope, je l&rsquo;ai trouv\u00e9 apr\u00e8s avoir balay\u00e9 la zone au 32 mm. C&rsquo;est un bel amas globulaire, assez grand, qui peut \u00eatre observ\u00e9 avec un grossissement de 90x et de 150x. Il est superbe avec un centre tr\u00e8s lumineux, et de nombreuses \u00e9toiles s&rsquo;en d\u00e9tachent quand on observe l&rsquo;amas en vision d\u00e9cal\u00e9e. Il m\u00e9rite donc lui aussi largement le d\u00e9placement !<\/p>\t\t\t\t\t<\/div>\n\t\t\t\t\t\t<\/div>\n\t\t\t\t<\/div>\n\t\t\t\t<div class=\"elementor-element elementor-element-abf7308 elementor-widget elementor-widget-text-editor\" data-id=\"abf7308\" data-element_type=\"widget\" data-widget_type=\"text-editor.default\">\n\t\t\t\t<div class=\"elementor-widget-container\">\n\t\t\t\t\t\t\t\t<div class=\"elementor-text-editor elementor-clearfix\">\n\t\t\t\t<h3><span class=\"gras col5\">Rasalgethi :<\/span>\u00a0(<a href=\"http:\/\/www.arnaudom.fr\/wordpress\/cartehercule\">carte<\/a>)<\/h3>\t\t\t\t\t<\/div>\n\t\t\t\t\t\t<\/div>\n\t\t\t\t<\/div>\n\t\t\t\t<div class=\"elementor-element elementor-element-cdde39b elementor-widget elementor-widget-text-editor\" data-id=\"cdde39b\" data-element_type=\"widget\" data-widget_type=\"text-editor.default\">\n\t\t\t\t<div class=\"elementor-widget-container\">\n\t\t\t\t\t\t\t\t<div class=\"elementor-text-editor elementor-clearfix\">\n\t\t\t\t<p>pour finir, il faut trouver l&rsquo;\u00e9toile Alpha d&rsquo;Hercule, encore nomm\u00e9e Rasalgethi. Celle-ci est facilement visible \u00e0 l&rsquo;oeil nu, et elle se trouve \u00e0 droite d&rsquo;une \u00e9toile encore plus brillante, qui est Alpha Ophiuchus. Rasalgethi est une \u00e9toile double color\u00e9e, mais tr\u00e8s serr\u00e9e. Il faut un grossissement de 180x (10mm + Barlow x2), voire plus, pour r\u00e9ussir \u00e0 la d\u00e9doubler en deux \u00e9toiles color\u00e9es, la principale apparaissant jaune et la secondaire apparaissant bleut\u00e9e, et toute proche de la premi\u00e8re. Il faut \u00e9galement que la turbulence soit faible, sinon elle ne se d\u00e9double pas. C&rsquo;est un bon test de r\u00e9solution pour le 130\/900 !<\/p>\t\t\t\t\t<\/div>\n\t\t\t\t\t\t<\/div>\n\t\t\t\t<\/div>\n\t\t\t\t\t\t<\/div>\n\t\t\t\t\t<\/div>\n\t\t<\/div>\n\t\t\t\t\t\t\t\t<\/div>\n\t\t\t\t\t<\/div>\n\t\t<\/section>\n\t\t\t\t\t\t\t\t\t<\/div>\n\t\t\t<\/div>\n\t\t\t\t\t<\/div>\n\t\t","protected":false},"excerpt":{"rendered":"<p>Observer la constellation d&rsquo;Hercule Afficher la carte Objets observ\u00e9s : 1 \u00e9toile double : Rasalgethi. 2 amas globulaires : M13 et M92. Introduction : observation effectu\u00e9e en ao\u00fbt 2004. La constellation d&rsquo;Hercule se rep\u00e8re surtout gr\u00e2ce aux deux quadrilat\u00e8res centraux, celui qui forme le torse d&rsquo;Hercule, appel\u00e9 aussi la cl\u00e9 de vo\u00fbte (voir carte), et &hellip;<\/p>\n<p class=\"read-more\"> <a class=\"\" href=\"https:\/\/www.arnaudom.fr\/wordpress\/hercule\/\"> <span class=\"screen-reader-text\">hercule<\/span> Lire la suite\u00a0\u00bb<\/a><\/p>\n","protected":false},"author":1,"featured_media":0,"parent":0,"menu_order":0,"comment_status":"closed","ping_status":"closed","template":"","meta":{"site-sidebar-layout":"default","site-content-layout":"default","ast-site-content-layout":"","site-content-style":"default","site-sidebar-style":"default","ast-global-header-display":"","ast-banner-title-visibility":"","ast-main-header-display":"","ast-hfb-above-header-display":"","ast-hfb-below-header-display":"","ast-hfb-mobile-header-display":"","site-post-title":"disabled","ast-breadcrumbs-content":"","ast-featured-img":"","footer-sml-layout":"","theme-transparent-header-meta":"default","adv-header-id-meta":"","stick-header-meta":"","header-above-stick-meta":"","header-main-stick-meta":"","header-below-stick-meta":"","astra-migrate-meta-layouts":"","ast-page-background-enabled":"default","ast-page-background-meta":{"desktop":{"background-color":"","background-image":"","background-repeat":"repeat","background-position":"center center","background-size":"auto","background-attachment":"scroll","background-type":"","background-media":"","overlay-type":"","overlay-color":"","overlay-gradient":""},"tablet":{"background-color":"","background-image":"","background-repeat":"repeat","background-position":"center center","background-size":"auto","background-attachment":"scroll","background-type":"","background-media":"","overlay-type":"","overlay-color":"","overlay-gradient":""},"mobile":{"background-color":"","background-image":"","background-repeat":"repeat","background-position":"center center","background-size":"auto","background-attachment":"scroll","background-type":"","background-media":"","overlay-type":"","overlay-color":"","overlay-gradient":""}},"ast-content-background-meta":{"desktop":{"background-color":"var(--ast-global-color-5)","background-image":"","background-repeat":"repeat","background-position":"center center","background-size":"auto","background-attachment":"scroll","background-type":"","background-media":"","overlay-type":"","overlay-color":"","overlay-gradient":""},"tablet":{"background-color":"var(--ast-global-color-5)","background-image":"","background-repeat":"repeat","background-position":"center center","background-size":"auto","background-attachment":"scroll","background-type":"","background-media":"","overlay-type":"","overlay-color":"","overlay-gradient":""},"mobile":{"background-color":"var(--ast-global-color-5)","background-image":"","background-repeat":"repeat","background-position":"center center","background-size":"auto","background-attachment":"scroll","background-type":"","background-media":"","overlay-type":"","overlay-color":"","overlay-gradient":""}},"footnotes":""},"class_list":["post-3328","page","type-page","status-publish","hentry"],"_links":{"self":[{"href":"https:\/\/www.arnaudom.fr\/wordpress\/wp-json\/wp\/v2\/pages\/3328","targetHints":{"allow":["GET"]}}],"collection":[{"href":"https:\/\/www.arnaudom.fr\/wordpress\/wp-json\/wp\/v2\/pages"}],"about":[{"href":"https:\/\/www.arnaudom.fr\/wordpress\/wp-json\/wp\/v2\/types\/page"}],"author":[{"embeddable":true,"href":"https:\/\/www.arnaudom.fr\/wordpress\/wp-json\/wp\/v2\/users\/1"}],"replies":[{"embeddable":true,"href":"https:\/\/www.arnaudom.fr\/wordpress\/wp-json\/wp\/v2\/comments?post=3328"}],"version-history":[{"count":9,"href":"https:\/\/www.arnaudom.fr\/wordpress\/wp-json\/wp\/v2\/pages\/3328\/revisions"}],"predecessor-version":[{"id":5142,"href":"https:\/\/www.arnaudom.fr\/wordpress\/wp-json\/wp\/v2\/pages\/3328\/revisions\/5142"}],"wp:attachment":[{"href":"https:\/\/www.arnaudom.fr\/wordpress\/wp-json\/wp\/v2\/media?parent=3328"}],"curies":[{"name":"wp","href":"https:\/\/api.w.org\/{rel}","templated":true}]}}