{"id":3214,"date":"2019-08-17T09:08:10","date_gmt":"2019-08-17T07:08:10","guid":{"rendered":"http:\/\/www.arnaudom.fr\/wordpress\/?page_id=3214"},"modified":"2020-08-14T15:32:03","modified_gmt":"2020-08-14T13:32:03","slug":"bofprintemps","status":"publish","type":"page","link":"https:\/\/www.arnaudom.fr\/wordpress\/bofprintemps\/","title":{"rendered":"bofprintemps"},"content":{"rendered":"\t\t<div data-elementor-type=\"wp-post\" data-elementor-id=\"3214\" class=\"elementor elementor-3214\">\n\t\t\t\t\t\t<div class=\"elementor-inner\">\n\t\t\t\t<div class=\"elementor-section-wrap\">\n\t\t\t\t\t\t\t\t\t<section class=\"elementor-section elementor-top-section elementor-element elementor-element-24f293a3 elementor-section-full_width elementor-section-height-default elementor-section-height-default\" data-id=\"24f293a3\" data-element_type=\"section\" data-settings=\"{&quot;background_background&quot;:&quot;classic&quot;}\">\n\t\t\t\t\t\t<div class=\"elementor-container elementor-column-gap-default\">\n\t\t\t\t\t\t\t<div class=\"elementor-row\">\n\t\t\t\t\t<div class=\"elementor-column elementor-col-100 elementor-top-column elementor-element elementor-element-1421fec8\" data-id=\"1421fec8\" data-element_type=\"column\" data-settings=\"{&quot;background_background&quot;:&quot;classic&quot;}\">\n\t\t\t<div class=\"elementor-column-wrap elementor-element-populated\">\n\t\t\t\t\t\t\t<div class=\"elementor-widget-wrap\">\n\t\t\t\t\t\t<div class=\"elementor-element elementor-element-604ae33b elementor-widget elementor-widget-heading\" data-id=\"604ae33b\" data-element_type=\"widget\" data-widget_type=\"heading.default\">\n\t\t\t\t<div class=\"elementor-widget-container\">\n\t\t\t<h1 class=\"elementor-heading-title elementor-size-default\">LE BEST-OF DU PRINTEMPS<\/h1>\t\t<\/div>\n\t\t\t\t<\/div>\n\t\t\t\t<div class=\"elementor-element elementor-element-17a902d9 elementor-widget elementor-widget-text-editor\" data-id=\"17a902d9\" data-element_type=\"widget\" data-widget_type=\"text-editor.default\">\n\t\t\t\t<div class=\"elementor-widget-container\">\n\t\t\t\t\t\t\t\t<div class=\"elementor-text-editor elementor-clearfix\">\n\t\t\t\t<p>Si vous ne devez regardez que quelques objets du ciel profond ce printemps, que ce soit ceux-l\u00e0&#8230; Petite liste tr\u00e8s suggestive des objets \u00e0 ne pas manquer !<\/p>\t\t\t\t\t<\/div>\n\t\t\t\t\t\t<\/div>\n\t\t\t\t<\/div>\n\t\t\t\t<div class=\"elementor-element elementor-element-98a70f3 elementor-widget elementor-widget-text-editor\" data-id=\"98a70f3\" data-element_type=\"widget\" data-widget_type=\"text-editor.default\">\n\t\t\t\t<div class=\"elementor-widget-container\">\n\t\t\t\t\t\t\t\t<div class=\"elementor-text-editor elementor-clearfix\">\n\t\t\t\t<ul><li>M65, galaxie dans le Lion<\/li><li>M66, galaxie dans le Lion<\/li><li>NGC 3628, galaxie dans le Lion. Ces trois-l\u00e0 forment le fameux trio du Lion !<\/li><li>M53, amas globulaire dans la chevelure de B\u00e9r\u00e9nice<\/li><li>M64, galaxie dans la chevelure de B\u00e9r\u00e9nice<\/li><li>NGC 4565, galaxie dans la chevelure de B\u00e9r\u00e9nice<\/li><li>M3, amas globulaire dans les chiens de chasse<\/li><li>M51, galaxie double dans les chiens de chasse<\/li><li>M63, galaxie dans les chiens de chasse<\/li><li>M106, galaxie dans les chiens de chasse<\/li><li>Mizar, \u00e9toile double de la Grande Ourse accompagn\u00e9 d&rsquo;Alcor !<\/li><li>M81, galaxie dans la Grande Ourse<\/li><li>M82, galaxie dans la Grande Ourse, en duo avec la pr\u00e9c\u00e9dente<\/li><li>M108, galaxie dans la Grande Ourse<\/li><li>M97, n\u00e9buleuse plan\u00e9taire dans la Grande Ourse<\/li><li>M101, galaxie dans la Grande Ourse<\/li><li>M44, amas ouvert dans le Cancer<\/li><li>M67, amas ouvert dans le Cancer<\/li><li>Iota, \u00e9toile double jaune et bleue dans le Cancer.<\/li><\/ul>\t\t\t\t\t<\/div>\n\t\t\t\t\t\t<\/div>\n\t\t\t\t<\/div>\n\t\t\t\t\t\t<\/div>\n\t\t\t\t\t<\/div>\n\t\t<\/div>\n\t\t\t\t\t\t\t\t<\/div>\n\t\t\t\t\t<\/div>\n\t\t<\/section>\n\t\t\t\t\t\t\t\t\t<\/div>\n\t\t\t<\/div>\n\t\t\t\t\t<\/div>\n\t\t","protected":false},"excerpt":{"rendered":"<p>LE BEST-OF DU PRINTEMPS Si vous ne devez regardez que quelques objets du ciel profond ce printemps, que ce soit ceux-l\u00e0&#8230; Petite liste tr\u00e8s suggestive des objets \u00e0 ne pas manquer ! M65, galaxie dans le Lion M66, galaxie dans le Lion NGC 3628, galaxie dans le Lion. Ces trois-l\u00e0 forment le fameux trio du &hellip;<\/p>\n<p class=\"read-more\"> <a class=\"\" href=\"https:\/\/www.arnaudom.fr\/wordpress\/bofprintemps\/\"> <span class=\"screen-reader-text\">bofprintemps<\/span> Lire la suite\u00a0\u00bb<\/a><\/p>\n","protected":false},"author":1,"featured_media":0,"parent":0,"menu_order":0,"comment_status":"closed","ping_status":"closed","template":"","meta":{"site-sidebar-layout":"default","site-content-layout":"default","ast-site-content-layout":"","site-content-style":"default","site-sidebar-style":"default","ast-global-header-display":"","ast-banner-title-visibility":"","ast-main-header-display":"","ast-hfb-above-header-display":"","ast-hfb-below-header-display":"","ast-hfb-mobile-header-display":"","site-post-title":"disabled","ast-breadcrumbs-content":"","ast-featured-img":"","footer-sml-layout":"","theme-transparent-header-meta":"default","adv-header-id-meta":"","stick-header-meta":"","header-above-stick-meta":"","header-main-stick-meta":"","header-below-stick-meta":"","astra-migrate-meta-layouts":"","ast-page-background-enabled":"default","ast-page-background-meta":{"desktop":{"background-color":"","background-image":"","background-repeat":"repeat","background-position":"center center","background-size":"auto","background-attachment":"scroll","background-type":"","background-media":"","overlay-type":"","overlay-color":"","overlay-gradient":""},"tablet":{"background-color":"","background-image":"","background-repeat":"repeat","background-position":"center center","background-size":"auto","background-attachment":"scroll","background-type":"","background-media":"","overlay-type":"","overlay-color":"","overlay-gradient":""},"mobile":{"background-color":"","background-image":"","background-repeat":"repeat","background-position":"center center","background-size":"auto","background-attachment":"scroll","background-type":"","background-media":"","overlay-type":"","overlay-color":"","overlay-gradient":""}},"ast-content-background-meta":{"desktop":{"background-color":"var(--ast-global-color-5)","background-image":"","background-repeat":"repeat","background-position":"center center","background-size":"auto","background-attachment":"scroll","background-type":"","background-media":"","overlay-type":"","overlay-color":"","overlay-gradient":""},"tablet":{"background-color":"var(--ast-global-color-5)","background-image":"","background-repeat":"repeat","background-position":"center center","background-size":"auto","background-attachment":"scroll","background-type":"","background-media":"","overlay-type":"","overlay-color":"","overlay-gradient":""},"mobile":{"background-color":"var(--ast-global-color-5)","background-image":"","background-repeat":"repeat","background-position":"center center","background-size":"auto","background-attachment":"scroll","background-type":"","background-media":"","overlay-type":"","overlay-color":"","overlay-gradient":""}},"footnotes":""},"class_list":["post-3214","page","type-page","status-publish","hentry"],"_links":{"self":[{"href":"https:\/\/www.arnaudom.fr\/wordpress\/wp-json\/wp\/v2\/pages\/3214","targetHints":{"allow":["GET"]}}],"collection":[{"href":"https:\/\/www.arnaudom.fr\/wordpress\/wp-json\/wp\/v2\/pages"}],"about":[{"href":"https:\/\/www.arnaudom.fr\/wordpress\/wp-json\/wp\/v2\/types\/page"}],"author":[{"embeddable":true,"href":"https:\/\/www.arnaudom.fr\/wordpress\/wp-json\/wp\/v2\/users\/1"}],"replies":[{"embeddable":true,"href":"https:\/\/www.arnaudom.fr\/wordpress\/wp-json\/wp\/v2\/comments?post=3214"}],"version-history":[{"count":9,"href":"https:\/\/www.arnaudom.fr\/wordpress\/wp-json\/wp\/v2\/pages\/3214\/revisions"}],"predecessor-version":[{"id":4977,"href":"https:\/\/www.arnaudom.fr\/wordpress\/wp-json\/wp\/v2\/pages\/3214\/revisions\/4977"}],"wp:attachment":[{"href":"https:\/\/www.arnaudom.fr\/wordpress\/wp-json\/wp\/v2\/media?parent=3214"}],"curies":[{"name":"wp","href":"https:\/\/api.w.org\/{rel}","templated":true}]}}