{"id":3188,"date":"2019-08-17T08:16:02","date_gmt":"2019-08-17T06:16:02","guid":{"rendered":"http:\/\/www.arnaudom.fr\/wordpress\/?page_id=3188"},"modified":"2020-08-15T07:02:53","modified_gmt":"2020-08-15T05:02:53","slug":"elementor-3188","status":"publish","type":"page","link":"https:\/\/www.arnaudom.fr\/wordpress\/elementor-3188\/","title":{"rendered":"sagittaire"},"content":{"rendered":"\t\t<div data-elementor-type=\"wp-post\" data-elementor-id=\"3188\" class=\"elementor elementor-3188\">\n\t\t\t\t\t\t<div class=\"elementor-inner\">\n\t\t\t\t<div class=\"elementor-section-wrap\">\n\t\t\t\t\t\t\t\t\t<section class=\"elementor-section elementor-top-section elementor-element elementor-element-1000c494 elementor-section-full_width elementor-section-height-default elementor-section-height-default\" data-id=\"1000c494\" data-element_type=\"section\" data-settings=\"{&quot;background_background&quot;:&quot;classic&quot;}\">\n\t\t\t\t\t\t<div class=\"elementor-container elementor-column-gap-default\">\n\t\t\t\t\t\t\t<div class=\"elementor-row\">\n\t\t\t\t\t<div class=\"elementor-column elementor-col-100 elementor-top-column elementor-element elementor-element-6d00481c\" data-id=\"6d00481c\" data-element_type=\"column\" data-settings=\"{&quot;background_background&quot;:&quot;classic&quot;}\">\n\t\t\t<div class=\"elementor-column-wrap elementor-element-populated\">\n\t\t\t\t\t\t\t<div class=\"elementor-widget-wrap\">\n\t\t\t\t\t\t<div class=\"elementor-element elementor-element-67841339 elementor-widget elementor-widget-heading\" data-id=\"67841339\" data-element_type=\"widget\" data-widget_type=\"heading.default\">\n\t\t\t\t<div class=\"elementor-widget-container\">\n\t\t\t<h1 class=\"elementor-heading-title elementor-size-default\">Observer la constellation du Sagittaire<\/h1>\t\t<\/div>\n\t\t\t\t<\/div>\n\t\t\t\t<div class=\"elementor-element elementor-element-2a93a9d3 elementor-widget elementor-widget-spacer\" data-id=\"2a93a9d3\" data-element_type=\"widget\" data-widget_type=\"spacer.default\">\n\t\t\t\t<div class=\"elementor-widget-container\">\n\t\t\t\t\t<div class=\"elementor-spacer\">\n\t\t\t<div class=\"elementor-spacer-inner\"><\/div>\n\t\t<\/div>\n\t\t\t\t<\/div>\n\t\t\t\t<\/div>\n\t\t\t\t<section class=\"elementor-section elementor-inner-section elementor-element elementor-element-30a6ff4d elementor-section-content-middle elementor-section-boxed elementor-section-height-default elementor-section-height-default\" data-id=\"30a6ff4d\" data-element_type=\"section\">\n\t\t\t\t\t\t<div class=\"elementor-container elementor-column-gap-default\">\n\t\t\t\t\t\t\t<div class=\"elementor-row\">\n\t\t\t\t\t<div class=\"elementor-column elementor-col-50 elementor-inner-column elementor-element elementor-element-6a20a444\" data-id=\"6a20a444\" data-element_type=\"column\" data-settings=\"{&quot;background_background&quot;:&quot;classic&quot;}\">\n\t\t\t<div class=\"elementor-column-wrap elementor-element-populated\">\n\t\t\t\t\t\t\t<div class=\"elementor-widget-wrap\">\n\t\t\t\t\t\t<div class=\"elementor-element elementor-element-6fc510c4 elementor-widget elementor-widget-text-editor\" data-id=\"6fc510c4\" data-element_type=\"widget\" data-widget_type=\"text-editor.default\">\n\t\t\t\t<div class=\"elementor-widget-container\">\n\t\t\t\t\t\t\t\t<div class=\"elementor-text-editor elementor-clearfix\">\n\t\t\t\t<a href=\"http:\/\/www.arnaudom.fr\/wordpress\/cartesagittaire\"><strong>Afficher la carte<\/strong><\/a>\t\t\t\t\t<\/div>\n\t\t\t\t\t\t<\/div>\n\t\t\t\t<\/div>\n\t\t\t\t\t\t<\/div>\n\t\t\t\t\t<\/div>\n\t\t<\/div>\n\t\t\t\t<div class=\"elementor-column elementor-col-50 elementor-inner-column elementor-element elementor-element-6e5e2458\" data-id=\"6e5e2458\" data-element_type=\"column\" data-settings=\"{&quot;background_background&quot;:&quot;classic&quot;}\">\n\t\t\t<div class=\"elementor-column-wrap elementor-element-populated\">\n\t\t\t\t\t\t\t<div class=\"elementor-widget-wrap\">\n\t\t\t\t\t\t<div class=\"elementor-element elementor-element-52e3fd50 elementor-widget elementor-widget-image\" data-id=\"52e3fd50\" data-element_type=\"widget\" data-widget_type=\"image.default\">\n\t\t\t\t<div class=\"elementor-widget-container\">\n\t\t\t\t\t\t\t\t<div class=\"elementor-image\">\n\t\t\t\t\t\t\t\t\t\t\t\t\t<a href=\"http:\/\/www.arnaudom.fr\/wordpress\/cartesagittaire\">\n\t\t\t\t\t\t\t<img loading=\"lazy\" decoding=\"async\" width=\"150\" height=\"117\" src=\"https:\/\/www.arnaudom.fr\/wordpress\/wp-content\/uploads\/2019\/08\/tcartesagittaire.jpg\" class=\"attachment-large size-large wp-image-3198\" alt=\"\" \/>\t\t\t\t\t\t\t\t<\/a>\n\t\t\t\t\t\t\t\t\t\t\t\t\t\t<\/div>\n\t\t\t\t\t\t<\/div>\n\t\t\t\t<\/div>\n\t\t\t\t\t\t<\/div>\n\t\t\t\t\t<\/div>\n\t\t<\/div>\n\t\t\t\t\t\t\t\t<\/div>\n\t\t\t\t\t<\/div>\n\t\t<\/section>\n\t\t\t\t<div class=\"elementor-element elementor-element-493369de elementor-widget elementor-widget-heading\" data-id=\"493369de\" data-element_type=\"widget\" data-widget_type=\"heading.default\">\n\t\t\t\t<div class=\"elementor-widget-container\">\n\t\t\t<h3 class=\"elementor-heading-title elementor-size-default\">Objets observ\u00e9s :<\/h3>\t\t<\/div>\n\t\t\t\t<\/div>\n\t\t\t\t<div class=\"elementor-element elementor-element-539a72f elementor-widget elementor-widget-text-editor\" data-id=\"539a72f\" data-element_type=\"widget\" data-widget_type=\"text-editor.default\">\n\t\t\t\t<div class=\"elementor-widget-container\">\n\t\t\t\t\t\t\t\t<div class=\"elementor-text-editor elementor-clearfix\">\n\t\t\t\t<p>1 \u00e9toile double : h 5003.<\/p><p>7 amas ouverts : M21, M24, M18, M25, M23, NGC 6645 et NGC 6520.<\/p><p>3 amas globulaires : M22, M28 et NGC 6624.<\/p><p>4 n\u00e9buleuses : M8 (n\u00e9buleuse du Lagon), M20 (n\u00e9buleuse Trifide), M17 (n\u00e9buleuse Om\u00e9ga) et M16 (n\u00e9buleuse de l&rsquo;Aigle).<\/p>\t\t\t\t\t<\/div>\n\t\t\t\t\t\t<\/div>\n\t\t\t\t<\/div>\n\t\t\t\t<div class=\"elementor-element elementor-element-105f6cc0 elementor-widget elementor-widget-heading\" data-id=\"105f6cc0\" data-element_type=\"widget\" data-widget_type=\"heading.default\">\n\t\t\t\t<div class=\"elementor-widget-container\">\n\t\t\t<h3 class=\"elementor-heading-title elementor-size-default\">Introduction :<\/h3>\t\t<\/div>\n\t\t\t\t<\/div>\n\t\t\t\t<div class=\"elementor-element elementor-element-5449b58d elementor-widget elementor-widget-text-editor\" data-id=\"5449b58d\" data-element_type=\"widget\" data-widget_type=\"text-editor.default\">\n\t\t\t\t<div class=\"elementor-widget-container\">\n\t\t\t\t\t\t\t\t<div class=\"elementor-text-editor elementor-clearfix\">\n\t\t\t\t<p>synth\u00e8se d&rsquo;observations effectu\u00e9es fin juin 2004 et en juillet 2005. La constellation se trouve au Sud vers 22h-23h (heure locale fran\u00e7aise) en juin, mais elle reste basse sur l&rsquo;horizon. La forme g\u00e9n\u00e9rale de la constellation, visible depuis la France, est qualifi\u00e9e par certains de \u00ab\u00a0th\u00e9i\u00e8re\u00a0\u00bb. Pour la rep\u00e9rer, on peut partir de la constellation du Scorpion qui elle est tr\u00e8s facile \u00e0 reconna\u00eetre car sa forme rappelle bien son nom, et aussi car brille en son sein l&rsquo;\u00e9toile rougeoyante Antar\u00e8s. La constellation du Sagittaire se trouve \u00e0 l&rsquo;est (donc \u00e0 gauche &#8230;) du Scorpion. C&rsquo;est une r\u00e9gion du ciel tr\u00e8s riche en objets, dans laquelle on va pouvoir observer 1 belle \u00e9toile double (h 5003), 7 amas ouverts (M21, M24, M18, M25, M23, NGC 6645 et NGC 6520), 4 n\u00e9buleuses (M8, M20, M17 et M16) et 3 amas globulaires (M22, M28 et NGC 6624).<\/p><p>Il est \u00e0 noter que M16, la n\u00e9buleuse de l&rsquo;Aigle, n&rsquo;appartient pas \u00e0 la constellation du Sagittaire, mais \u00e0 celle du Serpent ( comme son nom&#8230; ne l&rsquo;indique pas &#8230;). Mais sa proximit\u00e9 avec M17 fait qu&rsquo;il serait dommage de s&rsquo;en priver !<\/p>\t\t\t\t\t<\/div>\n\t\t\t\t\t\t<\/div>\n\t\t\t\t<\/div>\n\t\t\t\t<div class=\"elementor-element elementor-element-71652cd2 elementor-widget elementor-widget-text-editor\" data-id=\"71652cd2\" data-element_type=\"widget\" data-widget_type=\"text-editor.default\">\n\t\t\t\t<div class=\"elementor-widget-container\">\n\t\t\t\t\t\t\t\t<div class=\"elementor-text-editor elementor-clearfix\">\n\t\t\t\t<h3><span class=\"gras col5\">A partir du point de d\u00e9part n\u00b01 :<\/span> (<a href=\"http:\/\/www.arnaudom.fr\/wordpress\/cartesagittaire\">carte<\/a>)<\/h3>\t\t\t\t\t<\/div>\n\t\t\t\t\t\t<\/div>\n\t\t\t\t<\/div>\n\t\t\t\t<div class=\"elementor-element elementor-element-3a198e1b elementor-widget elementor-widget-text-editor\" data-id=\"3a198e1b\" data-element_type=\"widget\" data-widget_type=\"text-editor.default\">\n\t\t\t\t<div class=\"elementor-widget-container\">\n\t\t\t\t\t\t\t\t<div class=\"elementor-text-editor elementor-clearfix\">\n\t\t\t\t<p>le point de d\u00e9part est l&rsquo;\u00e9toile Gamma (exactement Gamma 2). J&rsquo;ai d&rsquo;abord fait une observation aux jumelles. On part de ce point et en montant verticalement, on tombe sur les n\u00e9buleuses M8 (n\u00e9buleuse du Lagon) et M20 (n\u00e9buleuse Trifide). Aux jumelles 12&#215;50, le spectacle est saisissant, car on les voit dans le m\u00eame oculaire. Dans le coin en haut \u00e0 gauche de M20 se trouve l&rsquo;amas M21, qui lui est plus visible au t\u00e9l\u00e9scope. On remonte maintenant en haut \u00e0 gauche (au nord-est) et on va tomber sur un tr\u00e8s grand amas ouvert, M24. En fait, on le qualifie plus de nuage stellaire que d&rsquo;amas, tant il est \u00e9tendu. En balayant la zone aux jumelles, on constate le nombre impressionnant d&rsquo;\u00e9toiles pr\u00e9sentes dans ce secteur. C&rsquo;est d\u00e9j\u00e0 magnifique !<\/p><p>Bien, maintenant il ne reste plus qu&rsquo;\u00e0 refaire le m\u00eame trajet au t\u00e9lescope (en faisant \u00e9videmment attention, pour les d\u00e9butants, que les images sont invers\u00e9es par rapport aux jumelles). J&rsquo;utilise pour cela l&rsquo;oculaire de 32 mm (grossissement de 28x) qui est plus lumineux et offre un plus grand champ. Mais celui de 20 mm (45x) fait aussi l&rsquo;affaire. Bref, on repointe Gamma 2 au chercheur, on monte, M8 appara\u00eet comme une tr\u00e8s l\u00e9g\u00e8re t\u00e2che dans le chercheur. M8 est observ\u00e9e avec un grossissement de 45x (oculaire de 20), elle est brillante en vision indirecte. Elle pr\u00e9sente diff\u00e9rentes plages de luminosit\u00e9, la partie centrale \u00e9tant la plus brillante. A sa droite dans l&rsquo;oculaire on observe un petit amas d&rsquo;une vingtaine d&rsquo;\u00e9toiles, qu&rsquo;on peut grossir 90x ou plus, lui-m\u00eame entour\u00e9 d&rsquo;une n\u00e9bulosit\u00e9 plus faible. On peut tenter de distinguer la \u00ab\u00a0barre noire\u00a0\u00bb qui s\u00e9pare la partie brillante du reste de la n\u00e9buleuse. A l&rsquo;ouest se distingue une \u00e9toile double. Quelle belle n\u00e9buleuse !<\/p><p>On remonte jusqu&rsquo;\u00e0 M20, et on peut essayer d&rsquo;apercevoir la \u00ab\u00a0croix\u00a0\u00bb qui s\u00e9pare la n\u00e9buleuse en trois et qui lui donne son nom de Trifide. On voit surtout que la n\u00e9buleuse est centr\u00e9e autour d&rsquo;une \u00e9toile brillante, qui en fait est double. Une seconde \u00ab\u00a0lueur\u00a0\u00bb plus faible est \u00e9galement visible en-dessous. On aper\u00e7oit l&rsquo;amas ouvert M21 \u00ab\u00a0coll\u00e9\u00a0\u00bb \u00e0 la n\u00e9buleuse en haut \u00e0 gauche (donc en bas \u00e0 droite dans le t\u00e9l\u00e9scope &#8230;). C&rsquo;est un petit amas dont on per\u00e7oit une dizaine d&rsquo;\u00e9toiles.<\/p><p>Partant de l\u00e0, on va chercher M24 en allant au nord-est (on va chercher \u00ab\u00a0en bas \u00e0 droite\u00a0\u00bb dans le t\u00e9l\u00e9scope). On le trouve in\u00e9vitablement, car on tombe dans un champ rempli d&rsquo;\u00e9toiles (superbe \u00e0 28x ou 45x). On peut d&rsquo;ailleurs s&rsquo;y promener au hasard et on rep\u00e9rera sans probl\u00e8me plusieurs amas ouverts. C&rsquo;est un v\u00e9ritable tapis d&rsquo;\u00e9toiles !<\/p><p>En remontant vers le Nord (donc \u00ab\u00a0en descendant\u00a0\u00bb dans le t\u00e9lescope &#8230;), on va trouver l&rsquo;amas ouvert M18 qui peut-\u00eatre grossi 90x (au 10 mm) et qui compte un peu plus d&rsquo;une dizaine d&rsquo;\u00e9toiles visibles.<\/p><p>En remontant on va tomber sur M17, la n\u00e9buleuse Om\u00e9ga, une n\u00e9buleuse \u00e0 voir absolument. Elle se pr\u00e9sente sous la forme d&rsquo;une barre grise tr\u00e8s voyante (qualifi\u00e9e de virgule par certains), qui traverse un petit amas d&rsquo;\u00e9toiles. Elle est \u00e9tendue et lumineuse. C&rsquo;est magnifique !<\/p><p>Enfin, en remontant presque au-dessus de M17 (donc toujours \u00ab\u00a0en bas\u00a0\u00bb dans l&rsquo;oculaire), on va trouver la n\u00e9buleuse M16. A 28x et \u00e0 45x, on voit une cha\u00eene d&rsquo;\u00e9toiles formant une esp\u00e8ce de S, \u00e0 la base duquel se trouve la n\u00e9bulosit\u00e9. A 90x, celle-ci dispara\u00eet et on voit \u00e0 la place un amas de petites \u00e9toiles serr\u00e9es, dont le centre n&rsquo;est bien visible qu&rsquo;en vision d\u00e9cal\u00e9. A 150x, on voit un peu mieux le coeur de l&rsquo;amas, qui semble compter 25 \u00e9toiles environ.<\/p><p>Retournons maintenant sur Gamma 2, avec un faible grossissement (par exemple 28x). Au-dessus d&rsquo;elle se trouve Gamma 1, \u00e9toile bien visible dans l&rsquo;oculaire. Gamma 2 et Gamma 1 forment la base d&rsquo;un triangle isoc\u00e8le avec une autre \u00e9toile bien visible aussi, h 5003, qui semble blanche \u00e0 ce faible grossissement. Cette derni\u00e8re est en fait une \u00e9toile double color\u00e9e qui montre, grossie 158x (au 5,7 mm), une composante principale jaune et une composante secondaire bleut\u00e9e. Assez jolie !<\/p><p>On va utiliser maintenant Gamma 1 et Gamma 2 pour trouver l&rsquo;amas NGC 6520. Pour cela, on reprend un grossissement de 28x et on prolonge \u00e0 l&rsquo;oculaire deux fois le segment Gamma 2-Gamma 1 vers le nord. On observe alors un tout petit amas ouvert, qui se rep\u00e8re bien car il forme un petit groupe d&rsquo;\u00e9toiles serr\u00e9es, accompagn\u00e9 d&rsquo;une \u00e9toile bien visible proche de lui. Il faut le grossir 90x au moins pour voir une dizaine d&rsquo;\u00e9toiles, NGC 6520 semble peu dense mais il appara\u00eet tr\u00e8s n\u00e9buleux, ce qui semble indiquer la pr\u00e9sence de beaucoup plus d&rsquo;\u00e9toiles mais qui sont trop faibles pour \u00eatre vues. L&rsquo;amas ne semble donc pas enti\u00e8rement r\u00e9solu. L&rsquo;autre int\u00e9r\u00eat de l&rsquo;observation de NGC 6520, c&rsquo;est qu&rsquo;entre lui et l&rsquo;\u00e9toile bien visible qui en est proche (cit\u00e9e plus haut&#8230;) se trouve une n\u00e9buleuse obscure nomm\u00e9e Barnard 86, ou B 86. Ce type de n\u00e9buleuse obscure s&rsquo;appelle un globule de Bok, l&rsquo;exemple le plus connu de globule de Bok \u00e9tant la c\u00e9l\u00e8bre n\u00e9buleuse \u00ab\u00a0de la t\u00eate de Cheval\u00a0\u00bb, dans Orion. A vous d&rsquo;essayer de percevoir B 86, ce qui n&rsquo;est gu\u00e8re facile puisqu&rsquo;elle est&#8230;obscure. On peut tenter de la percevoir par contraste, puisqu&rsquo;\u00e0 son emplacement elle cache les \u00e9toiles derri\u00e8re elle. Le mieux est de ne pas trop grossir. La percevoir reste assez difficile et demande un bon ciel.<\/p>\t\t\t\t\t<\/div>\n\t\t\t\t\t\t<\/div>\n\t\t\t\t<\/div>\n\t\t\t\t<div class=\"elementor-element elementor-element-15157a4 elementor-widget elementor-widget-text-editor\" data-id=\"15157a4\" data-element_type=\"widget\" data-widget_type=\"text-editor.default\">\n\t\t\t\t<div class=\"elementor-widget-container\">\n\t\t\t\t\t\t\t\t<div class=\"elementor-text-editor elementor-clearfix\">\n\t\t\t\t<h3><span class=\"gras col5\">A partir du point de d\u00e9part n\u00b02 :<\/span> (<a href=\"http:\/\/www.arnaudom.fr\/wordpress\/cartesagittaire\">carte<\/a>)<\/h3>\t\t\t\t\t<\/div>\n\t\t\t\t\t\t<\/div>\n\t\t\t\t<\/div>\n\t\t\t\t<div class=\"elementor-element elementor-element-66024ee4 elementor-widget elementor-widget-text-editor\" data-id=\"66024ee4\" data-element_type=\"widget\" data-widget_type=\"text-editor.default\">\n\t\t\t\t<div class=\"elementor-widget-container\">\n\t\t\t\t\t\t\t\t<div class=\"elementor-text-editor elementor-clearfix\">\n\t\t\t\t<p>on part de l&rsquo;\u00e9toile Lambda, le sommet de la \u00ab\u00a0th\u00e9i\u00e8re\u00a0\u00bb. A 28x de grossissement, on va balayer la zone \u00e0 l&rsquo;est et un peu au-dessus de l&rsquo;\u00e9toile, et on va rep\u00e9rer la t\u00e2che floue form\u00e9e par l&rsquo;amas globulaire M22. Cet amas se trouve pile entre deux \u00e9toiles, qui sont bien visibles au chercheur. On peut ensuite bien le grossir, \u00e0 90x (10 mm) , voire \u00e0 150x (6 mm), on voit des \u00e9toiles sur le pourtour en vision directe, et en vision indirecte on aper\u00e7oit bien l&rsquo;amas avec des \u00e9toiles sur le pourtour et un centre condens\u00e9. Il est tr\u00e8s beau !<\/p><p>Si on repart de Lambda, on peut apercevoir M28 dans le m\u00eame oculaire \u00e0 28x, \u00e0 l&rsquo;ouest de l&rsquo;\u00e9toile (en mettant celle-ci au bord de l&rsquo;oculaire en haut \u00e0 droite, M28 est en bas \u00e0 gauche). Il est par contre beaucoup moins grand que M22, personnellement je n&rsquo;ai vu qu&rsquo;une petite boule circulaire sans \u00e9toile visible autour, mais lui-m\u00eame est bien visible.<\/p><p>On peut trouver un autre amas globulaire en pointant l&rsquo;\u00e9toile Delta \u00e0 28x. Dans le m\u00eame champ, en bas \u00e0 gauche (en haut \u00e0 droite dans l&rsquo;oculaire) se trouve l&rsquo;amas globulaire NGC 6624. Il est beaucoup moins large que les deux autres : c&rsquo;est une toute petite boule floue non r\u00e9solue, dans le prolongement de deux \u00e9toiles. Voil\u00e0 \u00e0 quoi ressemble la plupart des amas globulaires de la cat\u00e9gorie \u00ab\u00a0NGC\u00a0\u00bb !<\/p><p>Enfin, toujours en partant de Lambda, on monte un petit moment vers le Nord, on va tomber sur l&rsquo;amas ouvert M25 qui est aussi tr\u00e8s agr\u00e9able \u00e0 regarder et un peu allong\u00e9, on peut le grossir \u00e0 90x et compter le nombre d&rsquo;\u00e9toiles qu&rsquo;il contient, elles sont serr\u00e9es mais bien d\u00e9tach\u00e9es et bien visibles. On peut voir une vingtaine d&rsquo;\u00e9toiles, regroup\u00e9es au centre.<\/p><p>Montons encore un peu, \u00e0 la recherche d&rsquo;un amas plus difficile \u00e0 voir, NGC 6645. En fait, il se trouve \u00e0 la verticale du pr\u00e9c\u00e9dent, M25, \u00e0 un peu plus d&rsquo;un oculaire d&rsquo;\u00e9cart \u00e0 28x. Il faut \u00eatre attentif : il se pr\u00e9sente \u00e0 premi\u00e8re vue comme une t\u00e2che grise l\u00e9g\u00e8rement ovale, dans le prolongement de 3 ou 4 \u00e9toiles. Mieux vaut un bon ciel pour le voir ! Il faut ensuite le grossir 45x et l&rsquo;observer en vision d\u00e9cal\u00e9e, et l\u00e0 appara\u00eet un amas assez dense, compos\u00e9 de fines \u00e9toiles serr\u00e9es. Il dispara\u00eet presque en vision directe ! Voil\u00e0 un objet amusant \u00e0 voir.<\/p><p>Pour finir ce voyage d\u00e9j\u00e0 bien charg\u00e9 dans le Sagittaire, on va observer un tr\u00e8s bel amas ouvert, M23. Pour le trouver, plusieurs solutions : tout d&rsquo;abord, il est facilement rep\u00e9rable aux jumelles. Une autre solution consiste \u00e0 retourner sur M25, car M23 et M25 ont pratiquement la m\u00eame d\u00e9clinaison. Il suffit donc ensuite, \u00e0 partir de M25, de se d\u00e9caler de 35 min vers l&rsquo;ouest en AD. La derni\u00e8re fa\u00e7on de le trouver consiste \u00e0 rep\u00e9rer l&rsquo;\u00e9toile Mu du Sagittaire, visible \u00e0 l&rsquo;oeil nu, et de constater que M23 et M25 forme la base d&rsquo;un triangle isoc\u00e8le dont Mu est le sommet. Bref, M23 est un grand amas, \u00e0 observer \u00e0 45x ou 90x. Il est moyennement dense, et montre 30 ou 40 \u00e9toiles bien s\u00e9par\u00e9es. Une grosse \u00e9toile plus brillante que les autres se d\u00e9tache en bas de l&rsquo;amas, reli\u00e9e \u00e0 lui par une ligne d&rsquo;\u00e9toiles plus faibles, ce qui lui donne une forme g\u00e9n\u00e9rale de \u00ab\u00a0parapluie\u00a0\u00bb. C&rsquo;est vraiment un bel amas ouvert!<\/p><p>Voil\u00e0, le voyage dans le Sagittaire s&rsquo;ach\u00e8ve ici. Il est \u00e0 noter que cette constellation contient encore plusieurs amas globulaires que je n&rsquo;ai pas encore observ\u00e9s, dont 4 Messier (M69, M54, M55 et M75). C&rsquo;est vraiment l&rsquo;une des constellations les plus riches en objets observables avec un petit t\u00e9lescope comme le 130\/900 !<\/p>\t\t\t\t\t<\/div>\n\t\t\t\t\t\t<\/div>\n\t\t\t\t<\/div>\n\t\t\t\t\t\t<\/div>\n\t\t\t\t\t<\/div>\n\t\t<\/div>\n\t\t\t\t\t\t\t\t<\/div>\n\t\t\t\t\t<\/div>\n\t\t<\/section>\n\t\t\t\t\t\t\t\t\t<\/div>\n\t\t\t<\/div>\n\t\t\t\t\t<\/div>\n\t\t","protected":false},"excerpt":{"rendered":"<p>Observer la constellation du Sagittaire Afficher la carte Objets observ\u00e9s : 1 \u00e9toile double : h 5003. 7 amas ouverts : M21, M24, M18, M25, M23, NGC 6645 et NGC 6520. 3 amas globulaires : M22, M28 et NGC 6624. 4 n\u00e9buleuses : M8 (n\u00e9buleuse du Lagon), M20 (n\u00e9buleuse Trifide), M17 (n\u00e9buleuse Om\u00e9ga) et M16 &hellip;<\/p>\n<p class=\"read-more\"> <a class=\"\" href=\"https:\/\/www.arnaudom.fr\/wordpress\/elementor-3188\/\"> <span class=\"screen-reader-text\">sagittaire<\/span> Lire la suite\u00a0\u00bb<\/a><\/p>\n","protected":false},"author":1,"featured_media":0,"parent":0,"menu_order":0,"comment_status":"closed","ping_status":"closed","template":"","meta":{"site-sidebar-layout":"default","site-content-layout":"default","ast-site-content-layout":"","site-content-style":"default","site-sidebar-style":"default","ast-global-header-display":"","ast-banner-title-visibility":"","ast-main-header-display":"","ast-hfb-above-header-display":"","ast-hfb-below-header-display":"","ast-hfb-mobile-header-display":"","site-post-title":"disabled","ast-breadcrumbs-content":"","ast-featured-img":"","footer-sml-layout":"","theme-transparent-header-meta":"default","adv-header-id-meta":"","stick-header-meta":"","header-above-stick-meta":"","header-main-stick-meta":"","header-below-stick-meta":"","astra-migrate-meta-layouts":"","ast-page-background-enabled":"default","ast-page-background-meta":{"desktop":{"background-color":"","background-image":"","background-repeat":"repeat","background-position":"center center","background-size":"auto","background-attachment":"scroll","background-type":"","background-media":"","overlay-type":"","overlay-color":"","overlay-gradient":""},"tablet":{"background-color":"","background-image":"","background-repeat":"repeat","background-position":"center center","background-size":"auto","background-attachment":"scroll","background-type":"","background-media":"","overlay-type":"","overlay-color":"","overlay-gradient":""},"mobile":{"background-color":"","background-image":"","background-repeat":"repeat","background-position":"center center","background-size":"auto","background-attachment":"scroll","background-type":"","background-media":"","overlay-type":"","overlay-color":"","overlay-gradient":""}},"ast-content-background-meta":{"desktop":{"background-color":"var(--ast-global-color-5)","background-image":"","background-repeat":"repeat","background-position":"center center","background-size":"auto","background-attachment":"scroll","background-type":"","background-media":"","overlay-type":"","overlay-color":"","overlay-gradient":""},"tablet":{"background-color":"var(--ast-global-color-5)","background-image":"","background-repeat":"repeat","background-position":"center center","background-size":"auto","background-attachment":"scroll","background-type":"","background-media":"","overlay-type":"","overlay-color":"","overlay-gradient":""},"mobile":{"background-color":"var(--ast-global-color-5)","background-image":"","background-repeat":"repeat","background-position":"center center","background-size":"auto","background-attachment":"scroll","background-type":"","background-media":"","overlay-type":"","overlay-color":"","overlay-gradient":""}},"footnotes":""},"class_list":["post-3188","page","type-page","status-publish","hentry"],"_links":{"self":[{"href":"https:\/\/www.arnaudom.fr\/wordpress\/wp-json\/wp\/v2\/pages\/3188","targetHints":{"allow":["GET"]}}],"collection":[{"href":"https:\/\/www.arnaudom.fr\/wordpress\/wp-json\/wp\/v2\/pages"}],"about":[{"href":"https:\/\/www.arnaudom.fr\/wordpress\/wp-json\/wp\/v2\/types\/page"}],"author":[{"embeddable":true,"href":"https:\/\/www.arnaudom.fr\/wordpress\/wp-json\/wp\/v2\/users\/1"}],"replies":[{"embeddable":true,"href":"https:\/\/www.arnaudom.fr\/wordpress\/wp-json\/wp\/v2\/comments?post=3188"}],"version-history":[{"count":10,"href":"https:\/\/www.arnaudom.fr\/wordpress\/wp-json\/wp\/v2\/pages\/3188\/revisions"}],"predecessor-version":[{"id":4984,"href":"https:\/\/www.arnaudom.fr\/wordpress\/wp-json\/wp\/v2\/pages\/3188\/revisions\/4984"}],"wp:attachment":[{"href":"https:\/\/www.arnaudom.fr\/wordpress\/wp-json\/wp\/v2\/media?parent=3188"}],"curies":[{"name":"wp","href":"https:\/\/api.w.org\/{rel}","templated":true}]}}