{"id":3125,"date":"2019-08-16T16:55:13","date_gmt":"2019-08-16T14:55:13","guid":{"rendered":"http:\/\/www.arnaudom.fr\/wordpress\/?page_id=3125"},"modified":"2020-08-14T15:15:17","modified_gmt":"2020-08-14T13:15:17","slug":"cancer","status":"publish","type":"page","link":"https:\/\/www.arnaudom.fr\/wordpress\/cancer\/","title":{"rendered":"cancer"},"content":{"rendered":"\t\t<div data-elementor-type=\"wp-post\" data-elementor-id=\"3125\" class=\"elementor elementor-3125\">\n\t\t\t\t\t\t<div class=\"elementor-inner\">\n\t\t\t\t<div class=\"elementor-section-wrap\">\n\t\t\t\t\t\t\t\t\t<section class=\"elementor-section elementor-top-section elementor-element elementor-element-525ceb66 elementor-section-full_width elementor-section-height-default elementor-section-height-default\" data-id=\"525ceb66\" data-element_type=\"section\" data-settings=\"{&quot;background_background&quot;:&quot;classic&quot;}\">\n\t\t\t\t\t\t<div class=\"elementor-container elementor-column-gap-default\">\n\t\t\t\t\t\t\t<div class=\"elementor-row\">\n\t\t\t\t\t<div class=\"elementor-column elementor-col-100 elementor-top-column elementor-element elementor-element-357b615f\" data-id=\"357b615f\" data-element_type=\"column\" data-settings=\"{&quot;background_background&quot;:&quot;classic&quot;}\">\n\t\t\t<div class=\"elementor-column-wrap elementor-element-populated\">\n\t\t\t\t\t\t\t<div class=\"elementor-widget-wrap\">\n\t\t\t\t\t\t<div class=\"elementor-element elementor-element-3d8cdaa2 elementor-widget elementor-widget-heading\" data-id=\"3d8cdaa2\" data-element_type=\"widget\" data-widget_type=\"heading.default\">\n\t\t\t\t<div class=\"elementor-widget-container\">\n\t\t\t<h1 class=\"elementor-heading-title elementor-size-default\">Observer la constellation du Cancer<\/h1>\t\t<\/div>\n\t\t\t\t<\/div>\n\t\t\t\t<div class=\"elementor-element elementor-element-1c4c124f elementor-widget elementor-widget-spacer\" data-id=\"1c4c124f\" data-element_type=\"widget\" data-widget_type=\"spacer.default\">\n\t\t\t\t<div class=\"elementor-widget-container\">\n\t\t\t\t\t<div class=\"elementor-spacer\">\n\t\t\t<div class=\"elementor-spacer-inner\"><\/div>\n\t\t<\/div>\n\t\t\t\t<\/div>\n\t\t\t\t<\/div>\n\t\t\t\t<section class=\"elementor-section elementor-inner-section elementor-element elementor-element-23f45a5e elementor-section-content-middle elementor-section-boxed elementor-section-height-default elementor-section-height-default\" data-id=\"23f45a5e\" data-element_type=\"section\">\n\t\t\t\t\t\t<div class=\"elementor-container elementor-column-gap-default\">\n\t\t\t\t\t\t\t<div class=\"elementor-row\">\n\t\t\t\t\t<div class=\"elementor-column elementor-col-50 elementor-inner-column elementor-element elementor-element-79f3dfd3\" data-id=\"79f3dfd3\" data-element_type=\"column\" data-settings=\"{&quot;background_background&quot;:&quot;classic&quot;}\">\n\t\t\t<div class=\"elementor-column-wrap elementor-element-populated\">\n\t\t\t\t\t\t\t<div class=\"elementor-widget-wrap\">\n\t\t\t\t\t\t<div class=\"elementor-element elementor-element-5664b071 elementor-widget elementor-widget-text-editor\" data-id=\"5664b071\" data-element_type=\"widget\" data-widget_type=\"text-editor.default\">\n\t\t\t\t<div class=\"elementor-widget-container\">\n\t\t\t\t\t\t\t\t<div class=\"elementor-text-editor elementor-clearfix\">\n\t\t\t\t<a href=\"http:\/\/www.arnaudom.fr\/wordpress\/elementor-3130\/\"><strong>Afficher la carte<\/strong><\/a>\t\t\t\t\t<\/div>\n\t\t\t\t\t\t<\/div>\n\t\t\t\t<\/div>\n\t\t\t\t\t\t<\/div>\n\t\t\t\t\t<\/div>\n\t\t<\/div>\n\t\t\t\t<div class=\"elementor-column elementor-col-50 elementor-inner-column elementor-element elementor-element-4d97d53b\" data-id=\"4d97d53b\" data-element_type=\"column\" data-settings=\"{&quot;background_background&quot;:&quot;classic&quot;}\">\n\t\t\t<div class=\"elementor-column-wrap elementor-element-populated\">\n\t\t\t\t\t\t\t<div class=\"elementor-widget-wrap\">\n\t\t\t\t\t\t<div class=\"elementor-element elementor-element-4e24697e elementor-widget elementor-widget-image\" data-id=\"4e24697e\" data-element_type=\"widget\" data-widget_type=\"image.default\">\n\t\t\t\t<div class=\"elementor-widget-container\">\n\t\t\t\t\t\t\t\t<div class=\"elementor-image\">\n\t\t\t\t\t\t\t\t\t\t\t\t\t<a href=\"http:\/\/www.arnaudom.fr\/wordpress\/elementor-3130\/\">\n\t\t\t\t\t\t\t<img loading=\"lazy\" decoding=\"async\" width=\"150\" height=\"155\" src=\"https:\/\/www.arnaudom.fr\/wordpress\/wp-content\/uploads\/2019\/08\/tcartecancer.jpg\" class=\"attachment-large size-large wp-image-3138\" alt=\"\" \/>\t\t\t\t\t\t\t\t<\/a>\n\t\t\t\t\t\t\t\t\t\t\t\t\t\t<\/div>\n\t\t\t\t\t\t<\/div>\n\t\t\t\t<\/div>\n\t\t\t\t\t\t<\/div>\n\t\t\t\t\t<\/div>\n\t\t<\/div>\n\t\t\t\t\t\t\t\t<\/div>\n\t\t\t\t\t<\/div>\n\t\t<\/section>\n\t\t\t\t<div class=\"elementor-element elementor-element-be08fd5 elementor-widget elementor-widget-heading\" data-id=\"be08fd5\" data-element_type=\"widget\" data-widget_type=\"heading.default\">\n\t\t\t\t<div class=\"elementor-widget-container\">\n\t\t\t<h3 class=\"elementor-heading-title elementor-size-default\">Objets observ\u00e9s :<\/h3>\t\t<\/div>\n\t\t\t\t<\/div>\n\t\t\t\t<div class=\"elementor-element elementor-element-489c2ac2 elementor-widget elementor-widget-text-editor\" data-id=\"489c2ac2\" data-element_type=\"widget\" data-widget_type=\"text-editor.default\">\n\t\t\t\t<div class=\"elementor-widget-container\">\n\t\t\t\t\t\t\t\t<div class=\"elementor-text-editor elementor-clearfix\">\n\t\t\t\t<p>2 \u00e9toiles doubles : Dz\u00e9ta et Iota.<\/p><p>2 amas ouverts : M44 (amas de la cr\u00e8che) et M67.<\/p>\t\t\t\t\t<\/div>\n\t\t\t\t\t\t<\/div>\n\t\t\t\t<\/div>\n\t\t\t\t<div class=\"elementor-element elementor-element-55c6eaf1 elementor-widget elementor-widget-heading\" data-id=\"55c6eaf1\" data-element_type=\"widget\" data-widget_type=\"heading.default\">\n\t\t\t\t<div class=\"elementor-widget-container\">\n\t\t\t<h3 class=\"elementor-heading-title elementor-size-default\">Introduction :<\/h3>\t\t<\/div>\n\t\t\t\t<\/div>\n\t\t\t\t<div class=\"elementor-element elementor-element-203a5be4 elementor-widget elementor-widget-text-editor\" data-id=\"203a5be4\" data-element_type=\"widget\" data-widget_type=\"text-editor.default\">\n\t\t\t\t<div class=\"elementor-widget-container\">\n\t\t\t\t\t\t\t\t<div class=\"elementor-text-editor elementor-clearfix\">\n\t\t\t\t<p>synth\u00e8se d&rsquo;observations effectu\u00e9es en f\u00e9vrier, mars et avril 2006 . Le Cancer est observable de janvier jusqu&rsquo;au d\u00e9but du printemps, c&rsquo;est pourquoi on le catalogue parfois comme une constellation d&rsquo;hiver, et parfois comme une constellation de printemps. Il est assez d\u00e9licat \u00e0 rep\u00e9rer car compos\u00e9 d&rsquo;\u00e9toiles tr\u00e8s peu brillantes, c&rsquo;est pourquoi il est plus facile de le trouver en se servant du Lion et des \u00e9toiles Castor et Pollux des G\u00e9meaux, car le Cancer se trouve entre ces deux brillantes constellations. Un ciel avec peu de pollution lumineuse est recommand\u00e9. Il n&rsquo;y a que peu d&rsquo;objets \u00e0 observer dans le Cancer, mais on y trouvera deux magnifiques amas ouverts, M44 et M67, ainsi qu&rsquo;une tr\u00e8s belle \u00e9toile double color\u00e9e, Iota.<br \/><strong><span class=\"gras\">Remarque :<\/span><\/strong> lors de ces observations en 2006, on a eu la chance de b\u00e9n\u00e9ficier de la pr\u00e9sence de Saturne dans le Cancer, ce qui a facilit\u00e9 beaucoup son rep\u00e9rage !<\/p>\t\t\t\t\t<\/div>\n\t\t\t\t\t\t<\/div>\n\t\t\t\t<\/div>\n\t\t\t\t<div class=\"elementor-element elementor-element-6e7fe066 elementor-widget elementor-widget-text-editor\" data-id=\"6e7fe066\" data-element_type=\"widget\" data-widget_type=\"text-editor.default\">\n\t\t\t\t<div class=\"elementor-widget-container\">\n\t\t\t\t\t\t\t\t<div class=\"elementor-text-editor elementor-clearfix\">\n\t\t\t\t<h3><span class=\"gras col5\">Les amas ouverts du Cancer :<\/span> (<a href=\"http:\/\/www.arnaudom.fr\/wordpress\/elementor-3130\/\">carte<\/a>)<\/h3>\t\t\t\t\t<\/div>\n\t\t\t\t\t\t<\/div>\n\t\t\t\t<\/div>\n\t\t\t\t<div class=\"elementor-element elementor-element-14d433da elementor-widget elementor-widget-text-editor\" data-id=\"14d433da\" data-element_type=\"widget\" data-widget_type=\"text-editor.default\">\n\t\t\t\t<div class=\"elementor-widget-container\">\n\t\t\t\t\t\t\t\t<div class=\"elementor-text-editor elementor-clearfix\">\n\t\t\t\t<p>Notre premier objet, M44, est un tr\u00e8s grand amas ouvert se trouvant au centre de la constellation. Sa taille est telle que sous un ciel suffisamment noir, il se voit \u00e0 l&rsquo;oeil nu comme une nu\u00e9e grise, visible en vision d\u00e9cal\u00e9e \u00e0 l&rsquo;ouest de Gamma et Delta du Cancer (qui sont deux \u00e9toiles comme toutes celles du cancer, \u00e0 savoir assez peu brillantes). Sous un bon ciel tr\u00e8s noir, il se voit m\u00eame ais\u00e9ment en vision directe. Avec une paire de jumelles, l&rsquo;amas est parfaitement observable, et on aper\u00e7oit d\u00e9j\u00e0 une vingtaine d&rsquo;\u00e9toiles bien d\u00e9tach\u00e9es. Normalement ces consid\u00e9rations suffisent pour le trouver. Sinon une autre m\u00e9thode consiste \u00e0 tracer un segment reliant Epsilon du Lion \u00e0 Pollux des G\u00e9meaux, d&rsquo;en prendre le milieu et de descendre \u00e0 peu pr\u00e8s \u00e0 la verticale, normalement on tombe facilement dessus.<\/p><p>Bref, M44 est un tr\u00e8s large amas ouvert (de taille \u00e9quivalente \u00e0 celle des Pl\u00e9\u00efades dans le Taureau), c&rsquo;est pourquoi il faut tr\u00e8s peu le grossir. A 28x de grossissement (avec le 32 mm), il remplit le champ de l&rsquo;oculaire, et \u00e0 45x (avec le 20 mm) on ne le voit plus en entier. On distingue facilement une cinquantaine d&rsquo;\u00e9toiles, assez espac\u00e9es, dont la plupart sont brillantes. Plusieurs d&rsquo;entre elles forment de petits triangles isoc\u00e8les tr\u00e8s brillants. M44, surnomm\u00e9 l&rsquo;amas de la cr\u00e8che ou encore l&rsquo;amas de la ruche, est vraiment un magnifique amas d&rsquo;\u00e9toiles.<\/p><p>Le deuxi\u00e8me amas du Cancer, M67, est bien moins grand et \u00e9galement moins ais\u00e9 \u00e0 trouver que M44. Pour cela, on a besoin de rep\u00e9rer Alpha du Cancer, qui l\u00e0 encore est une \u00e9toile peu lumineuse. Cependant, une fois qu&rsquo;on a trouv\u00e9 cette \u00e9toile, le plus dur est fait. M67 se trouve un peu \u00e0 l&rsquo;ouest (\u00e0 gauche dans l&rsquo;oculaire), le mieux est de le chercher \u00e0 faible grossissement (genre 28x). Pr\u00e8s d&rsquo;Alpha on voit dans l&rsquo;oculaire une seconde \u00e9toile brillante, l&rsquo;amas est dans le prolongement de ces deux-l\u00e0. On peut aussi le chercher plus pr\u00e9cis\u00e9ment \u00e0 l&rsquo;aide des coordonn\u00e9es, sachant qu&rsquo;il suffit de se d\u00e9caler de &#8211; 8 minutes en Ascension Droite en partant de Alpha pour le trouver. J&rsquo;ai eu la surprise de voir qu&rsquo;il \u00e9tait visible dans mon nouveau chercheur 6&#215;30, sous forme d&rsquo;une petite tache grise (l&rsquo;observation se passait dans un champ, \u00e0 l&rsquo;\u00e9cart de toute pollution lumineuse). Il peut \u00eatre difficile \u00e0 voir sous un ciel clair.<\/p><p>Une fois trouv\u00e9, M67 est plus facile \u00e0 observer \u00e0 45x, voire \u00e0 105x (avec le 8,6 mm). C&rsquo;est vraiment un bel amas sous un bon ciel, assez concentr\u00e9, mais compos\u00e9 de fines \u00e9toiles bien d\u00e9tach\u00e9es, on en voit facilement une vingtaine. En vision d\u00e9cal\u00e9e, il est encore plus beau. Sa forme lui vaut parfois le surnom de \u00ab\u00a0Cobra\u00a0\u00bb. Une \u00e9toile bien plus brillante que les autres se d\u00e9tache du reste de l&rsquo;amas. M67 est l&rsquo;un des plus vieux amas ouverts connus. En tout cas, il vaut le coup d&rsquo;oeil !<\/p>\t\t\t\t\t<\/div>\n\t\t\t\t\t\t<\/div>\n\t\t\t\t<\/div>\n\t\t\t\t<div class=\"elementor-element elementor-element-17a6514d elementor-widget elementor-widget-text-editor\" data-id=\"17a6514d\" data-element_type=\"widget\" data-widget_type=\"text-editor.default\">\n\t\t\t\t<div class=\"elementor-widget-container\">\n\t\t\t\t\t\t\t\t<div class=\"elementor-text-editor elementor-clearfix\">\n\t\t\t\t<h3><span class=\"bleu gras\">Deux \u00e9toiles doubles :<\/span> (<a href=\"http:\/\/www.arnaudom.fr\/wordpress\/elementor-3130\/\">carte<\/a>)<\/h3>\t\t\t\t\t<\/div>\n\t\t\t\t\t\t<\/div>\n\t\t\t\t<\/div>\n\t\t\t\t<div class=\"elementor-element elementor-element-54269659 elementor-widget elementor-widget-text-editor\" data-id=\"54269659\" data-element_type=\"widget\" data-widget_type=\"text-editor.default\">\n\t\t\t\t<div class=\"elementor-widget-container\">\n\t\t\t\t\t\t\t\t<div class=\"elementor-text-editor elementor-clearfix\">\n\t\t\t\t<p>Allons chercher maintenant deux \u00e9toiles doubles. La premi\u00e8re est Dz\u00e9ta du Cancer, qu&rsquo;on trouve en prolongeant une fois et demi la distance Delta-Th\u00e9ta dans le sens Th\u00e9ta. L\u00e0 encore, ces deux derni\u00e8res \u00e9toiles sont peu brillantes, la meilleure solution consistant \u00e0 utiliser le chercheur pour trouver Dz\u00e9ta. Celle-ci est d\u00e9doubl\u00e9e \u00e0 105x, mais est plus ais\u00e9e \u00e0 observer \u00e0 158x (avec le 5,7 mm). On observe alors deux \u00e9toiles jaune d&rsquo;\u00e9clat assez similaire.<\/p><p>Notre seconde \u00e9toile double est beaucoup plus int\u00e9ressante, car elle est \u00e0 la fois facile \u00e0 trouver, tr\u00e8s ais\u00e9e \u00e0 d\u00e9doubler et vraiment magnifique. Iota est visible faiblement \u00e0 l&rsquo;est de Castor et Pollux. Elle se d\u00e9double d\u00e9s 28x de grossissement, et montre d\u00e9j\u00e0 ses deux composantes color\u00e9es, bien s\u00e9par\u00e9es. On gagne en confort en l&rsquo;observant \u00e0 plus fort grossissement, comme 105x. Iota est alors vraiment belle, avec ses deux composantes jaune et bleue. C&rsquo;est l&rsquo;Albir\u00e9o du Cancer ! A ne pas manquer !<\/p>\t\t\t\t\t<\/div>\n\t\t\t\t\t\t<\/div>\n\t\t\t\t<\/div>\n\t\t\t\t\t\t<\/div>\n\t\t\t\t\t<\/div>\n\t\t<\/div>\n\t\t\t\t\t\t\t\t<\/div>\n\t\t\t\t\t<\/div>\n\t\t<\/section>\n\t\t\t\t\t\t\t\t\t<\/div>\n\t\t\t<\/div>\n\t\t\t\t\t<\/div>\n\t\t","protected":false},"excerpt":{"rendered":"<p>Observer la constellation du Cancer Afficher la carte Objets observ\u00e9s : 2 \u00e9toiles doubles : Dz\u00e9ta et Iota. 2 amas ouverts : M44 (amas de la cr\u00e8che) et M67. Introduction : synth\u00e8se d&rsquo;observations effectu\u00e9es en f\u00e9vrier, mars et avril 2006 . Le Cancer est observable de janvier jusqu&rsquo;au d\u00e9but du printemps, c&rsquo;est pourquoi on le &hellip;<\/p>\n<p class=\"read-more\"> <a class=\"\" href=\"https:\/\/www.arnaudom.fr\/wordpress\/cancer\/\"> <span class=\"screen-reader-text\">cancer<\/span> Lire la suite\u00a0\u00bb<\/a><\/p>\n","protected":false},"author":1,"featured_media":0,"parent":0,"menu_order":0,"comment_status":"closed","ping_status":"closed","template":"","meta":{"site-sidebar-layout":"default","site-content-layout":"default","ast-site-content-layout":"","site-content-style":"default","site-sidebar-style":"default","ast-global-header-display":"","ast-banner-title-visibility":"","ast-main-header-display":"","ast-hfb-above-header-display":"","ast-hfb-below-header-display":"","ast-hfb-mobile-header-display":"","site-post-title":"disabled","ast-breadcrumbs-content":"","ast-featured-img":"","footer-sml-layout":"","theme-transparent-header-meta":"default","adv-header-id-meta":"","stick-header-meta":"","header-above-stick-meta":"","header-main-stick-meta":"","header-below-stick-meta":"","astra-migrate-meta-layouts":"","ast-page-background-enabled":"default","ast-page-background-meta":{"desktop":{"background-color":"","background-image":"","background-repeat":"repeat","background-position":"center center","background-size":"auto","background-attachment":"scroll","background-type":"","background-media":"","overlay-type":"","overlay-color":"","overlay-gradient":""},"tablet":{"background-color":"","background-image":"","background-repeat":"repeat","background-position":"center center","background-size":"auto","background-attachment":"scroll","background-type":"","background-media":"","overlay-type":"","overlay-color":"","overlay-gradient":""},"mobile":{"background-color":"","background-image":"","background-repeat":"repeat","background-position":"center center","background-size":"auto","background-attachment":"scroll","background-type":"","background-media":"","overlay-type":"","overlay-color":"","overlay-gradient":""}},"ast-content-background-meta":{"desktop":{"background-color":"var(--ast-global-color-5)","background-image":"","background-repeat":"repeat","background-position":"center center","background-size":"auto","background-attachment":"scroll","background-type":"","background-media":"","overlay-type":"","overlay-color":"","overlay-gradient":""},"tablet":{"background-color":"var(--ast-global-color-5)","background-image":"","background-repeat":"repeat","background-position":"center center","background-size":"auto","background-attachment":"scroll","background-type":"","background-media":"","overlay-type":"","overlay-color":"","overlay-gradient":""},"mobile":{"background-color":"var(--ast-global-color-5)","background-image":"","background-repeat":"repeat","background-position":"center center","background-size":"auto","background-attachment":"scroll","background-type":"","background-media":"","overlay-type":"","overlay-color":"","overlay-gradient":""}},"footnotes":""},"class_list":["post-3125","page","type-page","status-publish","hentry"],"_links":{"self":[{"href":"https:\/\/www.arnaudom.fr\/wordpress\/wp-json\/wp\/v2\/pages\/3125","targetHints":{"allow":["GET"]}}],"collection":[{"href":"https:\/\/www.arnaudom.fr\/wordpress\/wp-json\/wp\/v2\/pages"}],"about":[{"href":"https:\/\/www.arnaudom.fr\/wordpress\/wp-json\/wp\/v2\/types\/page"}],"author":[{"embeddable":true,"href":"https:\/\/www.arnaudom.fr\/wordpress\/wp-json\/wp\/v2\/users\/1"}],"replies":[{"embeddable":true,"href":"https:\/\/www.arnaudom.fr\/wordpress\/wp-json\/wp\/v2\/comments?post=3125"}],"version-history":[{"count":11,"href":"https:\/\/www.arnaudom.fr\/wordpress\/wp-json\/wp\/v2\/pages\/3125\/revisions"}],"predecessor-version":[{"id":4964,"href":"https:\/\/www.arnaudom.fr\/wordpress\/wp-json\/wp\/v2\/pages\/3125\/revisions\/4964"}],"wp:attachment":[{"href":"https:\/\/www.arnaudom.fr\/wordpress\/wp-json\/wp\/v2\/media?parent=3125"}],"curies":[{"name":"wp","href":"https:\/\/api.w.org\/{rel}","templated":true}]}}