{"id":3107,"date":"2019-08-16T07:27:43","date_gmt":"2019-08-16T05:27:43","guid":{"rendered":"http:\/\/www.arnaudom.fr\/wordpress\/?page_id=3107"},"modified":"2020-08-14T15:12:04","modified_gmt":"2020-08-14T13:12:04","slug":"gourse","status":"publish","type":"page","link":"https:\/\/www.arnaudom.fr\/wordpress\/gourse\/","title":{"rendered":"gourse"},"content":{"rendered":"\t\t<div data-elementor-type=\"wp-post\" data-elementor-id=\"3107\" class=\"elementor elementor-3107\">\n\t\t\t\t\t\t<div class=\"elementor-inner\">\n\t\t\t\t<div class=\"elementor-section-wrap\">\n\t\t\t\t\t\t\t\t\t<section class=\"elementor-section elementor-top-section elementor-element elementor-element-500b792 elementor-section-full_width elementor-section-height-default elementor-section-height-default\" data-id=\"500b792\" data-element_type=\"section\" data-settings=\"{&quot;background_background&quot;:&quot;classic&quot;}\">\n\t\t\t\t\t\t<div class=\"elementor-container elementor-column-gap-default\">\n\t\t\t\t\t\t\t<div class=\"elementor-row\">\n\t\t\t\t\t<div class=\"elementor-column elementor-col-100 elementor-top-column elementor-element elementor-element-49cd09c\" data-id=\"49cd09c\" data-element_type=\"column\" data-settings=\"{&quot;background_background&quot;:&quot;classic&quot;}\">\n\t\t\t<div class=\"elementor-column-wrap elementor-element-populated\">\n\t\t\t\t\t\t\t<div class=\"elementor-widget-wrap\">\n\t\t\t\t\t\t<div class=\"elementor-element elementor-element-63c8821 elementor-widget elementor-widget-heading\" data-id=\"63c8821\" data-element_type=\"widget\" data-widget_type=\"heading.default\">\n\t\t\t\t<div class=\"elementor-widget-container\">\n\t\t\t<h1 class=\"elementor-heading-title elementor-size-default\">Observer la constellation de la Grande Ourse<\/h1>\t\t<\/div>\n\t\t\t\t<\/div>\n\t\t\t\t<div class=\"elementor-element elementor-element-7e1fbc6 elementor-widget elementor-widget-spacer\" data-id=\"7e1fbc6\" data-element_type=\"widget\" data-widget_type=\"spacer.default\">\n\t\t\t\t<div class=\"elementor-widget-container\">\n\t\t\t\t\t<div class=\"elementor-spacer\">\n\t\t\t<div class=\"elementor-spacer-inner\"><\/div>\n\t\t<\/div>\n\t\t\t\t<\/div>\n\t\t\t\t<\/div>\n\t\t\t\t<section class=\"elementor-section elementor-inner-section elementor-element elementor-element-0988dc3 elementor-section-content-middle elementor-section-boxed elementor-section-height-default elementor-section-height-default\" data-id=\"0988dc3\" data-element_type=\"section\">\n\t\t\t\t\t\t<div class=\"elementor-container elementor-column-gap-default\">\n\t\t\t\t\t\t\t<div class=\"elementor-row\">\n\t\t\t\t\t<div class=\"elementor-column elementor-col-50 elementor-inner-column elementor-element elementor-element-3ddee68\" data-id=\"3ddee68\" data-element_type=\"column\" data-settings=\"{&quot;background_background&quot;:&quot;classic&quot;}\">\n\t\t\t<div class=\"elementor-column-wrap elementor-element-populated\">\n\t\t\t\t\t\t\t<div class=\"elementor-widget-wrap\">\n\t\t\t\t\t\t<div class=\"elementor-element elementor-element-9d2e4b9 elementor-widget elementor-widget-text-editor\" data-id=\"9d2e4b9\" data-element_type=\"widget\" data-widget_type=\"text-editor.default\">\n\t\t\t\t<div class=\"elementor-widget-container\">\n\t\t\t\t\t\t\t\t<div class=\"elementor-text-editor elementor-clearfix\">\n\t\t\t\t<a href=\"http:\/\/www.arnaudom.fr\/wordpress\/cartegourse\"><strong>Afficher la carte<\/strong><\/a>\t\t\t\t\t<\/div>\n\t\t\t\t\t\t<\/div>\n\t\t\t\t<\/div>\n\t\t\t\t\t\t<\/div>\n\t\t\t\t\t<\/div>\n\t\t<\/div>\n\t\t\t\t<div class=\"elementor-column elementor-col-50 elementor-inner-column elementor-element elementor-element-1cc54a5\" data-id=\"1cc54a5\" data-element_type=\"column\" data-settings=\"{&quot;background_background&quot;:&quot;classic&quot;}\">\n\t\t\t<div class=\"elementor-column-wrap elementor-element-populated\">\n\t\t\t\t\t\t\t<div class=\"elementor-widget-wrap\">\n\t\t\t\t\t\t<div class=\"elementor-element elementor-element-af335cb elementor-widget elementor-widget-image\" data-id=\"af335cb\" data-element_type=\"widget\" data-widget_type=\"image.default\">\n\t\t\t\t<div class=\"elementor-widget-container\">\n\t\t\t\t\t\t\t\t<div class=\"elementor-image\">\n\t\t\t\t\t\t\t\t\t\t\t\t\t<a href=\"http:\/\/www.arnaudom.fr\/wordpress\/cartegourse\">\n\t\t\t\t\t\t\t<img loading=\"lazy\" decoding=\"async\" width=\"150\" height=\"83\" src=\"https:\/\/www.arnaudom.fr\/wordpress\/wp-content\/uploads\/2019\/08\/tcartegourse.jpg\" class=\"attachment-large size-large wp-image-3116\" alt=\"\" \/>\t\t\t\t\t\t\t\t<\/a>\n\t\t\t\t\t\t\t\t\t\t\t\t\t\t<\/div>\n\t\t\t\t\t\t<\/div>\n\t\t\t\t<\/div>\n\t\t\t\t\t\t<\/div>\n\t\t\t\t\t<\/div>\n\t\t<\/div>\n\t\t\t\t\t\t\t\t<\/div>\n\t\t\t\t\t<\/div>\n\t\t<\/section>\n\t\t\t\t<div class=\"elementor-element elementor-element-e8bef5c elementor-widget elementor-widget-heading\" data-id=\"e8bef5c\" data-element_type=\"widget\" data-widget_type=\"heading.default\">\n\t\t\t\t<div class=\"elementor-widget-container\">\n\t\t\t<h3 class=\"elementor-heading-title elementor-size-default\">Objets observ\u00e9s :<\/h3>\t\t<\/div>\n\t\t\t\t<\/div>\n\t\t\t\t<div class=\"elementor-element elementor-element-cd2c6f6 elementor-widget elementor-widget-text-editor\" data-id=\"cd2c6f6\" data-element_type=\"widget\" data-widget_type=\"text-editor.default\">\n\t\t\t\t<div class=\"elementor-widget-container\">\n\t\t\t\t\t\t\t\t<div class=\"elementor-text-editor elementor-clearfix\">\n\t\t\t\t<p>1 \u00e9toile double : Mizar.<\/p><p>5 galaxies : M81, M82, M108, M109 et M101.<\/p><p>1 n\u00e9buleuse plan\u00e9taire : M97 (n\u00e9buleuse du hibou).<\/p>\t\t\t\t\t<\/div>\n\t\t\t\t\t\t<\/div>\n\t\t\t\t<\/div>\n\t\t\t\t<div class=\"elementor-element elementor-element-c87fb07 elementor-widget elementor-widget-heading\" data-id=\"c87fb07\" data-element_type=\"widget\" data-widget_type=\"heading.default\">\n\t\t\t\t<div class=\"elementor-widget-container\">\n\t\t\t<h3 class=\"elementor-heading-title elementor-size-default\">Introduction :<\/h3>\t\t<\/div>\n\t\t\t\t<\/div>\n\t\t\t\t<div class=\"elementor-element elementor-element-ca98a30 elementor-widget elementor-widget-text-editor\" data-id=\"ca98a30\" data-element_type=\"widget\" data-widget_type=\"text-editor.default\">\n\t\t\t\t<div class=\"elementor-widget-container\">\n\t\t\t\t\t\t\t\t<div class=\"elementor-text-editor elementor-clearfix\">\n\t\t\t\t<p>synth\u00e8se de deux observations, l&rsquo;une effectu\u00e9e en Avril 2004 et l&rsquo;autre en Mai 2005. Cette constellation, dont la forme lui vaut le surnom de \u00ab\u00a0grande casserole\u00a0\u00bb, est la plus connue de toute, et ne devrait poser aucun probl\u00e8me pour \u00eatre rep\u00e9r\u00e9e, \u00e0 partir du moment o\u00f9 l&rsquo;on se tourne vers le Nord ! Comme toutes les observations de printemps, elle contient surtout des galaxies, et n\u00e9cessite donc un bon ciel noir, sans Lune, et l&rsquo;utilisation de faibles grossissements. On ajoutera \u00e0 cela l&rsquo;une des plus c\u00e9l\u00e8bres \u00e9toile double du ciel, Mizar, et une dr\u00f4le de n\u00e9buleuse plan\u00e9taire, M97.<\/p>\t\t\t\t\t<\/div>\n\t\t\t\t\t\t<\/div>\n\t\t\t\t<\/div>\n\t\t\t\t<div class=\"elementor-element elementor-element-59c3797 elementor-widget elementor-widget-text-editor\" data-id=\"59c3797\" data-element_type=\"widget\" data-widget_type=\"text-editor.default\">\n\t\t\t\t<div class=\"elementor-widget-container\">\n\t\t\t\t\t\t\t\t<div class=\"elementor-text-editor elementor-clearfix\">\n\t\t\t\t<h3><span class=\"gras col5\">Des galaxies et une n\u00e9buleuse plan\u00e9taire :<\/span>\u00a0(<a href=\"http:\/\/www.arnaudom.fr\/wordpress\/cartegourse\">carte<\/a>)<\/h3>\t\t\t\t\t<\/div>\n\t\t\t\t\t\t<\/div>\n\t\t\t\t<\/div>\n\t\t\t\t<div class=\"elementor-element elementor-element-11b0da4 elementor-widget elementor-widget-text-editor\" data-id=\"11b0da4\" data-element_type=\"widget\" data-widget_type=\"text-editor.default\">\n\t\t\t\t<div class=\"elementor-widget-container\">\n\t\t\t\t\t\t\t\t<div class=\"elementor-text-editor elementor-clearfix\">\n\t\t\t\t<p>Tout d&rsquo;abord, la Grande Ourse contient deux tr\u00e8s belles galaxies, M81 et M82, qui forment en plus un couple puisqu&rsquo;elles sont toutes proches l&rsquo;une de l&rsquo;autre. Leur observation est ais\u00e9e&#8230; mais leur rep\u00e9rage un peu moins ! Pour cela, il faut prendre la distance entre Phecda (ou Gamma) et Dubhe (ou Alpha) de la Grande Ourse, et reporter une fois cette longueur en partant de Dubhe. Nos galaxies se trouvent dans cette zone, mais il faut chercher un peu. Normalement, avec cette m\u00e9thode, on trouve une petite \u00e9toile visible uniquement au chercheur, qui est l&rsquo;\u00e9toile 24 de la Grande Ourse, et qui est aussi le sommet d&rsquo;un petit triangle isoc\u00e8le visible \u00e9galement au chercheur. Il faut ensuite observer cette zone avec le grossissement de 28x (au 32 mm), et aller chercher un peu \u00e0 l&rsquo;est (\u00e0 gauche&#8230;) de 24 pour les trouver. On n&rsquo;y arrive pas forc\u00e9ment du premier coup ! Il faut faire un peu d&rsquo;exploration. Normalement, on devrait tomber sur deux t\u00e2ches grises, bien visibles ensemble dans le m\u00eame oculaire. On peut alors grossir 45x (avec le 20 mm), et les deux galaxies restent toujours dans le m\u00eame champ \u00e0 ce grossissement. A gauche dans l&rsquo;oculaire se trouve M82, qui est fine et allong\u00e9e. On la surnomme parfois la galaxie du cigare. A sa droite M81 est plus \u00e9tendue, de forme circulaire et avec un centre plus brillant entour\u00e9 de brume grise. Ces deux galaxies (contrairement \u00e0 la plupart des autres) supportent bien d&rsquo;\u00eatre grossies, elles ne perdent pas de luminosit\u00e9 et restent bien visibles, y compris en vision directe. Il ne faut donc pas h\u00e9siter \u00e0 les observer \u00e0 90x (avec le 10 mm), voire plus ! C&rsquo;est d&rsquo;ailleurs \u00e0 90x qu&rsquo;elles m&rsquo;ont sembl\u00e9 le plus int\u00e9ressant \u00e0 observer, mais \u00e9videmment \u00e0 ce grossissement elles ne sont plus visibles ensemble. La diff\u00e9rence dans leur forme permet de faire des comparaisons int\u00e9ressantes. Les contours de M82 sont bien d\u00e9finis, son centre est plus brillant mais sans forme pr\u00e9cise, alors qu&rsquo;\u00e0 l&rsquo;inverse, M81 est plus \u00e9tendue, elle pr\u00e9sente une forme circulaire mais aux contours plus flous, tandis que son centre forme une sph\u00e8re brillante. J&rsquo;adore ces galaxies !<\/p><p>Allons maintenant du c\u00f4t\u00e9 de M\u00e9rak (ou B\u00e9ta), qui va servir de point de d\u00e9part pour nos deux objets suivants, M108 et M97 . M108 est une galaxie faible mais assez belle, et M97 est une n\u00e9buleuse plan\u00e9taire en forme de sph\u00e8re ronde et grise. Bien que peu brillants, ils sont tout de m\u00eame facile \u00e0 rep\u00e9rer quand le ciel est bien noir et de bonne qualit\u00e9. On utilise le grossissement de 28x, car avec ce grossissement M108 et M97 sont visibles dans le m\u00eame champ. M97 est d&rsquo;ailleurs plus facile \u00e0 voir que M108 au premier coup d&rsquo;oeil. Donc on pointe M\u00e9rak \u00e0 28x et on va chercher en bas \u00e0 gauche de l&rsquo;\u00e9toile (en haut \u00e0 droite dans l&rsquo;oculaire), \u00e0 un peu plus d&rsquo;un champ d&rsquo;oculaire d&rsquo;\u00e9cart. Pour \u00eatre plus pr\u00e9cis, on peut aussi tenter l&rsquo;utilisation des coordonn\u00e9es en positionnant M\u00e9rak en bas dans l&rsquo;oculaire, et en se d\u00e9pla\u00e7ant uniquement en AD de + 10 minutes, ce qui devrait nous amener sur la galaxie. Encore une fois, M97 est plus facile \u00e0 percevoir que M108, c&rsquo;est peut-\u00eatre elle que vous trouverez en premier. L&rsquo;observation se fait ensuite \u00e0 45x. M108 est donc une assez faible galaxie, il faut insister en restant plusieurs secondes \u00e0 l&rsquo;oculaire, en vision d\u00e9cal\u00e9e, pour mieux la voir. C&rsquo;est une galaxie de forme allong\u00e9e, assez grande et qui finit par \u00eatre assez belle apr\u00e8s une observation attentive. En ce qui concerne M97, elle pr\u00e9sente l&rsquo;aspect d&rsquo;une belle boule ronde et grise, sans autre d\u00e9tail visible. Peut-\u00eatre peut on tout au plus percevoir de petites diff\u00e9rences de luminosit\u00e9 vers le centre. En tout cas son aspect g\u00e9n\u00e9ral est \u00e9tonnant. M97 est surnomm\u00e9e la n\u00e9buleuse du hibou, car en photo elle montre deux zones plus sombres qui dessinent comme les deux yeux de l&rsquo;animal.<\/p>\t\t\t\t\t<\/div>\n\t\t\t\t\t\t<\/div>\n\t\t\t\t<\/div>\n\t\t\t\t<div class=\"elementor-element elementor-element-8807931 elementor-widget elementor-widget-text-editor\" data-id=\"8807931\" data-element_type=\"widget\" data-widget_type=\"text-editor.default\">\n\t\t\t\t<div class=\"elementor-widget-container\">\n\t\t\t\t\t\t\t\t<div class=\"elementor-text-editor elementor-clearfix\">\n\t\t\t\t<h3><span class=\"col5 gras\"><span class=\"gras col5\">Une c\u00e9l\u00e8bre \u00e9toile double et d&rsquo;autres galaxies :<\/span> <\/span>(<a href=\"http:\/\/www.arnaudom.fr\/wordpress\/cartegourse\">carte<\/a>)<\/h3>\t\t\t\t\t<\/div>\n\t\t\t\t\t\t<\/div>\n\t\t\t\t<\/div>\n\t\t\t\t<div class=\"elementor-element elementor-element-cc30391 elementor-widget elementor-widget-text-editor\" data-id=\"cc30391\" data-element_type=\"widget\" data-widget_type=\"text-editor.default\">\n\t\t\t\t<div class=\"elementor-widget-container\">\n\t\t\t\t\t\t\t\t<div class=\"elementor-text-editor elementor-clearfix\">\n\t\t\t\t<p>Allons maintenant chercher une autre galaxie, M109, qui est tr\u00e8s facile \u00e0 trouver car \u00e0 28x de grossissement, elle se trouve dans le m\u00eame champ que l&rsquo;\u00e9toile Phecda. Le probl\u00e8me est cependant que M109 est vraiment toute proche d&rsquo;elle et que c&rsquo;est une galaxie peu lumineuse, donc l&rsquo;\u00e9clat de l&rsquo;\u00e9toile g\u00e8ne sa perception. La galaxie se trouve un peu en bas \u00e0 gauche (en haut \u00e0 droite dans l&rsquo;oculaire) de Phecda, il faut essayer de mettre l&rsquo;\u00e9toile hors du champ pour mieux la voir. On peut ensuite grossir 45x, ce qui ne permet pas franchement de voir plus de d\u00e9tails mais permet d&rsquo;observer en sortant l&rsquo;\u00e9toile du champ. M109 se pr\u00e9sente sous l&rsquo;aspect d&rsquo;une t\u00e2che grise, mais on n&rsquo;y per\u00e7oit pas de d\u00e9tail. C&rsquo;est la galaxie la moins int\u00e9ressante de cette observation !<\/p><p>Passons maintenant \u00e0 l&rsquo;une des \u00e9toiles du \u00ab\u00a0manche\u00a0\u00bb de la \u00ab\u00a0casserole\u00a0\u00bb, la tr\u00e8s c\u00e9l\u00e8bre \u00e9toile double Mizar. Si on l&rsquo;observe \u00e0 l&rsquo;oeil nu, on peut apercevoir, sous un bon ciel (et avec une bonne vue) une \u00e9toile toute proche d&rsquo;elle qui est Alcor. Ce couple d&rsquo;\u00e9toiles peut \u00eatre mieux observ\u00e9 aux jumelles, et \u00e9videmment au t\u00e9lescope. En regardant maintenant Mizar \u00e0 45x, on s&rsquo;aper\u00e7oit alors que cette derni\u00e8re est double \u00e9galement. A ce grossissement , on a donc dans l&rsquo;oculaire Alcor d&rsquo;un c\u00f4t\u00e9 et Mizar de l&rsquo;autre, accompagn\u00e9e de son double. Les trois \u00e9toiles sont de la m\u00eame couleur blanche. C&rsquo;est assez sympa \u00e0 voir !<\/p><p>Pour finir, on va chercher une derni\u00e8re galaxie, M101. Une fa\u00e7on de la trouver est de partir de Mizar et de suivre les \u00e9toiles 81-83-84-86 (voir <a href=\"http:\/\/www.arnaudom.fr\/cartegourse\">carte<\/a>), elle se trouve ensuite au-dessus (n&rsquo;oubliez pas que les positions sont invers\u00e9es dans l&rsquo;oculaire et au chercheur). Ces \u00e9toiles sont difficiles \u00e0 voir \u00e0 l&rsquo;oeil nu mais elles se voient au chercheur, c&rsquo;est donc au chercheur qu&rsquo;il faut les suivre. On peut aussi remarquer que M101 forme le sommet d&rsquo;un triangle isoc\u00e8le avec Alkaid (ou Eta) et Mizar. Si le ciel est bon, M101 se rep\u00e8re sans trop de difficult\u00e9 \u00e0 28x, car c&rsquo;est une grande galaxie. Elle se pr\u00e9sente comme une large nu\u00e9e grise circulaire, tr\u00e8s p\u00e2le, c&rsquo;est une galaxie vue de face. Sa p\u00e2leur la rend tr\u00e8s difficile \u00e0 voir sous un ciel pas tr\u00e8s sombre. Sous un bon ciel, on voit qu&rsquo;elle est tr\u00e8s grande. On peut la grossir 45x, et en l&rsquo;observant en vision d\u00e9cal\u00e9e on peut percevoir un centre un peu plus brillant, mais aucun d\u00e9tail n&rsquo;est vraiment visible. Pour ceux qui connaissent, elle ressemble un peu \u00e0 M33, la galaxie du triangle.<\/p>\t\t\t\t\t<\/div>\n\t\t\t\t\t\t<\/div>\n\t\t\t\t<\/div>\n\t\t\t\t\t\t<\/div>\n\t\t\t\t\t<\/div>\n\t\t<\/div>\n\t\t\t\t\t\t\t\t<\/div>\n\t\t\t\t\t<\/div>\n\t\t<\/section>\n\t\t\t\t\t\t\t\t\t<\/div>\n\t\t\t<\/div>\n\t\t\t\t\t<\/div>\n\t\t","protected":false},"excerpt":{"rendered":"<p>Observer la constellation de la Grande Ourse Afficher la carte Objets observ\u00e9s : 1 \u00e9toile double : Mizar. 5 galaxies : M81, M82, M108, M109 et M101. 1 n\u00e9buleuse plan\u00e9taire : M97 (n\u00e9buleuse du hibou). Introduction : synth\u00e8se de deux observations, l&rsquo;une effectu\u00e9e en Avril 2004 et l&rsquo;autre en Mai 2005. Cette constellation, dont la &hellip;<\/p>\n<p class=\"read-more\"> <a class=\"\" href=\"https:\/\/www.arnaudom.fr\/wordpress\/gourse\/\"> <span class=\"screen-reader-text\">gourse<\/span> Lire la suite\u00a0\u00bb<\/a><\/p>\n","protected":false},"author":1,"featured_media":0,"parent":0,"menu_order":0,"comment_status":"closed","ping_status":"closed","template":"","meta":{"site-sidebar-layout":"default","site-content-layout":"default","ast-site-content-layout":"","site-content-style":"default","site-sidebar-style":"default","ast-global-header-display":"","ast-banner-title-visibility":"","ast-main-header-display":"","ast-hfb-above-header-display":"","ast-hfb-below-header-display":"","ast-hfb-mobile-header-display":"","site-post-title":"disabled","ast-breadcrumbs-content":"","ast-featured-img":"","footer-sml-layout":"","theme-transparent-header-meta":"default","adv-header-id-meta":"","stick-header-meta":"","header-above-stick-meta":"","header-main-stick-meta":"","header-below-stick-meta":"","astra-migrate-meta-layouts":"","ast-page-background-enabled":"default","ast-page-background-meta":{"desktop":{"background-color":"","background-image":"","background-repeat":"repeat","background-position":"center center","background-size":"auto","background-attachment":"scroll","background-type":"","background-media":"","overlay-type":"","overlay-color":"","overlay-gradient":""},"tablet":{"background-color":"","background-image":"","background-repeat":"repeat","background-position":"center center","background-size":"auto","background-attachment":"scroll","background-type":"","background-media":"","overlay-type":"","overlay-color":"","overlay-gradient":""},"mobile":{"background-color":"","background-image":"","background-repeat":"repeat","background-position":"center center","background-size":"auto","background-attachment":"scroll","background-type":"","background-media":"","overlay-type":"","overlay-color":"","overlay-gradient":""}},"ast-content-background-meta":{"desktop":{"background-color":"var(--ast-global-color-5)","background-image":"","background-repeat":"repeat","background-position":"center center","background-size":"auto","background-attachment":"scroll","background-type":"","background-media":"","overlay-type":"","overlay-color":"","overlay-gradient":""},"tablet":{"background-color":"var(--ast-global-color-5)","background-image":"","background-repeat":"repeat","background-position":"center center","background-size":"auto","background-attachment":"scroll","background-type":"","background-media":"","overlay-type":"","overlay-color":"","overlay-gradient":""},"mobile":{"background-color":"var(--ast-global-color-5)","background-image":"","background-repeat":"repeat","background-position":"center center","background-size":"auto","background-attachment":"scroll","background-type":"","background-media":"","overlay-type":"","overlay-color":"","overlay-gradient":""}},"footnotes":""},"class_list":["post-3107","page","type-page","status-publish","hentry"],"_links":{"self":[{"href":"https:\/\/www.arnaudom.fr\/wordpress\/wp-json\/wp\/v2\/pages\/3107","targetHints":{"allow":["GET"]}}],"collection":[{"href":"https:\/\/www.arnaudom.fr\/wordpress\/wp-json\/wp\/v2\/pages"}],"about":[{"href":"https:\/\/www.arnaudom.fr\/wordpress\/wp-json\/wp\/v2\/types\/page"}],"author":[{"embeddable":true,"href":"https:\/\/www.arnaudom.fr\/wordpress\/wp-json\/wp\/v2\/users\/1"}],"replies":[{"embeddable":true,"href":"https:\/\/www.arnaudom.fr\/wordpress\/wp-json\/wp\/v2\/comments?post=3107"}],"version-history":[{"count":9,"href":"https:\/\/www.arnaudom.fr\/wordpress\/wp-json\/wp\/v2\/pages\/3107\/revisions"}],"predecessor-version":[{"id":4962,"href":"https:\/\/www.arnaudom.fr\/wordpress\/wp-json\/wp\/v2\/pages\/3107\/revisions\/4962"}],"wp:attachment":[{"href":"https:\/\/www.arnaudom.fr\/wordpress\/wp-json\/wp\/v2\/media?parent=3107"}],"curies":[{"name":"wp","href":"https:\/\/api.w.org\/{rel}","templated":true}]}}