{"id":3085,"date":"2019-08-15T17:39:57","date_gmt":"2019-08-15T15:39:57","guid":{"rendered":"http:\/\/www.arnaudom.fr\/wordpress\/?page_id=3085"},"modified":"2020-08-14T15:10:31","modified_gmt":"2020-08-14T13:10:31","slug":"chasse","status":"publish","type":"page","link":"https:\/\/www.arnaudom.fr\/wordpress\/chasse\/","title":{"rendered":"chasse"},"content":{"rendered":"\t\t<div data-elementor-type=\"wp-post\" data-elementor-id=\"3085\" class=\"elementor elementor-3085\">\n\t\t\t\t\t\t<div class=\"elementor-inner\">\n\t\t\t\t<div class=\"elementor-section-wrap\">\n\t\t\t\t\t\t\t\t\t<section class=\"elementor-section elementor-top-section elementor-element elementor-element-50b74f35 elementor-section-full_width elementor-section-height-default elementor-section-height-default\" data-id=\"50b74f35\" data-element_type=\"section\" data-settings=\"{&quot;background_background&quot;:&quot;classic&quot;}\">\n\t\t\t\t\t\t<div class=\"elementor-container elementor-column-gap-default\">\n\t\t\t\t\t\t\t<div class=\"elementor-row\">\n\t\t\t\t\t<div class=\"elementor-column elementor-col-100 elementor-top-column elementor-element elementor-element-e1a223f\" data-id=\"e1a223f\" data-element_type=\"column\" data-settings=\"{&quot;background_background&quot;:&quot;classic&quot;}\">\n\t\t\t<div class=\"elementor-column-wrap elementor-element-populated\">\n\t\t\t\t\t\t\t<div class=\"elementor-widget-wrap\">\n\t\t\t\t\t\t<div class=\"elementor-element elementor-element-73036c69 elementor-widget elementor-widget-heading\" data-id=\"73036c69\" data-element_type=\"widget\" data-widget_type=\"heading.default\">\n\t\t\t\t<div class=\"elementor-widget-container\">\n\t\t\t<h1 class=\"elementor-heading-title elementor-size-default\">Observer la constellation des Chiens de Chasse<\/h1>\t\t<\/div>\n\t\t\t\t<\/div>\n\t\t\t\t<div class=\"elementor-element elementor-element-5e6ffdde elementor-widget elementor-widget-spacer\" data-id=\"5e6ffdde\" data-element_type=\"widget\" data-widget_type=\"spacer.default\">\n\t\t\t\t<div class=\"elementor-widget-container\">\n\t\t\t\t\t<div class=\"elementor-spacer\">\n\t\t\t<div class=\"elementor-spacer-inner\"><\/div>\n\t\t<\/div>\n\t\t\t\t<\/div>\n\t\t\t\t<\/div>\n\t\t\t\t<section class=\"elementor-section elementor-inner-section elementor-element elementor-element-161d84f2 elementor-section-content-middle elementor-section-boxed elementor-section-height-default elementor-section-height-default\" data-id=\"161d84f2\" data-element_type=\"section\">\n\t\t\t\t\t\t<div class=\"elementor-container elementor-column-gap-default\">\n\t\t\t\t\t\t\t<div class=\"elementor-row\">\n\t\t\t\t\t<div class=\"elementor-column elementor-col-50 elementor-inner-column elementor-element elementor-element-106154e9\" data-id=\"106154e9\" data-element_type=\"column\" data-settings=\"{&quot;background_background&quot;:&quot;classic&quot;}\">\n\t\t\t<div class=\"elementor-column-wrap elementor-element-populated\">\n\t\t\t\t\t\t\t<div class=\"elementor-widget-wrap\">\n\t\t\t\t\t\t<div class=\"elementor-element elementor-element-46152011 elementor-widget elementor-widget-text-editor\" data-id=\"46152011\" data-element_type=\"widget\" data-widget_type=\"text-editor.default\">\n\t\t\t\t<div class=\"elementor-widget-container\">\n\t\t\t\t\t\t\t\t<div class=\"elementor-text-editor elementor-clearfix\">\n\t\t\t\t<a href=\"http:\/\/www.arnaudom.fr\/wordpress\/cartechasse\"><strong>Afficher la carte<\/strong><\/a>\t\t\t\t\t<\/div>\n\t\t\t\t\t\t<\/div>\n\t\t\t\t<\/div>\n\t\t\t\t\t\t<\/div>\n\t\t\t\t\t<\/div>\n\t\t<\/div>\n\t\t\t\t<div class=\"elementor-column elementor-col-50 elementor-inner-column elementor-element elementor-element-67eeaac9\" data-id=\"67eeaac9\" data-element_type=\"column\" data-settings=\"{&quot;background_background&quot;:&quot;classic&quot;}\">\n\t\t\t<div class=\"elementor-column-wrap elementor-element-populated\">\n\t\t\t\t\t\t\t<div class=\"elementor-widget-wrap\">\n\t\t\t\t\t\t<div class=\"elementor-element elementor-element-1baa44b5 elementor-widget elementor-widget-image\" data-id=\"1baa44b5\" data-element_type=\"widget\" data-widget_type=\"image.default\">\n\t\t\t\t<div class=\"elementor-widget-container\">\n\t\t\t\t\t\t\t\t<div class=\"elementor-image\">\n\t\t\t\t\t\t\t\t\t\t\t\t\t<a href=\"http:\/\/www.arnaudom.fr\/wordpress\/cartechasse\">\n\t\t\t\t\t\t\t<img loading=\"lazy\" decoding=\"async\" width=\"150\" height=\"109\" src=\"https:\/\/www.arnaudom.fr\/wordpress\/wp-content\/uploads\/2019\/08\/tcartechasse.jpg\" class=\"attachment-large size-large wp-image-3100\" alt=\"\" \/>\t\t\t\t\t\t\t\t<\/a>\n\t\t\t\t\t\t\t\t\t\t\t\t\t\t<\/div>\n\t\t\t\t\t\t<\/div>\n\t\t\t\t<\/div>\n\t\t\t\t\t\t<\/div>\n\t\t\t\t\t<\/div>\n\t\t<\/div>\n\t\t\t\t\t\t\t\t<\/div>\n\t\t\t\t\t<\/div>\n\t\t<\/section>\n\t\t\t\t<div class=\"elementor-element elementor-element-6b0c3cd4 elementor-widget elementor-widget-heading\" data-id=\"6b0c3cd4\" data-element_type=\"widget\" data-widget_type=\"heading.default\">\n\t\t\t\t<div class=\"elementor-widget-container\">\n\t\t\t<h3 class=\"elementor-heading-title elementor-size-default\">Objets observ\u00e9s :<\/h3>\t\t<\/div>\n\t\t\t\t<\/div>\n\t\t\t\t<div class=\"elementor-element elementor-element-2bcd6bc4 elementor-widget elementor-widget-text-editor\" data-id=\"2bcd6bc4\" data-element_type=\"widget\" data-widget_type=\"text-editor.default\">\n\t\t\t\t<div class=\"elementor-widget-container\">\n\t\t\t\t\t\t\t\t<div class=\"elementor-text-editor elementor-clearfix\">\n\t\t\t\t<p>1 \u00e9toile double : Cor Caroli.<\/p><p>1 amas globulaire : M3.<\/p><p>5 galaxies : M51 (galaxie du tourbillon), M94, M63, NGC 4449 et M106.<\/p>\t\t\t\t\t<\/div>\n\t\t\t\t\t\t<\/div>\n\t\t\t\t<\/div>\n\t\t\t\t<div class=\"elementor-element elementor-element-4cc4e131 elementor-widget elementor-widget-heading\" data-id=\"4cc4e131\" data-element_type=\"widget\" data-widget_type=\"heading.default\">\n\t\t\t\t<div class=\"elementor-widget-container\">\n\t\t\t<h3 class=\"elementor-heading-title elementor-size-default\">Introduction :<\/h3>\t\t<\/div>\n\t\t\t\t<\/div>\n\t\t\t\t<div class=\"elementor-element elementor-element-fc40916 elementor-widget elementor-widget-text-editor\" data-id=\"fc40916\" data-element_type=\"widget\" data-widget_type=\"text-editor.default\">\n\t\t\t\t<div class=\"elementor-widget-container\">\n\t\t\t\t\t\t\t\t<div class=\"elementor-text-editor elementor-clearfix\">\n\t\t\t\t<p>s\u00e9ance d&rsquo;observation effectu\u00e9e en Mai 2005. La constellation des Chiens de Chasse est en fait constitu\u00e9e de seulement deux \u00e9toiles visibles \u00e0 l&rsquo;oeil nu. Pour la trouver, il suffit de partir de la Grande Ourse, et de rep\u00e9rer une \u00e9toile brillante qui se trouve sous la queue de la \u00ab\u00a0casserole\u00a0\u00bb. Cette \u00e9toile se nomme Cor Caroli, et c&rsquo;est la plus brillante de la constellation des Chiens de Chasse. Elle forme un segment avec l&rsquo;\u00e9toile B\u00e9ta, bien plus faible, sur sa droite, mais visible \u00e0 l&rsquo;oeil nu aussi : et voil\u00e0 la constellation des Chiens de Chasse ! Cette observation contient surtout des galaxies, et n\u00e9cessite donc un bon ciel noir, sans Lune, et l&rsquo;utilisation de faibles grossissements. D&rsquo;autre part, le rep\u00e9rage des objets en visuel est un peu d\u00e9licat vu le peu d&rsquo;\u00e9toiles brillantes pr\u00e9sentes dans cette zone : il faudra peut-\u00eatre chercher un peu !<\/p>\t\t\t\t\t<\/div>\n\t\t\t\t\t\t<\/div>\n\t\t\t\t<\/div>\n\t\t\t\t<div class=\"elementor-element elementor-element-2ffbec0c elementor-widget elementor-widget-text-editor\" data-id=\"2ffbec0c\" data-element_type=\"widget\" data-widget_type=\"text-editor.default\">\n\t\t\t\t<div class=\"elementor-widget-container\">\n\t\t\t\t\t\t\t\t<div class=\"elementor-text-editor elementor-clearfix\">\n\t\t\t\t<h3><span class=\"col5 gras\">Une \u00e9toile double et une galaxie double :<\/span> (<a href=\"http:\/\/www.arnaudom.fr\/wordpress\/cartechasse\">carte<\/a>)<\/h3>\t\t\t\t\t<\/div>\n\t\t\t\t\t\t<\/div>\n\t\t\t\t<\/div>\n\t\t\t\t<div class=\"elementor-element elementor-element-f1a1288 elementor-widget elementor-widget-text-editor\" data-id=\"f1a1288\" data-element_type=\"widget\" data-widget_type=\"text-editor.default\">\n\t\t\t\t<div class=\"elementor-widget-container\">\n\t\t\t\t\t\t\t\t<div class=\"elementor-text-editor elementor-clearfix\">\n\t\t\t\t<p>Pointons d&rsquo;abord Cor Caroli : c&rsquo;est une \u00e9toile double tr\u00e8s \u00e9cart\u00e9e. Elle est largement d\u00e9doubl\u00e9e avec un simple grossissement de 45x (avec le 20 mm). L&rsquo;\u00e9toile principale est blanche-bleue, quand \u00e0 la secondaire, elle m&rsquo;a sembl\u00e9 l\u00e9g\u00e8rement verd\u00e2tre.<\/p><p>Apr\u00e8s ce petit \u00e9chauffement facile, on va s&rsquo;attaquer directement \u00e0 la recherche de M51, la c\u00e9l\u00e8bre galaxie du tourbillon. On la voit tr\u00e8s souvent en photographie, c&rsquo;est une galaxie en spirale dont l&rsquo;un des bras est reli\u00e9 \u00e0 une galaxie plus petite : c&rsquo;est une galaxie double. Bien entendu, pas question d&rsquo;esp\u00e9rer voir tous ces d\u00e9tails au 130\/900, mais on va pouvoir tout de m\u00eame observer sa forme globale. Bien, alors son rep\u00e9rage se fait \u00e0 partir de la Grande Ourse, car elle se trouve juste sous Alkaid, l&rsquo;\u00e9toile qui est au bout de la queue de la Grande Ourse. Voici ci-dessous un rep\u00e9rage plus d\u00e9taill\u00e9 de M51.\u00a0<\/p>\t\t\t\t\t<\/div>\n\t\t\t\t\t\t<\/div>\n\t\t\t\t<\/div>\n\t\t\t\t<div class=\"elementor-element elementor-element-4683da5 elementor-widget elementor-widget-image\" data-id=\"4683da5\" data-element_type=\"widget\" data-widget_type=\"image.default\">\n\t\t\t\t<div class=\"elementor-widget-container\">\n\t\t\t\t\t\t\t\t<div class=\"elementor-image\">\n\t\t\t\t\t\t\t\t\t\t\t\t<img loading=\"lazy\" decoding=\"async\" width=\"422\" height=\"275\" src=\"https:\/\/www.arnaudom.fr\/wordpress\/wp-content\/uploads\/2019\/08\/M51.gif\" class=\"attachment-large size-large wp-image-3087\" alt=\"\" \/>\t\t\t\t\t\t\t\t\t\t\t\t\t\t<\/div>\n\t\t\t\t\t\t<\/div>\n\t\t\t\t<\/div>\n\t\t\t\t<div class=\"elementor-element elementor-element-3d01c169 elementor-widget elementor-widget-text-editor\" data-id=\"3d01c169\" data-element_type=\"widget\" data-widget_type=\"text-editor.default\">\n\t\t\t\t<div class=\"elementor-widget-container\">\n\t\t\t\t\t\t\t\t<div class=\"elementor-text-editor elementor-clearfix\">\n\t\t\t\t<p>On va d&rsquo;abord pointer avec un grossissement de 28x (avec le 32 mm) l&rsquo;\u00e9toile Alkaid. M51 forme un triangle rectangle avec Alkaid et Mizar. Ensuite, quand on a point\u00e9 Alkaid, on voit dans le chercheur une \u00e9toile plus faible proche d&rsquo;elle : il s&rsquo;agit de l&rsquo;\u00e9toile 24. 24 est le sommet d&rsquo;un triangle isoc\u00e8le qu&rsquo;elle forme avec Alkaid et M51. A l&rsquo;aide de ces deux remarques, on devrait localiser la position de notre galaxie dans le chercheur. Il faudra peut-\u00eatre explorer un peu la zone correspondante pour la trouver. On aper\u00e7oit tout d&rsquo;abord une t\u00e2che grise allong\u00e9e, ovale. On peut alors grossir 45x pour l&rsquo;observer. On per\u00e7oit la forme g\u00e9n\u00e9rale de la galaxie, qui ressemble \u00e0 une poire, et deux petits points brillants \u00e0 l&rsquo;int\u00e9rieur, qui sont en fait les centres des deux galaxies qui composent M51. Il faut prendre son temps et observer en vision d\u00e9cal\u00e9e : on arrive alors par instant \u00e0 avoir une vision assez nette de cet objet (mais \u00e9videmment on ne peut pas voir pas les bras spiraux). C&rsquo;est la seule galaxie double observable dans un petit t\u00e9lescope.<\/p><p>Bien, alors maintenant nous allons chercher les autres galaxies de la constellation. Il y a tout d&rsquo;abord M94, qui forme le sommet d&rsquo;un triangle isoc\u00e8le avec Cor Caroli et B\u00e9ta des Chiens de Chasse. Pour la trouver, je me suis content\u00e9 de fouiller la zone en question \u00e0 28x, M94 ressemble en fait \u00e0 une petite galaxie ronde, dont le centre est tr\u00e8s brillant. On peut ensuite l&rsquo;observer \u00e0 45x, mais \u00e7a ne change pas grand chose : la galaxie appara\u00eet toujours comme une t\u00e2che circulaire au centre tr\u00e8s brillant. Beaucoup moins int\u00e9ressante que M51 !<\/p><p>Toujours dans la m\u00eame zone, se trouve une galaxie plus int\u00e9ressante que M94, il s&rsquo;agit de M63 (qu&rsquo;on appelle aussi la galaxie du Tournesol). Pour la trouver, on va chercher entre Alkaid et Cor Caroli, \u00e0 28x de grossissement. Plus pr\u00e9cis\u00e9ment, il faut aller la chercher \u00e0 un tiers du segment Cor Caroli et Alkaid, en partant de Cor Caroli. On finit par la rep\u00e9rer en fouillant cette zone \u00e0 28x, car elle est assez brillante (pour une galaxie&#8230;) et assez grande. Quand on l&rsquo;a trouv\u00e9e, elle peut \u00eatre grossie 45x. On observe une galaxie \u00e0 la forme ovale, allong\u00e9e, sans doute une galaxie spirale vue de c\u00f4t\u00e9. Son centre est assez brillant, et elle se trouve pr\u00e8s d&rsquo;une \u00e9toile bien visible dans l&rsquo;oculaire. C&rsquo;est une belle galaxie !<\/p>\t\t\t\t\t<\/div>\n\t\t\t\t\t\t<\/div>\n\t\t\t\t<\/div>\n\t\t\t\t<div class=\"elementor-element elementor-element-1b757180 elementor-widget elementor-widget-text-editor\" data-id=\"1b757180\" data-element_type=\"widget\" data-widget_type=\"text-editor.default\">\n\t\t\t\t<div class=\"elementor-widget-container\">\n\t\t\t\t\t\t\t\t<div class=\"elementor-text-editor elementor-clearfix\">\n\t\t\t\t<h3><span class=\"col5 gras\">Deux galaxies et un amas globulaire : <\/span>(<a href=\"http:\/\/www.arnaudom.fr\/wordpress\/cartechasse\">carte<\/a>)<\/h3>\t\t\t\t\t<\/div>\n\t\t\t\t\t\t<\/div>\n\t\t\t\t<\/div>\n\t\t\t\t<div class=\"elementor-element elementor-element-47d77509 elementor-widget elementor-widget-text-editor\" data-id=\"47d77509\" data-element_type=\"widget\" data-widget_type=\"text-editor.default\">\n\t\t\t\t<div class=\"elementor-widget-container\">\n\t\t\t\t\t\t\t\t<div class=\"elementor-text-editor elementor-clearfix\">\n\t\t\t\t<p>Rendons-nous maintenant du c\u00f4t\u00e9 de B\u00e9ta. Avec le grossissement de 28x, on va tenter de rep\u00e9rer la galaxie NGC 4449. Il faut aller la chercher \u00ab\u00a0en haut et \u00e0 droite\u00a0\u00bb de B\u00e9ta. Je n&rsquo;ai pas de point de rep\u00e8re tr\u00e8s pr\u00e9cis, mais en explorant la zone en question \u00e0 28x, on arrive \u00e0 rep\u00e9rer une petite t\u00e2che grise, qu&rsquo;on pourra ensuite grossir 45x. On voit un objet qui semble circulaire, et relativement brillant. Cette observation ne pr\u00e9sente pas un int\u00e9r\u00eat \u00e9norme, mais en fait il faut savoir que NGC 4449 est une galaxie de type irr\u00e9guli\u00e8re, ce qui veut dire qu&rsquo;elle n&rsquo;est pas en spirale comme la plupart des galaxies, mais qu&rsquo;au contraire elle n&rsquo;a pas de forme d\u00e9finie. En fait, elle a une forme plut\u00f4t rectangulaire, ce qui n&rsquo;est pas tr\u00e8s courant pour une galaxie.<\/p><p>On va aller voir maintenant la derni\u00e8re galaxie de l&rsquo;observation, M106, qui elle est plus agr\u00e9able \u00e0 observer que NGC 4449. M106 se trouve \u00e0 peu pr\u00e8s \u00e0 mi-chemin de B\u00e9ta des Chiens de Chasse et de Phecda, \u00e9toile de la Grande Ourse. A nouveau, il s&rsquo;agit de fouiller la zone avec un faible grossissement, toujours 28x pour moi. Une autre fa\u00e7on plus pr\u00e9cise de la localiser est d&rsquo;utiliser les coordonn\u00e9es : pour cela, il faut pointer l&rsquo;\u00e9toile Megrez de la Grande Ourse, car M106 se trouve \u00e0 -10\u00b0 en d\u00e9clinaison de ce point de rep\u00e8re. On vise donc cette \u00e9toile, toujours \u00e0 28x, puis on ouvre le frein des d\u00e9clinaisons et on v\u00e9rifie qu&rsquo;on tourne dans le bon sens. Si on ne s&rsquo;est pas tromp\u00e9 et si on a fait une mise en station \u00e0 peu pr\u00e8s correcte, la galaxie devrait finir par appara\u00eetre dans l&rsquo;oculaire. Elle est bien visible et assez grande, sa forme globale \u00e9voque une spirale dont le centre est brillant. Elle rappelle beaucoup M63. C&rsquo;est une belle galaxie !<\/p><p>On va finir avec un bel amas globulaire nomm\u00e9 M3. Pour le trouver, il faut commencer par rep\u00e9rer Arcturus, brillante \u00e9toile de la constellation du Bouvier, \u00e0 l&rsquo;est (donc \u00ab\u00a0\u00e0 gauche\u00a0\u00bb) de Cor Caroli. C&rsquo;est normalement assez facile, car Arcturus est l&rsquo;une des plus brillantes \u00e9toiles du ciel \u00e0 cet endroit-l\u00e0, et de plus elle brille d&rsquo;un \u00e9clat jaune visible \u00e0 l&rsquo;oeil nu, tandis que les \u00e9toiles qui l&rsquo;entourent apparaissent blanches. Une autre fa\u00e7on de la trouver consiste \u00e0 prolonger la queue de la Grande Ourse en faisant un arc de cercle, ce qui nous am\u00e8ne sur elle. Bref, une fois qu&rsquo;on l&rsquo;a, il ne reste plus qu&rsquo;\u00e0 viser pile au milieu entre Cor Caroli et Arcturus : en observant \u00e0 28x, on trouve M3 sans trop difficult\u00e9. Maintenant, on peut le grossir 45x, 90x (avec le 10 mm) ou plus. Il est assez beau, et sa p\u00e9riph\u00e9rie commence \u00e0 \u00eatre r\u00e9solue, c&rsquo;est-\u00e0-dire que des \u00e9toiles sont visibles sur le bord de l&rsquo;amas. C&rsquo;est plus facile \u00e0 voir en vision d\u00e9cal\u00e9e. Il ne faut donc pas h\u00e9siter \u00e0 le grossir et \u00e0 prendre son temps pour l&rsquo;observer, c&rsquo;est vraiment un bel amas globulaire.<\/p>\t\t\t\t\t<\/div>\n\t\t\t\t\t\t<\/div>\n\t\t\t\t<\/div>\n\t\t\t\t\t\t<\/div>\n\t\t\t\t\t<\/div>\n\t\t<\/div>\n\t\t\t\t\t\t\t\t<\/div>\n\t\t\t\t\t<\/div>\n\t\t<\/section>\n\t\t\t\t\t\t\t\t\t<\/div>\n\t\t\t<\/div>\n\t\t\t\t\t<\/div>\n\t\t","protected":false},"excerpt":{"rendered":"<p>Observer la constellation des Chiens de Chasse Afficher la carte Objets observ\u00e9s : 1 \u00e9toile double : Cor Caroli. 1 amas globulaire : M3. 5 galaxies : M51 (galaxie du tourbillon), M94, M63, NGC 4449 et M106. Introduction : s\u00e9ance d&rsquo;observation effectu\u00e9e en Mai 2005. La constellation des Chiens de Chasse est en fait constitu\u00e9e &hellip;<\/p>\n<p class=\"read-more\"> <a class=\"\" href=\"https:\/\/www.arnaudom.fr\/wordpress\/chasse\/\"> <span class=\"screen-reader-text\">chasse<\/span> Lire la suite\u00a0\u00bb<\/a><\/p>\n","protected":false},"author":1,"featured_media":0,"parent":0,"menu_order":0,"comment_status":"closed","ping_status":"closed","template":"","meta":{"site-sidebar-layout":"default","site-content-layout":"default","ast-site-content-layout":"","site-content-style":"default","site-sidebar-style":"default","ast-global-header-display":"","ast-banner-title-visibility":"","ast-main-header-display":"","ast-hfb-above-header-display":"","ast-hfb-below-header-display":"","ast-hfb-mobile-header-display":"","site-post-title":"disabled","ast-breadcrumbs-content":"","ast-featured-img":"","footer-sml-layout":"","theme-transparent-header-meta":"default","adv-header-id-meta":"","stick-header-meta":"","header-above-stick-meta":"","header-main-stick-meta":"","header-below-stick-meta":"","astra-migrate-meta-layouts":"","ast-page-background-enabled":"default","ast-page-background-meta":{"desktop":{"background-color":"","background-image":"","background-repeat":"repeat","background-position":"center center","background-size":"auto","background-attachment":"scroll","background-type":"","background-media":"","overlay-type":"","overlay-color":"","overlay-gradient":""},"tablet":{"background-color":"","background-image":"","background-repeat":"repeat","background-position":"center center","background-size":"auto","background-attachment":"scroll","background-type":"","background-media":"","overlay-type":"","overlay-color":"","overlay-gradient":""},"mobile":{"background-color":"","background-image":"","background-repeat":"repeat","background-position":"center center","background-size":"auto","background-attachment":"scroll","background-type":"","background-media":"","overlay-type":"","overlay-color":"","overlay-gradient":""}},"ast-content-background-meta":{"desktop":{"background-color":"var(--ast-global-color-5)","background-image":"","background-repeat":"repeat","background-position":"center center","background-size":"auto","background-attachment":"scroll","background-type":"","background-media":"","overlay-type":"","overlay-color":"","overlay-gradient":""},"tablet":{"background-color":"var(--ast-global-color-5)","background-image":"","background-repeat":"repeat","background-position":"center center","background-size":"auto","background-attachment":"scroll","background-type":"","background-media":"","overlay-type":"","overlay-color":"","overlay-gradient":""},"mobile":{"background-color":"var(--ast-global-color-5)","background-image":"","background-repeat":"repeat","background-position":"center center","background-size":"auto","background-attachment":"scroll","background-type":"","background-media":"","overlay-type":"","overlay-color":"","overlay-gradient":""}},"footnotes":""},"class_list":["post-3085","page","type-page","status-publish","hentry"],"_links":{"self":[{"href":"https:\/\/www.arnaudom.fr\/wordpress\/wp-json\/wp\/v2\/pages\/3085","targetHints":{"allow":["GET"]}}],"collection":[{"href":"https:\/\/www.arnaudom.fr\/wordpress\/wp-json\/wp\/v2\/pages"}],"about":[{"href":"https:\/\/www.arnaudom.fr\/wordpress\/wp-json\/wp\/v2\/types\/page"}],"author":[{"embeddable":true,"href":"https:\/\/www.arnaudom.fr\/wordpress\/wp-json\/wp\/v2\/users\/1"}],"replies":[{"embeddable":true,"href":"https:\/\/www.arnaudom.fr\/wordpress\/wp-json\/wp\/v2\/comments?post=3085"}],"version-history":[{"count":9,"href":"https:\/\/www.arnaudom.fr\/wordpress\/wp-json\/wp\/v2\/pages\/3085\/revisions"}],"predecessor-version":[{"id":4957,"href":"https:\/\/www.arnaudom.fr\/wordpress\/wp-json\/wp\/v2\/pages\/3085\/revisions\/4957"}],"wp:attachment":[{"href":"https:\/\/www.arnaudom.fr\/wordpress\/wp-json\/wp\/v2\/media?parent=3085"}],"curies":[{"name":"wp","href":"https:\/\/api.w.org\/{rel}","templated":true}]}}