{"id":3064,"date":"2019-08-14T22:23:02","date_gmt":"2019-08-14T20:23:02","guid":{"rendered":"http:\/\/www.arnaudom.fr\/wordpress\/?page_id=3064"},"modified":"2020-08-14T15:08:55","modified_gmt":"2020-08-14T13:08:55","slug":"chevelure","status":"publish","type":"page","link":"https:\/\/www.arnaudom.fr\/wordpress\/chevelure\/","title":{"rendered":"chevelure"},"content":{"rendered":"\t\t<div data-elementor-type=\"wp-post\" data-elementor-id=\"3064\" class=\"elementor elementor-3064\">\n\t\t\t\t\t\t<div class=\"elementor-inner\">\n\t\t\t\t<div class=\"elementor-section-wrap\">\n\t\t\t\t\t\t\t\t\t<section class=\"elementor-section elementor-top-section elementor-element elementor-element-16418ec elementor-section-full_width elementor-section-height-default elementor-section-height-default\" data-id=\"16418ec\" data-element_type=\"section\" data-settings=\"{&quot;background_background&quot;:&quot;classic&quot;}\">\n\t\t\t\t\t\t<div class=\"elementor-container elementor-column-gap-default\">\n\t\t\t\t\t\t\t<div class=\"elementor-row\">\n\t\t\t\t\t<div class=\"elementor-column elementor-col-100 elementor-top-column elementor-element elementor-element-424a984\" data-id=\"424a984\" data-element_type=\"column\" data-settings=\"{&quot;background_background&quot;:&quot;classic&quot;}\">\n\t\t\t<div class=\"elementor-column-wrap elementor-element-populated\">\n\t\t\t\t\t\t\t<div class=\"elementor-widget-wrap\">\n\t\t\t\t\t\t<div class=\"elementor-element elementor-element-22540b48 elementor-widget elementor-widget-heading\" data-id=\"22540b48\" data-element_type=\"widget\" data-widget_type=\"heading.default\">\n\t\t\t\t<div class=\"elementor-widget-container\">\n\t\t\t<h1 class=\"elementor-heading-title elementor-size-default\">Observer la constellation de la Chevelure de B\u00e9r\u00e9nice<\/h1>\t\t<\/div>\n\t\t\t\t<\/div>\n\t\t\t\t<div class=\"elementor-element elementor-element-4b32db3d elementor-widget elementor-widget-spacer\" data-id=\"4b32db3d\" data-element_type=\"widget\" data-widget_type=\"spacer.default\">\n\t\t\t\t<div class=\"elementor-widget-container\">\n\t\t\t\t\t<div class=\"elementor-spacer\">\n\t\t\t<div class=\"elementor-spacer-inner\"><\/div>\n\t\t<\/div>\n\t\t\t\t<\/div>\n\t\t\t\t<\/div>\n\t\t\t\t<section class=\"elementor-section elementor-inner-section elementor-element elementor-element-48325bd9 elementor-section-content-middle elementor-section-boxed elementor-section-height-default elementor-section-height-default\" data-id=\"48325bd9\" data-element_type=\"section\">\n\t\t\t\t\t\t<div class=\"elementor-container elementor-column-gap-default\">\n\t\t\t\t\t\t\t<div class=\"elementor-row\">\n\t\t\t\t\t<div class=\"elementor-column elementor-col-50 elementor-inner-column elementor-element elementor-element-18672e3c\" data-id=\"18672e3c\" data-element_type=\"column\" data-settings=\"{&quot;background_background&quot;:&quot;classic&quot;}\">\n\t\t\t<div class=\"elementor-column-wrap elementor-element-populated\">\n\t\t\t\t\t\t\t<div class=\"elementor-widget-wrap\">\n\t\t\t\t\t\t<div class=\"elementor-element elementor-element-4f652e5f elementor-widget elementor-widget-text-editor\" data-id=\"4f652e5f\" data-element_type=\"widget\" data-widget_type=\"text-editor.default\">\n\t\t\t\t<div class=\"elementor-widget-container\">\n\t\t\t\t\t\t\t\t<div class=\"elementor-text-editor elementor-clearfix\">\n\t\t\t\t<a href=\"http:\/\/www.arnaudom.fr\/wordpress\/cartechevelure\"><strong>Afficher la carte<\/strong><\/a>\t\t\t\t\t<\/div>\n\t\t\t\t\t\t<\/div>\n\t\t\t\t<\/div>\n\t\t\t\t\t\t<\/div>\n\t\t\t\t\t<\/div>\n\t\t<\/div>\n\t\t\t\t<div class=\"elementor-column elementor-col-50 elementor-inner-column elementor-element elementor-element-3878eec0\" data-id=\"3878eec0\" data-element_type=\"column\" data-settings=\"{&quot;background_background&quot;:&quot;classic&quot;}\">\n\t\t\t<div class=\"elementor-column-wrap elementor-element-populated\">\n\t\t\t\t\t\t\t<div class=\"elementor-widget-wrap\">\n\t\t\t\t\t\t<div class=\"elementor-element elementor-element-18934d73 elementor-widget elementor-widget-image\" data-id=\"18934d73\" data-element_type=\"widget\" data-widget_type=\"image.default\">\n\t\t\t\t<div class=\"elementor-widget-container\">\n\t\t\t\t\t\t\t\t<div class=\"elementor-image\">\n\t\t\t\t\t\t\t\t\t\t\t\t\t<a href=\"http:\/\/www.arnaudom.fr\/wordpress\/cartechevelure\">\n\t\t\t\t\t\t\t<img loading=\"lazy\" decoding=\"async\" width=\"150\" height=\"116\" src=\"https:\/\/www.arnaudom.fr\/wordpress\/wp-content\/uploads\/2019\/08\/tcartechevelure.jpg\" class=\"attachment-large size-large wp-image-3075\" alt=\"\" \/>\t\t\t\t\t\t\t\t<\/a>\n\t\t\t\t\t\t\t\t\t\t\t\t\t\t<\/div>\n\t\t\t\t\t\t<\/div>\n\t\t\t\t<\/div>\n\t\t\t\t\t\t<\/div>\n\t\t\t\t\t<\/div>\n\t\t<\/div>\n\t\t\t\t\t\t\t\t<\/div>\n\t\t\t\t\t<\/div>\n\t\t<\/section>\n\t\t\t\t<div class=\"elementor-element elementor-element-4bf33957 elementor-widget elementor-widget-heading\" data-id=\"4bf33957\" data-element_type=\"widget\" data-widget_type=\"heading.default\">\n\t\t\t\t<div class=\"elementor-widget-container\">\n\t\t\t<h3 class=\"elementor-heading-title elementor-size-default\">Objets observ\u00e9s :<\/h3>\t\t<\/div>\n\t\t\t\t<\/div>\n\t\t\t\t<div class=\"elementor-element elementor-element-4a5e754f elementor-widget elementor-widget-text-editor\" data-id=\"4a5e754f\" data-element_type=\"widget\" data-widget_type=\"text-editor.default\">\n\t\t\t\t<div class=\"elementor-widget-container\">\n\t\t\t\t\t\t\t\t<div class=\"elementor-text-editor elementor-clearfix\">\n\t\t\t\t<p>2 \u00e9toiles doubles : 17 et 24 Chevelure.<\/p><p>1 amas ouvert : Melotte 111.<\/p><p>1 amas globulaire: M 53.<\/p><p>8 galaxies : M64 (galaxie de l&rsquo;oeil noir), NGC 4565, M85, M100, M99, M98, M88 et M91.<\/p>\t\t\t\t\t<\/div>\n\t\t\t\t\t\t<\/div>\n\t\t\t\t<\/div>\n\t\t\t\t<div class=\"elementor-element elementor-element-42d3c9f4 elementor-widget elementor-widget-heading\" data-id=\"42d3c9f4\" data-element_type=\"widget\" data-widget_type=\"heading.default\">\n\t\t\t\t<div class=\"elementor-widget-container\">\n\t\t\t<h3 class=\"elementor-heading-title elementor-size-default\">Introduction :<\/h3>\t\t<\/div>\n\t\t\t\t<\/div>\n\t\t\t\t<div class=\"elementor-element elementor-element-22ebae26 elementor-widget elementor-widget-text-editor\" data-id=\"22ebae26\" data-element_type=\"widget\" data-widget_type=\"text-editor.default\">\n\t\t\t\t<div class=\"elementor-widget-container\">\n\t\t\t\t\t\t\t\t<div class=\"elementor-text-editor elementor-clearfix\">\n\t\t\t\t<p>s\u00e9ance d&rsquo;observation effectu\u00e9e en Avril 2005. La constellation de la Chevelure de B\u00e9r\u00e9nice n&rsquo;est constitu\u00e9e que de trois \u00e9toiles peu lumineuses, Alpha, B\u00e9ta et Gamma, et n&rsquo;est pas forc\u00e9ment ais\u00e9e \u00e0 rep\u00e9rer du premier coup. Le plus simple est de partir de la constellation du Lion qui est, elle , tr\u00e8s facile \u00e0 rep\u00e9rer et constitu\u00e9e d&rsquo;\u00e9toiles tr\u00e8s brillantes. Ensuite, on regarde derri\u00e8re et en haut du Lion, et on doit arriver \u00e0 voir Melotte 111, qui est un tr\u00e8s grand amas ouvert visible \u00e0 l&rsquo;oeil nu. On voit un petit groupe d&rsquo;\u00e9toiles faibles, aux jumelles il est brillant. Partant de lui, on rep\u00e8re les trois \u00e9toiles de la constellation en utilisant le fait que Gamma est au sommet de Melotte 111 et qu&rsquo;elles forment deux segments perpendiculaires et de m\u00eame longueur, comme les deux c\u00f4t\u00e9s d&rsquo;un carr\u00e9. Cette disposition permet de trouver Alpha et B\u00e9ta&#8230; et de constater que ce sont des \u00e9toiles effectivement peu lumineuses et qui ne se distinguent gu\u00e8re des \u00e9toiles environnantes ! Quand on a r\u00e9ussi \u00e0 trouver la constellation (avec l&rsquo;habitude, \u00e7a devient plus facile) , on est pr\u00eat pour aller observer une belle \u00e9toile double, un grand amas ouvert, un amas globulaire bien visible et les nombreuses galaxies pr\u00e9sentes dans cette zone. Bien entendu, l&rsquo;observation d&rsquo;objets faiblement lumineux comme les galaxies n\u00e9cessite de pr\u00e9f\u00e9rence un bon ciel noir, sans Lune, et l&rsquo;utilisation de faibles grossissements.<\/p>\t\t\t\t\t<\/div>\n\t\t\t\t\t\t<\/div>\n\t\t\t\t<\/div>\n\t\t\t\t<div class=\"elementor-element elementor-element-1900f6d1 elementor-widget elementor-widget-text-editor\" data-id=\"1900f6d1\" data-element_type=\"widget\" data-widget_type=\"text-editor.default\">\n\t\t\t\t<div class=\"elementor-widget-container\">\n\t\t\t\t\t\t\t\t<div class=\"elementor-text-editor elementor-clearfix\">\n\t\t\t\t<h3><span class=\"col5 gras\">Les objets les plus spectaculaires :<\/span> (<a href=\"http:\/\/www.arnaudom.fr\/wordpress\/cartechevelure\">carte<\/a>)<\/h3>\t\t\t\t\t<\/div>\n\t\t\t\t\t\t<\/div>\n\t\t\t\t<\/div>\n\t\t\t\t<div class=\"elementor-element elementor-element-d8a0480 elementor-widget elementor-widget-text-editor\" data-id=\"d8a0480\" data-element_type=\"widget\" data-widget_type=\"text-editor.default\">\n\t\t\t\t<div class=\"elementor-widget-container\">\n\t\t\t\t\t\t\t\t<div class=\"elementor-text-editor elementor-clearfix\">\n\t\t\t\t<p>Bien, alors comme on s&rsquo;est servi de Melotte 111 pour rep\u00e9rer la constellation, commen\u00e7ons par observer cet amas ouvert. Il est tr\u00e8s \u00e9tendu, ce qui fait que m\u00eame avec un grossissement faible de 28x (avec le 32 mm), il est impossible de le voir en entier ! En r\u00e9alit\u00e9, si on veut le contempler dans son ensemble, des jumelles sont n\u00e9cessaires. Ses principales \u00e9toiles sont tr\u00e8s brillantes \u00e0 l&rsquo;oculaire, et \u00e0 28x, on peut parcourir l&rsquo;amas et y compter sans difficult\u00e9 une quarantaine d&rsquo;\u00e9toiles (il y en a sans doute beaucoup plus !).<\/p>\t\t\t\t\t<\/div>\n\t\t\t\t\t\t<\/div>\n\t\t\t\t<\/div>\n\t\t\t\t<div class=\"elementor-element elementor-element-39cd4d2 elementor-widget elementor-widget-text-editor\" data-id=\"39cd4d2\" data-element_type=\"widget\" data-widget_type=\"text-editor.default\">\n\t\t\t\t<div class=\"elementor-widget-container\">\n\t\t\t\t\t\t\t\t<div class=\"elementor-text-editor elementor-clearfix\">\n\t\t\t\t<p>R\u00e9p\u00e9rons l&rsquo;\u00e9toile Gamma qui se trouve au sommet, ainsi que la sucession d&rsquo;\u00e9toiles 14-16-17 (voir ci-dessous, attention sur le dessin le Nord est en haut et donc dans l&rsquo;oculaire, on le voit \u00e0 l&rsquo;envers).<\/p>\t\t\t\t\t<\/div>\n\t\t\t\t\t\t<\/div>\n\t\t\t\t<\/div>\n\t\t\t\t<div class=\"elementor-element elementor-element-30fbb4c elementor-widget elementor-widget-image\" data-id=\"30fbb4c\" data-element_type=\"widget\" data-widget_type=\"image.default\">\n\t\t\t\t<div class=\"elementor-widget-container\">\n\t\t\t\t\t\t\t\t<div class=\"elementor-image\">\n\t\t\t\t\t\t\t\t\t\t\t\t<img loading=\"lazy\" decoding=\"async\" width=\"243\" height=\"235\" src=\"https:\/\/www.arnaudom.fr\/wordpress\/wp-content\/uploads\/2019\/08\/Melotte111.gif\" class=\"attachment-large size-large wp-image-3080\" alt=\"\" \/>\t\t\t\t\t\t\t\t\t\t\t\t\t\t<\/div>\n\t\t\t\t\t\t<\/div>\n\t\t\t\t<\/div>\n\t\t\t\t<div class=\"elementor-element elementor-element-2431638b elementor-widget elementor-widget-text-editor\" data-id=\"2431638b\" data-element_type=\"widget\" data-widget_type=\"text-editor.default\">\n\t\t\t\t<div class=\"elementor-widget-container\">\n\t\t\t\t\t\t\t\t<div class=\"elementor-text-editor elementor-clearfix\">\n\t\t\t\t<p>En particulier, rep\u00e9rons l&rsquo;\u00e9toile 17 (qu&rsquo;on voit donc en haut \u00e0 droite dans l&rsquo;oculaire avec l&rsquo;inversion), car elle va servir pour trouver l&rsquo;objet suivant. 17 est une \u00e9toile double tr\u00e8s largement \u00e9cart\u00e9e, d\u00e9doubl\u00e9e m\u00eame \u00e0 28x, ce qui permet de bien la rep\u00e9rer, puisqu&rsquo;elle montre une composante principale blanche et une composante secondaire qui m&rsquo;a sembl\u00e9 tr\u00e8s l\u00e9g\u00e8rement bleut\u00e9e.<\/p><p>Nous allons chercher maintenant notre premi\u00e8re galaxie, NGC 4565. Pour cela, on part de 17, et on va se d\u00e9placer simplement vers l&rsquo;est (\u00e0 droite dans l&rsquo;oculaire) avec un grossissement de 28x. On ne va pas tr\u00e8s loin, son rep\u00e9rage fonctionne bien ainsi. Si on veut \u00eatre plus pr\u00e9cis et utiliser les coordonn\u00e9es, il suffit, \u00e0 partir de 17, de se d\u00e9placer uniquement de + 8 minutes en Ascension Droite (AD). Il faut prendre son temps car NGC 4565 est un objet assez faible, \u00e0 observer en vision d\u00e9cal\u00e9e. Il vaut mieux ensuite grossir 45x (avec le 20mm), et en l&rsquo;observant, toujours en vision d\u00e9cal\u00e9e, et toujours en prenant son temps, on finit par voir une galaxie allong\u00e9e , tr\u00e8s fine, vue par la tranche, dont le bulbe est visible. C&rsquo;est une observation qui n&rsquo;est pas tr\u00e8s facile, mais qui m\u00e9rite vraiment qu&rsquo;on se donne de la peine car on finit par distinguer l&rsquo;image de la galaxie vue par la tranche, et il est rare de \u00ab\u00a0voir\u00a0\u00bb aussi bien une si belle galaxie. C&rsquo;est vraiment l&rsquo;une des plus belles qu&rsquo;il m&rsquo;ait \u00e9t\u00e9 donn\u00e9 d&rsquo;observer !<\/p><p>Retournons maintenant \u00e0 un objet beaucoup plus facile \u00e0 voir : l&rsquo;amas globulaire M53. Une fois qu&rsquo;on a rep\u00e9r\u00e9 Alpha, il suffit de pointer cette \u00e9toile avec un grossissement de 28x. M53 se trouve tout simplement dans le m\u00eame oculaire \u00e0 ce grossissement. Avec l&rsquo;inversion, en mettant Alpha en haut \u00e0 gauche dans l&rsquo;oculaire, on voit sans probl\u00e8me M53 en bas \u00e0 droite. L&rsquo;amas se pr\u00e9sente comme un boule bien ronde et brillante. Pr\u00e8s de lui dans l&rsquo;oculaire se trouve un doublet d&rsquo;\u00e9toiles. On peut le grossir 45x ou 90x (avec le 10 mm) mais aucun d\u00e9tail ni aucune \u00e9toile n&rsquo;apparait \u00e0 sa p\u00e9riph\u00e9rie, son bord reste flou. Il est en tout cas brillant.<\/p><p>Allons maintenant chercher notre seconde galaxie, M64. Pour cela, il faut rep\u00e9rer l&rsquo;\u00e9toile 35, qui est assez faible mais peut se voir \u00e0 l&rsquo;oeil nu en vision d\u00e9cal\u00e9e, ou plus facilement au chercheur. Il faut bien m\u00e9moriser sa position sur la carte, on ne la trouve pas forc\u00e9ment du premier coup mais un peu de patience suffit pour y parvenir. En mettant 35 en haut \u00e0 gauche dans l&rsquo;oculaire \u00e0 28x, on trouve facilement M64 en bas \u00e0 droite de l&rsquo;\u00e9toile. Contrairement \u00e0 NGC 4565, c&rsquo;est une galaxie tr\u00e8s brillante, donc facile \u00e0 voir. On peut l&rsquo;observer \u00e0 45x, elle est grande, de forme ovale, lumineuse (pour une galaxie) et poss\u00e8de un centre plus brillant. Elle est appel\u00e9e \u00ab\u00a0galaxie de l&rsquo;oeil noir\u00a0\u00bb car sur les photos, elle montre au bord du bulbe central une bande de poussi\u00e8re noire. Si quelqu&rsquo;un l&rsquo;aper\u00e7oit au 130\/900, qu&rsquo;il me fasse signe ! Bref, c&rsquo;est \u00e9galement l&rsquo;une des plus belles galaxies \u00e0 observer.<\/p><p>Observons maintenant la <a href=\"http:\/\/www.arnaudom.fr\/wordpress\/cartechevelure\">carte<\/a> afin de rep\u00e9rer, en bas \u00e0 droite de la constellation, les \u00e9toiles 24, 11 et 6 de la Chevelure de B\u00e9r\u00e9nice. Elles vont nous servir de points de rep\u00e8re pour trouver les autres galaxies. Ces trois \u00e9toiles sont \u00e9galement assez faibles bien que visibles \u00e0 l&rsquo;oeil nu avec un peu d&rsquo;attention et l&#8217;emploi de la vision d\u00e9cal\u00e9e. Le mieux est d&rsquo;utiliser le chercheur, avec lequel on les rep\u00e8re plus facilement. Les c\u00f4t\u00e9s du triangle qu&rsquo;elles forment sont trop grand cependant pour tenir dans le champ du chercheur 5&#215;24. Ne pas oublier non plus que l&rsquo;image est invers\u00e9e par rapport \u00e0 la carte ! Une fois qu&rsquo;on a bien rep\u00e9r\u00e9 ces \u00e9toiles \u00e0 28x, on peut s&rsquo;int\u00e9resser particuli\u00e8rement \u00e0 24. Dans l&rsquo;oculaire, c&rsquo;est le sommet en bas \u00e0 droite du triangle avec l&rsquo;inversion. 24 est une belle \u00e9toile double color\u00e9e, facile \u00e0 d\u00e9doubler. A 45x ou mieux \u00e0 90x, elle est bien s\u00e9par\u00e9e en deux composantes, l&rsquo;une jaune et l&rsquo;autre bleue. Pour ceux qui connaissent la magnifique \u00e9toile double Albir\u00e9o du Cygne, elle lui ressemble beaucoup !<\/p>\t\t\t\t\t<\/div>\n\t\t\t\t\t\t<\/div>\n\t\t\t\t<\/div>\n\t\t\t\t<div class=\"elementor-element elementor-element-525e821 elementor-widget elementor-widget-text-editor\" data-id=\"525e821\" data-element_type=\"widget\" data-widget_type=\"text-editor.default\">\n\t\t\t\t<div class=\"elementor-widget-container\">\n\t\t\t\t\t\t\t\t<div class=\"elementor-text-editor elementor-clearfix\">\n\t\t\t\t<h3><span class=\"col5 gras\">Les objets moins \u00e9vidents :<\/span> (<a href=\"http:\/\/www.arnaudom.fr\/wordpress\/cartechevelure\">carte<\/a>)<\/h3>\t\t\t\t\t<\/div>\n\t\t\t\t\t\t<\/div>\n\t\t\t\t<\/div>\n\t\t\t\t<div class=\"elementor-element elementor-element-d1e893a elementor-widget elementor-widget-text-editor\" data-id=\"d1e893a\" data-element_type=\"widget\" data-widget_type=\"text-editor.default\">\n\t\t\t\t<div class=\"elementor-widget-container\">\n\t\t\t\t\t\t\t\t<div class=\"elementor-text-editor elementor-clearfix\">\n\t\t\t\t<p>Il nous reste 6 galaxies \u00e0 trouver. Elles offrent des observations moins faciles et donc peut-\u00eatre moins int\u00e9ressantes que les objets pr\u00e9c\u00e9dents, mais les trouver peut aussi constituer un bon exercice de rep\u00e9rage et aussi un bon entrainement \u00e0 la perception des galaxies ! Pour les trouver, il faut se servir du rep\u00e9rage d\u00e9taill\u00e9 ci-dessous et des trois \u00e9toiles 24-11-6 cit\u00e9es plus haut, car elles sont toutes dans cette zone. La carte est pr\u00e9sent\u00e9e avec le Nord en haut, dans l&rsquo;oculaire on la voit donc \u00e0 l&rsquo;envers.<\/p>\t\t\t\t\t<\/div>\n\t\t\t\t\t\t<\/div>\n\t\t\t\t<\/div>\n\t\t\t\t<div class=\"elementor-element elementor-element-9fa4903 elementor-widget elementor-widget-image\" data-id=\"9fa4903\" data-element_type=\"widget\" data-widget_type=\"image.default\">\n\t\t\t\t<div class=\"elementor-widget-container\">\n\t\t\t\t\t\t\t\t<div class=\"elementor-image\">\n\t\t\t\t\t\t\t\t\t\t\t\t<img loading=\"lazy\" decoding=\"async\" width=\"469\" height=\"362\" src=\"https:\/\/www.arnaudom.fr\/wordpress\/wp-content\/uploads\/2019\/08\/Galaxies.gif\" class=\"attachment-large size-large wp-image-3082\" alt=\"\" \/>\t\t\t\t\t\t\t\t\t\t\t\t\t\t<\/div>\n\t\t\t\t\t\t<\/div>\n\t\t\t\t<\/div>\n\t\t\t\t<div class=\"elementor-element elementor-element-2587446b elementor-widget elementor-widget-text-editor\" data-id=\"2587446b\" data-element_type=\"widget\" data-widget_type=\"text-editor.default\">\n\t\t\t\t<div class=\"elementor-widget-container\">\n\t\t\t\t\t\t\t\t<div class=\"elementor-text-editor elementor-clearfix\">\n\t\t\t\t<p>\u00a0Le mieux est de repartir de l&rsquo;\u00e9toile 24 avec un grossissement de 28x, qui permet d&rsquo;observer le segment form\u00e9 de 11 et 24. Normalement, on per\u00e7oit au tiers de ce segment en partant de 11 (qui est \u00e0 gauche de 24 dans l&rsquo;oculaire), et l\u00e9g\u00e8rement en dessous, une t\u00e2che grise assez bien visible qui est en fait la galaxie M85. Elle est assez facile \u00e0 rep\u00e9rer, elle est beaucoup moins brillante que M64 mais bien plus que NGC 4565. On peut l&rsquo;observer \u00e0 45x, elle para\u00eet ronde avec un centre qui forme comme un point tr\u00e8s brillant. D&rsquo;ailleurs il y a une \u00e9toile toute proche de ce centre, ce qui fait qu&rsquo;on voit comme deux points brillants form\u00e9s par le centre et cette \u00e9toile.<\/p><p>Pointons maintenant l&rsquo;\u00e9toile 6 qui va nous servir de point de d\u00e9part. Avec le grossissement de 28x on va pouvoir rep\u00e9rer toutes les galaxies de cette zone, et ensuite on pourra les observer plus pr\u00e9cis\u00e9ment \u00e0 45x. En partant de 6 et en allant chercher en bas \u00e0 droite dans l&rsquo;oculaire, apr\u00e8s avoir d\u00e9pass\u00e9 quelques \u00e9toiles, on va d&rsquo;abord trouver M100 qui se pr\u00e9sente comme une p\u00e2le galaxie, ronde, assez \u00e9tendue, avec un centre peut \u00eatre un peu plus brillant<\/p><p>Retour \u00e0 6 pour aller chercher juste \u00e0 c\u00f4t\u00e9 d&rsquo;elle, \u00e0 gauche dans l&rsquo;oculaire, la galaxie M98 qui est toute proche d&rsquo;elle. En fait, M98 se situe simplement \u00e0 -2 minutes en AD de 6, l&rsquo;\u00e9toile et la galaxie sont visibles dans le m\u00eame oculaire \u00e0 28x. M98 est \u00e9galement tr\u00e8s p\u00e2le mais semble plus allong\u00e9e et ovale que M100.<\/p><p>A droite de 6 dans l&rsquo;oculaire et en haut, \u00e0 +3 minutes en AD, pr\u00e8s d&rsquo;une \u00e9toile se situe M99, autre faible galaxie qui semble ronde, moins p\u00e2le mais aussi moins \u00e9tendue que M100. En fait, les 4 galaxies M85, M100, M98 et M99 sont assez proches les unes des autres et sont donc relativement simples \u00e0 trouver en explorant la zone \u00e0 28x, et en s&rsquo;aidant des \u00e9toiles dessin\u00e9es sur la carte. Simplement, leur faible luminosit\u00e9 demande de l&rsquo;attention \u00e0 l&rsquo;oculaire pour ne pas les manquer !<\/p><p>Pour finir, on repart \u00e0 nouveau de 6, et on va se d\u00e9placer vers l&rsquo;est (\u00e0 droite dans l&rsquo;oculaire) pour aller chercher M88 et M91. Il y a peu d&rsquo;\u00e9toiles bien visibles dans ce coin, les deux galaxies se situent chacune pr\u00e8s d&rsquo;une \u00e9toile un tout petit peu plus lumineuse que les autres (mais encore une fois assez faibles). Plus pr\u00e9cis\u00e9ment, M88 se situe \u00e0 +16 minutes en AD de 6. Les deux galaxies sont dans le m\u00eame oculaire \u00e0 28x, M88 \u00e0 gauche et M91 \u00e0 droite. M88 est faible et semble allong\u00e9e, son centre semble peut \u00eatre un peu plus brillant. M91 est encore plus faible et semble plut\u00f4t ronde. La p\u00e2leur de ces deux galaxies les rend d\u00e9licates \u00e0 observer !<\/p><p><strong><span class=\"gras\">Remarque :<\/span><\/strong> M88, M91, M98, M99 et M100 font partie d&rsquo;un amas de galaxies nomm\u00e9 l&rsquo;amas de la Vierge, dont plusieurs membres appartiennent, comme le nom l&rsquo;indique, \u00e0 la constellation de la Vierge, qui se trouve juste en-dessous de la Chevelure de B\u00e9r\u00e9nice. On peut repartir de 6 et des galaxies M88 et M91 pour explorer le reste de l&rsquo;amas de la Vierge, en allant chercher en-dessous, au sud de cette zone (au-dessus dans l&rsquo;oculaire). Si le temps me le permet (comme d&rsquo;habitude), je r\u00e9digerai prochainement une observation de la constellation de la Vierge.<\/p>\t\t\t\t\t<\/div>\n\t\t\t\t\t\t<\/div>\n\t\t\t\t<\/div>\n\t\t\t\t\t\t<\/div>\n\t\t\t\t\t<\/div>\n\t\t<\/div>\n\t\t\t\t\t\t\t\t<\/div>\n\t\t\t\t\t<\/div>\n\t\t<\/section>\n\t\t\t\t\t\t\t\t\t<\/div>\n\t\t\t<\/div>\n\t\t\t\t\t<\/div>\n\t\t","protected":false},"excerpt":{"rendered":"<p>Observer la constellation de la Chevelure de B\u00e9r\u00e9nice Afficher la carte Objets observ\u00e9s : 2 \u00e9toiles doubles : 17 et 24 Chevelure. 1 amas ouvert : Melotte 111. 1 amas globulaire: M 53. 8 galaxies : M64 (galaxie de l&rsquo;oeil noir), NGC 4565, M85, M100, M99, M98, M88 et M91. Introduction : s\u00e9ance d&rsquo;observation effectu\u00e9e &hellip;<\/p>\n<p class=\"read-more\"> <a class=\"\" href=\"https:\/\/www.arnaudom.fr\/wordpress\/chevelure\/\"> <span class=\"screen-reader-text\">chevelure<\/span> Lire la suite\u00a0\u00bb<\/a><\/p>\n","protected":false},"author":1,"featured_media":0,"parent":0,"menu_order":0,"comment_status":"closed","ping_status":"closed","template":"","meta":{"site-sidebar-layout":"default","site-content-layout":"default","ast-site-content-layout":"","site-content-style":"default","site-sidebar-style":"default","ast-global-header-display":"","ast-banner-title-visibility":"","ast-main-header-display":"","ast-hfb-above-header-display":"","ast-hfb-below-header-display":"","ast-hfb-mobile-header-display":"","site-post-title":"disabled","ast-breadcrumbs-content":"","ast-featured-img":"","footer-sml-layout":"","theme-transparent-header-meta":"default","adv-header-id-meta":"","stick-header-meta":"","header-above-stick-meta":"","header-main-stick-meta":"","header-below-stick-meta":"","astra-migrate-meta-layouts":"","ast-page-background-enabled":"default","ast-page-background-meta":{"desktop":{"background-color":"","background-image":"","background-repeat":"repeat","background-position":"center center","background-size":"auto","background-attachment":"scroll","background-type":"","background-media":"","overlay-type":"","overlay-color":"","overlay-gradient":""},"tablet":{"background-color":"","background-image":"","background-repeat":"repeat","background-position":"center center","background-size":"auto","background-attachment":"scroll","background-type":"","background-media":"","overlay-type":"","overlay-color":"","overlay-gradient":""},"mobile":{"background-color":"","background-image":"","background-repeat":"repeat","background-position":"center center","background-size":"auto","background-attachment":"scroll","background-type":"","background-media":"","overlay-type":"","overlay-color":"","overlay-gradient":""}},"ast-content-background-meta":{"desktop":{"background-color":"var(--ast-global-color-5)","background-image":"","background-repeat":"repeat","background-position":"center center","background-size":"auto","background-attachment":"scroll","background-type":"","background-media":"","overlay-type":"","overlay-color":"","overlay-gradient":""},"tablet":{"background-color":"var(--ast-global-color-5)","background-image":"","background-repeat":"repeat","background-position":"center center","background-size":"auto","background-attachment":"scroll","background-type":"","background-media":"","overlay-type":"","overlay-color":"","overlay-gradient":""},"mobile":{"background-color":"var(--ast-global-color-5)","background-image":"","background-repeat":"repeat","background-position":"center center","background-size":"auto","background-attachment":"scroll","background-type":"","background-media":"","overlay-type":"","overlay-color":"","overlay-gradient":""}},"footnotes":""},"class_list":["post-3064","page","type-page","status-publish","hentry"],"_links":{"self":[{"href":"https:\/\/www.arnaudom.fr\/wordpress\/wp-json\/wp\/v2\/pages\/3064","targetHints":{"allow":["GET"]}}],"collection":[{"href":"https:\/\/www.arnaudom.fr\/wordpress\/wp-json\/wp\/v2\/pages"}],"about":[{"href":"https:\/\/www.arnaudom.fr\/wordpress\/wp-json\/wp\/v2\/types\/page"}],"author":[{"embeddable":true,"href":"https:\/\/www.arnaudom.fr\/wordpress\/wp-json\/wp\/v2\/users\/1"}],"replies":[{"embeddable":true,"href":"https:\/\/www.arnaudom.fr\/wordpress\/wp-json\/wp\/v2\/comments?post=3064"}],"version-history":[{"count":9,"href":"https:\/\/www.arnaudom.fr\/wordpress\/wp-json\/wp\/v2\/pages\/3064\/revisions"}],"predecessor-version":[{"id":4951,"href":"https:\/\/www.arnaudom.fr\/wordpress\/wp-json\/wp\/v2\/pages\/3064\/revisions\/4951"}],"wp:attachment":[{"href":"https:\/\/www.arnaudom.fr\/wordpress\/wp-json\/wp\/v2\/media?parent=3064"}],"curies":[{"name":"wp","href":"https:\/\/api.w.org\/{rel}","templated":true}]}}