{"id":2989,"date":"2019-08-13T19:31:46","date_gmt":"2019-08-13T17:31:46","guid":{"rendered":"http:\/\/www.arnaudom.fr\/wordpress\/?page_id=2989"},"modified":"2020-08-14T14:55:00","modified_gmt":"2020-08-14T12:55:00","slug":"saturneo","status":"publish","type":"page","link":"https:\/\/www.arnaudom.fr\/wordpress\/saturneo\/","title":{"rendered":"Saturneo"},"content":{"rendered":"\t\t<div data-elementor-type=\"wp-post\" data-elementor-id=\"2989\" class=\"elementor elementor-2989\">\n\t\t\t\t\t\t<div class=\"elementor-inner\">\n\t\t\t\t<div class=\"elementor-section-wrap\">\n\t\t\t\t\t\t\t\t\t<section class=\"elementor-section elementor-top-section elementor-element elementor-element-38789ff5 elementor-section-full_width elementor-section-height-default elementor-section-height-default\" data-id=\"38789ff5\" data-element_type=\"section\" data-settings=\"{&quot;background_background&quot;:&quot;classic&quot;}\">\n\t\t\t\t\t\t<div class=\"elementor-container elementor-column-gap-default\">\n\t\t\t\t\t\t\t<div class=\"elementor-row\">\n\t\t\t\t\t<div class=\"elementor-column elementor-col-100 elementor-top-column elementor-element elementor-element-6b76ac03\" data-id=\"6b76ac03\" data-element_type=\"column\" data-settings=\"{&quot;background_background&quot;:&quot;classic&quot;}\">\n\t\t\t<div class=\"elementor-column-wrap elementor-element-populated\">\n\t\t\t\t\t\t\t<div class=\"elementor-widget-wrap\">\n\t\t\t\t\t\t<div class=\"elementor-element elementor-element-59dfe678 elementor-widget elementor-widget-heading\" data-id=\"59dfe678\" data-element_type=\"widget\" data-widget_type=\"heading.default\">\n\t\t\t\t<div class=\"elementor-widget-container\">\n\t\t\t<h1 class=\"elementor-heading-title elementor-size-default\">Observation de Saturne<\/h1>\t\t<\/div>\n\t\t\t\t<\/div>\n\t\t\t\t<div class=\"elementor-element elementor-element-1db1b280 elementor-widget elementor-widget-heading\" data-id=\"1db1b280\" data-element_type=\"widget\" data-widget_type=\"heading.default\">\n\t\t\t\t<div class=\"elementor-widget-container\">\n\t\t\t<h2 class=\"elementor-heading-title elementor-size-default\">P\u00e9riodes favorables d'observation :<\/h2>\t\t<\/div>\n\t\t\t\t<\/div>\n\t\t\t\t<div class=\"elementor-element elementor-element-1c9599f4 elementor-widget elementor-widget-text-editor\" data-id=\"1c9599f4\" data-element_type=\"widget\" data-widget_type=\"text-editor.default\">\n\t\t\t\t<div class=\"elementor-widget-container\">\n\t\t\t\t\t\t\t\t<div class=\"elementor-text-editor elementor-clearfix\">\n\t\t\t\t<p>De m\u00eame que pour Mars et Jupiter, Saturne est le mieux visible au moment de son opposition, puisque c&rsquo;est \u00e0 ce moment-l\u00e0 qu&rsquo;elle est au plus proche de la Terre. Celle-ci se produit une fois par an, mais Saturne reste malgr\u00e9 tout bien visible plusieurs mois avant et apr\u00e8s son opposition. On peut donc souvent observer la plan\u00e8te presque 10 mois par an.<\/p>\t\t\t\t\t<\/div>\n\t\t\t\t\t\t<\/div>\n\t\t\t\t<\/div>\n\t\t\t\t<div class=\"elementor-element elementor-element-4dce87f elementor-widget elementor-widget-heading\" data-id=\"4dce87f\" data-element_type=\"widget\" data-widget_type=\"heading.default\">\n\t\t\t\t<div class=\"elementor-widget-container\">\n\t\t\t<h2 class=\"elementor-heading-title elementor-size-default\">Ce qu'on peut observer sur Saturne :<\/h2>\t\t<\/div>\n\t\t\t\t<\/div>\n\t\t\t\t<div class=\"elementor-element elementor-element-17c315f elementor-widget elementor-widget-text-editor\" data-id=\"17c315f\" data-element_type=\"widget\" data-widget_type=\"text-editor.default\">\n\t\t\t\t<div class=\"elementor-widget-container\">\n\t\t\t\t\t\t\t\t<div class=\"elementor-text-editor elementor-clearfix\">\n\t\t\t\t<p>-Saturne et ses anneaux : que c&rsquo;est beau la premi\u00e8re fois que l&rsquo;on voit la plan\u00e8te et ses anneaux sur le fond du ciel \u00e9toil\u00e9 ! C&rsquo;est souvent cette vision qui a d\u00e9clench\u00e9 la passion pour l&rsquo;astronomie chez de nombreux amateurs &#8230; Avec un petit t\u00e9l\u00e9scope comme le 130\/900 et d\u00e9s les faibles grossissements (45x par exemple), le syst\u00e8me d&rsquo;anneaux est d\u00e9j\u00e0 facilement visible. Pour voir plus de d\u00e9tails, il est cependant n\u00e9cessaire ensuite d&rsquo;essayer de grossir l&rsquo;image le plus possible<\/p><p>&#8211; L&rsquo;ombre de la plan\u00e8te : quand Saturne n&rsquo;est pas exactement \u00e0 l&rsquo;opposition (c&rsquo;est-\u00e0-dire pas exactement dans l&rsquo;alignement Soleil-Terre), le globe projette son ombre sur les anneaux. Cette ombre est bien visible, et quand on l&rsquo;observe, le globe de la plan\u00e8te semble \u00eatre \u00ab\u00a0en surimpression\u00a0\u00bb sur les anneaux<\/p>\t\t\t\t\t<\/div>\n\t\t\t\t\t\t<\/div>\n\t\t\t\t<\/div>\n\t\t\t\t<div class=\"elementor-element elementor-element-eb68436 elementor-widget elementor-widget-image\" data-id=\"eb68436\" data-element_type=\"widget\" data-widget_type=\"image.default\">\n\t\t\t\t<div class=\"elementor-widget-container\">\n\t\t\t\t\t\t\t\t<div class=\"elementor-image\">\n\t\t\t\t\t\t\t\t\t\t\t\t<img loading=\"lazy\" decoding=\"async\" width=\"351\" height=\"132\" src=\"https:\/\/www.arnaudom.fr\/wordpress\/wp-content\/uploads\/2019\/08\/Ombre.jpg\" class=\"attachment-large size-large wp-image-2991\" alt=\"\" srcset=\"https:\/\/www.arnaudom.fr\/wordpress\/wp-content\/uploads\/2019\/08\/Ombre.jpg 351w, https:\/\/www.arnaudom.fr\/wordpress\/wp-content\/uploads\/2019\/08\/Ombre-300x113.jpg 300w\" sizes=\"auto, (max-width: 351px) 100vw, 351px\" \/>\t\t\t\t\t\t\t\t\t\t\t\t\t\t<\/div>\n\t\t\t\t\t\t<\/div>\n\t\t\t\t<\/div>\n\t\t\t\t<div class=\"elementor-element elementor-element-c18559e elementor-widget elementor-widget-text-editor\" data-id=\"c18559e\" data-element_type=\"widget\" data-widget_type=\"text-editor.default\">\n\t\t\t\t<div class=\"elementor-widget-container\">\n\t\t\t\t\t\t\t\t<div class=\"elementor-text-editor elementor-clearfix\">\n\t\t\t\t<p><strong>(image r\u00e9alis\u00e9e au 130\/900)<\/strong><\/p>\t\t\t\t\t<\/div>\n\t\t\t\t\t\t<\/div>\n\t\t\t\t<\/div>\n\t\t\t\t<div class=\"elementor-element elementor-element-9de60a0 elementor-widget elementor-widget-text-editor\" data-id=\"9de60a0\" data-element_type=\"widget\" data-widget_type=\"text-editor.default\">\n\t\t\t\t<div class=\"elementor-widget-container\">\n\t\t\t\t\t\t\t\t<div class=\"elementor-text-editor elementor-clearfix\">\n\t\t\t\t<p>&#8211; La division de Cassini : sur les photos de Saturne, on voit un intervalle sombre qui s\u00e9pare les anneaux en deux anneaux principaux. Cet intervalle est surnomm\u00e9 la division de Cassini, et peut \u00eatre observ\u00e9 avec un grossissement suffisant. Cependant je ne suis jamais parvenu \u00e0 l&rsquo;observer avec les oculaires vendus d&rsquo;origine avec le 130\/900 (le 10 et le 20 mm), alors que j&rsquo;ai pu le faire avec mon oculaire Antar\u00e8s de 5,7 mm, qui offre des images de bien meilleur contraste<\/p><p>&#8211; Des nuances de couleur sur le globe : il est possible de parvenir \u00e0 voir quelques nuances de couleur \u00e0 la surface de la plan\u00e8te, mais cela reste assez difficile car les contrastes en question sont tr\u00e8s l\u00e9gers. On parvient parfois \u00e0 voir des teintes marrons l\u00e9g\u00e8rement diff\u00e9rentes. L\u00e0 aussi, je n&rsquo;ai pu le faire qu&rsquo;\u00e0 l&rsquo;aide de l&rsquo;oculaire Antar\u00e8s de 5,7 mm<\/p><p>&#8211; Les satellites de Saturne : Saturne poss\u00e8de de tr\u00e8s nombreux satellites (au moins 18), mais contrairement \u00e0 Jupiter, seul l&rsquo;un d&rsquo;entre eux est visible au 130\/900, il s&rsquo;agit de Titan. Il appara\u00eet comme un petit point, et il faut rep\u00e9rer la position du satellite sur des \u00e9ph\u00e9m\u00e9rides pour \u00e9viter de le confondre avec une \u00e9toile par exemple.<\/p>\t\t\t\t\t<\/div>\n\t\t\t\t\t\t<\/div>\n\t\t\t\t<\/div>\n\t\t\t\t<div class=\"elementor-element elementor-element-d607b2b elementor-widget elementor-widget-heading\" data-id=\"d607b2b\" data-element_type=\"widget\" data-widget_type=\"heading.default\">\n\t\t\t\t<div class=\"elementor-widget-container\">\n\t\t\t<h2 class=\"elementor-heading-title elementor-size-default\">L'\u00e9volution de Saturne au cours des ann\u00e9es :<\/h2>\t\t<\/div>\n\t\t\t\t<\/div>\n\t\t\t\t<div class=\"elementor-element elementor-element-0945cd1 elementor-widget elementor-widget-text-editor\" data-id=\"0945cd1\" data-element_type=\"widget\" data-widget_type=\"text-editor.default\">\n\t\t\t\t<div class=\"elementor-widget-container\">\n\t\t\t\t\t\t\t\t<div class=\"elementor-text-editor elementor-clearfix\">\n\t\t\t\t<p>Quand on observe Saturne au fil des ans, on peut s&rsquo;apercevoir que l&rsquo;inclinaison des anneaux par rapport au globe varie. Comme Saturne met presque 30 ans pour effectuer une rotation compl\u00e8te autour de la Terre, il s&rsquo;agit en r\u00e9alit\u00e9 de l&rsquo;angle sous lequel on voit l&rsquo;inclinaison des anneaux depuis la Terre qui varie. Jusqu&rsquo;en 2009, les anneaux vont sembler se \u00ab\u00a0refermer\u00a0\u00bb, et en 2009 ils seront presque invisibles car on les verra quasiment de profil. Par la suite, ils vont sembler \u00ab\u00a0s&rsquo;ouvrir\u00a0\u00bb \u00e0 nouveau.<\/p>\t\t\t\t\t<\/div>\n\t\t\t\t\t\t<\/div>\n\t\t\t\t<\/div>\n\t\t\t\t<section class=\"elementor-section elementor-inner-section elementor-element elementor-element-5cc4442 elementor-section-content-top elementor-section-boxed elementor-section-height-default elementor-section-height-default\" data-id=\"5cc4442\" data-element_type=\"section\" data-settings=\"{&quot;background_background&quot;:&quot;classic&quot;}\">\n\t\t\t\t\t\t<div class=\"elementor-container elementor-column-gap-default\">\n\t\t\t\t\t\t\t<div class=\"elementor-row\">\n\t\t\t\t\t<div class=\"elementor-column elementor-col-50 elementor-inner-column elementor-element elementor-element-705feab\" data-id=\"705feab\" data-element_type=\"column\" data-settings=\"{&quot;background_background&quot;:&quot;classic&quot;}\">\n\t\t\t<div class=\"elementor-column-wrap elementor-element-populated\">\n\t\t\t\t\t\t\t<div class=\"elementor-widget-wrap\">\n\t\t\t\t\t\t<div class=\"elementor-element elementor-element-04ad736 elementor-widget elementor-widget-text-editor\" data-id=\"04ad736\" data-element_type=\"widget\" data-widget_type=\"text-editor.default\">\n\t\t\t\t<div class=\"elementor-widget-container\">\n\t\t\t\t\t\t\t\t<div class=\"elementor-text-editor elementor-clearfix\">\n\t\t\t\t<p style=\"text-align: center;\"><span style=\"color: #ffffff;\">D\u00e9but 2005<\/span><\/p>\t\t\t\t\t<\/div>\n\t\t\t\t\t\t<\/div>\n\t\t\t\t<\/div>\n\t\t\t\t<div class=\"elementor-element elementor-element-2ece378 elementor-widget elementor-widget-image\" data-id=\"2ece378\" data-element_type=\"widget\" data-widget_type=\"image.default\">\n\t\t\t\t<div class=\"elementor-widget-container\">\n\t\t\t\t\t\t\t\t<div class=\"elementor-image\">\n\t\t\t\t\t\t\t\t\t\t\t\t<img loading=\"lazy\" decoding=\"async\" width=\"234\" height=\"229\" src=\"https:\/\/www.arnaudom.fr\/wordpress\/wp-content\/uploads\/2019\/08\/Sx3vsrw.jpg\" class=\"attachment-large size-large wp-image-2994\" alt=\"\" \/>\t\t\t\t\t\t\t\t\t\t\t\t\t\t<\/div>\n\t\t\t\t\t\t<\/div>\n\t\t\t\t<\/div>\n\t\t\t\t<div class=\"elementor-element elementor-element-46ec7f4 elementor-widget elementor-widget-text-editor\" data-id=\"46ec7f4\" data-element_type=\"widget\" data-widget_type=\"text-editor.default\">\n\t\t\t\t<div class=\"elementor-widget-container\">\n\t\t\t\t\t\t\t\t<div class=\"elementor-text-editor elementor-clearfix\">\n\t\t\t\t<p><span style=\"color: #ffffff;\">Saturne photographi\u00e9e en f\u00e9vrier. L&rsquo;un des p\u00f4les de la plan\u00e8te est cach\u00e9 par les anneaux.<\/span><\/p>\t\t\t\t\t<\/div>\n\t\t\t\t\t\t<\/div>\n\t\t\t\t<\/div>\n\t\t\t\t\t\t<\/div>\n\t\t\t\t\t<\/div>\n\t\t<\/div>\n\t\t\t\t<div class=\"elementor-column elementor-col-50 elementor-inner-column elementor-element elementor-element-2039556\" data-id=\"2039556\" data-element_type=\"column\" data-settings=\"{&quot;background_background&quot;:&quot;classic&quot;}\">\n\t\t\t<div class=\"elementor-column-wrap elementor-element-populated\">\n\t\t\t\t\t\t\t<div class=\"elementor-widget-wrap\">\n\t\t\t\t\t\t<div class=\"elementor-element elementor-element-e6bdcc1 elementor-widget elementor-widget-text-editor\" data-id=\"e6bdcc1\" data-element_type=\"widget\" data-widget_type=\"text-editor.default\">\n\t\t\t\t<div class=\"elementor-widget-container\">\n\t\t\t\t\t\t\t\t<div class=\"elementor-text-editor elementor-clearfix\">\n\t\t\t\t<p style=\"text-align: center;\"><span style=\"color: #ffffff;\">Fin 2005<\/span><\/p>\t\t\t\t\t<\/div>\n\t\t\t\t\t\t<\/div>\n\t\t\t\t<\/div>\n\t\t\t\t<div class=\"elementor-element elementor-element-c9c4e66 elementor-widget elementor-widget-image\" data-id=\"c9c4e66\" data-element_type=\"widget\" data-widget_type=\"image.default\">\n\t\t\t\t<div class=\"elementor-widget-container\">\n\t\t\t\t\t\t\t\t<div class=\"elementor-image\">\n\t\t\t\t\t\t\t\t\t\t\t\t<img loading=\"lazy\" decoding=\"async\" width=\"259\" height=\"172\" src=\"https:\/\/www.arnaudom.fr\/wordpress\/wp-content\/uploads\/2019\/08\/Saturne001.jpg\" class=\"attachment-large size-large wp-image-2995\" alt=\"\" \/>\t\t\t\t\t\t\t\t\t\t\t\t\t\t<\/div>\n\t\t\t\t\t\t<\/div>\n\t\t\t\t<\/div>\n\t\t\t\t<div class=\"elementor-element elementor-element-4649a22 elementor-widget elementor-widget-text-editor\" data-id=\"4649a22\" data-element_type=\"widget\" data-widget_type=\"text-editor.default\">\n\t\t\t\t<div class=\"elementor-widget-container\">\n\t\t\t\t\t\t\t\t<div class=\"elementor-text-editor elementor-clearfix\">\n\t\t\t\t<p><span style=\"color: #ffffff;\">Saturne photographi\u00e9e en d\u00e9cembre. Les anneaux commencent \u00e0 se \u00ab\u00a0refermer\u00a0\u00bb. Les deux p\u00f4les de la plan\u00e8te sont maintenant bien visibles.<\/span><\/p>\t\t\t\t\t<\/div>\n\t\t\t\t\t\t<\/div>\n\t\t\t\t<\/div>\n\t\t\t\t\t\t<\/div>\n\t\t\t\t\t<\/div>\n\t\t<\/div>\n\t\t\t\t\t\t\t\t<\/div>\n\t\t\t\t\t<\/div>\n\t\t<\/section>\n\t\t\t\t<div class=\"elementor-element elementor-element-3e206e0 elementor-widget elementor-widget-text-editor\" data-id=\"3e206e0\" data-element_type=\"widget\" data-widget_type=\"text-editor.default\">\n\t\t\t\t<div class=\"elementor-widget-container\">\n\t\t\t\t\t\t\t\t<div class=\"elementor-text-editor elementor-clearfix\">\n\t\t\t\t<p><span style=\"color: #ffffff;\">(Images r\u00e9alis\u00e9es au 130\/900)<\/span><\/p>\t\t\t\t\t<\/div>\n\t\t\t\t\t\t<\/div>\n\t\t\t\t<\/div>\n\t\t\t\t<div class=\"elementor-element elementor-element-7f9be7d elementor-widget elementor-widget-text-editor\" data-id=\"7f9be7d\" data-element_type=\"widget\" data-widget_type=\"text-editor.default\">\n\t\t\t\t<div class=\"elementor-widget-container\">\n\t\t\t\t\t\t\t\t<div class=\"elementor-text-editor elementor-clearfix\">\n\t\t\t\t<p>Voil\u00e0, je ne peux que vous souhaiter d&rsquo;\u00e9prouver le m\u00eame bonheur que moi chaque fois que vous observerez cette si magnifique et si \u00e9tonnante plan\u00e8te qu&rsquo;est Saturne !<\/p>\t\t\t\t\t<\/div>\n\t\t\t\t\t\t<\/div>\n\t\t\t\t<\/div>\n\t\t\t\t\t\t<\/div>\n\t\t\t\t\t<\/div>\n\t\t<\/div>\n\t\t\t\t\t\t\t\t<\/div>\n\t\t\t\t\t<\/div>\n\t\t<\/section>\n\t\t\t\t\t\t\t\t\t<\/div>\n\t\t\t<\/div>\n\t\t\t\t\t<\/div>\n\t\t","protected":false},"excerpt":{"rendered":"<p>Observation de Saturne P\u00e9riodes favorables d&rsquo;observation : De m\u00eame que pour Mars et Jupiter, Saturne est le mieux visible au moment de son opposition, puisque c&rsquo;est \u00e0 ce moment-l\u00e0 qu&rsquo;elle est au plus proche de la Terre. Celle-ci se produit une fois par an, mais Saturne reste malgr\u00e9 tout bien visible plusieurs mois avant et &hellip;<\/p>\n<p class=\"read-more\"> <a class=\"\" href=\"https:\/\/www.arnaudom.fr\/wordpress\/saturneo\/\"> <span class=\"screen-reader-text\">Saturneo<\/span> Lire la suite\u00a0\u00bb<\/a><\/p>\n","protected":false},"author":1,"featured_media":0,"parent":0,"menu_order":0,"comment_status":"closed","ping_status":"closed","template":"","meta":{"site-sidebar-layout":"default","site-content-layout":"default","ast-site-content-layout":"","site-content-style":"default","site-sidebar-style":"default","ast-global-header-display":"","ast-banner-title-visibility":"","ast-main-header-display":"","ast-hfb-above-header-display":"","ast-hfb-below-header-display":"","ast-hfb-mobile-header-display":"","site-post-title":"disabled","ast-breadcrumbs-content":"","ast-featured-img":"","footer-sml-layout":"","theme-transparent-header-meta":"default","adv-header-id-meta":"","stick-header-meta":"","header-above-stick-meta":"","header-main-stick-meta":"","header-below-stick-meta":"","astra-migrate-meta-layouts":"","ast-page-background-enabled":"default","ast-page-background-meta":{"desktop":{"background-color":"","background-image":"","background-repeat":"repeat","background-position":"center center","background-size":"auto","background-attachment":"scroll","background-type":"","background-media":"","overlay-type":"","overlay-color":"","overlay-gradient":""},"tablet":{"background-color":"","background-image":"","background-repeat":"repeat","background-position":"center center","background-size":"auto","background-attachment":"scroll","background-type":"","background-media":"","overlay-type":"","overlay-color":"","overlay-gradient":""},"mobile":{"background-color":"","background-image":"","background-repeat":"repeat","background-position":"center center","background-size":"auto","background-attachment":"scroll","background-type":"","background-media":"","overlay-type":"","overlay-color":"","overlay-gradient":""}},"ast-content-background-meta":{"desktop":{"background-color":"var(--ast-global-color-5)","background-image":"","background-repeat":"repeat","background-position":"center center","background-size":"auto","background-attachment":"scroll","background-type":"","background-media":"","overlay-type":"","overlay-color":"","overlay-gradient":""},"tablet":{"background-color":"var(--ast-global-color-5)","background-image":"","background-repeat":"repeat","background-position":"center center","background-size":"auto","background-attachment":"scroll","background-type":"","background-media":"","overlay-type":"","overlay-color":"","overlay-gradient":""},"mobile":{"background-color":"var(--ast-global-color-5)","background-image":"","background-repeat":"repeat","background-position":"center center","background-size":"auto","background-attachment":"scroll","background-type":"","background-media":"","overlay-type":"","overlay-color":"","overlay-gradient":""}},"footnotes":""},"class_list":["post-2989","page","type-page","status-publish","hentry"],"_links":{"self":[{"href":"https:\/\/www.arnaudom.fr\/wordpress\/wp-json\/wp\/v2\/pages\/2989","targetHints":{"allow":["GET"]}}],"collection":[{"href":"https:\/\/www.arnaudom.fr\/wordpress\/wp-json\/wp\/v2\/pages"}],"about":[{"href":"https:\/\/www.arnaudom.fr\/wordpress\/wp-json\/wp\/v2\/types\/page"}],"author":[{"embeddable":true,"href":"https:\/\/www.arnaudom.fr\/wordpress\/wp-json\/wp\/v2\/users\/1"}],"replies":[{"embeddable":true,"href":"https:\/\/www.arnaudom.fr\/wordpress\/wp-json\/wp\/v2\/comments?post=2989"}],"version-history":[{"count":6,"href":"https:\/\/www.arnaudom.fr\/wordpress\/wp-json\/wp\/v2\/pages\/2989\/revisions"}],"predecessor-version":[{"id":4934,"href":"https:\/\/www.arnaudom.fr\/wordpress\/wp-json\/wp\/v2\/pages\/2989\/revisions\/4934"}],"wp:attachment":[{"href":"https:\/\/www.arnaudom.fr\/wordpress\/wp-json\/wp\/v2\/media?parent=2989"}],"curies":[{"name":"wp","href":"https:\/\/api.w.org\/{rel}","templated":true}]}}