{"id":2982,"date":"2019-08-13T13:36:49","date_gmt":"2019-08-13T11:36:49","guid":{"rendered":"http:\/\/www.arnaudom.fr\/wordpress\/?page_id=2982"},"modified":"2020-08-14T14:54:18","modified_gmt":"2020-08-14T12:54:18","slug":"elementor-2982","status":"publish","type":"page","link":"https:\/\/www.arnaudom.fr\/wordpress\/elementor-2982\/","title":{"rendered":"Jupiter"},"content":{"rendered":"\t\t<div data-elementor-type=\"wp-post\" data-elementor-id=\"2982\" class=\"elementor elementor-2982\">\n\t\t\t\t\t\t<div class=\"elementor-inner\">\n\t\t\t\t<div class=\"elementor-section-wrap\">\n\t\t\t\t\t\t\t\t\t<section class=\"elementor-section elementor-top-section elementor-element elementor-element-66248caa elementor-section-full_width elementor-section-height-default elementor-section-height-default\" data-id=\"66248caa\" data-element_type=\"section\" data-settings=\"{&quot;background_background&quot;:&quot;classic&quot;}\">\n\t\t\t\t\t\t<div class=\"elementor-container elementor-column-gap-default\">\n\t\t\t\t\t\t\t<div class=\"elementor-row\">\n\t\t\t\t\t<div class=\"elementor-column elementor-col-100 elementor-top-column elementor-element elementor-element-39379e7c\" data-id=\"39379e7c\" data-element_type=\"column\" data-settings=\"{&quot;background_background&quot;:&quot;classic&quot;}\">\n\t\t\t<div class=\"elementor-column-wrap elementor-element-populated\">\n\t\t\t\t\t\t\t<div class=\"elementor-widget-wrap\">\n\t\t\t\t\t\t<div class=\"elementor-element elementor-element-405f6751 elementor-widget elementor-widget-heading\" data-id=\"405f6751\" data-element_type=\"widget\" data-widget_type=\"heading.default\">\n\t\t\t\t<div class=\"elementor-widget-container\">\n\t\t\t<h1 class=\"elementor-heading-title elementor-size-default\">Observation de Jupiter<\/h1>\t\t<\/div>\n\t\t\t\t<\/div>\n\t\t\t\t<div class=\"elementor-element elementor-element-2f2ee91 elementor-widget elementor-widget-text-editor\" data-id=\"2f2ee91\" data-element_type=\"widget\" data-widget_type=\"text-editor.default\">\n\t\t\t\t<div class=\"elementor-widget-container\">\n\t\t\t\t\t\t\t\t<div class=\"elementor-text-editor elementor-clearfix\">\n\t\t\t\t<p>Jupiter est la plan\u00e8te la plus agr\u00e9able \u00e0 observer du syst\u00e8me solaire, car d&rsquo;une part c&rsquo;est la plus grosse de toute, et d&rsquo;autre part, elle est souvent observable puisqu&rsquo;elle est visible environ 10 mois par an. Comme toutes les plan\u00e8tes \u00ab\u00a0sup\u00e9rieures\u00a0\u00bb (terme qui d\u00e9signent les plan\u00e8tes \u00e0 partir de Mars et au-del\u00e0, c&rsquo;est-\u00e0-dire les plan\u00e8tes dont l&rsquo;orbite est ext\u00e9rieure \u00e0 l&rsquo;orbite de la Terre), elle est plus facilement visible au moment de l&rsquo;opposition, c&rsquo;est-\u00e0-dire quand elle se trouve au plus pr\u00e8s de la Terre et \u00e0 l&rsquo;oppos\u00e9 du soleil. Elle est \u00e0 l&rsquo;opposition tous les 13 mois, et \u00e0 ce moment elle est visible toute la nuit. Cela dit, Jupiter reste bien visible de longues semaines avant et apr\u00e8s son opposition.<\/p>\t\t\t\t\t<\/div>\n\t\t\t\t\t\t<\/div>\n\t\t\t\t<\/div>\n\t\t\t\t<div class=\"elementor-element elementor-element-3afe42bd elementor-widget elementor-widget-heading\" data-id=\"3afe42bd\" data-element_type=\"widget\" data-widget_type=\"heading.default\">\n\t\t\t\t<div class=\"elementor-widget-container\">\n\t\t\t<h2 class=\"elementor-heading-title elementor-size-default\">Observations faciles \u00e0 effectuer sur Jupiter :<\/h2>\t\t<\/div>\n\t\t\t\t<\/div>\n\t\t\t\t<div class=\"elementor-element elementor-element-b00cfbc elementor-widget elementor-widget-text-editor\" data-id=\"b00cfbc\" data-element_type=\"widget\" data-widget_type=\"text-editor.default\">\n\t\t\t\t<div class=\"elementor-widget-container\">\n\t\t\t\t\t\t\t\t<div class=\"elementor-text-editor elementor-clearfix\">\n\t\t\t\t<p>&#8211; la premi\u00e8re chose que l&rsquo;on voit sur Jupiter, c&rsquo;est sa forme g\u00e9n\u00e9rale : le globe de la plan\u00e8te n&rsquo;est pas vraiment sph\u00e9rique, mais est aplati aux p\u00f4les.<\/p><p>&#8211; La seconde chose que l&rsquo;on per\u00e7oit, ce sont les deux bandes centrales de Jupiter, qui forme des bandes de couleur plus sombre qui ceinturent la plan\u00e8te. On peut aussi tenter d&rsquo;apercevoir d&rsquo;autres nuances de couleur sur le globe, notamment aux p\u00f4les de la plan\u00e8te, mais c&rsquo;est d\u00e9j\u00e0 beaucoup plus difficile !<\/p><p>&#8211; Enfin, on voit tr\u00e8s facilement ses 4 principaux satellites (Io, Europe, Callisto et Ganym\u00e8de) autour de la plan\u00e8te. C&rsquo;est tr\u00e8s amusant, car leur position change constamment en fonction des jours. Ils peuvent \u00eatre d&rsquo;un c\u00f4t\u00e9 ou de l&rsquo;autre de la plan\u00e8te, ils peuvent aussi \u00eatre moins que 4 ! En effet, il arrive qu&rsquo;un satellite passe derri\u00e8re la plan\u00e8te (on parle alors d&rsquo;occultation) ou disparaisse dans le c\u00f4ne d&rsquo;ombre de la plan\u00e8te (on parle alors d&rsquo;\u00e9clipse). Il arrive aussi qu&rsquo;un satellite passe devant Jupiter (on parle donc de passage). Dans tous les cas, on ne voit plus le satellite. Le mouvement \u00e9tant relativement \u00ab\u00a0rapide\u00a0\u00bb, on peut observer Jupiter et assister \u00ab\u00a0en direct\u00a0\u00bb \u00e0 la disparation, ou au contraire \u00e0 la r\u00e9apparition, d&rsquo;un satellite.<\/p>\t\t\t\t\t<\/div>\n\t\t\t\t\t\t<\/div>\n\t\t\t\t<\/div>\n\t\t\t\t<div class=\"elementor-element elementor-element-5b18778 elementor-widget elementor-widget-heading\" data-id=\"5b18778\" data-element_type=\"widget\" data-widget_type=\"heading.default\">\n\t\t\t\t<div class=\"elementor-widget-container\">\n\t\t\t<h2 class=\"elementor-heading-title elementor-size-default\">Observations plus difficiles :<\/h2>\t\t<\/div>\n\t\t\t\t<\/div>\n\t\t\t\t<div class=\"elementor-element elementor-element-137c391 elementor-widget elementor-widget-text-editor\" data-id=\"137c391\" data-element_type=\"widget\" data-widget_type=\"text-editor.default\">\n\t\t\t\t<div class=\"elementor-widget-container\">\n\t\t\t\t\t\t\t\t<div class=\"elementor-text-editor elementor-clearfix\">\n\t\t\t\t<p>&#8211; on peut tenter d&rsquo;apercevoir la Grande Tache Rouge de Jupiter, qui est un ouragan gigantesque \u00e0 la surface de la plan\u00e8te. Facilement visible en photo, c&rsquo;est une autre paire de manches en visuel ! Tout d&rsquo;abord, la Tache n&rsquo;est pas toujours face \u00e0 la Terre. Il faut conna\u00eetre l&rsquo;heure \u00e0 laquelle elle se trouve au centre de la plan\u00e8te. Le <a href=\"http:\/\/www.arnaudom.fr\/wordpress\/solaire\">tableau<\/a> pr\u00e9sent sur la page du syst\u00e8me solaire vous indique les principales dates \u00e0 laquelle la Tache Rouge est observable. D&rsquo;autre part, Jupiter tourne tr\u00e8s vite sur elle-m\u00eame malgr\u00e9 son \u00e9norme taille (elle fait un tour complet en 10 heures seulement !), ce qui veut dire que la Tache Rouge dispara\u00eet tr\u00e8s vite ! Elle met un peu plus de 2 heures pour aller d&rsquo;un bord \u00e0 l&rsquo;autre de la plan\u00e8te. On a une p\u00e9riode allant de &#8211; 1 heure \u00e0 + 1 heure par rapport \u00e0 l&rsquo;heure indiqu\u00e9e pour r\u00e9ussir \u00e0 l&rsquo;observer. Enfin, elle est vraiment toute petite ! En effet, elle se trouve dans la bande sud de Jupiter (avec l&rsquo;inversion au t\u00e9l\u00e9scope, il faut donc chercher dans la bande du haut). Il faut donc grossir suffisamment pour tenter de l&rsquo;apercevoir. Avec les oculaires de base du 130\/900, je ne suis jamais parvenu \u00e0 la voir. Par contre, j&rsquo;ai r\u00e9ussi \u00e0 le faire avec mon oculaire Antar\u00e8s de 5,7 mm, qui fournit un grossissement de 158x et une image plus contrast\u00e9e. Cependant il faut beaucoup d&rsquo;attention et une bonne mise au point (et pas de turbulence !) pour r\u00e9ussir \u00e0 la voir. On per\u00e7oit une esp\u00e8re de petit \u00ab\u00a0oeil\u00a0\u00bb, dont la couleur contraste tr\u00e8s l\u00e9g\u00e8rement avec le reste de la bande. Pas facile donc, mais faisable !<\/p><p>&#8211; autre observation \u00e0 tenter, que personnellement je n&rsquo;ai jamais r\u00e9ussie, c&rsquo;est l&rsquo;observation du passage d&rsquo;un satellite. En effet, quand un satellite passe devant la plan\u00e8te, il projette son ombre sur celle-ci. Parfois l&rsquo;ombre passe avant le satellite, et parfois c&rsquo;est l&rsquo;inverse. Comme pour la Tache Rouge, il faut pr\u00e9parer son observation en notant l&rsquo;heure \u00e0 laquelle le ph\u00e9nom\u00e8ne se produit. Le satellite est pratiquement impossible \u00e0 voir (surtout avec un petit t\u00e9l\u00e9scope comme le 130\/900), mais l&rsquo;ombre, en fait un petit point noir, est perceptible.<\/p>\t\t\t\t\t<\/div>\n\t\t\t\t\t\t<\/div>\n\t\t\t\t<\/div>\n\t\t\t\t\t\t<\/div>\n\t\t\t\t\t<\/div>\n\t\t<\/div>\n\t\t\t\t\t\t\t\t<\/div>\n\t\t\t\t\t<\/div>\n\t\t<\/section>\n\t\t\t\t\t\t\t\t\t<\/div>\n\t\t\t<\/div>\n\t\t\t\t\t<\/div>\n\t\t","protected":false},"excerpt":{"rendered":"<p>Observation de Jupiter Jupiter est la plan\u00e8te la plus agr\u00e9able \u00e0 observer du syst\u00e8me solaire, car d&rsquo;une part c&rsquo;est la plus grosse de toute, et d&rsquo;autre part, elle est souvent observable puisqu&rsquo;elle est visible environ 10 mois par an. Comme toutes les plan\u00e8tes \u00ab\u00a0sup\u00e9rieures\u00a0\u00bb (terme qui d\u00e9signent les plan\u00e8tes \u00e0 partir de Mars et au-del\u00e0, &hellip;<\/p>\n<p class=\"read-more\"> <a class=\"\" href=\"https:\/\/www.arnaudom.fr\/wordpress\/elementor-2982\/\"> <span class=\"screen-reader-text\">Jupiter<\/span> Lire la suite\u00a0\u00bb<\/a><\/p>\n","protected":false},"author":1,"featured_media":0,"parent":0,"menu_order":0,"comment_status":"closed","ping_status":"closed","template":"","meta":{"site-sidebar-layout":"default","site-content-layout":"default","ast-site-content-layout":"","site-content-style":"default","site-sidebar-style":"default","ast-global-header-display":"","ast-banner-title-visibility":"","ast-main-header-display":"","ast-hfb-above-header-display":"","ast-hfb-below-header-display":"","ast-hfb-mobile-header-display":"","site-post-title":"disabled","ast-breadcrumbs-content":"","ast-featured-img":"","footer-sml-layout":"","theme-transparent-header-meta":"default","adv-header-id-meta":"","stick-header-meta":"","header-above-stick-meta":"","header-main-stick-meta":"","header-below-stick-meta":"","astra-migrate-meta-layouts":"","ast-page-background-enabled":"default","ast-page-background-meta":{"desktop":{"background-color":"","background-image":"","background-repeat":"repeat","background-position":"center center","background-size":"auto","background-attachment":"scroll","background-type":"","background-media":"","overlay-type":"","overlay-color":"","overlay-gradient":""},"tablet":{"background-color":"","background-image":"","background-repeat":"repeat","background-position":"center center","background-size":"auto","background-attachment":"scroll","background-type":"","background-media":"","overlay-type":"","overlay-color":"","overlay-gradient":""},"mobile":{"background-color":"","background-image":"","background-repeat":"repeat","background-position":"center center","background-size":"auto","background-attachment":"scroll","background-type":"","background-media":"","overlay-type":"","overlay-color":"","overlay-gradient":""}},"ast-content-background-meta":{"desktop":{"background-color":"var(--ast-global-color-5)","background-image":"","background-repeat":"repeat","background-position":"center center","background-size":"auto","background-attachment":"scroll","background-type":"","background-media":"","overlay-type":"","overlay-color":"","overlay-gradient":""},"tablet":{"background-color":"var(--ast-global-color-5)","background-image":"","background-repeat":"repeat","background-position":"center center","background-size":"auto","background-attachment":"scroll","background-type":"","background-media":"","overlay-type":"","overlay-color":"","overlay-gradient":""},"mobile":{"background-color":"var(--ast-global-color-5)","background-image":"","background-repeat":"repeat","background-position":"center center","background-size":"auto","background-attachment":"scroll","background-type":"","background-media":"","overlay-type":"","overlay-color":"","overlay-gradient":""}},"footnotes":""},"class_list":["post-2982","page","type-page","status-publish","hentry"],"_links":{"self":[{"href":"https:\/\/www.arnaudom.fr\/wordpress\/wp-json\/wp\/v2\/pages\/2982","targetHints":{"allow":["GET"]}}],"collection":[{"href":"https:\/\/www.arnaudom.fr\/wordpress\/wp-json\/wp\/v2\/pages"}],"about":[{"href":"https:\/\/www.arnaudom.fr\/wordpress\/wp-json\/wp\/v2\/types\/page"}],"author":[{"embeddable":true,"href":"https:\/\/www.arnaudom.fr\/wordpress\/wp-json\/wp\/v2\/users\/1"}],"replies":[{"embeddable":true,"href":"https:\/\/www.arnaudom.fr\/wordpress\/wp-json\/wp\/v2\/comments?post=2982"}],"version-history":[{"count":6,"href":"https:\/\/www.arnaudom.fr\/wordpress\/wp-json\/wp\/v2\/pages\/2982\/revisions"}],"predecessor-version":[{"id":4931,"href":"https:\/\/www.arnaudom.fr\/wordpress\/wp-json\/wp\/v2\/pages\/2982\/revisions\/4931"}],"wp:attachment":[{"href":"https:\/\/www.arnaudom.fr\/wordpress\/wp-json\/wp\/v2\/media?parent=2982"}],"curies":[{"name":"wp","href":"https:\/\/api.w.org\/{rel}","templated":true}]}}