{"id":2899,"date":"2019-08-11T03:18:52","date_gmt":"2019-08-11T01:18:52","guid":{"rendered":"http:\/\/www.arnaudom.fr\/wordpress\/?page_id=2899"},"modified":"2020-08-14T14:50:48","modified_gmt":"2020-08-14T12:50:48","slug":"soleilo","status":"publish","type":"page","link":"https:\/\/www.arnaudom.fr\/wordpress\/soleilo\/","title":{"rendered":"soleilo"},"content":{"rendered":"\t\t<div data-elementor-type=\"wp-post\" data-elementor-id=\"2899\" class=\"elementor elementor-2899\">\n\t\t\t\t\t\t<div class=\"elementor-inner\">\n\t\t\t\t<div class=\"elementor-section-wrap\">\n\t\t\t\t\t\t\t\t\t<section class=\"elementor-section elementor-top-section elementor-element elementor-element-303c9b68 elementor-section-full_width elementor-section-height-default elementor-section-height-default\" data-id=\"303c9b68\" data-element_type=\"section\" data-settings=\"{&quot;background_background&quot;:&quot;classic&quot;}\">\n\t\t\t\t\t\t<div class=\"elementor-container elementor-column-gap-default\">\n\t\t\t\t\t\t\t<div class=\"elementor-row\">\n\t\t\t\t\t<div class=\"elementor-column elementor-col-100 elementor-top-column elementor-element elementor-element-535e27f2\" data-id=\"535e27f2\" data-element_type=\"column\" data-settings=\"{&quot;background_background&quot;:&quot;classic&quot;}\">\n\t\t\t<div class=\"elementor-column-wrap elementor-element-populated\">\n\t\t\t\t\t\t\t<div class=\"elementor-widget-wrap\">\n\t\t\t\t\t\t<div class=\"elementor-element elementor-element-2b8210f9 elementor-widget elementor-widget-heading\" data-id=\"2b8210f9\" data-element_type=\"widget\" data-widget_type=\"heading.default\">\n\t\t\t\t<div class=\"elementor-widget-container\">\n\t\t\t<h1 class=\"elementor-heading-title elementor-size-default\">Observation du Soleil<\/h1>\t\t<\/div>\n\t\t\t\t<\/div>\n\t\t\t\t<div class=\"elementor-element elementor-element-48184f2 elementor-widget elementor-widget-spacer\" data-id=\"48184f2\" data-element_type=\"widget\" data-widget_type=\"spacer.default\">\n\t\t\t\t<div class=\"elementor-widget-container\">\n\t\t\t\t\t<div class=\"elementor-spacer\">\n\t\t\t<div class=\"elementor-spacer-inner\"><\/div>\n\t\t<\/div>\n\t\t\t\t<\/div>\n\t\t\t\t<\/div>\n\t\t\t\t<div class=\"elementor-element elementor-element-bf0743a elementor-widget elementor-widget-alert\" data-id=\"bf0743a\" data-element_type=\"widget\" data-widget_type=\"alert.default\">\n\t\t\t\t<div class=\"elementor-widget-container\">\n\t\t\t\t\t<div class=\"elementor-alert elementor-alert-danger\" role=\"alert\">\n\t\t\t<span class=\"elementor-alert-title\">MISE EN GARDE <\/span>\n\t\t\t\t\t\t\t<span class=\"elementor-alert-description\">Soyons clair : observer le soleil est <b>TRES DANGEREUX<\/b> ! Il ne faut jamais regarder le soleil directement aux jumelles ou au t\u00e9l\u00e9scope, m\u00eame quelques secondes, sous peine de br\u00fblures graves et irr\u00e9m\u00e9diables de la r\u00e9tine ! <\/span>\n\t\t\t\t\t\t\t\t<\/div>\n\t\t\t\t<\/div>\n\t\t\t\t<\/div>\n\t\t\t\t<div class=\"elementor-element elementor-element-91d35cd elementor-widget elementor-widget-text-editor\" data-id=\"91d35cd\" data-element_type=\"widget\" data-widget_type=\"text-editor.default\">\n\t\t\t\t<div class=\"elementor-widget-container\">\n\t\t\t\t\t\t\t\t<div class=\"elementor-text-editor elementor-clearfix\">\n\t\t\t\t<p>Une des m\u00e9thodes parmi les plus sures et les moins on\u00e9reuses est l&rsquo;utilisation d&rsquo;un filtre Astrosolar. Ce filtre est vendu sous forme de feuille de diff\u00e9rents formats. Pour le 130\/900, j&rsquo;ai achet\u00e9 une feuille au format A4 (prix: 20 \u20ac). Le filtre arr\u00eate 99,99 % de la lumi\u00e8re solaire et permet donc une observation sans danger.<\/p>\t\t\t\t\t<\/div>\n\t\t\t\t\t\t<\/div>\n\t\t\t\t<\/div>\n\t\t\t\t<div class=\"elementor-element elementor-element-591c4039 elementor-widget elementor-widget-heading\" data-id=\"591c4039\" data-element_type=\"widget\" data-widget_type=\"heading.default\">\n\t\t\t\t<div class=\"elementor-widget-container\">\n\t\t\t<h2 class=\"elementor-heading-title elementor-size-default\">Confection du filtre :<\/h2>\t\t<\/div>\n\t\t\t\t<\/div>\n\t\t\t\t<div class=\"elementor-element elementor-element-1c291878 elementor-widget elementor-widget-text-editor\" data-id=\"1c291878\" data-element_type=\"widget\" data-widget_type=\"text-editor.default\">\n\t\t\t\t<div class=\"elementor-widget-container\">\n\t\t\t\t\t\t\t\t<div class=\"elementor-text-editor elementor-clearfix\">\n\t\t\t\t<p>il faut ensuite faire soit m\u00eame le filtre. Du papier un peu \u00e9pais (j&rsquo;ai utilis\u00e9 du Canson), de la colle, du scotch et des ciseaux suffisent, m\u00eame un bricoleur nul comme moi y arrive sans probl\u00e8me. Voil\u00e0, alors il suffit de suivre le mode d&#8217;emploi livr\u00e9 avec la feuille.<\/p>\t\t\t\t\t<\/div>\n\t\t\t\t\t\t<\/div>\n\t\t\t\t<\/div>\n\t\t\t\t<section class=\"elementor-section elementor-inner-section elementor-element elementor-element-9892486 elementor-section-boxed elementor-section-height-default elementor-section-height-default\" data-id=\"9892486\" data-element_type=\"section\">\n\t\t\t\t\t\t<div class=\"elementor-container elementor-column-gap-default\">\n\t\t\t\t\t\t\t<div class=\"elementor-row\">\n\t\t\t\t\t<div class=\"elementor-column elementor-col-50 elementor-inner-column elementor-element elementor-element-99b8244\" data-id=\"99b8244\" data-element_type=\"column\">\n\t\t\t<div class=\"elementor-column-wrap elementor-element-populated\">\n\t\t\t\t\t\t\t<div class=\"elementor-widget-wrap\">\n\t\t\t\t\t\t<div class=\"elementor-element elementor-element-19b8af4 elementor-widget elementor-widget-text-editor\" data-id=\"19b8af4\" data-element_type=\"widget\" data-widget_type=\"text-editor.default\">\n\t\t\t\t<div class=\"elementor-widget-container\">\n\t\t\t\t\t\t\t\t<div class=\"elementor-text-editor elementor-clearfix\">\n\t\t\t\t<p>Tout d&rsquo;abord, on d\u00e9coupe une bande de papier rectangulaire de 3 ou 4 cm de largeur, et on la place sur l&rsquo;ouverture du tube pour en faire le tour. Le but est d&rsquo;obtenir une bande de papier qui serre suffisamment le tube pour rester en place, mais qu&rsquo;on puisse malgr\u00e9 tout retirer. Quand on a la longueur voulue, on retire la bande et on la colle (on peut renforcer avec du scotch).<\/p>\t\t\t\t\t<\/div>\n\t\t\t\t\t\t<\/div>\n\t\t\t\t<\/div>\n\t\t\t\t\t\t<\/div>\n\t\t\t\t\t<\/div>\n\t\t<\/div>\n\t\t\t\t<div class=\"elementor-column elementor-col-50 elementor-inner-column elementor-element elementor-element-3a510e3\" data-id=\"3a510e3\" data-element_type=\"column\">\n\t\t\t<div class=\"elementor-column-wrap elementor-element-populated\">\n\t\t\t\t\t\t\t<div class=\"elementor-widget-wrap\">\n\t\t\t\t\t\t<div class=\"elementor-element elementor-element-e98f065 elementor-widget elementor-widget-image\" data-id=\"e98f065\" data-element_type=\"widget\" data-widget_type=\"image.default\">\n\t\t\t\t<div class=\"elementor-widget-container\">\n\t\t\t\t\t\t\t\t<div class=\"elementor-image\">\n\t\t\t\t\t\t\t\t\t\t\t\t<img loading=\"lazy\" decoding=\"async\" width=\"410\" height=\"307\" src=\"https:\/\/www.arnaudom.fr\/wordpress\/wp-content\/uploads\/2019\/08\/Filtre1.jpg\" class=\"attachment-large size-large wp-image-2902\" alt=\"\" srcset=\"https:\/\/www.arnaudom.fr\/wordpress\/wp-content\/uploads\/2019\/08\/Filtre1.jpg 410w, https:\/\/www.arnaudom.fr\/wordpress\/wp-content\/uploads\/2019\/08\/Filtre1-300x225.jpg 300w\" sizes=\"auto, (max-width: 410px) 100vw, 410px\" \/>\t\t\t\t\t\t\t\t\t\t\t\t\t\t<\/div>\n\t\t\t\t\t\t<\/div>\n\t\t\t\t<\/div>\n\t\t\t\t\t\t<\/div>\n\t\t\t\t\t<\/div>\n\t\t<\/div>\n\t\t\t\t\t\t\t\t<\/div>\n\t\t\t\t\t<\/div>\n\t\t<\/section>\n\t\t\t\t<section class=\"elementor-section elementor-inner-section elementor-element elementor-element-30a6947 elementor-section-boxed elementor-section-height-default elementor-section-height-default\" data-id=\"30a6947\" data-element_type=\"section\">\n\t\t\t\t\t\t<div class=\"elementor-container elementor-column-gap-default\">\n\t\t\t\t\t\t\t<div class=\"elementor-row\">\n\t\t\t\t\t<div class=\"elementor-column elementor-col-50 elementor-inner-column elementor-element elementor-element-887fa57\" data-id=\"887fa57\" data-element_type=\"column\">\n\t\t\t<div class=\"elementor-column-wrap elementor-element-populated\">\n\t\t\t\t\t\t\t<div class=\"elementor-widget-wrap\">\n\t\t\t\t\t\t<div class=\"elementor-element elementor-element-18362bb elementor-widget elementor-widget-text-editor\" data-id=\"18362bb\" data-element_type=\"widget\" data-widget_type=\"text-editor.default\">\n\t\t\t\t<div class=\"elementor-widget-container\">\n\t\t\t\t\t\t\t\t<div class=\"elementor-text-editor elementor-clearfix\">\n\t\t\t\t<p>Ensuite, on replace la bande sur le tube, puis on d\u00e9coupe une seconde bande de papier deux fois moins large, qu&rsquo;on place autour de la premi\u00e8re. De la m\u00eame fa\u00e7on, il faut choisir la longueur de la bande pour qu&rsquo;elle soit suffisamment serr\u00e9e pour tenir sur la premi\u00e8re, mais aussi pour qu&rsquo;on puisse la retirer. On colle la seconde bande.<\/p>\t\t\t\t\t<\/div>\n\t\t\t\t\t\t<\/div>\n\t\t\t\t<\/div>\n\t\t\t\t\t\t<\/div>\n\t\t\t\t\t<\/div>\n\t\t<\/div>\n\t\t\t\t<div class=\"elementor-column elementor-col-50 elementor-inner-column elementor-element elementor-element-50d8cf6\" data-id=\"50d8cf6\" data-element_type=\"column\">\n\t\t\t<div class=\"elementor-column-wrap elementor-element-populated\">\n\t\t\t\t\t\t\t<div class=\"elementor-widget-wrap\">\n\t\t\t\t\t\t<div class=\"elementor-element elementor-element-15a7dd3 elementor-widget elementor-widget-image\" data-id=\"15a7dd3\" data-element_type=\"widget\" data-widget_type=\"image.default\">\n\t\t\t\t<div class=\"elementor-widget-container\">\n\t\t\t\t\t\t\t\t<div class=\"elementor-image\">\n\t\t\t\t\t\t\t\t\t\t\t\t<img loading=\"lazy\" decoding=\"async\" width=\"410\" height=\"307\" src=\"https:\/\/www.arnaudom.fr\/wordpress\/wp-content\/uploads\/2019\/08\/Filtre2.jpg\" class=\"attachment-large size-large wp-image-2904\" alt=\"\" srcset=\"https:\/\/www.arnaudom.fr\/wordpress\/wp-content\/uploads\/2019\/08\/Filtre2.jpg 410w, https:\/\/www.arnaudom.fr\/wordpress\/wp-content\/uploads\/2019\/08\/Filtre2-300x225.jpg 300w\" sizes=\"auto, (max-width: 410px) 100vw, 410px\" \/>\t\t\t\t\t\t\t\t\t\t\t\t\t\t<\/div>\n\t\t\t\t\t\t<\/div>\n\t\t\t\t<\/div>\n\t\t\t\t\t\t<\/div>\n\t\t\t\t\t<\/div>\n\t\t<\/div>\n\t\t\t\t\t\t\t\t<\/div>\n\t\t\t\t\t<\/div>\n\t\t<\/section>\n\t\t\t\t<section class=\"elementor-section elementor-inner-section elementor-element elementor-element-5e0da54 elementor-section-boxed elementor-section-height-default elementor-section-height-default\" data-id=\"5e0da54\" data-element_type=\"section\">\n\t\t\t\t\t\t<div class=\"elementor-container elementor-column-gap-default\">\n\t\t\t\t\t\t\t<div class=\"elementor-row\">\n\t\t\t\t\t<div class=\"elementor-column elementor-col-50 elementor-inner-column elementor-element elementor-element-8f37f9b\" data-id=\"8f37f9b\" data-element_type=\"column\">\n\t\t\t<div class=\"elementor-column-wrap elementor-element-populated\">\n\t\t\t\t\t\t\t<div class=\"elementor-widget-wrap\">\n\t\t\t\t\t\t<div class=\"elementor-element elementor-element-8e3d5fd elementor-widget elementor-widget-text-editor\" data-id=\"8e3d5fd\" data-element_type=\"widget\" data-widget_type=\"text-editor.default\">\n\t\t\t\t<div class=\"elementor-widget-container\">\n\t\t\t\t\t\t\t\t<div class=\"elementor-text-editor elementor-clearfix\">\n\t\t\t\t<p>Bien, alors maintenant on a la premi\u00e8re bande sur le tube, on place la feuille Astrosolar devant le tube et on enfile la seconde bande sur la premi\u00e8re, de fa\u00e7on \u00e0 maintenir la feuille filtrante entre les deux. Il faut tirer sur les morceaux de feuille qui d\u00e9passe afin d&rsquo;essayer d&rsquo;enlever le plus de plis possibles, en prenant garde de ne pas la d\u00e9chirer, mais il est pas n\u00e9cessaire que la feuille soit tendue au maximum, il est conseill\u00e9 plut\u00f4t de lui laisser un peu de souplesse.<\/p>\t\t\t\t\t<\/div>\n\t\t\t\t\t\t<\/div>\n\t\t\t\t<\/div>\n\t\t\t\t\t\t<\/div>\n\t\t\t\t\t<\/div>\n\t\t<\/div>\n\t\t\t\t<div class=\"elementor-column elementor-col-50 elementor-inner-column elementor-element elementor-element-25a6a2d\" data-id=\"25a6a2d\" data-element_type=\"column\">\n\t\t\t<div class=\"elementor-column-wrap elementor-element-populated\">\n\t\t\t\t\t\t\t<div class=\"elementor-widget-wrap\">\n\t\t\t\t\t\t<div class=\"elementor-element elementor-element-a21367c elementor-widget elementor-widget-image\" data-id=\"a21367c\" data-element_type=\"widget\" data-widget_type=\"image.default\">\n\t\t\t\t<div class=\"elementor-widget-container\">\n\t\t\t\t\t\t\t\t<div class=\"elementor-image\">\n\t\t\t\t\t\t\t\t\t\t\t\t<img loading=\"lazy\" decoding=\"async\" width=\"410\" height=\"307\" src=\"https:\/\/www.arnaudom.fr\/wordpress\/wp-content\/uploads\/2019\/08\/Filtre3.jpg\" class=\"attachment-large size-large wp-image-2906\" alt=\"\" srcset=\"https:\/\/www.arnaudom.fr\/wordpress\/wp-content\/uploads\/2019\/08\/Filtre3.jpg 410w, https:\/\/www.arnaudom.fr\/wordpress\/wp-content\/uploads\/2019\/08\/Filtre3-300x225.jpg 300w\" sizes=\"auto, (max-width: 410px) 100vw, 410px\" \/>\t\t\t\t\t\t\t\t\t\t\t\t\t\t<\/div>\n\t\t\t\t\t\t<\/div>\n\t\t\t\t<\/div>\n\t\t\t\t\t\t<\/div>\n\t\t\t\t\t<\/div>\n\t\t<\/div>\n\t\t\t\t\t\t\t\t<\/div>\n\t\t\t\t\t<\/div>\n\t\t<\/section>\n\t\t\t\t<section class=\"elementor-section elementor-inner-section elementor-element elementor-element-cae15aa elementor-section-boxed elementor-section-height-default elementor-section-height-default\" data-id=\"cae15aa\" data-element_type=\"section\">\n\t\t\t\t\t\t<div class=\"elementor-container elementor-column-gap-default\">\n\t\t\t\t\t\t\t<div class=\"elementor-row\">\n\t\t\t\t\t<div class=\"elementor-column elementor-col-50 elementor-inner-column elementor-element elementor-element-24b98ab\" data-id=\"24b98ab\" data-element_type=\"column\">\n\t\t\t<div class=\"elementor-column-wrap elementor-element-populated\">\n\t\t\t\t\t\t\t<div class=\"elementor-widget-wrap\">\n\t\t\t\t\t\t<div class=\"elementor-element elementor-element-c85a255 elementor-widget elementor-widget-text-editor\" data-id=\"c85a255\" data-element_type=\"widget\" data-widget_type=\"text-editor.default\">\n\t\t\t\t<div class=\"elementor-widget-container\">\n\t\t\t\t\t\t\t\t<div class=\"elementor-text-editor elementor-clearfix\">\n\t\t\t\t<p>Ensuite, on peut d\u00e9couper les morceaux de feuille qui d\u00e9passent trop (ne pas jeter les chutes !), on retourne sur la seconde bande ce qui d\u00e9passe de la feuille et on le scotche afin que le filtre reste bien fix\u00e9. Enfin, on peut mettre une bande de scotch entre les deux bandes de papier.<\/p><p>Et voil\u00e0 ! Votre filtre solaire est pr\u00eat, vous pouvez l&rsquo;utiliser et le retirer \u00e0 votre guise. Il faut simplement v\u00e9rifier avant chaque utilisation qu&rsquo;il ne s&rsquo;est pas d\u00e9chir\u00e9 ni perc\u00e9.<\/p>\t\t\t\t\t<\/div>\n\t\t\t\t\t\t<\/div>\n\t\t\t\t<\/div>\n\t\t\t\t\t\t<\/div>\n\t\t\t\t\t<\/div>\n\t\t<\/div>\n\t\t\t\t<div class=\"elementor-column elementor-col-50 elementor-inner-column elementor-element elementor-element-bf8aad8\" data-id=\"bf8aad8\" data-element_type=\"column\">\n\t\t\t<div class=\"elementor-column-wrap elementor-element-populated\">\n\t\t\t\t\t\t\t<div class=\"elementor-widget-wrap\">\n\t\t\t\t\t\t<div class=\"elementor-element elementor-element-4bfe79d elementor-widget elementor-widget-image\" data-id=\"4bfe79d\" data-element_type=\"widget\" data-widget_type=\"image.default\">\n\t\t\t\t<div class=\"elementor-widget-container\">\n\t\t\t\t\t\t\t\t<div class=\"elementor-image\">\n\t\t\t\t\t\t\t\t\t\t\t\t<img loading=\"lazy\" decoding=\"async\" width=\"410\" height=\"307\" src=\"https:\/\/www.arnaudom.fr\/wordpress\/wp-content\/uploads\/2019\/08\/Filtre4.jpg\" class=\"attachment-large size-large wp-image-2907\" alt=\"\" srcset=\"https:\/\/www.arnaudom.fr\/wordpress\/wp-content\/uploads\/2019\/08\/Filtre4.jpg 410w, https:\/\/www.arnaudom.fr\/wordpress\/wp-content\/uploads\/2019\/08\/Filtre4-300x225.jpg 300w\" sizes=\"auto, (max-width: 410px) 100vw, 410px\" \/>\t\t\t\t\t\t\t\t\t\t\t\t\t\t<\/div>\n\t\t\t\t\t\t<\/div>\n\t\t\t\t<\/div>\n\t\t\t\t\t\t<\/div>\n\t\t\t\t\t<\/div>\n\t\t<\/div>\n\t\t\t\t\t\t\t\t<\/div>\n\t\t\t\t\t<\/div>\n\t\t<\/section>\n\t\t\t\t<div class=\"elementor-element elementor-element-e170fba elementor-widget elementor-widget-text-editor\" data-id=\"e170fba\" data-element_type=\"widget\" data-widget_type=\"text-editor.default\">\n\t\t\t\t<div class=\"elementor-widget-container\">\n\t\t\t\t\t\t\t\t<div class=\"elementor-text-editor elementor-clearfix\">\n\t\t\t\t<p style=\"text-align: center;\"><span style=\"color: #f20000;\"><strong>Attention au chercheur !<\/strong><\/span><\/p>\t\t\t\t\t<\/div>\n\t\t\t\t\t\t<\/div>\n\t\t\t\t<\/div>\n\t\t\t\t<div class=\"elementor-element elementor-element-a84ef1b elementor-widget elementor-widget-text-editor\" data-id=\"a84ef1b\" data-element_type=\"widget\" data-widget_type=\"text-editor.default\">\n\t\t\t\t<div class=\"elementor-widget-container\">\n\t\t\t\t\t\t\t\t<div class=\"elementor-text-editor elementor-clearfix\">\n\t\t\t\t<p>N&rsquo;oubliez pas qu&rsquo;il ne faut pas non plus pointer le chercheur sur le soleil sans protection. Normalement, il doit vous rester suffisamment de chute de papier pour fabriquer un petit filtre solaire pour le chercheur.<\/p><p class=\"gras\"><strong>Qu&rsquo;allez-vous voir ?<\/strong><\/p><p>Le filtre Astrosolar vous permet de voir le soleil sous la forme d&rsquo;un disque blanc bleut\u00e9. Muni de ce filtre, vous pourrez observer en particulier les t\u00e2ches solaires. Ce sont des t\u00e2ches noires plus ou moins grosses, qui apparaissent parfois \u00e0 la surface du soleil, et qui semblent former comme des crevasses. Leur apparition est assez al\u00e9atoire, elles peuvent \u00eatre plus ou moins nombreuses, il peut aussi n&rsquo;y en avoir aucune durant les p\u00e9riodes de calme ! Une m\u00eame t\u00e2che solaire peut rester plusieurs jours \u00e0 la surface du soleil avant de dispara\u00eetre.<\/p><p>Vous trouverez \u00e0 cette adresse <a href=\"http:\/\/www.spaceweather.com\">www.Spaceweather.com <\/a> (site en anglais) une image quotidienne du soleil qui vous montrera les \u00e9ventuelles t\u00e2ches pr\u00e9sentes.<\/p>\t\t\t\t\t<\/div>\n\t\t\t\t\t\t<\/div>\n\t\t\t\t<\/div>\n\t\t\t\t\t\t<\/div>\n\t\t\t\t\t<\/div>\n\t\t<\/div>\n\t\t\t\t\t\t\t\t<\/div>\n\t\t\t\t\t<\/div>\n\t\t<\/section>\n\t\t\t\t\t\t\t\t\t<\/div>\n\t\t\t<\/div>\n\t\t\t\t\t<\/div>\n\t\t","protected":false},"excerpt":{"rendered":"<p>Observation du Soleil MISE EN GARDE Soyons clair : observer le soleil est TRES DANGEREUX ! Il ne faut jamais regarder le soleil directement aux jumelles ou au t\u00e9l\u00e9scope, m\u00eame quelques secondes, sous peine de br\u00fblures graves et irr\u00e9m\u00e9diables de la r\u00e9tine ! Une des m\u00e9thodes parmi les plus sures et les moins on\u00e9reuses est &hellip;<\/p>\n<p class=\"read-more\"> <a class=\"\" href=\"https:\/\/www.arnaudom.fr\/wordpress\/soleilo\/\"> <span class=\"screen-reader-text\">soleilo<\/span> Lire la suite\u00a0\u00bb<\/a><\/p>\n","protected":false},"author":1,"featured_media":0,"parent":0,"menu_order":0,"comment_status":"closed","ping_status":"closed","template":"","meta":{"site-sidebar-layout":"default","site-content-layout":"default","ast-site-content-layout":"","site-content-style":"default","site-sidebar-style":"default","ast-global-header-display":"","ast-banner-title-visibility":"","ast-main-header-display":"","ast-hfb-above-header-display":"","ast-hfb-below-header-display":"","ast-hfb-mobile-header-display":"","site-post-title":"disabled","ast-breadcrumbs-content":"","ast-featured-img":"","footer-sml-layout":"","theme-transparent-header-meta":"default","adv-header-id-meta":"","stick-header-meta":"","header-above-stick-meta":"","header-main-stick-meta":"","header-below-stick-meta":"","astra-migrate-meta-layouts":"","ast-page-background-enabled":"default","ast-page-background-meta":{"desktop":{"background-color":"","background-image":"","background-repeat":"repeat","background-position":"center center","background-size":"auto","background-attachment":"scroll","background-type":"","background-media":"","overlay-type":"","overlay-color":"","overlay-gradient":""},"tablet":{"background-color":"","background-image":"","background-repeat":"repeat","background-position":"center center","background-size":"auto","background-attachment":"scroll","background-type":"","background-media":"","overlay-type":"","overlay-color":"","overlay-gradient":""},"mobile":{"background-color":"","background-image":"","background-repeat":"repeat","background-position":"center center","background-size":"auto","background-attachment":"scroll","background-type":"","background-media":"","overlay-type":"","overlay-color":"","overlay-gradient":""}},"ast-content-background-meta":{"desktop":{"background-color":"var(--ast-global-color-5)","background-image":"","background-repeat":"repeat","background-position":"center center","background-size":"auto","background-attachment":"scroll","background-type":"","background-media":"","overlay-type":"","overlay-color":"","overlay-gradient":""},"tablet":{"background-color":"var(--ast-global-color-5)","background-image":"","background-repeat":"repeat","background-position":"center center","background-size":"auto","background-attachment":"scroll","background-type":"","background-media":"","overlay-type":"","overlay-color":"","overlay-gradient":""},"mobile":{"background-color":"var(--ast-global-color-5)","background-image":"","background-repeat":"repeat","background-position":"center center","background-size":"auto","background-attachment":"scroll","background-type":"","background-media":"","overlay-type":"","overlay-color":"","overlay-gradient":""}},"footnotes":""},"class_list":["post-2899","page","type-page","status-publish","hentry"],"_links":{"self":[{"href":"https:\/\/www.arnaudom.fr\/wordpress\/wp-json\/wp\/v2\/pages\/2899","targetHints":{"allow":["GET"]}}],"collection":[{"href":"https:\/\/www.arnaudom.fr\/wordpress\/wp-json\/wp\/v2\/pages"}],"about":[{"href":"https:\/\/www.arnaudom.fr\/wordpress\/wp-json\/wp\/v2\/types\/page"}],"author":[{"embeddable":true,"href":"https:\/\/www.arnaudom.fr\/wordpress\/wp-json\/wp\/v2\/users\/1"}],"replies":[{"embeddable":true,"href":"https:\/\/www.arnaudom.fr\/wordpress\/wp-json\/wp\/v2\/comments?post=2899"}],"version-history":[{"count":6,"href":"https:\/\/www.arnaudom.fr\/wordpress\/wp-json\/wp\/v2\/pages\/2899\/revisions"}],"predecessor-version":[{"id":4919,"href":"https:\/\/www.arnaudom.fr\/wordpress\/wp-json\/wp\/v2\/pages\/2899\/revisions\/4919"}],"wp:attachment":[{"href":"https:\/\/www.arnaudom.fr\/wordpress\/wp-json\/wp\/v2\/media?parent=2899"}],"curies":[{"name":"wp","href":"https:\/\/api.w.org\/{rel}","templated":true}]}}