{"id":2887,"date":"2019-08-11T02:10:37","date_gmt":"2019-08-11T00:10:37","guid":{"rendered":"http:\/\/www.arnaudom.fr\/wordpress\/?page_id=2887"},"modified":"2020-08-14T14:49:45","modified_gmt":"2020-08-14T12:49:45","slug":"cometesuite","status":"publish","type":"page","link":"https:\/\/www.arnaudom.fr\/wordpress\/cometesuite\/","title":{"rendered":"cometesuite"},"content":{"rendered":"\t\t<div data-elementor-type=\"wp-post\" data-elementor-id=\"2887\" class=\"elementor elementor-2887\">\n\t\t\t\t\t\t<div class=\"elementor-inner\">\n\t\t\t\t<div class=\"elementor-section-wrap\">\n\t\t\t\t\t\t\t\t\t<section class=\"elementor-section elementor-top-section elementor-element elementor-element-5dd2984e elementor-section-full_width elementor-section-height-default elementor-section-height-default\" data-id=\"5dd2984e\" data-element_type=\"section\" data-settings=\"{&quot;background_background&quot;:&quot;classic&quot;}\">\n\t\t\t\t\t\t<div class=\"elementor-container elementor-column-gap-default\">\n\t\t\t\t\t\t\t<div class=\"elementor-row\">\n\t\t\t\t\t<div class=\"elementor-column elementor-col-100 elementor-top-column elementor-element elementor-element-1e85304e\" data-id=\"1e85304e\" data-element_type=\"column\" data-settings=\"{&quot;background_background&quot;:&quot;classic&quot;}\">\n\t\t\t<div class=\"elementor-column-wrap elementor-element-populated\">\n\t\t\t\t\t\t\t<div class=\"elementor-widget-wrap\">\n\t\t\t\t\t\t<div class=\"elementor-element elementor-element-796b7015 elementor-widget elementor-widget-heading\" data-id=\"796b7015\" data-element_type=\"widget\" data-widget_type=\"heading.default\">\n\t\t\t\t<div class=\"elementor-widget-container\">\n\t\t\t<h1 class=\"elementor-heading-title elementor-size-default\">Utilisation du logiciel Coelix pour l'observation d'une com\u00e8te (suite)<\/h1>\t\t<\/div>\n\t\t\t\t<\/div>\n\t\t\t\t<div class=\"elementor-element elementor-element-5097299e elementor-widget elementor-widget-heading\" data-id=\"5097299e\" data-element_type=\"widget\" data-widget_type=\"heading.default\">\n\t\t\t\t<div class=\"elementor-widget-container\">\n\t\t\t<h2 class=\"elementor-heading-title elementor-size-default\">Simuler le d\u00e9placement de la com\u00e8te avec l'h\u00e9misph\u00e8re c\u00e9leste (suite) :<\/h2>\t\t<\/div>\n\t\t\t\t<\/div>\n\t\t\t\t<div class=\"elementor-element elementor-element-469c961c elementor-widget elementor-widget-text-editor\" data-id=\"469c961c\" data-element_type=\"widget\" data-widget_type=\"text-editor.default\">\n\t\t\t\t<div class=\"elementor-widget-container\">\n\t\t\t\t\t\t\t\t<div class=\"elementor-text-editor elementor-clearfix\">\n\t\t\t\t<p>maintenant, on peut utiliser les boutons d&rsquo;animation de la carte et faire ainsi d\u00e9filer les heures et les jours pour observer le d\u00e9placement de la com\u00e8te au fil du temps. On peut constater ainsi que C\/2011 L4 se d\u00e9place petit \u00e0 petit en direction du Nord, que vers le milieu du mois de Mars elle va se coucher le soir \u00e0 l&rsquo;ouest pour se relever \u00e0 l&rsquo;est le jour suivant, mais qu&rsquo;\u00e0 partir du 7 avril elle ne se couche plus et peut donc \u00eatre visible toute la journ\u00e9e (en th\u00e9orie car cela d\u00e9pendra beaucoup de sa magnitude !).<\/p><p>Beaucoup de param\u00e8tres de la carte sont modifiables, on peut par exemple choisir d&rsquo;agrandir plus ou moins sa taille \u00e0 l&rsquo;aide de l&rsquo;ic\u00f4ne loupe &lt;<img decoding=\"async\" src=\"http:\/\/www.arnaudom.fr\/Img\/coelix015.png\" alt=\"Coelix\" \/>, et il est possible de choisir le point cardinal \u00e0 afficher en bas de la carte. Par d\u00e9faut, c&rsquo;est le sud qui s&rsquo;y trouve, mais on peut modifier cela en cliquant sur l&rsquo;ic\u00f4ne suivante :<img decoding=\"async\" src=\"http:\/\/www.arnaudom.fr\/Img\/coelix016.png\" alt=\"Coelix\" \/>.<br \/>Ensuite on clique sur le point cardinal voulu.<\/p><p>Dans le cas de cette com\u00e8te, en mettant l&rsquo;ouest en bas de la carte puis en se positionnant \u00e0 la date du 13 Mars au soir, on obtient l&rsquo;image suivante<\/p>\t\t\t\t\t<\/div>\n\t\t\t\t\t\t<\/div>\n\t\t\t\t<\/div>\n\t\t\t\t<div class=\"elementor-element elementor-element-a8b5d13 elementor-widget elementor-widget-image\" data-id=\"a8b5d13\" data-element_type=\"widget\" data-widget_type=\"image.default\">\n\t\t\t\t<div class=\"elementor-widget-container\">\n\t\t\t\t\t\t\t\t<div class=\"elementor-image\">\n\t\t\t\t\t\t\t\t\t\t\t\t<img loading=\"lazy\" decoding=\"async\" width=\"640\" height=\"496\" src=\"https:\/\/www.arnaudom.fr\/wordpress\/wp-content\/uploads\/2019\/08\/panstarrs.jpg\" class=\"attachment-large size-large wp-image-2889\" alt=\"\" srcset=\"https:\/\/www.arnaudom.fr\/wordpress\/wp-content\/uploads\/2019\/08\/panstarrs.jpg 640w, https:\/\/www.arnaudom.fr\/wordpress\/wp-content\/uploads\/2019\/08\/panstarrs-300x233.jpg 300w\" sizes=\"auto, (max-width: 640px) 100vw, 640px\" \/>\t\t\t\t\t\t\t\t\t\t\t\t\t\t<\/div>\n\t\t\t\t\t\t<\/div>\n\t\t\t\t<\/div>\n\t\t\t\t<div class=\"elementor-element elementor-element-5e768be elementor-widget elementor-widget-text-editor\" data-id=\"5e768be\" data-element_type=\"widget\" data-widget_type=\"text-editor.default\">\n\t\t\t\t<div class=\"elementor-widget-container\">\n\t\t\t\t\t\t\t\t<div class=\"elementor-text-editor elementor-clearfix\">\n\t\t\t\t<p>Donc le soir du 13 Mars 2013, notre com\u00e8te C\/2011 L4 se trouvera pr\u00e8s de l&rsquo;horizon Ouest, apr\u00e8s le coucher du Soleil, au dessus de l&rsquo;horizon mais en dessous de la Lune (accessoirement on constate aussi la pr\u00e9sence d&rsquo;Uranus et de Mars non loin d&rsquo;elle, mais ces deux plan\u00e8tes seront cependant pratiquement inobservables&#8230;).<\/p><p>En r\u00e9sum\u00e9, Coelix nous offre donc l\u00e0 un magnifique outil de simulation pour observer les com\u00e8tes !<\/p>\t\t\t\t\t<\/div>\n\t\t\t\t\t\t<\/div>\n\t\t\t\t<\/div>\n\t\t\t\t<div class=\"elementor-element elementor-element-7d223b2 elementor-widget elementor-widget-heading\" data-id=\"7d223b2\" data-element_type=\"widget\" data-widget_type=\"heading.default\">\n\t\t\t\t<div class=\"elementor-widget-container\">\n\t\t\t<h2 class=\"elementor-heading-title elementor-size-default\">Autres fonctions du logiciel pour l'\u00e9tude de la com\u00e8te :<\/h2>\t\t<\/div>\n\t\t\t\t<\/div>\n\t\t\t\t<div class=\"elementor-element elementor-element-b540e47 elementor-widget elementor-widget-text-editor\" data-id=\"b540e47\" data-element_type=\"widget\" data-widget_type=\"text-editor.default\">\n\t\t\t\t<div class=\"elementor-widget-container\">\n\t\t\t\t\t\t\t\t<div class=\"elementor-text-editor elementor-clearfix\">\n\t\t\t\t<p>et bien non, Coelix n&rsquo;en a pas encore tout \u00e0 fait termin\u00e9 ! Pour les sp\u00e9cialistes (ou simplement les curieux&#8230;) de m\u00e9canique c\u00e9leste, on peut encore aller plus loin dans l&rsquo;\u00e9tude du d\u00e9placement des com\u00e8tes.<\/p><p>On peut retourner sur notre page de recherche de la com\u00e8te, et cliquer sur Afficher les \u00e9ph\u00e9m\u00e9rides :<\/p>\t\t\t\t\t<\/div>\n\t\t\t\t\t\t<\/div>\n\t\t\t\t<\/div>\n\t\t\t\t<div class=\"elementor-element elementor-element-613df68 elementor-widget elementor-widget-image\" data-id=\"613df68\" data-element_type=\"widget\" data-widget_type=\"image.default\">\n\t\t\t\t<div class=\"elementor-widget-container\">\n\t\t\t\t\t\t\t\t<div class=\"elementor-image\">\n\t\t\t\t\t\t\t\t\t\t\t\t<img loading=\"lazy\" decoding=\"async\" width=\"399\" height=\"502\" src=\"https:\/\/www.arnaudom.fr\/wordpress\/wp-content\/uploads\/2019\/08\/coelix005.png\" class=\"attachment-large size-large wp-image-2864\" alt=\"\" srcset=\"https:\/\/www.arnaudom.fr\/wordpress\/wp-content\/uploads\/2019\/08\/coelix005.png 399w, https:\/\/www.arnaudom.fr\/wordpress\/wp-content\/uploads\/2019\/08\/coelix005-238x300.png 238w\" sizes=\"auto, (max-width: 399px) 100vw, 399px\" \/>\t\t\t\t\t\t\t\t\t\t\t\t\t\t<\/div>\n\t\t\t\t\t\t<\/div>\n\t\t\t\t<\/div>\n\t\t\t\t<div class=\"elementor-element elementor-element-91d336e elementor-widget elementor-widget-text-editor\" data-id=\"91d336e\" data-element_type=\"widget\" data-widget_type=\"text-editor.default\">\n\t\t\t\t<div class=\"elementor-widget-container\">\n\t\t\t\t\t\t\t\t<div class=\"elementor-text-editor elementor-clearfix\">\n\t\t\t\t<p>Apr\u00e8s avoir choisi le nombre de ligne \u00e0 afficher, on obtient un tableau avec, pour chaque date, des donn\u00e9es pr\u00e9cises sur la com\u00e8te :<\/p>\t\t\t\t\t<\/div>\n\t\t\t\t\t\t<\/div>\n\t\t\t\t<\/div>\n\t\t\t\t<div class=\"elementor-element elementor-element-bb275f7 elementor-widget elementor-widget-image\" data-id=\"bb275f7\" data-element_type=\"widget\" data-widget_type=\"image.default\">\n\t\t\t\t<div class=\"elementor-widget-container\">\n\t\t\t\t\t\t\t\t<div class=\"elementor-image\">\n\t\t\t\t\t\t\t\t\t\t\t\t<img loading=\"lazy\" decoding=\"async\" width=\"700\" height=\"183\" src=\"https:\/\/www.arnaudom.fr\/wordpress\/wp-content\/uploads\/2019\/08\/coelix017.png\" class=\"attachment-large size-large wp-image-2876\" alt=\"\" srcset=\"https:\/\/www.arnaudom.fr\/wordpress\/wp-content\/uploads\/2019\/08\/coelix017.png 700w, https:\/\/www.arnaudom.fr\/wordpress\/wp-content\/uploads\/2019\/08\/coelix017-300x78.png 300w\" sizes=\"auto, (max-width: 700px) 100vw, 700px\" \/>\t\t\t\t\t\t\t\t\t\t\t\t\t\t<\/div>\n\t\t\t\t\t\t<\/div>\n\t\t\t\t<\/div>\n\t\t\t\t<div class=\"elementor-element elementor-element-f49a834 elementor-widget elementor-widget-text-editor\" data-id=\"f49a834\" data-element_type=\"widget\" data-widget_type=\"text-editor.default\">\n\t\t\t\t<div class=\"elementor-widget-container\">\n\t\t\t\t\t\t\t\t<div class=\"elementor-text-editor elementor-clearfix\">\n\t\t\t\t<p>on trouve par exemple ses coordonn\u00e9es \u00e9quatoriales, sa distance par rapport \u00e0 la Terre et au Soleil, sa magnitude, sa hauteur, ses heures de lever et de coucher etc &#8230;<\/p><p>Enfin on peut cliquer dans les cases du tableau contenant des heures, pour faire appara\u00eetre une fen\u00eatre qui nous propose une vue du ph\u00e9nom\u00e8me :<\/p>\t\t\t\t\t<\/div>\n\t\t\t\t\t\t<\/div>\n\t\t\t\t<\/div>\n\t\t\t\t<div class=\"elementor-element elementor-element-8cdfd43 elementor-widget elementor-widget-image\" data-id=\"8cdfd43\" data-element_type=\"widget\" data-widget_type=\"image.default\">\n\t\t\t\t<div class=\"elementor-widget-container\">\n\t\t\t\t\t\t\t\t<div class=\"elementor-image\">\n\t\t\t\t\t\t\t\t\t\t\t\t<img loading=\"lazy\" decoding=\"async\" width=\"531\" height=\"281\" src=\"https:\/\/www.arnaudom.fr\/wordpress\/wp-content\/uploads\/2019\/08\/coelix018.png\" class=\"attachment-large size-large wp-image-2877\" alt=\"\" srcset=\"https:\/\/www.arnaudom.fr\/wordpress\/wp-content\/uploads\/2019\/08\/coelix018.png 531w, https:\/\/www.arnaudom.fr\/wordpress\/wp-content\/uploads\/2019\/08\/coelix018-300x159.png 300w\" sizes=\"auto, (max-width: 531px) 100vw, 531px\" \/>\t\t\t\t\t\t\t\t\t\t\t\t\t\t<\/div>\n\t\t\t\t\t\t<\/div>\n\t\t\t\t<\/div>\n\t\t\t\t<div class=\"elementor-element elementor-element-f830901 elementor-widget elementor-widget-text-editor\" data-id=\"f830901\" data-element_type=\"widget\" data-widget_type=\"text-editor.default\">\n\t\t\t\t<div class=\"elementor-widget-container\">\n\t\t\t\t\t\t\t\t<div class=\"elementor-text-editor elementor-clearfix\">\n\t\t\t\t<p>On va cocher <strong><span class=\"gras\">Voir C\/2011 L4 Panstarrs sur son orbite<\/span><\/strong> puis sur <strong><span class=\"gras\">OK<\/span><\/strong>, et on obtient alors une vue en 3 dimensions de l&rsquo;orbite de la com\u00e8te par rapport au Soleil et \u00e0 la Terre.<\/p>\t\t\t\t\t<\/div>\n\t\t\t\t\t\t<\/div>\n\t\t\t\t<\/div>\n\t\t\t\t<div class=\"elementor-element elementor-element-0c101f3 elementor-widget elementor-widget-image\" data-id=\"0c101f3\" data-element_type=\"widget\" data-widget_type=\"image.default\">\n\t\t\t\t<div class=\"elementor-widget-container\">\n\t\t\t\t\t\t\t\t<div class=\"elementor-image\">\n\t\t\t\t\t\t\t\t\t\t\t\t<img loading=\"lazy\" decoding=\"async\" width=\"700\" height=\"432\" src=\"https:\/\/www.arnaudom.fr\/wordpress\/wp-content\/uploads\/2019\/08\/coelix019.png\" class=\"attachment-large size-large wp-image-2878\" alt=\"\" srcset=\"https:\/\/www.arnaudom.fr\/wordpress\/wp-content\/uploads\/2019\/08\/coelix019.png 700w, https:\/\/www.arnaudom.fr\/wordpress\/wp-content\/uploads\/2019\/08\/coelix019-300x185.png 300w\" sizes=\"auto, (max-width: 700px) 100vw, 700px\" \/>\t\t\t\t\t\t\t\t\t\t\t\t\t\t<\/div>\n\t\t\t\t\t\t<\/div>\n\t\t\t\t<\/div>\n\t\t\t\t<div class=\"elementor-element elementor-element-6bbcee3 elementor-widget elementor-widget-text-editor\" data-id=\"6bbcee3\" data-element_type=\"widget\" data-widget_type=\"text-editor.default\">\n\t\t\t\t<div class=\"elementor-widget-container\">\n\t\t\t\t\t\t\t\t<div class=\"elementor-text-editor elementor-clearfix\">\n\t\t\t\t<p>Cette vue en 3D peut, comme la carte c\u00e9leste, \u00eatre anim\u00e9e avec les boutons d&rsquo;animation. On peut en modifier l&rsquo;affichage \u00e0 l&rsquo;aide des trois boutons suivants : <img decoding=\"async\" src=\"http:\/\/www.arnaudom.fr\/Img\/coelix020.png\" alt=\"Coelix\" \/><\/p><p>&#8211; le premier permet de changer l&rsquo;orientation de la vue<br \/>&#8211; le second affiche plusieurs positions simultan\u00e9es de la com\u00e8te<br \/>&#8211; enfin le dernier affiche la position de l&rsquo;astre \u00e0 son p\u00e9rih\u00e9lie, c&rsquo;est-\u00e0-dire au moment o\u00f9 elle se trouve au plus pr\u00e8s du Soleil.<\/p><p>Comme on le voit, si on le souhaite on peut faire une \u00e9tude tr\u00e8s pr\u00e9cise du d\u00e9placement de notre com\u00e8te avec Coelix.<\/p><p>Enfin si votre int\u00e9r\u00eat pour les com\u00e8tes vous poussent \u00e0 en savoir encore plus, cliquer dans <strong><span class=\"gras\">Syst\u00e8me Solaire<\/span><\/strong> puis, dans la cat\u00e9gorie <strong><span class=\"gras\">Les com\u00e8tes et les ast\u00e9ro\u00efdes<\/span><\/strong>, sur le bouton <img decoding=\"async\" src=\"http:\/\/www.arnaudom.fr\/Img\/coelix021.png\" alt=\"Coelix\" \/>.<\/p><p>Vous pouvez alors vous lancer dans l&rsquo;\u00e9tude de toutes les com\u00e8tes contenues dans la banque de donn\u00e9es de Coelix&#8230; bon courage !<\/p>\t\t\t\t\t<\/div>\n\t\t\t\t\t\t<\/div>\n\t\t\t\t<\/div>\n\t\t\t\t<div class=\"elementor-element elementor-element-2c6d4ec elementor-align-center elementor-widget elementor-widget-button\" data-id=\"2c6d4ec\" data-element_type=\"widget\" data-widget_type=\"button.default\">\n\t\t\t\t<div class=\"elementor-widget-container\">\n\t\t\t\t\t<div class=\"elementor-button-wrapper\">\n\t\t\t<a href=\"http:\/\/www.arnaudom.fr\/wordpress\/comete\/\" class=\"elementor-button-link elementor-button elementor-size-sm\" role=\"button\">\n\t\t\t\t\t\t<span class=\"elementor-button-content-wrapper\">\n\t\t\t\t\t\t\t<span class=\"elementor-button-icon elementor-align-icon-left\">\n\t\t\t\t\t\t\t\t\t<i class=\"fa fa-arrow-left\" aria-hidden=\"true\"><\/i>\n\t\t\t\t\t\t\t<\/span>\n\t\t\t\t\t\t<span class=\"elementor-button-text\">...Retour au d\u00e9but de l'article<\/span>\n\t\t<\/span>\n\t\t\t\t\t<\/a>\n\t\t<\/div>\n\t\t\t\t<\/div>\n\t\t\t\t<\/div>\n\t\t\t\t\t\t<\/div>\n\t\t\t\t\t<\/div>\n\t\t<\/div>\n\t\t\t\t\t\t\t\t<\/div>\n\t\t\t\t\t<\/div>\n\t\t<\/section>\n\t\t\t\t\t\t\t\t\t<\/div>\n\t\t\t<\/div>\n\t\t\t\t\t<\/div>\n\t\t","protected":false},"excerpt":{"rendered":"<p>Utilisation du logiciel Coelix pour l&rsquo;observation d&rsquo;une com\u00e8te (suite) Simuler le d\u00e9placement de la com\u00e8te avec l&rsquo;h\u00e9misph\u00e8re c\u00e9leste (suite) : maintenant, on peut utiliser les boutons d&rsquo;animation de la carte et faire ainsi d\u00e9filer les heures et les jours pour observer le d\u00e9placement de la com\u00e8te au fil du temps. On peut constater ainsi que &hellip;<\/p>\n<p class=\"read-more\"> <a class=\"\" href=\"https:\/\/www.arnaudom.fr\/wordpress\/cometesuite\/\"> <span class=\"screen-reader-text\">cometesuite<\/span> Lire la suite\u00a0\u00bb<\/a><\/p>\n","protected":false},"author":1,"featured_media":0,"parent":0,"menu_order":0,"comment_status":"closed","ping_status":"closed","template":"","meta":{"site-sidebar-layout":"default","site-content-layout":"default","ast-site-content-layout":"","site-content-style":"default","site-sidebar-style":"default","ast-global-header-display":"","ast-banner-title-visibility":"","ast-main-header-display":"","ast-hfb-above-header-display":"","ast-hfb-below-header-display":"","ast-hfb-mobile-header-display":"","site-post-title":"disabled","ast-breadcrumbs-content":"","ast-featured-img":"","footer-sml-layout":"","theme-transparent-header-meta":"default","adv-header-id-meta":"","stick-header-meta":"","header-above-stick-meta":"","header-main-stick-meta":"","header-below-stick-meta":"","astra-migrate-meta-layouts":"","ast-page-background-enabled":"default","ast-page-background-meta":{"desktop":{"background-color":"","background-image":"","background-repeat":"repeat","background-position":"center center","background-size":"auto","background-attachment":"scroll","background-type":"","background-media":"","overlay-type":"","overlay-color":"","overlay-gradient":""},"tablet":{"background-color":"","background-image":"","background-repeat":"repeat","background-position":"center center","background-size":"auto","background-attachment":"scroll","background-type":"","background-media":"","overlay-type":"","overlay-color":"","overlay-gradient":""},"mobile":{"background-color":"","background-image":"","background-repeat":"repeat","background-position":"center center","background-size":"auto","background-attachment":"scroll","background-type":"","background-media":"","overlay-type":"","overlay-color":"","overlay-gradient":""}},"ast-content-background-meta":{"desktop":{"background-color":"var(--ast-global-color-5)","background-image":"","background-repeat":"repeat","background-position":"center center","background-size":"auto","background-attachment":"scroll","background-type":"","background-media":"","overlay-type":"","overlay-color":"","overlay-gradient":""},"tablet":{"background-color":"var(--ast-global-color-5)","background-image":"","background-repeat":"repeat","background-position":"center center","background-size":"auto","background-attachment":"scroll","background-type":"","background-media":"","overlay-type":"","overlay-color":"","overlay-gradient":""},"mobile":{"background-color":"var(--ast-global-color-5)","background-image":"","background-repeat":"repeat","background-position":"center center","background-size":"auto","background-attachment":"scroll","background-type":"","background-media":"","overlay-type":"","overlay-color":"","overlay-gradient":""}},"footnotes":""},"class_list":["post-2887","page","type-page","status-publish","hentry"],"_links":{"self":[{"href":"https:\/\/www.arnaudom.fr\/wordpress\/wp-json\/wp\/v2\/pages\/2887","targetHints":{"allow":["GET"]}}],"collection":[{"href":"https:\/\/www.arnaudom.fr\/wordpress\/wp-json\/wp\/v2\/pages"}],"about":[{"href":"https:\/\/www.arnaudom.fr\/wordpress\/wp-json\/wp\/v2\/types\/page"}],"author":[{"embeddable":true,"href":"https:\/\/www.arnaudom.fr\/wordpress\/wp-json\/wp\/v2\/users\/1"}],"replies":[{"embeddable":true,"href":"https:\/\/www.arnaudom.fr\/wordpress\/wp-json\/wp\/v2\/comments?post=2887"}],"version-history":[{"count":7,"href":"https:\/\/www.arnaudom.fr\/wordpress\/wp-json\/wp\/v2\/pages\/2887\/revisions"}],"predecessor-version":[{"id":4916,"href":"https:\/\/www.arnaudom.fr\/wordpress\/wp-json\/wp\/v2\/pages\/2887\/revisions\/4916"}],"wp:attachment":[{"href":"https:\/\/www.arnaudom.fr\/wordpress\/wp-json\/wp\/v2\/media?parent=2887"}],"curies":[{"name":"wp","href":"https:\/\/api.w.org\/{rel}","templated":true}]}}