{"id":2795,"date":"2019-08-10T18:22:06","date_gmt":"2019-08-10T16:22:06","guid":{"rendered":"http:\/\/www.arnaudom.fr\/wordpress\/?page_id=2795"},"modified":"2021-02-15T01:02:30","modified_gmt":"2021-02-15T00:02:30","slug":"observations","status":"publish","type":"page","link":"https:\/\/www.arnaudom.fr\/wordpress\/observations\/","title":{"rendered":"observations"},"content":{"rendered":"\t\t<div data-elementor-type=\"wp-post\" data-elementor-id=\"2795\" class=\"elementor elementor-2795\">\n\t\t\t\t\t\t<div class=\"elementor-inner\">\n\t\t\t\t<div class=\"elementor-section-wrap\">\n\t\t\t\t\t\t\t\t\t<section class=\"elementor-section elementor-top-section elementor-element elementor-element-3b5cb111 elementor-section-full_width elementor-section-height-default elementor-section-height-default\" data-id=\"3b5cb111\" data-element_type=\"section\" data-settings=\"{&quot;background_background&quot;:&quot;classic&quot;}\">\n\t\t\t\t\t\t\t<div class=\"elementor-background-overlay\"><\/div>\n\t\t\t\t\t\t\t<div class=\"elementor-container elementor-column-gap-default\">\n\t\t\t\t\t\t\t<div class=\"elementor-row\">\n\t\t\t\t\t<div class=\"elementor-column elementor-col-100 elementor-top-column elementor-element elementor-element-36085eb7\" data-id=\"36085eb7\" data-element_type=\"column\" data-settings=\"{&quot;background_background&quot;:&quot;classic&quot;}\">\n\t\t\t<div class=\"elementor-column-wrap elementor-element-populated\">\n\t\t\t\t\t\t\t<div class=\"elementor-widget-wrap\">\n\t\t\t\t\t\t<div class=\"elementor-element elementor-element-2feebf5 elementor-widget elementor-widget-heading\" data-id=\"2feebf5\" data-element_type=\"widget\" data-widget_type=\"heading.default\">\n\t\t\t\t<div class=\"elementor-widget-container\">\n\t\t\t<h1 class=\"elementor-heading-title elementor-size-default\">Pr\u00e9parer ses observations<\/h1>\t\t<\/div>\n\t\t\t\t<\/div>\n\t\t\t\t<div class=\"elementor-element elementor-element-e7bf097 elementor-widget elementor-widget-text-editor\" data-id=\"e7bf097\" data-element_type=\"widget\" data-widget_type=\"text-editor.default\">\n\t\t\t\t<div class=\"elementor-widget-container\">\n\t\t\t\t\t\t\t\t<div class=\"elementor-text-editor elementor-clearfix\">\n\t\t\t\t<p>Sortir son t\u00e9l\u00e9scope et se promener au hasard parmi les \u00e9toiles peut \u00eatre int\u00e9ressant, mais quand on d\u00e9bute et qu&rsquo;on ne conna\u00eet pas les principaux objets visibles au moment o\u00f9 l&rsquo;on observe, cela peut vite se r\u00e9v\u00e9ler frustrant et d\u00e9courageant. C&rsquo;est pourquoi il est recommand\u00e9 de pr\u00e9voir une petite liste d&rsquo;objets \u00e0 observer, ce qui ne demande pas forc\u00e9ment \u00e9norm\u00e9ment de temps. Une liste d&rsquo;une dizaine d&rsquo;objets (surtout si on ne les a jamais observ\u00e9s, ce qui va obliger \u00e0 passer un peu de temps \u00e0 leur recherche) suffit d\u00e9j\u00e0 \u00e0 remplir une soir\u00e9e.<\/p><p><b>Premi\u00e8re question : quelles sont les plan\u00e8tes visibles ?<\/b><\/p><p>C&rsquo;est en effet la premi\u00e8re question \u00e0 se poser. Les plan\u00e8tes ne sont pas toutes visibles \u00e0 n&rsquo;importe quel jour de l&rsquo;ann\u00e9e, il faut donc savoir lesquelles sont pr\u00e9sentes, d&rsquo;autre part elles peuvent \u00eatre visibles plut\u00f4t le matin, plut\u00f4t le soir, en d\u00e9but ou en fin de soir\u00e9e (voir les \u00e9ph\u00e9m\u00e9rides de la rubrique <a href=\"http:\/\/www.arnaudom.fr\/wordpress\/solaire\">Le ciel du mois<\/a> pour savoir lesquelles sont visibles).<\/p><p>Si une plan\u00e8te est visible \u00ab\u00a0en soir\u00e9e\u00a0\u00bb ou \u00ab\u00a0en d\u00e9but de nuit\u00a0\u00bb, cela veut dire qu&rsquo;elle sera pr\u00e9sente d\u00e9s la tomb\u00e9e de la nuit mais aussi qu&rsquo;elle sera relativement basse, et donc qu&rsquo;elle va se coucher plus ou moins rapidement une fois la nuit venue. Il faut donc pr\u00e9voir de l&rsquo;observer en d\u00e9but de s\u00e9ance. Inversement, une plan\u00e8te visible \u00ab\u00a0en deuxi\u00e8me partie de nuit\u00a0\u00bb ne le sera pas imm\u00e9diatement, mais va se lever en milieu de nuit, il faudra donc pr\u00e9voir de l&rsquo;observer un peu plus tard.<\/p><p>Les plan\u00e8tes dont l&rsquo;observation pr\u00e9sente un int\u00e9r\u00eat sont Jupiter, Saturne, V\u00e9nus et Mars. Elles sont facilement visibles \u00e0 l&rsquo;oeil nu, c&rsquo;est pourquoi leur rep\u00e9rage ne devrait pas poser trop de probl\u00e8me (savez-vous reconna\u00eetre une plan\u00e8te d&rsquo;une \u00e9toile \u00e0 l&rsquo;oeil nu ? Une \u00e9toile scintille tandis qu&rsquo;une plan\u00e8te brille d&rsquo;un \u00e9clat fixe).<\/p><p class=\"gras\"><b>Deuxi\u00e8me question : la Lune est-elle pr\u00e9sente ?<\/b><\/p><p>Si la Lune est pr\u00e9sente, et bien voil\u00e0 un objet de plus \u00e0 observer ! Personnellement, depuis que j&rsquo;ai point\u00e9 mon t\u00e9l\u00e9scope sur la Lune, j&rsquo;avoue ne jamais me lasser de son observation (sauf en cas de Pleine Lune, seul jour o\u00f9 l&rsquo;observation de notre satellite ne pr\u00e9sente aucun int\u00e9r\u00eat).<\/p><p>Cependant, la pr\u00e9sence de la Lune rend le ciel lumineux et peut rendre d\u00e9licat l&rsquo;observation des objets du ciel profond. En particulier, entre le Premier Quartier lunaire et la Pleine Lune, il est pratiquement impossible de faire du ciel profond. Dans ce cas-l\u00e0, votre liste d&rsquo;objets observables va se r\u00e9duire aux plan\u00e8tes et \u00e0 la Lune, \u00e0 moins que vous ne choisissiez d&rsquo;observer des \u00e9toiles doubles, objets qui ne demandent pas la pr\u00e9sence d&rsquo;un ciel sp\u00e9cialement noir (les jours suivants la Pleine Lune, celle-ci se l\u00e8ve de plus en plus tard dans la nuit, donc on a le temps d&rsquo;observer durant la premi\u00e8re partie de la nuit).<\/p><p>Si la Lune est absente, ou peu g\u00eanante, on va pouvoir compl\u00e9ter notre liste \u00e0 l&rsquo;aide d&rsquo;objets du ciel profond.<\/p><p class=\"gras\"><strong>Troisi\u00e8me question : si la Lune est absente, ou peu g\u00eanante, quelles sont les constellations observables ?<\/strong><\/p><p>Il s&rsquo;agit maintenant de regarder une carte du ciel afin de v\u00e9rifier quelles sont les constellations pr\u00e9sentes selon la p\u00e9riode de l&rsquo;ann\u00e9e choisie. De m\u00eame que les plan\u00e8tes, les constellations se l\u00e8vent \u00e0 l&rsquo;est et se couchent \u00e0 l&rsquo;ouest (en tr\u00e8s gros&#8230;), c&rsquo;est pourquoi \u00e9videmment il faut pr\u00e9voir d&rsquo;observer les constellations en commen\u00e7ant par celles qui sont \u00e0 l&rsquo;ouest pour finir par celles qui sont \u00e0 l&rsquo;est.<\/p><p>En g\u00e9n\u00e9ral, je choisis une constellation que je veux observer en d\u00e9tail, en pr\u00e9parant une petite liste d&rsquo;objets qui y sont rattach\u00e9s, une carte de la constellation en question et \u00e9ventuellement quelques notes pour m&rsquo;aider \u00e0 rep\u00e9rer certains objets, en particulier ceux que je n&rsquo;ai jamais vus.<\/p><p>Quand on d\u00e9bute, on peut aussi choisir d&rsquo;observer les objets les plus faciles correspondants \u00e0 la saison (vous pouvez vous inspirer des \u00ab\u00a0Best-of\u00a0\u00bb, dans les rubriques observations par exemple&#8230;). Ce sont en g\u00e9n\u00e9ral des objets du catalogue Messier, d\u00e9sign\u00e9s par la lettre M (M31, M42 etc&#8230;), qui sont les objets les plus faciles \u00e0 voir (il y a cependant des exceptions !). Le second catalogue le plus connu apr\u00e8s celui de Messier est le catalogue NGC, qui regroupe \u00e9galement certains objets tr\u00e8s faciles \u00e0 voir (plusieurs sont plus visibles que certains Messier !).<\/p><p>Voil\u00e0, j&rsquo;esp\u00e8re que cette page vous aidera \u00e0 pr\u00e9parer de mani\u00e8re efficace vos observations. Il est inutile d&rsquo;\u00eatre trop ambitieux quand on d\u00e9bute, pr\u00e9voir une liste d&rsquo;une dizaine d&rsquo;objets du ciel profond ainsi qu&rsquo;une ou deux plan\u00e8tes permet d\u00e9j\u00e0 d&rsquo;obtenir une soir\u00e9e d&rsquo;astronomie bien remplie.<\/p><p class=\"centre gras\" style=\"text-align: center;\"><strong>Je vous souhaite de bonnes observations !<\/strong><\/p>\t\t\t\t\t<\/div>\n\t\t\t\t\t\t<\/div>\n\t\t\t\t<\/div>\n\t\t\t\t\t\t<\/div>\n\t\t\t\t\t<\/div>\n\t\t<\/div>\n\t\t\t\t\t\t\t\t<\/div>\n\t\t\t\t\t<\/div>\n\t\t<\/section>\n\t\t\t\t\t\t\t\t\t<\/div>\n\t\t\t<\/div>\n\t\t\t\t\t<\/div>\n\t\t","protected":false},"excerpt":{"rendered":"<p>Pr\u00e9parer ses observations Sortir son t\u00e9l\u00e9scope et se promener au hasard parmi les \u00e9toiles peut \u00eatre int\u00e9ressant, mais quand on d\u00e9bute et qu&rsquo;on ne conna\u00eet pas les principaux objets visibles au moment o\u00f9 l&rsquo;on observe, cela peut vite se r\u00e9v\u00e9ler frustrant et d\u00e9courageant. C&rsquo;est pourquoi il est recommand\u00e9 de pr\u00e9voir une petite liste d&rsquo;objets \u00e0 &hellip;<\/p>\n<p class=\"read-more\"> <a class=\"\" href=\"https:\/\/www.arnaudom.fr\/wordpress\/observations\/\"> <span class=\"screen-reader-text\">observations<\/span> Lire la suite\u00a0\u00bb<\/a><\/p>\n","protected":false},"author":1,"featured_media":0,"parent":0,"menu_order":0,"comment_status":"closed","ping_status":"closed","template":"","meta":{"site-sidebar-layout":"default","site-content-layout":"default","ast-site-content-layout":"","site-content-style":"default","site-sidebar-style":"default","ast-global-header-display":"","ast-banner-title-visibility":"","ast-main-header-display":"","ast-hfb-above-header-display":"","ast-hfb-below-header-display":"","ast-hfb-mobile-header-display":"","site-post-title":"disabled","ast-breadcrumbs-content":"","ast-featured-img":"","footer-sml-layout":"","theme-transparent-header-meta":"default","adv-header-id-meta":"","stick-header-meta":"","header-above-stick-meta":"","header-main-stick-meta":"","header-below-stick-meta":"","astra-migrate-meta-layouts":"","ast-page-background-enabled":"default","ast-page-background-meta":{"desktop":{"background-color":"","background-image":"","background-repeat":"repeat","background-position":"center center","background-size":"auto","background-attachment":"scroll","background-type":"","background-media":"","overlay-type":"","overlay-color":"","overlay-gradient":""},"tablet":{"background-color":"","background-image":"","background-repeat":"repeat","background-position":"center center","background-size":"auto","background-attachment":"scroll","background-type":"","background-media":"","overlay-type":"","overlay-color":"","overlay-gradient":""},"mobile":{"background-color":"","background-image":"","background-repeat":"repeat","background-position":"center center","background-size":"auto","background-attachment":"scroll","background-type":"","background-media":"","overlay-type":"","overlay-color":"","overlay-gradient":""}},"ast-content-background-meta":{"desktop":{"background-color":"var(--ast-global-color-5)","background-image":"","background-repeat":"repeat","background-position":"center center","background-size":"auto","background-attachment":"scroll","background-type":"","background-media":"","overlay-type":"","overlay-color":"","overlay-gradient":""},"tablet":{"background-color":"var(--ast-global-color-5)","background-image":"","background-repeat":"repeat","background-position":"center center","background-size":"auto","background-attachment":"scroll","background-type":"","background-media":"","overlay-type":"","overlay-color":"","overlay-gradient":""},"mobile":{"background-color":"var(--ast-global-color-5)","background-image":"","background-repeat":"repeat","background-position":"center center","background-size":"auto","background-attachment":"scroll","background-type":"","background-media":"","overlay-type":"","overlay-color":"","overlay-gradient":""}},"footnotes":""},"class_list":["post-2795","page","type-page","status-publish","hentry"],"_links":{"self":[{"href":"https:\/\/www.arnaudom.fr\/wordpress\/wp-json\/wp\/v2\/pages\/2795","targetHints":{"allow":["GET"]}}],"collection":[{"href":"https:\/\/www.arnaudom.fr\/wordpress\/wp-json\/wp\/v2\/pages"}],"about":[{"href":"https:\/\/www.arnaudom.fr\/wordpress\/wp-json\/wp\/v2\/types\/page"}],"author":[{"embeddable":true,"href":"https:\/\/www.arnaudom.fr\/wordpress\/wp-json\/wp\/v2\/users\/1"}],"replies":[{"embeddable":true,"href":"https:\/\/www.arnaudom.fr\/wordpress\/wp-json\/wp\/v2\/comments?post=2795"}],"version-history":[{"count":11,"href":"https:\/\/www.arnaudom.fr\/wordpress\/wp-json\/wp\/v2\/pages\/2795\/revisions"}],"predecessor-version":[{"id":6699,"href":"https:\/\/www.arnaudom.fr\/wordpress\/wp-json\/wp\/v2\/pages\/2795\/revisions\/6699"}],"wp:attachment":[{"href":"https:\/\/www.arnaudom.fr\/wordpress\/wp-json\/wp\/v2\/media?parent=2795"}],"curies":[{"name":"wp","href":"https:\/\/api.w.org\/{rel}","templated":true}]}}