{"id":2747,"date":"2019-08-10T00:21:37","date_gmt":"2019-08-09T22:21:37","guid":{"rendered":"http:\/\/www.arnaudom.fr\/wordpress\/?page_id=2747"},"modified":"2020-08-06T09:27:47","modified_gmt":"2020-08-06T07:27:47","slug":"eqmodman","status":"publish","type":"page","link":"https:\/\/www.arnaudom.fr\/wordpress\/eqmodman\/","title":{"rendered":"eqmodman"},"content":{"rendered":"\t\t<div data-elementor-type=\"wp-post\" data-elementor-id=\"2747\" class=\"elementor elementor-2747\">\n\t\t\t\t\t\t<div class=\"elementor-inner\">\n\t\t\t\t<div class=\"elementor-section-wrap\">\n\t\t\t\t\t\t\t\t\t<section class=\"elementor-section elementor-top-section elementor-element elementor-element-72351b0e elementor-section-full_width elementor-section-height-default elementor-section-height-default\" data-id=\"72351b0e\" data-element_type=\"section\" data-settings=\"{&quot;background_background&quot;:&quot;classic&quot;}\">\n\t\t\t\t\t\t<div class=\"elementor-container elementor-column-gap-default\">\n\t\t\t\t\t\t\t<div class=\"elementor-row\">\n\t\t\t\t\t<div class=\"elementor-column elementor-col-100 elementor-top-column elementor-element elementor-element-54f739e7\" data-id=\"54f739e7\" data-element_type=\"column\" data-settings=\"{&quot;background_background&quot;:&quot;classic&quot;}\">\n\t\t\t<div class=\"elementor-column-wrap elementor-element-populated\">\n\t\t\t\t\t\t\t<div class=\"elementor-widget-wrap\">\n\t\t\t\t\t\t<div class=\"elementor-element elementor-element-118a97fa elementor-widget elementor-widget-heading\" data-id=\"118a97fa\" data-element_type=\"widget\" data-widget_type=\"heading.default\">\n\t\t\t\t<div class=\"elementor-widget-container\">\n\t\t\t<h1 class=\"elementor-heading-title elementor-size-default\">Utilisation d'une manette de jeu<\/h1>\t\t<\/div>\n\t\t\t\t<\/div>\n\t\t\t\t<div class=\"elementor-element elementor-element-6dd21a3 elementor-widget elementor-widget-text-editor\" data-id=\"6dd21a3\" data-element_type=\"widget\" data-widget_type=\"text-editor.default\">\n\t\t\t\t<div class=\"elementor-widget-container\">\n\t\t\t\t\t\t\t\t<div class=\"elementor-text-editor elementor-clearfix\">\n\t\t\t\t<p><em>Ecrit le 25\/07\/12.<\/em><\/p>\t\t\t\t\t<\/div>\n\t\t\t\t\t\t<\/div>\n\t\t\t\t<\/div>\n\t\t\t\t<div class=\"elementor-element elementor-element-1eccae7f elementor-widget elementor-widget-heading\" data-id=\"1eccae7f\" data-element_type=\"widget\" data-widget_type=\"heading.default\">\n\t\t\t\t<div class=\"elementor-widget-container\">\n\t\t\t<h2 class=\"elementor-heading-title elementor-size-default\">Utilisation basique :<\/h2>\t\t<\/div>\n\t\t\t\t<\/div>\n\t\t\t\t<div class=\"elementor-element elementor-element-50edf78a elementor-widget elementor-widget-text-editor\" data-id=\"50edf78a\" data-element_type=\"widget\" data-widget_type=\"text-editor.default\">\n\t\t\t\t<div class=\"elementor-widget-container\">\n\t\t\t\t\t\t\t\t<div class=\"elementor-text-editor elementor-clearfix\">\n\t\t\t\t<p>EQMOD permet donc de piloter une monture \u00e0 l&rsquo;aide d&rsquo;un PC et d&rsquo;un logiciel de plan\u00e9tarium, cependant il est tr\u00e8s peu commode d&rsquo;effectuer des d\u00e9placements fins de la monture en utilisant les touches <strong><span class=\"gras\">N,S,E<\/span><\/strong> et <strong><span class=\"gras\">O<\/span><\/strong> du logiciel, surtout quand il s&rsquo;agit de centrer un objet dans l&rsquo;oculaire : il faut alors effectuer des allers-retours entre l&rsquo;oculaire et le PC, ce qui est tr\u00e8s peu confortable et peut suffire \u00e0 d\u00e9courager tout utilisateur d&rsquo;EQMOD !<\/p><p>Heureusement il suffit d&rsquo;adjoindre au PC une manette de jeu qui va remplacer les touches de d\u00e9placement et la raquette de la monture. N&rsquo;importe quelle manette, install\u00e9e et branch\u00e9e sur un port USB, sera compatible avec EQMOD.<\/p><p>Si la manette ne fonctionne pas (ce qui arrive quand on a lanc\u00e9 EQMOD et branch\u00e9 la manette seulement apr\u00e8s, il vaut mieux la brancher avant de commencer), on peut d\u00e9ployer l&rsquo;interface d&rsquo;EQMOD \u00e0 l&rsquo;aide du bouton <strong><span class=\"gras\">setup<\/span><\/strong><\/p>\t\t\t\t\t<\/div>\n\t\t\t\t\t\t<\/div>\n\t\t\t\t<\/div>\n\t\t\t\t<div class=\"elementor-element elementor-element-6fd746c elementor-widget elementor-widget-image\" data-id=\"6fd746c\" data-element_type=\"widget\" data-widget_type=\"image.default\">\n\t\t\t\t<div class=\"elementor-widget-container\">\n\t\t\t\t\t\t\t\t<div class=\"elementor-image\">\n\t\t\t\t\t\t\t\t\t\t\t\t<img loading=\"lazy\" decoding=\"async\" width=\"272\" height=\"88\" src=\"https:\/\/www.arnaudom.fr\/wordpress\/wp-content\/uploads\/2019\/08\/eqmod19.jpg\" class=\"attachment-large size-large wp-image-2725\" alt=\"\" \/>\t\t\t\t\t\t\t\t\t\t\t\t\t\t<\/div>\n\t\t\t\t\t\t<\/div>\n\t\t\t\t<\/div>\n\t\t\t\t<div class=\"elementor-element elementor-element-7c5a013 elementor-widget elementor-widget-text-editor\" data-id=\"7c5a013\" data-element_type=\"widget\" data-widget_type=\"text-editor.default\">\n\t\t\t\t<div class=\"elementor-widget-container\">\n\t\t\t\t\t\t\t\t<div class=\"elementor-text-editor elementor-clearfix\">\n\t\t\t\t<p>et, dans la partie <strong><span class=\"gras\">Joystick<\/span><\/strong>, on clique sur le bouton <strong><span class=\"gras\">Initialiser<\/span><\/strong> ce qui permet normalement d&rsquo;activer la manette.<\/p>\t\t\t\t\t<\/div>\n\t\t\t\t\t\t<\/div>\n\t\t\t\t<\/div>\n\t\t\t\t<div class=\"elementor-element elementor-element-108bf9c elementor-widget elementor-widget-image\" data-id=\"108bf9c\" data-element_type=\"widget\" data-widget_type=\"image.default\">\n\t\t\t\t<div class=\"elementor-widget-container\">\n\t\t\t\t\t\t\t\t<div class=\"elementor-image\">\n\t\t\t\t\t\t\t\t\t\t\t\t<img loading=\"lazy\" decoding=\"async\" width=\"128\" height=\"72\" src=\"https:\/\/www.arnaudom.fr\/wordpress\/wp-content\/uploads\/2019\/08\/eqmod20.jpg\" class=\"attachment-large size-large wp-image-2726\" alt=\"\" \/>\t\t\t\t\t\t\t\t\t\t\t\t\t\t<\/div>\n\t\t\t\t\t\t<\/div>\n\t\t\t\t<\/div>\n\t\t\t\t<div class=\"elementor-element elementor-element-1583b21 elementor-widget elementor-widget-text-editor\" data-id=\"1583b21\" data-element_type=\"widget\" data-widget_type=\"text-editor.default\">\n\t\t\t\t<div class=\"elementor-widget-container\">\n\t\t\t\t\t\t\t\t<div class=\"elementor-text-editor elementor-clearfix\">\n\t\t\t\t<p>Les options par d\u00e9faut de la manette sont les suivantes :<br \/>&#8211; le joystick de gauche contr\u00f4le donc les d\u00e9placements <strong><span class=\"gras\">N,S, E<\/span><\/strong> et <strong><span class=\"gras\">O<\/span><\/strong> de la monture<br \/>&#8211; les boutons 5 et 6 permettent d&rsquo;augmenter les vitesses de d\u00e9placement respectivement en ascension droite et en d\u00e9clinaison<br \/>&#8211; inversement les boutons 7 et 8 permettent de diminuer ces vitesses<br \/>&#8211; le bouton 10 active le suivi sid\u00e9ral<br \/>&#8211; enfin le bouton 11 (en pressant sur le joystick) sert d&rsquo;arr\u00eat d&rsquo;urgence pour stopper le d\u00e9placement de la monture en cas de probl\u00e8me.<\/p>\t\t\t\t\t<\/div>\n\t\t\t\t\t\t<\/div>\n\t\t\t\t<\/div>\n\t\t\t\t<div class=\"elementor-element elementor-element-b5b2c06 elementor-widget elementor-widget-image\" data-id=\"b5b2c06\" data-element_type=\"widget\" data-widget_type=\"image.default\">\n\t\t\t\t<div class=\"elementor-widget-container\">\n\t\t\t\t\t\t\t\t<div class=\"elementor-image\">\n\t\t\t\t\t\t\t\t\t\t\t\t<img loading=\"lazy\" decoding=\"async\" width=\"300\" height=\"213\" src=\"https:\/\/www.arnaudom.fr\/wordpress\/wp-content\/uploads\/2019\/08\/joystick1.jpg\" class=\"attachment-large size-large wp-image-2749\" alt=\"\" \/>\t\t\t\t\t\t\t\t\t\t\t\t\t\t<\/div>\n\t\t\t\t\t\t<\/div>\n\t\t\t\t<\/div>\n\t\t\t\t<div class=\"elementor-element elementor-element-9440b22 elementor-widget elementor-widget-image\" data-id=\"9440b22\" data-element_type=\"widget\" data-widget_type=\"image.default\">\n\t\t\t\t<div class=\"elementor-widget-container\">\n\t\t\t\t\t\t\t\t<div class=\"elementor-image\">\n\t\t\t\t\t\t\t\t\t\t\t\t<img loading=\"lazy\" decoding=\"async\" width=\"300\" height=\"123\" src=\"https:\/\/www.arnaudom.fr\/wordpress\/wp-content\/uploads\/2019\/08\/joystick2.jpg\" class=\"attachment-large size-large wp-image-2750\" alt=\"\" \/>\t\t\t\t\t\t\t\t\t\t\t\t\t\t<\/div>\n\t\t\t\t\t\t<\/div>\n\t\t\t\t<\/div>\n\t\t\t\t<div class=\"elementor-element elementor-element-fe771ee elementor-widget elementor-widget-heading\" data-id=\"fe771ee\" data-element_type=\"widget\" data-widget_type=\"heading.default\">\n\t\t\t\t<div class=\"elementor-widget-container\">\n\t\t\t<h2 class=\"elementor-heading-title elementor-size-default\">Param\u00e9trage personnalis\u00e9 :<\/h2>\t\t<\/div>\n\t\t\t\t<\/div>\n\t\t\t\t<div class=\"elementor-element elementor-element-a734144 elementor-widget elementor-widget-text-editor\" data-id=\"a734144\" data-element_type=\"widget\" data-widget_type=\"text-editor.default\">\n\t\t\t\t<div class=\"elementor-widget-container\">\n\t\t\t\t\t\t\t\t<div class=\"elementor-text-editor elementor-clearfix\">\n\t\t\t\t<p>Ce qui est int\u00e9ressant, c&rsquo;est aussi qu&rsquo;on peut d\u00e9finir soi-m\u00eame les fonctions assign\u00e9es aux boutons de la manette de jeu. Pour cela, dans la partie <strong><span class=\"gras\">Joystick<\/span><\/strong>, on va cliquer sur le bouton <strong><span class=\"gras\">Configurer<\/span><\/strong>.<\/p>\t\t\t\t\t<\/div>\n\t\t\t\t\t\t<\/div>\n\t\t\t\t<\/div>\n\t\t\t\t<div class=\"elementor-element elementor-element-8d7726d elementor-widget elementor-widget-image\" data-id=\"8d7726d\" data-element_type=\"widget\" data-widget_type=\"image.default\">\n\t\t\t\t<div class=\"elementor-widget-container\">\n\t\t\t\t\t\t\t\t<div class=\"elementor-image\">\n\t\t\t\t\t\t\t\t\t\t\t\t<img loading=\"lazy\" decoding=\"async\" width=\"107\" height=\"76\" src=\"https:\/\/www.arnaudom.fr\/wordpress\/wp-content\/uploads\/2019\/08\/eqmod21.jpg\" class=\"attachment-large size-large wp-image-2727\" alt=\"\" \/>\t\t\t\t\t\t\t\t\t\t\t\t\t\t<\/div>\n\t\t\t\t\t\t<\/div>\n\t\t\t\t<\/div>\n\t\t\t\t<div class=\"elementor-element elementor-element-3c43bba elementor-widget elementor-widget-text-editor\" data-id=\"3c43bba\" data-element_type=\"widget\" data-widget_type=\"text-editor.default\">\n\t\t\t\t<div class=\"elementor-widget-container\">\n\t\t\t\t\t\t\t\t<div class=\"elementor-text-editor elementor-clearfix\">\n\t\t\t\t<p>L&rsquo;\u00e9cran de <span class=\"gras\">Configuration du <strong>Joystick<\/strong><\/span> appara\u00eet :<\/p>\t\t\t\t\t<\/div>\n\t\t\t\t\t\t<\/div>\n\t\t\t\t<\/div>\n\t\t\t\t<div class=\"elementor-element elementor-element-2c97774 elementor-widget elementor-widget-image\" data-id=\"2c97774\" data-element_type=\"widget\" data-widget_type=\"image.default\">\n\t\t\t\t<div class=\"elementor-widget-container\">\n\t\t\t\t\t\t\t\t<div class=\"elementor-image\">\n\t\t\t\t\t\t\t\t\t\t\t\t<img loading=\"lazy\" decoding=\"async\" width=\"595\" height=\"399\" src=\"https:\/\/www.arnaudom.fr\/wordpress\/wp-content\/uploads\/2019\/08\/eqmod22.jpg\" class=\"attachment-large size-large wp-image-2728\" alt=\"\" srcset=\"https:\/\/www.arnaudom.fr\/wordpress\/wp-content\/uploads\/2019\/08\/eqmod22.jpg 595w, https:\/\/www.arnaudom.fr\/wordpress\/wp-content\/uploads\/2019\/08\/eqmod22-300x201.jpg 300w\" sizes=\"auto, (max-width: 595px) 100vw, 595px\" \/>\t\t\t\t\t\t\t\t\t\t\t\t\t\t<\/div>\n\t\t\t\t\t\t<\/div>\n\t\t\t\t<\/div>\n\t\t\t\t<div class=\"elementor-element elementor-element-610ef71 elementor-widget elementor-widget-text-editor\" data-id=\"610ef71\" data-element_type=\"widget\" data-widget_type=\"text-editor.default\">\n\t\t\t\t<div class=\"elementor-widget-container\">\n\t\t\t\t\t\t\t\t<div class=\"elementor-text-editor elementor-clearfix\">\n\t\t\t\t<p>On peut ensuite assigner une fonction particuli\u00e8re au bouton de son choix. Pour cela, on clique sur la fonction voulue (par exemple, sur UNPARK) puis sur le bouton choisi pour lui attribuer la fonction correspondante. On peut ensuite quitter l&rsquo;\u00e9cran de configuration en cliquant sur <strong><span class=\"gras\">Confirmer Changements<\/span><\/strong>, ou sur <strong><span class=\"gras\">Annuler<\/span><\/strong> si on veut supprimer les modifications effectu\u00e9es. Le bouton <strong><span class=\"gras\">Tout Effacer<\/span><\/strong> permet de supprimer toutes les fonctions, tandis que <strong><span class=\"gras\">Configuration Origine<\/span><\/strong> permet de revenir aux r\u00e9glages par d\u00e9faut.<\/p><p>En cas de probl\u00e8me avec un joystick particulier, il peut \u00eatre parfois n\u00e9cessaire de le calibrer. Pour cela, cliquer sur le bouton <strong><span class=\"gras\">D\u00e9marrer Calibration<\/span><\/strong>.<\/p>\t\t\t\t\t<\/div>\n\t\t\t\t\t\t<\/div>\n\t\t\t\t<\/div>\n\t\t\t\t<div class=\"elementor-element elementor-element-f6244ab elementor-widget elementor-widget-image\" data-id=\"f6244ab\" data-element_type=\"widget\" data-widget_type=\"image.default\">\n\t\t\t\t<div class=\"elementor-widget-container\">\n\t\t\t\t\t\t\t\t<div class=\"elementor-image\">\n\t\t\t\t\t\t\t\t\t\t\t\t<img loading=\"lazy\" decoding=\"async\" width=\"182\" height=\"308\" src=\"https:\/\/www.arnaudom.fr\/wordpress\/wp-content\/uploads\/2019\/08\/eqmod23.jpg\" class=\"attachment-large size-large wp-image-2729\" alt=\"\" srcset=\"https:\/\/www.arnaudom.fr\/wordpress\/wp-content\/uploads\/2019\/08\/eqmod23.jpg 182w, https:\/\/www.arnaudom.fr\/wordpress\/wp-content\/uploads\/2019\/08\/eqmod23-177x300.jpg 177w\" sizes=\"auto, (max-width: 182px) 100vw, 182px\" \/>\t\t\t\t\t\t\t\t\t\t\t\t\t\t<\/div>\n\t\t\t\t\t\t<\/div>\n\t\t\t\t<\/div>\n\t\t\t\t<div class=\"elementor-element elementor-element-a36e553 elementor-widget elementor-widget-text-editor\" data-id=\"a36e553\" data-element_type=\"widget\" data-widget_type=\"text-editor.default\">\n\t\t\t\t<div class=\"elementor-widget-container\">\n\t\t\t\t\t\t\t\t<div class=\"elementor-text-editor elementor-clearfix\">\n\t\t\t\t<p>Ensuite, on bouge les manettes \u00e0 fond dans toutes les directions, puis on clique sur <strong><span class=\"gras\">Fait<\/span><\/strong> pour terminer la calibration.<\/p>\t\t\t\t\t<\/div>\n\t\t\t\t\t\t<\/div>\n\t\t\t\t<\/div>\n\t\t\t\t<div class=\"elementor-element elementor-element-6b669e7 elementor-widget elementor-widget-image\" data-id=\"6b669e7\" data-element_type=\"widget\" data-widget_type=\"image.default\">\n\t\t\t\t<div class=\"elementor-widget-container\">\n\t\t\t\t\t\t\t\t<div class=\"elementor-image\">\n\t\t\t\t\t\t\t\t\t\t\t\t<img loading=\"lazy\" decoding=\"async\" width=\"184\" height=\"311\" src=\"https:\/\/www.arnaudom.fr\/wordpress\/wp-content\/uploads\/2019\/08\/eqmod24.jpg\" class=\"attachment-large size-large wp-image-2730\" alt=\"\" srcset=\"https:\/\/www.arnaudom.fr\/wordpress\/wp-content\/uploads\/2019\/08\/eqmod24.jpg 184w, https:\/\/www.arnaudom.fr\/wordpress\/wp-content\/uploads\/2019\/08\/eqmod24-177x300.jpg 177w\" sizes=\"auto, (max-width: 184px) 100vw, 184px\" \/>\t\t\t\t\t\t\t\t\t\t\t\t\t\t<\/div>\n\t\t\t\t\t\t<\/div>\n\t\t\t\t<\/div>\n\t\t\t\t<div class=\"elementor-element elementor-element-ba738a7 elementor-widget elementor-widget-text-editor\" data-id=\"ba738a7\" data-element_type=\"widget\" data-widget_type=\"text-editor.default\">\n\t\t\t\t<div class=\"elementor-widget-container\">\n\t\t\t\t\t\t\t\t<div class=\"elementor-text-editor elementor-clearfix\">\n\t\t\t\t<p>Voil\u00e0, normalement on sait tout ce qu&rsquo;il y a \u00e0 savoir pour piloter la monture \u00e0 l&rsquo;aide d&rsquo;une manette de jeu, et pour profiter \u00e0 fond et confortablement de ce formidable logiciel qu&rsquo;est EQMOD !<\/p>\t\t\t\t\t<\/div>\n\t\t\t\t\t\t<\/div>\n\t\t\t\t<\/div>\n\t\t\t\t\t\t<\/div>\n\t\t\t\t\t<\/div>\n\t\t<\/div>\n\t\t\t\t\t\t\t\t<\/div>\n\t\t\t\t\t<\/div>\n\t\t<\/section>\n\t\t\t\t\t\t\t\t\t<\/div>\n\t\t\t<\/div>\n\t\t\t\t\t<\/div>\n\t\t","protected":false},"excerpt":{"rendered":"<p>Utilisation d&rsquo;une manette de jeu Ecrit le 25\/07\/12. Utilisation basique : EQMOD permet donc de piloter une monture \u00e0 l&rsquo;aide d&rsquo;un PC et d&rsquo;un logiciel de plan\u00e9tarium, cependant il est tr\u00e8s peu commode d&rsquo;effectuer des d\u00e9placements fins de la monture en utilisant les touches N,S,E et O du logiciel, surtout quand il s&rsquo;agit de centrer &hellip;<\/p>\n<p class=\"read-more\"> <a class=\"\" href=\"https:\/\/www.arnaudom.fr\/wordpress\/eqmodman\/\"> <span class=\"screen-reader-text\">eqmodman<\/span> Lire la suite\u00a0\u00bb<\/a><\/p>\n","protected":false},"author":1,"featured_media":0,"parent":0,"menu_order":0,"comment_status":"closed","ping_status":"closed","template":"","meta":{"site-sidebar-layout":"default","site-content-layout":"default","ast-site-content-layout":"","site-content-style":"default","site-sidebar-style":"default","ast-global-header-display":"","ast-banner-title-visibility":"","ast-main-header-display":"","ast-hfb-above-header-display":"","ast-hfb-below-header-display":"","ast-hfb-mobile-header-display":"","site-post-title":"disabled","ast-breadcrumbs-content":"","ast-featured-img":"","footer-sml-layout":"","theme-transparent-header-meta":"default","adv-header-id-meta":"","stick-header-meta":"","header-above-stick-meta":"","header-main-stick-meta":"","header-below-stick-meta":"","astra-migrate-meta-layouts":"","ast-page-background-enabled":"default","ast-page-background-meta":{"desktop":{"background-color":"","background-image":"","background-repeat":"repeat","background-position":"center center","background-size":"auto","background-attachment":"scroll","background-type":"","background-media":"","overlay-type":"","overlay-color":"","overlay-gradient":""},"tablet":{"background-color":"","background-image":"","background-repeat":"repeat","background-position":"center center","background-size":"auto","background-attachment":"scroll","background-type":"","background-media":"","overlay-type":"","overlay-color":"","overlay-gradient":""},"mobile":{"background-color":"","background-image":"","background-repeat":"repeat","background-position":"center center","background-size":"auto","background-attachment":"scroll","background-type":"","background-media":"","overlay-type":"","overlay-color":"","overlay-gradient":""}},"ast-content-background-meta":{"desktop":{"background-color":"var(--ast-global-color-5)","background-image":"","background-repeat":"repeat","background-position":"center center","background-size":"auto","background-attachment":"scroll","background-type":"","background-media":"","overlay-type":"","overlay-color":"","overlay-gradient":""},"tablet":{"background-color":"var(--ast-global-color-5)","background-image":"","background-repeat":"repeat","background-position":"center center","background-size":"auto","background-attachment":"scroll","background-type":"","background-media":"","overlay-type":"","overlay-color":"","overlay-gradient":""},"mobile":{"background-color":"var(--ast-global-color-5)","background-image":"","background-repeat":"repeat","background-position":"center center","background-size":"auto","background-attachment":"scroll","background-type":"","background-media":"","overlay-type":"","overlay-color":"","overlay-gradient":""}},"footnotes":""},"class_list":["post-2747","page","type-page","status-publish","hentry"],"_links":{"self":[{"href":"https:\/\/www.arnaudom.fr\/wordpress\/wp-json\/wp\/v2\/pages\/2747","targetHints":{"allow":["GET"]}}],"collection":[{"href":"https:\/\/www.arnaudom.fr\/wordpress\/wp-json\/wp\/v2\/pages"}],"about":[{"href":"https:\/\/www.arnaudom.fr\/wordpress\/wp-json\/wp\/v2\/types\/page"}],"author":[{"embeddable":true,"href":"https:\/\/www.arnaudom.fr\/wordpress\/wp-json\/wp\/v2\/users\/1"}],"replies":[{"embeddable":true,"href":"https:\/\/www.arnaudom.fr\/wordpress\/wp-json\/wp\/v2\/comments?post=2747"}],"version-history":[{"count":6,"href":"https:\/\/www.arnaudom.fr\/wordpress\/wp-json\/wp\/v2\/pages\/2747\/revisions"}],"predecessor-version":[{"id":4889,"href":"https:\/\/www.arnaudom.fr\/wordpress\/wp-json\/wp\/v2\/pages\/2747\/revisions\/4889"}],"wp:attachment":[{"href":"https:\/\/www.arnaudom.fr\/wordpress\/wp-json\/wp\/v2\/media?parent=2747"}],"curies":[{"name":"wp","href":"https:\/\/api.w.org\/{rel}","templated":true}]}}