{"id":2742,"date":"2019-08-10T00:04:35","date_gmt":"2019-08-09T22:04:35","guid":{"rendered":"http:\/\/www.arnaudom.fr\/wordpress\/?page_id=2742"},"modified":"2021-02-17T08:52:57","modified_gmt":"2021-02-17T07:52:57","slug":"eqmodmes","status":"publish","type":"page","link":"https:\/\/www.arnaudom.fr\/wordpress\/eqmodmes\/","title":{"rendered":"eqmodmes"},"content":{"rendered":"\t\t<div data-elementor-type=\"wp-post\" data-elementor-id=\"2742\" class=\"elementor elementor-2742\">\n\t\t\t\t\t\t<div class=\"elementor-inner\">\n\t\t\t\t<div class=\"elementor-section-wrap\">\n\t\t\t\t\t\t\t\t\t<section class=\"elementor-section elementor-top-section elementor-element elementor-element-4c1981af elementor-section-full_width elementor-section-height-default elementor-section-height-default\" data-id=\"4c1981af\" data-element_type=\"section\" data-settings=\"{&quot;background_background&quot;:&quot;classic&quot;}\">\n\t\t\t\t\t\t<div class=\"elementor-container elementor-column-gap-default\">\n\t\t\t\t\t\t\t<div class=\"elementor-row\">\n\t\t\t\t\t<div class=\"elementor-column elementor-col-100 elementor-top-column elementor-element elementor-element-323da7cb\" data-id=\"323da7cb\" data-element_type=\"column\" data-settings=\"{&quot;background_background&quot;:&quot;classic&quot;}\">\n\t\t\t<div class=\"elementor-column-wrap elementor-element-populated\">\n\t\t\t\t\t\t\t<div class=\"elementor-widget-wrap\">\n\t\t\t\t\t\t<div class=\"elementor-element elementor-element-35a1e181 elementor-widget elementor-widget-heading\" data-id=\"35a1e181\" data-element_type=\"widget\" data-widget_type=\"heading.default\">\n\t\t\t\t<div class=\"elementor-widget-container\">\n\t\t\t<h1 class=\"elementor-heading-title elementor-size-default\">Mise en station avec EQMOD<\/h1>\t\t<\/div>\n\t\t\t\t<\/div>\n\t\t\t\t<div class=\"elementor-element elementor-element-86bd3aa elementor-widget elementor-widget-text-editor\" data-id=\"86bd3aa\" data-element_type=\"widget\" data-widget_type=\"text-editor.default\">\n\t\t\t\t<div class=\"elementor-widget-container\">\n\t\t\t\t\t\t\t\t<div class=\"elementor-text-editor elementor-clearfix\">\n\t\t\t\t<p><em>Ecrit le 01\/05\/12.<\/em><\/p>\t\t\t\t\t<\/div>\n\t\t\t\t\t\t<\/div>\n\t\t\t\t<\/div>\n\t\t\t\t<div class=\"elementor-element elementor-element-67071882 elementor-widget elementor-widget-heading\" data-id=\"67071882\" data-element_type=\"widget\" data-widget_type=\"heading.default\">\n\t\t\t\t<div class=\"elementor-widget-container\">\n\t\t\t<h2 class=\"elementor-heading-title elementor-size-default\">Introduction<\/h2>\t\t<\/div>\n\t\t\t\t<\/div>\n\t\t\t\t<div class=\"elementor-element elementor-element-5c032024 elementor-widget elementor-widget-text-editor\" data-id=\"5c032024\" data-element_type=\"widget\" data-widget_type=\"text-editor.default\">\n\t\t\t\t<div class=\"elementor-widget-container\">\n\t\t\t\t\t\t\t\t<div class=\"elementor-text-editor elementor-clearfix\">\n\t\t\t\t<p>Avec EQMOD on peut effectuer la mise en station de la monture en appliquant le m\u00eame principe que celui d\u00e9crit \u00e0 la page <a href=\"http:\/\/www.arnaudom.fr\/wordpress\/eq6mes\/\">Mise en station \u00e0 l&rsquo;aide de la raquette<\/a>, EQMOD se chargeant de faire pivoter automatiquement la monture afin de positionner pr\u00e9cis\u00e9ment le viseur polaire dans la position n\u00e9cessaire \u00e0 la mise en station.<\/p>\t\t\t\t\t<\/div>\n\t\t\t\t\t\t<\/div>\n\t\t\t\t<\/div>\n\t\t\t\t<div class=\"elementor-element elementor-element-3cc044a elementor-widget elementor-widget-heading\" data-id=\"3cc044a\" data-element_type=\"widget\" data-widget_type=\"heading.default\">\n\t\t\t\t<div class=\"elementor-widget-container\">\n\t\t\t<h2 class=\"elementor-heading-title elementor-size-default\">Mise en station initiale :<\/h2>\t\t<\/div>\n\t\t\t\t<\/div>\n\t\t\t\t<div class=\"elementor-element elementor-element-b03823d elementor-widget elementor-widget-text-editor\" data-id=\"b03823d\" data-element_type=\"widget\" data-widget_type=\"text-editor.default\">\n\t\t\t\t<div class=\"elementor-widget-container\">\n\t\t\t\t\t\t\t\t<div class=\"elementor-text-editor elementor-clearfix\">\n\t\t\t\t<p>1. On installe tr\u00e9pied et monture, g\u00e9n\u00e9ralement sans t\u00e9lescope ni contrepoids, en mettant l&rsquo;axe du viseur polaire face au nord, et on d\u00e9gage son axe de vis\u00e9e en faisant pivoter l&rsquo;axe DEC de 90\u00b0.<\/p><p>2. On fait en sorte de voir l&rsquo;\u00e9toile polaire dans le viseur, de pr\u00e9f\u00e9rence au centre, et on met le tr\u00e9pied \u00e0 l&rsquo;horizontale \u00e0 l&rsquo;aide du niveau int\u00e9gr\u00e9.<\/p><p>3. On allume la monture, on lance le programme de plan\u00e9tarium qu&rsquo;on utilise pour activer EQMOD et on ouvre le panneau de contr\u00f4le du logiciel.<\/p><p>On va maintenant placer le viseur polaire afin d&rsquo;amener le petit rond de l&rsquo;\u00e9toile polaire (\u00ab\u00a0Polaris\u00a0\u00bb) tout en bas \u00e0 la verticale, en position 6 heures :<\/p><p>&#8211; on am\u00e8ne l&rsquo;\u00e9toile polaire au centre de la croix en jouant sur les manettes de r\u00e9glages en latitude et en azimut<\/p>\t\t\t\t\t<\/div>\n\t\t\t\t\t\t<\/div>\n\t\t\t\t<\/div>\n\t\t\t\t<div class=\"elementor-element elementor-element-33ef98d elementor-widget elementor-widget-image\" data-id=\"33ef98d\" data-element_type=\"widget\" data-widget_type=\"image.default\">\n\t\t\t\t<div class=\"elementor-widget-container\">\n\t\t\t\t\t\t\t\t<div class=\"elementor-image\">\n\t\t\t\t\t\t\t\t\t\t\t\t<img loading=\"lazy\" decoding=\"async\" width=\"350\" height=\"354\" src=\"https:\/\/www.arnaudom.fr\/wordpress\/wp-content\/uploads\/2019\/08\/eq615.jpg\" class=\"attachment-large size-large wp-image-2625\" alt=\"\" srcset=\"https:\/\/www.arnaudom.fr\/wordpress\/wp-content\/uploads\/2019\/08\/eq615.jpg 350w, https:\/\/www.arnaudom.fr\/wordpress\/wp-content\/uploads\/2019\/08\/eq615-297x300.jpg 297w\" sizes=\"auto, (max-width: 350px) 100vw, 350px\" \/>\t\t\t\t\t\t\t\t\t\t\t\t\t\t<\/div>\n\t\t\t\t\t\t<\/div>\n\t\t\t\t<\/div>\n\t\t\t\t<div class=\"elementor-element elementor-element-f090ba9 elementor-widget elementor-widget-text-editor\" data-id=\"f090ba9\" data-element_type=\"widget\" data-widget_type=\"text-editor.default\">\n\t\t\t\t<div class=\"elementor-widget-container\">\n\t\t\t\t\t\t\t\t<div class=\"elementor-text-editor elementor-clearfix\">\n\t\t\t\t<p>&#8211; ensuite, uniquement avec les manettes de r\u00e9glage en latitude, on fait descendre la polaire sur le grand cercle<\/p>\t\t\t\t\t<\/div>\n\t\t\t\t\t\t<\/div>\n\t\t\t\t<\/div>\n\t\t\t\t<div class=\"elementor-element elementor-element-e297740 elementor-widget elementor-widget-image\" data-id=\"e297740\" data-element_type=\"widget\" data-widget_type=\"image.default\">\n\t\t\t\t<div class=\"elementor-widget-container\">\n\t\t\t\t\t\t\t\t<div class=\"elementor-image\">\n\t\t\t\t\t\t\t\t\t\t\t\t<img loading=\"lazy\" decoding=\"async\" width=\"350\" height=\"354\" src=\"https:\/\/www.arnaudom.fr\/wordpress\/wp-content\/uploads\/2019\/08\/eq616.jpg\" class=\"attachment-large size-large wp-image-2626\" alt=\"\" srcset=\"https:\/\/www.arnaudom.fr\/wordpress\/wp-content\/uploads\/2019\/08\/eq616.jpg 350w, https:\/\/www.arnaudom.fr\/wordpress\/wp-content\/uploads\/2019\/08\/eq616-297x300.jpg 297w\" sizes=\"auto, (max-width: 350px) 100vw, 350px\" \/>\t\t\t\t\t\t\t\t\t\t\t\t\t\t<\/div>\n\t\t\t\t\t\t<\/div>\n\t\t\t\t<\/div>\n\t\t\t\t<div class=\"elementor-element elementor-element-06815e8 elementor-widget elementor-widget-text-editor\" data-id=\"06815e8\" data-element_type=\"widget\" data-widget_type=\"text-editor.default\">\n\t\t\t\t<div class=\"elementor-widget-container\">\n\t\t\t\t\t\t\t\t<div class=\"elementor-text-editor elementor-clearfix\">\n\t\t\t\t<p>&#8211; c&rsquo;est maintenant que l&rsquo;on utilise EQMOD pour prendre le contr\u00f4le de la monture. On clique d&rsquo;abord sur <strong><span class=\"gras\">UNPARK<\/span><\/strong> afin de d\u00e9verrouiller la monture.<\/p>\t\t\t\t\t<\/div>\n\t\t\t\t\t\t<\/div>\n\t\t\t\t<\/div>\n\t\t\t\t<div class=\"elementor-element elementor-element-4ceb730 elementor-widget elementor-widget-image\" data-id=\"4ceb730\" data-element_type=\"widget\" data-widget_type=\"image.default\">\n\t\t\t\t<div class=\"elementor-widget-container\">\n\t\t\t\t\t\t\t\t<div class=\"elementor-image\">\n\t\t\t\t\t\t\t\t\t\t\t\t<img loading=\"lazy\" decoding=\"async\" width=\"244\" height=\"140\" src=\"https:\/\/www.arnaudom.fr\/wordpress\/wp-content\/uploads\/2019\/08\/eqmod10.jpg\" class=\"attachment-large size-large wp-image-2716\" alt=\"\" \/>\t\t\t\t\t\t\t\t\t\t\t\t\t\t<\/div>\n\t\t\t\t\t\t<\/div>\n\t\t\t\t<\/div>\n\t\t\t\t<div class=\"elementor-element elementor-element-27ab8aa elementor-widget elementor-widget-text-editor\" data-id=\"27ab8aa\" data-element_type=\"widget\" data-widget_type=\"text-editor.default\">\n\t\t\t\t<div class=\"elementor-widget-container\">\n\t\t\t\t\t\t\t\t<div class=\"elementor-text-editor elementor-clearfix\">\n\t\t\t\t<p>&#8211; A l&rsquo;aide du panneau de contr\u00f4le d&rsquo;EQMOD en cliquant sur les touches <strong><span class=\"gras\">E<\/span><\/strong> ou <strong><span class=\"gras\">O<\/span><\/strong> (ou, plus pratique, avec un joystick), on fait tourner l&rsquo;axe AD de la monture afin d&rsquo;amener la polaire dans le petit rond de polaris.<\/p>\t\t\t\t\t<\/div>\n\t\t\t\t\t\t<\/div>\n\t\t\t\t<\/div>\n\t\t\t\t<div class=\"elementor-element elementor-element-202f04c elementor-widget elementor-widget-image\" data-id=\"202f04c\" data-element_type=\"widget\" data-widget_type=\"image.default\">\n\t\t\t\t<div class=\"elementor-widget-container\">\n\t\t\t\t\t\t\t\t<div class=\"elementor-image\">\n\t\t\t\t\t\t\t\t\t\t\t\t<img loading=\"lazy\" decoding=\"async\" width=\"350\" height=\"347\" src=\"https:\/\/www.arnaudom.fr\/wordpress\/wp-content\/uploads\/2019\/08\/eq617.jpg\" class=\"attachment-large size-large wp-image-2627\" alt=\"\" srcset=\"https:\/\/www.arnaudom.fr\/wordpress\/wp-content\/uploads\/2019\/08\/eq617.jpg 350w, https:\/\/www.arnaudom.fr\/wordpress\/wp-content\/uploads\/2019\/08\/eq617-150x150.jpg 150w, https:\/\/www.arnaudom.fr\/wordpress\/wp-content\/uploads\/2019\/08\/eq617-300x297.jpg 300w\" sizes=\"auto, (max-width: 350px) 100vw, 350px\" \/>\t\t\t\t\t\t\t\t\t\t\t\t\t\t<\/div>\n\t\t\t\t\t\t<\/div>\n\t\t\t\t<\/div>\n\t\t\t\t<div class=\"elementor-element elementor-element-820c272 elementor-widget elementor-widget-text-editor\" data-id=\"820c272\" data-element_type=\"widget\" data-widget_type=\"text-editor.default\">\n\t\t\t\t<div class=\"elementor-widget-container\">\n\t\t\t\t\t\t\t\t<div class=\"elementor-text-editor elementor-clearfix\">\n\t\t\t\t<p>4. On va maintenant cliquer sur le bouton <strong><span class=\"gras\">Setup<\/span><\/strong> afin de d\u00e9ployer l&rsquo;interface d&rsquo;EQMOD, puis dans le cadre \u00ab\u00a0<strong><span class=\"gras\">Lieu d&rsquo;observation<\/span><\/strong>\u00a0\u00bb on clique sur le bouton \u00e0 c\u00f4t\u00e9 de <strong><span class=\"gras\">Polaris HA<\/span><\/strong>.<\/p>\t\t\t\t\t<\/div>\n\t\t\t\t\t\t<\/div>\n\t\t\t\t<\/div>\n\t\t\t\t<div class=\"elementor-element elementor-element-b2ef264 elementor-widget elementor-widget-image\" data-id=\"b2ef264\" data-element_type=\"widget\" data-widget_type=\"image.default\">\n\t\t\t\t<div class=\"elementor-widget-container\">\n\t\t\t\t\t\t\t\t<div class=\"elementor-image\">\n\t\t\t\t\t\t\t\t\t\t\t\t<img loading=\"lazy\" decoding=\"async\" width=\"272\" height=\"186\" src=\"https:\/\/www.arnaudom.fr\/wordpress\/wp-content\/uploads\/2019\/08\/eqmod17.jpg\" class=\"attachment-large size-large wp-image-2723\" alt=\"\" \/>\t\t\t\t\t\t\t\t\t\t\t\t\t\t<\/div>\n\t\t\t\t\t\t<\/div>\n\t\t\t\t<\/div>\n\t\t\t\t<div class=\"elementor-element elementor-element-36ccf73 elementor-widget elementor-widget-text-editor\" data-id=\"36ccf73\" data-element_type=\"widget\" data-widget_type=\"text-editor.default\">\n\t\t\t\t<div class=\"elementor-widget-container\">\n\t\t\t\t\t\t\t\t<div class=\"elementor-text-editor elementor-clearfix\">\n\t\t\t\t<p>Ceci a pour effet de faire appara\u00eetre la fen\u00eatre du viseur polaire.<\/p>\t\t\t\t\t<\/div>\n\t\t\t\t\t\t<\/div>\n\t\t\t\t<\/div>\n\t\t\t\t<div class=\"elementor-element elementor-element-b7445b7 elementor-widget elementor-widget-image\" data-id=\"b7445b7\" data-element_type=\"widget\" data-widget_type=\"image.default\">\n\t\t\t\t<div class=\"elementor-widget-container\">\n\t\t\t\t\t\t\t\t<div class=\"elementor-image\">\n\t\t\t\t\t\t\t\t\t\t\t\t<img loading=\"lazy\" decoding=\"async\" width=\"453\" height=\"352\" src=\"https:\/\/www.arnaudom.fr\/wordpress\/wp-content\/uploads\/2019\/08\/eqmod18.jpg\" class=\"attachment-large size-large wp-image-2724\" alt=\"\" srcset=\"https:\/\/www.arnaudom.fr\/wordpress\/wp-content\/uploads\/2019\/08\/eqmod18.jpg 453w, https:\/\/www.arnaudom.fr\/wordpress\/wp-content\/uploads\/2019\/08\/eqmod18-300x233.jpg 300w\" sizes=\"auto, (max-width: 453px) 100vw, 453px\" \/>\t\t\t\t\t\t\t\t\t\t\t\t\t\t<\/div>\n\t\t\t\t\t\t<\/div>\n\t\t\t\t<\/div>\n\t\t\t\t<div class=\"elementor-element elementor-element-d83adda elementor-widget elementor-widget-text-editor\" data-id=\"d83adda\" data-element_type=\"widget\" data-widget_type=\"text-editor.default\">\n\t\t\t\t<div class=\"elementor-widget-container\">\n\t\t\t\t\t\t\t\t<div class=\"elementor-text-editor elementor-clearfix\">\n\t\t\t\t<p>La monture \u00e9tant en position \u00ab\u00a06 heures\u00a0\u00bb (position de d\u00e9part occup\u00e9e par la polaire), on peut \u00e9ventuellement m\u00e9moriser cette position en cliquant sur le bouton <strong><span class=\"gras\">Set PolarScope Home<\/span><\/strong>, ce qui se r\u00e9v\u00e8lera utile lors de futures mises en station !<\/p><p>5. Maintenant, on va cliquer sur le bouton <strong><span class=\"gras\">Align PolarScope<\/span><\/strong> : apr\u00e8s un message de confirmation, EQMOD fait alors pivoter automatiquement la monture afin de positionner le viseur polaire dans la bonne position.<\/p><p>6. Il ne reste plus qu&rsquo;\u00e0 amener la polaire dans le petit cercle Polaris \u00e0 l&rsquo;aide des manettes de r\u00e9glages en latitude et en azimut afin de terminer la mise en station.<\/p>\t\t\t\t\t<\/div>\n\t\t\t\t\t\t<\/div>\n\t\t\t\t<\/div>\n\t\t\t\t<div class=\"elementor-element elementor-element-31ee1f4 elementor-widget elementor-widget-heading\" data-id=\"31ee1f4\" data-element_type=\"widget\" data-widget_type=\"heading.default\">\n\t\t\t\t<div class=\"elementor-widget-container\">\n\t\t\t<h2 class=\"elementor-heading-title elementor-size-default\">Mises en station ult\u00e9rieures :<\/h2>\t\t<\/div>\n\t\t\t\t<\/div>\n\t\t\t\t<div class=\"elementor-element elementor-element-ddb0241 elementor-widget elementor-widget-text-editor\" data-id=\"ddb0241\" data-element_type=\"widget\" data-widget_type=\"text-editor.default\">\n\t\t\t\t<div class=\"elementor-widget-container\">\n\t\t\t\t\t\t\t\t<div class=\"elementor-text-editor elementor-clearfix\">\n\t\t\t\t<p>Si, comme indiqu\u00e9 \u00e0 l&rsquo;\u00e9tape 4 ci-dessus, vous avez m\u00e9moris\u00e9 la position \u00ab\u00a06 heures\u00a0\u00bb de la polaire dans EQMOD en cliquant sur <strong><span class=\"gras\">Set PolarScope Home<\/span><\/strong>, et si vous n&rsquo;avez pas fait bouger \u00e0 la main les axes de la monture entre temps, les mises en station suivantes vont aller encore plus vite car l&rsquo;\u00e9tape qui consiste \u00e0 placer la polaire en position 6 heures se fera elle aussi automatiquement.<\/p><p>Donc on pourra alors proc\u00e9der de la fa\u00e7on suivante :<\/p><p>1. On place le tr\u00e9pied et la monture en position de d\u00e9part.<\/p><p>2. On v\u00e9rifie qu&rsquo;on voit bien la polaire dans le viseur et on met le tr\u00e9pied \u00e0 l&rsquo;horizontale.<\/p><p>3. On allume la monture, on lance EQMOD et on clique sur <strong><span class=\"gras\">UNPARK<\/span><\/strong> afin de d\u00e9verouiller la monture.<\/p><p>4. On acc\u00e8de \u00e0 la fen\u00eatre du viseur polaire, puis on va cliquer maintenant sur le bouton <strong><span class=\"gras\">Move To PolarScope Home<\/span><\/strong> : EQMOD va alors pivoter automatiquement la monture pour l&rsquo;amener dans la position \u00ab\u00a06 heures\u00a0\u00bb. Ce bouton n&rsquo;est accessible que si cette position a \u00e9t\u00e9 m\u00e9moris\u00e9e auparavant lors d&rsquo;une pr\u00e9c\u00e9dente mise en station, apr\u00e8s avoir cliqu\u00e9 sur le bouton <strong><span class=\"gras\">Set Polarscope Home<\/span><\/strong>.<\/p><p>5. On clique ensuite sur le bouton <strong><span class=\"gras\">Align PolarScope<\/span><\/strong> afin de positionner automatiquement le viseur polaire dans la position n\u00e9cessaire \u00e0 la mise en station.<\/p><p>6. Enfin, on termine comme d&rsquo;habitude en amenant la polaire dans le petit cercle Polaris \u00e0 l&rsquo;aide des manettes de r\u00e9glages en latitude et en azimut.<\/p>\t\t\t\t\t<\/div>\n\t\t\t\t\t\t<\/div>\n\t\t\t\t<\/div>\n\t\t\t\t\t\t<\/div>\n\t\t\t\t\t<\/div>\n\t\t<\/div>\n\t\t\t\t\t\t\t\t<\/div>\n\t\t\t\t\t<\/div>\n\t\t<\/section>\n\t\t\t\t\t\t\t\t\t<\/div>\n\t\t\t<\/div>\n\t\t\t\t\t<\/div>\n\t\t","protected":false},"excerpt":{"rendered":"<p>Mise en station avec EQMOD Ecrit le 01\/05\/12. Introduction Avec EQMOD on peut effectuer la mise en station de la monture en appliquant le m\u00eame principe que celui d\u00e9crit \u00e0 la page Mise en station \u00e0 l&rsquo;aide de la raquette, EQMOD se chargeant de faire pivoter automatiquement la monture afin de positionner pr\u00e9cis\u00e9ment le viseur &hellip;<\/p>\n<p class=\"read-more\"> <a class=\"\" href=\"https:\/\/www.arnaudom.fr\/wordpress\/eqmodmes\/\"> <span class=\"screen-reader-text\">eqmodmes<\/span> Lire la suite\u00a0\u00bb<\/a><\/p>\n","protected":false},"author":1,"featured_media":0,"parent":0,"menu_order":0,"comment_status":"closed","ping_status":"closed","template":"","meta":{"site-sidebar-layout":"default","site-content-layout":"default","ast-site-content-layout":"","site-content-style":"default","site-sidebar-style":"default","ast-global-header-display":"","ast-banner-title-visibility":"","ast-main-header-display":"","ast-hfb-above-header-display":"","ast-hfb-below-header-display":"","ast-hfb-mobile-header-display":"","site-post-title":"disabled","ast-breadcrumbs-content":"","ast-featured-img":"","footer-sml-layout":"","theme-transparent-header-meta":"default","adv-header-id-meta":"","stick-header-meta":"","header-above-stick-meta":"","header-main-stick-meta":"","header-below-stick-meta":"","astra-migrate-meta-layouts":"","ast-page-background-enabled":"default","ast-page-background-meta":{"desktop":{"background-color":"","background-image":"","background-repeat":"repeat","background-position":"center center","background-size":"auto","background-attachment":"scroll","background-type":"","background-media":"","overlay-type":"","overlay-color":"","overlay-gradient":""},"tablet":{"background-color":"","background-image":"","background-repeat":"repeat","background-position":"center center","background-size":"auto","background-attachment":"scroll","background-type":"","background-media":"","overlay-type":"","overlay-color":"","overlay-gradient":""},"mobile":{"background-color":"","background-image":"","background-repeat":"repeat","background-position":"center center","background-size":"auto","background-attachment":"scroll","background-type":"","background-media":"","overlay-type":"","overlay-color":"","overlay-gradient":""}},"ast-content-background-meta":{"desktop":{"background-color":"var(--ast-global-color-5)","background-image":"","background-repeat":"repeat","background-position":"center center","background-size":"auto","background-attachment":"scroll","background-type":"","background-media":"","overlay-type":"","overlay-color":"","overlay-gradient":""},"tablet":{"background-color":"var(--ast-global-color-5)","background-image":"","background-repeat":"repeat","background-position":"center center","background-size":"auto","background-attachment":"scroll","background-type":"","background-media":"","overlay-type":"","overlay-color":"","overlay-gradient":""},"mobile":{"background-color":"var(--ast-global-color-5)","background-image":"","background-repeat":"repeat","background-position":"center center","background-size":"auto","background-attachment":"scroll","background-type":"","background-media":"","overlay-type":"","overlay-color":"","overlay-gradient":""}},"footnotes":""},"class_list":["post-2742","page","type-page","status-publish","hentry"],"_links":{"self":[{"href":"https:\/\/www.arnaudom.fr\/wordpress\/wp-json\/wp\/v2\/pages\/2742","targetHints":{"allow":["GET"]}}],"collection":[{"href":"https:\/\/www.arnaudom.fr\/wordpress\/wp-json\/wp\/v2\/pages"}],"about":[{"href":"https:\/\/www.arnaudom.fr\/wordpress\/wp-json\/wp\/v2\/types\/page"}],"author":[{"embeddable":true,"href":"https:\/\/www.arnaudom.fr\/wordpress\/wp-json\/wp\/v2\/users\/1"}],"replies":[{"embeddable":true,"href":"https:\/\/www.arnaudom.fr\/wordpress\/wp-json\/wp\/v2\/comments?post=2742"}],"version-history":[{"count":7,"href":"https:\/\/www.arnaudom.fr\/wordpress\/wp-json\/wp\/v2\/pages\/2742\/revisions"}],"predecessor-version":[{"id":6924,"href":"https:\/\/www.arnaudom.fr\/wordpress\/wp-json\/wp\/v2\/pages\/2742\/revisions\/6924"}],"wp:attachment":[{"href":"https:\/\/www.arnaudom.fr\/wordpress\/wp-json\/wp\/v2\/media?parent=2742"}],"curies":[{"name":"wp","href":"https:\/\/api.w.org\/{rel}","templated":true}]}}