{"id":2703,"date":"2019-08-09T23:37:41","date_gmt":"2019-08-09T21:37:41","guid":{"rendered":"http:\/\/www.arnaudom.fr\/wordpress\/?page_id=2703"},"modified":"2020-08-06T09:29:19","modified_gmt":"2020-08-06T07:29:19","slug":"eqmodmer","status":"publish","type":"page","link":"https:\/\/www.arnaudom.fr\/wordpress\/eqmodmer\/","title":{"rendered":"eqmodmer"},"content":{"rendered":"\t\t<div data-elementor-type=\"wp-post\" data-elementor-id=\"2703\" class=\"elementor elementor-2703\">\n\t\t\t\t\t\t<div class=\"elementor-inner\">\n\t\t\t\t<div class=\"elementor-section-wrap\">\n\t\t\t\t\t\t\t\t\t<section class=\"elementor-section elementor-top-section elementor-element elementor-element-2fdb6776 elementor-section-full_width elementor-section-height-default elementor-section-height-default\" data-id=\"2fdb6776\" data-element_type=\"section\" data-settings=\"{&quot;background_background&quot;:&quot;classic&quot;}\">\n\t\t\t\t\t\t<div class=\"elementor-container elementor-column-gap-default\">\n\t\t\t\t\t\t\t<div class=\"elementor-row\">\n\t\t\t\t\t<div class=\"elementor-column elementor-col-100 elementor-top-column elementor-element elementor-element-781ae4c6\" data-id=\"781ae4c6\" data-element_type=\"column\" data-settings=\"{&quot;background_background&quot;:&quot;classic&quot;}\">\n\t\t\t<div class=\"elementor-column-wrap elementor-element-populated\">\n\t\t\t\t\t\t\t<div class=\"elementor-widget-wrap\">\n\t\t\t\t\t\t<div class=\"elementor-element elementor-element-44e671b1 elementor-widget elementor-widget-heading\" data-id=\"44e671b1\" data-element_type=\"widget\" data-widget_type=\"heading.default\">\n\t\t\t\t<div class=\"elementor-widget-container\">\n\t\t\t<h1 class=\"elementor-heading-title elementor-size-default\">Piloter une monture EQ6 avec EQMOD<\/h1>\t\t<\/div>\n\t\t\t\t<\/div>\n\t\t\t\t<div class=\"elementor-element elementor-element-3c8a9ea elementor-widget elementor-widget-text-editor\" data-id=\"3c8a9ea\" data-element_type=\"widget\" data-widget_type=\"text-editor.default\">\n\t\t\t\t<div class=\"elementor-widget-container\">\n\t\t\t\t\t\t\t\t<div class=\"elementor-text-editor elementor-clearfix\">\n\t\t\t\t<p>Ecrit le 27\/02\/12<\/p>\t\t\t\t\t<\/div>\n\t\t\t\t\t\t<\/div>\n\t\t\t\t<\/div>\n\t\t\t\t<div class=\"elementor-element elementor-element-4403ac9c elementor-widget elementor-widget-heading\" data-id=\"4403ac9c\" data-element_type=\"widget\" data-widget_type=\"heading.default\">\n\t\t\t\t<div class=\"elementor-widget-container\">\n\t\t\t<h2 class=\"elementor-heading-title elementor-size-default\">EQMOD, c'est quoi ?<\/h2>\t\t<\/div>\n\t\t\t\t<\/div>\n\t\t\t\t<div class=\"elementor-element elementor-element-2d79e550 elementor-widget elementor-widget-text-editor\" data-id=\"2d79e550\" data-element_type=\"widget\" data-widget_type=\"text-editor.default\">\n\t\t\t\t<div class=\"elementor-widget-container\">\n\t\t\t\t\t\t\t\t<div class=\"elementor-text-editor elementor-clearfix\">\n\t\t\t\t<p>EQMOD est un logiciel libre con\u00e7u pour piloter une monture de type EQ6 \u00e0 l&rsquo;aide d&rsquo;un PC. Il va donc transformer votre monture en \u00ab\u00a0mini-observatoire\u00a0\u00bb contr\u00f4l\u00e9 enti\u00e8rement par ordinateur (voire en un vrai observatoire dans le cas de l&rsquo;installation d&rsquo;une telle monture en poste fixe). A l&rsquo;aide d&rsquo;un logiciel de plan\u00e9tarium install\u00e9 sur le PC, on pourra choisir directement sur la carte du ciel affich\u00e9e \u00e0 l&rsquo;\u00e9cran les objets \u00e0 pointer et faire un Goto vers eux. EQMOD poss\u00e8de \u00e9galement bien d&rsquo;autres fonctionnalit\u00e9s int\u00e9ressantes (aide \u00e0 la mise en station, autoguidage etc&#8230;).<\/p>\t\t\t\t\t<\/div>\n\t\t\t\t\t\t<\/div>\n\t\t\t\t<\/div>\n\t\t\t\t<div class=\"elementor-element elementor-element-1312ca0 elementor-widget elementor-widget-heading\" data-id=\"1312ca0\" data-element_type=\"widget\" data-widget_type=\"heading.default\">\n\t\t\t\t<div class=\"elementor-widget-container\">\n\t\t\t<h2 class=\"elementor-heading-title elementor-size-default\">De quoi a-t-on besoin ?<\/h2>\t\t<\/div>\n\t\t\t\t<\/div>\n\t\t\t\t<div class=\"elementor-element elementor-element-a945a3a elementor-widget elementor-widget-text-editor\" data-id=\"a945a3a\" data-element_type=\"widget\" data-widget_type=\"text-editor.default\">\n\t\t\t\t<div class=\"elementor-widget-container\">\n\t\t\t\t\t\t\t\t<div class=\"elementor-text-editor elementor-clearfix\">\n\t\t\t\t<p>Voici les \u00e9l\u00e9ments n\u00e9cessaires pour l&rsquo;utilisation d&rsquo;EQMOD :<\/p><p>&#8211; il faut tout d&rsquo;abord un PC et un c\u00e2ble de liaison qui permet de relier l&rsquo;ordinateur \u00e0 la monture. J&rsquo;utilise le c\u00e2ble <span class=\"gras\">USB-EQ6 Direct<\/span> vendu chez <a href=\"http:\/\/www.pierro-astro.com\/\">Pierre-Astro<\/a> et qui va se brancher \u00e0 la place de la raquette de commande.<\/p>\t\t\t\t\t<\/div>\n\t\t\t\t\t\t<\/div>\n\t\t\t\t<\/div>\n\t\t\t\t<div class=\"elementor-element elementor-element-1712722 elementor-position-top elementor-vertical-align-top elementor-widget elementor-widget-image-box\" data-id=\"1712722\" data-element_type=\"widget\" data-widget_type=\"image-box.default\">\n\t\t\t\t<div class=\"elementor-widget-container\">\n\t\t\t<div class=\"elementor-image-box-wrapper\"><figure class=\"elementor-image-box-img\"><img loading=\"lazy\" decoding=\"async\" width=\"249\" height=\"200\" src=\"https:\/\/www.arnaudom.fr\/wordpress\/wp-content\/uploads\/2019\/08\/eqmod05.jpg\" class=\"attachment-full size-full wp-image-2711\" alt=\"\" \/><\/figure><div class=\"elementor-image-box-content\"><p class=\"elementor-image-box-description\"><b>C\u00e2ble USB-EQ6 Direct<\/b><\/p><\/div><\/div>\t\t<\/div>\n\t\t\t\t<\/div>\n\t\t\t\t<div class=\"elementor-element elementor-element-c286563 elementor-widget elementor-widget-text-editor\" data-id=\"c286563\" data-element_type=\"widget\" data-widget_type=\"text-editor.default\">\n\t\t\t\t<div class=\"elementor-widget-container\">\n\t\t\t\t\t\t\t\t<div class=\"elementor-text-editor elementor-clearfix\">\n\t\t\t\t<p>&#8211; EQMOD ne fonctionne qu&rsquo;en association avec un autre logiciel, typiquement un plan\u00e9tarium comme <a href=\"http:\/\/www.ap-i.net\/skychart\/\">Cartes du Ciel<\/a> qui est, je le rappelle, un logiciel gratuit. J&rsquo;ai donc install\u00e9 Cartes du Ciel sur l&rsquo;ordinateur.<\/p><p>&#8211; Enfin, il ne reste plus qu&rsquo;\u00e0 suivre la notice fournie avec le c\u00e2ble, qui va vous expliquer comment installer l&rsquo;interface USB-EQ6 Direct, puis o\u00f9 t\u00e9l\u00e9charger et comment installer les pilotes du logiciel EQMOD.<\/p>\t\t\t\t\t<\/div>\n\t\t\t\t\t\t<\/div>\n\t\t\t\t<\/div>\n\t\t\t\t<div class=\"elementor-element elementor-element-df0bdfd elementor-widget elementor-widget-heading\" data-id=\"df0bdfd\" data-element_type=\"widget\" data-widget_type=\"heading.default\">\n\t\t\t\t<div class=\"elementor-widget-container\">\n\t\t\t<h2 class=\"elementor-heading-title elementor-size-default\">Lancement d'EQMOD<\/h2>\t\t<\/div>\n\t\t\t\t<\/div>\n\t\t\t\t<div class=\"elementor-element elementor-element-855dc58 elementor-widget elementor-widget-text-editor\" data-id=\"855dc58\" data-element_type=\"widget\" data-widget_type=\"text-editor.default\">\n\t\t\t\t<div class=\"elementor-widget-container\">\n\t\t\t\t\t\t\t\t<div class=\"elementor-text-editor elementor-clearfix\">\n\t\t\t\t<p>On suppose donc que le c\u00e2ble est branch\u00e9 au PC d&rsquo;un c\u00f4t\u00e9, et \u00e0 la place de la raquette c\u00f4t\u00e9 monture. Il ne reste plus qu&rsquo;\u00e0 mettre la monture en marche et \u00e0 allumer l&rsquo;ordinateur.<\/p><p>1-On d\u00e9marre donc Cartes du Ciel (j&rsquo;utilise la version 2.76).<\/p><p>2-On va dans le menu <strong><span class=\"gras\">Telescope\/Choix de l&rsquo;interface telescope<\/span><\/strong> et on clique sur <strong><span class=\"gras\">Ascom<\/span><\/strong>.<\/p>\t\t\t\t\t<\/div>\n\t\t\t\t\t\t<\/div>\n\t\t\t\t<\/div>\n\t\t\t\t<div class=\"elementor-element elementor-element-4148ab9 elementor-widget elementor-widget-image\" data-id=\"4148ab9\" data-element_type=\"widget\" data-widget_type=\"image.default\">\n\t\t\t\t<div class=\"elementor-widget-container\">\n\t\t\t\t\t\t\t\t<div class=\"elementor-image\">\n\t\t\t\t\t\t\t\t\t\t\t\t<img loading=\"lazy\" decoding=\"async\" width=\"431\" height=\"338\" src=\"https:\/\/www.arnaudom.fr\/wordpress\/wp-content\/uploads\/2019\/08\/eqmod01.jpg\" class=\"attachment-large size-large wp-image-2707\" alt=\"\" srcset=\"https:\/\/www.arnaudom.fr\/wordpress\/wp-content\/uploads\/2019\/08\/eqmod01.jpg 431w, https:\/\/www.arnaudom.fr\/wordpress\/wp-content\/uploads\/2019\/08\/eqmod01-300x235.jpg 300w\" sizes=\"auto, (max-width: 431px) 100vw, 431px\" \/>\t\t\t\t\t\t\t\t\t\t\t\t\t\t<\/div>\n\t\t\t\t\t\t<\/div>\n\t\t\t\t<\/div>\n\t\t\t\t<div class=\"elementor-element elementor-element-9d569d2 elementor-widget elementor-widget-text-editor\" data-id=\"9d569d2\" data-element_type=\"widget\" data-widget_type=\"text-editor.default\">\n\t\t\t\t<div class=\"elementor-widget-container\">\n\t\t\t\t\t\t\t\t<div class=\"elementor-text-editor elementor-clearfix\">\n\t\t\t\t<p>3-La fen\u00eatre d&rsquo;interface s&rsquo;ouvre : au besoin, cliquer sur le bouton <strong><span class=\"gras\">Select<\/span><\/strong> et choisir <strong><span class=\"gras\">EQMod EQ5\/6<\/span><\/strong>.<\/p>\t\t\t\t\t<\/div>\n\t\t\t\t\t\t<\/div>\n\t\t\t\t<\/div>\n\t\t\t\t<div class=\"elementor-element elementor-element-db0ca9e elementor-widget elementor-widget-image\" data-id=\"db0ca9e\" data-element_type=\"widget\" data-widget_type=\"image.default\">\n\t\t\t\t<div class=\"elementor-widget-container\">\n\t\t\t\t\t\t\t\t<div class=\"elementor-image\">\n\t\t\t\t\t\t\t\t\t\t\t\t<img loading=\"lazy\" decoding=\"async\" width=\"460\" height=\"447\" src=\"https:\/\/www.arnaudom.fr\/wordpress\/wp-content\/uploads\/2019\/08\/eqmod02.jpg\" class=\"attachment-large size-large wp-image-2708\" alt=\"\" srcset=\"https:\/\/www.arnaudom.fr\/wordpress\/wp-content\/uploads\/2019\/08\/eqmod02.jpg 460w, https:\/\/www.arnaudom.fr\/wordpress\/wp-content\/uploads\/2019\/08\/eqmod02-300x292.jpg 300w\" sizes=\"auto, (max-width: 460px) 100vw, 460px\" \/>\t\t\t\t\t\t\t\t\t\t\t\t\t\t<\/div>\n\t\t\t\t\t\t<\/div>\n\t\t\t\t<\/div>\n\t\t\t\t<div class=\"elementor-element elementor-element-9fff1dd elementor-widget elementor-widget-text-editor\" data-id=\"9fff1dd\" data-element_type=\"widget\" data-widget_type=\"text-editor.default\">\n\t\t\t\t<div class=\"elementor-widget-container\">\n\t\t\t\t\t\t\t\t<div class=\"elementor-text-editor elementor-clearfix\">\n\t\t\t\t<p>4-Cliquer sur <span class=\"gras\">Connect<\/span> : l&rsquo;interface EQMod s&rsquo;affiche et normalement, vous entendez les moteurs de la monture qui d\u00e9marrent !<\/p>\t\t\t\t\t<\/div>\n\t\t\t\t\t\t<\/div>\n\t\t\t\t<\/div>\n\t\t\t\t<div class=\"elementor-element elementor-element-af814d5 elementor-widget elementor-widget-image\" data-id=\"af814d5\" data-element_type=\"widget\" data-widget_type=\"image.default\">\n\t\t\t\t<div class=\"elementor-widget-container\">\n\t\t\t\t\t\t\t\t<div class=\"elementor-image\">\n\t\t\t\t\t\t\t\t\t\t\t\t<img loading=\"lazy\" decoding=\"async\" width=\"373\" height=\"500\" src=\"https:\/\/www.arnaudom.fr\/wordpress\/wp-content\/uploads\/2019\/08\/eqmod03.jpg\" class=\"attachment-large size-large wp-image-2709\" alt=\"\" srcset=\"https:\/\/www.arnaudom.fr\/wordpress\/wp-content\/uploads\/2019\/08\/eqmod03.jpg 373w, https:\/\/www.arnaudom.fr\/wordpress\/wp-content\/uploads\/2019\/08\/eqmod03-224x300.jpg 224w\" sizes=\"auto, (max-width: 373px) 100vw, 373px\" \/>\t\t\t\t\t\t\t\t\t\t\t\t\t\t<\/div>\n\t\t\t\t\t\t<\/div>\n\t\t\t\t<\/div>\n\t\t\t\t<div class=\"elementor-element elementor-element-0777c92 elementor-widget elementor-widget-text-editor\" data-id=\"0777c92\" data-element_type=\"widget\" data-widget_type=\"text-editor.default\">\n\t\t\t\t<div class=\"elementor-widget-container\">\n\t\t\t\t\t\t\t\t<div class=\"elementor-text-editor elementor-clearfix\">\n\t\t\t\t5-A partir de l\u00e0, la monture est sous votre contr\u00f4le et pr\u00eate \u00e0 r\u00e9pondre aux ordres du logiciel. Rendez-vous dans les prochains mois pour apprendre \u00e0 utiliser EQMOD <img decoding=\"async\" src=\"http:\/\/www.arnaudom.fr\/Img\/smclin.gif\" alt=\"clin d'oeil\" \/> !\t\t\t\t\t<\/div>\n\t\t\t\t\t\t<\/div>\n\t\t\t\t<\/div>\n\t\t\t\t\t\t<\/div>\n\t\t\t\t\t<\/div>\n\t\t<\/div>\n\t\t\t\t\t\t\t\t<\/div>\n\t\t\t\t\t<\/div>\n\t\t<\/section>\n\t\t\t\t\t\t\t\t\t<\/div>\n\t\t\t<\/div>\n\t\t\t\t\t<\/div>\n\t\t","protected":false},"excerpt":{"rendered":"<p>Piloter une monture EQ6 avec EQMOD Ecrit le 27\/02\/12 EQMOD, c&rsquo;est quoi ? EQMOD est un logiciel libre con\u00e7u pour piloter une monture de type EQ6 \u00e0 l&rsquo;aide d&rsquo;un PC. Il va donc transformer votre monture en \u00ab\u00a0mini-observatoire\u00a0\u00bb contr\u00f4l\u00e9 enti\u00e8rement par ordinateur (voire en un vrai observatoire dans le cas de l&rsquo;installation d&rsquo;une telle monture &hellip;<\/p>\n<p class=\"read-more\"> <a class=\"\" href=\"https:\/\/www.arnaudom.fr\/wordpress\/eqmodmer\/\"> <span class=\"screen-reader-text\">eqmodmer<\/span> Lire la suite\u00a0\u00bb<\/a><\/p>\n","protected":false},"author":1,"featured_media":0,"parent":0,"menu_order":0,"comment_status":"closed","ping_status":"closed","template":"","meta":{"site-sidebar-layout":"default","site-content-layout":"default","ast-site-content-layout":"","site-content-style":"default","site-sidebar-style":"default","ast-global-header-display":"","ast-banner-title-visibility":"","ast-main-header-display":"","ast-hfb-above-header-display":"","ast-hfb-below-header-display":"","ast-hfb-mobile-header-display":"","site-post-title":"disabled","ast-breadcrumbs-content":"","ast-featured-img":"","footer-sml-layout":"","theme-transparent-header-meta":"default","adv-header-id-meta":"","stick-header-meta":"","header-above-stick-meta":"","header-main-stick-meta":"","header-below-stick-meta":"","astra-migrate-meta-layouts":"","ast-page-background-enabled":"default","ast-page-background-meta":{"desktop":{"background-color":"","background-image":"","background-repeat":"repeat","background-position":"center center","background-size":"auto","background-attachment":"scroll","background-type":"","background-media":"","overlay-type":"","overlay-color":"","overlay-gradient":""},"tablet":{"background-color":"","background-image":"","background-repeat":"repeat","background-position":"center center","background-size":"auto","background-attachment":"scroll","background-type":"","background-media":"","overlay-type":"","overlay-color":"","overlay-gradient":""},"mobile":{"background-color":"","background-image":"","background-repeat":"repeat","background-position":"center center","background-size":"auto","background-attachment":"scroll","background-type":"","background-media":"","overlay-type":"","overlay-color":"","overlay-gradient":""}},"ast-content-background-meta":{"desktop":{"background-color":"var(--ast-global-color-5)","background-image":"","background-repeat":"repeat","background-position":"center center","background-size":"auto","background-attachment":"scroll","background-type":"","background-media":"","overlay-type":"","overlay-color":"","overlay-gradient":""},"tablet":{"background-color":"var(--ast-global-color-5)","background-image":"","background-repeat":"repeat","background-position":"center center","background-size":"auto","background-attachment":"scroll","background-type":"","background-media":"","overlay-type":"","overlay-color":"","overlay-gradient":""},"mobile":{"background-color":"var(--ast-global-color-5)","background-image":"","background-repeat":"repeat","background-position":"center center","background-size":"auto","background-attachment":"scroll","background-type":"","background-media":"","overlay-type":"","overlay-color":"","overlay-gradient":""}},"footnotes":""},"class_list":["post-2703","page","type-page","status-publish","hentry"],"_links":{"self":[{"href":"https:\/\/www.arnaudom.fr\/wordpress\/wp-json\/wp\/v2\/pages\/2703","targetHints":{"allow":["GET"]}}],"collection":[{"href":"https:\/\/www.arnaudom.fr\/wordpress\/wp-json\/wp\/v2\/pages"}],"about":[{"href":"https:\/\/www.arnaudom.fr\/wordpress\/wp-json\/wp\/v2\/types\/page"}],"author":[{"embeddable":true,"href":"https:\/\/www.arnaudom.fr\/wordpress\/wp-json\/wp\/v2\/users\/1"}],"replies":[{"embeddable":true,"href":"https:\/\/www.arnaudom.fr\/wordpress\/wp-json\/wp\/v2\/comments?post=2703"}],"version-history":[{"count":6,"href":"https:\/\/www.arnaudom.fr\/wordpress\/wp-json\/wp\/v2\/pages\/2703\/revisions"}],"predecessor-version":[{"id":4891,"href":"https:\/\/www.arnaudom.fr\/wordpress\/wp-json\/wp\/v2\/pages\/2703\/revisions\/4891"}],"wp:attachment":[{"href":"https:\/\/www.arnaudom.fr\/wordpress\/wp-json\/wp\/v2\/media?parent=2703"}],"curies":[{"name":"wp","href":"https:\/\/api.w.org\/{rel}","templated":true}]}}