{"id":2657,"date":"2019-08-09T11:30:04","date_gmt":"2019-08-09T09:30:04","guid":{"rendered":"http:\/\/www.arnaudom.fr\/wordpress\/?page_id=2657"},"modified":"2020-08-06T09:31:13","modified_gmt":"2020-08-06T07:31:13","slug":"elementor-2657","status":"publish","type":"page","link":"https:\/\/www.arnaudom.fr\/wordpress\/elementor-2657\/","title":{"rendered":"eq6util"},"content":{"rendered":"\t\t<div data-elementor-type=\"wp-post\" data-elementor-id=\"2657\" class=\"elementor elementor-2657\">\n\t\t\t\t\t\t<div class=\"elementor-inner\">\n\t\t\t\t<div class=\"elementor-section-wrap\">\n\t\t\t\t\t\t\t\t\t<section class=\"elementor-section elementor-top-section elementor-element elementor-element-4e5a7364 elementor-section-full_width elementor-section-height-default elementor-section-height-default\" data-id=\"4e5a7364\" data-element_type=\"section\" data-settings=\"{&quot;background_background&quot;:&quot;classic&quot;}\">\n\t\t\t\t\t\t<div class=\"elementor-container elementor-column-gap-default\">\n\t\t\t\t\t\t\t<div class=\"elementor-row\">\n\t\t\t\t\t<div class=\"elementor-column elementor-col-100 elementor-top-column elementor-element elementor-element-3727ca3\" data-id=\"3727ca3\" data-element_type=\"column\" data-settings=\"{&quot;background_background&quot;:&quot;classic&quot;}\">\n\t\t\t<div class=\"elementor-column-wrap elementor-element-populated\">\n\t\t\t\t\t\t\t<div class=\"elementor-widget-wrap\">\n\t\t\t\t\t\t<div class=\"elementor-element elementor-element-218052ad elementor-widget elementor-widget-heading\" data-id=\"218052ad\" data-element_type=\"widget\" data-widget_type=\"heading.default\">\n\t\t\t\t<div class=\"elementor-widget-container\">\n\t\t\t<h1 class=\"elementor-heading-title elementor-size-default\">Quelques fonctions utiles de la raquette<\/h1>\t\t<\/div>\n\t\t\t\t<\/div>\n\t\t\t\t<div class=\"elementor-element elementor-element-01205c2 elementor-widget elementor-widget-text-editor\" data-id=\"01205c2\" data-element_type=\"widget\" data-widget_type=\"text-editor.default\">\n\t\t\t\t<div class=\"elementor-widget-container\">\n\t\t\t\t\t\t\t\t<div class=\"elementor-text-editor elementor-clearfix\">\n\t\t\t\t<p class=\"ita\"><em>Ecrit le 27\/02\/13.<\/em><\/p><p>Dans cette page, je propose simplement de lister quelques fonctions de la raquette de commande qui m&rsquo;ont sembl\u00e9 utiles au cours de mes \u00ab\u00a0p\u00e9r\u00e9grinations\u00a0\u00bb cosmiques &#8230; (c&rsquo;est beau non ? &#8230; <img decoding=\"async\" src=\"http:\/\/www.arnaudom.fr\/Img\/smrire.gif\" alt=\"clin d'oeil\" \/>). Bien entendu cette page pourra \u00eatre compl\u00e9t\u00e9e ult\u00e9rieurement au fil du temps &#8230;<\/p>\t\t\t\t\t<\/div>\n\t\t\t\t\t\t<\/div>\n\t\t\t\t<\/div>\n\t\t\t\t<div class=\"elementor-element elementor-element-55c7ee56 elementor-widget elementor-widget-heading\" data-id=\"55c7ee56\" data-element_type=\"widget\" data-widget_type=\"heading.default\">\n\t\t\t\t<div class=\"elementor-widget-container\">\n\t\t\t<h2 class=\"elementor-heading-title elementor-size-default\">Petit sommaire :<\/h2>\t\t<\/div>\n\t\t\t\t<\/div>\n\t\t\t\t<div class=\"elementor-element elementor-element-cb0ebda elementor-widget elementor-widget-text-editor\" data-id=\"cb0ebda\" data-element_type=\"widget\" data-widget_type=\"text-editor.default\">\n\t\t\t\t<div class=\"elementor-widget-container\">\n\t\t\t\t\t\t\t\t<div class=\"elementor-text-editor elementor-clearfix\">\n\t\t\t\t<p>1. Activer manuellement le suivi sans avoir param\u00e9tr\u00e9 le Goto.<br \/>2. R\u00e9gler la luminosit\u00e9 du viseur polaire.<br \/>3. Utiliser la fonction <strong><span class=\"gras\">Show Position<\/span><\/strong> pour pointer un objet peu visible.<\/p>\t\t\t\t\t<\/div>\n\t\t\t\t\t\t<\/div>\n\t\t\t\t<\/div>\n\t\t\t\t<div class=\"elementor-element elementor-element-f912c27 elementor-widget elementor-widget-heading\" data-id=\"f912c27\" data-element_type=\"widget\" data-widget_type=\"heading.default\">\n\t\t\t\t<div class=\"elementor-widget-container\">\n\t\t\t<h2 class=\"elementor-heading-title elementor-size-default\">1. Activer manuellement le suivi sans avoir param\u00e9tr\u00e9 le Goto :<\/h2>\t\t<\/div>\n\t\t\t\t<\/div>\n\t\t\t\t<div class=\"elementor-element elementor-element-b81810f elementor-widget elementor-widget-text-editor\" data-id=\"b81810f\" data-element_type=\"widget\" data-widget_type=\"text-editor.default\">\n\t\t\t\t<div class=\"elementor-widget-container\">\n\t\t\t\t\t\t\t\t<div class=\"elementor-text-editor elementor-clearfix\">\n\t\t\t\t<p>vous avez remarqu\u00e9 (ou pas ? &#8230;) que, pour que la monture \u00ab\u00a0suive\u00a0\u00bb un objet, il faut d&rsquo;abord param\u00e9trer le Goto, ensuite on envoie la monture pointer l&rsquo;objet en question et enfin les moteurs se mettent en route et le suivi est activ\u00e9. Seulement parfois on veut pointer un objet qui ne n\u00e9cessite pas le recours au Goto (La Lune, Jupiter, la n\u00e9buleuse d&rsquo;Orion&#8230;) et donc on n&rsquo;a pas forc\u00e9ment envie (ou besoin&#8230;) de perdre du temps \u00e0 le param\u00e9trer.<\/p><p>On va donc pointer l&rsquo;objet que l&rsquo;on souhaite en utilisant les fl\u00e8ches de direction de la raquette et, une fois celui-ci centr\u00e9, on va activer manuellement les moteurs en allant dans le menu <span class=\"gras\"><strong>Setup<\/strong> Mode<\/span> puis <strong><span class=\"gras\">Tracking<\/span><\/strong> et enfin en s\u00e9lectionnant <strong><span class=\"gras\">Sideral Rate<\/span><\/strong> (vitesse sid\u00e9rale, on pourrait choisir <strong><span class=\"gras\">Lunar Rate<\/span><\/strong> pour la Lune ou <strong><span class=\"gras\">Solar Rate<\/span><\/strong> pour le Soleil). On entend normalement le son typique des moteurs de l&rsquo;EQ6 en marche.<\/p><p>Donc en r\u00e9sum\u00e9 pour activer manuellement les moteurs : <strong><span class=\"gras\">Setup Mode\/Tracking\/Sideral Rate<\/span>.<\/strong><\/p>\t\t\t\t\t<\/div>\n\t\t\t\t\t\t<\/div>\n\t\t\t\t<\/div>\n\t\t\t\t<div class=\"elementor-element elementor-element-02ecf84 elementor-widget elementor-widget-heading\" data-id=\"02ecf84\" data-element_type=\"widget\" data-widget_type=\"heading.default\">\n\t\t\t\t<div class=\"elementor-widget-container\">\n\t\t\t<h2 class=\"elementor-heading-title elementor-size-default\">2. R\u00e9gler la luminosit\u00e9 du viseur polaire :<\/h2>\t\t<\/div>\n\t\t\t\t<\/div>\n\t\t\t\t<div class=\"elementor-element elementor-element-61f7cae elementor-widget elementor-widget-text-editor\" data-id=\"61f7cae\" data-element_type=\"widget\" data-widget_type=\"text-editor.default\">\n\t\t\t\t<div class=\"elementor-widget-container\">\n\t\t\t\t\t\t\t\t<div class=\"elementor-text-editor elementor-clearfix\">\n\t\t\t\t<p>l&rsquo;\u00e9clairage du viseur polaire est une fonctionnalit\u00e9 tr\u00e8s pratique, mais par d\u00e9faut son intensit\u00e9 est trop forte, ce qui fait qu&rsquo;on ne parvient pas forc\u00e9ment \u00e0 distinguer l&rsquo;\u00e9toile polaire dans le viseur \u00e0 cause de cela, ce qui est tout de m\u00eame g\u00eanant pour faire une mise en station <img decoding=\"async\" src=\"http:\/\/www.arnaudom.fr\/Img\/smrire.gif\" alt=\"clin d'oeil\" \/> &#8230;<\/p><p>On va dans le menu <strong><span class=\"gras\">Setup Mode<\/span> <\/strong>puis <strong><span class=\"gras\">Handset Settings<\/span><\/strong> et enfin <strong><span class=\"gras\">Polarscope LED<\/span><\/strong> : par d\u00e9faut, l&rsquo;intensit\u00e9 est r\u00e9gl\u00e9e \u00e0 100 %, il suffit de l&rsquo;abaisser \u00e0 l&rsquo;aide de la fl\u00e8che gauche (\u00e0 10 % \u00e7a semble largement suffisant) pour se retrouver avec un viseur polaire utilisable.<\/p>\t\t\t\t\t<\/div>\n\t\t\t\t\t\t<\/div>\n\t\t\t\t<\/div>\n\t\t\t\t<div class=\"elementor-element elementor-element-203bb9c elementor-widget elementor-widget-heading\" data-id=\"203bb9c\" data-element_type=\"widget\" data-widget_type=\"heading.default\">\n\t\t\t\t<div class=\"elementor-widget-container\">\n\t\t\t<h2 class=\"elementor-heading-title elementor-size-default\">3.Utiliser la fonction Show Position pour pointer un objet peu visible :<\/h2>\t\t<\/div>\n\t\t\t\t<\/div>\n\t\t\t\t<div class=\"elementor-element elementor-element-87db06b elementor-widget elementor-widget-text-editor\" data-id=\"87db06b\" data-element_type=\"widget\" data-widget_type=\"text-editor.default\">\n\t\t\t\t<div class=\"elementor-widget-container\">\n\t\t\t\t\t\t\t\t<div class=\"elementor-text-editor elementor-clearfix\">\n\t\t\t\t<p>dans le menu <strong><span class=\"gras\">Utility Functions<\/span><\/strong> se trouve la fonction <strong><span class=\"gras\">Show Position<\/span><\/strong> qui affiche les coordonn\u00e9es (ascension droite et d\u00e9clinaison) du point du ciel sur lequel pointe la monture. Cette fonction m&rsquo;a parfois \u00e9t\u00e9 utile lors de s\u00e9ances d&rsquo;astrophotographie, pour pointer un objet peu lumineux qui n&rsquo;appara\u00eet quasiment pas dans l&rsquo;oculaire (typiquement une n\u00e9buleuse ou une faible galaxie).<\/p><p>L&rsquo;id\u00e9e est de choisir un second objet qui va servir de jalon (en g\u00e9n\u00e9ral une \u00e9toile), proche de l&rsquo;objet vis\u00e9, la caract\u00e9ristique de ce second objet \u00e9tant que lui sera tr\u00e8s visible et donc facile \u00e0 pointer et \u00e0 centrer dans l&rsquo;oculaire. Il faut \u00e9galement conna\u00eetre les coordonn\u00e9es de l&rsquo;objet que l&rsquo;on veut pointer.<\/p><p>On vise et on centre donc l&rsquo;objet-jalon dans l&rsquo;oculaire, puis on affiche ses coordonn\u00e9es \u00e0 l&rsquo;aide de la fonction <strong><span class=\"gras\">Show Position<\/span><\/strong>.<\/p><p>Ensuite, il suffit de d\u00e9placer la monture avec les fl\u00e8ches de direction, en ascension droite et en d\u00e9clinaison , jusqu&rsquo;\u00e0 faire afficher les coordonn\u00e9es de l&rsquo;objet cherch\u00e9. Celui-ci sera donc normalement centr\u00e9 dans l&rsquo;oculaire \u00e0 ce moment-l\u00e0.<\/p><p>En fait, cette fonction permet de faire un pointage par coordonn\u00e9es \u00e0 partir d&rsquo;un objet-jalon, comme on peut le pratiquer avec les cercles de coordonn\u00e9es de la monture, la diff\u00e9rence \u00e9tant qu&rsquo;on lit les coordonn\u00e9es directement sur la raquette plut\u00f4t que sur les cercles, ce qui est plus rapide, plus pr\u00e9cis et plus pratique !<\/p><p><strong><span class=\"gras\">Exemple :<\/span><\/strong><br \/>j&rsquo;ai souhait\u00e9 l&rsquo;\u00e9t\u00e9 dernier faire une photographie de NGC 6992, la grande dentelle du Cygne, objet qui est invisible \u00e0 l&rsquo;oculaire sans utiliser un filtre.<\/p><p>&#8211; J&rsquo;ai donc point\u00e9 l&rsquo;\u00e9toile 52 du Cygne, qui est relativement visible \u00e0 l&rsquo;oeil nu, et l&rsquo;ai centr\u00e9e dans l&rsquo;oculaire (pour information, cette \u00e9toile se trouve au centre de NGC 6960, la petite dentelle du Cygne, qui est encore plus difficile \u00e0 voir que la grande, mais qui a l&rsquo;avantage de la pr\u00e9sence de cette \u00e9toile pour permettre son rep\u00e9rage).<br \/>&#8211; La fonction <strong><span class=\"gras\">Show Position<\/span><\/strong> affiche alors les coordonn\u00e9es de l&rsquo;\u00e9toile : AD = 20h46 et DEC = 30\u00b043.<br \/>&#8211; Les coordonn\u00e9es de la grande dentelle sont les suivantes : AD = 20h56 et DEC = 31\u00b043.<br \/>&#8211; Il suffit alors d&rsquo;utiliser les touches de direction de la monture, jusqu&rsquo;\u00e0 ce que la raquette affiche les coordonn\u00e9es de la grande dentelle. Et voil\u00e0 !<\/p>\t\t\t\t\t<\/div>\n\t\t\t\t\t\t<\/div>\n\t\t\t\t<\/div>\n\t\t\t\t\t\t<\/div>\n\t\t\t\t\t<\/div>\n\t\t<\/div>\n\t\t\t\t\t\t\t\t<\/div>\n\t\t\t\t\t<\/div>\n\t\t<\/section>\n\t\t\t\t\t\t\t\t\t<\/div>\n\t\t\t<\/div>\n\t\t\t\t\t<\/div>\n\t\t","protected":false},"excerpt":{"rendered":"<p>Quelques fonctions utiles de la raquette Ecrit le 27\/02\/13. Dans cette page, je propose simplement de lister quelques fonctions de la raquette de commande qui m&rsquo;ont sembl\u00e9 utiles au cours de mes \u00ab\u00a0p\u00e9r\u00e9grinations\u00a0\u00bb cosmiques &#8230; (c&rsquo;est beau non ? &#8230; ). Bien entendu cette page pourra \u00eatre compl\u00e9t\u00e9e ult\u00e9rieurement au fil du temps &#8230; Petit &hellip;<\/p>\n<p class=\"read-more\"> <a class=\"\" href=\"https:\/\/www.arnaudom.fr\/wordpress\/elementor-2657\/\"> <span class=\"screen-reader-text\">eq6util<\/span> Lire la suite\u00a0\u00bb<\/a><\/p>\n","protected":false},"author":1,"featured_media":0,"parent":0,"menu_order":0,"comment_status":"closed","ping_status":"closed","template":"","meta":{"site-sidebar-layout":"default","site-content-layout":"default","ast-site-content-layout":"","site-content-style":"default","site-sidebar-style":"default","ast-global-header-display":"","ast-banner-title-visibility":"","ast-main-header-display":"","ast-hfb-above-header-display":"","ast-hfb-below-header-display":"","ast-hfb-mobile-header-display":"","site-post-title":"disabled","ast-breadcrumbs-content":"","ast-featured-img":"","footer-sml-layout":"","theme-transparent-header-meta":"default","adv-header-id-meta":"","stick-header-meta":"","header-above-stick-meta":"","header-main-stick-meta":"","header-below-stick-meta":"","astra-migrate-meta-layouts":"","ast-page-background-enabled":"default","ast-page-background-meta":{"desktop":{"background-color":"","background-image":"","background-repeat":"repeat","background-position":"center center","background-size":"auto","background-attachment":"scroll","background-type":"","background-media":"","overlay-type":"","overlay-color":"","overlay-gradient":""},"tablet":{"background-color":"","background-image":"","background-repeat":"repeat","background-position":"center center","background-size":"auto","background-attachment":"scroll","background-type":"","background-media":"","overlay-type":"","overlay-color":"","overlay-gradient":""},"mobile":{"background-color":"","background-image":"","background-repeat":"repeat","background-position":"center center","background-size":"auto","background-attachment":"scroll","background-type":"","background-media":"","overlay-type":"","overlay-color":"","overlay-gradient":""}},"ast-content-background-meta":{"desktop":{"background-color":"var(--ast-global-color-5)","background-image":"","background-repeat":"repeat","background-position":"center center","background-size":"auto","background-attachment":"scroll","background-type":"","background-media":"","overlay-type":"","overlay-color":"","overlay-gradient":""},"tablet":{"background-color":"var(--ast-global-color-5)","background-image":"","background-repeat":"repeat","background-position":"center center","background-size":"auto","background-attachment":"scroll","background-type":"","background-media":"","overlay-type":"","overlay-color":"","overlay-gradient":""},"mobile":{"background-color":"var(--ast-global-color-5)","background-image":"","background-repeat":"repeat","background-position":"center center","background-size":"auto","background-attachment":"scroll","background-type":"","background-media":"","overlay-type":"","overlay-color":"","overlay-gradient":""}},"footnotes":""},"class_list":["post-2657","page","type-page","status-publish","hentry"],"_links":{"self":[{"href":"https:\/\/www.arnaudom.fr\/wordpress\/wp-json\/wp\/v2\/pages\/2657","targetHints":{"allow":["GET"]}}],"collection":[{"href":"https:\/\/www.arnaudom.fr\/wordpress\/wp-json\/wp\/v2\/pages"}],"about":[{"href":"https:\/\/www.arnaudom.fr\/wordpress\/wp-json\/wp\/v2\/types\/page"}],"author":[{"embeddable":true,"href":"https:\/\/www.arnaudom.fr\/wordpress\/wp-json\/wp\/v2\/users\/1"}],"replies":[{"embeddable":true,"href":"https:\/\/www.arnaudom.fr\/wordpress\/wp-json\/wp\/v2\/comments?post=2657"}],"version-history":[{"count":8,"href":"https:\/\/www.arnaudom.fr\/wordpress\/wp-json\/wp\/v2\/pages\/2657\/revisions"}],"predecessor-version":[{"id":4894,"href":"https:\/\/www.arnaudom.fr\/wordpress\/wp-json\/wp\/v2\/pages\/2657\/revisions\/4894"}],"wp:attachment":[{"href":"https:\/\/www.arnaudom.fr\/wordpress\/wp-json\/wp\/v2\/media?parent=2657"}],"curies":[{"name":"wp","href":"https:\/\/api.w.org\/{rel}","templated":true}]}}