{"id":2613,"date":"2019-08-08T17:29:36","date_gmt":"2019-08-08T15:29:36","guid":{"rendered":"http:\/\/www.arnaudom.fr\/wordpress\/?page_id=2613"},"modified":"2020-08-06T09:21:20","modified_gmt":"2020-08-06T07:21:20","slug":"eq6mer","status":"publish","type":"page","link":"https:\/\/www.arnaudom.fr\/wordpress\/eq6mer\/","title":{"rendered":"eq6mer"},"content":{"rendered":"\t\t<div data-elementor-type=\"wp-post\" data-elementor-id=\"2613\" class=\"elementor elementor-2613 elementor-bc-flex-widget\">\n\t\t\t\t\t\t<div class=\"elementor-inner\">\n\t\t\t\t<div class=\"elementor-section-wrap\">\n\t\t\t\t\t\t\t\t\t<section class=\"elementor-section elementor-top-section elementor-element elementor-element-3cf31d06 elementor-section-full_width elementor-section-height-default elementor-section-height-default\" data-id=\"3cf31d06\" data-element_type=\"section\" data-settings=\"{&quot;background_background&quot;:&quot;classic&quot;}\">\n\t\t\t\t\t\t<div class=\"elementor-container elementor-column-gap-default\">\n\t\t\t\t\t\t\t<div class=\"elementor-row\">\n\t\t\t\t\t<div class=\"elementor-column elementor-col-100 elementor-top-column elementor-element elementor-element-56365eb7\" data-id=\"56365eb7\" data-element_type=\"column\" data-settings=\"{&quot;background_background&quot;:&quot;classic&quot;}\">\n\t\t\t<div class=\"elementor-column-wrap elementor-element-populated\">\n\t\t\t\t\t\t\t<div class=\"elementor-widget-wrap\">\n\t\t\t\t\t\t<div class=\"elementor-element elementor-element-3c6541a4 elementor-widget elementor-widget-heading\" data-id=\"3c6541a4\" data-element_type=\"widget\" data-widget_type=\"heading.default\">\n\t\t\t\t<div class=\"elementor-widget-container\">\n\t\t\t<h1 class=\"elementor-heading-title elementor-size-default\">Mise en route d'une monture EQ6 Goto<\/h1>\t\t<\/div>\n\t\t\t\t<\/div>\n\t\t\t\t<div class=\"elementor-element elementor-element-1809028 elementor-widget elementor-widget-text-editor\" data-id=\"1809028\" data-element_type=\"widget\" data-widget_type=\"text-editor.default\">\n\t\t\t\t<div class=\"elementor-widget-container\">\n\t\t\t\t\t\t\t\t<div class=\"elementor-text-editor elementor-clearfix\">\n\t\t\t\t<p><em>Ecrit le 25\/02\/12.<\/em><\/p>\t\t\t\t\t<\/div>\n\t\t\t\t\t\t<\/div>\n\t\t\t\t<\/div>\n\t\t\t\t<div class=\"elementor-element elementor-element-673fb715 elementor-widget elementor-widget-heading\" data-id=\"673fb715\" data-element_type=\"widget\" data-widget_type=\"heading.default\">\n\t\t\t\t<div class=\"elementor-widget-container\">\n\t\t\t<h2 class=\"elementor-heading-title elementor-size-default\">Pr\u00e9liminaires :<\/h2>\t\t<\/div>\n\t\t\t\t<\/div>\n\t\t\t\t<div class=\"elementor-element elementor-element-fc28e78 elementor-widget elementor-widget-text-editor\" data-id=\"fc28e78\" data-element_type=\"widget\" data-widget_type=\"text-editor.default\">\n\t\t\t\t<div class=\"elementor-widget-container\">\n\t\t\t\t\t\t\t\t<div class=\"elementor-text-editor elementor-clearfix\">\n\t\t\t\t<p>le but de cette page est simplement de d\u00e9crire la mise en route de la monture EQ6 Goto et le param\u00e9trage initial de la raquette. Je suppose donc que la monture est install\u00e9e dans une position correcte pour l&rsquo;observation, qu&rsquo;elle est \u00e9ventuellement mise en station et reli\u00e9e \u00e0 la source d&rsquo;alimentation n\u00e9cessaire et que la raquette de commande est branch\u00e9e.<\/p>\t\t\t\t\t<\/div>\n\t\t\t\t\t\t<\/div>\n\t\t\t\t<\/div>\n\t\t\t\t<div class=\"elementor-element elementor-element-439acdf elementor-widget elementor-widget-heading\" data-id=\"439acdf\" data-element_type=\"widget\" data-widget_type=\"heading.default\">\n\t\t\t\t<div class=\"elementor-widget-container\">\n\t\t\t<h2 class=\"elementor-heading-title elementor-size-default\">Mise en route :<\/h2>\t\t<\/div>\n\t\t\t\t<\/div>\n\t\t\t\t<div class=\"elementor-element elementor-element-b1b5ad9 elementor-widget elementor-widget-text-editor\" data-id=\"b1b5ad9\" data-element_type=\"widget\" data-widget_type=\"text-editor.default\">\n\t\t\t\t<div class=\"elementor-widget-container\">\n\t\t\t\t\t\t\t\t<div class=\"elementor-text-editor elementor-clearfix\">\n\t\t\t\t<p>1. On allume la monture en appuyant sur le bouton <b><span class=\"gras\">ON<\/span><\/b> <img decoding=\"async\" src=\"http:\/\/www.arnaudom.fr\/Img\/smrire.gif\" alt=\"clin d'oeil\" \/>.<\/p><p>2. Sur l&rsquo;\u00e9cran de la raquette s&rsquo;affiche la version de son logiciel, puis un message de mise en garde sur le pointage du soleil d\u00e9file : appuyer sur <b><span class=\"gras\">ENTER<\/span><\/b> pour passer \u00e0 la suite.<\/p>\t\t\t\t\t<\/div>\n\t\t\t\t\t\t<\/div>\n\t\t\t\t<\/div>\n\t\t\t\t<div class=\"elementor-element elementor-element-3fed048 elementor-widget elementor-widget-image\" data-id=\"3fed048\" data-element_type=\"widget\" data-widget_type=\"image.default\">\n\t\t\t\t<div class=\"elementor-widget-container\">\n\t\t\t\t\t\t\t\t<div class=\"elementor-image\">\n\t\t\t\t\t\t\t\t\t\t\t\t<img loading=\"lazy\" decoding=\"async\" width=\"256\" height=\"200\" src=\"https:\/\/www.arnaudom.fr\/wordpress\/wp-content\/uploads\/2019\/08\/eq607.jpg\" class=\"attachment-large size-large wp-image-2617\" alt=\"\" \/>\t\t\t\t\t\t\t\t\t\t\t\t\t\t<\/div>\n\t\t\t\t\t\t<\/div>\n\t\t\t\t<\/div>\n\t\t\t\t<div class=\"elementor-element elementor-element-6c2316c elementor-widget elementor-widget-text-editor\" data-id=\"6c2316c\" data-element_type=\"widget\" data-widget_type=\"text-editor.default\">\n\t\t\t\t<div class=\"elementor-widget-container\">\n\t\t\t\t\t\t\t\t<div class=\"elementor-text-editor elementor-clearfix\">\n\t\t\t\t<p>3. Il s&rsquo;agit maintenant d&rsquo;entrer les coordonn\u00e9es du lieu d&rsquo;observation, en commen\u00e7ant par la longitude puis ensuite la latitude. Utiliser les fl\u00e9ches de d\u00e9filement tout en bas de la raquette pour choisir entre W et E (pour Ouest et Est) pour la longitude, puis N et S (Nord et Sud) pour la latitude. Utiliser les fl\u00e8ches droite et gauche de la raquette pour d\u00e9placer le curseur sur les nombres correspondants. Dans mon cas j&rsquo;afffiche par exemple pour la longitude 06\u00b037&rsquo;E et 46\u00b021&rsquo;N pour la latitude. Ensuite on presse <b><span class=\"gras\">ENTER<\/span><\/b>.<\/p>\t\t\t\t\t<\/div>\n\t\t\t\t\t\t<\/div>\n\t\t\t\t<\/div>\n\t\t\t\t<div class=\"elementor-element elementor-element-1c1246d elementor-widget elementor-widget-image\" data-id=\"1c1246d\" data-element_type=\"widget\" data-widget_type=\"image.default\">\n\t\t\t\t<div class=\"elementor-widget-container\">\n\t\t\t\t\t\t\t\t<div class=\"elementor-image\">\n\t\t\t\t\t\t\t\t\t\t\t\t<img loading=\"lazy\" decoding=\"async\" width=\"233\" height=\"200\" src=\"https:\/\/www.arnaudom.fr\/wordpress\/wp-content\/uploads\/2019\/08\/eq608.jpg\" class=\"attachment-large size-large wp-image-2618\" alt=\"\" \/>\t\t\t\t\t\t\t\t\t\t\t\t\t\t<\/div>\n\t\t\t\t\t\t<\/div>\n\t\t\t\t<\/div>\n\t\t\t\t<div class=\"elementor-element elementor-element-849bdaa elementor-widget elementor-widget-text-editor\" data-id=\"849bdaa\" data-element_type=\"widget\" data-widget_type=\"text-editor.default\">\n\t\t\t\t<div class=\"elementor-widget-container\">\n\t\t\t\t\t\t\t\t<div class=\"elementor-text-editor elementor-clearfix\">\n\t\t\t\t<p><strong><span class=\"gras\">Remarque :<\/span><\/strong> si on observe toujours au m\u00eame endroit, la raquette garde en m\u00e9moire les coordonn\u00e9es des sessions pr\u00e9c\u00e9dentes.<\/p><p>4. Entrer ensuite le fuseau horaire de votre zone d&rsquo;observation (\u00ab\u00a0<strong><span class=\"gras\">Time Zone<\/span><\/strong>\u00ab\u00a0), soit + 1 pour la France, puis presser <strong><span class=\"gras\">ENTER<\/span><\/strong>.<\/p>\t\t\t\t\t<\/div>\n\t\t\t\t\t\t<\/div>\n\t\t\t\t<\/div>\n\t\t\t\t<div class=\"elementor-element elementor-element-a2761ac elementor-widget elementor-widget-image\" data-id=\"a2761ac\" data-element_type=\"widget\" data-widget_type=\"image.default\">\n\t\t\t\t<div class=\"elementor-widget-container\">\n\t\t\t\t\t\t\t\t<div class=\"elementor-image\">\n\t\t\t\t\t\t\t\t\t\t\t\t<img loading=\"lazy\" decoding=\"async\" width=\"220\" height=\"200\" src=\"https:\/\/www.arnaudom.fr\/wordpress\/wp-content\/uploads\/2019\/08\/eq609.jpg\" class=\"attachment-large size-large wp-image-2619\" alt=\"\" \/>\t\t\t\t\t\t\t\t\t\t\t\t\t\t<\/div>\n\t\t\t\t\t\t<\/div>\n\t\t\t\t<\/div>\n\t\t\t\t<div class=\"elementor-element elementor-element-59b3da6 elementor-widget elementor-widget-text-editor\" data-id=\"59b3da6\" data-element_type=\"widget\" data-widget_type=\"text-editor.default\">\n\t\t\t\t<div class=\"elementor-widget-container\">\n\t\t\t\t\t\t\t\t<div class=\"elementor-text-editor elementor-clearfix\">\n\t\t\t\t<p>5. On entre ensuite la date, en prenant garde que celle-ci doit \u00eatre entr\u00e9e au <strong><span class=\"gras\">format am\u00e9ricain<\/span><\/strong>, soit <strong><span class=\"gras\">mm\/dd\/yyyy<\/span><\/strong> (c&rsquo;est-\u00e0-dire mois\/jour\/ann\u00e9e). <strong><span class=\"gras col4\" style=\"color: #f20000;\">C&rsquo;est une erreur classique de d\u00e9butant , \u00e0 ne pas commettre !<\/span><\/strong><br \/>Par exemple, pour entrer la date du 27 f\u00e9vrier 2012, on tapera<strong> <span class=\"gras\">02\/27\/2012<\/span><\/strong> (et pas <strong><span class=\"gras\">27\/02\/2012<\/span> !!<\/strong>) &#8230; puis <strong><span class=\"gras\">ENTER<\/span><\/strong>.<\/p>\t\t\t\t\t<\/div>\n\t\t\t\t\t\t<\/div>\n\t\t\t\t<\/div>\n\t\t\t\t<div class=\"elementor-element elementor-element-70a1887 elementor-widget elementor-widget-image\" data-id=\"70a1887\" data-element_type=\"widget\" data-widget_type=\"image.default\">\n\t\t\t\t<div class=\"elementor-widget-container\">\n\t\t\t\t\t\t\t\t<div class=\"elementor-image\">\n\t\t\t\t\t\t\t\t\t\t\t\t<img loading=\"lazy\" decoding=\"async\" width=\"271\" height=\"200\" src=\"https:\/\/www.arnaudom.fr\/wordpress\/wp-content\/uploads\/2019\/08\/eq610.jpg\" class=\"attachment-large size-large wp-image-2620\" alt=\"\" \/>\t\t\t\t\t\t\t\t\t\t\t\t\t\t<\/div>\n\t\t\t\t\t\t<\/div>\n\t\t\t\t<\/div>\n\t\t\t\t<div class=\"elementor-element elementor-element-470774e elementor-widget elementor-widget-text-editor\" data-id=\"470774e\" data-element_type=\"widget\" data-widget_type=\"text-editor.default\">\n\t\t\t\t<div class=\"elementor-widget-container\">\n\t\t\t\t\t\t\t\t<div class=\"elementor-text-editor elementor-clearfix\">\n\t\t\t\t<p>6. Entrer ensuite l&rsquo;heure locale (au format 0-24h) puis <strong><span class=\"gras\">ENTER<\/span><\/strong>.<\/p>\t\t\t\t\t<\/div>\n\t\t\t\t\t\t<\/div>\n\t\t\t\t<\/div>\n\t\t\t\t<div class=\"elementor-element elementor-element-f11d679 elementor-widget elementor-widget-image\" data-id=\"f11d679\" data-element_type=\"widget\" data-widget_type=\"image.default\">\n\t\t\t\t<div class=\"elementor-widget-container\">\n\t\t\t\t\t\t\t\t<div class=\"elementor-image\">\n\t\t\t\t\t\t\t\t\t\t\t\t<img loading=\"lazy\" decoding=\"async\" width=\"242\" height=\"200\" src=\"https:\/\/www.arnaudom.fr\/wordpress\/wp-content\/uploads\/2019\/08\/eq611.jpg\" class=\"attachment-large size-large wp-image-2621\" alt=\"\" \/>\t\t\t\t\t\t\t\t\t\t\t\t\t\t<\/div>\n\t\t\t\t\t\t<\/div>\n\t\t\t\t<\/div>\n\t\t\t\t<div class=\"elementor-element elementor-element-40759b3 elementor-widget elementor-widget-text-editor\" data-id=\"40759b3\" data-element_type=\"widget\" data-widget_type=\"text-editor.default\">\n\t\t\t\t<div class=\"elementor-widget-container\">\n\t\t\t\t\t\t\t\t<div class=\"elementor-text-editor elementor-clearfix\">\n\t\t\t\t<p>7. Vient ensuite la question \u00ab\u00a0<strong><span class=\"gras\">DAYLIGHT SAVING ?<\/span><\/strong>\u00ab\u00a0. Il s&rsquo;agit pour le logiciel de la raquette de savoir si l&rsquo;heure entr\u00e9e pr\u00e9c\u00e9demment correspondant \u00e0 l&rsquo;heure d&rsquo;\u00e9t\u00e9 ou l&rsquo;heure d&rsquo;hiver. La r\u00e9ponse devrait \u00eatre oui pour l&rsquo;heure d&rsquo;\u00e9t\u00e9 et non pour l&rsquo;heure d&rsquo;hiver. On utilise les fl\u00e8ches de d\u00e9filement pour r\u00e9pondre, puis <strong><span class=\"gras\">ENTER<\/span><\/strong>.<\/p>\t\t\t\t\t<\/div>\n\t\t\t\t\t\t<\/div>\n\t\t\t\t<\/div>\n\t\t\t\t<div class=\"elementor-element elementor-element-d74235e elementor-widget elementor-widget-image\" data-id=\"d74235e\" data-element_type=\"widget\" data-widget_type=\"image.default\">\n\t\t\t\t<div class=\"elementor-widget-container\">\n\t\t\t\t\t\t\t\t<div class=\"elementor-image\">\n\t\t\t\t\t\t\t\t\t\t\t\t<img loading=\"lazy\" decoding=\"async\" width=\"228\" height=\"200\" src=\"https:\/\/www.arnaudom.fr\/wordpress\/wp-content\/uploads\/2019\/08\/eq612.jpg\" class=\"attachment-large size-large wp-image-2622\" alt=\"\" \/>\t\t\t\t\t\t\t\t\t\t\t\t\t\t<\/div>\n\t\t\t\t\t\t<\/div>\n\t\t\t\t<\/div>\n\t\t\t\t<div class=\"elementor-element elementor-element-729c95c elementor-widget elementor-widget-text-editor\" data-id=\"729c95c\" data-element_type=\"widget\" data-widget_type=\"text-editor.default\">\n\t\t\t\t<div class=\"elementor-widget-container\">\n\t\t\t\t\t\t\t\t<div class=\"elementor-text-editor elementor-clearfix\">\n\t\t\t\t<p>8. Appara\u00eet ensuite un message avec Polaris et des valeurs pour HA et Clock. La valeur HA de Polaris est tr\u00e8s utile pour faire une mise en station pr\u00e9cise de la monture \u00e0 l&rsquo;aide du viseur polaire&#8230; On en reparlera plus tard <img decoding=\"async\" src=\"http:\/\/www.arnaudom.fr\/Img\/smclin.gif\" alt=\"clin d'oeil\" \/>&#8230;<\/p>\t\t\t\t\t<\/div>\n\t\t\t\t\t\t<\/div>\n\t\t\t\t<\/div>\n\t\t\t\t<div class=\"elementor-element elementor-element-f564b43 elementor-widget elementor-widget-image\" data-id=\"f564b43\" data-element_type=\"widget\" data-widget_type=\"image.default\">\n\t\t\t\t<div class=\"elementor-widget-container\">\n\t\t\t\t\t\t\t\t<div class=\"elementor-image\">\n\t\t\t\t\t\t\t\t\t\t\t\t<img loading=\"lazy\" decoding=\"async\" width=\"251\" height=\"200\" src=\"https:\/\/www.arnaudom.fr\/wordpress\/wp-content\/uploads\/2019\/08\/eq613.jpg\" class=\"attachment-large size-large wp-image-2623\" alt=\"\" \/>\t\t\t\t\t\t\t\t\t\t\t\t\t\t<\/div>\n\t\t\t\t\t\t<\/div>\n\t\t\t\t<\/div>\n\t\t\t\t<div class=\"elementor-element elementor-element-3c5b157 elementor-widget elementor-widget-text-editor\" data-id=\"3c5b157\" data-element_type=\"widget\" data-widget_type=\"text-editor.default\">\n\t\t\t\t<div class=\"elementor-widget-container\">\n\t\t\t\t\t\t\t\t<div class=\"elementor-text-editor elementor-clearfix\">\n\t\t\t\t<p>9. Enfin, la question \u00ab\u00a0<strong><span class=\"gras\">Begin alignement ?<\/span><\/strong>\u00a0\u00bb (Commencez l&rsquo;alignement ?) appara\u00eet. Presser <strong><span class=\"gras\">1<\/span><\/strong> puis <strong><span class=\"gras\">ENTER<\/span><\/strong> pour d\u00e9marrer la proc\u00e9dure d&rsquo;alignement du Goto, ou <strong><span class=\"gras\">2<\/span><\/strong> pour passer l&rsquo;alignement et retourner au menu principal.<\/p>\t\t\t\t\t<\/div>\n\t\t\t\t\t\t<\/div>\n\t\t\t\t<\/div>\n\t\t\t\t<div class=\"elementor-element elementor-element-8b8df0e elementor-widget elementor-widget-image\" data-id=\"8b8df0e\" data-element_type=\"widget\" data-widget_type=\"image.default\">\n\t\t\t\t<div class=\"elementor-widget-container\">\n\t\t\t\t\t\t\t\t<div class=\"elementor-image\">\n\t\t\t\t\t\t\t\t\t\t\t\t<img loading=\"lazy\" decoding=\"async\" width=\"251\" height=\"200\" src=\"https:\/\/www.arnaudom.fr\/wordpress\/wp-content\/uploads\/2019\/08\/eq614.jpg\" class=\"attachment-large size-large wp-image-2624\" alt=\"\" \/>\t\t\t\t\t\t\t\t\t\t\t\t\t\t<\/div>\n\t\t\t\t\t\t<\/div>\n\t\t\t\t<\/div>\n\t\t\t\t<div class=\"elementor-element elementor-element-cb9d8e6 elementor-widget elementor-widget-text-editor\" data-id=\"cb9d8e6\" data-element_type=\"widget\" data-widget_type=\"text-editor.default\">\n\t\t\t\t<div class=\"elementor-widget-container\">\n\t\t\t\t\t\t\t\t<div class=\"elementor-text-editor elementor-clearfix\">\n\t\t\t\t<p style=\"text-align: left;\">Voil\u00e0, la proc\u00e9dure initiale est effectu\u00e9e, je d\u00e9crirai dans les mises \u00e0 jour des mois prochains comment proc\u00e9der \u00e0 l&rsquo;alignement du Goto et les autres fonctionnalit\u00e9s int\u00e9ressantes de cette monture et de sa raquette.<\/p><p style=\"text-align: center;\"><br \/>A bient\u00f4t donc <img decoding=\"async\" src=\"http:\/\/www.arnaudom.fr\/Img\/smclin.gif\" alt=\"clin d'oeil\" \/> !<\/p>\t\t\t\t\t<\/div>\n\t\t\t\t\t\t<\/div>\n\t\t\t\t<\/div>\n\t\t\t\t\t\t<\/div>\n\t\t\t\t\t<\/div>\n\t\t<\/div>\n\t\t\t\t\t\t\t\t<\/div>\n\t\t\t\t\t<\/div>\n\t\t<\/section>\n\t\t\t\t\t\t\t\t\t<\/div>\n\t\t\t<\/div>\n\t\t\t\t\t<\/div>\n\t\t","protected":false},"excerpt":{"rendered":"<p>Mise en route d&rsquo;une monture EQ6 Goto Ecrit le 25\/02\/12. Pr\u00e9liminaires : le but de cette page est simplement de d\u00e9crire la mise en route de la monture EQ6 Goto et le param\u00e9trage initial de la raquette. Je suppose donc que la monture est install\u00e9e dans une position correcte pour l&rsquo;observation, qu&rsquo;elle est \u00e9ventuellement mise &hellip;<\/p>\n<p class=\"read-more\"> <a class=\"\" href=\"https:\/\/www.arnaudom.fr\/wordpress\/eq6mer\/\"> <span class=\"screen-reader-text\">eq6mer<\/span> Lire la suite\u00a0\u00bb<\/a><\/p>\n","protected":false},"author":1,"featured_media":0,"parent":0,"menu_order":0,"comment_status":"closed","ping_status":"closed","template":"","meta":{"site-sidebar-layout":"default","site-content-layout":"default","ast-site-content-layout":"","site-content-style":"default","site-sidebar-style":"default","ast-global-header-display":"","ast-banner-title-visibility":"","ast-main-header-display":"","ast-hfb-above-header-display":"","ast-hfb-below-header-display":"","ast-hfb-mobile-header-display":"","site-post-title":"disabled","ast-breadcrumbs-content":"","ast-featured-img":"","footer-sml-layout":"","theme-transparent-header-meta":"default","adv-header-id-meta":"","stick-header-meta":"","header-above-stick-meta":"","header-main-stick-meta":"","header-below-stick-meta":"","astra-migrate-meta-layouts":"","ast-page-background-enabled":"default","ast-page-background-meta":{"desktop":{"background-color":"","background-image":"","background-repeat":"repeat","background-position":"center center","background-size":"auto","background-attachment":"scroll","background-type":"","background-media":"","overlay-type":"","overlay-color":"","overlay-gradient":""},"tablet":{"background-color":"","background-image":"","background-repeat":"repeat","background-position":"center center","background-size":"auto","background-attachment":"scroll","background-type":"","background-media":"","overlay-type":"","overlay-color":"","overlay-gradient":""},"mobile":{"background-color":"","background-image":"","background-repeat":"repeat","background-position":"center center","background-size":"auto","background-attachment":"scroll","background-type":"","background-media":"","overlay-type":"","overlay-color":"","overlay-gradient":""}},"ast-content-background-meta":{"desktop":{"background-color":"var(--ast-global-color-5)","background-image":"","background-repeat":"repeat","background-position":"center center","background-size":"auto","background-attachment":"scroll","background-type":"","background-media":"","overlay-type":"","overlay-color":"","overlay-gradient":""},"tablet":{"background-color":"var(--ast-global-color-5)","background-image":"","background-repeat":"repeat","background-position":"center center","background-size":"auto","background-attachment":"scroll","background-type":"","background-media":"","overlay-type":"","overlay-color":"","overlay-gradient":""},"mobile":{"background-color":"var(--ast-global-color-5)","background-image":"","background-repeat":"repeat","background-position":"center center","background-size":"auto","background-attachment":"scroll","background-type":"","background-media":"","overlay-type":"","overlay-color":"","overlay-gradient":""}},"footnotes":""},"class_list":["post-2613","page","type-page","status-publish","hentry"],"_links":{"self":[{"href":"https:\/\/www.arnaudom.fr\/wordpress\/wp-json\/wp\/v2\/pages\/2613","targetHints":{"allow":["GET"]}}],"collection":[{"href":"https:\/\/www.arnaudom.fr\/wordpress\/wp-json\/wp\/v2\/pages"}],"about":[{"href":"https:\/\/www.arnaudom.fr\/wordpress\/wp-json\/wp\/v2\/types\/page"}],"author":[{"embeddable":true,"href":"https:\/\/www.arnaudom.fr\/wordpress\/wp-json\/wp\/v2\/users\/1"}],"replies":[{"embeddable":true,"href":"https:\/\/www.arnaudom.fr\/wordpress\/wp-json\/wp\/v2\/comments?post=2613"}],"version-history":[{"count":7,"href":"https:\/\/www.arnaudom.fr\/wordpress\/wp-json\/wp\/v2\/pages\/2613\/revisions"}],"predecessor-version":[{"id":4865,"href":"https:\/\/www.arnaudom.fr\/wordpress\/wp-json\/wp\/v2\/pages\/2613\/revisions\/4865"}],"wp:attachment":[{"href":"https:\/\/www.arnaudom.fr\/wordpress\/wp-json\/wp\/v2\/media?parent=2613"}],"curies":[{"name":"wp","href":"https:\/\/api.w.org\/{rel}","templated":true}]}}