{"id":2512,"date":"2019-08-08T07:34:20","date_gmt":"2019-08-08T05:34:20","guid":{"rendered":"http:\/\/www.arnaudom.fr\/wordpress\/?page_id=2512"},"modified":"2021-02-17T08:44:24","modified_gmt":"2021-02-17T07:44:24","slug":"secondaire-2","status":"publish","type":"page","link":"https:\/\/www.arnaudom.fr\/wordpress\/secondaire-2\/","title":{"rendered":"secondaire"},"content":{"rendered":"\t\t<div data-elementor-type=\"wp-post\" data-elementor-id=\"2512\" class=\"elementor elementor-2512\">\n\t\t\t\t\t\t<div class=\"elementor-inner\">\n\t\t\t\t<div class=\"elementor-section-wrap\">\n\t\t\t\t\t\t\t\t\t<section class=\"elementor-section elementor-top-section elementor-element elementor-element-5d7f6950 elementor-section-full_width elementor-section-height-default elementor-section-height-default\" data-id=\"5d7f6950\" data-element_type=\"section\" data-settings=\"{&quot;background_background&quot;:&quot;classic&quot;}\">\n\t\t\t\t\t\t<div class=\"elementor-container elementor-column-gap-default\">\n\t\t\t\t\t\t\t<div class=\"elementor-row\">\n\t\t\t\t\t<div class=\"elementor-column elementor-col-100 elementor-top-column elementor-element elementor-element-162f04a0\" data-id=\"162f04a0\" data-element_type=\"column\" data-settings=\"{&quot;background_background&quot;:&quot;classic&quot;}\">\n\t\t\t<div class=\"elementor-column-wrap elementor-element-populated\">\n\t\t\t\t\t\t\t<div class=\"elementor-widget-wrap\">\n\t\t\t\t\t\t<div class=\"elementor-element elementor-element-6f323f8a elementor-widget elementor-widget-heading\" data-id=\"6f323f8a\" data-element_type=\"widget\" data-widget_type=\"heading.default\">\n\t\t\t\t<div class=\"elementor-widget-container\">\n\t\t\t<h1 class=\"elementor-heading-title elementor-size-default\">Nettoyage du miroir secondaire<\/h1>\t\t<\/div>\n\t\t\t\t<\/div>\n\t\t\t\t<div class=\"elementor-element elementor-element-a106998 elementor-widget elementor-widget-text-editor\" data-id=\"a106998\" data-element_type=\"widget\" data-widget_type=\"text-editor.default\">\n\t\t\t\t<div class=\"elementor-widget-container\">\n\t\t\t\t\t\t\t\t<div class=\"elementor-text-editor elementor-clearfix\">\n\t\t\t\t<p><em>Ecrit le 29\/05\/13.<\/em><\/p>\t\t\t\t\t<\/div>\n\t\t\t\t\t\t<\/div>\n\t\t\t\t<\/div>\n\t\t\t\t<div class=\"elementor-element elementor-element-3514226d elementor-widget elementor-widget-heading\" data-id=\"3514226d\" data-element_type=\"widget\" data-widget_type=\"heading.default\">\n\t\t\t\t<div class=\"elementor-widget-container\">\n\t\t\t<h2 class=\"elementor-heading-title elementor-size-default\">Petit avertissement avant de commencer...<\/h2>\t\t<\/div>\n\t\t\t\t<\/div>\n\t\t\t\t<div class=\"elementor-element elementor-element-1a0fe9d3 elementor-widget elementor-widget-text-editor\" data-id=\"1a0fe9d3\" data-element_type=\"widget\" data-widget_type=\"text-editor.default\">\n\t\t\t\t<div class=\"elementor-widget-container\">\n\t\t\t\t\t\t\t\t<div class=\"elementor-text-editor elementor-clearfix\">\n\t\t\t\t<p>S&rsquo;il vous est d\u00e9j\u00e0 arriv\u00e9 de nettoyer le miroir primaire de votre t\u00e9lescope, il se peut que vous \u00e9prouviez le besoin de nettoyer \u00e9galement le miroir secondaire. L&rsquo;op\u00e9ration en elle-m\u00eame ne pose pas de probl\u00e8me, on proc\u00e9dera de la m\u00eame m\u00eame mani\u00e8re que pour le nettoyage du primaire (je vous invite \u00e9ventuellement \u00e0 lire l&rsquo;article sur le <a href=\"http:\/\/www.arnaudom.fr\/wordpress\/elementor-2464\/\">nettoyage du miroir primaire<\/a>).<br \/><strong><span class=\"gras\">Cependant<\/span><\/strong>, il faut savoir que cette op\u00e9ration implique le d\u00e9montage du secondaire, et qu&rsquo;apr\u00e8s il va \u00eatre n\u00e9cessaire de proc\u00e9der \u00e0 une <strong><span class=\"gras\">recollimation compl\u00e8te<\/span><\/strong> du t\u00e9lescope. Autrement dit il va falloir replacer, repositionner et r\u00e9gler correctement le secondaire et le primaire (voir les <a href=\"http:\/\/www.arnaudom.fr\/wordpress\/collimpra\/\">pages sur la collimation<\/a>).<br \/>Ce n&rsquo;est pas sp\u00e9cialement compliqu\u00e9, mais si vous n&rsquo;avez jamais collimat\u00e9 de Newton ou si vous ne vous sentez pas capable de le faire, mieux vaut peut-\u00eatre vous abstenir de tout nettoyage du secondaire&#8230;<\/p>\t\t\t\t\t<\/div>\n\t\t\t\t\t\t<\/div>\n\t\t\t\t<\/div>\n\t\t\t\t<div class=\"elementor-element elementor-element-5cd5dd6 elementor-widget elementor-widget-heading\" data-id=\"5cd5dd6\" data-element_type=\"widget\" data-widget_type=\"heading.default\">\n\t\t\t\t<div class=\"elementor-widget-container\">\n\t\t\t<h2 class=\"elementor-heading-title elementor-size-default\">D\u00e9montage du secondaire<\/h2>\t\t<\/div>\n\t\t\t\t<\/div>\n\t\t\t\t<div class=\"elementor-element elementor-element-fefa5c8 elementor-position-top elementor-vertical-align-top elementor-widget elementor-widget-image-box\" data-id=\"fefa5c8\" data-element_type=\"widget\" data-widget_type=\"image-box.default\">\n\t\t\t\t<div class=\"elementor-widget-container\">\n\t\t\t<div class=\"elementor-image-box-wrapper\"><figure class=\"elementor-image-box-img\"><img loading=\"lazy\" decoding=\"async\" width=\"500\" height=\"333\" src=\"https:\/\/www.arnaudom.fr\/wordpress\/wp-content\/uploads\/2019\/08\/secondaire01.jpg\" class=\"attachment-full size-full wp-image-2515\" alt=\"\" srcset=\"https:\/\/www.arnaudom.fr\/wordpress\/wp-content\/uploads\/2019\/08\/secondaire01.jpg 500w, https:\/\/www.arnaudom.fr\/wordpress\/wp-content\/uploads\/2019\/08\/secondaire01-300x200.jpg 300w\" sizes=\"auto, (max-width: 500px) 100vw, 500px\" \/><\/figure><div class=\"elementor-image-box-content\"><p class=\"elementor-image-box-description\"><b>Support du miroir secondaire<\/b><\/p><\/div><\/div>\t\t<\/div>\n\t\t\t\t<\/div>\n\t\t\t\t<div class=\"elementor-element elementor-element-a6175bc elementor-widget elementor-widget-text-editor\" data-id=\"a6175bc\" data-element_type=\"widget\" data-widget_type=\"text-editor.default\">\n\t\t\t\t<div class=\"elementor-widget-container\">\n\t\t\t\t\t\t\t\t<div class=\"elementor-text-editor elementor-clearfix\">\n\t\t\t\t<p>Il faut d&rsquo;abord d\u00e9monter le support du miroir secondaire. Pour cela, on retire les trois petites vis lat\u00e9rales qui servent \u00e0 la collimation.<\/p>\t\t\t\t\t<\/div>\n\t\t\t\t\t\t<\/div>\n\t\t\t\t<\/div>\n\t\t\t\t<div class=\"elementor-element elementor-element-1725226 elementor-position-top elementor-vertical-align-top elementor-widget elementor-widget-image-box\" data-id=\"1725226\" data-element_type=\"widget\" data-widget_type=\"image-box.default\">\n\t\t\t\t<div class=\"elementor-widget-container\">\n\t\t\t<div class=\"elementor-image-box-wrapper\"><figure class=\"elementor-image-box-img\"><img loading=\"lazy\" decoding=\"async\" width=\"400\" height=\"267\" src=\"https:\/\/www.arnaudom.fr\/wordpress\/wp-content\/uploads\/2019\/08\/secondaire02.jpg\" class=\"attachment-full size-full wp-image-2516\" alt=\"\" srcset=\"https:\/\/www.arnaudom.fr\/wordpress\/wp-content\/uploads\/2019\/08\/secondaire02.jpg 400w, https:\/\/www.arnaudom.fr\/wordpress\/wp-content\/uploads\/2019\/08\/secondaire02-300x200.jpg 300w\" sizes=\"auto, (max-width: 400px) 100vw, 400px\" \/><\/figure><div class=\"elementor-image-box-content\"><p class=\"elementor-image-box-description\"><b>Vis lat\u00e9rales retir\u00e9es<\/b><\/p><\/div><\/div>\t\t<\/div>\n\t\t\t\t<\/div>\n\t\t\t\t<div class=\"elementor-element elementor-element-a61eb5b elementor-widget elementor-widget-text-editor\" data-id=\"a61eb5b\" data-element_type=\"widget\" data-widget_type=\"text-editor.default\">\n\t\t\t\t<div class=\"elementor-widget-container\">\n\t\t\t\t\t\t\t\t<div class=\"elementor-text-editor elementor-clearfix\">\n\t\t\t\t<p>Ensuite, il va falloir d\u00e9visser la vis centrale qui maintient le miroir. Attention, il faut tenir le support du miroir d&rsquo;une main, en prenant garde de ne pas mettre ses doigts dessus, et d\u00e9visser avec l&rsquo;autre. En effet, une fois la vis retir\u00e9e, le support risque de tomber, d&rsquo;o\u00f9 la n\u00e9cessit\u00e9 de le tenir \u00e0 la main pour \u00e9viter une catastrophe.<br \/>Attention \u00e9galement, car en plus de la vis centrale il y a \u00e9galement un ressort et une plaque m\u00e9tallique circulaire plac\u00e9e entre le support du miroir et les vis de collimation. A l&rsquo;issue du d\u00e9montage on se retrouve donc avec 4 morceaux : le support avec le miroir dessus, la vis centrale, le ressort et la plaque m\u00e9tallique.<\/p>\t\t\t\t\t<\/div>\n\t\t\t\t\t\t<\/div>\n\t\t\t\t<\/div>\n\t\t\t\t<div class=\"elementor-element elementor-element-322ca21 elementor-position-top elementor-vertical-align-top elementor-widget elementor-widget-image-box\" data-id=\"322ca21\" data-element_type=\"widget\" data-widget_type=\"image-box.default\">\n\t\t\t\t<div class=\"elementor-widget-container\">\n\t\t\t<div class=\"elementor-image-box-wrapper\"><figure class=\"elementor-image-box-img\"><img loading=\"lazy\" decoding=\"async\" width=\"500\" height=\"303\" src=\"https:\/\/www.arnaudom.fr\/wordpress\/wp-content\/uploads\/2019\/08\/secondaire03.jpg\" class=\"attachment-full size-full wp-image-2517\" alt=\"\" srcset=\"https:\/\/www.arnaudom.fr\/wordpress\/wp-content\/uploads\/2019\/08\/secondaire03.jpg 500w, https:\/\/www.arnaudom.fr\/wordpress\/wp-content\/uploads\/2019\/08\/secondaire03-300x182.jpg 300w\" sizes=\"auto, (max-width: 500px) 100vw, 500px\" \/><\/figure><div class=\"elementor-image-box-content\"><p class=\"elementor-image-box-description\"><b>Le miroir sur son support, la plaque, le ressort et la vis centrale<\/b><\/p><\/div><\/div>\t\t<\/div>\n\t\t\t\t<\/div>\n\t\t\t\t<div class=\"elementor-element elementor-element-99f65b3 elementor-position-top elementor-vertical-align-top elementor-widget elementor-widget-image-box\" data-id=\"99f65b3\" data-element_type=\"widget\" data-widget_type=\"image-box.default\">\n\t\t\t\t<div class=\"elementor-widget-container\">\n\t\t\t<div class=\"elementor-image-box-wrapper\"><figure class=\"elementor-image-box-img\"><img loading=\"lazy\" decoding=\"async\" width=\"400\" height=\"258\" src=\"https:\/\/www.arnaudom.fr\/wordpress\/wp-content\/uploads\/2019\/08\/secondaire04.jpg\" class=\"attachment-full size-full wp-image-2518\" alt=\"\" srcset=\"https:\/\/www.arnaudom.fr\/wordpress\/wp-content\/uploads\/2019\/08\/secondaire04.jpg 400w, https:\/\/www.arnaudom.fr\/wordpress\/wp-content\/uploads\/2019\/08\/secondaire04-300x194.jpg 300w\" sizes=\"auto, (max-width: 400px) 100vw, 400px\" \/><\/figure><div class=\"elementor-image-box-content\"><p class=\"elementor-image-box-description\"><b>Une araign\u00e9e sans son miroir secondaire...<\/b><\/p><\/div><\/div>\t\t<\/div>\n\t\t\t\t<\/div>\n\t\t\t\t<div class=\"elementor-element elementor-element-626bdc1 elementor-widget elementor-widget-heading\" data-id=\"626bdc1\" data-element_type=\"widget\" data-widget_type=\"heading.default\">\n\t\t\t\t<div class=\"elementor-widget-container\">\n\t\t\t<h2 class=\"elementor-heading-title elementor-size-default\">Nettoyage et remontage du secondaire<\/h2>\t\t<\/div>\n\t\t\t\t<\/div>\n\t\t\t\t<div class=\"elementor-element elementor-element-6e89f18 elementor-widget elementor-widget-text-editor\" data-id=\"6e89f18\" data-element_type=\"widget\" data-widget_type=\"text-editor.default\">\n\t\t\t\t<div class=\"elementor-widget-container\">\n\t\t\t\t\t\t\t\t<div class=\"elementor-text-editor elementor-clearfix\">\n\t\t\t\t<p>Ensuite, on peut laver le secondaire en appliquant une m\u00e9thode semblable \u00e0 celle utilis\u00e9e pour le primaire : on passe le miroir dans une bassine d&rsquo;eau avec du liquide vaisselle, on peut le laisser tremper ou faire des mouvements sous l&rsquo;eau en tenant le support entre ses doigts pour en d\u00e9coller la poussi\u00e8re.<\/p>\t\t\t\t\t<\/div>\n\t\t\t\t\t\t<\/div>\n\t\t\t\t<\/div>\n\t\t\t\t<div class=\"elementor-element elementor-element-03d7e7d elementor-position-top elementor-vertical-align-top elementor-widget elementor-widget-image-box\" data-id=\"03d7e7d\" data-element_type=\"widget\" data-widget_type=\"image-box.default\">\n\t\t\t\t<div class=\"elementor-widget-container\">\n\t\t\t<div class=\"elementor-image-box-wrapper\"><figure class=\"elementor-image-box-img\"><img loading=\"lazy\" decoding=\"async\" width=\"400\" height=\"267\" src=\"https:\/\/www.arnaudom.fr\/wordpress\/wp-content\/uploads\/2019\/08\/secondaire05.jpg\" class=\"attachment-full size-full wp-image-2519\" alt=\"\" srcset=\"https:\/\/www.arnaudom.fr\/wordpress\/wp-content\/uploads\/2019\/08\/secondaire05.jpg 400w, https:\/\/www.arnaudom.fr\/wordpress\/wp-content\/uploads\/2019\/08\/secondaire05-300x200.jpg 300w\" sizes=\"auto, (max-width: 400px) 100vw, 400px\" \/><\/figure><div class=\"elementor-image-box-content\"><p class=\"elementor-image-box-description\"><b>Miroir secondaire sur son support<\/b><\/p><\/div><\/div>\t\t<\/div>\n\t\t\t\t<\/div>\n\t\t\t\t<div class=\"elementor-element elementor-element-7bfc88b elementor-widget elementor-widget-text-editor\" data-id=\"7bfc88b\" data-element_type=\"widget\" data-widget_type=\"text-editor.default\">\n\t\t\t\t<div class=\"elementor-widget-container\">\n\t\t\t\t\t\t\t\t<div class=\"elementor-text-editor elementor-clearfix\">\n\t\t\t\t<p>On le rincera en l&rsquo;arrosant d&rsquo;eau d\u00e9min\u00e9ralis\u00e9e et on le laissera s\u00e9cher.<\/p>\t\t\t\t\t<\/div>\n\t\t\t\t\t\t<\/div>\n\t\t\t\t<\/div>\n\t\t\t\t<div class=\"elementor-element elementor-element-192b4b4 elementor-position-top elementor-vertical-align-top elementor-widget elementor-widget-image-box\" data-id=\"192b4b4\" data-element_type=\"widget\" data-widget_type=\"image-box.default\">\n\t\t\t\t<div class=\"elementor-widget-container\">\n\t\t\t<div class=\"elementor-image-box-wrapper\"><figure class=\"elementor-image-box-img\"><img loading=\"lazy\" decoding=\"async\" width=\"500\" height=\"333\" src=\"https:\/\/www.arnaudom.fr\/wordpress\/wp-content\/uploads\/2019\/08\/secondaire06.jpg\" class=\"attachment-full size-full wp-image-2520\" alt=\"\" srcset=\"https:\/\/www.arnaudom.fr\/wordpress\/wp-content\/uploads\/2019\/08\/secondaire06.jpg 500w, https:\/\/www.arnaudom.fr\/wordpress\/wp-content\/uploads\/2019\/08\/secondaire06-300x200.jpg 300w\" sizes=\"auto, (max-width: 500px) 100vw, 500px\" \/><\/figure><div class=\"elementor-image-box-content\"><p class=\"elementor-image-box-description\"><b>Les miroirs primaire et secondaire en train de s\u00e9cher...<\/b><\/p><\/div><\/div>\t\t<\/div>\n\t\t\t\t<\/div>\n\t\t\t\t<div class=\"elementor-element elementor-element-63e6776 elementor-widget elementor-widget-text-editor\" data-id=\"63e6776\" data-element_type=\"widget\" data-widget_type=\"text-editor.default\">\n\t\t\t\t<div class=\"elementor-widget-container\">\n\t\t\t\t\t\t\t\t<div class=\"elementor-text-editor elementor-clearfix\">\n\t\t\t\t<p>Le remontage demande un peu de patience, il faut l\u00e0 aussi tenir le support d&rsquo;une main tout en revissant la vis centrale de l&rsquo;autre, sans oublier de replacer le ressort et la plaque m\u00e9tallique. Inutile de serrer la vis \u00e0 fond car il faudra de toute fa\u00e7on r\u00e9gler la position du secondaire. Il ne reste plus qu&rsquo;\u00e0 replacer les trois vis de collimation, et c&rsquo;est fini pour le remontage&#8230;<\/p><p>Par contre, il faut maintenant collimater le t\u00e9lescope de mani\u00e8re compl\u00e8te, donc on va commencer par replacer grossi\u00e8rement le secondaire dans la bonne position (voir les <a href=\"http:\/\/www.arnaudom.fr\/wordpress\/collimpra\/\">pages sur la collimation<\/a>). Ensuite il va falloir le tourner sur son axe dans la bonne position (<strong><span class=\"gras\">\u00e9tape 1 de la collimation<\/span><\/strong>) et, quand ceci sera fait, on serrera la vis centrale (en prenant garde que le miroir ne tourne pas sur son axe, ce qui implique souvent de s&rsquo;y reprendre \u00e0 plusieurs fois). Puis on poursuivra le r\u00e9glage du secondaire en agissant sur ses vis de collimation (<strong><span class=\"gras\">\u00e9tape 2<\/span><\/strong>). Enfin, il faudra sans doute terminer en collimatant le miroir primaire (<strong><span class=\"gras\">\u00e9tape 3<\/span><\/strong>).<\/p><p>Bref, vous l&rsquo;aurez compris, le nettoyage du secondaire est relativement simple, c&rsquo;est plut\u00f4t le processus de collimation qui suit cette op\u00e9ration qui vous demandera un peu plus d&rsquo;efforts &#8230; Bon courage !<\/p>\t\t\t\t\t<\/div>\n\t\t\t\t\t\t<\/div>\n\t\t\t\t<\/div>\n\t\t\t\t\t\t<\/div>\n\t\t\t\t\t<\/div>\n\t\t<\/div>\n\t\t\t\t\t\t\t\t<\/div>\n\t\t\t\t\t<\/div>\n\t\t<\/section>\n\t\t\t\t\t\t\t\t\t<\/div>\n\t\t\t<\/div>\n\t\t\t\t\t<\/div>\n\t\t","protected":false},"excerpt":{"rendered":"<p>Nettoyage du miroir secondaire Ecrit le 29\/05\/13. Petit avertissement avant de commencer&#8230; S&rsquo;il vous est d\u00e9j\u00e0 arriv\u00e9 de nettoyer le miroir primaire de votre t\u00e9lescope, il se peut que vous \u00e9prouviez le besoin de nettoyer \u00e9galement le miroir secondaire. L&rsquo;op\u00e9ration en elle-m\u00eame ne pose pas de probl\u00e8me, on proc\u00e9dera de la m\u00eame m\u00eame mani\u00e8re que &hellip;<\/p>\n<p class=\"read-more\"> <a class=\"\" href=\"https:\/\/www.arnaudom.fr\/wordpress\/secondaire-2\/\"> <span class=\"screen-reader-text\">secondaire<\/span> Lire la suite\u00a0\u00bb<\/a><\/p>\n","protected":false},"author":1,"featured_media":0,"parent":0,"menu_order":0,"comment_status":"closed","ping_status":"closed","template":"","meta":{"site-sidebar-layout":"default","site-content-layout":"default","ast-site-content-layout":"","site-content-style":"default","site-sidebar-style":"default","ast-global-header-display":"","ast-banner-title-visibility":"","ast-main-header-display":"","ast-hfb-above-header-display":"","ast-hfb-below-header-display":"","ast-hfb-mobile-header-display":"","site-post-title":"disabled","ast-breadcrumbs-content":"","ast-featured-img":"","footer-sml-layout":"","theme-transparent-header-meta":"default","adv-header-id-meta":"","stick-header-meta":"","header-above-stick-meta":"","header-main-stick-meta":"","header-below-stick-meta":"","astra-migrate-meta-layouts":"","ast-page-background-enabled":"default","ast-page-background-meta":{"desktop":{"background-color":"","background-image":"","background-repeat":"repeat","background-position":"center center","background-size":"auto","background-attachment":"scroll","background-type":"","background-media":"","overlay-type":"","overlay-color":"","overlay-gradient":""},"tablet":{"background-color":"","background-image":"","background-repeat":"repeat","background-position":"center center","background-size":"auto","background-attachment":"scroll","background-type":"","background-media":"","overlay-type":"","overlay-color":"","overlay-gradient":""},"mobile":{"background-color":"","background-image":"","background-repeat":"repeat","background-position":"center center","background-size":"auto","background-attachment":"scroll","background-type":"","background-media":"","overlay-type":"","overlay-color":"","overlay-gradient":""}},"ast-content-background-meta":{"desktop":{"background-color":"var(--ast-global-color-5)","background-image":"","background-repeat":"repeat","background-position":"center center","background-size":"auto","background-attachment":"scroll","background-type":"","background-media":"","overlay-type":"","overlay-color":"","overlay-gradient":""},"tablet":{"background-color":"var(--ast-global-color-5)","background-image":"","background-repeat":"repeat","background-position":"center center","background-size":"auto","background-attachment":"scroll","background-type":"","background-media":"","overlay-type":"","overlay-color":"","overlay-gradient":""},"mobile":{"background-color":"var(--ast-global-color-5)","background-image":"","background-repeat":"repeat","background-position":"center center","background-size":"auto","background-attachment":"scroll","background-type":"","background-media":"","overlay-type":"","overlay-color":"","overlay-gradient":""}},"footnotes":""},"class_list":["post-2512","page","type-page","status-publish","hentry"],"_links":{"self":[{"href":"https:\/\/www.arnaudom.fr\/wordpress\/wp-json\/wp\/v2\/pages\/2512","targetHints":{"allow":["GET"]}}],"collection":[{"href":"https:\/\/www.arnaudom.fr\/wordpress\/wp-json\/wp\/v2\/pages"}],"about":[{"href":"https:\/\/www.arnaudom.fr\/wordpress\/wp-json\/wp\/v2\/types\/page"}],"author":[{"embeddable":true,"href":"https:\/\/www.arnaudom.fr\/wordpress\/wp-json\/wp\/v2\/users\/1"}],"replies":[{"embeddable":true,"href":"https:\/\/www.arnaudom.fr\/wordpress\/wp-json\/wp\/v2\/comments?post=2512"}],"version-history":[{"count":7,"href":"https:\/\/www.arnaudom.fr\/wordpress\/wp-json\/wp\/v2\/pages\/2512\/revisions"}],"predecessor-version":[{"id":6919,"href":"https:\/\/www.arnaudom.fr\/wordpress\/wp-json\/wp\/v2\/pages\/2512\/revisions\/6919"}],"wp:attachment":[{"href":"https:\/\/www.arnaudom.fr\/wordpress\/wp-json\/wp\/v2\/media?parent=2512"}],"curies":[{"name":"wp","href":"https:\/\/api.w.org\/{rel}","templated":true}]}}