{"id":2495,"date":"2019-08-07T23:21:48","date_gmt":"2019-08-07T21:21:48","guid":{"rendered":"http:\/\/www.arnaudom.fr\/wordpress\/?page_id=2495"},"modified":"2020-08-06T09:20:28","modified_gmt":"2020-08-06T07:20:28","slug":"elementor-2495","status":"publish","type":"page","link":"https:\/\/www.arnaudom.fr\/wordpress\/elementor-2495\/","title":{"rendered":"miroirsuite"},"content":{"rendered":"\t\t<div data-elementor-type=\"wp-post\" data-elementor-id=\"2495\" class=\"elementor elementor-2495 elementor-bc-flex-widget\">\n\t\t\t\t\t\t<div class=\"elementor-inner\">\n\t\t\t\t<div class=\"elementor-section-wrap\">\n\t\t\t\t\t\t\t\t\t<section class=\"elementor-section elementor-top-section elementor-element elementor-element-176d768e elementor-section-full_width elementor-section-height-default elementor-section-height-default\" data-id=\"176d768e\" data-element_type=\"section\" data-settings=\"{&quot;background_background&quot;:&quot;classic&quot;}\">\n\t\t\t\t\t\t<div class=\"elementor-container elementor-column-gap-default\">\n\t\t\t\t\t\t\t<div class=\"elementor-row\">\n\t\t\t\t\t<div class=\"elementor-column elementor-col-100 elementor-top-column elementor-element elementor-element-62ba923b\" data-id=\"62ba923b\" data-element_type=\"column\" data-settings=\"{&quot;background_background&quot;:&quot;classic&quot;}\">\n\t\t\t<div class=\"elementor-column-wrap elementor-element-populated\">\n\t\t\t\t\t\t\t<div class=\"elementor-widget-wrap\">\n\t\t\t\t\t\t<div class=\"elementor-element elementor-element-5049a0e2 elementor-widget elementor-widget-heading\" data-id=\"5049a0e2\" data-element_type=\"widget\" data-widget_type=\"heading.default\">\n\t\t\t\t<div class=\"elementor-widget-container\">\n\t\t\t<h1 class=\"elementor-heading-title elementor-size-default\">Nettoyage du miroir primaire (suite)<\/h1>\t\t<\/div>\n\t\t\t\t<\/div>\n\t\t\t\t<div class=\"elementor-element elementor-element-10094141 elementor-widget elementor-widget-heading\" data-id=\"10094141\" data-element_type=\"widget\" data-widget_type=\"heading.default\">\n\t\t\t\t<div class=\"elementor-widget-container\">\n\t\t\t<h2 class=\"elementor-heading-title elementor-size-default\">Nettoyage<\/h2>\t\t<\/div>\n\t\t\t\t<\/div>\n\t\t\t\t<div class=\"elementor-element elementor-element-72db7fe9 elementor-widget elementor-widget-text-editor\" data-id=\"72db7fe9\" data-element_type=\"widget\" data-widget_type=\"text-editor.default\">\n\t\t\t\t<div class=\"elementor-widget-container\">\n\t\t\t\t\t\t\t\t<div class=\"elementor-text-editor elementor-clearfix\">\n\t\t\t\tOn remplit la bassine d&rsquo;eau chaude et de liquide vaisselle (une bonne dose), on prend d\u00e9licatement le miroir par les c\u00f4t\u00e9s et on le d\u00e9pose dans la bassine. L\u00e0 aussi, le miroir en main, on ressent une belle impression de solidit\u00e9 et finalement, la crainte de le manipuler est beaucoup moins grande&#8230; Bon, ce n&rsquo;est pas une raison pour jongler avec, hein <img decoding=\"async\" src=\"http:\/\/www.arnaudom.fr\/Img\/smrire.gif\" alt=\"clin d'oeil\" \/>!\t\t\t\t\t<\/div>\n\t\t\t\t\t\t<\/div>\n\t\t\t\t<\/div>\n\t\t\t\t<div class=\"elementor-element elementor-element-d534ad9 elementor-widget elementor-widget-image\" data-id=\"d534ad9\" data-element_type=\"widget\" data-widget_type=\"image.default\">\n\t\t\t\t<div class=\"elementor-widget-container\">\n\t\t\t\t\t\t\t\t<div class=\"elementor-image\">\n\t\t\t\t\t\t\t\t\t\t\t\t<img loading=\"lazy\" decoding=\"async\" width=\"600\" height=\"400\" src=\"https:\/\/www.arnaudom.fr\/wordpress\/wp-content\/uploads\/2019\/08\/miroir10.jpg\" class=\"attachment-full size-full wp-image-2478\" alt=\"\" srcset=\"https:\/\/www.arnaudom.fr\/wordpress\/wp-content\/uploads\/2019\/08\/miroir10.jpg 600w, https:\/\/www.arnaudom.fr\/wordpress\/wp-content\/uploads\/2019\/08\/miroir10-300x200.jpg 300w\" sizes=\"auto, (max-width: 600px) 100vw, 600px\" \/>\t\t\t\t\t\t\t\t\t\t\t\t\t\t<\/div>\n\t\t\t\t\t\t<\/div>\n\t\t\t\t<\/div>\n\t\t\t\t<div class=\"elementor-element elementor-element-8713190 elementor-widget elementor-widget-text-editor\" data-id=\"8713190\" data-element_type=\"widget\" data-widget_type=\"text-editor.default\">\n\t\t\t\t<div class=\"elementor-widget-container\">\n\t\t\t\t\t\t\t\t<div class=\"elementor-text-editor elementor-clearfix\">\n\t\t\t\t<p>J&rsquo;ai laiss\u00e9 tremper le miroir un bon quart d&rsquo;heure dans l&rsquo;eau, ce qui enl\u00e8ve la majorit\u00e9 de la couche de poussi\u00e8res.<\/p>\t\t\t\t\t<\/div>\n\t\t\t\t\t\t<\/div>\n\t\t\t\t<\/div>\n\t\t\t\t<div class=\"elementor-element elementor-element-32afa94 elementor-widget elementor-widget-image\" data-id=\"32afa94\" data-element_type=\"widget\" data-widget_type=\"image.default\">\n\t\t\t\t<div class=\"elementor-widget-container\">\n\t\t\t\t\t\t\t\t<div class=\"elementor-image\">\n\t\t\t\t\t\t\t\t\t\t\t\t<img loading=\"lazy\" decoding=\"async\" width=\"600\" height=\"400\" src=\"https:\/\/www.arnaudom.fr\/wordpress\/wp-content\/uploads\/2019\/08\/miroir11.jpg\" class=\"attachment-full size-full wp-image-2479\" alt=\"\" srcset=\"https:\/\/www.arnaudom.fr\/wordpress\/wp-content\/uploads\/2019\/08\/miroir11.jpg 600w, https:\/\/www.arnaudom.fr\/wordpress\/wp-content\/uploads\/2019\/08\/miroir11-300x200.jpg 300w\" sizes=\"auto, (max-width: 600px) 100vw, 600px\" \/>\t\t\t\t\t\t\t\t\t\t\t\t\t\t<\/div>\n\t\t\t\t\t\t<\/div>\n\t\t\t\t<\/div>\n\t\t\t\t<div class=\"elementor-element elementor-element-cc05aa5 elementor-widget elementor-widget-text-editor\" data-id=\"cc05aa5\" data-element_type=\"widget\" data-widget_type=\"text-editor.default\">\n\t\t\t\t<div class=\"elementor-widget-container\">\n\t\t\t\t\t\t\t\t<div class=\"elementor-text-editor elementor-clearfix\">\n\t\t\t\t<p>Ensuite, on fait des va-et-vient avec la cuvette ou le miroir en le laissant toujours sous l&rsquo;eau, afin de d\u00e9coller les salet\u00e9s r\u00e9calcitrantes. On peut en enlever quelques unes en les effleurant \u00e0 peine du bout des doigts sous l&rsquo;eau, ou en utilisant un morceau de PQ sans frotter, l\u00e0 aussi en effleurant \u00e0 peine la surface.<\/p><p>Mon miroir \u00e9tant particuli\u00e8rement sale (comme vous avez pu le constater), je l&rsquo;ai ensuite sorti de la bassine, d\u00e9pos\u00e9 sur une serviette, chang\u00e9 l&rsquo;eau de la cuvette, remis de l&rsquo;eau propre et du liquide vaisselle et le miroir est retourn\u00e9 tremper un quart d&rsquo;heure dans l&rsquo;eau. En tout il a eu droit \u00e0 3 \u00ab\u00a0trempages\u00a0\u00bb d&rsquo;un quart d&rsquo;heure&#8230; A voir selon l&rsquo;\u00e9tat de votre miroir.<\/p>\t\t\t\t\t<\/div>\n\t\t\t\t\t\t<\/div>\n\t\t\t\t<\/div>\n\t\t\t\t<div class=\"elementor-element elementor-element-cf93303 elementor-widget elementor-widget-image\" data-id=\"cf93303\" data-element_type=\"widget\" data-widget_type=\"image.default\">\n\t\t\t\t<div class=\"elementor-widget-container\">\n\t\t\t\t\t\t\t\t<div class=\"elementor-image\">\n\t\t\t\t\t\t\t\t\t\t\t\t<img loading=\"lazy\" decoding=\"async\" width=\"600\" height=\"509\" src=\"https:\/\/www.arnaudom.fr\/wordpress\/wp-content\/uploads\/2019\/08\/miroir12.jpg\" class=\"attachment-full size-full wp-image-2480\" alt=\"\" srcset=\"https:\/\/www.arnaudom.fr\/wordpress\/wp-content\/uploads\/2019\/08\/miroir12.jpg 600w, https:\/\/www.arnaudom.fr\/wordpress\/wp-content\/uploads\/2019\/08\/miroir12-300x255.jpg 300w\" sizes=\"auto, (max-width: 600px) 100vw, 600px\" \/>\t\t\t\t\t\t\t\t\t\t\t\t\t\t<\/div>\n\t\t\t\t\t\t<\/div>\n\t\t\t\t<\/div>\n\t\t\t\t<div class=\"elementor-element elementor-element-175d76c elementor-widget elementor-widget-text-editor\" data-id=\"175d76c\" data-element_type=\"widget\" data-widget_type=\"text-editor.default\">\n\t\t\t\t<div class=\"elementor-widget-container\">\n\t\t\t\t\t\t\t\t<div class=\"elementor-text-editor elementor-clearfix\">\n\t\t\t\t<p>Pendant que le miroir faisait trempette, j&rsquo;en ai profit\u00e9 pour regarder en d\u00e9tail \u00e0 quoi ressemblait le syst\u00e8me de collimation. En fait, on a la partie arri\u00e8re du barillet avec le ventilateur, les 3 grosses vis tirantes et les 3 petites vis poussantes, et \u00e0 l&rsquo;int\u00e9rieur un second cercle m\u00e9tallique sur lequel repose le miroir. Ce second cercle est simplement li\u00e9 \u00e0 l&rsquo;autre par les vis tirantes et des ressorts, quand on visse le cercle int\u00e9rieur se rapproche et inversement. Ca semble simple, efficace et solide !<\/p>\t\t\t\t\t<\/div>\n\t\t\t\t\t\t<\/div>\n\t\t\t\t<\/div>\n\t\t\t\t<div class=\"elementor-element elementor-element-d0319e5 elementor-widget elementor-widget-image\" data-id=\"d0319e5\" data-element_type=\"widget\" data-widget_type=\"image.default\">\n\t\t\t\t<div class=\"elementor-widget-container\">\n\t\t\t\t\t\t\t\t<div class=\"elementor-image\">\n\t\t\t\t\t\t\t\t\t\t\t\t<img loading=\"lazy\" decoding=\"async\" width=\"600\" height=\"536\" src=\"https:\/\/www.arnaudom.fr\/wordpress\/wp-content\/uploads\/2019\/08\/miroir13.jpg\" class=\"attachment-full size-full wp-image-2481\" alt=\"\" srcset=\"https:\/\/www.arnaudom.fr\/wordpress\/wp-content\/uploads\/2019\/08\/miroir13.jpg 600w, https:\/\/www.arnaudom.fr\/wordpress\/wp-content\/uploads\/2019\/08\/miroir13-300x268.jpg 300w\" sizes=\"auto, (max-width: 600px) 100vw, 600px\" \/>\t\t\t\t\t\t\t\t\t\t\t\t\t\t<\/div>\n\t\t\t\t\t\t<\/div>\n\t\t\t\t<\/div>\n\t\t\t\t<div class=\"elementor-element elementor-element-54f848a elementor-widget elementor-widget-text-editor\" data-id=\"54f848a\" data-element_type=\"widget\" data-widget_type=\"text-editor.default\">\n\t\t\t\t<div class=\"elementor-widget-container\">\n\t\t\t\t\t\t\t\t<div class=\"elementor-text-editor elementor-clearfix\">\n\t\t\t\t<p>Une photo marrante : vue de l&rsquo;int\u00e9rieur du tube depuis l&rsquo;arri\u00e8re, sans le miroir donc. J&rsquo;en ai aussi profit\u00e9 pour retirer une petite couche de poussi\u00e8re stagnante rest\u00e9e coll\u00e9e au tube&#8230;<\/p>\t\t\t\t\t<\/div>\n\t\t\t\t\t\t<\/div>\n\t\t\t\t<\/div>\n\t\t\t\t<div class=\"elementor-element elementor-element-016f33e elementor-widget elementor-widget-image\" data-id=\"016f33e\" data-element_type=\"widget\" data-widget_type=\"image.default\">\n\t\t\t\t<div class=\"elementor-widget-container\">\n\t\t\t\t\t\t\t\t<div class=\"elementor-image\">\n\t\t\t\t\t\t\t\t\t\t\t\t<img loading=\"lazy\" decoding=\"async\" width=\"600\" height=\"400\" src=\"https:\/\/www.arnaudom.fr\/wordpress\/wp-content\/uploads\/2019\/08\/miroir14.jpg\" class=\"attachment-full size-full wp-image-2482\" alt=\"\" srcset=\"https:\/\/www.arnaudom.fr\/wordpress\/wp-content\/uploads\/2019\/08\/miroir14.jpg 600w, https:\/\/www.arnaudom.fr\/wordpress\/wp-content\/uploads\/2019\/08\/miroir14-300x200.jpg 300w\" sizes=\"auto, (max-width: 600px) 100vw, 600px\" \/>\t\t\t\t\t\t\t\t\t\t\t\t\t\t<\/div>\n\t\t\t\t\t\t<\/div>\n\t\t\t\t<\/div>\n\t\t\t\t<div class=\"elementor-element elementor-element-02668a0 elementor-widget elementor-widget-text-editor\" data-id=\"02668a0\" data-element_type=\"widget\" data-widget_type=\"text-editor.default\">\n\t\t\t\t<div class=\"elementor-widget-container\">\n\t\t\t\t\t\t\t\t<div class=\"elementor-text-editor elementor-clearfix\">\n\t\t\t\t<p>Voil\u00e0, ensuite on rince le miroir en versant une quantit\u00e9 abondante d&rsquo;eau d\u00e9min\u00e9ralis\u00e9e dessus, et on n&rsquo;a plus qu&rsquo;\u00e0 le laisser s\u00e9cher \u00e0 la verticale avant de le remonter. Le PQ peut servir pour absorber une ou deux gouttes d&rsquo;eau trop grosses pour acc\u00e9l\u00e9rer le s\u00e9chage (on ne touche pas la surface du miroir, on approche le papier et on touche simplement l&rsquo;eau avec pour l&rsquo;absorber).<\/p>\t\t\t\t\t<\/div>\n\t\t\t\t\t\t<\/div>\n\t\t\t\t<\/div>\n\t\t\t\t<div class=\"elementor-element elementor-element-6881845 elementor-widget elementor-widget-image\" data-id=\"6881845\" data-element_type=\"widget\" data-widget_type=\"image.default\">\n\t\t\t\t<div class=\"elementor-widget-container\">\n\t\t\t\t\t\t\t\t<div class=\"elementor-image\">\n\t\t\t\t\t\t\t\t\t\t\t\t<img loading=\"lazy\" decoding=\"async\" width=\"600\" height=\"470\" src=\"https:\/\/www.arnaudom.fr\/wordpress\/wp-content\/uploads\/2019\/08\/miroir15.jpg\" class=\"attachment-full size-full wp-image-2483\" alt=\"\" srcset=\"https:\/\/www.arnaudom.fr\/wordpress\/wp-content\/uploads\/2019\/08\/miroir15.jpg 600w, https:\/\/www.arnaudom.fr\/wordpress\/wp-content\/uploads\/2019\/08\/miroir15-300x235.jpg 300w\" sizes=\"auto, (max-width: 600px) 100vw, 600px\" \/>\t\t\t\t\t\t\t\t\t\t\t\t\t\t<\/div>\n\t\t\t\t\t\t<\/div>\n\t\t\t\t<\/div>\n\t\t\t\t<div class=\"elementor-element elementor-element-6ffbf2e elementor-widget elementor-widget-text-editor\" data-id=\"6ffbf2e\" data-element_type=\"widget\" data-widget_type=\"text-editor.default\">\n\t\t\t\t<div class=\"elementor-widget-container\">\n\t\t\t\t\t\t\t\t<div class=\"elementor-text-editor elementor-clearfix\">\n\t\t\t\t<p>Y&rsquo;a plus qu&rsquo;\u00e0 tout remonter !<\/p>\t\t\t\t\t<\/div>\n\t\t\t\t\t\t<\/div>\n\t\t\t\t<\/div>\n\t\t\t\t<div class=\"elementor-element elementor-element-e882c8c elementor-widget elementor-widget-heading\" data-id=\"e882c8c\" data-element_type=\"widget\" data-widget_type=\"heading.default\">\n\t\t\t\t<div class=\"elementor-widget-container\">\n\t\t\t<h2 class=\"elementor-heading-title elementor-size-default\">Remontage<\/h2>\t\t<\/div>\n\t\t\t\t<\/div>\n\t\t\t\t<div class=\"elementor-element elementor-element-f3e4723 elementor-widget elementor-widget-text-editor\" data-id=\"f3e4723\" data-element_type=\"widget\" data-widget_type=\"text-editor.default\">\n\t\t\t\t<div class=\"elementor-widget-container\">\n\t\t\t\t\t\t\t\t<div class=\"elementor-text-editor elementor-clearfix\">\n\t\t\t\t<p>Alors on d\u00e9pose d\u00e9licatement le miroir, en le tenant par dessous et par les c\u00f4t\u00e9s, sur le barillet.<\/p>\t\t\t\t\t<\/div>\n\t\t\t\t\t\t<\/div>\n\t\t\t\t<\/div>\n\t\t\t\t<div class=\"elementor-element elementor-element-29d2d48 elementor-widget elementor-widget-image\" data-id=\"29d2d48\" data-element_type=\"widget\" data-widget_type=\"image.default\">\n\t\t\t\t<div class=\"elementor-widget-container\">\n\t\t\t\t\t\t\t\t<div class=\"elementor-image\">\n\t\t\t\t\t\t\t\t\t\t\t\t<img loading=\"lazy\" decoding=\"async\" width=\"600\" height=\"400\" src=\"https:\/\/www.arnaudom.fr\/wordpress\/wp-content\/uploads\/2019\/08\/miroir16.jpg\" class=\"attachment-full size-full wp-image-2484\" alt=\"\" srcset=\"https:\/\/www.arnaudom.fr\/wordpress\/wp-content\/uploads\/2019\/08\/miroir16.jpg 600w, https:\/\/www.arnaudom.fr\/wordpress\/wp-content\/uploads\/2019\/08\/miroir16-300x200.jpg 300w\" sizes=\"auto, (max-width: 600px) 100vw, 600px\" \/>\t\t\t\t\t\t\t\t\t\t\t\t\t\t<\/div>\n\t\t\t\t\t\t<\/div>\n\t\t\t\t<\/div>\n\t\t\t\t<div class=\"elementor-element elementor-element-df574fb elementor-widget elementor-widget-text-editor\" data-id=\"df574fb\" data-element_type=\"widget\" data-widget_type=\"text-editor.default\">\n\t\t\t\t<div class=\"elementor-widget-container\">\n\t\t\t\t\t\t\t\t<div class=\"elementor-text-editor elementor-clearfix\">\n\t\t\t\t<p>On revisse les 3 cales de maintien, tout en sachant qu&rsquo;elles ne doivent pas contraindre le miroir, ce qui nuirait \u00e0 la qualit\u00e9 des images. En r\u00e9alit\u00e9 le miroir doit \u00eatre le plus libre possible, donc il ne faut surtout pas serrer les vis \u00e0 fond, mais au contraire laisser un peu de jeu.<\/p>\t\t\t\t\t<\/div>\n\t\t\t\t\t\t<\/div>\n\t\t\t\t<\/div>\n\t\t\t\t<div class=\"elementor-element elementor-element-55cfa8d elementor-widget elementor-widget-image\" data-id=\"55cfa8d\" data-element_type=\"widget\" data-widget_type=\"image.default\">\n\t\t\t\t<div class=\"elementor-widget-container\">\n\t\t\t\t\t\t\t\t<div class=\"elementor-image\">\n\t\t\t\t\t\t\t\t\t\t\t\t<img loading=\"lazy\" decoding=\"async\" width=\"600\" height=\"400\" src=\"https:\/\/www.arnaudom.fr\/wordpress\/wp-content\/uploads\/2019\/08\/miroir17.jpg\" class=\"attachment-full size-full wp-image-2485\" alt=\"\" srcset=\"https:\/\/www.arnaudom.fr\/wordpress\/wp-content\/uploads\/2019\/08\/miroir17.jpg 600w, https:\/\/www.arnaudom.fr\/wordpress\/wp-content\/uploads\/2019\/08\/miroir17-300x200.jpg 300w\" sizes=\"auto, (max-width: 600px) 100vw, 600px\" \/>\t\t\t\t\t\t\t\t\t\t\t\t\t\t<\/div>\n\t\t\t\t\t\t<\/div>\n\t\t\t\t<\/div>\n\t\t\t\t<div class=\"elementor-element elementor-element-6e11f3a elementor-position-top elementor-vertical-align-top elementor-widget elementor-widget-image-box\" data-id=\"6e11f3a\" data-element_type=\"widget\" data-widget_type=\"image-box.default\">\n\t\t\t\t<div class=\"elementor-widget-container\">\n\t\t\t<div class=\"elementor-image-box-wrapper\"><figure class=\"elementor-image-box-img\"><img loading=\"lazy\" decoding=\"async\" width=\"555\" height=\"456\" src=\"https:\/\/www.arnaudom.fr\/wordpress\/wp-content\/uploads\/2019\/08\/miroir18.jpg\" class=\"attachment-full size-full wp-image-2486\" alt=\"\" srcset=\"https:\/\/www.arnaudom.fr\/wordpress\/wp-content\/uploads\/2019\/08\/miroir18.jpg 555w, https:\/\/www.arnaudom.fr\/wordpress\/wp-content\/uploads\/2019\/08\/miroir18-300x246.jpg 300w\" sizes=\"auto, (max-width: 555px) 100vw, 555px\" \/><\/figure><div class=\"elementor-image-box-content\"><p class=\"elementor-image-box-description\"><b>Vue de profil<\/b><\/p><\/div><\/div>\t\t<\/div>\n\t\t\t\t<\/div>\n\t\t\t\t<div class=\"elementor-element elementor-element-b0e9d74 elementor-widget elementor-widget-text-editor\" data-id=\"b0e9d74\" data-element_type=\"widget\" data-widget_type=\"text-editor.default\">\n\t\t\t\t<div class=\"elementor-widget-container\">\n\t\t\t\t\t\t\t\t<div class=\"elementor-text-editor elementor-clearfix\">\n\t\t\t\t<p>Il ne reste plus qu&rsquo;\u00e0 remettre le tube du t\u00e9l\u00e9scope en prenant garde de bien mettre les trous des vis dans la bonne position, l\u00e0 aussi un peu d&rsquo;huile de coude m&rsquo;a \u00e9t\u00e9 n\u00e9cessaire mais finalement le tube a bien retrouv\u00e9 sa place initiale.<\/p>\t\t\t\t\t<\/div>\n\t\t\t\t\t\t<\/div>\n\t\t\t\t<\/div>\n\t\t\t\t<div class=\"elementor-element elementor-element-3628b59 elementor-widget elementor-widget-image\" data-id=\"3628b59\" data-element_type=\"widget\" data-widget_type=\"image.default\">\n\t\t\t\t<div class=\"elementor-widget-container\">\n\t\t\t\t\t\t\t\t<div class=\"elementor-image\">\n\t\t\t\t\t\t\t\t\t\t\t\t<img loading=\"lazy\" decoding=\"async\" width=\"200\" height=\"420\" src=\"https:\/\/www.arnaudom.fr\/wordpress\/wp-content\/uploads\/2019\/08\/miroir19.jpg\" class=\"attachment-full size-full wp-image-2487\" alt=\"\" srcset=\"https:\/\/www.arnaudom.fr\/wordpress\/wp-content\/uploads\/2019\/08\/miroir19.jpg 200w, https:\/\/www.arnaudom.fr\/wordpress\/wp-content\/uploads\/2019\/08\/miroir19-143x300.jpg 143w\" sizes=\"auto, (max-width: 200px) 100vw, 200px\" \/>\t\t\t\t\t\t\t\t\t\t\t\t\t\t<\/div>\n\t\t\t\t\t\t<\/div>\n\t\t\t\t<\/div>\n\t\t\t\t<div class=\"elementor-element elementor-element-cb8c1c4 elementor-widget elementor-widget-text-editor\" data-id=\"cb8c1c4\" data-element_type=\"widget\" data-widget_type=\"text-editor.default\">\n\t\t\t\t<div class=\"elementor-widget-container\">\n\t\t\t\t\t\t\t\t<div class=\"elementor-text-editor elementor-clearfix\">\n\t\t\t\t<p>On replace les vis de maintien du barillet, et voil\u00e0, l&rsquo;op\u00e9ration est termin\u00e9e !<\/p>\t\t\t\t\t<\/div>\n\t\t\t\t\t\t<\/div>\n\t\t\t\t<\/div>\n\t\t\t\t<div class=\"elementor-element elementor-element-83f4e63 elementor-widget elementor-widget-image\" data-id=\"83f4e63\" data-element_type=\"widget\" data-widget_type=\"image.default\">\n\t\t\t\t<div class=\"elementor-widget-container\">\n\t\t\t\t\t\t\t\t<div class=\"elementor-image\">\n\t\t\t\t\t\t\t\t\t\t\t\t<img loading=\"lazy\" decoding=\"async\" width=\"600\" height=\"400\" src=\"https:\/\/www.arnaudom.fr\/wordpress\/wp-content\/uploads\/2019\/08\/miroir20.jpg\" class=\"attachment-full size-full wp-image-2488\" alt=\"\" srcset=\"https:\/\/www.arnaudom.fr\/wordpress\/wp-content\/uploads\/2019\/08\/miroir20.jpg 600w, https:\/\/www.arnaudom.fr\/wordpress\/wp-content\/uploads\/2019\/08\/miroir20-300x200.jpg 300w\" sizes=\"auto, (max-width: 600px) 100vw, 600px\" \/>\t\t\t\t\t\t\t\t\t\t\t\t\t\t<\/div>\n\t\t\t\t\t\t<\/div>\n\t\t\t\t<\/div>\n\t\t\t\t<div class=\"elementor-element elementor-element-996c259 elementor-widget elementor-widget-text-editor\" data-id=\"996c259\" data-element_type=\"widget\" data-widget_type=\"text-editor.default\">\n\t\t\t\t<div class=\"elementor-widget-container\">\n\t\t\t\t\t\t\t\t<div class=\"elementor-text-editor elementor-clearfix\">\n\t\t\t\tApr\u00e8s tout \u00e7a, on se rend compte qu&rsquo;il n&rsquo;est ni tr\u00e8s compliqu\u00e9 ni tr\u00e8s risqu\u00e9 de laver son miroir primaire. Du coup, je pense que je n&rsquo;attendrais pas 4 nouvelles ann\u00e9es avant de nettoyer mon miroir, et que j&rsquo;\u00e9viterai de le laisser dans l&rsquo;\u00e9tat o\u00f9 je l&rsquo;ai trouv\u00e9 avant le nettoyage !\n\nAh, une derni\u00e8re chose : bien entendu, apr\u00e8s avoir tout remont\u00e9, il a fallu tout recollimater &#8230; Mais ceci est une autre histoire ! <img decoding=\"async\" src=\"http:\/\/www.arnaudom.fr\/Img\/smclin.gif\" alt=\"clin d'oeil\" \/>&#8230;\t\t\t\t\t<\/div>\n\t\t\t\t\t\t<\/div>\n\t\t\t\t<\/div>\n\t\t\t\t<div class=\"elementor-element elementor-element-5bbf3f6 elementor-align-center elementor-widget elementor-widget-button\" data-id=\"5bbf3f6\" data-element_type=\"widget\" data-widget_type=\"button.default\">\n\t\t\t\t<div class=\"elementor-widget-container\">\n\t\t\t\t\t<div class=\"elementor-button-wrapper\">\n\t\t\t<a href=\"http:\/\/www.arnaudom.fr\/wordpress\/elementor-2464\/\" class=\"elementor-button-link elementor-button elementor-size-sm\" role=\"button\">\n\t\t\t\t\t\t<span class=\"elementor-button-content-wrapper\">\n\t\t\t\t\t\t\t<span class=\"elementor-button-icon elementor-align-icon-left\">\n\t\t\t\t\t\t\t\t\t<i class=\"fa fa-arrow-left\" aria-hidden=\"true\"><\/i>\n\t\t\t\t\t\t\t<\/span>\n\t\t\t\t\t\t<span class=\"elementor-button-text\">...D\u00e9but nettoyage<\/span>\n\t\t<\/span>\n\t\t\t\t\t<\/a>\n\t\t<\/div>\n\t\t\t\t<\/div>\n\t\t\t\t<\/div>\n\t\t\t\t\t\t<\/div>\n\t\t\t\t\t<\/div>\n\t\t<\/div>\n\t\t\t\t\t\t\t\t<\/div>\n\t\t\t\t\t<\/div>\n\t\t<\/section>\n\t\t\t\t\t\t\t\t\t<\/div>\n\t\t\t<\/div>\n\t\t\t\t\t<\/div>\n\t\t","protected":false},"excerpt":{"rendered":"<p>Nettoyage du miroir primaire (suite) Nettoyage On remplit la bassine d&rsquo;eau chaude et de liquide vaisselle (une bonne dose), on prend d\u00e9licatement le miroir par les c\u00f4t\u00e9s et on le d\u00e9pose dans la bassine. L\u00e0 aussi, le miroir en main, on ressent une belle impression de solidit\u00e9 et finalement, la crainte de le manipuler est &hellip;<\/p>\n<p class=\"read-more\"> <a class=\"\" href=\"https:\/\/www.arnaudom.fr\/wordpress\/elementor-2495\/\"> <span class=\"screen-reader-text\">miroirsuite<\/span> Lire la suite\u00a0\u00bb<\/a><\/p>\n","protected":false},"author":1,"featured_media":0,"parent":0,"menu_order":0,"comment_status":"closed","ping_status":"closed","template":"","meta":{"site-sidebar-layout":"default","site-content-layout":"default","ast-site-content-layout":"","site-content-style":"default","site-sidebar-style":"default","ast-global-header-display":"","ast-banner-title-visibility":"","ast-main-header-display":"","ast-hfb-above-header-display":"","ast-hfb-below-header-display":"","ast-hfb-mobile-header-display":"","site-post-title":"disabled","ast-breadcrumbs-content":"","ast-featured-img":"","footer-sml-layout":"","theme-transparent-header-meta":"default","adv-header-id-meta":"","stick-header-meta":"","header-above-stick-meta":"","header-main-stick-meta":"","header-below-stick-meta":"","astra-migrate-meta-layouts":"","ast-page-background-enabled":"default","ast-page-background-meta":{"desktop":{"background-color":"","background-image":"","background-repeat":"repeat","background-position":"center center","background-size":"auto","background-attachment":"scroll","background-type":"","background-media":"","overlay-type":"","overlay-color":"","overlay-gradient":""},"tablet":{"background-color":"","background-image":"","background-repeat":"repeat","background-position":"center center","background-size":"auto","background-attachment":"scroll","background-type":"","background-media":"","overlay-type":"","overlay-color":"","overlay-gradient":""},"mobile":{"background-color":"","background-image":"","background-repeat":"repeat","background-position":"center center","background-size":"auto","background-attachment":"scroll","background-type":"","background-media":"","overlay-type":"","overlay-color":"","overlay-gradient":""}},"ast-content-background-meta":{"desktop":{"background-color":"var(--ast-global-color-5)","background-image":"","background-repeat":"repeat","background-position":"center center","background-size":"auto","background-attachment":"scroll","background-type":"","background-media":"","overlay-type":"","overlay-color":"","overlay-gradient":""},"tablet":{"background-color":"var(--ast-global-color-5)","background-image":"","background-repeat":"repeat","background-position":"center center","background-size":"auto","background-attachment":"scroll","background-type":"","background-media":"","overlay-type":"","overlay-color":"","overlay-gradient":""},"mobile":{"background-color":"var(--ast-global-color-5)","background-image":"","background-repeat":"repeat","background-position":"center center","background-size":"auto","background-attachment":"scroll","background-type":"","background-media":"","overlay-type":"","overlay-color":"","overlay-gradient":""}},"footnotes":""},"class_list":["post-2495","page","type-page","status-publish","hentry"],"_links":{"self":[{"href":"https:\/\/www.arnaudom.fr\/wordpress\/wp-json\/wp\/v2\/pages\/2495","targetHints":{"allow":["GET"]}}],"collection":[{"href":"https:\/\/www.arnaudom.fr\/wordpress\/wp-json\/wp\/v2\/pages"}],"about":[{"href":"https:\/\/www.arnaudom.fr\/wordpress\/wp-json\/wp\/v2\/types\/page"}],"author":[{"embeddable":true,"href":"https:\/\/www.arnaudom.fr\/wordpress\/wp-json\/wp\/v2\/users\/1"}],"replies":[{"embeddable":true,"href":"https:\/\/www.arnaudom.fr\/wordpress\/wp-json\/wp\/v2\/comments?post=2495"}],"version-history":[{"count":8,"href":"https:\/\/www.arnaudom.fr\/wordpress\/wp-json\/wp\/v2\/pages\/2495\/revisions"}],"predecessor-version":[{"id":4863,"href":"https:\/\/www.arnaudom.fr\/wordpress\/wp-json\/wp\/v2\/pages\/2495\/revisions\/4863"}],"wp:attachment":[{"href":"https:\/\/www.arnaudom.fr\/wordpress\/wp-json\/wp\/v2\/media?parent=2495"}],"curies":[{"name":"wp","href":"https:\/\/api.w.org\/{rel}","templated":true}]}}