{"id":2415,"date":"2019-08-07T10:02:29","date_gmt":"2019-08-07T08:02:29","guid":{"rendered":"http:\/\/www.arnaudom.fr\/wordpress\/?page_id=2415"},"modified":"2020-08-06T09:16:41","modified_gmt":"2020-08-06T07:16:41","slug":"elementor-2415","status":"publish","type":"page","link":"https:\/\/www.arnaudom.fr\/wordpress\/elementor-2415\/","title":{"rendered":"messvp"},"content":{"rendered":"\t\t<div data-elementor-type=\"wp-post\" data-elementor-id=\"2415\" class=\"elementor elementor-2415 elementor-bc-flex-widget\">\n\t\t\t\t\t\t<div class=\"elementor-inner\">\n\t\t\t\t<div class=\"elementor-section-wrap\">\n\t\t\t\t\t\t\t\t\t<section class=\"elementor-section elementor-top-section elementor-element elementor-element-22d7a543 elementor-section-full_width elementor-section-height-default elementor-section-height-default\" data-id=\"22d7a543\" data-element_type=\"section\" data-settings=\"{&quot;background_background&quot;:&quot;classic&quot;}\">\n\t\t\t\t\t\t<div class=\"elementor-container elementor-column-gap-default\">\n\t\t\t\t\t\t\t<div class=\"elementor-row\">\n\t\t\t\t\t<div class=\"elementor-column elementor-col-100 elementor-top-column elementor-element elementor-element-43121f5b\" data-id=\"43121f5b\" data-element_type=\"column\" data-settings=\"{&quot;background_background&quot;:&quot;classic&quot;}\">\n\t\t\t<div class=\"elementor-column-wrap elementor-element-populated\">\n\t\t\t\t\t\t\t<div class=\"elementor-widget-wrap\">\n\t\t\t\t\t\t<div class=\"elementor-element elementor-element-5c8a6f1c elementor-widget elementor-widget-heading\" data-id=\"5c8a6f1c\" data-element_type=\"widget\" data-widget_type=\"heading.default\">\n\t\t\t\t<div class=\"elementor-widget-container\">\n\t\t\t<h1 class=\"elementor-heading-title elementor-size-default\">Mise en station au viseur polaire<\/h1>\t\t<\/div>\n\t\t\t\t<\/div>\n\t\t\t\t<div class=\"elementor-element elementor-element-3f239559 elementor-widget elementor-widget-heading\" data-id=\"3f239559\" data-element_type=\"widget\" data-widget_type=\"heading.default\">\n\t\t\t\t<div class=\"elementor-widget-container\">\n\t\t\t<h2 class=\"elementor-heading-title elementor-size-default\">Pr\u00e9liminaire : installation et r\u00e9glage du viseur polaire.<\/h2>\t\t<\/div>\n\t\t\t\t<\/div>\n\t\t\t\t<div class=\"elementor-element elementor-element-1cdc2136 elementor-widget elementor-widget-text-editor\" data-id=\"1cdc2136\" data-element_type=\"widget\" data-widget_type=\"text-editor.default\">\n\t\t\t\t<div class=\"elementor-widget-container\">\n\t\t\t\t\t\t\t\t<div class=\"elementor-text-editor elementor-clearfix\">\n\t\t\t\t<p>Le viseur polaire est en option avec la monture Sky View Pro. Avant de pouvoir l&rsquo;utiliser, il faut donc l&rsquo;installer et, surtout, <span class=\"gras\">le r\u00e9gler<\/span> !<\/p>\t\t\t\t\t<\/div>\n\t\t\t\t\t\t<\/div>\n\t\t\t\t<\/div>\n\t\t\t\t<div class=\"elementor-element elementor-element-928908d elementor-position-right elementor-vertical-align-middle elementor-widget elementor-widget-image-box\" data-id=\"928908d\" data-element_type=\"widget\" data-widget_type=\"image-box.default\">\n\t\t\t\t<div class=\"elementor-widget-container\">\n\t\t\t<div class=\"elementor-image-box-wrapper\"><figure class=\"elementor-image-box-img\"><img loading=\"lazy\" decoding=\"async\" width=\"151\" height=\"138\" src=\"https:\/\/www.arnaudom.fr\/wordpress\/wp-content\/uploads\/2019\/08\/SWP03.jpg\" class=\"attachment-full size-full wp-image-2417\" alt=\"\" srcset=\"https:\/\/www.arnaudom.fr\/wordpress\/wp-content\/uploads\/2019\/08\/SWP03.jpg 151w, https:\/\/www.arnaudom.fr\/wordpress\/wp-content\/uploads\/2019\/08\/SWP03-150x138.jpg 150w\" sizes=\"auto, (max-width: 151px) 100vw, 151px\" \/><\/figure><div class=\"elementor-image-box-content\"><p class=\"elementor-image-box-description\">- Installation : le viseur se visse tout simplement \u00e0 l'int\u00e9rieur de la t\u00eate de la monture. <\/p><\/div><\/div>\t\t<\/div>\n\t\t\t\t<\/div>\n\t\t\t\t<div class=\"elementor-element elementor-element-d462cbe elementor-widget elementor-widget-text-editor\" data-id=\"d462cbe\" data-element_type=\"widget\" data-widget_type=\"text-editor.default\">\n\t\t\t\t<div class=\"elementor-widget-container\">\n\t\t\t\t\t\t\t\t<div class=\"elementor-text-editor elementor-clearfix\">\n\t\t\t\t<p>&#8211; <span class=\"gras\">R\u00e9glage :<\/span> il faut maintenant le r\u00e9gler pour qu&rsquo;il soit centr\u00e9.<\/p>\t\t\t\t\t<\/div>\n\t\t\t\t\t\t<\/div>\n\t\t\t\t<\/div>\n\t\t\t\t<div class=\"elementor-element elementor-element-63c84a7 elementor-widget elementor-widget-alert\" data-id=\"63c84a7\" data-element_type=\"widget\" data-widget_type=\"alert.default\">\n\t\t\t\t<div class=\"elementor-widget-container\">\n\t\t\t\t\t<div class=\"elementor-alert elementor-alert-warning\" role=\"alert\">\n\t\t\t<span class=\"elementor-alert-title\">Cette op\u00e9ration est tr\u00e8s importante !<\/span>\n\t\t\t\t\t\t\t<span class=\"elementor-alert-description\">Si vous ne le faites pas, votre mise en station n'aura aucune pr\u00e9cision ! De plus, c'est une op\u00e9ration assez p\u00e9nible \u00e0 faire, heureusement elle n'est \u00e0 faire qu'une seule fois ! Enfin, elle n'\u00e9tait indiqu\u00e9e nulle part dans la notice de ma monture ! Heureusement que je savais qu'il fallait le faire ! Je me demande comment aurait fait un complet d\u00e9butant !<\/span>\n\t\t\t\t\t\t\t\t<\/div>\n\t\t\t\t<\/div>\n\t\t\t\t<\/div>\n\t\t\t\t<div class=\"elementor-element elementor-element-4308db6 elementor-widget elementor-widget-text-editor\" data-id=\"4308db6\" data-element_type=\"widget\" data-widget_type=\"text-editor.default\">\n\t\t\t\t<div class=\"elementor-widget-container\">\n\t\t\t\t\t\t\t\t<div class=\"elementor-text-editor elementor-clearfix\">\n\t\t\t\t<p>Pour centrer le viseur polaire, on proc\u00e8de en plein jour : enlevez tout d&rsquo;abord le tube du t\u00e9l\u00e9scope et les contrepoids de la monture, ils vont plus nous g\u00eaner qu&rsquo;autre chose. Maintenant, visez \u00e0 travers le viseur polaire un objet lointain (personnellement j&rsquo;ai d\u00fb quasiment r\u00e9gler la latitude \u00e0 0\u00b0 pour y parvenir) et placer cet objet au centre du r\u00e9ticule (la croix au centre du viseur). Maintenant, on desserre le frein des Ascensions Droite (AD) et on tourne la monture d&rsquo;un demi-tour : l&rsquo;objet va alors s&rsquo;\u00e9loigner du centre du viseur (sauf si, par une chance extraordinaire, votre viseur est d\u00e9j\u00e0 r\u00e9gl\u00e9 pile poil!).<br \/>Bien, alors le but du \u00ab\u00a0jeu\u00a0\u00bb consiste \u00e0 r\u00e9gler le viseur pour que, quand on vise un objet, ce dernier reste bien au centre quand on fait tourner la monture !<\/p>\t\t\t\t\t<\/div>\n\t\t\t\t\t\t<\/div>\n\t\t\t\t<\/div>\n\t\t\t\t<div class=\"elementor-element elementor-element-3862d0d elementor-position-right elementor-vertical-align-middle elementor-widget elementor-widget-image-box\" data-id=\"3862d0d\" data-element_type=\"widget\" data-widget_type=\"image-box.default\">\n\t\t\t\t<div class=\"elementor-widget-container\">\n\t\t\t<div class=\"elementor-image-box-wrapper\"><figure class=\"elementor-image-box-img\"><img loading=\"lazy\" decoding=\"async\" width=\"348\" height=\"254\" src=\"https:\/\/www.arnaudom.fr\/wordpress\/wp-content\/uploads\/2019\/08\/SWP04.jpg\" class=\"attachment-full size-full wp-image-2418\" alt=\"\" srcset=\"https:\/\/www.arnaudom.fr\/wordpress\/wp-content\/uploads\/2019\/08\/SWP04.jpg 348w, https:\/\/www.arnaudom.fr\/wordpress\/wp-content\/uploads\/2019\/08\/SWP04-300x219.jpg 300w\" sizes=\"auto, (max-width: 348px) 100vw, 348px\" \/><\/figure><div class=\"elementor-image-box-content\"><p class=\"elementor-image-box-description\">Pour cela, il faut agir sur les trois minuscules vis, \u00e0 l'aide d'une toute petite clef Allen. <\/p><\/div><\/div>\t\t<\/div>\n\t\t\t\t<\/div>\n\t\t\t\t<div class=\"elementor-element elementor-element-a114731 elementor-widget elementor-widget-text-editor\" data-id=\"a114731\" data-element_type=\"widget\" data-widget_type=\"text-editor.default\">\n\t\t\t\t<div class=\"elementor-widget-container\">\n\t\t\t\t\t\t\t\t<div class=\"elementor-text-editor elementor-clearfix\">\n\t\t\t\t<p>On agit par t\u00e2tonnement, jusqu&rsquo;\u00e0 ce que l&rsquo;objet vis\u00e9 reste bien au centre quand on fait tourner la monture. Cette op\u00e9ration est tr\u00e8s fastidieuse (j&rsquo;ai bien d\u00fb y passer 40 minutes&#8230;), absolument sans int\u00e9r\u00eat mais totalement insdispensable ! Il vous donc y passer quoi qu&rsquo;il arrive &#8230;<\/p>\t\t\t\t\t<\/div>\n\t\t\t\t\t\t<\/div>\n\t\t\t\t<\/div>\n\t\t\t\t<div class=\"elementor-element elementor-element-6f90d14 elementor-widget elementor-widget-heading\" data-id=\"6f90d14\" data-element_type=\"widget\" data-widget_type=\"heading.default\">\n\t\t\t\t<div class=\"elementor-widget-container\">\n\t\t\t<h2 class=\"elementor-heading-title elementor-size-default\">Mise en station proprement dite.<\/h2>\t\t<\/div>\n\t\t\t\t<\/div>\n\t\t\t\t<div class=\"elementor-element elementor-element-ca3ce5d elementor-widget elementor-widget-text-editor\" data-id=\"ca3ce5d\" data-element_type=\"widget\" data-widget_type=\"text-editor.default\">\n\t\t\t\t<div class=\"elementor-widget-container\">\n\t\t\t\t\t\t\t\t<div class=\"elementor-text-editor elementor-clearfix\">\n\t\t\t\t<p>Ca y est, le viseur est centr\u00e9, f\u00e9licitations ! On va pouvoir passer \u00e0 la mise en pratique sur le terrain.<\/p><p><strong><span class=\"gras\">Remarque :<\/span><\/strong> il est plus facile de faire cette op\u00e9ration sans le tube du t\u00e9l\u00e9scope. Si je dispose d&rsquo;un sol suffisamment dur, je fais la mise en station sans lui (voire sans les contrepoids). Par contre, sur un sol mou (typiquement dans un champ dont le sol est l\u00e9g\u00e8rement humide), je fais la mise en station avec le tube et les contrepoids d\u00e9j\u00e0 en place, sinon en les rajoutant par la suite on risque de modifier l&rsquo;horizontalit\u00e9 de la monture.<\/p><p>Pour la mise en station, on suit les \u00e9tapes suivantes :<\/p>\t\t\t\t\t<\/div>\n\t\t\t\t\t\t<\/div>\n\t\t\t\t<\/div>\n\t\t\t\t<div class=\"elementor-element elementor-element-4f5884b elementor-widget elementor-widget-text-editor\" data-id=\"4f5884b\" data-element_type=\"widget\" data-widget_type=\"text-editor.default\">\n\t\t\t\t<div class=\"elementor-widget-container\">\n\t\t\t\t\t\t\t\t<div class=\"elementor-text-editor elementor-clearfix\">\n\t\t\t\t<p><strong>1.Vis\u00e9e de l&rsquo;\u00e9toile polaire :<\/strong><\/p>\t\t\t\t\t<\/div>\n\t\t\t\t\t\t<\/div>\n\t\t\t\t<\/div>\n\t\t\t\t<div class=\"elementor-element elementor-element-864689f elementor-position-right elementor-vertical-align-middle elementor-widget elementor-widget-image-box\" data-id=\"864689f\" data-element_type=\"widget\" data-widget_type=\"image-box.default\">\n\t\t\t\t<div class=\"elementor-widget-container\">\n\t\t\t<div class=\"elementor-image-box-wrapper\"><figure class=\"elementor-image-box-img\"><img loading=\"lazy\" decoding=\"async\" width=\"260\" height=\"183\" src=\"https:\/\/www.arnaudom.fr\/wordpress\/wp-content\/uploads\/2019\/08\/SWP05.jpg\" class=\"attachment-full size-full wp-image-2421\" alt=\"\" \/><\/figure><div class=\"elementor-image-box-content\"><p class=\"elementor-image-box-description\">on installe la monture en orientant le pied marqu\u00e9 N vers le nord (face \u00e0 l'\u00e9toile polaire). On d\u00e9gage le viseur polaire et, en d\u00e9pla\u00e7ant l\u00e9g\u00e8rement le tr\u00e9pied et en r\u00e9glant la latitude, on fait en sorte de voir l'\u00e9toile polaire \u00e0 peu pr\u00e8s dans le cercle central du viseur<\/p><\/div><\/div>\t\t<\/div>\n\t\t\t\t<\/div>\n\t\t\t\t<div class=\"elementor-element elementor-element-becfda6 elementor-widget elementor-widget-text-editor\" data-id=\"becfda6\" data-element_type=\"widget\" data-widget_type=\"text-editor.default\">\n\t\t\t\t<div class=\"elementor-widget-container\">\n\t\t\t\t\t\t\t\t<div class=\"elementor-text-editor elementor-clearfix\">\n\t\t\t\t<p><strong>2.Tr\u00e9pied \u00e0 l&rsquo;horizontale :<\/strong><\/p>\t\t\t\t\t<\/div>\n\t\t\t\t\t\t<\/div>\n\t\t\t\t<\/div>\n\t\t\t\t<div class=\"elementor-element elementor-element-9e0092f elementor-position-right elementor-vertical-align-middle elementor-widget elementor-widget-image-box\" data-id=\"9e0092f\" data-element_type=\"widget\" data-widget_type=\"image-box.default\">\n\t\t\t\t<div class=\"elementor-widget-container\">\n\t\t\t<div class=\"elementor-image-box-wrapper\"><figure class=\"elementor-image-box-img\"><img loading=\"lazy\" decoding=\"async\" width=\"328\" height=\"249\" src=\"https:\/\/www.arnaudom.fr\/wordpress\/wp-content\/uploads\/2019\/08\/SWP06.jpg\" class=\"attachment-full size-full wp-image-2422\" alt=\"\" srcset=\"https:\/\/www.arnaudom.fr\/wordpress\/wp-content\/uploads\/2019\/08\/SWP06.jpg 328w, https:\/\/www.arnaudom.fr\/wordpress\/wp-content\/uploads\/2019\/08\/SWP06-300x228.jpg 300w\" sizes=\"auto, (max-width: 328px) 100vw, 328px\" \/><\/figure><div class=\"elementor-image-box-content\"><p class=\"elementor-image-box-description\">maintenant, on met le tr\u00e9pied \u00e0 l'horizontale en r\u00e9glant la hauteur des pieds. Pour cela, je m'aide d'un petit niveau que je place sur le plateau de la monture. Les pieds sont faciles \u00e0 ajuster, et en pla\u00e7ant le niveau dans diff\u00e9rentes positions on arrive assez facilement \u00e0 mettre la monture \u00e0 l'horizontale.<\/p><\/div><\/div>\t\t<\/div>\n\t\t\t\t<\/div>\n\t\t\t\t<div class=\"elementor-element elementor-element-95fbb71 elementor-widget elementor-widget-text-editor\" data-id=\"95fbb71\" data-element_type=\"widget\" data-widget_type=\"text-editor.default\">\n\t\t\t\t<div class=\"elementor-widget-container\">\n\t\t\t\t\t\t\t\t<div class=\"elementor-text-editor elementor-clearfix\">\n\t\t\t\t<p><strong>3.Desserrage du frein AD :<\/strong><\/p>\t\t\t\t\t<\/div>\n\t\t\t\t\t\t<\/div>\n\t\t\t\t<\/div>\n\t\t\t\t<div class=\"elementor-element elementor-element-e8e7929 elementor-position-right elementor-vertical-align-middle elementor-widget elementor-widget-image-box\" data-id=\"e8e7929\" data-element_type=\"widget\" data-widget_type=\"image-box.default\">\n\t\t\t\t<div class=\"elementor-widget-container\">\n\t\t\t<div class=\"elementor-image-box-wrapper\"><figure class=\"elementor-image-box-img\"><img loading=\"lazy\" decoding=\"async\" width=\"279\" height=\"285\" src=\"https:\/\/www.arnaudom.fr\/wordpress\/wp-content\/uploads\/2019\/08\/SWP07.jpg\" class=\"attachment-full size-full wp-image-2423\" alt=\"\" \/><\/figure><div class=\"elementor-image-box-content\"><p class=\"elementor-image-box-description\">on desserre le frein AD afin de pouvoir faire tourner le viseur polaire.<\/p><\/div><\/div>\t\t<\/div>\n\t\t\t\t<\/div>\n\t\t\t\t<div class=\"elementor-element elementor-element-8ba649d elementor-widget elementor-widget-text-editor\" data-id=\"8ba649d\" data-element_type=\"widget\" data-widget_type=\"text-editor.default\">\n\t\t\t\t<div class=\"elementor-widget-container\">\n\t\t\t\t\t\t\t\t<div class=\"elementor-text-editor elementor-clearfix\">\n\t\t\t\t<p><strong><span class=\"gras\">4.Placement des constellations :<\/span><\/strong><br \/>dans le viseur se trouvent repr\u00e9sent\u00e9es la Grande Ourse et Cassiop\u00e9e. Il s&rsquo;agit maintenant d&rsquo;orienter le viseur afin que ces deux constellations se trouvent plac\u00e9es sur le dessin comme elles le sont en r\u00e9alit\u00e9 dans le ciel.<\/p><p><strong><span class=\"gras\">5.Serrage du frein AD :<\/span><\/strong><br \/>quand l&rsquo;orientation du viseur est satisfaisante, on resserre le frein AD.<\/p><p><strong><span class=\"gras\">6.Centrage de la polaire :<\/span><\/strong><br \/>maintenant, il ne reste plus qu&rsquo;\u00e0 amener l&rsquo;\u00e9toile polaire dans le petit cercle qui se trouve au bord du grand cercle. Pour cela, on ne doit utiliser que les vis de latitude et les vis d&rsquo;azimut. Le viseur polaire n&rsquo;\u00e9tant pas \u00e9clair\u00e9, il faut approcher une lampe pr\u00e8s de son extr\u00e9mit\u00e9 pour y voir quelque chose&#8230; L\u00e0 on comprend l&rsquo;utilit\u00e9 d&rsquo;un viseur polaire \u00e9clair\u00e9. Une fois que la polaire est dans le petit cercle, la mise en station est termin\u00e9e ! Par la suite, on ne touche plus ni au tr\u00e9pied, ni aux vis de latitude et d&rsquo;azimut.<br \/>Avec l&rsquo;habitude, cette mise en station ne prend que quelques minutes !<\/p>\t\t\t\t\t<\/div>\n\t\t\t\t\t\t<\/div>\n\t\t\t\t<\/div>\n\t\t\t\t<div class=\"elementor-element elementor-element-2200b52 elementor-widget elementor-widget-heading\" data-id=\"2200b52\" data-element_type=\"widget\" data-widget_type=\"heading.default\">\n\t\t\t\t<div class=\"elementor-widget-container\">\n\t\t\t<h2 class=\"elementor-heading-title elementor-size-default\">Pr\u00e9cision de la mise en station.<\/h2>\t\t<\/div>\n\t\t\t\t<\/div>\n\t\t\t\t<div class=\"elementor-element elementor-element-da0382e elementor-widget elementor-widget-text-editor\" data-id=\"da0382e\" data-element_type=\"widget\" data-widget_type=\"text-editor.default\">\n\t\t\t\t<div class=\"elementor-widget-container\">\n\t\t\t\t\t\t\t\t<div class=\"elementor-text-editor elementor-clearfix\">\n\t\t\t\t<p>Il existe des m\u00e9thodes (King, Bigourdan, avec webcam&#8230;) qui permettent d&rsquo;affiner la pr\u00e9cision de la mise en station, personnellement je n&rsquo;ai jamais test\u00e9 d&rsquo;autres m\u00e9thodes, ne voulant pas passer la moiti\u00e9 de mon temps \u00e0 cette op\u00e9ration. Il s&rsquo;av\u00e8re que cette mise en station au viseur polaire est suffisament pr\u00e9cise pour ce que je fais, \u00e0 savoir le pointage d&rsquo;objets aux coordonn\u00e9es et la photo \u00e0 la webcam.<\/p><p>&#8211; Concernant le pointage d&rsquo;objets par coordonn\u00e9es \u00e0 l&rsquo;aide des cercles, la pr\u00e9cision est suffisante pour qu&rsquo;avec l&rsquo;oculaire de 25 mm, l&rsquo;objet cherch\u00e9 soit quasiment toujours dans le champ.<\/p><p>&#8211; Concernant la photo \u00e0 la webcam, cette mise en station permet des poses de 15 secondes au foyer ou des poses de 20 \u00e0 30 secondes avec le r\u00e9ducteur de focale (avec des taux de d\u00e9chet de 40 % au foyer, et 20 \u00e0 30% avec le r\u00e9ducteur).<\/p>\t\t\t\t\t<\/div>\n\t\t\t\t\t\t<\/div>\n\t\t\t\t<\/div>\n\t\t\t\t\t\t<\/div>\n\t\t\t\t\t<\/div>\n\t\t<\/div>\n\t\t\t\t\t\t\t\t<\/div>\n\t\t\t\t\t<\/div>\n\t\t<\/section>\n\t\t\t\t\t\t\t\t\t<\/div>\n\t\t\t<\/div>\n\t\t\t\t\t<\/div>\n\t\t","protected":false},"excerpt":{"rendered":"<p>Mise en station au viseur polaire Pr\u00e9liminaire : installation et r\u00e9glage du viseur polaire. Le viseur polaire est en option avec la monture Sky View Pro. Avant de pouvoir l&rsquo;utiliser, il faut donc l&rsquo;installer et, surtout, le r\u00e9gler ! &#8211; Installation : le viseur se visse tout simplement \u00e0 l&rsquo;int\u00e9rieur de la t\u00eate de la &hellip;<\/p>\n<p class=\"read-more\"> <a class=\"\" href=\"https:\/\/www.arnaudom.fr\/wordpress\/elementor-2415\/\"> <span class=\"screen-reader-text\">messvp<\/span> Lire la suite\u00a0\u00bb<\/a><\/p>\n","protected":false},"author":1,"featured_media":0,"parent":0,"menu_order":0,"comment_status":"closed","ping_status":"closed","template":"","meta":{"site-sidebar-layout":"default","site-content-layout":"default","ast-site-content-layout":"","site-content-style":"default","site-sidebar-style":"default","ast-global-header-display":"","ast-banner-title-visibility":"","ast-main-header-display":"","ast-hfb-above-header-display":"","ast-hfb-below-header-display":"","ast-hfb-mobile-header-display":"","site-post-title":"disabled","ast-breadcrumbs-content":"","ast-featured-img":"","footer-sml-layout":"","theme-transparent-header-meta":"default","adv-header-id-meta":"","stick-header-meta":"","header-above-stick-meta":"","header-main-stick-meta":"","header-below-stick-meta":"","astra-migrate-meta-layouts":"","ast-page-background-enabled":"default","ast-page-background-meta":{"desktop":{"background-color":"","background-image":"","background-repeat":"repeat","background-position":"center center","background-size":"auto","background-attachment":"scroll","background-type":"","background-media":"","overlay-type":"","overlay-color":"","overlay-gradient":""},"tablet":{"background-color":"","background-image":"","background-repeat":"repeat","background-position":"center center","background-size":"auto","background-attachment":"scroll","background-type":"","background-media":"","overlay-type":"","overlay-color":"","overlay-gradient":""},"mobile":{"background-color":"","background-image":"","background-repeat":"repeat","background-position":"center center","background-size":"auto","background-attachment":"scroll","background-type":"","background-media":"","overlay-type":"","overlay-color":"","overlay-gradient":""}},"ast-content-background-meta":{"desktop":{"background-color":"var(--ast-global-color-5)","background-image":"","background-repeat":"repeat","background-position":"center center","background-size":"auto","background-attachment":"scroll","background-type":"","background-media":"","overlay-type":"","overlay-color":"","overlay-gradient":""},"tablet":{"background-color":"var(--ast-global-color-5)","background-image":"","background-repeat":"repeat","background-position":"center center","background-size":"auto","background-attachment":"scroll","background-type":"","background-media":"","overlay-type":"","overlay-color":"","overlay-gradient":""},"mobile":{"background-color":"var(--ast-global-color-5)","background-image":"","background-repeat":"repeat","background-position":"center center","background-size":"auto","background-attachment":"scroll","background-type":"","background-media":"","overlay-type":"","overlay-color":"","overlay-gradient":""}},"footnotes":""},"class_list":["post-2415","page","type-page","status-publish","hentry"],"_links":{"self":[{"href":"https:\/\/www.arnaudom.fr\/wordpress\/wp-json\/wp\/v2\/pages\/2415","targetHints":{"allow":["GET"]}}],"collection":[{"href":"https:\/\/www.arnaudom.fr\/wordpress\/wp-json\/wp\/v2\/pages"}],"about":[{"href":"https:\/\/www.arnaudom.fr\/wordpress\/wp-json\/wp\/v2\/types\/page"}],"author":[{"embeddable":true,"href":"https:\/\/www.arnaudom.fr\/wordpress\/wp-json\/wp\/v2\/users\/1"}],"replies":[{"embeddable":true,"href":"https:\/\/www.arnaudom.fr\/wordpress\/wp-json\/wp\/v2\/comments?post=2415"}],"version-history":[{"count":6,"href":"https:\/\/www.arnaudom.fr\/wordpress\/wp-json\/wp\/v2\/pages\/2415\/revisions"}],"predecessor-version":[{"id":4845,"href":"https:\/\/www.arnaudom.fr\/wordpress\/wp-json\/wp\/v2\/pages\/2415\/revisions\/4845"}],"wp:attachment":[{"href":"https:\/\/www.arnaudom.fr\/wordpress\/wp-json\/wp\/v2\/media?parent=2415"}],"curies":[{"name":"wp","href":"https:\/\/api.w.org\/{rel}","templated":true}]}}