{"id":2386,"date":"2019-08-07T09:27:06","date_gmt":"2019-08-07T07:27:06","guid":{"rendered":"http:\/\/www.arnaudom.fr\/wordpress\/?page_id=2386"},"modified":"2020-08-06T09:15:42","modified_gmt":"2020-08-06T07:15:42","slug":"elementor-2386","status":"publish","type":"page","link":"https:\/\/www.arnaudom.fr\/wordpress\/elementor-2386\/","title":{"rendered":"mes"},"content":{"rendered":"\t\t<div data-elementor-type=\"wp-post\" data-elementor-id=\"2386\" class=\"elementor elementor-2386 elementor-bc-flex-widget\">\n\t\t\t\t\t\t<div class=\"elementor-inner\">\n\t\t\t\t<div class=\"elementor-section-wrap\">\n\t\t\t\t\t\t\t\t\t<section class=\"elementor-section elementor-top-section elementor-element elementor-element-595b145 elementor-section-full_width elementor-section-height-default elementor-section-height-default\" data-id=\"595b145\" data-element_type=\"section\" data-settings=\"{&quot;background_background&quot;:&quot;classic&quot;}\">\n\t\t\t\t\t\t<div class=\"elementor-container elementor-column-gap-default\">\n\t\t\t\t\t\t\t<div class=\"elementor-row\">\n\t\t\t\t\t<div class=\"elementor-column elementor-col-100 elementor-top-column elementor-element elementor-element-242a4936\" data-id=\"242a4936\" data-element_type=\"column\" data-settings=\"{&quot;background_background&quot;:&quot;classic&quot;}\">\n\t\t\t<div class=\"elementor-column-wrap elementor-element-populated\">\n\t\t\t\t\t\t\t<div class=\"elementor-widget-wrap\">\n\t\t\t\t\t\t<div class=\"elementor-element elementor-element-334ee5fb elementor-widget elementor-widget-heading\" data-id=\"334ee5fb\" data-element_type=\"widget\" data-widget_type=\"heading.default\">\n\t\t\t\t<div class=\"elementor-widget-container\">\n\t\t\t<h1 class=\"elementor-heading-title elementor-size-default\">Mise en station<\/h1>\t\t<\/div>\n\t\t\t\t<\/div>\n\t\t\t\t<div class=\"elementor-element elementor-element-7726c3e elementor-widget elementor-widget-text-editor\" data-id=\"7726c3e\" data-element_type=\"widget\" data-widget_type=\"text-editor.default\">\n\t\t\t\t<div class=\"elementor-widget-container\">\n\t\t\t\t\t\t\t\t<div class=\"elementor-text-editor elementor-clearfix\">\n\t\t\t\t<p>La mise en station est une op\u00e9ration n\u00e9cessaire quand on utilise une monture \u00e9quatoriale. Les d\u00e9butants ont souvent l&rsquo;impression qu&rsquo;il s&rsquo;agit d&rsquo;une op\u00e9ration tr\u00e8s compliqu\u00e9e, mais il faut savoir qu&rsquo;il y a plusieurs degr\u00e9s de pr\u00e9cision \u00e0 une mise en station, et qu&rsquo;une pr\u00e9cision de mise en station sommaire est souvent largement suffisante si on se contente d&rsquo;observer et de trouver des objets par rep\u00e9rage visuel.<\/p><p>Je vous conseille de lire la rubrique <a href=\"http:\/\/www.arnaudom.fr\/monture.php\">Utilisation de la monture EQ2<\/a> si \u00e7a n&rsquo;est pas d\u00e9j\u00e0 fait, car je vais utiliser des termes qui y sont expliqu\u00e9s.<\/p>\t\t\t\t\t<\/div>\n\t\t\t\t\t\t<\/div>\n\t\t\t\t<\/div>\n\t\t\t\t<div class=\"elementor-element elementor-element-7921854c elementor-widget elementor-widget-heading\" data-id=\"7921854c\" data-element_type=\"widget\" data-widget_type=\"heading.default\">\n\t\t\t\t<div class=\"elementor-widget-container\">\n\t\t\t<h2 class=\"elementor-heading-title elementor-size-default\">Mise en station sommaire :<\/h2>\t\t<\/div>\n\t\t\t\t<\/div>\n\t\t\t\t<div class=\"elementor-element elementor-element-3702dee elementor-position-right elementor-vertical-align-middle elementor-widget elementor-widget-image-box\" data-id=\"3702dee\" data-element_type=\"widget\" data-widget_type=\"image-box.default\">\n\t\t\t\t<div class=\"elementor-widget-container\">\n\t\t\t<div class=\"elementor-image-box-wrapper\"><figure class=\"elementor-image-box-img\"><img loading=\"lazy\" decoding=\"async\" width=\"250\" height=\"394\" src=\"https:\/\/www.arnaudom.fr\/wordpress\/wp-content\/uploads\/2019\/08\/Polaire.jpg\" class=\"attachment-full size-full wp-image-2388\" alt=\"\" srcset=\"https:\/\/www.arnaudom.fr\/wordpress\/wp-content\/uploads\/2019\/08\/Polaire.jpg 250w, https:\/\/www.arnaudom.fr\/wordpress\/wp-content\/uploads\/2019\/08\/Polaire-190x300.jpg 190w\" sizes=\"auto, (max-width: 250px) 100vw, 250px\" \/><\/figure><div class=\"elementor-image-box-content\"><p class=\"elementor-image-box-description\">- tout d'abord, on rep\u00e8re l'\u00e9toile polaire. Pour cela, on part de la Grande Ourse, et on prolonge 5 fois le bord ext\u00e9rieur de la \"casserole\" form\u00e9 par deux \u00e9toiles. On arrive dans une zone du ciel o\u00f9 se trouve une \u00e9toile bien plus brillante que les autres, c'est l'\u00e9toile polaire, qui indique le nord. <\/p><\/div><\/div>\t\t<\/div>\n\t\t\t\t<\/div>\n\t\t\t\t<div class=\"elementor-element elementor-element-b711ad9 elementor-widget elementor-widget-text-editor\" data-id=\"b711ad9\" data-element_type=\"widget\" data-widget_type=\"text-editor.default\">\n\t\t\t\t<div class=\"elementor-widget-container\">\n\t\t\t\t\t\t\t\t<div class=\"elementor-text-editor elementor-clearfix\">\n\t\t\t\t<p>&#8211; On r\u00e8gle la latitude sur la latitude du lieu d&rsquo;observation (pour la France, autour de 45\u00b0).<\/p>\t\t\t\t\t<\/div>\n\t\t\t\t\t\t<\/div>\n\t\t\t\t<\/div>\n\t\t\t\t<div class=\"elementor-element elementor-element-d524e7d elementor-position-right elementor-vertical-align-middle elementor-widget elementor-widget-image-box\" data-id=\"d524e7d\" data-element_type=\"widget\" data-widget_type=\"image-box.default\">\n\t\t\t\t<div class=\"elementor-widget-container\">\n\t\t\t<div class=\"elementor-image-box-wrapper\"><figure class=\"elementor-image-box-img\"><img loading=\"lazy\" decoding=\"async\" width=\"268\" height=\"364\" src=\"https:\/\/www.arnaudom.fr\/wordpress\/wp-content\/uploads\/2019\/08\/AxeRA2.jpg\" class=\"attachment-full size-full wp-image-2389\" alt=\"\" srcset=\"https:\/\/www.arnaudom.fr\/wordpress\/wp-content\/uploads\/2019\/08\/AxeRA2.jpg 268w, https:\/\/www.arnaudom.fr\/wordpress\/wp-content\/uploads\/2019\/08\/AxeRA2-221x300.jpg 221w\" sizes=\"auto, (max-width: 268px) 100vw, 268px\" \/><\/figure><div class=\"elementor-image-box-content\"><p class=\"elementor-image-box-description\">- On place le tr\u00e9pied le plus horizontalement possible en r\u00e9glant la hauteur des pieds (on peut s'aider d'un niveau pour cela), et de fa\u00e7on que l'axe des ascensions droite pointe vers le nord, donc vers l'\u00e9toile polaire. Sur l'EQ2, il y a les lettres R et A sur l'axe, et une fl\u00e8che dessin\u00e9e au milieu. Cette fl\u00e8che doit pointer vers le nord.<\/p><\/div><\/div>\t\t<\/div>\n\t\t\t\t<\/div>\n\t\t\t\t<div class=\"elementor-element elementor-element-263d38ed elementor-widget elementor-widget-text-editor\" data-id=\"263d38ed\" data-element_type=\"widget\" data-widget_type=\"text-editor.default\">\n\t\t\t\t<div class=\"elementor-widget-container\">\n\t\t\t\t\t\t\t\t<div class=\"elementor-text-editor elementor-clearfix\">\n\t\t\t\t<p>Bien, alors si on veut se contenter d&rsquo;observer, on peut tr\u00e8s bien s&rsquo;arr\u00eater l\u00e0 ! C&rsquo;est une mise en station tr\u00e8s impr\u00e9cise, mais je la fais ainsi quand je ne veux observer que peu de temps et me contenter de rep\u00e9rer des objets en visuel.<\/p>\t\t\t\t\t<\/div>\n\t\t\t\t\t\t<\/div>\n\t\t\t\t<\/div>\n\t\t\t\t<div class=\"elementor-element elementor-element-a53e5ea elementor-widget elementor-widget-heading\" data-id=\"a53e5ea\" data-element_type=\"widget\" data-widget_type=\"heading.default\">\n\t\t\t\t<div class=\"elementor-widget-container\">\n\t\t\t<h2 class=\"elementor-heading-title elementor-size-default\">Mise en station plus pr\u00e9cise :<\/h2>\t\t<\/div>\n\t\t\t\t<\/div>\n\t\t\t\t<div class=\"elementor-element elementor-element-c036b1a elementor-widget elementor-widget-text-editor\" data-id=\"c036b1a\" data-element_type=\"widget\" data-widget_type=\"text-editor.default\">\n\t\t\t\t<div class=\"elementor-widget-container\">\n\t\t\t\t\t\t\t\t<div class=\"elementor-text-editor elementor-clearfix\">\n\t\t\t\t<p>&#8211; pour am\u00e9liorer la pr\u00e9cision, il faut pointer l&rsquo;\u00e9toile polaire. Tout d&rsquo;abord, on place le cercle des d\u00e9clinaisons sur 90 (la d\u00e9clinaison exacte de l&rsquo;\u00e9toile polaire est un peu plus de 89\u00b0 en r\u00e9alit\u00e9), on serre le frein des d\u00e9clinaisons et on peut ajuster avec le flexible des d\u00e9clinaisons. La position sur l&rsquo;axe des ascensions droites n&rsquo;a pas d&rsquo;importance.<\/p><p>&#8211; On regarde dans le chercheur, et il faut r\u00e9gler la monture pour que l&rsquo;\u00e9toile polaire soit au centre du chercheur. Attention, pour cela, <strong><span class=\"gras\"> il faut toucher uniquement aux vis de latitude et d&rsquo;azimut, et on ne touche pas aux flexibles de d\u00e9clinaison et d&rsquo;ascension droite !<\/span><\/strong> Sur l&rsquo;EQ2, vous constaterez que le r\u00e9glage en latitude est facile car la vis de latitude permet un r\u00e9glage fin, par contre le r\u00e9glage en azimut est plus d\u00e9licat, la vis ne permettant qu&rsquo;un r\u00e9glage grossier.<\/p><p>&#8211; Quand la polaire est dans le chercheur, on met un oculaire (en g\u00e9n\u00e9ral je mets le 20 mm pour avoir 45x de grossissement) et on centre cette fois la polaire dans l&rsquo;oculaire, toujours \u00e0 l&rsquo;aide des m\u00eames vis.<\/p><p>&#8211; On peut am\u00e9liorer le centrage de la polaire en refaisant la m\u00eame op\u00e9ration \u00e0 l&rsquo;aide d&rsquo;oculaires \u00e0 plus fort grossissement si on veut.<\/p><p>Une fois cette mise en station faite, il ne faut plus toucher ni au tr\u00e9pied, ni aux vis de latitude et d&rsquo;azimut. On pointera les objets uniquement \u00e0 l&rsquo;aide des flexibles d&rsquo;ascension droite et de d\u00e9clinaison.Cette mise en station permet de suivre des objets efficacement \u00e0 l&rsquo;aide du moteur (avec un faible grossissement de 45x avec le 20 mm ou de 28x avec le 32 mm, un objet point\u00e9 reste sans probl\u00e8me 5-10 minutes dans le champ de l&rsquo;oculaire), elle permet aussi de rep\u00e9rer des objets par pointage diff\u00e9rentiel \u00e0 l&rsquo;aide des coordonn\u00e9es et de faire de la photo plan\u00e9taire \u00e0 la webcam. C&rsquo;est la mise en station que je fais la plupart du temps.<\/p>\t\t\t\t\t<\/div>\n\t\t\t\t\t\t<\/div>\n\t\t\t\t<\/div>\n\t\t\t\t<div class=\"elementor-element elementor-element-fdcf199 elementor-widget elementor-widget-heading\" data-id=\"fdcf199\" data-element_type=\"widget\" data-widget_type=\"heading.default\">\n\t\t\t\t<div class=\"elementor-widget-container\">\n\t\t\t<h2 class=\"elementor-heading-title elementor-size-default\">Mise en station tr\u00e8s pr\u00e9cise ?<\/h2>\t\t<\/div>\n\t\t\t\t<\/div>\n\t\t\t\t<div class=\"elementor-element elementor-element-03b44da elementor-widget elementor-widget-text-editor\" data-id=\"03b44da\" data-element_type=\"widget\" data-widget_type=\"text-editor.default\">\n\t\t\t\t<div class=\"elementor-widget-container\">\n\t\t\t\t\t\t\t\t<div class=\"elementor-text-editor elementor-clearfix\">\n\t\t\t\t<p>Je mets un point d&rsquo;interrogation car je ne sais pas si l&rsquo;EQ2, avec sa vis d&rsquo;azimut tr\u00e8s impr\u00e9cise et l&rsquo;impossibilit\u00e9 d&rsquo;ajoindre un viseur polaire, permet une mise en station plus pr\u00e9cise. Une mise en station tr\u00e8s pr\u00e9cise est n\u00e9cessaire pour r\u00e9ussir \u00e0 faire de belles photos du ciel profond \u00e0 la webcam, car cela n\u00e9cessite d&rsquo;avoir un suivi tr\u00e8s pr\u00e9cis des objets puisqu&rsquo;il faut faire de longues poses (j&rsquo;ajoute que la qualit\u00e9 de la mise en station n&rsquo;est pas seule en cause, la qualit\u00e9 du moteur entrant aussi en jeu dans le suivi, ainsi que la qualit\u00e9 des \u00e9l\u00e9ments m\u00e9caniques de la monture en elle-m\u00eame, la perpendicularit\u00e9 des axes etc&#8230;).Bref, il existe des m\u00e9thodes de mise en station plus pr\u00e9cise que je n&rsquo;ai pas essay\u00e9es, mais dont on trouvera des descriptifs sur Internet. Voici quelques pistes pour ceux qui voudrait essayer d&rsquo;am\u00e9liorer cela :<\/p><p>&#8211; m\u00e9thode par crois\u00e9e sur la polaire<\/p><p>&#8211; m\u00e9thode de Bigourdan (une m\u00e9thode tr\u00e8s longue mais tr\u00e8s pr\u00e9cise)<\/p><p>&#8211; utilisation du logiciel Astrosnap et d&rsquo;une webcam (Astrosnap est un logiciel d&rsquo;acquisition d&rsquo;images, gratuit, t\u00e9l\u00e9chargeable sur le net, et dans lequel il y a une fonction qui permet une aide \u00e0 la mise en station \u00e0 l&rsquo;aide d&rsquo;une webcam)<\/p><p>&#8211; m\u00e9thode visuelle par centrage du vrai p\u00f4le nord (l&rsquo;\u00e9toile polaire n&rsquo;est pas exactement pile au nord, mais \u00e0 moins d&rsquo;un degr\u00e9 d&rsquo;\u00e9cart. Certains utilisent une carte de la zone figurant la position du p\u00f4le nord, et au lieu de centrer la polaire dans l&rsquo;oculaire, centrent ce point-l\u00e0 ).<\/p>\t\t\t\t\t<\/div>\n\t\t\t\t\t\t<\/div>\n\t\t\t\t<\/div>\n\t\t\t\t\t\t<\/div>\n\t\t\t\t\t<\/div>\n\t\t<\/div>\n\t\t\t\t\t\t\t\t<\/div>\n\t\t\t\t\t<\/div>\n\t\t<\/section>\n\t\t\t\t\t\t\t\t\t<\/div>\n\t\t\t<\/div>\n\t\t\t\t\t<\/div>\n\t\t","protected":false},"excerpt":{"rendered":"<p>Mise en station La mise en station est une op\u00e9ration n\u00e9cessaire quand on utilise une monture \u00e9quatoriale. Les d\u00e9butants ont souvent l&rsquo;impression qu&rsquo;il s&rsquo;agit d&rsquo;une op\u00e9ration tr\u00e8s compliqu\u00e9e, mais il faut savoir qu&rsquo;il y a plusieurs degr\u00e9s de pr\u00e9cision \u00e0 une mise en station, et qu&rsquo;une pr\u00e9cision de mise en station sommaire est souvent largement &hellip;<\/p>\n<p class=\"read-more\"> <a class=\"\" href=\"https:\/\/www.arnaudom.fr\/wordpress\/elementor-2386\/\"> <span class=\"screen-reader-text\">mes<\/span> Lire la suite\u00a0\u00bb<\/a><\/p>\n","protected":false},"author":1,"featured_media":0,"parent":0,"menu_order":0,"comment_status":"closed","ping_status":"closed","template":"","meta":{"site-sidebar-layout":"default","site-content-layout":"default","ast-site-content-layout":"","site-content-style":"default","site-sidebar-style":"default","ast-global-header-display":"","ast-banner-title-visibility":"","ast-main-header-display":"","ast-hfb-above-header-display":"","ast-hfb-below-header-display":"","ast-hfb-mobile-header-display":"","site-post-title":"disabled","ast-breadcrumbs-content":"","ast-featured-img":"","footer-sml-layout":"","theme-transparent-header-meta":"default","adv-header-id-meta":"","stick-header-meta":"","header-above-stick-meta":"","header-main-stick-meta":"","header-below-stick-meta":"","astra-migrate-meta-layouts":"","ast-page-background-enabled":"default","ast-page-background-meta":{"desktop":{"background-color":"","background-image":"","background-repeat":"repeat","background-position":"center center","background-size":"auto","background-attachment":"scroll","background-type":"","background-media":"","overlay-type":"","overlay-color":"","overlay-gradient":""},"tablet":{"background-color":"","background-image":"","background-repeat":"repeat","background-position":"center center","background-size":"auto","background-attachment":"scroll","background-type":"","background-media":"","overlay-type":"","overlay-color":"","overlay-gradient":""},"mobile":{"background-color":"","background-image":"","background-repeat":"repeat","background-position":"center center","background-size":"auto","background-attachment":"scroll","background-type":"","background-media":"","overlay-type":"","overlay-color":"","overlay-gradient":""}},"ast-content-background-meta":{"desktop":{"background-color":"var(--ast-global-color-5)","background-image":"","background-repeat":"repeat","background-position":"center center","background-size":"auto","background-attachment":"scroll","background-type":"","background-media":"","overlay-type":"","overlay-color":"","overlay-gradient":""},"tablet":{"background-color":"var(--ast-global-color-5)","background-image":"","background-repeat":"repeat","background-position":"center center","background-size":"auto","background-attachment":"scroll","background-type":"","background-media":"","overlay-type":"","overlay-color":"","overlay-gradient":""},"mobile":{"background-color":"var(--ast-global-color-5)","background-image":"","background-repeat":"repeat","background-position":"center center","background-size":"auto","background-attachment":"scroll","background-type":"","background-media":"","overlay-type":"","overlay-color":"","overlay-gradient":""}},"footnotes":""},"class_list":["post-2386","page","type-page","status-publish","hentry"],"_links":{"self":[{"href":"https:\/\/www.arnaudom.fr\/wordpress\/wp-json\/wp\/v2\/pages\/2386","targetHints":{"allow":["GET"]}}],"collection":[{"href":"https:\/\/www.arnaudom.fr\/wordpress\/wp-json\/wp\/v2\/pages"}],"about":[{"href":"https:\/\/www.arnaudom.fr\/wordpress\/wp-json\/wp\/v2\/types\/page"}],"author":[{"embeddable":true,"href":"https:\/\/www.arnaudom.fr\/wordpress\/wp-json\/wp\/v2\/users\/1"}],"replies":[{"embeddable":true,"href":"https:\/\/www.arnaudom.fr\/wordpress\/wp-json\/wp\/v2\/comments?post=2386"}],"version-history":[{"count":8,"href":"https:\/\/www.arnaudom.fr\/wordpress\/wp-json\/wp\/v2\/pages\/2386\/revisions"}],"predecessor-version":[{"id":4840,"href":"https:\/\/www.arnaudom.fr\/wordpress\/wp-json\/wp\/v2\/pages\/2386\/revisions\/4840"}],"wp:attachment":[{"href":"https:\/\/www.arnaudom.fr\/wordpress\/wp-json\/wp\/v2\/media?parent=2386"}],"curies":[{"name":"wp","href":"https:\/\/api.w.org\/{rel}","templated":true}]}}