{"id":2276,"date":"2019-08-06T08:45:44","date_gmt":"2019-08-06T06:45:44","guid":{"rendered":"http:\/\/www.arnaudom.fr\/wordpress\/?page_id=2276"},"modified":"2020-08-06T09:14:34","modified_gmt":"2020-08-06T07:14:34","slug":"elementor-2276","status":"publish","type":"page","link":"https:\/\/www.arnaudom.fr\/wordpress\/elementor-2276\/","title":{"rendered":"chercheur8x50"},"content":{"rendered":"\t\t<div data-elementor-type=\"wp-post\" data-elementor-id=\"2276\" class=\"elementor elementor-2276 elementor-bc-flex-widget\">\n\t\t\t\t\t\t<div class=\"elementor-inner\">\n\t\t\t\t<div class=\"elementor-section-wrap\">\n\t\t\t\t\t\t\t\t\t<section class=\"elementor-section elementor-top-section elementor-element elementor-element-3a1d9a8c elementor-section-full_width elementor-section-height-default elementor-section-height-default\" data-id=\"3a1d9a8c\" data-element_type=\"section\" data-settings=\"{&quot;background_background&quot;:&quot;classic&quot;}\">\n\t\t\t\t\t\t<div class=\"elementor-container elementor-column-gap-default\">\n\t\t\t\t\t\t\t<div class=\"elementor-row\">\n\t\t\t\t\t<div class=\"elementor-column elementor-col-100 elementor-top-column elementor-element elementor-element-2f013b70\" data-id=\"2f013b70\" data-element_type=\"column\" data-settings=\"{&quot;background_background&quot;:&quot;classic&quot;}\">\n\t\t\t<div class=\"elementor-column-wrap elementor-element-populated\">\n\t\t\t\t\t\t\t<div class=\"elementor-widget-wrap\">\n\t\t\t\t\t\t<div class=\"elementor-element elementor-element-4eb9b4fd elementor-widget elementor-widget-heading\" data-id=\"4eb9b4fd\" data-element_type=\"widget\" data-widget_type=\"heading.default\">\n\t\t\t\t<div class=\"elementor-widget-container\">\n\t\t\t<h1 class=\"elementor-heading-title elementor-size-default\">R\u00e9glage du chercheur 8x50<\/h1>\t\t<\/div>\n\t\t\t\t<\/div>\n\t\t\t\t<div class=\"elementor-element elementor-element-6277986 elementor-position-right elementor-vertical-align-top elementor-widget elementor-widget-image-box\" data-id=\"6277986\" data-element_type=\"widget\" data-widget_type=\"image-box.default\">\n\t\t\t\t<div class=\"elementor-widget-container\">\n\t\t\t<div class=\"elementor-image-box-wrapper\"><figure class=\"elementor-image-box-img\"><img loading=\"lazy\" decoding=\"async\" width=\"250\" height=\"158\" src=\"https:\/\/www.arnaudom.fr\/wordpress\/wp-content\/uploads\/2019\/08\/Chercheur8x50.jpg\" class=\"attachment-full size-full wp-image-2278\" alt=\"\" \/><\/figure><div class=\"elementor-image-box-content\"><p class=\"elementor-image-box-description\">Le 200\/800 poss\u00e8de un \"gros\" chercheur 8x50, qui se fixe sur le t\u00e9l\u00e9scope par un syst\u00e8me de queue d'arronde. J'ai \u00e9t\u00e9 tr\u00e8s surpris par sa taille, ayant d\u00e9but\u00e9 avec un chercheur 5x24 sur mon 130\/900, remplac\u00e9 ensuite par un 6x30. Il a fallu r\u00e9gler deux choses pour pouvoir utiliser le chercheur : tout d'abord sa nettet\u00e9, et ensuite son alignement comme pour tout chercheur.<\/p><\/div><\/div>\t\t<\/div>\n\t\t\t\t<\/div>\n\t\t\t\t<div class=\"elementor-element elementor-element-20b487ea elementor-widget elementor-widget-heading\" data-id=\"20b487ea\" data-element_type=\"widget\" data-widget_type=\"heading.default\">\n\t\t\t\t<div class=\"elementor-widget-container\">\n\t\t\t<h2 class=\"elementor-heading-title elementor-size-default\">R\u00e9glage de la nettet\u00e9<\/h2>\t\t<\/div>\n\t\t\t\t<\/div>\n\t\t\t\t<div class=\"elementor-element elementor-element-6a2aa14e elementor-widget elementor-widget-text-editor\" data-id=\"6a2aa14e\" data-element_type=\"widget\" data-widget_type=\"text-editor.default\">\n\t\t\t\t<div class=\"elementor-widget-container\">\n\t\t\t\t\t\t\t\t<div class=\"elementor-text-editor elementor-clearfix\">\n\t\t\t\t<p>En pointant le chercheur sur Jupiter (qui avait le bon go\u00fbt de passer par l\u00e0), je me suis aper\u00e7u qu&rsquo;il donnait une image toute floue. La mise au point peut \u00eatre r\u00e9gl\u00e9e, il a donc fallu commencer par l\u00e0. Le chercheur poss\u00e8de une bague de blocage de la mise au point, il faut donc tout d&rsquo;abord d\u00e9verouiller la bague. Ensuite, on fait la mise au point en tournant l&rsquo;objectif du chercheur, jusqu&rsquo;\u00e0 ce qu&rsquo;on obtienne une image nette et piqu\u00e9e. Ceci fait, il n&rsquo;y a plus qu&rsquo;\u00e0 verrouiller la bague, et voil\u00e0 ! Il n&rsquo;est plus n\u00e9cessaire d&rsquo;y toucher par la suite !<\/p>\t\t\t\t\t<\/div>\n\t\t\t\t\t\t<\/div>\n\t\t\t\t<\/div>\n\t\t\t\t<div class=\"elementor-element elementor-element-efca24d elementor-widget elementor-widget-heading\" data-id=\"efca24d\" data-element_type=\"widget\" data-widget_type=\"heading.default\">\n\t\t\t\t<div class=\"elementor-widget-container\">\n\t\t\t<h2 class=\"elementor-heading-title elementor-size-default\">R\u00e9glage de l'alignement<\/h2>\t\t<\/div>\n\t\t\t\t<\/div>\n\t\t\t\t<div class=\"elementor-element elementor-element-86519e8 elementor-widget elementor-widget-text-editor\" data-id=\"86519e8\" data-element_type=\"widget\" data-widget_type=\"text-editor.default\">\n\t\t\t\t<div class=\"elementor-widget-container\">\n\t\t\t\t\t\t\t\t<div class=\"elementor-text-editor elementor-clearfix\">\n\t\t\t\t<p>Maintenant, on proc\u00e8de \u00e0 l&rsquo;alignement du chercheur avec le tube. Le support poss\u00e8de une vis argent\u00e9e \u00e0 ressort qui sert au maintien du chercheur, et deux vis plastiques noires sur lesquelles il faut agir. Donc :<\/p><p>&#8211; on met un oculaire (\u00e0 faible grossissement) dans le t\u00e9l\u00e9scope<\/p><p>&#8211; ensuite, <strong><span class=\"gras\">en regardant uniquement dans l&rsquo;oculaire<\/span><\/strong>, on vise un objet lointain (clocher, toit, montagne&#8230;)<\/p><p>&#8211; on fait la mise au point et on le centre le mieux possible dans l&rsquo;oculaire<\/p><p>&#8211; maintenant, on regarde dans le chercheur, et en agissant <strong><span class=\"gras\">uniquement sur les deux vis noires<\/span><\/strong>, on met l&rsquo;objet vis\u00e9 au centre du r\u00e9ticule<\/p><p>&#8211; \u00e9ventuellement on peut affiner l&rsquo;op\u00e9ration avec un oculaire qui grossit plus pour augmenter la pr\u00e9cision du r\u00e9glage, mais \u00e7a n&rsquo;est pas absolument n\u00e9cessaire.<\/p><p class=\"gras\"><strong>Remarque :<\/strong><\/p><p>le syst\u00e8me de r\u00e9glage de ce chercheur est vraiment g\u00e9nial, compar\u00e9 au r\u00e9glage \u00e0 3 vis pr\u00e9sent sur mes pr\u00e9c\u00e9dents chercheurs, qui \u00e9tait vraiment tr\u00e8s p\u00e9nible \u00e0 utiliser !<\/p>\t\t\t\t\t<\/div>\n\t\t\t\t\t\t<\/div>\n\t\t\t\t<\/div>\n\t\t\t\t\t\t<\/div>\n\t\t\t\t\t<\/div>\n\t\t<\/div>\n\t\t\t\t\t\t\t\t<\/div>\n\t\t\t\t\t<\/div>\n\t\t<\/section>\n\t\t\t\t\t\t\t\t\t<\/div>\n\t\t\t<\/div>\n\t\t\t\t\t<\/div>\n\t\t","protected":false},"excerpt":{"rendered":"<p>R\u00e9glage du chercheur 8&#215;50 Le 200\/800 poss\u00e8de un \u00ab\u00a0gros\u00a0\u00bb chercheur 8&#215;50, qui se fixe sur le t\u00e9l\u00e9scope par un syst\u00e8me de queue d&rsquo;arronde. J&rsquo;ai \u00e9t\u00e9 tr\u00e8s surpris par sa taille, ayant d\u00e9but\u00e9 avec un chercheur 5&#215;24 sur mon 130\/900, remplac\u00e9 ensuite par un 6&#215;30. Il a fallu r\u00e9gler deux choses pour pouvoir utiliser le chercheur &hellip;<\/p>\n<p class=\"read-more\"> <a class=\"\" href=\"https:\/\/www.arnaudom.fr\/wordpress\/elementor-2276\/\"> <span class=\"screen-reader-text\">chercheur8x50<\/span> Lire la suite\u00a0\u00bb<\/a><\/p>\n","protected":false},"author":1,"featured_media":0,"parent":0,"menu_order":0,"comment_status":"closed","ping_status":"closed","template":"","meta":{"site-sidebar-layout":"default","site-content-layout":"default","ast-site-content-layout":"","site-content-style":"default","site-sidebar-style":"default","ast-global-header-display":"","ast-banner-title-visibility":"","ast-main-header-display":"","ast-hfb-above-header-display":"","ast-hfb-below-header-display":"","ast-hfb-mobile-header-display":"","site-post-title":"disabled","ast-breadcrumbs-content":"","ast-featured-img":"","footer-sml-layout":"","theme-transparent-header-meta":"default","adv-header-id-meta":"","stick-header-meta":"","header-above-stick-meta":"","header-main-stick-meta":"","header-below-stick-meta":"","astra-migrate-meta-layouts":"","ast-page-background-enabled":"default","ast-page-background-meta":{"desktop":{"background-color":"","background-image":"","background-repeat":"repeat","background-position":"center center","background-size":"auto","background-attachment":"scroll","background-type":"","background-media":"","overlay-type":"","overlay-color":"","overlay-gradient":""},"tablet":{"background-color":"","background-image":"","background-repeat":"repeat","background-position":"center center","background-size":"auto","background-attachment":"scroll","background-type":"","background-media":"","overlay-type":"","overlay-color":"","overlay-gradient":""},"mobile":{"background-color":"","background-image":"","background-repeat":"repeat","background-position":"center center","background-size":"auto","background-attachment":"scroll","background-type":"","background-media":"","overlay-type":"","overlay-color":"","overlay-gradient":""}},"ast-content-background-meta":{"desktop":{"background-color":"var(--ast-global-color-5)","background-image":"","background-repeat":"repeat","background-position":"center center","background-size":"auto","background-attachment":"scroll","background-type":"","background-media":"","overlay-type":"","overlay-color":"","overlay-gradient":""},"tablet":{"background-color":"var(--ast-global-color-5)","background-image":"","background-repeat":"repeat","background-position":"center center","background-size":"auto","background-attachment":"scroll","background-type":"","background-media":"","overlay-type":"","overlay-color":"","overlay-gradient":""},"mobile":{"background-color":"var(--ast-global-color-5)","background-image":"","background-repeat":"repeat","background-position":"center center","background-size":"auto","background-attachment":"scroll","background-type":"","background-media":"","overlay-type":"","overlay-color":"","overlay-gradient":""}},"footnotes":""},"class_list":["post-2276","page","type-page","status-publish","hentry"],"_links":{"self":[{"href":"https:\/\/www.arnaudom.fr\/wordpress\/wp-json\/wp\/v2\/pages\/2276","targetHints":{"allow":["GET"]}}],"collection":[{"href":"https:\/\/www.arnaudom.fr\/wordpress\/wp-json\/wp\/v2\/pages"}],"about":[{"href":"https:\/\/www.arnaudom.fr\/wordpress\/wp-json\/wp\/v2\/types\/page"}],"author":[{"embeddable":true,"href":"https:\/\/www.arnaudom.fr\/wordpress\/wp-json\/wp\/v2\/users\/1"}],"replies":[{"embeddable":true,"href":"https:\/\/www.arnaudom.fr\/wordpress\/wp-json\/wp\/v2\/comments?post=2276"}],"version-history":[{"count":4,"href":"https:\/\/www.arnaudom.fr\/wordpress\/wp-json\/wp\/v2\/pages\/2276\/revisions"}],"predecessor-version":[{"id":4834,"href":"https:\/\/www.arnaudom.fr\/wordpress\/wp-json\/wp\/v2\/pages\/2276\/revisions\/4834"}],"wp:attachment":[{"href":"https:\/\/www.arnaudom.fr\/wordpress\/wp-json\/wp\/v2\/media?parent=2276"}],"curies":[{"name":"wp","href":"https:\/\/api.w.org\/{rel}","templated":true}]}}