{"id":1856,"date":"2019-01-06T13:44:26","date_gmt":"2019-01-06T12:44:26","guid":{"rendered":"http:\/\/www.arnaudom.fr\/wordpress\/?page_id=1856"},"modified":"2025-12-31T14:46:29","modified_gmt":"2025-12-31T13:46:29","slug":"lectures","status":"publish","type":"page","link":"https:\/\/www.arnaudom.fr\/wordpress\/lectures\/","title":{"rendered":"Lectures"},"content":{"rendered":"\t\t<div data-elementor-type=\"wp-page\" data-elementor-id=\"1856\" class=\"elementor elementor-1856\">\n\t\t\t\t\t\t<div class=\"elementor-inner\">\n\t\t\t\t<div class=\"elementor-section-wrap\">\n\t\t\t\t\t\t\t\t\t<section class=\"elementor-section elementor-top-section elementor-element elementor-element-43c9bf31 elementor-section-full_width elementor-section-height-default elementor-section-height-default\" data-id=\"43c9bf31\" data-element_type=\"section\" data-settings=\"{&quot;background_background&quot;:&quot;classic&quot;}\">\n\t\t\t\t\t\t<div class=\"elementor-container elementor-column-gap-default\">\n\t\t\t\t\t\t\t<div class=\"elementor-row\">\n\t\t\t\t\t<div class=\"elementor-column elementor-col-100 elementor-top-column elementor-element elementor-element-244e3803\" data-id=\"244e3803\" data-element_type=\"column\" data-settings=\"{&quot;background_background&quot;:&quot;classic&quot;}\">\n\t\t\t<div class=\"elementor-column-wrap elementor-element-populated\">\n\t\t\t\t\t\t\t<div class=\"elementor-widget-wrap\">\n\t\t\t\t\t\t<div class=\"elementor-element elementor-element-212e40cc elementor-widget elementor-widget-heading\" data-id=\"212e40cc\" data-element_type=\"widget\" data-widget_type=\"heading.default\">\n\t\t\t\t<div class=\"elementor-widget-container\">\n\t\t\t<h1 class=\"elementor-heading-title elementor-size-default\">Lectures<\/h1>\t\t<\/div>\n\t\t\t\t<\/div>\n\t\t\t\t<div class=\"elementor-element elementor-element-5a989202 elementor-widget elementor-widget-heading\" data-id=\"5a989202\" data-element_type=\"widget\" data-widget_type=\"heading.default\">\n\t\t\t\t<div class=\"elementor-widget-container\">\n\t\t\t<h2 class=\"elementor-heading-title elementor-size-default\">NGC Atlas Photographique<\/h2>\t\t<\/div>\n\t\t\t\t<\/div>\n\t\t\t\t<div class=\"elementor-element elementor-element-7c6cae8 elementor-widget elementor-widget-image\" data-id=\"7c6cae8\" data-element_type=\"widget\" data-widget_type=\"image.default\">\n\t\t\t\t<div class=\"elementor-widget-container\">\n\t\t\t\t\t\t\t\t<div class=\"elementor-image\">\n\t\t\t\t\t\t\t\t\t\t\t\t<img loading=\"lazy\" decoding=\"async\" width=\"1000\" height=\"477\" src=\"https:\/\/www.arnaudom.fr\/wordpress\/wp-content\/uploads\/2025\/12\/AtlasNGC.jpg\" class=\"attachment-large size-large wp-image-16923\" alt=\"\" srcset=\"https:\/\/www.arnaudom.fr\/wordpress\/wp-content\/uploads\/2025\/12\/AtlasNGC.jpg 1000w, https:\/\/www.arnaudom.fr\/wordpress\/wp-content\/uploads\/2025\/12\/AtlasNGC-300x143.jpg 300w, https:\/\/www.arnaudom.fr\/wordpress\/wp-content\/uploads\/2025\/12\/AtlasNGC-768x366.jpg 768w\" sizes=\"auto, (max-width: 1000px) 100vw, 1000px\" \/>\t\t\t\t\t\t\t\t\t\t\t\t\t\t<\/div>\n\t\t\t\t\t\t<\/div>\n\t\t\t\t<\/div>\n\t\t\t\t<div class=\"elementor-element elementor-element-2abbb706 elementor-drop-cap-yes elementor-drop-cap-view-default elementor-widget elementor-widget-text-editor\" data-id=\"2abbb706\" data-element_type=\"widget\" data-settings=\"{&quot;drop_cap&quot;:&quot;yes&quot;}\" data-widget_type=\"text-editor.default\">\n\t\t\t\t<div class=\"elementor-widget-container\">\n\t\t\t\t\t\t\t\t<div class=\"elementor-text-editor elementor-clearfix\">\n\t\t\t\t<p><span style=\"color: #000000;\">Le NGC Atlas Photographique est un guide pratique qui, comme l&rsquo;indique son auteur, a \u00e9t\u00e9 cr\u00e9\u00e9 par un astronome amateur pour les astronomes amateurs, et cela se ressent bien \u00e0 l&rsquo;usage. Destin\u00e9 essentiellement aux astrophotographes, bien que pouvant \u00eatre utile aux observateurs confirm\u00e9s et bien \u00e9quip\u00e9s, il permet une recherche rapide et efficace des objets \u00e0 photographier. Les cartes permettent de les rep\u00e9rer facilement et on trouve pour chaque objet une photographie, permettant ainsi de se faire une id\u00e9e de son aspect r\u00e9el. Chaque photo est accompagn\u00e9e de la taille du champ correspondant, ce qui permet \u00e9galement de savoir rapidement si la dimension de l&rsquo;objet est adapt\u00e9 \u00e0 son propre setup. Avec ses 700 objets du ciel profond, cet excellent guide vous offre des ann\u00e9es d&rsquo;inspiration pour le choix des sujets de vos photographies du ciel profond !<\/span><\/p>\t\t\t\t\t<\/div>\n\t\t\t\t\t\t<\/div>\n\t\t\t\t<\/div>\n\t\t\t\t<div class=\"elementor-element elementor-element-c972be5 elementor-widget elementor-widget-heading\" data-id=\"c972be5\" data-element_type=\"widget\" data-widget_type=\"heading.default\">\n\t\t\t\t<div class=\"elementor-widget-container\">\n\t\t\t<h2 class=\"elementor-heading-title elementor-size-default\">Astrosurf magazine<\/h2>\t\t<\/div>\n\t\t\t\t<\/div>\n\t\t\t\t<div class=\"elementor-element elementor-element-554a65e elementor-widget elementor-widget-image\" data-id=\"554a65e\" data-element_type=\"widget\" data-widget_type=\"image.default\">\n\t\t\t\t<div class=\"elementor-widget-container\">\n\t\t\t\t\t\t\t\t<div class=\"elementor-image\">\n\t\t\t\t\t\t\t\t\t\t\t\t<img loading=\"lazy\" decoding=\"async\" width=\"247\" height=\"351\" src=\"https:\/\/www.arnaudom.fr\/wordpress\/wp-content\/uploads\/2021\/02\/Livre7.gif\" class=\"attachment-large size-large wp-image-6567\" alt=\"\" \/>\t\t\t\t\t\t\t\t\t\t\t\t\t\t<\/div>\n\t\t\t\t\t\t<\/div>\n\t\t\t\t<\/div>\n\t\t\t\t<div class=\"elementor-element elementor-element-32a7491 elementor-drop-cap-yes elementor-drop-cap-view-default elementor-widget elementor-widget-text-editor\" data-id=\"32a7491\" data-element_type=\"widget\" data-settings=\"{&quot;drop_cap&quot;:&quot;yes&quot;}\" data-widget_type=\"text-editor.default\">\n\t\t\t\t<div class=\"elementor-widget-container\">\n\t\t\t\t\t\t\t\t<div class=\"elementor-text-editor elementor-clearfix\">\n\t\t\t\t<span style=\"color: #000000;\">Astrosurf Magazine est un bimestriel consacr\u00e9 \u00e0 l&rsquo;astronomie, disponible uniquement par abonnement. Ce magazine propose une nouvelle formule depuis quelques num\u00e9ros, on d\u00e9couvrira \u00e0 l&rsquo;int\u00e9rieur des \u00e9ph\u00e9m\u00e9rides d\u00e9taill\u00e9s , des tests, des images, de l&rsquo;astrophotographie et de l&rsquo;observation. On retrouvera par exemple Alexandre Renou, qui \u00e9crivait la rubrique \u00ab\u00a0au m\u00e9ridien\u00a0\u00bb pour Astronomie Magazine, et qui a rejoint maintenant Astrosurf Magazine pour y \u00e9crire une rubrique similaire. Enfin la qualit\u00e9 du papier contribue \u00e0 rendre ce magazine extr\u00eament agr\u00e9able \u00e0 lire.<\/span>\n<p class=\"centre\" style=\"text-align: center;\"><span style=\"color: #000000;\">Site internet du magazine : <a href=\"http:\/\/www.astrosurf.com\/magazine\/\">Astrosurf magazine<\/a>.<\/p>\t\t\t\t\t<\/div>\n\t\t\t\t\t\t<\/div>\n\t\t\t\t<\/div>\n\t\t\t\t<div class=\"elementor-element elementor-element-6436621 elementor-widget elementor-widget-heading\" data-id=\"6436621\" data-element_type=\"widget\" data-widget_type=\"heading.default\">\n\t\t\t\t<div class=\"elementor-widget-container\">\n\t\t\t<h2 class=\"elementor-heading-title elementor-size-default\">Photographier les astres en toutes saisons (Dunod)<\/h2>\t\t<\/div>\n\t\t\t\t<\/div>\n\t\t\t\t<div class=\"elementor-element elementor-element-07c06f5 elementor-widget elementor-widget-image\" data-id=\"07c06f5\" data-element_type=\"widget\" data-widget_type=\"image.default\">\n\t\t\t\t<div class=\"elementor-widget-container\">\n\t\t\t\t\t\t\t\t<div class=\"elementor-image\">\n\t\t\t\t\t\t\t\t\t\t\t\t<img loading=\"lazy\" decoding=\"async\" width=\"250\" height=\"294\" src=\"https:\/\/www.arnaudom.fr\/wordpress\/wp-content\/uploads\/2021\/02\/beaudoin.jpg\" class=\"attachment-large size-large wp-image-6558\" alt=\"\" \/>\t\t\t\t\t\t\t\t\t\t\t\t\t\t<\/div>\n\t\t\t\t\t\t<\/div>\n\t\t\t\t<\/div>\n\t\t\t\t<div class=\"elementor-element elementor-element-432f1a5 elementor-drop-cap-yes elementor-drop-cap-view-default elementor-widget elementor-widget-text-editor\" data-id=\"432f1a5\" data-element_type=\"widget\" data-settings=\"{&quot;drop_cap&quot;:&quot;yes&quot;}\" data-widget_type=\"text-editor.default\">\n\t\t\t\t<div class=\"elementor-widget-container\">\n\t\t\t\t\t\t\t\t<div class=\"elementor-text-editor elementor-clearfix\">\n\t\t\t\t<p><span style=\"color: #000000;\">Cet ouvrage d&rsquo;Emmanuel Beaudoin est en fait un guide pratique pour tout astrophotographe amateur. Il pr\u00e9sente en effet, pour chacune des quatre saisons, une s\u00e9lection d&rsquo;objets \u00e0 capturer, choisis pour leur aspect photog\u00e9nique. Chaque objet est pr\u00e9sent\u00e9 sous forme d&rsquo;une fiche, contenant diff\u00e9rents renseignements et conseils techniques. Les objets sont \u00e9galement class\u00e9s par ordre de difficult\u00e9, ce qui fait que les d\u00e9butants comme les photographes chevronn\u00e9s pourront y trouver des sources d&rsquo;inspiration. En tout une centaine d&rsquo;objets sont propos\u00e9s par l&rsquo;auteur, voici donc de quoi s&rsquo;occuper pendant de longues nuits \u00e9toil\u00e9es !<\/span><\/p>\t\t\t\t\t<\/div>\n\t\t\t\t\t\t<\/div>\n\t\t\t\t<\/div>\n\t\t\t\t<div class=\"elementor-element elementor-element-c21cefc elementor-widget elementor-widget-heading\" data-id=\"c21cefc\" data-element_type=\"widget\" data-widget_type=\"heading.default\">\n\t\t\t\t<div class=\"elementor-widget-container\">\n\t\t\t<h2 class=\"elementor-heading-title elementor-size-default\">Astrophotographie (Eyrolles) de Thierry Legault<\/h2>\t\t<\/div>\n\t\t\t\t<\/div>\n\t\t\t\t<div class=\"elementor-element elementor-element-3eb4c22 elementor-widget elementor-widget-image\" data-id=\"3eb4c22\" data-element_type=\"widget\" data-widget_type=\"image.default\">\n\t\t\t\t<div class=\"elementor-widget-container\">\n\t\t\t\t\t\t\t\t<div class=\"elementor-image\">\n\t\t\t\t\t\t\t\t\t\t\t\t<img loading=\"lazy\" decoding=\"async\" width=\"300\" height=\"350\" src=\"https:\/\/www.arnaudom.fr\/wordpress\/wp-content\/uploads\/2021\/02\/legaultb.jpg\" class=\"attachment-large size-large wp-image-6561\" alt=\"\" srcset=\"https:\/\/www.arnaudom.fr\/wordpress\/wp-content\/uploads\/2021\/02\/legaultb.jpg 300w, https:\/\/www.arnaudom.fr\/wordpress\/wp-content\/uploads\/2021\/02\/legaultb-257x300.jpg 257w\" sizes=\"auto, (max-width: 300px) 100vw, 300px\" \/>\t\t\t\t\t\t\t\t\t\t\t\t\t\t<\/div>\n\t\t\t\t\t\t<\/div>\n\t\t\t\t<\/div>\n\t\t\t\t<div class=\"elementor-element elementor-element-0518e14 elementor-drop-cap-yes elementor-drop-cap-view-default elementor-widget elementor-widget-text-editor\" data-id=\"0518e14\" data-element_type=\"widget\" data-settings=\"{&quot;drop_cap&quot;:&quot;yes&quot;}\" data-widget_type=\"text-editor.default\">\n\t\t\t\t<div class=\"elementor-widget-container\">\n\t\t\t\t\t\t\t\t<div class=\"elementor-text-editor elementor-clearfix\">\n\t\t\t\t<p><span style=\"color: #000000;\">Voici la \u00ab\u00a0bible\u00a0\u00bb que devrait poss\u00e9der tout astrophotographe ou tout amateur qui voudrait se lancer dans cette passionnante &#8211; mais \u00f4 combien d\u00e9licate !- aventure qu&rsquo;est la photographie astronomique ! Cet ouvrage, dont l&rsquo;auteur Thierry Legault est l&rsquo;un des meilleurs astrophotographe fran\u00e7ais (et mondial !), passe en revue les cat\u00e9gories de photographie existantes (plan\u00e9taire, solaire, ciel profond, sans instrument&#8230;), recense les diff\u00e9rents appareils de prise de vue et leur fonctionnement, d\u00e9taille les d\u00e9fauts qui alt\u00e8rent les images et comment y rem\u00e9dier, d\u00e9crit les techniques de prise et vue, explique les bases du traitement informatique des images &#8230; Bref, c&rsquo;est une v\u00e9ritable mine d&rsquo;informations !<\/span><\/p><p><span style=\"color: #000000;\">Ce livre est aussi bien destin\u00e9 aux d\u00e9butants qu&rsquo;\u00e0 ceux qui se sont d\u00e9j\u00e0 lanc\u00e9s dans la photographie c\u00e9leste, et il pourra sans doute m\u00eame rendre quelques services aux astrophotographes chevron\u00e9s qui y trouveront de quoi clarifier leurs connaissances sur quelques sujets particuliers, ou qui pourront s&rsquo;int\u00e9resser \u00e0 des aspects de l&rsquo;astrophotographie qu&rsquo;ils ne pratiquent pas. En r\u00e9sum\u00e9, c&rsquo;est un ouvrage \u00e0 recommander absolument !<\/span><\/p>\t\t\t\t\t<\/div>\n\t\t\t\t\t\t<\/div>\n\t\t\t\t<\/div>\n\t\t\t\t<div class=\"elementor-element elementor-element-b07085c elementor-widget elementor-widget-heading\" data-id=\"b07085c\" data-element_type=\"widget\" data-widget_type=\"heading.default\">\n\t\t\t\t<div class=\"elementor-widget-container\">\n\t\t\t<h2 class=\"elementor-heading-title elementor-size-default\">J'observe le ciel profond avec une lunette de 60 ou un t\u00e9l\u00e9scope de 115 (Broquet) de Jean-Rapha\u00ebl Gilis<\/h2>\t\t<\/div>\n\t\t\t\t<\/div>\n\t\t\t\t<div class=\"elementor-element elementor-element-8d4b10d elementor-widget elementor-widget-image\" data-id=\"8d4b10d\" data-element_type=\"widget\" data-widget_type=\"image.default\">\n\t\t\t\t<div class=\"elementor-widget-container\">\n\t\t\t\t\t\t\t\t<div class=\"elementor-image\">\n\t\t\t\t\t\t\t\t\t\t\t\t<img loading=\"lazy\" decoding=\"async\" width=\"193\" height=\"282\" src=\"https:\/\/www.arnaudom.fr\/wordpress\/wp-content\/uploads\/2021\/02\/Livre3.gif\" class=\"attachment-large size-large wp-image-6565\" alt=\"\" \/>\t\t\t\t\t\t\t\t\t\t\t\t\t\t<\/div>\n\t\t\t\t\t\t<\/div>\n\t\t\t\t<\/div>\n\t\t\t\t<div class=\"elementor-element elementor-element-1556363 elementor-drop-cap-yes elementor-drop-cap-view-default elementor-widget elementor-widget-text-editor\" data-id=\"1556363\" data-element_type=\"widget\" data-settings=\"{&quot;drop_cap&quot;:&quot;yes&quot;}\" data-widget_type=\"text-editor.default\">\n\t\t\t\t<div class=\"elementor-widget-container\">\n\t\t\t\t\t\t\t\t<div class=\"elementor-text-editor elementor-clearfix\">\n\t\t\t\t<p><span style=\"color: #000000;\">Je trouve ce livre absolument excellent. C&rsquo;est un ouvrage ax\u00e9 enti\u00e8rement sur l&rsquo;observation d&rsquo;objets du ciel profond avec de petits instruments astronomiques, dans lequel chaque objet \u00e0 observer est repr\u00e9sent\u00e9 sous forme d&rsquo;une fiche, avec de petits logos indiquant le niveau de visibilit\u00e9 de l&rsquo;objet (de tr\u00e8s visible \u00e0 tr\u00e8s faible), sa difficult\u00e9 de rep\u00e9rage, son int\u00e9r\u00eat et sa visibilit\u00e9 ( \u00e0 l&rsquo;oeil nu, aux jumelles, au t\u00e9l\u00e9scope etc &#8230; ). Les objets sont r\u00e9parties en douze zones du ciel, elles-m\u00eames class\u00e9es selon les saisons. A la fin de l&rsquo;ouvrage l&rsquo;auteur propose un programme d&rsquo;observation de chaque zone en fonction de chaque mois de l&rsquo;ann\u00e9e. On peut ainsi de choisir de commencer par observer les objets les plus faciles, et progressivement aller vers des objets de plus en plus difficiles.<\/span><\/p><p><span style=\"color: #000000;\">L&rsquo;int\u00e9r\u00eat principal du livre, outre son aspect pratique, est la description donn\u00e9e par l&rsquo;auteur des objets observ\u00e9s, accompagn\u00e9s tant\u00f4t de leur repr\u00e9sentation sous forme de dessin vu \u00e0 l&rsquo;oculaire, tant\u00f4t d&rsquo;une photo, parfois les deux. Ainsi, on sait r\u00e9ellement \u00e0 quoi s&rsquo;attendre, et on n&rsquo;est pas surpris (ou d\u00e9\u00e7u !) par la vision de l&rsquo;objet. Ainsi, telle galaxie est d\u00e9crite comme une petite t\u00e2che floue dans l&rsquo;oculaire : on sait donc qu&rsquo;on ne doit pas s&rsquo;attendre \u00e0 voir les magnifiques bras spiraux qu&rsquo;on observe sur la belle photo du magazine, et qu&rsquo;on a bien touv\u00e9 l&rsquo;objet en question. Tel amas globulaire est d\u00e9crit comme une petite et p\u00e2le t\u00e2che floue \u00e0 voir en vision d\u00e9cal\u00e9e, sans aucune \u00e9toile visible \u00e0 sa p\u00e9riph\u00e9rie. On sait donc qu&rsquo;on observe bien le bon amas, que tous ne sont aussi visibles que M13 ou M22 et que le t\u00e9l\u00e9scope n&rsquo;est pas forc\u00e9ment mal r\u00e9gl\u00e9 ou \u00e0 jeter \u00e0 la poubelle parce que l&rsquo;amas n&rsquo;est pas du tout r\u00e9solu.<\/span><\/p><p><span style=\"color: #000000;\">La difficult\u00e9 que pourra peut-\u00eatre rencontrer le d\u00e9butant concerne le rep\u00e9rage des objets, puisque l&rsquo;ouvrage ne contient que des cartes sommaires et que l&rsquo;auteur utilise surtout comme syst\u00e8me de rep\u00e9rage la m\u00e9thode de pointage par coordonn\u00e9es diff\u00e9rentielles, \u00e0 partir d&rsquo;une \u00e9toile de r\u00e9f\u00e9rence. Cela n\u00e9cessite donc une mise en station un peu correcte du t\u00e9l\u00e9scope et de savoir utiliser au moins sommairement les disques de coordonn\u00e9es. Sinon, le lecteur est renvoy\u00e9 \u00e0 des atlas astronomiques et devra chercher d&rsquo;autres r\u00e9f\u00e9rences pour trouver l&rsquo;objet voulu. Cela \u00e9tant dit, les objets les plus classiques ne posent pas de probl\u00e8me insurmontable de rep\u00e9rage. Enfin, l&rsquo;auteur donne parfois dans la description des indications suppl\u00e9mentaires utiles au rep\u00e9rage et propose \u00e9galement, pour des objets de tr\u00e8s petites tailles, des extraits de cartes et des photos de la zone \u00e0 explorer. C&rsquo;est ainsi que j&rsquo;ai pu observer la petite n\u00e9buleuse NGC 6826 dans le Cygne, que je n&rsquo;aurais surement pas pu trouver avec mes autres livres !<\/span><\/p><p><span style=\"color: #000000;\">Bref, pour moi, c&rsquo;est un ouvrage presque indispensable !<\/span><\/p>\t\t\t\t\t<\/div>\n\t\t\t\t\t\t<\/div>\n\t\t\t\t<\/div>\n\t\t\t\t\t\t<\/div>\n\t\t\t\t\t<\/div>\n\t\t<\/div>\n\t\t\t\t\t\t\t\t<\/div>\n\t\t\t\t\t<\/div>\n\t\t<\/section>\n\t\t\t\t\t\t\t\t\t<\/div>\n\t\t\t<\/div>\n\t\t\t\t\t<\/div>\n\t\t","protected":false},"excerpt":{"rendered":"<p>Lectures NGC Atlas Photographique Le NGC Atlas Photographique est un guide pratique qui, comme l&rsquo;indique son auteur, a \u00e9t\u00e9 cr\u00e9\u00e9 par un astronome amateur pour les astronomes amateurs, et cela se ressent bien \u00e0 l&rsquo;usage. Destin\u00e9 essentiellement aux astrophotographes, bien que pouvant \u00eatre utile aux observateurs confirm\u00e9s et bien \u00e9quip\u00e9s, il permet une recherche rapide &hellip;<\/p>\n<p class=\"read-more\"> <a class=\"\" href=\"https:\/\/www.arnaudom.fr\/wordpress\/lectures\/\"> <span class=\"screen-reader-text\">Lectures<\/span> Lire la suite\u00a0\u00bb<\/a><\/p>\n","protected":false},"author":1,"featured_media":0,"parent":0,"menu_order":0,"comment_status":"open","ping_status":"closed","template":"","meta":{"site-sidebar-layout":"default","site-content-layout":"default","ast-site-content-layout":"default","site-content-style":"default","site-sidebar-style":"default","ast-global-header-display":"","ast-banner-title-visibility":"","ast-main-header-display":"","ast-hfb-above-header-display":"","ast-hfb-below-header-display":"","ast-hfb-mobile-header-display":"","site-post-title":"disabled","ast-breadcrumbs-content":"","ast-featured-img":"disabled","footer-sml-layout":"","theme-transparent-header-meta":"default","adv-header-id-meta":"","stick-header-meta":"","header-above-stick-meta":"","header-main-stick-meta":"","header-below-stick-meta":"","astra-migrate-meta-layouts":"set","ast-page-background-enabled":"default","ast-page-background-meta":{"desktop":{"background-color":"","background-image":"","background-repeat":"repeat","background-position":"center center","background-size":"auto","background-attachment":"scroll","background-type":"","background-media":"","overlay-type":"","overlay-color":"","overlay-gradient":""},"tablet":{"background-color":"","background-image":"","background-repeat":"repeat","background-position":"center center","background-size":"auto","background-attachment":"scroll","background-type":"","background-media":"","overlay-type":"","overlay-color":"","overlay-gradient":""},"mobile":{"background-color":"","background-image":"","background-repeat":"repeat","background-position":"center center","background-size":"auto","background-attachment":"scroll","background-type":"","background-media":"","overlay-type":"","overlay-color":"","overlay-gradient":""}},"ast-content-background-meta":{"desktop":{"background-color":"var(--ast-global-color-5)","background-image":"","background-repeat":"repeat","background-position":"center center","background-size":"auto","background-attachment":"scroll","background-type":"","background-media":"","overlay-type":"","overlay-color":"","overlay-gradient":""},"tablet":{"background-color":"var(--ast-global-color-5)","background-image":"","background-repeat":"repeat","background-position":"center center","background-size":"auto","background-attachment":"scroll","background-type":"","background-media":"","overlay-type":"","overlay-color":"","overlay-gradient":""},"mobile":{"background-color":"var(--ast-global-color-5)","background-image":"","background-repeat":"repeat","background-position":"center center","background-size":"auto","background-attachment":"scroll","background-type":"","background-media":"","overlay-type":"","overlay-color":"","overlay-gradient":""}},"footnotes":""},"class_list":["post-1856","page","type-page","status-publish","hentry"],"_links":{"self":[{"href":"https:\/\/www.arnaudom.fr\/wordpress\/wp-json\/wp\/v2\/pages\/1856","targetHints":{"allow":["GET"]}}],"collection":[{"href":"https:\/\/www.arnaudom.fr\/wordpress\/wp-json\/wp\/v2\/pages"}],"about":[{"href":"https:\/\/www.arnaudom.fr\/wordpress\/wp-json\/wp\/v2\/types\/page"}],"author":[{"embeddable":true,"href":"https:\/\/www.arnaudom.fr\/wordpress\/wp-json\/wp\/v2\/users\/1"}],"replies":[{"embeddable":true,"href":"https:\/\/www.arnaudom.fr\/wordpress\/wp-json\/wp\/v2\/comments?post=1856"}],"version-history":[{"count":21,"href":"https:\/\/www.arnaudom.fr\/wordpress\/wp-json\/wp\/v2\/pages\/1856\/revisions"}],"predecessor-version":[{"id":16969,"href":"https:\/\/www.arnaudom.fr\/wordpress\/wp-json\/wp\/v2\/pages\/1856\/revisions\/16969"}],"wp:attachment":[{"href":"https:\/\/www.arnaudom.fr\/wordpress\/wp-json\/wp\/v2\/media?parent=1856"}],"curies":[{"name":"wp","href":"https:\/\/api.w.org\/{rel}","templated":true}]}}