{"id":1819,"date":"2019-01-06T12:43:39","date_gmt":"2019-01-06T11:43:39","guid":{"rendered":"http:\/\/www.arnaudom.fr\/wordpress\/?page_id=1819"},"modified":"2024-01-01T16:34:28","modified_gmt":"2024-01-01T15:34:28","slug":"mon-materiel","status":"publish","type":"page","link":"https:\/\/www.arnaudom.fr\/wordpress\/mon-materiel\/","title":{"rendered":"Mon mat\u00e9riel"},"content":{"rendered":"\t\t<div data-elementor-type=\"wp-page\" data-elementor-id=\"1819\" class=\"elementor elementor-1819\">\n\t\t\t\t\t\t<div class=\"elementor-inner\">\n\t\t\t\t<div class=\"elementor-section-wrap\">\n\t\t\t\t\t\t\t\t\t<section class=\"elementor-section elementor-top-section elementor-element elementor-element-6700dfae elementor-section-full_width elementor-section-height-default elementor-section-height-default\" data-id=\"6700dfae\" data-element_type=\"section\" data-settings=\"{&quot;background_background&quot;:&quot;classic&quot;}\">\n\t\t\t\t\t\t<div class=\"elementor-container elementor-column-gap-default\">\n\t\t\t\t\t\t\t<div class=\"elementor-row\">\n\t\t\t\t\t<div class=\"elementor-column elementor-col-100 elementor-top-column elementor-element elementor-element-c7b533d\" data-id=\"c7b533d\" data-element_type=\"column\" data-settings=\"{&quot;background_background&quot;:&quot;classic&quot;}\">\n\t\t\t<div class=\"elementor-column-wrap elementor-element-populated\">\n\t\t\t\t\t\t\t<div class=\"elementor-widget-wrap\">\n\t\t\t\t\t\t<div class=\"elementor-element elementor-element-77ed0dfb elementor-widget elementor-widget-heading\" data-id=\"77ed0dfb\" data-element_type=\"widget\" data-widget_type=\"heading.default\">\n\t\t\t\t<div class=\"elementor-widget-container\">\n\t\t\t<h1 class=\"elementor-heading-title elementor-size-default\">Mon mat\u00e9riel actuel<\/h1>\t\t<\/div>\n\t\t\t\t<\/div>\n\t\t\t\t<div class=\"elementor-element elementor-element-889a152 elementor-widget elementor-widget-heading\" data-id=\"889a152\" data-element_type=\"widget\" data-widget_type=\"heading.default\">\n\t\t\t\t<div class=\"elementor-widget-container\">\n\t\t\t<h2 class=\"elementor-heading-title elementor-size-default\">Maksutov 150 Skywatcher<\/h2>\t\t<\/div>\n\t\t\t\t<\/div>\n\t\t\t\t<div class=\"elementor-element elementor-element-a1278fe elementor-widget elementor-widget-image\" data-id=\"a1278fe\" data-element_type=\"widget\" data-widget_type=\"image.default\">\n\t\t\t\t<div class=\"elementor-widget-container\">\n\t\t\t\t\t\t\t\t<div class=\"elementor-image\">\n\t\t\t\t\t\t\t\t\t\t\t\t<img decoding=\"async\" src=\"https:\/\/www.arnaudom.fr\/wordpress\/wp-content\/uploads\/2024\/01\/Mak150.jpg\" title=\"Mak150\" alt=\"Mak150\" loading=\"lazy\" \/>\t\t\t\t\t\t\t\t\t\t\t\t\t\t<\/div>\n\t\t\t\t\t\t<\/div>\n\t\t\t\t<\/div>\n\t\t\t\t<div class=\"elementor-element elementor-element-d2289bf elementor-drop-cap-yes elementor-drop-cap-view-default elementor-widget elementor-widget-text-editor\" data-id=\"d2289bf\" data-element_type=\"widget\" data-settings=\"{&quot;drop_cap&quot;:&quot;yes&quot;}\" data-widget_type=\"text-editor.default\">\n\t\t\t\t<div class=\"elementor-widget-container\">\n\t\t\t\t\t\t\t\t<div class=\"elementor-text-editor elementor-clearfix\">\n\t\t\t\t<p><span style=\"color: #000000;\">Voici un magnifique cadeau pour No\u00ebl 2023 :&nbsp; un Maksutov Skywatcher de 150 mm de diam\u00e8tre. Apr\u00e8s de longues ann\u00e9es \u00e0 observer et photographier le ciel profond, et participant maintenant r\u00e9guli\u00e8rement \u00e0 la base de donn\u00e9es BASS 2000 pour photographier le soleil, l&rsquo;envie de me remettre \u00e0 l&rsquo;observation plan\u00e9taire m&rsquo;est revenue. En astronomie, l&rsquo;instrument id\u00e9al n&rsquo;existe pas, et ceux que je poss\u00e8de ne sont pas tr\u00e8s adapt\u00e9s pour le plan\u00e9taire, c&rsquo;est pourquoi j&rsquo;ai opt\u00e9 pour ce type de t\u00e9lescope. Possesseur dans le pass\u00e9 d&rsquo;un t\u00e9lescope&nbsp;<\/span><a href=\"http:\/\/www.arnaudom.fr\/wordpress\/materiel-planetaire\/\" target=\"_blank\">Maksutov 127\/1500<\/a><span style=\"color: #000000;\"> (disparu dans de sombres circonstances&#8230;), j&rsquo;ai gard\u00e9 un tr\u00e8s bon souvenir de ce type de formule optique. Concernant ce t\u00e9lescope, son diam\u00e8tre de 150 mm et sa focale de 1800 mm, soit un rapport F\/D 12, en font un instrument pr\u00e9destin\u00e9 \u00e0 l&rsquo;observation plan\u00e9taire. Il est livr\u00e9 avec un renvoi coud\u00e9, un adaptateur 50,8\/31,75, un chercheur 9&#215;50, et un oculaire de 28 mm au coulant 50,8 mm dont la qualit\u00e9 semble tout \u00e0 fait correcte.<br>J&rsquo;ai l&rsquo;intention de me remettre activement \u00e0 l&rsquo;observation et \u00e0 la photographie lunaire avec cet instrument, et \u00e0 l&rsquo;observation plan\u00e9taire en g\u00e9n\u00e9ral. <br><\/span><\/p>\t\t\t\t\t<\/div>\n\t\t\t\t\t\t<\/div>\n\t\t\t\t<\/div>\n\t\t\t\t<div class=\"elementor-element elementor-element-f853e7d elementor-widget elementor-widget-heading\" data-id=\"f853e7d\" data-element_type=\"widget\" data-widget_type=\"heading.default\">\n\t\t\t\t<div class=\"elementor-widget-container\">\n\t\t\t<h2 class=\"elementor-heading-title elementor-size-default\">Lunette Evostar 72ED Skywatcher<\/h2>\t\t<\/div>\n\t\t\t\t<\/div>\n\t\t\t\t<div class=\"elementor-element elementor-element-a8a0c15 elementor-widget elementor-widget-image\" data-id=\"a8a0c15\" data-element_type=\"widget\" data-widget_type=\"image.default\">\n\t\t\t\t<div class=\"elementor-widget-container\">\n\t\t\t\t\t\t\t\t<div class=\"elementor-image\">\n\t\t\t\t\t\t\t\t\t\t\t\t<img decoding=\"async\" src=\"https:\/\/www.arnaudom.fr\/wordpress\/wp-content\/uploads\/2022\/12\/evostar.jpg\" title=\"evostar\" alt=\"evostar\" loading=\"lazy\" \/>\t\t\t\t\t\t\t\t\t\t\t\t\t\t<\/div>\n\t\t\t\t\t\t<\/div>\n\t\t\t\t<\/div>\n\t\t\t\t<div class=\"elementor-element elementor-element-168c069 elementor-drop-cap-yes elementor-drop-cap-view-default elementor-widget elementor-widget-text-editor\" data-id=\"168c069\" data-element_type=\"widget\" data-settings=\"{&quot;drop_cap&quot;:&quot;yes&quot;}\" data-widget_type=\"text-editor.default\">\n\t\t\t\t<div class=\"elementor-widget-container\">\n\t\t\t\t\t\t\t\t<div class=\"elementor-text-editor elementor-clearfix\">\n\t\t\t\t<p style=\"text-align: center;\"><span style=\"color: #000000;\">Lunette astronomique de 72 mm de diam\u00e8tre et de 420 mm de focale, avec objectif apochromatique ED et crayford d\u00e9multipli\u00e9. Cette lunette est plut\u00f4t destin\u00e9e \u00e0 la photographie grand champ, c&rsquo;est pourquoi elle est vendue sans oculaire ni chercheur. Son utilisation en visuel n\u00e9cessitera donc l&rsquo;ajout de ces accessoires et id\u00e9alement d&rsquo;un renvoi coud\u00e9. Je l&rsquo;ai pour l&rsquo;instant utilis\u00e9e pour la photographie solaire (<a href=\"http:\/\/www.arnaudom.fr\/wordpress\/eclipse25102022-3\/\" target=\"_blank\" rel=\"noopener\">ici avec un APN Canon<\/a> ou <a href=\"http:\/\/www.arnaudom.fr\/wordpress\/soleximages\/\" target=\"_blank\" rel=\"noopener\">avec le Sol&rsquo;ex<\/a>) et je compte l&#8217;employer pour la photographie d&rsquo;objets \u00e9tendus du ciel profond que la focale du 200\/800 ne me permet pas de faire. Vendue dans une malette de transport, sa taille tr\u00e8s compacte en fait un instrument de voyage id\u00e9al !<br><\/span><\/p>\t\t\t\t\t<\/div>\n\t\t\t\t\t\t<\/div>\n\t\t\t\t<\/div>\n\t\t\t\t<div class=\"elementor-element elementor-element-5419a39 elementor-widget elementor-widget-heading\" data-id=\"5419a39\" data-element_type=\"widget\" data-widget_type=\"heading.default\">\n\t\t\t\t<div class=\"elementor-widget-container\">\n\t\t\t<h2 class=\"elementor-heading-title elementor-size-default\">Sol'ex<\/h2>\t\t<\/div>\n\t\t\t\t<\/div>\n\t\t\t\t<div class=\"elementor-element elementor-element-6fab5fc elementor-widget elementor-widget-image\" data-id=\"6fab5fc\" data-element_type=\"widget\" data-widget_type=\"image.default\">\n\t\t\t\t<div class=\"elementor-widget-container\">\n\t\t\t\t\t\t\t\t<div class=\"elementor-image\">\n\t\t\t\t\t\t\t\t\t\t\t\t<img loading=\"lazy\" decoding=\"async\" width=\"400\" height=\"281\" src=\"https:\/\/www.arnaudom.fr\/wordpress\/wp-content\/uploads\/2022\/10\/solex001.jpg\" class=\"attachment-large size-large wp-image-9411\" alt=\"\" srcset=\"https:\/\/www.arnaudom.fr\/wordpress\/wp-content\/uploads\/2022\/10\/solex001.jpg 400w, https:\/\/www.arnaudom.fr\/wordpress\/wp-content\/uploads\/2022\/10\/solex001-300x211.jpg 300w\" sizes=\"auto, (max-width: 400px) 100vw, 400px\" \/>\t\t\t\t\t\t\t\t\t\t\t\t\t\t<\/div>\n\t\t\t\t\t\t<\/div>\n\t\t\t\t<\/div>\n\t\t\t\t<div class=\"elementor-element elementor-element-11dc3f3 elementor-drop-cap-yes elementor-drop-cap-view-default elementor-widget elementor-widget-text-editor\" data-id=\"11dc3f3\" data-element_type=\"widget\" data-settings=\"{&quot;drop_cap&quot;:&quot;yes&quot;}\" data-widget_type=\"text-editor.default\">\n\t\t\t\t<div class=\"elementor-widget-container\">\n\t\t\t\t\t\t\t\t<div class=\"elementor-text-editor elementor-clearfix\">\n\t\t\t\t<p style=\"text-align: center;\"><span style=\"color: #000000;\">Le Sol&rsquo;ex est un instrument imagin\u00e9 par Christian Buil, que l&rsquo;on monte et que l&rsquo;on r\u00e8gle soit-m\u00eame, et qui permet de r\u00e9aliser des images tr\u00e8s spectaculaires du Soleil avec de modestes optiques. Vous pouvez trouver toutes les informations concernant cet instrument sur le site d\u00e9di\u00e9 \u00e0 ce projet : <a href=\"http:\/\/www.astrosurf.com\/solex\/\" target=\"_blank\" rel=\"noopener\">www.astrosurf.com\/solex<\/a>. Vous trouverez \u00e9galement <a href=\"http:\/\/www.arnaudom.fr\/wordpress\/solexbases\/\" target=\"_blank\">sur cette page<\/a> ma petite exp\u00e9rience personnelle concernant mes d\u00e9buts dans l&rsquo;utilisation de Sol&rsquo;ex. Enfin, vous pouvez <a href=\"http:\/\/www.arnaudom.fr\/wordpress\/soleximages\/\" target=\"_blank\" rel=\"noopener\">consulter les images<\/a> que j&rsquo;ai r\u00e9alis\u00e9es avec la lunette Evostar 72 ED.<\/span><\/p>\t\t\t\t\t<\/div>\n\t\t\t\t\t\t<\/div>\n\t\t\t\t<\/div>\n\t\t\t\t<div class=\"elementor-element elementor-element-67a8759 elementor-widget elementor-widget-heading\" data-id=\"67a8759\" data-element_type=\"widget\" data-widget_type=\"heading.default\">\n\t\t\t\t<div class=\"elementor-widget-container\">\n\t\t\t<h2 class=\"elementor-heading-title elementor-size-default\">T\u00e9lescope 200\/800 sur EQ6<br>avec cam\u00e9ras ZWO 1600 Pro et 120 mini<\/h2>\t\t<\/div>\n\t\t\t\t<\/div>\n\t\t\t\t<div class=\"elementor-element elementor-element-44635bb elementor-widget elementor-widget-image\" data-id=\"44635bb\" data-element_type=\"widget\" data-widget_type=\"image.default\">\n\t\t\t\t<div class=\"elementor-widget-container\">\n\t\t\t\t\t\t\t\t<div class=\"elementor-image\">\n\t\t\t\t\t\t\t\t\t\t\t\t<img loading=\"lazy\" decoding=\"async\" width=\"667\" height=\"1000\" src=\"https:\/\/www.arnaudom.fr\/wordpress\/wp-content\/uploads\/2021\/10\/matos001.jpg\" class=\"attachment-medium_large size-medium_large wp-image-7430\" alt=\"\" srcset=\"https:\/\/www.arnaudom.fr\/wordpress\/wp-content\/uploads\/2021\/10\/matos001.jpg 667w, https:\/\/www.arnaudom.fr\/wordpress\/wp-content\/uploads\/2021\/10\/matos001-200x300.jpg 200w\" sizes=\"auto, (max-width: 667px) 100vw, 667px\" \/>\t\t\t\t\t\t\t\t\t\t\t\t\t\t<\/div>\n\t\t\t\t\t\t<\/div>\n\t\t\t\t<\/div>\n\t\t\t\t<div class=\"elementor-element elementor-element-7b4f21c3 elementor-drop-cap-yes elementor-drop-cap-view-default elementor-widget elementor-widget-text-editor\" data-id=\"7b4f21c3\" data-element_type=\"widget\" data-settings=\"{&quot;drop_cap&quot;:&quot;yes&quot;}\" data-widget_type=\"text-editor.default\">\n\t\t\t\t<div class=\"elementor-widget-container\">\n\t\t\t\t\t\t\t\t<div class=\"elementor-text-editor elementor-clearfix\">\n\t\t\t\t<p><span style=\"color: #000000;\">T\u00e9lescope Teleskop Service en carbone UNC 200\/800 mont\u00e9 sur une monture EQ6 Pro, avec cam\u00e9ra ASI ZWO 1600 pro pour la photographie et lunette de guidage Skywatcher 80\/400 avec cam\u00e9ra ASI 120 mini pour l&rsquo;autoguidage.<br \/><a href=\"http:\/\/www.arnaudom.fr\/wordpress\/matcarbone\/\">Voir d\u00e9tails sur le t\u00e9lescope ici<\/a>.<br \/><\/span><\/p>\t\t\t\t\t<\/div>\n\t\t\t\t\t\t<\/div>\n\t\t\t\t<\/div>\n\t\t\t\t<div class=\"elementor-element elementor-element-4eb0c4a elementor-widget elementor-widget-image\" data-id=\"4eb0c4a\" data-element_type=\"widget\" data-widget_type=\"image.default\">\n\t\t\t\t<div class=\"elementor-widget-container\">\n\t\t\t\t\t\t\t\t<div class=\"elementor-image\">\n\t\t\t\t\t\t\t\t\t\t\t\t<img loading=\"lazy\" decoding=\"async\" width=\"1000\" height=\"667\" src=\"https:\/\/www.arnaudom.fr\/wordpress\/wp-content\/uploads\/2021\/10\/matos003.jpg\" class=\"attachment-large size-large wp-image-7433\" alt=\"\" srcset=\"https:\/\/www.arnaudom.fr\/wordpress\/wp-content\/uploads\/2021\/10\/matos003.jpg 1000w, https:\/\/www.arnaudom.fr\/wordpress\/wp-content\/uploads\/2021\/10\/matos003-300x200.jpg 300w, https:\/\/www.arnaudom.fr\/wordpress\/wp-content\/uploads\/2021\/10\/matos003-768x512.jpg 768w\" sizes=\"auto, (max-width: 1000px) 100vw, 1000px\" \/>\t\t\t\t\t\t\t\t\t\t\t\t\t\t<\/div>\n\t\t\t\t\t\t<\/div>\n\t\t\t\t<\/div>\n\t\t\t\t<div class=\"elementor-element elementor-element-6eaf23d elementor-drop-cap-yes elementor-drop-cap-view-default elementor-widget elementor-widget-text-editor\" data-id=\"6eaf23d\" data-element_type=\"widget\" data-settings=\"{&quot;drop_cap&quot;:&quot;yes&quot;}\" data-widget_type=\"text-editor.default\">\n\t\t\t\t<div class=\"elementor-widget-container\">\n\t\t\t\t\t\t\t\t<div class=\"elementor-text-editor elementor-clearfix\">\n\t\t\t\t<p><span style=\"color: #000000;\">Cam\u00e9ra ASI ZWO 1600 pro avec roue \u00e0 filtres et syst\u00e8me de refroidissement. <a href=\"http:\/\/www.arnaudom.fr\/wordpress\/camera001\/\">Voir d\u00e9tails ici<\/a>.<br \/><\/span><\/p>\t\t\t\t\t<\/div>\n\t\t\t\t\t\t<\/div>\n\t\t\t\t<\/div>\n\t\t\t\t<div class=\"elementor-element elementor-element-49bba01 elementor-widget elementor-widget-image\" data-id=\"49bba01\" data-element_type=\"widget\" data-widget_type=\"image.default\">\n\t\t\t\t<div class=\"elementor-widget-container\">\n\t\t\t\t\t\t\t\t<div class=\"elementor-image\">\n\t\t\t\t\t\t\t\t\t\t\t\t<img loading=\"lazy\" decoding=\"async\" width=\"1000\" height=\"667\" src=\"https:\/\/www.arnaudom.fr\/wordpress\/wp-content\/uploads\/2021\/10\/matos008.jpg\" class=\"attachment-large size-large wp-image-7434\" alt=\"\" srcset=\"https:\/\/www.arnaudom.fr\/wordpress\/wp-content\/uploads\/2021\/10\/matos008.jpg 1000w, https:\/\/www.arnaudom.fr\/wordpress\/wp-content\/uploads\/2021\/10\/matos008-300x200.jpg 300w, https:\/\/www.arnaudom.fr\/wordpress\/wp-content\/uploads\/2021\/10\/matos008-768x512.jpg 768w\" sizes=\"auto, (max-width: 1000px) 100vw, 1000px\" \/>\t\t\t\t\t\t\t\t\t\t\t\t\t\t<\/div>\n\t\t\t\t\t\t<\/div>\n\t\t\t\t<\/div>\n\t\t\t\t<div class=\"elementor-element elementor-element-fe8ead7 elementor-drop-cap-yes elementor-drop-cap-view-default elementor-widget elementor-widget-text-editor\" data-id=\"fe8ead7\" data-element_type=\"widget\" data-settings=\"{&quot;drop_cap&quot;:&quot;yes&quot;}\" data-widget_type=\"text-editor.default\">\n\t\t\t\t<div class=\"elementor-widget-container\">\n\t\t\t\t\t\t\t\t<div class=\"elementor-text-editor elementor-clearfix\">\n\t\t\t\t<p><span style=\"color: #000000;\">Lunette de guidage Skywatcher 80\/400 mont\u00e9e en parall\u00e8le avec tube allonge.<br \/><\/span><\/p>\t\t\t\t\t<\/div>\n\t\t\t\t\t\t<\/div>\n\t\t\t\t<\/div>\n\t\t\t\t<div class=\"elementor-element elementor-element-680f448 elementor-widget elementor-widget-image\" data-id=\"680f448\" data-element_type=\"widget\" data-widget_type=\"image.default\">\n\t\t\t\t<div class=\"elementor-widget-container\">\n\t\t\t\t\t\t\t\t<div class=\"elementor-image\">\n\t\t\t\t\t\t\t\t\t\t\t\t<img loading=\"lazy\" decoding=\"async\" width=\"1000\" height=\"667\" src=\"https:\/\/www.arnaudom.fr\/wordpress\/wp-content\/uploads\/2021\/10\/matos005.jpg\" class=\"attachment-large size-large wp-image-7435\" alt=\"\" srcset=\"https:\/\/www.arnaudom.fr\/wordpress\/wp-content\/uploads\/2021\/10\/matos005.jpg 1000w, https:\/\/www.arnaudom.fr\/wordpress\/wp-content\/uploads\/2021\/10\/matos005-300x200.jpg 300w, https:\/\/www.arnaudom.fr\/wordpress\/wp-content\/uploads\/2021\/10\/matos005-768x512.jpg 768w\" sizes=\"auto, (max-width: 1000px) 100vw, 1000px\" \/>\t\t\t\t\t\t\t\t\t\t\t\t\t\t<\/div>\n\t\t\t\t\t\t<\/div>\n\t\t\t\t<\/div>\n\t\t\t\t<div class=\"elementor-element elementor-element-60ecb96 elementor-drop-cap-yes elementor-drop-cap-view-default elementor-widget elementor-widget-text-editor\" data-id=\"60ecb96\" data-element_type=\"widget\" data-settings=\"{&quot;drop_cap&quot;:&quot;yes&quot;}\" data-widget_type=\"text-editor.default\">\n\t\t\t\t<div class=\"elementor-widget-container\">\n\t\t\t\t\t\t\t\t<div class=\"elementor-text-editor elementor-clearfix\">\n\t\t\t\t<p><span style=\"color: #000000;\">Cam\u00e9ra ASI ZWO 120 mini ultra-l\u00e9g\u00e8re pour l&rsquo;autoguidage.<\/span><\/p>\t\t\t\t\t<\/div>\n\t\t\t\t\t\t<\/div>\n\t\t\t\t<\/div>\n\t\t\t\t<div class=\"elementor-element elementor-element-39eedec elementor-widget elementor-widget-image\" data-id=\"39eedec\" data-element_type=\"widget\" data-widget_type=\"image.default\">\n\t\t\t\t<div class=\"elementor-widget-container\">\n\t\t\t\t\t\t\t\t<div class=\"elementor-image\">\n\t\t\t\t\t\t\t\t\t\t\t\t<img loading=\"lazy\" decoding=\"async\" width=\"1000\" height=\"667\" src=\"https:\/\/www.arnaudom.fr\/wordpress\/wp-content\/uploads\/2021\/10\/matos006.jpg\" class=\"attachment-large size-large wp-image-7436\" alt=\"\" srcset=\"https:\/\/www.arnaudom.fr\/wordpress\/wp-content\/uploads\/2021\/10\/matos006.jpg 1000w, https:\/\/www.arnaudom.fr\/wordpress\/wp-content\/uploads\/2021\/10\/matos006-300x200.jpg 300w, https:\/\/www.arnaudom.fr\/wordpress\/wp-content\/uploads\/2021\/10\/matos006-768x512.jpg 768w\" sizes=\"auto, (max-width: 1000px) 100vw, 1000px\" \/>\t\t\t\t\t\t\t\t\t\t\t\t\t\t<\/div>\n\t\t\t\t\t\t<\/div>\n\t\t\t\t<\/div>\n\t\t\t\t<div class=\"elementor-element elementor-element-ab2be8f elementor-drop-cap-yes elementor-drop-cap-view-default elementor-widget elementor-widget-text-editor\" data-id=\"ab2be8f\" data-element_type=\"widget\" data-settings=\"{&quot;drop_cap&quot;:&quot;yes&quot;}\" data-widget_type=\"text-editor.default\">\n\t\t\t\t<div class=\"elementor-widget-container\">\n\t\t\t\t\t\t\t\t<div class=\"elementor-text-editor elementor-clearfix\">\n\t\t\t\t<p><span style=\"color: #000000;\">Voici les diff\u00e9rents mat\u00e9riels que j&rsquo;ai utilis\u00e9s au cours de ma \u00ab\u00a0carri\u00e8re\u00a0\u00bb d&rsquo;astronome amateur : <\/span><\/p><ul><li><a href=\"http:\/\/www.arnaudom.fr\/wordpress\/matcarbone\/\">T\u00e9lescope Newton TS Carbone UNC<\/a><\/li><li><a href=\"http:\/\/www.arnaudom.fr\/wordpress\/mateq6\/\">Monture EQ6<\/a><\/li><li><a href=\"http:\/\/www.arnaudom.fr\/wordpress\/materiel-confirme\/\">T\u00e9lescope Newton GSO 200\/800 et monture Sky View Pro<\/a><\/li><li><a href=\"http:\/\/www.arnaudom.fr\/wordpress\/materiel-planetaire\/\">T\u00e9lescope Maktsutov Skywatcher 127\/1500<\/a><\/li><li><a href=\"http:\/\/www.arnaudom.fr\/wordpress\/materiel-debutant\/\">T\u00e9lescope Newton Skywatcher 130\/900 sur monture EQ2 et EQ3-2<\/a>.<\/li><\/ul>\t\t\t\t\t<\/div>\n\t\t\t\t\t\t<\/div>\n\t\t\t\t<\/div>\n\t\t\t\t\t\t<\/div>\n\t\t\t\t\t<\/div>\n\t\t<\/div>\n\t\t\t\t\t\t\t\t<\/div>\n\t\t\t\t\t<\/div>\n\t\t<\/section>\n\t\t\t\t\t\t\t\t\t<\/div>\n\t\t\t<\/div>\n\t\t\t\t\t<\/div>\n\t\t","protected":false},"excerpt":{"rendered":"<p>Mon mat\u00e9riel actuel Maksutov 150 Skywatcher Voici un magnifique cadeau pour No\u00ebl 2023 :&nbsp; un Maksutov Skywatcher de 150 mm de diam\u00e8tre. Apr\u00e8s de longues ann\u00e9es \u00e0 observer et photographier le ciel profond, et participant maintenant r\u00e9guli\u00e8rement \u00e0 la base de donn\u00e9es BASS 2000 pour photographier le soleil, l&rsquo;envie de me remettre \u00e0 l&rsquo;observation plan\u00e9taire &hellip;<\/p>\n<p class=\"read-more\"> <a class=\"\" href=\"https:\/\/www.arnaudom.fr\/wordpress\/mon-materiel\/\"> <span class=\"screen-reader-text\">Mon mat\u00e9riel<\/span> Lire la suite\u00a0\u00bb<\/a><\/p>\n","protected":false},"author":1,"featured_media":0,"parent":0,"menu_order":0,"comment_status":"closed","ping_status":"closed","template":"","meta":{"site-sidebar-layout":"default","site-content-layout":"default","ast-site-content-layout":"","site-content-style":"default","site-sidebar-style":"default","ast-global-header-display":"","ast-banner-title-visibility":"","ast-main-header-display":"","ast-hfb-above-header-display":"","ast-hfb-below-header-display":"","ast-hfb-mobile-header-display":"","site-post-title":"disabled","ast-breadcrumbs-content":"","ast-featured-img":"disabled","footer-sml-layout":"","theme-transparent-header-meta":"default","adv-header-id-meta":"","stick-header-meta":"","header-above-stick-meta":"","header-main-stick-meta":"","header-below-stick-meta":"","astra-migrate-meta-layouts":"","ast-page-background-enabled":"default","ast-page-background-meta":{"desktop":{"background-color":"","background-image":"","background-repeat":"repeat","background-position":"center center","background-size":"auto","background-attachment":"scroll","background-type":"","background-media":"","overlay-type":"","overlay-color":"","overlay-gradient":""},"tablet":{"background-color":"","background-image":"","background-repeat":"repeat","background-position":"center center","background-size":"auto","background-attachment":"scroll","background-type":"","background-media":"","overlay-type":"","overlay-color":"","overlay-gradient":""},"mobile":{"background-color":"","background-image":"","background-repeat":"repeat","background-position":"center center","background-size":"auto","background-attachment":"scroll","background-type":"","background-media":"","overlay-type":"","overlay-color":"","overlay-gradient":""}},"ast-content-background-meta":{"desktop":{"background-color":"var(--ast-global-color-5)","background-image":"","background-repeat":"repeat","background-position":"center center","background-size":"auto","background-attachment":"scroll","background-type":"","background-media":"","overlay-type":"","overlay-color":"","overlay-gradient":""},"tablet":{"background-color":"var(--ast-global-color-5)","background-image":"","background-repeat":"repeat","background-position":"center center","background-size":"auto","background-attachment":"scroll","background-type":"","background-media":"","overlay-type":"","overlay-color":"","overlay-gradient":""},"mobile":{"background-color":"var(--ast-global-color-5)","background-image":"","background-repeat":"repeat","background-position":"center center","background-size":"auto","background-attachment":"scroll","background-type":"","background-media":"","overlay-type":"","overlay-color":"","overlay-gradient":""}},"footnotes":""},"class_list":["post-1819","page","type-page","status-publish","hentry"],"_links":{"self":[{"href":"https:\/\/www.arnaudom.fr\/wordpress\/wp-json\/wp\/v2\/pages\/1819","targetHints":{"allow":["GET"]}}],"collection":[{"href":"https:\/\/www.arnaudom.fr\/wordpress\/wp-json\/wp\/v2\/pages"}],"about":[{"href":"https:\/\/www.arnaudom.fr\/wordpress\/wp-json\/wp\/v2\/types\/page"}],"author":[{"embeddable":true,"href":"https:\/\/www.arnaudom.fr\/wordpress\/wp-json\/wp\/v2\/users\/1"}],"replies":[{"embeddable":true,"href":"https:\/\/www.arnaudom.fr\/wordpress\/wp-json\/wp\/v2\/comments?post=1819"}],"version-history":[{"count":38,"href":"https:\/\/www.arnaudom.fr\/wordpress\/wp-json\/wp\/v2\/pages\/1819\/revisions"}],"predecessor-version":[{"id":11622,"href":"https:\/\/www.arnaudom.fr\/wordpress\/wp-json\/wp\/v2\/pages\/1819\/revisions\/11622"}],"wp:attachment":[{"href":"https:\/\/www.arnaudom.fr\/wordpress\/wp-json\/wp\/v2\/media?parent=1819"}],"curies":[{"name":"wp","href":"https:\/\/api.w.org\/{rel}","templated":true}]}}