{"id":1757,"date":"2018-08-25T09:15:19","date_gmt":"2018-08-25T07:15:19","guid":{"rendered":"http:\/\/www.arnaudom.fr\/wordpress\/?page_id=1757"},"modified":"2020-08-28T16:06:00","modified_gmt":"2020-08-28T14:06:00","slug":"cosmetique","status":"publish","type":"page","link":"https:\/\/www.arnaudom.fr\/wordpress\/cosmetique\/","title":{"rendered":"cosmetique"},"content":{"rendered":"\t\t<div data-elementor-type=\"wp-page\" data-elementor-id=\"1757\" class=\"elementor elementor-1757\">\n\t\t\t\t\t\t<div class=\"elementor-inner\">\n\t\t\t\t<div class=\"elementor-section-wrap\">\n\t\t\t\t\t\t\t\t\t<section class=\"elementor-section elementor-top-section elementor-element elementor-element-13497a elementor-section-full_width elementor-section-height-default elementor-section-height-default\" data-id=\"13497a\" data-element_type=\"section\" data-settings=\"{&quot;background_background&quot;:&quot;classic&quot;}\">\n\t\t\t\t\t\t<div class=\"elementor-container elementor-column-gap-default\">\n\t\t\t\t\t\t\t<div class=\"elementor-row\">\n\t\t\t\t\t<div class=\"elementor-column elementor-col-100 elementor-top-column elementor-element elementor-element-224c3547\" data-id=\"224c3547\" data-element_type=\"column\" data-settings=\"{&quot;background_background&quot;:&quot;classic&quot;}\">\n\t\t\t<div class=\"elementor-column-wrap elementor-element-populated\">\n\t\t\t\t\t\t\t<div class=\"elementor-widget-wrap\">\n\t\t\t\t\t\t<div class=\"elementor-element elementor-element-6cf06679 elementor-widget elementor-widget-heading\" data-id=\"6cf06679\" data-element_type=\"widget\" data-widget_type=\"heading.default\">\n\t\t\t\t<div class=\"elementor-widget-container\">\n\t\t\t<h1 class=\"elementor-heading-title elementor-size-default\">Pr\u00e9traitement avec PixInsight (6\/6)<\/h1>\t\t<\/div>\n\t\t\t\t<\/div>\n\t\t\t\t<div class=\"elementor-element elementor-element-44510f00 elementor-widget elementor-widget-heading\" data-id=\"44510f00\" data-element_type=\"widget\" data-widget_type=\"heading.default\">\n\t\t\t\t<div class=\"elementor-widget-container\">\n\t\t\t<h2 class=\"elementor-heading-title elementor-size-default\">8- Faire une derni\u00e8re correction cosm\u00e9tique des brutes.<\/h2>\t\t<\/div>\n\t\t\t\t<\/div>\n\t\t\t\t<div class=\"elementor-element elementor-element-da18981 elementor-position-right elementor-vertical-align-middle elementor-widget elementor-widget-image-box\" data-id=\"da18981\" data-element_type=\"widget\" data-widget_type=\"image-box.default\">\n\t\t\t\t<div class=\"elementor-widget-container\">\n\t\t\t<div class=\"elementor-image-box-wrapper\"><figure class=\"elementor-image-box-img\"><img loading=\"lazy\" decoding=\"async\" width=\"386\" height=\"478\" src=\"https:\/\/www.arnaudom.fr\/wordpress\/wp-content\/uploads\/2018\/08\/pix095.jpg\" class=\"attachment-full size-full wp-image-1689\" alt=\"\" srcset=\"https:\/\/www.arnaudom.fr\/wordpress\/wp-content\/uploads\/2018\/08\/pix095.jpg 386w, https:\/\/www.arnaudom.fr\/wordpress\/wp-content\/uploads\/2018\/08\/pix095-242x300.jpg 242w\" sizes=\"auto, (max-width: 386px) 100vw, 386px\" \/><\/figure><div class=\"elementor-image-box-content\"><p class=\"elementor-image-box-description\">C'est la derni\u00e8re \u00e9tape ! Nous allons faire une correction cosm\u00e9tique de nos images \u00e0 l'aide du process <b>CosmeticCorrection<\/b> que vous allez d\u00e9poser sur l'espace de travail ou, si vous utilisez mes process icons, vous allez sur l'ic\u00f4ne <b>Correction_cosmetique.<\/b><br><br>\nAvec <b>Add Files<\/b> on ajoute nos 31 images d\u00e9bayeris\u00e9es, <b>debayer_M510001_c.fit<\/b> jusqu'\u00e0 <b>debayer_M510031_c.fit<\/b>,dans le process.<br><br>En ouvrant la zone <b>Output<\/b> avec la double fl\u00e8che, on peut y entrer le dossier dans lequel nos images vont \u00eatre sauvegard\u00e9es, donc toujours <b>M51.<\/b>\nNotez que par d\u00e9faut, le process va cr\u00e9er des images dont le nom se terminera par <b>_cc<\/b> (comme Cosmetique Correction).\n<\/p><\/div><\/div>\t\t<\/div>\n\t\t\t\t<\/div>\n\t\t\t\t<div class=\"elementor-element elementor-element-7aa0f5cb elementor-widget elementor-widget-text-editor\" data-id=\"7aa0f5cb\" data-element_type=\"widget\" data-widget_type=\"text-editor.default\">\n\t\t\t\t<div class=\"elementor-widget-container\">\n\t\t\t\t\t\t\t\t<div class=\"elementor-text-editor elementor-clearfix\">\n\t\t\t\t<p>On va enfin cocher la case<strong> <span class=\"gras\">Use Auto detect<\/span><\/strong> puis, apr\u00e8s avoir ouvert cette zone, on coche les cases <strong><span class=\"gras\">Hot Sigma<\/span><\/strong> et <strong><span class=\"gras\">Cold Sigma<\/span><\/strong>, en gardant les valeurs des deux param\u00e8tres par d\u00e9faut \u00e0 3.<\/p><p><img loading=\"lazy\" decoding=\"async\" class=\"aligncenter size-full wp-image-1690\" src=\"http:\/\/www.arnaudom.fr\/wordpress\/wp-content\/uploads\/2018\/08\/pix096.jpg\" alt=\"\" width=\"370\" height=\"76\" srcset=\"https:\/\/www.arnaudom.fr\/wordpress\/wp-content\/uploads\/2018\/08\/pix096.jpg 370w, https:\/\/www.arnaudom.fr\/wordpress\/wp-content\/uploads\/2018\/08\/pix096-300x62.jpg 300w\" sizes=\"auto, (max-width: 370px) 100vw, 370px\" \/><\/p><p>Pour voir ce que fait ce process, on va charger l&rsquo;une de nos images debay\u00e9ris\u00e9e en allant dans <strong><span class=\"gras\">FILE\/Open&#8230;<\/span><\/strong> puis en lui appliquant un <strong><span class=\"gras\">Auto Stretch<\/span>.<\/strong><\/p><p>On va utiliser la fonction <strong><span class=\"gras\">Preview <\/span><\/strong>(\u00ab aper\u00e7u \u00bb) de Pixinsight, en allant cliquer sur le bouton <strong><span class=\"gras\">New Preview Mode<\/span><\/strong> dans la barre d&rsquo;outils.<img loading=\"lazy\" decoding=\"async\" class=\"size-full wp-image-1691\" src=\"http:\/\/www.arnaudom.fr\/wordpress\/wp-content\/uploads\/2018\/08\/pix097.jpg\" alt=\"\" width=\"35\" height=\"30\" \/><\/p>\t\t\t\t\t<\/div>\n\t\t\t\t\t\t<\/div>\n\t\t\t\t<\/div>\n\t\t\t\t<div class=\"elementor-element elementor-element-3933d2f elementor-position-right elementor-vertical-align-middle elementor-widget elementor-widget-image-box\" data-id=\"3933d2f\" data-element_type=\"widget\" data-widget_type=\"image-box.default\">\n\t\t\t\t<div class=\"elementor-widget-container\">\n\t\t\t<div class=\"elementor-image-box-wrapper\"><figure class=\"elementor-image-box-img\"><img loading=\"lazy\" decoding=\"async\" width=\"358\" height=\"247\" src=\"https:\/\/www.arnaudom.fr\/wordpress\/wp-content\/uploads\/2018\/08\/pix098.jpg\" class=\"attachment-full size-full wp-image-1692\" alt=\"\" srcset=\"https:\/\/www.arnaudom.fr\/wordpress\/wp-content\/uploads\/2018\/08\/pix098.jpg 358w, https:\/\/www.arnaudom.fr\/wordpress\/wp-content\/uploads\/2018\/08\/pix098-300x207.jpg 300w\" sizes=\"auto, (max-width: 358px) 100vw, 358px\" \/><\/figure><div class=\"elementor-image-box-content\"><p class=\"elementor-image-box-description\">Maintenant, avec la souris, on va dessiner un rectangle sur une zone de l'image que l'on veut examiner en gros plan : on clique une fois pour placer le coin sup\u00e9rieur gauche du rectangle puis une seconde fois pour le coin inf\u00e9rieur droit. <\/p><\/div><\/div>\t\t<\/div>\n\t\t\t\t<\/div>\n\t\t\t\t<div class=\"elementor-element elementor-element-25799cc elementor-position-right elementor-vertical-align-middle elementor-widget elementor-widget-image-box\" data-id=\"25799cc\" data-element_type=\"widget\" data-widget_type=\"image-box.default\">\n\t\t\t\t<div class=\"elementor-widget-container\">\n\t\t\t<div class=\"elementor-image-box-wrapper\"><figure class=\"elementor-image-box-img\"><img loading=\"lazy\" decoding=\"async\" width=\"278\" height=\"209\" src=\"https:\/\/www.arnaudom.fr\/wordpress\/wp-content\/uploads\/2018\/08\/pix099.jpg\" class=\"attachment-full size-full wp-image-1693\" alt=\"\" \/><\/figure><div class=\"elementor-image-box-content\"><p class=\"elementor-image-box-description\">Le texte <b>Preview01<\/b> s'affiche sur l'image, et un onglet <b>Preview01 <\/b>appara\u00eet sous l'onglet contenant le nom de notre image.<\/p><\/div><\/div>\t\t<\/div>\n\t\t\t\t<\/div>\n\t\t\t\t<div class=\"elementor-element elementor-element-363ba46 elementor-position-right elementor-vertical-align-bottom elementor-widget elementor-widget-image-box\" data-id=\"363ba46\" data-element_type=\"widget\" data-widget_type=\"image-box.default\">\n\t\t\t\t<div class=\"elementor-widget-container\">\n\t\t\t<div class=\"elementor-image-box-wrapper\"><figure class=\"elementor-image-box-img\"><img loading=\"lazy\" decoding=\"async\" width=\"32\" height=\"253\" src=\"https:\/\/www.arnaudom.fr\/wordpress\/wp-content\/uploads\/2018\/08\/pix100.jpg\" class=\"attachment-full size-full wp-image-1694\" alt=\"\" \/><\/figure><div class=\"elementor-image-box-content\"><p class=\"elementor-image-box-description\">En cliquant sur l'onglet Preview01, notre aper\u00e7u s'affiche alors.<\/p><\/div><\/div>\t\t<\/div>\n\t\t\t\t<\/div>\n\t\t\t\t<div class=\"elementor-element elementor-element-fce0113 elementor-widget elementor-widget-image\" data-id=\"fce0113\" data-element_type=\"widget\" data-widget_type=\"image.default\">\n\t\t\t\t<div class=\"elementor-widget-container\">\n\t\t\t\t\t\t\t\t<div class=\"elementor-image\">\n\t\t\t\t\t\t\t\t\t\t\t\t<img loading=\"lazy\" decoding=\"async\" width=\"500\" height=\"335\" src=\"https:\/\/www.arnaudom.fr\/wordpress\/wp-content\/uploads\/2018\/08\/pix101.jpg\" class=\"attachment-full size-full wp-image-1695\" alt=\"\" srcset=\"https:\/\/www.arnaudom.fr\/wordpress\/wp-content\/uploads\/2018\/08\/pix101.jpg 500w, https:\/\/www.arnaudom.fr\/wordpress\/wp-content\/uploads\/2018\/08\/pix101-300x201.jpg 300w\" sizes=\"auto, (max-width: 500px) 100vw, 500px\" \/>\t\t\t\t\t\t\t\t\t\t\t\t\t\t<\/div>\n\t\t\t\t\t\t<\/div>\n\t\t\t\t<\/div>\n\t\t\t\t<div class=\"elementor-element elementor-element-81f42c7 elementor-widget elementor-widget-text-editor\" data-id=\"81f42c7\" data-element_type=\"widget\" data-widget_type=\"text-editor.default\">\n\t\t\t\t<div class=\"elementor-widget-container\">\n\t\t\t\t\t\t\t\t<div class=\"elementor-text-editor elementor-clearfix\">\n\t\t\t\t<p>On retourne sur <strong><span class=\"gras\">CosmeticCorrection<\/span><\/strong> et on va cliquer sur le cercle bleu <img loading=\"lazy\" decoding=\"async\" class=\"size-full wp-image-1696\" src=\"http:\/\/www.arnaudom.fr\/wordpress\/wp-content\/uploads\/2018\/08\/pix102-1.jpg\" alt=\"\" width=\"23\" height=\"22\" \/> en bas de la fen\u00eatre, qui active le mode <strong><span class=\"gras\">Real Time Preview<\/span><\/strong>, ou aper\u00e7u en temps r\u00e9el.<\/p><p>Une fen\u00eatre s&rsquo;ouvre et elle va nous montrer sur notre preview les modifications que notre image va subir.<\/p><p><img loading=\"lazy\" decoding=\"async\" class=\"aligncenter size-full wp-image-1697\" src=\"http:\/\/www.arnaudom.fr\/wordpress\/wp-content\/uploads\/2018\/08\/pix103.jpg\" alt=\"\" width=\"498\" height=\"445\" srcset=\"https:\/\/www.arnaudom.fr\/wordpress\/wp-content\/uploads\/2018\/08\/pix103.jpg 498w, https:\/\/www.arnaudom.fr\/wordpress\/wp-content\/uploads\/2018\/08\/pix103-300x268.jpg 300w\" sizes=\"auto, (max-width: 498px) 100vw, 498px\" \/><\/p><p>L&rsquo;int\u00e9r\u00eat de faire un preview est que, d&rsquo;une part, on peut observer une partie de notre image en gros plan, et que d&rsquo;autre part, il est beaucoup plus rapide pour le logiciel de montrer les modifications sur le preview que sur la totalit\u00e9 de l&rsquo;image.<\/p>\t\t\t\t\t<\/div>\n\t\t\t\t\t\t<\/div>\n\t\t\t\t<\/div>\n\t\t\t\t<div class=\"elementor-element elementor-element-4aee469 elementor-position-right elementor-vertical-align-middle elementor-widget elementor-widget-image-box\" data-id=\"4aee469\" data-element_type=\"widget\" data-widget_type=\"image-box.default\">\n\t\t\t\t<div class=\"elementor-widget-container\">\n\t\t\t<div class=\"elementor-image-box-wrapper\"><figure class=\"elementor-image-box-img\"><img loading=\"lazy\" decoding=\"async\" width=\"200\" height=\"106\" src=\"https:\/\/www.arnaudom.fr\/wordpress\/wp-content\/uploads\/2018\/08\/pix104.jpg\" class=\"attachment-full size-full wp-image-1698\" alt=\"\" \/><\/figure><div class=\"elementor-image-box-content\"><p class=\"elementor-image-box-description\">En cliquant plusieurs fois sur le cercle bleu \u00ab <b>Show transformed image<\/b> \u00bb, on peut voir \u00e0 quoi va ressembler notre image avant et apr\u00e8s la transformation. <\/p><\/div><\/div>\t\t<\/div>\n\t\t\t\t<\/div>\n\t\t\t\t<div class=\"elementor-element elementor-element-702ec5e elementor-widget elementor-widget-text-editor\" data-id=\"702ec5e\" data-element_type=\"widget\" data-widget_type=\"text-editor.default\">\n\t\t\t\t<div class=\"elementor-widget-container\">\n\t\t\t\t\t\t\t\t<div class=\"elementor-text-editor elementor-clearfix\">\n\t\t\t\t<p>La correction cosm\u00e9tique de l&rsquo;image supprime certains pixels de l&rsquo;image, la rendant plus \u00ab douce \u00bb. Elle peut permettre aussi de supprimer des pixels chauds qui auraient surv\u00e9cus \u00e0 la calibration. Si on ouvre la zone <strong><span class=\"gras\">Real-Time Preview<\/span><\/strong> du process <strong><span class=\"gras\">CosmeticCorrection<\/span><\/strong>, on peut voir dans le tableau affich\u00e9 le nombre de pixels chauds (Hot) et froids (Cold) supprim\u00e9s par le process, en l&rsquo;occurrence 2467 et 1204 dans mon exemple.<\/p><p><img loading=\"lazy\" decoding=\"async\" class=\"aligncenter size-full wp-image-1699\" src=\"http:\/\/www.arnaudom.fr\/wordpress\/wp-content\/uploads\/2018\/08\/pix105.jpg\" alt=\"\" width=\"372\" height=\"88\" srcset=\"https:\/\/www.arnaudom.fr\/wordpress\/wp-content\/uploads\/2018\/08\/pix105.jpg 372w, https:\/\/www.arnaudom.fr\/wordpress\/wp-content\/uploads\/2018\/08\/pix105-300x71.jpg 300w\" sizes=\"auto, (max-width: 372px) 100vw, 372px\" \/><\/p><p>En cochant la case <strong><span class=\"gras\">Show map<\/span><\/strong>, l&rsquo;image est remplac\u00e9e par une carte de tous les pixels supprim\u00e9s.<\/p><p><img loading=\"lazy\" decoding=\"async\" class=\"aligncenter size-full wp-image-1700\" src=\"http:\/\/www.arnaudom.fr\/wordpress\/wp-content\/uploads\/2018\/08\/pix106.jpg\" alt=\"\" width=\"500\" height=\"445\" srcset=\"https:\/\/www.arnaudom.fr\/wordpress\/wp-content\/uploads\/2018\/08\/pix106.jpg 500w, https:\/\/www.arnaudom.fr\/wordpress\/wp-content\/uploads\/2018\/08\/pix106-300x267.jpg 300w\" sizes=\"auto, (max-width: 500px) 100vw, 500px\" \/><\/p><p>Si on s&rsquo;amuse \u00e0 cocher\/d\u00e9cocher les cases <strong><span class=\"gras\">Hot Sigma<\/span><\/strong> et <strong><span class=\"gras\">Cold Sigma<\/span><\/strong>, on voit le r\u00e9sultat sur la carte des pixels. On peut aussi jouer avec les valeurs des deux param\u00e8tres pour voir leur influence : plus on augmente leur valeur et moins il y a de pixels supprim\u00e9s. Les param\u00e8tres de 3 par d\u00e9faut semblent un bon compromis.<\/p><p>Une fois que le r\u00e9sultat est satisfaisant, on peut fermer la fen\u00eatre du <strong><span class=\"gras\">Real-Time Preview<\/span> <\/strong>et retourner sur notre image de d\u00e9part en cliquant sur son onglet. En cliquant \u00e0 nouveau sur le cercle bleu, on r\u00e9ouvre notre <strong><span class=\"gras\">Real-Time Preview<\/span><\/strong> mais l\u00e0, comme le preview prend toute l&rsquo;image, il met un certain laps de temps \u00e0 s&rsquo;afficher. En cliquant sur <strong><span class=\"gras\">Show transformed image<\/span><\/strong>, on observe le r\u00e9sultat obtenu.<\/p><p style=\"text-align: center;\"><strong><span class=\"gras\">Image avant la correction cosm\u00e9tique :<\/span><\/strong><img loading=\"lazy\" decoding=\"async\" class=\"aligncenter size-full wp-image-1701\" src=\"http:\/\/www.arnaudom.fr\/wordpress\/wp-content\/uploads\/2018\/08\/pix107.jpg\" alt=\"\" width=\"500\" height=\"334\" srcset=\"https:\/\/www.arnaudom.fr\/wordpress\/wp-content\/uploads\/2018\/08\/pix107.jpg 500w, https:\/\/www.arnaudom.fr\/wordpress\/wp-content\/uploads\/2018\/08\/pix107-300x200.jpg 300w\" sizes=\"auto, (max-width: 500px) 100vw, 500px\" \/><\/p><p style=\"text-align: center;\"><strong><span class=\"gras\">Image apr\u00e8s la correction cosm\u00e9tique :<img loading=\"lazy\" decoding=\"async\" class=\"aligncenter size-full wp-image-1702\" src=\"http:\/\/www.arnaudom.fr\/wordpress\/wp-content\/uploads\/2018\/08\/pix108.jpg\" alt=\"\" width=\"500\" height=\"334\" srcset=\"https:\/\/www.arnaudom.fr\/wordpress\/wp-content\/uploads\/2018\/08\/pix108.jpg 500w, https:\/\/www.arnaudom.fr\/wordpress\/wp-content\/uploads\/2018\/08\/pix108-300x200.jpg 300w\" sizes=\"auto, (max-width: 500px) 100vw, 500px\" \/><\/span><\/strong><\/p><p>Il ne nous reste plus qu&rsquo;\u00e0 lancer notre process en cliquant sur le disque bleu. <img loading=\"lazy\" decoding=\"async\" class=\"size-full wp-image-1313\" src=\"http:\/\/www.arnaudom.fr\/wordpress\/wp-content\/uploads\/2018\/08\/pix051.jpg\" alt=\"\" width=\"21\" height=\"21\" \/><\/p><p>Au bout de 886,8 s, le process est termin\u00e9. 31 images nomm\u00e9es <strong><span class=\"gras\">debayer_M510001_c_cc.fit<\/span><\/strong> jusqu&rsquo;\u00e0 <strong><span class=\"gras\">debayer_M510031_c_cc.fit<\/span><\/strong> ont \u00e9t\u00e9 cr\u00e9\u00e9es dans le dossier M51.<img loading=\"lazy\" decoding=\"async\" class=\"aligncenter size-full wp-image-1703\" src=\"http:\/\/www.arnaudom.fr\/wordpress\/wp-content\/uploads\/2018\/08\/pix109.jpg\" alt=\"\" width=\"293\" height=\"374\" srcset=\"https:\/\/www.arnaudom.fr\/wordpress\/wp-content\/uploads\/2018\/08\/pix109.jpg 293w, https:\/\/www.arnaudom.fr\/wordpress\/wp-content\/uploads\/2018\/08\/pix109-235x300.jpg 235w\" sizes=\"auto, (max-width: 293px) 100vw, 293px\" \/><\/p><p style=\"text-align: center;\">Ca y est, notre pr\u00e9traitement est termin\u00e9 !<\/p>\t\t\t\t\t<\/div>\n\t\t\t\t\t\t<\/div>\n\t\t\t\t<\/div>\n\t\t\t\t<div class=\"elementor-element elementor-element-618548f elementor-widget elementor-widget-text-editor\" data-id=\"618548f\" data-element_type=\"widget\" data-widget_type=\"text-editor.default\">\n\t\t\t\t<div class=\"elementor-widget-container\">\n\t\t\t\t\t\t\t\t<div class=\"elementor-text-editor elementor-clearfix\">\n\t\t\t\t<p style=\"text-align: center;\"><strong>Si vous souhaitez cr\u00e9er votre propre liste de process icons :<\/strong><\/p><p style=\"text-align: left;\">&#8211; si \u00e0 chacune des 8 \u00e9tapes, vous avez bien d\u00e9pos\u00e9 sur l&rsquo;espace de travail le process utilis\u00e9, vous avez normalement maintenant 8 process sur votre \u00e9cran.<\/p><p style=\"text-align: left;\">&#8211; Pour les sauvegarder, il vous suffit alors d&rsquo;aller dans le menu <strong><span class=\"gras\">PROCESS\/Process icons\/Save Process icons&#8230; <\/span><\/strong><span class=\"gras\">ou de cliquer dans la barre d&rsquo;outils sur <img loading=\"lazy\" decoding=\"async\" class=\"size-full wp-image-1705\" src=\"http:\/\/www.arnaudom.fr\/wordpress\/wp-content\/uploads\/2018\/08\/pix111.jpg\" alt=\"\" width=\"15\" height=\"33\" \/> \u00e0 droite de <img loading=\"lazy\" decoding=\"async\" class=\"size-full wp-image-1092\" src=\"http:\/\/www.arnaudom.fr\/wordpress\/wp-content\/uploads\/2018\/08\/pix018.jpg\" alt=\"\" width=\"62\" height=\"47\" \/>, puis sur <img loading=\"lazy\" decoding=\"async\" class=\"size-full wp-image-1706\" src=\"http:\/\/www.arnaudom.fr\/wordpress\/wp-content\/uploads\/2018\/08\/pix112.jpg\" alt=\"\" width=\"33\" height=\"34\" \/> .<br \/><\/span><\/p><p style=\"text-align: left;\">&#8211; Il ne vous reste plus qu&rsquo;\u00e0 donner un nom \u00e0 votre liste de process icons. Vous pourrez maintenant les r\u00e9utiliser quand vous voudrez.<\/p><p style=\"text-align: left;\">&#8211; N&rsquo;oubliez pas que vous pouvez renommer chacun des process \u00e0 votre convenance et personnaliser leur description.<\/p><p style=\"text-align: left;\">&#8211; Il existe le process <strong><span class=\"gras\">NOP<\/span><\/strong> (pour <strong><span class=\"gras\">No Op\u00e9ration<\/span><\/strong>) qui n&rsquo;a d&rsquo;autre utilit\u00e9 que de servir \u00e0 mettre des commentaires dans les process icons. N&rsquo;h\u00e9sitez pas \u00e0 l&rsquo;utiliser, il peut servir \u00e9galement \u00e0 \u00ab prendre des notes \u00bb au milieu de votre traitement.<\/p><p style=\"text-align: left;\"><img loading=\"lazy\" decoding=\"async\" class=\"aligncenter size-full wp-image-1704\" src=\"http:\/\/www.arnaudom.fr\/wordpress\/wp-content\/uploads\/2018\/08\/pix110.jpg\" alt=\"\" width=\"272\" height=\"96\" \/><\/p>\t\t\t\t\t<\/div>\n\t\t\t\t\t\t<\/div>\n\t\t\t\t<\/div>\n\t\t\t\t<div class=\"elementor-element elementor-element-6f4e141 elementor-widget elementor-widget-text-editor\" data-id=\"6f4e141\" data-element_type=\"widget\" data-widget_type=\"text-editor.default\">\n\t\t\t\t<div class=\"elementor-widget-container\">\n\t\t\t\t\t\t\t\t<div class=\"elementor-text-editor elementor-clearfix\">\n\t\t\t\t<p>Voil\u00e0, ce tutoriel est termin\u00e9, rendez-vous au prochain qui traitera de la seconde partie du traitement, \u00e0 savoir l&rsquo;addition des images de l&rsquo;objet photographi\u00e9.<\/p>\t\t\t\t\t<\/div>\n\t\t\t\t\t\t<\/div>\n\t\t\t\t<\/div>\n\t\t\t\t<div class=\"elementor-element elementor-element-d6337aa elementor-align-center elementor-widget elementor-widget-button\" data-id=\"d6337aa\" data-element_type=\"widget\" data-widget_type=\"button.default\">\n\t\t\t\t<div class=\"elementor-widget-container\">\n\t\t\t\t\t<div class=\"elementor-button-wrapper\">\n\t\t\t<a href=\"http:\/\/www.arnaudom.fr\/wordpress\/brute\/\" class=\"elementor-button-link elementor-button elementor-size-sm\" role=\"button\">\n\t\t\t\t\t\t<span class=\"elementor-button-content-wrapper\">\n\t\t\t\t\t\t\t<span class=\"elementor-button-icon elementor-align-icon-left\">\n\t\t\t\t\t\t\t\t\t<i class=\"fa fa-arrow-left\" aria-hidden=\"true\"><\/i>\n\t\t\t\t\t\t\t<\/span>\n\t\t\t\t\t\t<span class=\"elementor-button-text\">Page 5<\/span>\n\t\t<\/span>\n\t\t\t\t\t<\/a>\n\t\t<\/div>\n\t\t\t\t<\/div>\n\t\t\t\t<\/div>\n\t\t\t\t\t\t<\/div>\n\t\t\t\t\t<\/div>\n\t\t<\/div>\n\t\t\t\t\t\t\t\t<\/div>\n\t\t\t\t\t<\/div>\n\t\t<\/section>\n\t\t\t\t<section class=\"elementor-section elementor-top-section elementor-element elementor-element-68d4ae8 elementor-section-boxed elementor-section-height-default elementor-section-height-default\" data-id=\"68d4ae8\" data-element_type=\"section\">\n\t\t\t\t\t\t<div class=\"elementor-container elementor-column-gap-default\">\n\t\t\t\t\t\t\t<div class=\"elementor-row\">\n\t\t\t\t\t<div class=\"elementor-column elementor-col-100 elementor-top-column elementor-element elementor-element-105f5c7\" data-id=\"105f5c7\" data-element_type=\"column\">\n\t\t\t<div class=\"elementor-column-wrap\">\n\t\t\t\t\t\t\t<div class=\"elementor-widget-wrap\">\n\t\t\t\t\t\t\t\t<\/div>\n\t\t\t\t\t<\/div>\n\t\t<\/div>\n\t\t\t\t\t\t\t\t<\/div>\n\t\t\t\t\t<\/div>\n\t\t<\/section>\n\t\t\t\t\t\t\t\t\t<\/div>\n\t\t\t<\/div>\n\t\t\t\t\t<\/div>\n\t\t","protected":false},"excerpt":{"rendered":"<p>Pr\u00e9traitement avec PixInsight (6\/6) 8- Faire une derni\u00e8re correction cosm\u00e9tique des brutes. C&rsquo;est la derni\u00e8re \u00e9tape ! Nous allons faire une correction cosm\u00e9tique de nos images \u00e0 l&rsquo;aide du process CosmeticCorrection que vous allez d\u00e9poser sur l&rsquo;espace de travail ou, si vous utilisez mes process icons, vous allez sur l&rsquo;ic\u00f4ne Correction_cosmetique. Avec Add Files on &hellip;<\/p>\n<p class=\"read-more\"> <a class=\"\" href=\"https:\/\/www.arnaudom.fr\/wordpress\/cosmetique\/\"> <span class=\"screen-reader-text\">cosmetique<\/span> Lire la suite\u00a0\u00bb<\/a><\/p>\n","protected":false},"author":1,"featured_media":0,"parent":0,"menu_order":0,"comment_status":"closed","ping_status":"closed","template":"","meta":{"site-sidebar-layout":"default","site-content-layout":"default","ast-site-content-layout":"","site-content-style":"default","site-sidebar-style":"default","ast-global-header-display":"","ast-banner-title-visibility":"","ast-main-header-display":"","ast-hfb-above-header-display":"","ast-hfb-below-header-display":"","ast-hfb-mobile-header-display":"","site-post-title":"disabled","ast-breadcrumbs-content":"","ast-featured-img":"","footer-sml-layout":"","theme-transparent-header-meta":"default","adv-header-id-meta":"","stick-header-meta":"","header-above-stick-meta":"","header-main-stick-meta":"","header-below-stick-meta":"","astra-migrate-meta-layouts":"","ast-page-background-enabled":"default","ast-page-background-meta":{"desktop":{"background-color":"","background-image":"","background-repeat":"repeat","background-position":"center center","background-size":"auto","background-attachment":"scroll","background-type":"","background-media":"","overlay-type":"","overlay-color":"","overlay-gradient":""},"tablet":{"background-color":"","background-image":"","background-repeat":"repeat","background-position":"center center","background-size":"auto","background-attachment":"scroll","background-type":"","background-media":"","overlay-type":"","overlay-color":"","overlay-gradient":""},"mobile":{"background-color":"","background-image":"","background-repeat":"repeat","background-position":"center center","background-size":"auto","background-attachment":"scroll","background-type":"","background-media":"","overlay-type":"","overlay-color":"","overlay-gradient":""}},"ast-content-background-meta":{"desktop":{"background-color":"var(--ast-global-color-5)","background-image":"","background-repeat":"repeat","background-position":"center center","background-size":"auto","background-attachment":"scroll","background-type":"","background-media":"","overlay-type":"","overlay-color":"","overlay-gradient":""},"tablet":{"background-color":"var(--ast-global-color-5)","background-image":"","background-repeat":"repeat","background-position":"center center","background-size":"auto","background-attachment":"scroll","background-type":"","background-media":"","overlay-type":"","overlay-color":"","overlay-gradient":""},"mobile":{"background-color":"var(--ast-global-color-5)","background-image":"","background-repeat":"repeat","background-position":"center center","background-size":"auto","background-attachment":"scroll","background-type":"","background-media":"","overlay-type":"","overlay-color":"","overlay-gradient":""}},"footnotes":""},"class_list":["post-1757","page","type-page","status-publish","hentry"],"_links":{"self":[{"href":"https:\/\/www.arnaudom.fr\/wordpress\/wp-json\/wp\/v2\/pages\/1757","targetHints":{"allow":["GET"]}}],"collection":[{"href":"https:\/\/www.arnaudom.fr\/wordpress\/wp-json\/wp\/v2\/pages"}],"about":[{"href":"https:\/\/www.arnaudom.fr\/wordpress\/wp-json\/wp\/v2\/types\/page"}],"author":[{"embeddable":true,"href":"https:\/\/www.arnaudom.fr\/wordpress\/wp-json\/wp\/v2\/users\/1"}],"replies":[{"embeddable":true,"href":"https:\/\/www.arnaudom.fr\/wordpress\/wp-json\/wp\/v2\/comments?post=1757"}],"version-history":[{"count":15,"href":"https:\/\/www.arnaudom.fr\/wordpress\/wp-json\/wp\/v2\/pages\/1757\/revisions"}],"predecessor-version":[{"id":6015,"href":"https:\/\/www.arnaudom.fr\/wordpress\/wp-json\/wp\/v2\/pages\/1757\/revisions\/6015"}],"wp:attachment":[{"href":"https:\/\/www.arnaudom.fr\/wordpress\/wp-json\/wp\/v2\/media?parent=1757"}],"curies":[{"name":"wp","href":"https:\/\/api.w.org\/{rel}","templated":true}]}}