{"id":17189,"date":"2026-02-01T19:22:56","date_gmt":"2026-02-01T18:22:56","guid":{"rendered":"http:\/\/www.arnaudom.fr\/wordpress\/?page_id=17189"},"modified":"2026-02-04T05:01:00","modified_gmt":"2026-02-04T04:01:00","slug":"mak150hyginus","status":"publish","type":"page","link":"https:\/\/www.arnaudom.fr\/wordpress\/mak150hyginus\/","title":{"rendered":"Mak150Hyginus"},"content":{"rendered":"\t\t<div data-elementor-type=\"wp-page\" data-elementor-id=\"17189\" class=\"elementor elementor-17189\">\n\t\t\t\t\t\t<div class=\"elementor-inner\">\n\t\t\t\t<div class=\"elementor-section-wrap\">\n\t\t\t\t\t\t\t\t\t<section class=\"elementor-section elementor-top-section elementor-element elementor-element-1756c56 elementor-section-full_width elementor-section-height-default elementor-section-height-default\" data-id=\"1756c56\" data-element_type=\"section\" data-settings=\"{&quot;background_background&quot;:&quot;classic&quot;}\">\n\t\t\t\t\t\t<div class=\"elementor-container elementor-column-gap-default\">\n\t\t\t\t\t\t\t<div class=\"elementor-row\">\n\t\t\t\t\t<div class=\"elementor-column elementor-col-100 elementor-top-column elementor-element elementor-element-7a9d146\" data-id=\"7a9d146\" data-element_type=\"column\" data-settings=\"{&quot;background_background&quot;:&quot;classic&quot;}\">\n\t\t\t<div class=\"elementor-column-wrap elementor-element-populated\">\n\t\t\t\t\t\t\t<div class=\"elementor-widget-wrap\">\n\t\t\t\t\t\t<div class=\"elementor-element elementor-element-10ab894 elementor-widget elementor-widget-heading\" data-id=\"10ab894\" data-element_type=\"widget\" data-widget_type=\"heading.default\">\n\t\t\t\t<div class=\"elementor-widget-container\">\n\t\t\t<h1 class=\"elementor-heading-title elementor-size-default\">Rainure d'Hyginus<\/h1>\t\t<\/div>\n\t\t\t\t<\/div>\n\t\t\t\t\t\t<\/div>\n\t\t\t\t\t<\/div>\n\t\t<\/div>\n\t\t\t\t\t\t\t\t<\/div>\n\t\t\t\t\t<\/div>\n\t\t<\/section>\n\t\t\t\t<section class=\"elementor-section elementor-top-section elementor-element elementor-element-d8c491d elementor-section-boxed elementor-section-height-default elementor-section-height-default\" data-id=\"d8c491d\" data-element_type=\"section\">\n\t\t\t\t\t\t<div class=\"elementor-container elementor-column-gap-default\">\n\t\t\t\t\t\t\t<div class=\"elementor-row\">\n\t\t\t\t\t<div class=\"elementor-column elementor-col-100 elementor-top-column elementor-element elementor-element-8b8256d\" data-id=\"8b8256d\" data-element_type=\"column\" data-settings=\"{&quot;background_background&quot;:&quot;classic&quot;}\">\n\t\t\t<div class=\"elementor-column-wrap elementor-element-populated\">\n\t\t\t\t\t\t\t<div class=\"elementor-widget-wrap\">\n\t\t\t\t\t\t<div class=\"elementor-element elementor-element-18d8798 elementor-widget elementor-widget-image\" data-id=\"18d8798\" data-element_type=\"widget\" data-widget_type=\"image.default\">\n\t\t\t\t<div class=\"elementor-widget-container\">\n\t\t\t\t\t\t\t\t<div class=\"elementor-image\">\n\t\t\t\t\t\t\t\t\t\t\t\t<img loading=\"lazy\" decoding=\"async\" width=\"1024\" height=\"672\" src=\"https:\/\/www.arnaudom.fr\/wordpress\/wp-content\/uploads\/2026\/02\/Rainuresbis-1024x672.jpg\" class=\"attachment-large size-large wp-image-17195\" alt=\"\" srcset=\"https:\/\/www.arnaudom.fr\/wordpress\/wp-content\/uploads\/2026\/02\/Rainuresbis-1024x672.jpg 1024w, https:\/\/www.arnaudom.fr\/wordpress\/wp-content\/uploads\/2026\/02\/Rainuresbis-300x197.jpg 300w, https:\/\/www.arnaudom.fr\/wordpress\/wp-content\/uploads\/2026\/02\/Rainuresbis-768x504.jpg 768w, https:\/\/www.arnaudom.fr\/wordpress\/wp-content\/uploads\/2026\/02\/Rainuresbis.jpg 1072w\" sizes=\"auto, (max-width: 1024px) 100vw, 1024px\" \/>\t\t\t\t\t\t\t\t\t\t\t\t\t\t<\/div>\n\t\t\t\t\t\t<\/div>\n\t\t\t\t<\/div>\n\t\t\t\t<div class=\"elementor-element elementor-element-61ba0f2 elementor-widget elementor-widget-image\" data-id=\"61ba0f2\" data-element_type=\"widget\" data-widget_type=\"image.default\">\n\t\t\t\t<div class=\"elementor-widget-container\">\n\t\t\t\t\t\t\t\t<div class=\"elementor-image\">\n\t\t\t\t\t\t\t\t\t\t\t\t<img loading=\"lazy\" decoding=\"async\" width=\"1024\" height=\"672\" src=\"https:\/\/www.arnaudom.fr\/wordpress\/wp-content\/uploads\/2026\/02\/Rainuresl-1024x672.jpg\" class=\"attachment-large size-large wp-image-17196\" alt=\"\" srcset=\"https:\/\/www.arnaudom.fr\/wordpress\/wp-content\/uploads\/2026\/02\/Rainuresl-1024x672.jpg 1024w, https:\/\/www.arnaudom.fr\/wordpress\/wp-content\/uploads\/2026\/02\/Rainuresl-300x197.jpg 300w, https:\/\/www.arnaudom.fr\/wordpress\/wp-content\/uploads\/2026\/02\/Rainuresl-768x504.jpg 768w, https:\/\/www.arnaudom.fr\/wordpress\/wp-content\/uploads\/2026\/02\/Rainuresl.jpg 1072w\" sizes=\"auto, (max-width: 1024px) 100vw, 1024px\" \/>\t\t\t\t\t\t\t\t\t\t\t\t\t\t<\/div>\n\t\t\t\t\t\t<\/div>\n\t\t\t\t<\/div>\n\t\t\t\t\t\t<\/div>\n\t\t\t\t\t<\/div>\n\t\t<\/div>\n\t\t\t\t\t\t\t\t<\/div>\n\t\t\t\t\t<\/div>\n\t\t<\/section>\n\t\t\t\t<section class=\"elementor-section elementor-top-section elementor-element elementor-element-1a71cb5 elementor-section-boxed elementor-section-height-default elementor-section-height-default\" data-id=\"1a71cb5\" data-element_type=\"section\">\n\t\t\t\t\t\t<div class=\"elementor-container elementor-column-gap-default\">\n\t\t\t\t\t\t\t<div class=\"elementor-row\">\n\t\t\t\t\t<div class=\"elementor-column elementor-col-100 elementor-top-column elementor-element elementor-element-d0d2653\" data-id=\"d0d2653\" data-element_type=\"column\" data-settings=\"{&quot;background_background&quot;:&quot;classic&quot;}\">\n\t\t\t<div class=\"elementor-column-wrap elementor-element-populated\">\n\t\t\t\t\t\t\t<div class=\"elementor-widget-wrap\">\n\t\t\t\t\t\t<div class=\"elementor-element elementor-element-2e4b733 elementor-widget elementor-widget-text-editor\" data-id=\"2e4b733\" data-element_type=\"widget\" data-widget_type=\"text-editor.default\">\n\t\t\t\t<div class=\"elementor-widget-container\">\n\t\t\t\t\t\t\t\t<div class=\"elementor-text-editor elementor-clearfix\">\n\t\t\t\t<p>Plusieurs rainures lunaires sont bien visibles sur cette photo. On distingue tout d&rsquo;abord la rainure d&rsquo;Hyginus longue de 220 km, qui traverse de part en part le crat\u00e8re du m\u00eame nom. Plus haut se trouve la rainure d&rsquo;Ariadaeus, d&rsquo;une longueur similaire et qui trouve son point de d\u00e9part dans le crat\u00e8re qui lui donne son nom. Vous pouvez trouver d&rsquo;autres photos de cette rainure parmi mes clich\u00e9s lunaires. En bas de l&rsquo;image on per\u00e7oit quelques ramifications du r\u00e9seau de rainures Triesnecker. Le crat\u00e8re Boscovich en haut est \u00e9galement int\u00e9ressant car il poss\u00e8de lui-m\u00eame une tr\u00e8s fine rainure qui le traverse.<\/p>\t\t\t\t\t<\/div>\n\t\t\t\t\t\t<\/div>\n\t\t\t\t<\/div>\n\t\t\t\t<div class=\"elementor-element elementor-element-06ea9bd elementor-widget elementor-widget-text-editor\" data-id=\"06ea9bd\" data-element_type=\"widget\" data-widget_type=\"text-editor.default\">\n\t\t\t\t<div class=\"elementor-widget-container\">\n\t\t\t\t\t\t\t\t<div class=\"elementor-text-editor elementor-clearfix\">\n\t\t\t\t<p style=\"text-align: center;\"><span style=\"color: #ff0000;\"><b>Donn\u00e9es techniques :<\/b><\/span><\/p>\n<ul>\n<li>T\u00e9lescope Skywatcher 150\/1800.<\/li>\n<li>Cam\u00e9ra ZWO ASI 178 MM.<\/li><li>Filtre IR 685 nm.<\/li>\n<li>Capture avec Firecapture.<\/li>\n<li>Stacking avec Autostakkert et traitement avec Astrosurface.<\/li>\n<\/ul>\t\t\t\t\t<\/div>\n\t\t\t\t\t\t<\/div>\n\t\t\t\t<\/div>\n\t\t\t\t\t\t<\/div>\n\t\t\t\t\t<\/div>\n\t\t<\/div>\n\t\t\t\t\t\t\t\t<\/div>\n\t\t\t\t\t<\/div>\n\t\t<\/section>\n\t\t\t\t\t\t\t\t\t<\/div>\n\t\t\t<\/div>\n\t\t\t\t\t<\/div>\n\t\t","protected":false},"excerpt":{"rendered":"<p>Rainure d&rsquo;Hyginus Plusieurs rainures lunaires sont bien visibles sur cette photo. On distingue tout d&rsquo;abord la rainure d&rsquo;Hyginus longue de 220 km, qui traverse de part en part le crat\u00e8re du m\u00eame nom. Plus haut se trouve la rainure d&rsquo;Ariadaeus, d&rsquo;une longueur similaire et qui trouve son point de d\u00e9part dans le crat\u00e8re qui lui &hellip;<\/p>\n<p class=\"read-more\"> <a class=\"\" href=\"https:\/\/www.arnaudom.fr\/wordpress\/mak150hyginus\/\"> <span class=\"screen-reader-text\">Mak150Hyginus<\/span> Lire la suite\u00a0\u00bb<\/a><\/p>\n","protected":false},"author":1,"featured_media":0,"parent":0,"menu_order":0,"comment_status":"closed","ping_status":"closed","template":"","meta":{"site-sidebar-layout":"default","site-content-layout":"page-builder","ast-site-content-layout":"default","site-content-style":"default","site-sidebar-style":"default","ast-global-header-display":"","ast-banner-title-visibility":"","ast-main-header-display":"","ast-hfb-above-header-display":"","ast-hfb-below-header-display":"","ast-hfb-mobile-header-display":"","site-post-title":"disabled","ast-breadcrumbs-content":"","ast-featured-img":"disabled","footer-sml-layout":"","theme-transparent-header-meta":"","adv-header-id-meta":"","stick-header-meta":"","header-above-stick-meta":"","header-main-stick-meta":"","header-below-stick-meta":"","astra-migrate-meta-layouts":"set","ast-page-background-enabled":"default","ast-page-background-meta":{"desktop":{"background-color":"","background-image":"","background-repeat":"repeat","background-position":"center center","background-size":"auto","background-attachment":"scroll","background-type":"","background-media":"","overlay-type":"","overlay-color":"","overlay-gradient":""},"tablet":{"background-color":"","background-image":"","background-repeat":"repeat","background-position":"center center","background-size":"auto","background-attachment":"scroll","background-type":"","background-media":"","overlay-type":"","overlay-color":"","overlay-gradient":""},"mobile":{"background-color":"","background-image":"","background-repeat":"repeat","background-position":"center center","background-size":"auto","background-attachment":"scroll","background-type":"","background-media":"","overlay-type":"","overlay-color":"","overlay-gradient":""}},"ast-content-background-meta":{"desktop":{"background-color":"var(--ast-global-color-5)","background-image":"","background-repeat":"repeat","background-position":"center center","background-size":"auto","background-attachment":"scroll","background-type":"","background-media":"","overlay-type":"","overlay-color":"","overlay-gradient":""},"tablet":{"background-color":"var(--ast-global-color-5)","background-image":"","background-repeat":"repeat","background-position":"center center","background-size":"auto","background-attachment":"scroll","background-type":"","background-media":"","overlay-type":"","overlay-color":"","overlay-gradient":""},"mobile":{"background-color":"var(--ast-global-color-5)","background-image":"","background-repeat":"repeat","background-position":"center center","background-size":"auto","background-attachment":"scroll","background-type":"","background-media":"","overlay-type":"","overlay-color":"","overlay-gradient":""}},"footnotes":""},"class_list":["post-17189","page","type-page","status-publish","hentry"],"_links":{"self":[{"href":"https:\/\/www.arnaudom.fr\/wordpress\/wp-json\/wp\/v2\/pages\/17189","targetHints":{"allow":["GET"]}}],"collection":[{"href":"https:\/\/www.arnaudom.fr\/wordpress\/wp-json\/wp\/v2\/pages"}],"about":[{"href":"https:\/\/www.arnaudom.fr\/wordpress\/wp-json\/wp\/v2\/types\/page"}],"author":[{"embeddable":true,"href":"https:\/\/www.arnaudom.fr\/wordpress\/wp-json\/wp\/v2\/users\/1"}],"replies":[{"embeddable":true,"href":"https:\/\/www.arnaudom.fr\/wordpress\/wp-json\/wp\/v2\/comments?post=17189"}],"version-history":[{"count":10,"href":"https:\/\/www.arnaudom.fr\/wordpress\/wp-json\/wp\/v2\/pages\/17189\/revisions"}],"predecessor-version":[{"id":17292,"href":"https:\/\/www.arnaudom.fr\/wordpress\/wp-json\/wp\/v2\/pages\/17189\/revisions\/17292"}],"wp:attachment":[{"href":"https:\/\/www.arnaudom.fr\/wordpress\/wp-json\/wp\/v2\/media?parent=17189"}],"curies":[{"name":"wp","href":"https:\/\/api.w.org\/{rel}","templated":true}]}}