{"id":16877,"date":"2025-12-01T06:25:34","date_gmt":"2025-12-01T05:25:34","guid":{"rendered":"https:\/\/www.arnaudom.fr\/wordpress\/?page_id=16877"},"modified":"2025-12-01T06:28:26","modified_gmt":"2025-12-01T05:28:26","slug":"soleil08112025","status":"publish","type":"page","link":"https:\/\/www.arnaudom.fr\/wordpress\/soleil08112025\/","title":{"rendered":"soleil08112025"},"content":{"rendered":"\t\t<div data-elementor-type=\"wp-page\" data-elementor-id=\"16877\" class=\"elementor elementor-16877\">\n\t\t\t\t\t\t<div class=\"elementor-inner\">\n\t\t\t\t<div class=\"elementor-section-wrap\">\n\t\t\t\t\t\t\t\t\t<section class=\"elementor-section elementor-top-section elementor-element elementor-element-3249e11 elementor-section-boxed elementor-section-height-default elementor-section-height-default\" data-id=\"3249e11\" data-element_type=\"section\">\n\t\t\t\t\t\t<div class=\"elementor-container elementor-column-gap-default\">\n\t\t\t\t\t\t\t<div class=\"elementor-row\">\n\t\t\t\t\t<div class=\"elementor-column elementor-col-100 elementor-top-column elementor-element elementor-element-073933a\" data-id=\"073933a\" data-element_type=\"column\">\n\t\t\t<div class=\"elementor-column-wrap elementor-element-populated\">\n\t\t\t\t\t\t\t<div class=\"elementor-widget-wrap\">\n\t\t\t\t\t\t<div class=\"elementor-element elementor-element-65c4ac9 elementor-widget elementor-widget-heading\" data-id=\"65c4ac9\" data-element_type=\"widget\" data-widget_type=\"heading.default\">\n\t\t\t\t<div class=\"elementor-widget-container\">\n\t\t\t<h1 class=\"elementor-heading-title elementor-size-default\">Soleil du 8 novembre 2025<\/h1>\t\t<\/div>\n\t\t\t\t<\/div>\n\t\t\t\t\t\t<\/div>\n\t\t\t\t\t<\/div>\n\t\t<\/div>\n\t\t\t\t\t\t\t\t<\/div>\n\t\t\t\t\t<\/div>\n\t\t<\/section>\n\t\t\t\t<section class=\"elementor-section elementor-top-section elementor-element elementor-element-b4eacea elementor-section-boxed elementor-section-height-default elementor-section-height-default\" data-id=\"b4eacea\" data-element_type=\"section\">\n\t\t\t\t\t\t<div class=\"elementor-container elementor-column-gap-default\">\n\t\t\t\t\t\t\t<div class=\"elementor-row\">\n\t\t\t\t\t<div class=\"elementor-column elementor-col-100 elementor-top-column elementor-element elementor-element-a2f53d1\" data-id=\"a2f53d1\" data-element_type=\"column\">\n\t\t\t<div class=\"elementor-column-wrap elementor-element-populated\">\n\t\t\t\t\t\t\t<div class=\"elementor-widget-wrap\">\n\t\t\t\t\t\t<div class=\"elementor-element elementor-element-512e46f elementor-widget elementor-widget-heading\" data-id=\"512e46f\" data-element_type=\"widget\" data-widget_type=\"heading.default\">\n\t\t\t\t<div class=\"elementor-widget-container\">\n\t\t\t<h2 class=\"elementor-heading-title elementor-size-default\">Soleil en H-Alpha<\/h2>\t\t<\/div>\n\t\t\t\t<\/div>\n\t\t\t\t<div class=\"elementor-element elementor-element-81d457d elementor-widget elementor-widget-image\" data-id=\"81d457d\" data-element_type=\"widget\" data-widget_type=\"image.default\">\n\t\t\t\t<div class=\"elementor-widget-container\">\n\t\t\t\t\t\t\t\t<div class=\"elementor-image\">\n\t\t\t\t\t\t\t\t\t\t\t\t<img loading=\"lazy\" decoding=\"async\" width=\"1024\" height=\"1024\" src=\"https:\/\/www.arnaudom.fr\/wordpress\/wp-content\/uploads\/2025\/12\/BestHa-1024x1024.jpg\" class=\"attachment-large size-large wp-image-16883\" alt=\"\" srcset=\"https:\/\/www.arnaudom.fr\/wordpress\/wp-content\/uploads\/2025\/12\/BestHa-1024x1024.jpg 1024w, https:\/\/www.arnaudom.fr\/wordpress\/wp-content\/uploads\/2025\/12\/BestHa-300x300.jpg 300w, https:\/\/www.arnaudom.fr\/wordpress\/wp-content\/uploads\/2025\/12\/BestHa-150x150.jpg 150w, https:\/\/www.arnaudom.fr\/wordpress\/wp-content\/uploads\/2025\/12\/BestHa-768x768.jpg 768w, https:\/\/www.arnaudom.fr\/wordpress\/wp-content\/uploads\/2025\/12\/BestHa-1536x1536.jpg 1536w, https:\/\/www.arnaudom.fr\/wordpress\/wp-content\/uploads\/2025\/12\/BestHa.jpg 1544w\" sizes=\"auto, (max-width: 1024px) 100vw, 1024px\" \/>\t\t\t\t\t\t\t\t\t\t\t\t\t\t<\/div>\n\t\t\t\t\t\t<\/div>\n\t\t\t\t<\/div>\n\t\t\t\t<div class=\"elementor-element elementor-element-b96eeb8 elementor-widget elementor-widget-heading\" data-id=\"b96eeb8\" data-element_type=\"widget\" data-widget_type=\"heading.default\">\n\t\t\t\t<div class=\"elementor-widget-container\">\n\t\t\t<h2 class=\"elementor-heading-title elementor-size-default\">Image invers\u00e9e<\/h2>\t\t<\/div>\n\t\t\t\t<\/div>\n\t\t\t\t<div class=\"elementor-element elementor-element-daa096f elementor-widget elementor-widget-image\" data-id=\"daa096f\" data-element_type=\"widget\" data-widget_type=\"image.default\">\n\t\t\t\t<div class=\"elementor-widget-container\">\n\t\t\t\t\t\t\t\t<div class=\"elementor-image\">\n\t\t\t\t\t\t\t\t\t\t\t\t<img loading=\"lazy\" decoding=\"async\" width=\"1024\" height=\"1024\" src=\"https:\/\/www.arnaudom.fr\/wordpress\/wp-content\/uploads\/2025\/12\/Inv-1024x1024.jpg\" class=\"attachment-large size-large wp-image-16884\" alt=\"\" srcset=\"https:\/\/www.arnaudom.fr\/wordpress\/wp-content\/uploads\/2025\/12\/Inv-1024x1024.jpg 1024w, https:\/\/www.arnaudom.fr\/wordpress\/wp-content\/uploads\/2025\/12\/Inv-300x300.jpg 300w, https:\/\/www.arnaudom.fr\/wordpress\/wp-content\/uploads\/2025\/12\/Inv-150x150.jpg 150w, https:\/\/www.arnaudom.fr\/wordpress\/wp-content\/uploads\/2025\/12\/Inv-768x768.jpg 768w, https:\/\/www.arnaudom.fr\/wordpress\/wp-content\/uploads\/2025\/12\/Inv.jpg 1536w\" sizes=\"auto, (max-width: 1024px) 100vw, 1024px\" \/>\t\t\t\t\t\t\t\t\t\t\t\t\t\t<\/div>\n\t\t\t\t\t\t<\/div>\n\t\t\t\t<\/div>\n\t\t\t\t<div class=\"elementor-element elementor-element-617315d elementor-widget elementor-widget-heading\" data-id=\"617315d\" data-element_type=\"widget\" data-widget_type=\"heading.default\">\n\t\t\t\t<div class=\"elementor-widget-container\">\n\t\t\t<h2 class=\"elementor-heading-title elementor-size-default\">Image invers\u00e9e coloris\u00e9e<\/h2>\t\t<\/div>\n\t\t\t\t<\/div>\n\t\t\t\t<div class=\"elementor-element elementor-element-2bc2765 elementor-widget elementor-widget-image\" data-id=\"2bc2765\" data-element_type=\"widget\" data-widget_type=\"image.default\">\n\t\t\t\t<div class=\"elementor-widget-container\">\n\t\t\t\t\t\t\t\t<div class=\"elementor-image\">\n\t\t\t\t\t\t\t\t\t\t\t\t<img loading=\"lazy\" decoding=\"async\" width=\"1024\" height=\"1024\" src=\"https:\/\/www.arnaudom.fr\/wordpress\/wp-content\/uploads\/2025\/12\/Invcol-1024x1024.jpg\" class=\"attachment-large size-large wp-image-16885\" alt=\"\" srcset=\"https:\/\/www.arnaudom.fr\/wordpress\/wp-content\/uploads\/2025\/12\/Invcol-1024x1024.jpg 1024w, https:\/\/www.arnaudom.fr\/wordpress\/wp-content\/uploads\/2025\/12\/Invcol-300x300.jpg 300w, https:\/\/www.arnaudom.fr\/wordpress\/wp-content\/uploads\/2025\/12\/Invcol-150x150.jpg 150w, https:\/\/www.arnaudom.fr\/wordpress\/wp-content\/uploads\/2025\/12\/Invcol-768x768.jpg 768w, https:\/\/www.arnaudom.fr\/wordpress\/wp-content\/uploads\/2025\/12\/Invcol.jpg 1536w\" sizes=\"auto, (max-width: 1024px) 100vw, 1024px\" \/>\t\t\t\t\t\t\t\t\t\t\t\t\t\t<\/div>\n\t\t\t\t\t\t<\/div>\n\t\t\t\t<\/div>\n\t\t\t\t<div class=\"elementor-element elementor-element-625346f elementor-widget elementor-widget-heading\" data-id=\"625346f\" data-element_type=\"widget\" data-widget_type=\"heading.default\">\n\t\t\t\t<div class=\"elementor-widget-container\">\n\t\t\t<h2 class=\"elementor-heading-title elementor-size-default\">Stacking de 8 images<\/h2>\t\t<\/div>\n\t\t\t\t<\/div>\n\t\t\t\t<div class=\"elementor-element elementor-element-ffd3899 elementor-widget elementor-widget-image\" data-id=\"ffd3899\" data-element_type=\"widget\" data-widget_type=\"image.default\">\n\t\t\t\t<div class=\"elementor-widget-container\">\n\t\t\t\t\t\t\t\t<div class=\"elementor-image\">\n\t\t\t\t\t\t\t\t\t\t\t\t<img loading=\"lazy\" decoding=\"async\" width=\"1024\" height=\"1024\" src=\"https:\/\/www.arnaudom.fr\/wordpress\/wp-content\/uploads\/2025\/12\/Stack8-1024x1024.jpg\" class=\"attachment-large size-large wp-image-16886\" alt=\"\" srcset=\"https:\/\/www.arnaudom.fr\/wordpress\/wp-content\/uploads\/2025\/12\/Stack8-1024x1024.jpg 1024w, https:\/\/www.arnaudom.fr\/wordpress\/wp-content\/uploads\/2025\/12\/Stack8-300x300.jpg 300w, https:\/\/www.arnaudom.fr\/wordpress\/wp-content\/uploads\/2025\/12\/Stack8-150x150.jpg 150w, https:\/\/www.arnaudom.fr\/wordpress\/wp-content\/uploads\/2025\/12\/Stack8-768x768.jpg 768w, https:\/\/www.arnaudom.fr\/wordpress\/wp-content\/uploads\/2025\/12\/Stack8.jpg 1536w\" sizes=\"auto, (max-width: 1024px) 100vw, 1024px\" \/>\t\t\t\t\t\t\t\t\t\t\t\t\t\t<\/div>\n\t\t\t\t\t\t<\/div>\n\t\t\t\t<\/div>\n\t\t\t\t<div class=\"elementor-element elementor-element-217f67e elementor-widget elementor-widget-heading\" data-id=\"217f67e\" data-element_type=\"widget\" data-widget_type=\"heading.default\">\n\t\t\t\t<div class=\"elementor-widget-container\">\n\t\t\t<h2 class=\"elementor-heading-title elementor-size-default\">Stacking en couleur<\/h2>\t\t<\/div>\n\t\t\t\t<\/div>\n\t\t\t\t<div class=\"elementor-element elementor-element-548fbc1 elementor-widget elementor-widget-image\" data-id=\"548fbc1\" data-element_type=\"widget\" data-widget_type=\"image.default\">\n\t\t\t\t<div class=\"elementor-widget-container\">\n\t\t\t\t\t\t\t\t<div class=\"elementor-image\">\n\t\t\t\t\t\t\t\t\t\t\t\t<img loading=\"lazy\" decoding=\"async\" width=\"1024\" height=\"1024\" src=\"https:\/\/www.arnaudom.fr\/wordpress\/wp-content\/uploads\/2025\/12\/Col-1024x1024.jpg\" class=\"attachment-large size-large wp-image-16887\" alt=\"\" srcset=\"https:\/\/www.arnaudom.fr\/wordpress\/wp-content\/uploads\/2025\/12\/Col-1024x1024.jpg 1024w, https:\/\/www.arnaudom.fr\/wordpress\/wp-content\/uploads\/2025\/12\/Col-300x300.jpg 300w, https:\/\/www.arnaudom.fr\/wordpress\/wp-content\/uploads\/2025\/12\/Col-150x150.jpg 150w, https:\/\/www.arnaudom.fr\/wordpress\/wp-content\/uploads\/2025\/12\/Col-768x768.jpg 768w, https:\/\/www.arnaudom.fr\/wordpress\/wp-content\/uploads\/2025\/12\/Col.jpg 1536w\" sizes=\"auto, (max-width: 1024px) 100vw, 1024px\" \/>\t\t\t\t\t\t\t\t\t\t\t\t\t\t<\/div>\n\t\t\t\t\t\t<\/div>\n\t\t\t\t<\/div>\n\t\t\t\t<div class=\"elementor-element elementor-element-0408697 elementor-widget elementor-widget-heading\" data-id=\"0408697\" data-element_type=\"widget\" data-widget_type=\"heading.default\">\n\t\t\t\t<div class=\"elementor-widget-container\">\n\t\t\t<h2 class=\"elementor-heading-title elementor-size-default\">Protub\u00e9rances<\/h2>\t\t<\/div>\n\t\t\t\t<\/div>\n\t\t\t\t<div class=\"elementor-element elementor-element-c15446b elementor-widget elementor-widget-image\" data-id=\"c15446b\" data-element_type=\"widget\" data-widget_type=\"image.default\">\n\t\t\t\t<div class=\"elementor-widget-container\">\n\t\t\t\t\t\t\t\t<div class=\"elementor-image\">\n\t\t\t\t\t\t\t\t\t\t\t\t<img loading=\"lazy\" decoding=\"async\" width=\"1024\" height=\"1024\" src=\"https:\/\/www.arnaudom.fr\/wordpress\/wp-content\/uploads\/2025\/12\/protus-1024x1024.jpg\" class=\"attachment-large size-large wp-image-16888\" alt=\"\" srcset=\"https:\/\/www.arnaudom.fr\/wordpress\/wp-content\/uploads\/2025\/12\/protus-1024x1024.jpg 1024w, https:\/\/www.arnaudom.fr\/wordpress\/wp-content\/uploads\/2025\/12\/protus-300x300.jpg 300w, https:\/\/www.arnaudom.fr\/wordpress\/wp-content\/uploads\/2025\/12\/protus-150x150.jpg 150w, https:\/\/www.arnaudom.fr\/wordpress\/wp-content\/uploads\/2025\/12\/protus-768x768.jpg 768w, https:\/\/www.arnaudom.fr\/wordpress\/wp-content\/uploads\/2025\/12\/protus-1536x1536.jpg 1536w, https:\/\/www.arnaudom.fr\/wordpress\/wp-content\/uploads\/2025\/12\/protus.jpg 1544w\" sizes=\"auto, (max-width: 1024px) 100vw, 1024px\" \/>\t\t\t\t\t\t\t\t\t\t\t\t\t\t<\/div>\n\t\t\t\t\t\t<\/div>\n\t\t\t\t<\/div>\n\t\t\t\t<div class=\"elementor-element elementor-element-7d4bcfd elementor-widget elementor-widget-heading\" data-id=\"7d4bcfd\" data-element_type=\"widget\" data-widget_type=\"heading.default\">\n\t\t\t\t<div class=\"elementor-widget-container\">\n\t\t\t<h2 class=\"elementor-heading-title elementor-size-default\">Protub\u00e9rances et globe solaire<\/h2>\t\t<\/div>\n\t\t\t\t<\/div>\n\t\t\t\t<div class=\"elementor-element elementor-element-94ad352 elementor-widget elementor-widget-image\" data-id=\"94ad352\" data-element_type=\"widget\" data-widget_type=\"image.default\">\n\t\t\t\t<div class=\"elementor-widget-container\">\n\t\t\t\t\t\t\t\t<div class=\"elementor-image\">\n\t\t\t\t\t\t\t\t\t\t\t\t<img loading=\"lazy\" decoding=\"async\" width=\"1024\" height=\"1024\" src=\"https:\/\/www.arnaudom.fr\/wordpress\/wp-content\/uploads\/2025\/12\/protusglobe-1024x1024.jpg\" class=\"attachment-large size-large wp-image-16889\" alt=\"\" srcset=\"https:\/\/www.arnaudom.fr\/wordpress\/wp-content\/uploads\/2025\/12\/protusglobe-1024x1024.jpg 1024w, https:\/\/www.arnaudom.fr\/wordpress\/wp-content\/uploads\/2025\/12\/protusglobe-300x300.jpg 300w, https:\/\/www.arnaudom.fr\/wordpress\/wp-content\/uploads\/2025\/12\/protusglobe-150x150.jpg 150w, https:\/\/www.arnaudom.fr\/wordpress\/wp-content\/uploads\/2025\/12\/protusglobe-768x768.jpg 768w, https:\/\/www.arnaudom.fr\/wordpress\/wp-content\/uploads\/2025\/12\/protusglobe-1536x1536.jpg 1536w, https:\/\/www.arnaudom.fr\/wordpress\/wp-content\/uploads\/2025\/12\/protusglobe.jpg 1544w\" sizes=\"auto, (max-width: 1024px) 100vw, 1024px\" \/>\t\t\t\t\t\t\t\t\t\t\t\t\t\t<\/div>\n\t\t\t\t\t\t<\/div>\n\t\t\t\t<\/div>\n\t\t\t\t<div class=\"elementor-element elementor-element-4767792 elementor-widget elementor-widget-heading\" data-id=\"4767792\" data-element_type=\"widget\" data-widget_type=\"heading.default\">\n\t\t\t\t<div class=\"elementor-widget-container\">\n\t\t\t<h2 class=\"elementor-heading-title elementor-size-default\">Protub\u00e9rances en couleur<\/h2>\t\t<\/div>\n\t\t\t\t<\/div>\n\t\t\t\t<div class=\"elementor-element elementor-element-4b0a699 elementor-widget elementor-widget-image\" data-id=\"4b0a699\" data-element_type=\"widget\" data-widget_type=\"image.default\">\n\t\t\t\t<div class=\"elementor-widget-container\">\n\t\t\t\t\t\t\t\t<div class=\"elementor-image\">\n\t\t\t\t\t\t\t\t\t\t\t\t<img loading=\"lazy\" decoding=\"async\" width=\"1024\" height=\"1024\" src=\"https:\/\/www.arnaudom.fr\/wordpress\/wp-content\/uploads\/2025\/12\/protuscolglobe-1024x1024.jpg\" class=\"attachment-large size-large wp-image-16890\" alt=\"\" srcset=\"https:\/\/www.arnaudom.fr\/wordpress\/wp-content\/uploads\/2025\/12\/protuscolglobe-1024x1024.jpg 1024w, https:\/\/www.arnaudom.fr\/wordpress\/wp-content\/uploads\/2025\/12\/protuscolglobe-300x300.jpg 300w, https:\/\/www.arnaudom.fr\/wordpress\/wp-content\/uploads\/2025\/12\/protuscolglobe-150x150.jpg 150w, https:\/\/www.arnaudom.fr\/wordpress\/wp-content\/uploads\/2025\/12\/protuscolglobe-768x768.jpg 768w, https:\/\/www.arnaudom.fr\/wordpress\/wp-content\/uploads\/2025\/12\/protuscolglobe-1536x1536.jpg 1536w, https:\/\/www.arnaudom.fr\/wordpress\/wp-content\/uploads\/2025\/12\/protuscolglobe.jpg 1544w\" sizes=\"auto, (max-width: 1024px) 100vw, 1024px\" \/>\t\t\t\t\t\t\t\t\t\t\t\t\t\t<\/div>\n\t\t\t\t\t\t<\/div>\n\t\t\t\t<\/div>\n\t\t\t\t<div class=\"elementor-element elementor-element-8c5c3e8 elementor-widget elementor-widget-heading\" data-id=\"8c5c3e8\" data-element_type=\"widget\" data-widget_type=\"heading.default\">\n\t\t\t\t<div class=\"elementor-widget-container\">\n\t\t\t<h2 class=\"elementor-heading-title elementor-size-default\">Taches solaires<\/h2>\t\t<\/div>\n\t\t\t\t<\/div>\n\t\t\t\t<div class=\"elementor-element elementor-element-782b8bd elementor-widget elementor-widget-image\" data-id=\"782b8bd\" data-element_type=\"widget\" data-widget_type=\"image.default\">\n\t\t\t\t<div class=\"elementor-widget-container\">\n\t\t\t\t\t\t\t\t<div class=\"elementor-image\">\n\t\t\t\t\t\t\t\t\t\t\t\t<img loading=\"lazy\" decoding=\"async\" width=\"1024\" height=\"1024\" src=\"https:\/\/www.arnaudom.fr\/wordpress\/wp-content\/uploads\/2025\/12\/Tache-1024x1024.jpg\" class=\"attachment-large size-large wp-image-16891\" alt=\"\" srcset=\"https:\/\/www.arnaudom.fr\/wordpress\/wp-content\/uploads\/2025\/12\/Tache-1024x1024.jpg 1024w, https:\/\/www.arnaudom.fr\/wordpress\/wp-content\/uploads\/2025\/12\/Tache-300x300.jpg 300w, https:\/\/www.arnaudom.fr\/wordpress\/wp-content\/uploads\/2025\/12\/Tache-150x150.jpg 150w, https:\/\/www.arnaudom.fr\/wordpress\/wp-content\/uploads\/2025\/12\/Tache-768x768.jpg 768w, https:\/\/www.arnaudom.fr\/wordpress\/wp-content\/uploads\/2025\/12\/Tache-1536x1536.jpg 1536w, https:\/\/www.arnaudom.fr\/wordpress\/wp-content\/uploads\/2025\/12\/Tache.jpg 1544w\" sizes=\"auto, (max-width: 1024px) 100vw, 1024px\" \/>\t\t\t\t\t\t\t\t\t\t\t\t\t\t<\/div>\n\t\t\t\t\t\t<\/div>\n\t\t\t\t<\/div>\n\t\t\t\t\t\t<\/div>\n\t\t\t\t\t<\/div>\n\t\t<\/div>\n\t\t\t\t\t\t\t\t<\/div>\n\t\t\t\t\t<\/div>\n\t\t<\/section>\n\t\t\t\t<section class=\"elementor-section elementor-top-section elementor-element elementor-element-de198d0 elementor-section-boxed elementor-section-height-default elementor-section-height-default\" data-id=\"de198d0\" data-element_type=\"section\">\n\t\t\t\t\t\t<div class=\"elementor-container elementor-column-gap-default\">\n\t\t\t\t\t\t\t<div class=\"elementor-row\">\n\t\t\t\t\t<div class=\"elementor-column elementor-col-100 elementor-top-column elementor-element elementor-element-c57245f\" data-id=\"c57245f\" data-element_type=\"column\" data-settings=\"{&quot;background_background&quot;:&quot;classic&quot;}\">\n\t\t\t<div class=\"elementor-column-wrap elementor-element-populated\">\n\t\t\t\t\t\t\t<div class=\"elementor-widget-wrap\">\n\t\t\t\t\t\t<div class=\"elementor-element elementor-element-4c05f72 elementor-widget elementor-widget-text-editor\" data-id=\"4c05f72\" data-element_type=\"widget\" data-widget_type=\"text-editor.default\">\n\t\t\t\t<div class=\"elementor-widget-container\">\n\t\t\t\t\t\t\t\t<div class=\"elementor-text-editor elementor-clearfix\">\n\t\t\t\t<p style=\"text-align: center;\"><b>Donn\u00e9es techniques :<\/b><\/p>\n<ul>\n<li>Lunette Skywatcher ED 72\/420 avec filtre Hoya ND 1,2 sur EQ6.<br><\/li>\n<li>Sol&rsquo;ex r\u00e9gl\u00e9 sur la raie H-Alpha.<\/li>\n<li>Filtre H-Alpha 6 nm.<\/li>\n<li>Cam\u00e9ra ZWO ASI 178 MM.<\/li>\n<li>Capture avec Firecapture.<\/li>\n<li>Stacking avec Autostakkert.<\/li><li>Colorisation avec Gimp.<\/li>\n<\/ul>\t\t\t\t\t<\/div>\n\t\t\t\t\t\t<\/div>\n\t\t\t\t<\/div>\n\t\t\t\t\t\t<\/div>\n\t\t\t\t\t<\/div>\n\t\t<\/div>\n\t\t\t\t\t\t\t\t<\/div>\n\t\t\t\t\t<\/div>\n\t\t<\/section>\n\t\t\t\t\t\t\t\t\t<\/div>\n\t\t\t<\/div>\n\t\t\t\t\t<\/div>\n\t\t","protected":false},"excerpt":{"rendered":"<p>Soleil du 8 novembre 2025 Soleil en H-Alpha Image invers\u00e9e Image invers\u00e9e coloris\u00e9e Stacking de 8 images Stacking en couleur Protub\u00e9rances Protub\u00e9rances et globe solaire Protub\u00e9rances en couleur Taches solaires Donn\u00e9es techniques : Lunette Skywatcher ED 72\/420 avec filtre Hoya ND 1,2 sur EQ6. Sol&rsquo;ex r\u00e9gl\u00e9 sur la raie H-Alpha. Filtre H-Alpha 6 nm. Cam\u00e9ra &hellip;<\/p>\n<p class=\"read-more\"> <a class=\"\" href=\"https:\/\/www.arnaudom.fr\/wordpress\/soleil08112025\/\"> <span class=\"screen-reader-text\">soleil08112025<\/span> Lire la suite\u00a0\u00bb<\/a><\/p>\n","protected":false},"author":1,"featured_media":0,"parent":0,"menu_order":0,"comment_status":"closed","ping_status":"closed","template":"","meta":{"site-sidebar-layout":"default","site-content-layout":"page-builder","ast-site-content-layout":"default","site-content-style":"default","site-sidebar-style":"default","ast-global-header-display":"","ast-banner-title-visibility":"","ast-main-header-display":"","ast-hfb-above-header-display":"","ast-hfb-below-header-display":"","ast-hfb-mobile-header-display":"","site-post-title":"disabled","ast-breadcrumbs-content":"","ast-featured-img":"disabled","footer-sml-layout":"","theme-transparent-header-meta":"","adv-header-id-meta":"","stick-header-meta":"","header-above-stick-meta":"","header-main-stick-meta":"","header-below-stick-meta":"","astra-migrate-meta-layouts":"set","ast-page-background-enabled":"default","ast-page-background-meta":{"desktop":{"background-color":"","background-image":"","background-repeat":"repeat","background-position":"center center","background-size":"auto","background-attachment":"scroll","background-type":"","background-media":"","overlay-type":"","overlay-color":"","overlay-gradient":""},"tablet":{"background-color":"","background-image":"","background-repeat":"repeat","background-position":"center center","background-size":"auto","background-attachment":"scroll","background-type":"","background-media":"","overlay-type":"","overlay-color":"","overlay-gradient":""},"mobile":{"background-color":"","background-image":"","background-repeat":"repeat","background-position":"center center","background-size":"auto","background-attachment":"scroll","background-type":"","background-media":"","overlay-type":"","overlay-color":"","overlay-gradient":""}},"ast-content-background-meta":{"desktop":{"background-color":"var(--ast-global-color-5)","background-image":"","background-repeat":"repeat","background-position":"center center","background-size":"auto","background-attachment":"scroll","background-type":"","background-media":"","overlay-type":"","overlay-color":"","overlay-gradient":""},"tablet":{"background-color":"var(--ast-global-color-5)","background-image":"","background-repeat":"repeat","background-position":"center center","background-size":"auto","background-attachment":"scroll","background-type":"","background-media":"","overlay-type":"","overlay-color":"","overlay-gradient":""},"mobile":{"background-color":"var(--ast-global-color-5)","background-image":"","background-repeat":"repeat","background-position":"center center","background-size":"auto","background-attachment":"scroll","background-type":"","background-media":"","overlay-type":"","overlay-color":"","overlay-gradient":""}},"footnotes":""},"class_list":["post-16877","page","type-page","status-publish","hentry"],"_links":{"self":[{"href":"https:\/\/www.arnaudom.fr\/wordpress\/wp-json\/wp\/v2\/pages\/16877","targetHints":{"allow":["GET"]}}],"collection":[{"href":"https:\/\/www.arnaudom.fr\/wordpress\/wp-json\/wp\/v2\/pages"}],"about":[{"href":"https:\/\/www.arnaudom.fr\/wordpress\/wp-json\/wp\/v2\/types\/page"}],"author":[{"embeddable":true,"href":"https:\/\/www.arnaudom.fr\/wordpress\/wp-json\/wp\/v2\/users\/1"}],"replies":[{"embeddable":true,"href":"https:\/\/www.arnaudom.fr\/wordpress\/wp-json\/wp\/v2\/comments?post=16877"}],"version-history":[{"count":8,"href":"https:\/\/www.arnaudom.fr\/wordpress\/wp-json\/wp\/v2\/pages\/16877\/revisions"}],"predecessor-version":[{"id":16894,"href":"https:\/\/www.arnaudom.fr\/wordpress\/wp-json\/wp\/v2\/pages\/16877\/revisions\/16894"}],"wp:attachment":[{"href":"https:\/\/www.arnaudom.fr\/wordpress\/wp-json\/wp\/v2\/media?parent=16877"}],"curies":[{"name":"wp","href":"https:\/\/api.w.org\/{rel}","templated":true}]}}