{"id":16527,"date":"2025-09-03T05:46:21","date_gmt":"2025-09-03T03:46:21","guid":{"rendered":"https:\/\/www.arnaudom.fr\/wordpress\/?page_id=16527"},"modified":"2025-09-03T06:53:26","modified_gmt":"2025-09-03T04:53:26","slug":"eclipse07092025","status":"publish","type":"page","link":"https:\/\/www.arnaudom.fr\/wordpress\/eclipse07092025\/","title":{"rendered":"eclipse07092025"},"content":{"rendered":"\t\t<div data-elementor-type=\"wp-page\" data-elementor-id=\"16527\" class=\"elementor elementor-16527\">\n\t\t\t\t\t\t<div class=\"elementor-inner\">\n\t\t\t\t<div class=\"elementor-section-wrap\">\n\t\t\t\t\t\t\t\t\t<section class=\"elementor-section elementor-top-section elementor-element elementor-element-bfeb7d2 elementor-section-full_width elementor-section-height-default elementor-section-height-default\" data-id=\"bfeb7d2\" data-element_type=\"section\" data-settings=\"{&quot;background_background&quot;:&quot;classic&quot;}\">\n\t\t\t\t\t\t<div class=\"elementor-container elementor-column-gap-default\">\n\t\t\t\t\t\t\t<div class=\"elementor-row\">\n\t\t\t\t\t<div class=\"elementor-column elementor-col-100 elementor-top-column elementor-element elementor-element-0cc9c45\" data-id=\"0cc9c45\" data-element_type=\"column\" data-settings=\"{&quot;background_background&quot;:&quot;classic&quot;}\">\n\t\t\t<div class=\"elementor-column-wrap elementor-element-populated\">\n\t\t\t\t\t\t\t<div class=\"elementor-widget-wrap\">\n\t\t\t\t\t\t<div class=\"elementor-element elementor-element-d605fe2 elementor-widget elementor-widget-heading\" data-id=\"d605fe2\" data-element_type=\"widget\" data-widget_type=\"heading.default\">\n\t\t\t\t<div class=\"elementor-widget-container\">\n\t\t\t<h1 class=\"elementor-heading-title elementor-size-default\">Eclipse totale de Lune du 7 septembre<\/h1>\t\t<\/div>\n\t\t\t\t<\/div>\n\t\t\t\t<div class=\"elementor-element elementor-element-5808268 elementor-widget elementor-widget-heading\" data-id=\"5808268\" data-element_type=\"widget\" data-widget_type=\"heading.default\">\n\t\t\t\t<div class=\"elementor-widget-container\">\n\t\t\t<h2 class=\"elementor-heading-title elementor-size-default\">Observation<\/h2>\t\t<\/div>\n\t\t\t\t<\/div>\n\t\t\t\t<div class=\"elementor-element elementor-element-6c80fbf elementor-drop-cap-yes elementor-widget__width-initial elementor-drop-cap-view-default elementor-widget elementor-widget-text-editor\" data-id=\"6c80fbf\" data-element_type=\"widget\" data-settings=\"{&quot;drop_cap&quot;:&quot;yes&quot;}\" data-widget_type=\"text-editor.default\">\n\t\t\t\t<div class=\"elementor-widget-container\">\n\t\t\t\t\t\t\t\t<div class=\"elementor-text-editor elementor-clearfix\">\n\t\t\t\t<p><span style=\"color: #000000;\">Une \u00e9clipse totale de Lune aura lieu dimanche 7 septembre en soir\u00e9e. Ce ph\u00e9nom\u00e8ne sera visible en France m\u00e9tropolitaine mais seulement partiellement, car quand l&rsquo;\u00e9clipse va d\u00e9marrer la Lune sera encore couch\u00e9e, vue de France. On pourra cependant observer une Lune \u00ab\u00a0\u00e9clips\u00e9e\u00a0\u00bb quand elle se l\u00e8vera. Elle sera par cons\u00e9quent basse sur l&rsquo;horizon, et il faudra b\u00e9n\u00e9ficier d&rsquo;un horizon est d\u00e9gag\u00e9 pour pouvoir profiter du spectacle.<\/span><\/p>\n<p><span style=\"color: #000000;\">L&rsquo;\u00e9clipse d\u00e9bute aux alentours de 17h30 (en heure locale pour la France), mais bien entendu \u00e0 cet instant la Lune ne sera pas encore lev\u00e9e et l&rsquo;on ne pourra assister au d\u00e9but du ph\u00e9nom\u00e8ne. Le maximum est atteint vers 20h11 (mais l&rsquo;astre est encore sous l&rsquo;horizon, vue de France, \u00e0 cet instant). On pourra donc assister au lev\u00e9e d&rsquo;une Lune d\u00e9j\u00e0 \u00e9clips\u00e9e, au cr\u00e9puscule. Le ph\u00e9nom\u00e8ne se terminera vers 22h55.<\/span><\/p>\n<p><span style=\"color: #000000;\">Je vous conseille fortement de lire l&rsquo;article tr\u00e8s complet du site de l&rsquo;<\/span><a href=\"https:\/\/www.imcce.fr\/newsletter\/html\/newsletter.html#current-article1\" target=\"_blank\" rel=\"noopener\">IMCCE<\/a><span style=\"color: #000000;\">&nbsp;\u00e0 ce sujet. Vous pouvez \u00e9galement y trouver une carte interactive qui permet d&rsquo;obtenir les horaires pr\u00e9cis de cet \u00e9v\u00e8nement pour votre lieu d&rsquo;observation, c&rsquo;est ici :&nbsp;<\/span><a href=\"https:\/\/ssp.imcce.fr\/forms\/lunar-eclipses\/2025-09-07\">carte de l&rsquo;\u00e9clipse<\/a><span style=\"color: #000000;\">.<br>En cliquant sur le lieu qui vous int\u00e9resse vous obtenez ce genre d&rsquo;informations :<\/span><\/p>\n<p><img loading=\"lazy\" decoding=\"async\" class=\"size-full wp-image-16538 aligncenter\" src=\"http:\/\/www.arnaudom.fr\/wordpress\/wp-content\/uploads\/2025\/09\/eclipse07092025_01.png\" alt=\"\" width=\"312\" height=\"318\" srcset=\"https:\/\/www.arnaudom.fr\/wordpress\/wp-content\/uploads\/2025\/09\/eclipse07092025_01.png 312w, https:\/\/www.arnaudom.fr\/wordpress\/wp-content\/uploads\/2025\/09\/eclipse07092025_01-294x300.png 294w\" sizes=\"auto, (max-width: 312px) 100vw, 312px\" \/><\/p>\n<p><span style=\"color: #000000;\"><img loading=\"lazy\" decoding=\"async\" class=\"alignnone size-full wp-image-16539\" src=\"http:\/\/www.arnaudom.fr\/wordpress\/wp-content\/uploads\/2025\/09\/eclipse07092025_02.png\" alt=\"\" width=\"1440\" height=\"1440\" srcset=\"https:\/\/www.arnaudom.fr\/wordpress\/wp-content\/uploads\/2025\/09\/eclipse07092025_02.png 1440w, https:\/\/www.arnaudom.fr\/wordpress\/wp-content\/uploads\/2025\/09\/eclipse07092025_02-300x300.png 300w, https:\/\/www.arnaudom.fr\/wordpress\/wp-content\/uploads\/2025\/09\/eclipse07092025_02-1024x1024.png 1024w, https:\/\/www.arnaudom.fr\/wordpress\/wp-content\/uploads\/2025\/09\/eclipse07092025_02-150x150.png 150w, https:\/\/www.arnaudom.fr\/wordpress\/wp-content\/uploads\/2025\/09\/eclipse07092025_02-768x768.png 768w\" sizes=\"auto, (max-width: 1440px) 100vw, 1440px\" \/><\/span><\/p>\n<p style=\"text-align: center;\"><span style=\"color: #000000;\"><em><strong>Donn\u00e9es i<\/strong><\/em><\/span><span style=\"color: #000000;\"><em><strong>ssues du site de l&rsquo;<\/strong><\/em><\/span><em><strong><span style=\"color: #000000;\">IMCEE<\/span><\/strong><\/em><\/p>\n<p><span style=\"color: #000000;\">P1 indique le&nbsp;<\/span><span style=\"color: #000000;\">d\u00e9but de l&rsquo;\u00e9clipse en temps universel (15:28 soit 1<\/span><span style=\"color: #000000;\">7h28 sur le lieu choisi, on rajoute 2 heure), T1 le d\u00e9but d<\/span><span style=\"color: #000000;\">e la totalit\u00e9, M le milieu du ph\u00e9non\u00e8me et P2 la fin. On voit que le lever de Lune a lieu&nbsp;<\/span><span style=\"color: #000000;\">a 17h59 TU (soit 19h59 en heure locale), donc P1, O1 et T1 sont invisibles.<\/span><\/p>\n<p><span style=\"color: #000000;\">Il est possible \u00e9galement de simuler le d\u00e9roulement de l&rsquo;\u00e9clipse avec un logiciel comme Coelix :<\/span><\/p>\n<p><img loading=\"lazy\" decoding=\"async\" class=\"alignnone size-full wp-image-16545\" src=\"http:\/\/www.arnaudom.fr\/wordpress\/wp-content\/uploads\/2025\/09\/eclipse07092025_03.png\" alt=\"\" width=\"953\" height=\"872\" srcset=\"https:\/\/www.arnaudom.fr\/wordpress\/wp-content\/uploads\/2025\/09\/eclipse07092025_03.png 953w, https:\/\/www.arnaudom.fr\/wordpress\/wp-content\/uploads\/2025\/09\/eclipse07092025_03-300x275.png 300w, https:\/\/www.arnaudom.fr\/wordpress\/wp-content\/uploads\/2025\/09\/eclipse07092025_03-768x703.png 768w\" sizes=\"auto, (max-width: 953px) 100vw, 953px\" \/><\/p>\n<p style=\"text-align: center;\"><strong><em><span style=\"color: #000000;\">Simulation de l&rsquo;\u00e9clipse \u00e0 20h09 en heure locale avec Coelix<\/span><\/em><\/strong><\/p>\n<p><span style=\"color: #000000;\">Voil\u00e0, il ne nous reste plus qu&rsquo;\u00e0 souhaiter un ciel d\u00e9gag\u00e9 !<\/span><\/p>\t\t\t\t\t<\/div>\n\t\t\t\t\t\t<\/div>\n\t\t\t\t<\/div>\n\t\t\t\t\t\t<\/div>\n\t\t\t\t\t<\/div>\n\t\t<\/div>\n\t\t\t\t\t\t\t\t<\/div>\n\t\t\t\t\t<\/div>\n\t\t<\/section>\n\t\t\t\t\t\t\t\t\t<\/div>\n\t\t\t<\/div>\n\t\t\t\t\t<\/div>\n\t\t","protected":false},"excerpt":{"rendered":"<p>Eclipse totale de Lune du 7 septembre Observation Une \u00e9clipse totale de Lune aura lieu dimanche 7 septembre en soir\u00e9e. Ce ph\u00e9nom\u00e8ne sera visible en France m\u00e9tropolitaine mais seulement partiellement, car quand l&rsquo;\u00e9clipse va d\u00e9marrer la Lune sera encore couch\u00e9e, vue de France. On pourra cependant observer une Lune \u00ab\u00a0\u00e9clips\u00e9e\u00a0\u00bb quand elle se l\u00e8vera. Elle &hellip;<\/p>\n<p class=\"read-more\"> <a class=\"\" href=\"https:\/\/www.arnaudom.fr\/wordpress\/eclipse07092025\/\"> <span class=\"screen-reader-text\">eclipse07092025<\/span> Lire la suite\u00a0\u00bb<\/a><\/p>\n","protected":false},"author":1,"featured_media":0,"parent":0,"menu_order":0,"comment_status":"open","ping_status":"closed","template":"","meta":{"site-sidebar-layout":"default","site-content-layout":"page-builder","ast-site-content-layout":"default","site-content-style":"default","site-sidebar-style":"default","ast-global-header-display":"","ast-banner-title-visibility":"","ast-main-header-display":"","ast-hfb-above-header-display":"","ast-hfb-below-header-display":"","ast-hfb-mobile-header-display":"","site-post-title":"disabled","ast-breadcrumbs-content":"","ast-featured-img":"disabled","footer-sml-layout":"","theme-transparent-header-meta":"","adv-header-id-meta":"","stick-header-meta":"","header-above-stick-meta":"","header-main-stick-meta":"","header-below-stick-meta":"","astra-migrate-meta-layouts":"set","ast-page-background-enabled":"default","ast-page-background-meta":{"desktop":{"background-color":"","background-image":"","background-repeat":"repeat","background-position":"center center","background-size":"auto","background-attachment":"scroll","background-type":"","background-media":"","overlay-type":"","overlay-color":"","overlay-gradient":""},"tablet":{"background-color":"","background-image":"","background-repeat":"repeat","background-position":"center center","background-size":"auto","background-attachment":"scroll","background-type":"","background-media":"","overlay-type":"","overlay-color":"","overlay-gradient":""},"mobile":{"background-color":"","background-image":"","background-repeat":"repeat","background-position":"center center","background-size":"auto","background-attachment":"scroll","background-type":"","background-media":"","overlay-type":"","overlay-color":"","overlay-gradient":""}},"ast-content-background-meta":{"desktop":{"background-color":"var(--ast-global-color-5)","background-image":"","background-repeat":"repeat","background-position":"center center","background-size":"auto","background-attachment":"scroll","background-type":"","background-media":"","overlay-type":"","overlay-color":"","overlay-gradient":""},"tablet":{"background-color":"var(--ast-global-color-5)","background-image":"","background-repeat":"repeat","background-position":"center center","background-size":"auto","background-attachment":"scroll","background-type":"","background-media":"","overlay-type":"","overlay-color":"","overlay-gradient":""},"mobile":{"background-color":"var(--ast-global-color-5)","background-image":"","background-repeat":"repeat","background-position":"center center","background-size":"auto","background-attachment":"scroll","background-type":"","background-media":"","overlay-type":"","overlay-color":"","overlay-gradient":""}},"footnotes":""},"class_list":["post-16527","page","type-page","status-publish","hentry"],"_links":{"self":[{"href":"https:\/\/www.arnaudom.fr\/wordpress\/wp-json\/wp\/v2\/pages\/16527","targetHints":{"allow":["GET"]}}],"collection":[{"href":"https:\/\/www.arnaudom.fr\/wordpress\/wp-json\/wp\/v2\/pages"}],"about":[{"href":"https:\/\/www.arnaudom.fr\/wordpress\/wp-json\/wp\/v2\/types\/page"}],"author":[{"embeddable":true,"href":"https:\/\/www.arnaudom.fr\/wordpress\/wp-json\/wp\/v2\/users\/1"}],"replies":[{"embeddable":true,"href":"https:\/\/www.arnaudom.fr\/wordpress\/wp-json\/wp\/v2\/comments?post=16527"}],"version-history":[{"count":15,"href":"https:\/\/www.arnaudom.fr\/wordpress\/wp-json\/wp\/v2\/pages\/16527\/revisions"}],"predecessor-version":[{"id":16549,"href":"https:\/\/www.arnaudom.fr\/wordpress\/wp-json\/wp\/v2\/pages\/16527\/revisions\/16549"}],"wp:attachment":[{"href":"https:\/\/www.arnaudom.fr\/wordpress\/wp-json\/wp\/v2\/media?parent=16527"}],"curies":[{"name":"wp","href":"https:\/\/api.w.org\/{rel}","templated":true}]}}