{"id":15963,"date":"2025-06-30T07:11:44","date_gmt":"2025-06-30T05:11:44","guid":{"rendered":"https:\/\/www.arnaudom.fr\/wordpress\/?page_id=15963"},"modified":"2025-06-30T07:15:31","modified_gmt":"2025-06-30T05:15:31","slug":"soleil19062025","status":"publish","type":"page","link":"https:\/\/www.arnaudom.fr\/wordpress\/soleil19062025\/","title":{"rendered":"soleil19062025"},"content":{"rendered":"\t\t<div data-elementor-type=\"wp-page\" data-elementor-id=\"15963\" class=\"elementor elementor-15963\">\n\t\t\t\t\t\t<div class=\"elementor-inner\">\n\t\t\t\t<div class=\"elementor-section-wrap\">\n\t\t\t\t\t\t\t\t\t<section class=\"elementor-section elementor-top-section elementor-element elementor-element-7dfe39c elementor-section-boxed elementor-section-height-default elementor-section-height-default\" data-id=\"7dfe39c\" data-element_type=\"section\">\n\t\t\t\t\t\t<div class=\"elementor-container elementor-column-gap-default\">\n\t\t\t\t\t\t\t<div class=\"elementor-row\">\n\t\t\t\t\t<div class=\"elementor-column elementor-col-100 elementor-top-column elementor-element elementor-element-112ebf0\" data-id=\"112ebf0\" data-element_type=\"column\">\n\t\t\t<div class=\"elementor-column-wrap elementor-element-populated\">\n\t\t\t\t\t\t\t<div class=\"elementor-widget-wrap\">\n\t\t\t\t\t\t<div class=\"elementor-element elementor-element-6ed441d elementor-widget elementor-widget-heading\" data-id=\"6ed441d\" data-element_type=\"widget\" data-widget_type=\"heading.default\">\n\t\t\t\t<div class=\"elementor-widget-container\">\n\t\t\t<h1 class=\"elementor-heading-title elementor-size-default\">Soleil du 19 juin 2025<\/h1>\t\t<\/div>\n\t\t\t\t<\/div>\n\t\t\t\t\t\t<\/div>\n\t\t\t\t\t<\/div>\n\t\t<\/div>\n\t\t\t\t\t\t\t\t<\/div>\n\t\t\t\t\t<\/div>\n\t\t<\/section>\n\t\t\t\t<section class=\"elementor-section elementor-top-section elementor-element elementor-element-3aa8e07 elementor-section-boxed elementor-section-height-default elementor-section-height-default\" data-id=\"3aa8e07\" data-element_type=\"section\">\n\t\t\t\t\t\t<div class=\"elementor-container elementor-column-gap-default\">\n\t\t\t\t\t\t\t<div class=\"elementor-row\">\n\t\t\t\t\t<div class=\"elementor-column elementor-col-100 elementor-top-column elementor-element elementor-element-97d544a\" data-id=\"97d544a\" data-element_type=\"column\">\n\t\t\t<div class=\"elementor-column-wrap elementor-element-populated\">\n\t\t\t\t\t\t\t<div class=\"elementor-widget-wrap\">\n\t\t\t\t\t\t<div class=\"elementor-element elementor-element-9d18bd1 elementor-widget elementor-widget-heading\" data-id=\"9d18bd1\" data-element_type=\"widget\" data-widget_type=\"heading.default\">\n\t\t\t\t<div class=\"elementor-widget-container\">\n\t\t\t<h2 class=\"elementor-heading-title elementor-size-default\">Soleil en H-Alpha<\/h2>\t\t<\/div>\n\t\t\t\t<\/div>\n\t\t\t\t<div class=\"elementor-element elementor-element-39c3544 elementor-widget elementor-widget-image\" data-id=\"39c3544\" data-element_type=\"widget\" data-widget_type=\"image.default\">\n\t\t\t\t<div class=\"elementor-widget-container\">\n\t\t\t\t\t\t\t\t<div class=\"elementor-image\">\n\t\t\t\t\t\t\t\t\t\t\t\t<img loading=\"lazy\" decoding=\"async\" width=\"1024\" height=\"1024\" src=\"https:\/\/www.arnaudom.fr\/wordpress\/wp-content\/uploads\/2025\/06\/09_36_57_clahe-1024x1024.png\" class=\"attachment-large size-large wp-image-15969\" alt=\"\" srcset=\"https:\/\/www.arnaudom.fr\/wordpress\/wp-content\/uploads\/2025\/06\/09_36_57_clahe-1024x1024.png 1024w, https:\/\/www.arnaudom.fr\/wordpress\/wp-content\/uploads\/2025\/06\/09_36_57_clahe-300x300.png 300w, https:\/\/www.arnaudom.fr\/wordpress\/wp-content\/uploads\/2025\/06\/09_36_57_clahe-150x150.png 150w, https:\/\/www.arnaudom.fr\/wordpress\/wp-content\/uploads\/2025\/06\/09_36_57_clahe-768x768.png 768w, https:\/\/www.arnaudom.fr\/wordpress\/wp-content\/uploads\/2025\/06\/09_36_57_clahe-1536x1536.png 1536w, https:\/\/www.arnaudom.fr\/wordpress\/wp-content\/uploads\/2025\/06\/09_36_57_clahe.png 1544w\" sizes=\"auto, (max-width: 1024px) 100vw, 1024px\" \/>\t\t\t\t\t\t\t\t\t\t\t\t\t\t<\/div>\n\t\t\t\t\t\t<\/div>\n\t\t\t\t<\/div>\n\t\t\t\t<div class=\"elementor-element elementor-element-2c9d5d1 elementor-widget elementor-widget-heading\" data-id=\"2c9d5d1\" data-element_type=\"widget\" data-widget_type=\"heading.default\">\n\t\t\t\t<div class=\"elementor-widget-container\">\n\t\t\t<h2 class=\"elementor-heading-title elementor-size-default\">Stacking de 5 images<\/h2>\t\t<\/div>\n\t\t\t\t<\/div>\n\t\t\t\t<div class=\"elementor-element elementor-element-5b83b93 elementor-widget elementor-widget-image\" data-id=\"5b83b93\" data-element_type=\"widget\" data-widget_type=\"image.default\">\n\t\t\t\t<div class=\"elementor-widget-container\">\n\t\t\t\t\t\t\t\t<div class=\"elementor-image\">\n\t\t\t\t\t\t\t\t\t\t\t\t<img loading=\"lazy\" decoding=\"async\" width=\"1024\" height=\"981\" src=\"https:\/\/www.arnaudom.fr\/wordpress\/wp-content\/uploads\/2025\/06\/Stack5-1024x981.jpg\" class=\"attachment-large size-large wp-image-15970\" alt=\"\" srcset=\"https:\/\/www.arnaudom.fr\/wordpress\/wp-content\/uploads\/2025\/06\/Stack5-1024x981.jpg 1024w, https:\/\/www.arnaudom.fr\/wordpress\/wp-content\/uploads\/2025\/06\/Stack5-300x287.jpg 300w, https:\/\/www.arnaudom.fr\/wordpress\/wp-content\/uploads\/2025\/06\/Stack5-768x736.jpg 768w, https:\/\/www.arnaudom.fr\/wordpress\/wp-content\/uploads\/2025\/06\/Stack5.jpg 1528w\" sizes=\"auto, (max-width: 1024px) 100vw, 1024px\" \/>\t\t\t\t\t\t\t\t\t\t\t\t\t\t<\/div>\n\t\t\t\t\t\t<\/div>\n\t\t\t\t<\/div>\n\t\t\t\t<div class=\"elementor-element elementor-element-b73408c elementor-widget elementor-widget-heading\" data-id=\"b73408c\" data-element_type=\"widget\" data-widget_type=\"heading.default\">\n\t\t\t\t<div class=\"elementor-widget-container\">\n\t\t\t<h2 class=\"elementor-heading-title elementor-size-default\">Stacking en couleur<\/h2>\t\t<\/div>\n\t\t\t\t<\/div>\n\t\t\t\t<div class=\"elementor-element elementor-element-42b7915 elementor-widget elementor-widget-image\" data-id=\"42b7915\" data-element_type=\"widget\" data-widget_type=\"image.default\">\n\t\t\t\t<div class=\"elementor-widget-container\">\n\t\t\t\t\t\t\t\t<div class=\"elementor-image\">\n\t\t\t\t\t\t\t\t\t\t\t\t<img loading=\"lazy\" decoding=\"async\" width=\"1024\" height=\"981\" src=\"https:\/\/www.arnaudom.fr\/wordpress\/wp-content\/uploads\/2025\/06\/Col-14-1024x981.jpg\" class=\"attachment-large size-large wp-image-15971\" alt=\"\" srcset=\"https:\/\/www.arnaudom.fr\/wordpress\/wp-content\/uploads\/2025\/06\/Col-14-1024x981.jpg 1024w, https:\/\/www.arnaudom.fr\/wordpress\/wp-content\/uploads\/2025\/06\/Col-14-300x287.jpg 300w, https:\/\/www.arnaudom.fr\/wordpress\/wp-content\/uploads\/2025\/06\/Col-14-768x736.jpg 768w, https:\/\/www.arnaudom.fr\/wordpress\/wp-content\/uploads\/2025\/06\/Col-14.jpg 1528w\" sizes=\"auto, (max-width: 1024px) 100vw, 1024px\" \/>\t\t\t\t\t\t\t\t\t\t\t\t\t\t<\/div>\n\t\t\t\t\t\t<\/div>\n\t\t\t\t<\/div>\n\t\t\t\t<div class=\"elementor-element elementor-element-260adcc elementor-widget elementor-widget-heading\" data-id=\"260adcc\" data-element_type=\"widget\" data-widget_type=\"heading.default\">\n\t\t\t\t<div class=\"elementor-widget-container\">\n\t\t\t<h2 class=\"elementor-heading-title elementor-size-default\">Protub\u00e9rances<\/h2>\t\t<\/div>\n\t\t\t\t<\/div>\n\t\t\t\t<div class=\"elementor-element elementor-element-fbab84d elementor-widget elementor-widget-image\" data-id=\"fbab84d\" data-element_type=\"widget\" data-widget_type=\"image.default\">\n\t\t\t\t<div class=\"elementor-widget-container\">\n\t\t\t\t\t\t\t\t<div class=\"elementor-image\">\n\t\t\t\t\t\t\t\t\t\t\t\t<img loading=\"lazy\" decoding=\"async\" width=\"1024\" height=\"1024\" src=\"https:\/\/www.arnaudom.fr\/wordpress\/wp-content\/uploads\/2025\/06\/Protu-1024x1024.jpg\" class=\"attachment-large size-large wp-image-15972\" alt=\"\" srcset=\"https:\/\/www.arnaudom.fr\/wordpress\/wp-content\/uploads\/2025\/06\/Protu-1024x1024.jpg 1024w, https:\/\/www.arnaudom.fr\/wordpress\/wp-content\/uploads\/2025\/06\/Protu-300x300.jpg 300w, https:\/\/www.arnaudom.fr\/wordpress\/wp-content\/uploads\/2025\/06\/Protu-150x150.jpg 150w, https:\/\/www.arnaudom.fr\/wordpress\/wp-content\/uploads\/2025\/06\/Protu-768x768.jpg 768w, https:\/\/www.arnaudom.fr\/wordpress\/wp-content\/uploads\/2025\/06\/Protu-1536x1536.jpg 1536w, https:\/\/www.arnaudom.fr\/wordpress\/wp-content\/uploads\/2025\/06\/Protu.jpg 1544w\" sizes=\"auto, (max-width: 1024px) 100vw, 1024px\" \/>\t\t\t\t\t\t\t\t\t\t\t\t\t\t<\/div>\n\t\t\t\t\t\t<\/div>\n\t\t\t\t<\/div>\n\t\t\t\t<div class=\"elementor-element elementor-element-fbf2998 elementor-widget elementor-widget-heading\" data-id=\"fbf2998\" data-element_type=\"widget\" data-widget_type=\"heading.default\">\n\t\t\t\t<div class=\"elementor-widget-container\">\n\t\t\t<h2 class=\"elementor-heading-title elementor-size-default\">Protub\u00e9rances et soleil<\/h2>\t\t<\/div>\n\t\t\t\t<\/div>\n\t\t\t\t<div class=\"elementor-element elementor-element-02ce68f elementor-widget elementor-widget-image\" data-id=\"02ce68f\" data-element_type=\"widget\" data-widget_type=\"image.default\">\n\t\t\t\t<div class=\"elementor-widget-container\">\n\t\t\t\t\t\t\t\t<div class=\"elementor-image\">\n\t\t\t\t\t\t\t\t\t\t\t\t<img loading=\"lazy\" decoding=\"async\" width=\"1024\" height=\"1024\" src=\"https:\/\/www.arnaudom.fr\/wordpress\/wp-content\/uploads\/2025\/06\/Protugloibe-1024x1024.jpg\" class=\"attachment-large size-large wp-image-15975\" alt=\"\" srcset=\"https:\/\/www.arnaudom.fr\/wordpress\/wp-content\/uploads\/2025\/06\/Protugloibe-1024x1024.jpg 1024w, https:\/\/www.arnaudom.fr\/wordpress\/wp-content\/uploads\/2025\/06\/Protugloibe-300x300.jpg 300w, https:\/\/www.arnaudom.fr\/wordpress\/wp-content\/uploads\/2025\/06\/Protugloibe-150x150.jpg 150w, https:\/\/www.arnaudom.fr\/wordpress\/wp-content\/uploads\/2025\/06\/Protugloibe-768x768.jpg 768w, https:\/\/www.arnaudom.fr\/wordpress\/wp-content\/uploads\/2025\/06\/Protugloibe-1536x1536.jpg 1536w, https:\/\/www.arnaudom.fr\/wordpress\/wp-content\/uploads\/2025\/06\/Protugloibe.jpg 1544w\" sizes=\"auto, (max-width: 1024px) 100vw, 1024px\" \/>\t\t\t\t\t\t\t\t\t\t\t\t\t\t<\/div>\n\t\t\t\t\t\t<\/div>\n\t\t\t\t<\/div>\n\t\t\t\t<div class=\"elementor-element elementor-element-793c4db elementor-widget elementor-widget-heading\" data-id=\"793c4db\" data-element_type=\"widget\" data-widget_type=\"heading.default\">\n\t\t\t\t<div class=\"elementor-widget-container\">\n\t\t\t<h2 class=\"elementor-heading-title elementor-size-default\">Protub\u00e9rances en couleur<\/h2>\t\t<\/div>\n\t\t\t\t<\/div>\n\t\t\t\t<div class=\"elementor-element elementor-element-f26331f elementor-widget elementor-widget-image\" data-id=\"f26331f\" data-element_type=\"widget\" data-widget_type=\"image.default\">\n\t\t\t\t<div class=\"elementor-widget-container\">\n\t\t\t\t\t\t\t\t<div class=\"elementor-image\">\n\t\t\t\t\t\t\t\t\t\t\t\t<img loading=\"lazy\" decoding=\"async\" width=\"1024\" height=\"1024\" src=\"https:\/\/www.arnaudom.fr\/wordpress\/wp-content\/uploads\/2025\/06\/Protucolgloibe-1024x1024.jpg\" class=\"attachment-large size-large wp-image-15973\" alt=\"\" srcset=\"https:\/\/www.arnaudom.fr\/wordpress\/wp-content\/uploads\/2025\/06\/Protucolgloibe-1024x1024.jpg 1024w, https:\/\/www.arnaudom.fr\/wordpress\/wp-content\/uploads\/2025\/06\/Protucolgloibe-300x300.jpg 300w, https:\/\/www.arnaudom.fr\/wordpress\/wp-content\/uploads\/2025\/06\/Protucolgloibe-150x150.jpg 150w, https:\/\/www.arnaudom.fr\/wordpress\/wp-content\/uploads\/2025\/06\/Protucolgloibe-768x768.jpg 768w, https:\/\/www.arnaudom.fr\/wordpress\/wp-content\/uploads\/2025\/06\/Protucolgloibe-1536x1536.jpg 1536w, https:\/\/www.arnaudom.fr\/wordpress\/wp-content\/uploads\/2025\/06\/Protucolgloibe.jpg 1544w\" sizes=\"auto, (max-width: 1024px) 100vw, 1024px\" \/>\t\t\t\t\t\t\t\t\t\t\t\t\t\t<\/div>\n\t\t\t\t\t\t<\/div>\n\t\t\t\t<\/div>\n\t\t\t\t<div class=\"elementor-element elementor-element-9d850d8 elementor-widget elementor-widget-heading\" data-id=\"9d850d8\" data-element_type=\"widget\" data-widget_type=\"heading.default\">\n\t\t\t\t<div class=\"elementor-widget-container\">\n\t\t\t<h2 class=\"elementor-heading-title elementor-size-default\">Taches solaires<\/h2>\t\t<\/div>\n\t\t\t\t<\/div>\n\t\t\t\t<div class=\"elementor-element elementor-element-aaec1e4 elementor-widget elementor-widget-image\" data-id=\"aaec1e4\" data-element_type=\"widget\" data-widget_type=\"image.default\">\n\t\t\t\t<div class=\"elementor-widget-container\">\n\t\t\t\t\t\t\t\t<div class=\"elementor-image\">\n\t\t\t\t\t\t\t\t\t\t\t\t<img loading=\"lazy\" decoding=\"async\" width=\"1024\" height=\"1024\" src=\"https:\/\/www.arnaudom.fr\/wordpress\/wp-content\/uploads\/2025\/06\/tache-12-1024x1024.jpg\" class=\"attachment-large size-large wp-image-15974\" alt=\"\" srcset=\"https:\/\/www.arnaudom.fr\/wordpress\/wp-content\/uploads\/2025\/06\/tache-12-1024x1024.jpg 1024w, https:\/\/www.arnaudom.fr\/wordpress\/wp-content\/uploads\/2025\/06\/tache-12-300x300.jpg 300w, https:\/\/www.arnaudom.fr\/wordpress\/wp-content\/uploads\/2025\/06\/tache-12-150x150.jpg 150w, https:\/\/www.arnaudom.fr\/wordpress\/wp-content\/uploads\/2025\/06\/tache-12-768x768.jpg 768w, https:\/\/www.arnaudom.fr\/wordpress\/wp-content\/uploads\/2025\/06\/tache-12-1536x1536.jpg 1536w, https:\/\/www.arnaudom.fr\/wordpress\/wp-content\/uploads\/2025\/06\/tache-12.jpg 1544w\" sizes=\"auto, (max-width: 1024px) 100vw, 1024px\" \/>\t\t\t\t\t\t\t\t\t\t\t\t\t\t<\/div>\n\t\t\t\t\t\t<\/div>\n\t\t\t\t<\/div>\n\t\t\t\t\t\t<\/div>\n\t\t\t\t\t<\/div>\n\t\t<\/div>\n\t\t\t\t\t\t\t\t<\/div>\n\t\t\t\t\t<\/div>\n\t\t<\/section>\n\t\t\t\t<section class=\"elementor-section elementor-top-section elementor-element elementor-element-f37f4a9 elementor-section-boxed elementor-section-height-default elementor-section-height-default\" data-id=\"f37f4a9\" data-element_type=\"section\">\n\t\t\t\t\t\t<div class=\"elementor-container elementor-column-gap-default\">\n\t\t\t\t\t\t\t<div class=\"elementor-row\">\n\t\t\t\t\t<div class=\"elementor-column elementor-col-100 elementor-top-column elementor-element elementor-element-76f77a1\" data-id=\"76f77a1\" data-element_type=\"column\" data-settings=\"{&quot;background_background&quot;:&quot;classic&quot;}\">\n\t\t\t<div class=\"elementor-column-wrap elementor-element-populated\">\n\t\t\t\t\t\t\t<div class=\"elementor-widget-wrap\">\n\t\t\t\t\t\t<div class=\"elementor-element elementor-element-2b03919 elementor-widget elementor-widget-text-editor\" data-id=\"2b03919\" data-element_type=\"widget\" data-widget_type=\"text-editor.default\">\n\t\t\t\t<div class=\"elementor-widget-container\">\n\t\t\t\t\t\t\t\t<div class=\"elementor-text-editor elementor-clearfix\">\n\t\t\t\t<p style=\"text-align: center;\"><b>Donn\u00e9es techniques :<\/b><\/p>\n<ul>\n<li>Lunette Skywatcher ED 72\/420 avec filtre Hoya ND 1,2 sur EQ6.<br><\/li>\n<li>Sol&rsquo;ex r\u00e9gl\u00e9 sur la raie H-Alpha.<\/li>\n<li>Filtre H-Alpha 6 nm.<\/li>\n<li>Cam\u00e9ra ZWO ASI 178 MM.<\/li>\n<li>Capture avec Firecapture.<\/li>\n<li>Stacking avec Autostakkert.<\/li><li>Colorisation avec Gimp.<\/li>\n<\/ul>\t\t\t\t\t<\/div>\n\t\t\t\t\t\t<\/div>\n\t\t\t\t<\/div>\n\t\t\t\t\t\t<\/div>\n\t\t\t\t\t<\/div>\n\t\t<\/div>\n\t\t\t\t\t\t\t\t<\/div>\n\t\t\t\t\t<\/div>\n\t\t<\/section>\n\t\t\t\t\t\t\t\t\t<\/div>\n\t\t\t<\/div>\n\t\t\t\t\t<\/div>\n\t\t","protected":false},"excerpt":{"rendered":"<p>Soleil du 19 juin 2025 Soleil en H-Alpha Stacking de 5 images Stacking en couleur Protub\u00e9rances Protub\u00e9rances et soleil Protub\u00e9rances en couleur Taches solaires Donn\u00e9es techniques : Lunette Skywatcher ED 72\/420 avec filtre Hoya ND 1,2 sur EQ6. Sol&rsquo;ex r\u00e9gl\u00e9 sur la raie H-Alpha. Filtre H-Alpha 6 nm. Cam\u00e9ra ZWO ASI 178 MM. Capture avec &hellip;<\/p>\n<p class=\"read-more\"> <a class=\"\" href=\"https:\/\/www.arnaudom.fr\/wordpress\/soleil19062025\/\"> <span class=\"screen-reader-text\">soleil19062025<\/span> Lire la suite\u00a0\u00bb<\/a><\/p>\n","protected":false},"author":1,"featured_media":0,"parent":0,"menu_order":0,"comment_status":"closed","ping_status":"closed","template":"","meta":{"site-sidebar-layout":"default","site-content-layout":"page-builder","ast-site-content-layout":"default","site-content-style":"default","site-sidebar-style":"default","ast-global-header-display":"","ast-banner-title-visibility":"","ast-main-header-display":"","ast-hfb-above-header-display":"","ast-hfb-below-header-display":"","ast-hfb-mobile-header-display":"","site-post-title":"disabled","ast-breadcrumbs-content":"","ast-featured-img":"disabled","footer-sml-layout":"","theme-transparent-header-meta":"","adv-header-id-meta":"","stick-header-meta":"","header-above-stick-meta":"","header-main-stick-meta":"","header-below-stick-meta":"","astra-migrate-meta-layouts":"set","ast-page-background-enabled":"default","ast-page-background-meta":{"desktop":{"background-color":"","background-image":"","background-repeat":"repeat","background-position":"center center","background-size":"auto","background-attachment":"scroll","background-type":"","background-media":"","overlay-type":"","overlay-color":"","overlay-gradient":""},"tablet":{"background-color":"","background-image":"","background-repeat":"repeat","background-position":"center center","background-size":"auto","background-attachment":"scroll","background-type":"","background-media":"","overlay-type":"","overlay-color":"","overlay-gradient":""},"mobile":{"background-color":"","background-image":"","background-repeat":"repeat","background-position":"center center","background-size":"auto","background-attachment":"scroll","background-type":"","background-media":"","overlay-type":"","overlay-color":"","overlay-gradient":""}},"ast-content-background-meta":{"desktop":{"background-color":"var(--ast-global-color-5)","background-image":"","background-repeat":"repeat","background-position":"center center","background-size":"auto","background-attachment":"scroll","background-type":"","background-media":"","overlay-type":"","overlay-color":"","overlay-gradient":""},"tablet":{"background-color":"var(--ast-global-color-5)","background-image":"","background-repeat":"repeat","background-position":"center center","background-size":"auto","background-attachment":"scroll","background-type":"","background-media":"","overlay-type":"","overlay-color":"","overlay-gradient":""},"mobile":{"background-color":"var(--ast-global-color-5)","background-image":"","background-repeat":"repeat","background-position":"center center","background-size":"auto","background-attachment":"scroll","background-type":"","background-media":"","overlay-type":"","overlay-color":"","overlay-gradient":""}},"footnotes":""},"class_list":["post-15963","page","type-page","status-publish","hentry"],"_links":{"self":[{"href":"https:\/\/www.arnaudom.fr\/wordpress\/wp-json\/wp\/v2\/pages\/15963","targetHints":{"allow":["GET"]}}],"collection":[{"href":"https:\/\/www.arnaudom.fr\/wordpress\/wp-json\/wp\/v2\/pages"}],"about":[{"href":"https:\/\/www.arnaudom.fr\/wordpress\/wp-json\/wp\/v2\/types\/page"}],"author":[{"embeddable":true,"href":"https:\/\/www.arnaudom.fr\/wordpress\/wp-json\/wp\/v2\/users\/1"}],"replies":[{"embeddable":true,"href":"https:\/\/www.arnaudom.fr\/wordpress\/wp-json\/wp\/v2\/comments?post=15963"}],"version-history":[{"count":8,"href":"https:\/\/www.arnaudom.fr\/wordpress\/wp-json\/wp\/v2\/pages\/15963\/revisions"}],"predecessor-version":[{"id":15978,"href":"https:\/\/www.arnaudom.fr\/wordpress\/wp-json\/wp\/v2\/pages\/15963\/revisions\/15978"}],"wp:attachment":[{"href":"https:\/\/www.arnaudom.fr\/wordpress\/wp-json\/wp\/v2\/media?parent=15963"}],"curies":[{"name":"wp","href":"https:\/\/api.w.org\/{rel}","templated":true}]}}