{"id":15902,"date":"2025-06-28T09:59:41","date_gmt":"2025-06-28T07:59:41","guid":{"rendered":"https:\/\/www.arnaudom.fr\/wordpress\/?page_id=15902"},"modified":"2025-06-28T10:03:19","modified_gmt":"2025-06-28T08:03:19","slug":"soleil15062025","status":"publish","type":"page","link":"https:\/\/www.arnaudom.fr\/wordpress\/soleil15062025\/","title":{"rendered":"soleil15062025"},"content":{"rendered":"\t\t<div data-elementor-type=\"wp-page\" data-elementor-id=\"15902\" class=\"elementor elementor-15902\">\n\t\t\t\t\t\t<div class=\"elementor-inner\">\n\t\t\t\t<div class=\"elementor-section-wrap\">\n\t\t\t\t\t\t\t\t\t<section class=\"elementor-section elementor-top-section elementor-element elementor-element-18acf7b elementor-section-boxed elementor-section-height-default elementor-section-height-default\" data-id=\"18acf7b\" data-element_type=\"section\">\n\t\t\t\t\t\t<div class=\"elementor-container elementor-column-gap-default\">\n\t\t\t\t\t\t\t<div class=\"elementor-row\">\n\t\t\t\t\t<div class=\"elementor-column elementor-col-100 elementor-top-column elementor-element elementor-element-b23076c\" data-id=\"b23076c\" data-element_type=\"column\">\n\t\t\t<div class=\"elementor-column-wrap elementor-element-populated\">\n\t\t\t\t\t\t\t<div class=\"elementor-widget-wrap\">\n\t\t\t\t\t\t<div class=\"elementor-element elementor-element-35a1599 elementor-widget elementor-widget-heading\" data-id=\"35a1599\" data-element_type=\"widget\" data-widget_type=\"heading.default\">\n\t\t\t\t<div class=\"elementor-widget-container\">\n\t\t\t<h1 class=\"elementor-heading-title elementor-size-default\">Soleil du 15 juin 2025<\/h1>\t\t<\/div>\n\t\t\t\t<\/div>\n\t\t\t\t\t\t<\/div>\n\t\t\t\t\t<\/div>\n\t\t<\/div>\n\t\t\t\t\t\t\t\t<\/div>\n\t\t\t\t\t<\/div>\n\t\t<\/section>\n\t\t\t\t<section class=\"elementor-section elementor-top-section elementor-element elementor-element-588d235 elementor-section-boxed elementor-section-height-default elementor-section-height-default\" data-id=\"588d235\" data-element_type=\"section\">\n\t\t\t\t\t\t<div class=\"elementor-container elementor-column-gap-default\">\n\t\t\t\t\t\t\t<div class=\"elementor-row\">\n\t\t\t\t\t<div class=\"elementor-column elementor-col-100 elementor-top-column elementor-element elementor-element-64b4c18\" data-id=\"64b4c18\" data-element_type=\"column\">\n\t\t\t<div class=\"elementor-column-wrap elementor-element-populated\">\n\t\t\t\t\t\t\t<div class=\"elementor-widget-wrap\">\n\t\t\t\t\t\t<div class=\"elementor-element elementor-element-de1563c elementor-widget elementor-widget-heading\" data-id=\"de1563c\" data-element_type=\"widget\" data-widget_type=\"heading.default\">\n\t\t\t\t<div class=\"elementor-widget-container\">\n\t\t\t<h2 class=\"elementor-heading-title elementor-size-default\">Soleil en H-Alpha<\/h2>\t\t<\/div>\n\t\t\t\t<\/div>\n\t\t\t\t<div class=\"elementor-element elementor-element-71edb3a elementor-widget elementor-widget-image\" data-id=\"71edb3a\" data-element_type=\"widget\" data-widget_type=\"image.default\">\n\t\t\t\t<div class=\"elementor-widget-container\">\n\t\t\t\t\t\t\t\t<div class=\"elementor-image\">\n\t\t\t\t\t\t\t\t\t\t\t\t<img loading=\"lazy\" decoding=\"async\" width=\"1024\" height=\"1024\" src=\"https:\/\/www.arnaudom.fr\/wordpress\/wp-content\/uploads\/2025\/06\/BestHa-10-1024x1024.jpg\" class=\"attachment-large size-large wp-image-15908\" alt=\"\" srcset=\"https:\/\/www.arnaudom.fr\/wordpress\/wp-content\/uploads\/2025\/06\/BestHa-10-1024x1024.jpg 1024w, https:\/\/www.arnaudom.fr\/wordpress\/wp-content\/uploads\/2025\/06\/BestHa-10-300x300.jpg 300w, https:\/\/www.arnaudom.fr\/wordpress\/wp-content\/uploads\/2025\/06\/BestHa-10-150x150.jpg 150w, https:\/\/www.arnaudom.fr\/wordpress\/wp-content\/uploads\/2025\/06\/BestHa-10-768x768.jpg 768w, https:\/\/www.arnaudom.fr\/wordpress\/wp-content\/uploads\/2025\/06\/BestHa-10-1536x1536.jpg 1536w, https:\/\/www.arnaudom.fr\/wordpress\/wp-content\/uploads\/2025\/06\/BestHa-10.jpg 1544w\" sizes=\"auto, (max-width: 1024px) 100vw, 1024px\" \/>\t\t\t\t\t\t\t\t\t\t\t\t\t\t<\/div>\n\t\t\t\t\t\t<\/div>\n\t\t\t\t<\/div>\n\t\t\t\t<div class=\"elementor-element elementor-element-8ce308b elementor-widget elementor-widget-heading\" data-id=\"8ce308b\" data-element_type=\"widget\" data-widget_type=\"heading.default\">\n\t\t\t\t<div class=\"elementor-widget-container\">\n\t\t\t<h2 class=\"elementor-heading-title elementor-size-default\">Image invers\u00e9e<\/h2>\t\t<\/div>\n\t\t\t\t<\/div>\n\t\t\t\t<div class=\"elementor-element elementor-element-305139a elementor-widget elementor-widget-image\" data-id=\"305139a\" data-element_type=\"widget\" data-widget_type=\"image.default\">\n\t\t\t\t<div class=\"elementor-widget-container\">\n\t\t\t\t\t\t\t\t<div class=\"elementor-image\">\n\t\t\t\t\t\t\t\t\t\t\t\t<img loading=\"lazy\" decoding=\"async\" width=\"1024\" height=\"1024\" src=\"https:\/\/www.arnaudom.fr\/wordpress\/wp-content\/uploads\/2025\/06\/Inv-11-1024x1024.jpg\" class=\"attachment-large size-large wp-image-15909\" alt=\"\" srcset=\"https:\/\/www.arnaudom.fr\/wordpress\/wp-content\/uploads\/2025\/06\/Inv-11-1024x1024.jpg 1024w, https:\/\/www.arnaudom.fr\/wordpress\/wp-content\/uploads\/2025\/06\/Inv-11-300x300.jpg 300w, https:\/\/www.arnaudom.fr\/wordpress\/wp-content\/uploads\/2025\/06\/Inv-11-150x150.jpg 150w, https:\/\/www.arnaudom.fr\/wordpress\/wp-content\/uploads\/2025\/06\/Inv-11-768x768.jpg 768w, https:\/\/www.arnaudom.fr\/wordpress\/wp-content\/uploads\/2025\/06\/Inv-11.jpg 1536w\" sizes=\"auto, (max-width: 1024px) 100vw, 1024px\" \/>\t\t\t\t\t\t\t\t\t\t\t\t\t\t<\/div>\n\t\t\t\t\t\t<\/div>\n\t\t\t\t<\/div>\n\t\t\t\t<div class=\"elementor-element elementor-element-4a13172 elementor-widget elementor-widget-heading\" data-id=\"4a13172\" data-element_type=\"widget\" data-widget_type=\"heading.default\">\n\t\t\t\t<div class=\"elementor-widget-container\">\n\t\t\t<h2 class=\"elementor-heading-title elementor-size-default\">Image invers\u00e9e en couleur<\/h2>\t\t<\/div>\n\t\t\t\t<\/div>\n\t\t\t\t<div class=\"elementor-element elementor-element-f595e49 elementor-widget elementor-widget-image\" data-id=\"f595e49\" data-element_type=\"widget\" data-widget_type=\"image.default\">\n\t\t\t\t<div class=\"elementor-widget-container\">\n\t\t\t\t\t\t\t\t<div class=\"elementor-image\">\n\t\t\t\t\t\t\t\t\t\t\t\t<img loading=\"lazy\" decoding=\"async\" width=\"1024\" height=\"1024\" src=\"https:\/\/www.arnaudom.fr\/wordpress\/wp-content\/uploads\/2025\/06\/Invcol-9-1024x1024.jpg\" class=\"attachment-large size-large wp-image-15910\" alt=\"\" srcset=\"https:\/\/www.arnaudom.fr\/wordpress\/wp-content\/uploads\/2025\/06\/Invcol-9-1024x1024.jpg 1024w, https:\/\/www.arnaudom.fr\/wordpress\/wp-content\/uploads\/2025\/06\/Invcol-9-300x300.jpg 300w, https:\/\/www.arnaudom.fr\/wordpress\/wp-content\/uploads\/2025\/06\/Invcol-9-150x150.jpg 150w, https:\/\/www.arnaudom.fr\/wordpress\/wp-content\/uploads\/2025\/06\/Invcol-9-768x768.jpg 768w, https:\/\/www.arnaudom.fr\/wordpress\/wp-content\/uploads\/2025\/06\/Invcol-9.jpg 1536w\" sizes=\"auto, (max-width: 1024px) 100vw, 1024px\" \/>\t\t\t\t\t\t\t\t\t\t\t\t\t\t<\/div>\n\t\t\t\t\t\t<\/div>\n\t\t\t\t<\/div>\n\t\t\t\t<div class=\"elementor-element elementor-element-fd5bc71 elementor-widget elementor-widget-heading\" data-id=\"fd5bc71\" data-element_type=\"widget\" data-widget_type=\"heading.default\">\n\t\t\t\t<div class=\"elementor-widget-container\">\n\t\t\t<h2 class=\"elementor-heading-title elementor-size-default\">Stacking de 7 images<\/h2>\t\t<\/div>\n\t\t\t\t<\/div>\n\t\t\t\t<div class=\"elementor-element elementor-element-95e2cec elementor-widget elementor-widget-image\" data-id=\"95e2cec\" data-element_type=\"widget\" data-widget_type=\"image.default\">\n\t\t\t\t<div class=\"elementor-widget-container\">\n\t\t\t\t\t\t\t\t<div class=\"elementor-image\">\n\t\t\t\t\t\t\t\t\t\t\t\t<img loading=\"lazy\" decoding=\"async\" width=\"1024\" height=\"1024\" src=\"https:\/\/www.arnaudom.fr\/wordpress\/wp-content\/uploads\/2025\/06\/Stack7-1024x1024.jpg\" class=\"attachment-large size-large wp-image-15911\" alt=\"\" srcset=\"https:\/\/www.arnaudom.fr\/wordpress\/wp-content\/uploads\/2025\/06\/Stack7-1024x1024.jpg 1024w, https:\/\/www.arnaudom.fr\/wordpress\/wp-content\/uploads\/2025\/06\/Stack7-300x300.jpg 300w, https:\/\/www.arnaudom.fr\/wordpress\/wp-content\/uploads\/2025\/06\/Stack7-150x150.jpg 150w, https:\/\/www.arnaudom.fr\/wordpress\/wp-content\/uploads\/2025\/06\/Stack7-768x768.jpg 768w, https:\/\/www.arnaudom.fr\/wordpress\/wp-content\/uploads\/2025\/06\/Stack7.jpg 1536w\" sizes=\"auto, (max-width: 1024px) 100vw, 1024px\" \/>\t\t\t\t\t\t\t\t\t\t\t\t\t\t<\/div>\n\t\t\t\t\t\t<\/div>\n\t\t\t\t<\/div>\n\t\t\t\t<div class=\"elementor-element elementor-element-aa67802 elementor-widget elementor-widget-heading\" data-id=\"aa67802\" data-element_type=\"widget\" data-widget_type=\"heading.default\">\n\t\t\t\t<div class=\"elementor-widget-container\">\n\t\t\t<h2 class=\"elementor-heading-title elementor-size-default\">Stacking en couleur<\/h2>\t\t<\/div>\n\t\t\t\t<\/div>\n\t\t\t\t<div class=\"elementor-element elementor-element-bd3a80c elementor-widget elementor-widget-image\" data-id=\"bd3a80c\" data-element_type=\"widget\" data-widget_type=\"image.default\">\n\t\t\t\t<div class=\"elementor-widget-container\">\n\t\t\t\t\t\t\t\t<div class=\"elementor-image\">\n\t\t\t\t\t\t\t\t\t\t\t\t<img loading=\"lazy\" decoding=\"async\" width=\"1024\" height=\"1024\" src=\"https:\/\/www.arnaudom.fr\/wordpress\/wp-content\/uploads\/2025\/06\/Col-11-1024x1024.jpg\" class=\"attachment-large size-large wp-image-15912\" alt=\"\" srcset=\"https:\/\/www.arnaudom.fr\/wordpress\/wp-content\/uploads\/2025\/06\/Col-11-1024x1024.jpg 1024w, https:\/\/www.arnaudom.fr\/wordpress\/wp-content\/uploads\/2025\/06\/Col-11-300x300.jpg 300w, https:\/\/www.arnaudom.fr\/wordpress\/wp-content\/uploads\/2025\/06\/Col-11-150x150.jpg 150w, https:\/\/www.arnaudom.fr\/wordpress\/wp-content\/uploads\/2025\/06\/Col-11-768x768.jpg 768w, https:\/\/www.arnaudom.fr\/wordpress\/wp-content\/uploads\/2025\/06\/Col-11.jpg 1536w\" sizes=\"auto, (max-width: 1024px) 100vw, 1024px\" \/>\t\t\t\t\t\t\t\t\t\t\t\t\t\t<\/div>\n\t\t\t\t\t\t<\/div>\n\t\t\t\t<\/div>\n\t\t\t\t<div class=\"elementor-element elementor-element-040b503 elementor-widget elementor-widget-heading\" data-id=\"040b503\" data-element_type=\"widget\" data-widget_type=\"heading.default\">\n\t\t\t\t<div class=\"elementor-widget-container\">\n\t\t\t<h2 class=\"elementor-heading-title elementor-size-default\">Protub\u00e9rances<\/h2>\t\t<\/div>\n\t\t\t\t<\/div>\n\t\t\t\t<div class=\"elementor-element elementor-element-cc759cb elementor-widget elementor-widget-image\" data-id=\"cc759cb\" data-element_type=\"widget\" data-widget_type=\"image.default\">\n\t\t\t\t<div class=\"elementor-widget-container\">\n\t\t\t\t\t\t\t\t<div class=\"elementor-image\">\n\t\t\t\t\t\t\t\t\t\t\t\t<img loading=\"lazy\" decoding=\"async\" width=\"1024\" height=\"1024\" src=\"https:\/\/www.arnaudom.fr\/wordpress\/wp-content\/uploads\/2025\/06\/Protus-8-1024x1024.jpg\" class=\"attachment-large size-large wp-image-15913\" alt=\"\" srcset=\"https:\/\/www.arnaudom.fr\/wordpress\/wp-content\/uploads\/2025\/06\/Protus-8-1024x1024.jpg 1024w, https:\/\/www.arnaudom.fr\/wordpress\/wp-content\/uploads\/2025\/06\/Protus-8-300x300.jpg 300w, https:\/\/www.arnaudom.fr\/wordpress\/wp-content\/uploads\/2025\/06\/Protus-8-150x150.jpg 150w, https:\/\/www.arnaudom.fr\/wordpress\/wp-content\/uploads\/2025\/06\/Protus-8-768x768.jpg 768w, https:\/\/www.arnaudom.fr\/wordpress\/wp-content\/uploads\/2025\/06\/Protus-8-1536x1536.jpg 1536w, https:\/\/www.arnaudom.fr\/wordpress\/wp-content\/uploads\/2025\/06\/Protus-8.jpg 1544w\" sizes=\"auto, (max-width: 1024px) 100vw, 1024px\" \/>\t\t\t\t\t\t\t\t\t\t\t\t\t\t<\/div>\n\t\t\t\t\t\t<\/div>\n\t\t\t\t<\/div>\n\t\t\t\t<div class=\"elementor-element elementor-element-e399c00 elementor-widget elementor-widget-heading\" data-id=\"e399c00\" data-element_type=\"widget\" data-widget_type=\"heading.default\">\n\t\t\t\t<div class=\"elementor-widget-container\">\n\t\t\t<h2 class=\"elementor-heading-title elementor-size-default\">Protub\u00e9rances en couleur<\/h2>\t\t<\/div>\n\t\t\t\t<\/div>\n\t\t\t\t<div class=\"elementor-element elementor-element-b96e5cb elementor-widget elementor-widget-image\" data-id=\"b96e5cb\" data-element_type=\"widget\" data-widget_type=\"image.default\">\n\t\t\t\t<div class=\"elementor-widget-container\">\n\t\t\t\t\t\t\t\t<div class=\"elementor-image\">\n\t\t\t\t\t\t\t\t\t\t\t\t<img loading=\"lazy\" decoding=\"async\" width=\"1024\" height=\"1024\" src=\"https:\/\/www.arnaudom.fr\/wordpress\/wp-content\/uploads\/2025\/06\/Protuscolglobe-7-1024x1024.jpg\" class=\"attachment-large size-large wp-image-15914\" alt=\"\" srcset=\"https:\/\/www.arnaudom.fr\/wordpress\/wp-content\/uploads\/2025\/06\/Protuscolglobe-7-1024x1024.jpg 1024w, https:\/\/www.arnaudom.fr\/wordpress\/wp-content\/uploads\/2025\/06\/Protuscolglobe-7-300x300.jpg 300w, https:\/\/www.arnaudom.fr\/wordpress\/wp-content\/uploads\/2025\/06\/Protuscolglobe-7-150x150.jpg 150w, https:\/\/www.arnaudom.fr\/wordpress\/wp-content\/uploads\/2025\/06\/Protuscolglobe-7-768x768.jpg 768w, https:\/\/www.arnaudom.fr\/wordpress\/wp-content\/uploads\/2025\/06\/Protuscolglobe-7-1536x1536.jpg 1536w, https:\/\/www.arnaudom.fr\/wordpress\/wp-content\/uploads\/2025\/06\/Protuscolglobe-7.jpg 1544w\" sizes=\"auto, (max-width: 1024px) 100vw, 1024px\" \/>\t\t\t\t\t\t\t\t\t\t\t\t\t\t<\/div>\n\t\t\t\t\t\t<\/div>\n\t\t\t\t<\/div>\n\t\t\t\t<div class=\"elementor-element elementor-element-bcb2bf1 elementor-widget elementor-widget-heading\" data-id=\"bcb2bf1\" data-element_type=\"widget\" data-widget_type=\"heading.default\">\n\t\t\t\t<div class=\"elementor-widget-container\">\n\t\t\t<h2 class=\"elementor-heading-title elementor-size-default\">Taches solaires<\/h2>\t\t<\/div>\n\t\t\t\t<\/div>\n\t\t\t\t<div class=\"elementor-element elementor-element-9d204c4 elementor-widget elementor-widget-image\" data-id=\"9d204c4\" data-element_type=\"widget\" data-widget_type=\"image.default\">\n\t\t\t\t<div class=\"elementor-widget-container\">\n\t\t\t\t\t\t\t\t<div class=\"elementor-image\">\n\t\t\t\t\t\t\t\t\t\t\t\t<img loading=\"lazy\" decoding=\"async\" width=\"1024\" height=\"1024\" src=\"https:\/\/www.arnaudom.fr\/wordpress\/wp-content\/uploads\/2025\/06\/Tache-9-1024x1024.jpg\" class=\"attachment-large size-large wp-image-15915\" alt=\"\" srcset=\"https:\/\/www.arnaudom.fr\/wordpress\/wp-content\/uploads\/2025\/06\/Tache-9-1024x1024.jpg 1024w, https:\/\/www.arnaudom.fr\/wordpress\/wp-content\/uploads\/2025\/06\/Tache-9-300x300.jpg 300w, https:\/\/www.arnaudom.fr\/wordpress\/wp-content\/uploads\/2025\/06\/Tache-9-150x150.jpg 150w, https:\/\/www.arnaudom.fr\/wordpress\/wp-content\/uploads\/2025\/06\/Tache-9-768x768.jpg 768w, https:\/\/www.arnaudom.fr\/wordpress\/wp-content\/uploads\/2025\/06\/Tache-9-1536x1536.jpg 1536w, https:\/\/www.arnaudom.fr\/wordpress\/wp-content\/uploads\/2025\/06\/Tache-9.jpg 1544w\" sizes=\"auto, (max-width: 1024px) 100vw, 1024px\" \/>\t\t\t\t\t\t\t\t\t\t\t\t\t\t<\/div>\n\t\t\t\t\t\t<\/div>\n\t\t\t\t<\/div>\n\t\t\t\t\t\t<\/div>\n\t\t\t\t\t<\/div>\n\t\t<\/div>\n\t\t\t\t\t\t\t\t<\/div>\n\t\t\t\t\t<\/div>\n\t\t<\/section>\n\t\t\t\t<section class=\"elementor-section elementor-top-section elementor-element elementor-element-5460e2e elementor-section-boxed elementor-section-height-default elementor-section-height-default\" data-id=\"5460e2e\" data-element_type=\"section\">\n\t\t\t\t\t\t<div class=\"elementor-container elementor-column-gap-default\">\n\t\t\t\t\t\t\t<div class=\"elementor-row\">\n\t\t\t\t\t<div class=\"elementor-column elementor-col-100 elementor-top-column elementor-element elementor-element-dce21f1\" data-id=\"dce21f1\" data-element_type=\"column\" data-settings=\"{&quot;background_background&quot;:&quot;classic&quot;}\">\n\t\t\t<div class=\"elementor-column-wrap elementor-element-populated\">\n\t\t\t\t\t\t\t<div class=\"elementor-widget-wrap\">\n\t\t\t\t\t\t<div class=\"elementor-element elementor-element-0b78a69 elementor-widget elementor-widget-text-editor\" data-id=\"0b78a69\" data-element_type=\"widget\" data-widget_type=\"text-editor.default\">\n\t\t\t\t<div class=\"elementor-widget-container\">\n\t\t\t\t\t\t\t\t<div class=\"elementor-text-editor elementor-clearfix\">\n\t\t\t\t<p style=\"text-align: center;\"><b>Donn\u00e9es techniques :<\/b><\/p>\n<ul>\n<li>Lunette Skywatcher ED 72\/420 avec filtre Hoya ND 1,2 sur EQ6.<br><\/li>\n<li>Sol&rsquo;ex r\u00e9gl\u00e9 sur la raie H-Alpha.<\/li>\n<li>Filtre H-Alpha 6 nm.<\/li>\n<li>Cam\u00e9ra ZWO ASI 178 MM.<\/li>\n<li>Capture avec Firecapture.<\/li>\n<li>Stacking avec Autostakkert.<\/li><li>Colorisation avec Gimp.<\/li>\n<\/ul>\t\t\t\t\t<\/div>\n\t\t\t\t\t\t<\/div>\n\t\t\t\t<\/div>\n\t\t\t\t\t\t<\/div>\n\t\t\t\t\t<\/div>\n\t\t<\/div>\n\t\t\t\t\t\t\t\t<\/div>\n\t\t\t\t\t<\/div>\n\t\t<\/section>\n\t\t\t\t\t\t\t\t\t<\/div>\n\t\t\t<\/div>\n\t\t\t\t\t<\/div>\n\t\t","protected":false},"excerpt":{"rendered":"<p>Soleil du 15 juin 2025 Soleil en H-Alpha Image invers\u00e9e Image invers\u00e9e en couleur Stacking de 7 images Stacking en couleur Protub\u00e9rances Protub\u00e9rances en couleur Taches solaires Donn\u00e9es techniques : Lunette Skywatcher ED 72\/420 avec filtre Hoya ND 1,2 sur EQ6. Sol&rsquo;ex r\u00e9gl\u00e9 sur la raie H-Alpha. Filtre H-Alpha 6 nm. Cam\u00e9ra ZWO ASI 178 &hellip;<\/p>\n<p class=\"read-more\"> <a class=\"\" href=\"https:\/\/www.arnaudom.fr\/wordpress\/soleil15062025\/\"> <span class=\"screen-reader-text\">soleil15062025<\/span> Lire la suite\u00a0\u00bb<\/a><\/p>\n","protected":false},"author":1,"featured_media":0,"parent":0,"menu_order":0,"comment_status":"closed","ping_status":"closed","template":"","meta":{"site-sidebar-layout":"default","site-content-layout":"page-builder","ast-site-content-layout":"default","site-content-style":"default","site-sidebar-style":"default","ast-global-header-display":"","ast-banner-title-visibility":"","ast-main-header-display":"","ast-hfb-above-header-display":"","ast-hfb-below-header-display":"","ast-hfb-mobile-header-display":"","site-post-title":"disabled","ast-breadcrumbs-content":"","ast-featured-img":"disabled","footer-sml-layout":"","theme-transparent-header-meta":"","adv-header-id-meta":"","stick-header-meta":"","header-above-stick-meta":"","header-main-stick-meta":"","header-below-stick-meta":"","astra-migrate-meta-layouts":"set","ast-page-background-enabled":"default","ast-page-background-meta":{"desktop":{"background-color":"","background-image":"","background-repeat":"repeat","background-position":"center center","background-size":"auto","background-attachment":"scroll","background-type":"","background-media":"","overlay-type":"","overlay-color":"","overlay-gradient":""},"tablet":{"background-color":"","background-image":"","background-repeat":"repeat","background-position":"center center","background-size":"auto","background-attachment":"scroll","background-type":"","background-media":"","overlay-type":"","overlay-color":"","overlay-gradient":""},"mobile":{"background-color":"","background-image":"","background-repeat":"repeat","background-position":"center center","background-size":"auto","background-attachment":"scroll","background-type":"","background-media":"","overlay-type":"","overlay-color":"","overlay-gradient":""}},"ast-content-background-meta":{"desktop":{"background-color":"var(--ast-global-color-5)","background-image":"","background-repeat":"repeat","background-position":"center center","background-size":"auto","background-attachment":"scroll","background-type":"","background-media":"","overlay-type":"","overlay-color":"","overlay-gradient":""},"tablet":{"background-color":"var(--ast-global-color-5)","background-image":"","background-repeat":"repeat","background-position":"center center","background-size":"auto","background-attachment":"scroll","background-type":"","background-media":"","overlay-type":"","overlay-color":"","overlay-gradient":""},"mobile":{"background-color":"var(--ast-global-color-5)","background-image":"","background-repeat":"repeat","background-position":"center center","background-size":"auto","background-attachment":"scroll","background-type":"","background-media":"","overlay-type":"","overlay-color":"","overlay-gradient":""}},"footnotes":""},"class_list":["post-15902","page","type-page","status-publish","hentry"],"_links":{"self":[{"href":"https:\/\/www.arnaudom.fr\/wordpress\/wp-json\/wp\/v2\/pages\/15902","targetHints":{"allow":["GET"]}}],"collection":[{"href":"https:\/\/www.arnaudom.fr\/wordpress\/wp-json\/wp\/v2\/pages"}],"about":[{"href":"https:\/\/www.arnaudom.fr\/wordpress\/wp-json\/wp\/v2\/types\/page"}],"author":[{"embeddable":true,"href":"https:\/\/www.arnaudom.fr\/wordpress\/wp-json\/wp\/v2\/users\/1"}],"replies":[{"embeddable":true,"href":"https:\/\/www.arnaudom.fr\/wordpress\/wp-json\/wp\/v2\/comments?post=15902"}],"version-history":[{"count":8,"href":"https:\/\/www.arnaudom.fr\/wordpress\/wp-json\/wp\/v2\/pages\/15902\/revisions"}],"predecessor-version":[{"id":15918,"href":"https:\/\/www.arnaudom.fr\/wordpress\/wp-json\/wp\/v2\/pages\/15902\/revisions\/15918"}],"wp:attachment":[{"href":"https:\/\/www.arnaudom.fr\/wordpress\/wp-json\/wp\/v2\/media?parent=15902"}],"curies":[{"name":"wp","href":"https:\/\/api.w.org\/{rel}","templated":true}]}}