{"id":15080,"date":"2025-03-01T08:03:02","date_gmt":"2025-03-01T07:03:02","guid":{"rendered":"http:\/\/www.arnaudom.fr\/wordpress\/?page_id=15080"},"modified":"2025-03-04T09:21:09","modified_gmt":"2025-03-04T08:21:09","slug":"eclipse29032025","status":"publish","type":"page","link":"https:\/\/www.arnaudom.fr\/wordpress\/eclipse29032025\/","title":{"rendered":"eclipse29032025"},"content":{"rendered":"\t\t<div data-elementor-type=\"wp-page\" data-elementor-id=\"15080\" class=\"elementor elementor-15080\">\n\t\t\t\t\t\t<div class=\"elementor-inner\">\n\t\t\t\t<div class=\"elementor-section-wrap\">\n\t\t\t\t\t\t\t\t\t<section class=\"elementor-section elementor-top-section elementor-element elementor-element-632a38f elementor-section-full_width elementor-section-height-default elementor-section-height-default\" data-id=\"632a38f\" data-element_type=\"section\" data-settings=\"{&quot;background_background&quot;:&quot;classic&quot;}\">\n\t\t\t\t\t\t<div class=\"elementor-container elementor-column-gap-default\">\n\t\t\t\t\t\t\t<div class=\"elementor-row\">\n\t\t\t\t\t<div class=\"elementor-column elementor-col-100 elementor-top-column elementor-element elementor-element-5758d6f\" data-id=\"5758d6f\" data-element_type=\"column\" data-settings=\"{&quot;background_background&quot;:&quot;classic&quot;}\">\n\t\t\t<div class=\"elementor-column-wrap elementor-element-populated\">\n\t\t\t\t\t\t\t<div class=\"elementor-widget-wrap\">\n\t\t\t\t\t\t<div class=\"elementor-element elementor-element-7244ee0 elementor-widget elementor-widget-heading\" data-id=\"7244ee0\" data-element_type=\"widget\" data-widget_type=\"heading.default\">\n\t\t\t\t<div class=\"elementor-widget-container\">\n\t\t\t<h1 class=\"elementor-heading-title elementor-size-default\">Eclipse partielle de Soleil du 29 mars 2025<\/h1>\t\t<\/div>\n\t\t\t\t<\/div>\n\t\t\t\t<div class=\"elementor-element elementor-element-9f8e231 elementor-widget elementor-widget-heading\" data-id=\"9f8e231\" data-element_type=\"widget\" data-widget_type=\"heading.default\">\n\t\t\t\t<div class=\"elementor-widget-container\">\n\t\t\t<h2 class=\"elementor-heading-title elementor-size-default\">Observation<\/h2>\t\t<\/div>\n\t\t\t\t<\/div>\n\t\t\t\t<div class=\"elementor-element elementor-element-664e1c3 elementor-drop-cap-yes elementor-widget__width-initial elementor-drop-cap-view-default elementor-widget elementor-widget-text-editor\" data-id=\"664e1c3\" data-element_type=\"widget\" data-settings=\"{&quot;drop_cap&quot;:&quot;yes&quot;}\" data-widget_type=\"text-editor.default\">\n\t\t\t\t<div class=\"elementor-widget-container\">\n\t\t\t\t\t\t\t\t<div class=\"elementor-text-editor elementor-clearfix\">\n\t\t\t\t<p><span style=\"color: #000000;\">Le samedi 29 mars, en fin de matin\u00e9e, la Lune \u00e9clipsera en partie le Soleil. Ce ph\u00e9nom\u00e8ne sera visible en France et l&rsquo;on pourra donc observer une partie du Soleil se faire \u00ab\u00a0grignoter\u00a0\u00bb par la Lune. C&rsquo;est au Nord-Ouest de la France que l&rsquo;on pourra voir la plus grande partie du Soleil masqu\u00e9e par la Lune.<br \/><\/span><\/p><p><span style=\"color: #000000;\">L&rsquo;\u00e9clipse d\u00e9bute aux alentours de 11h (en heure locale pour la France), atteint son maximum vers 12h et se termine entre 12h50 et 13h00 selon la r\u00e9gion de France o\u00f9 l&rsquo;on se situe.<\/span><\/p><p><span style=\"color: #000000;\">Sur le site de l&rsquo;IMCCE vous pouvez trouver une carte interactive qui permet d&rsquo;obtenir les horaires pr\u00e9cis de cet \u00e9v\u00e8nement pour votre lieu d&rsquo;observation, c&rsquo;est ici :\u00a0<\/span><a href=\"https:\/\/ssp.imcce.fr\/forms\/solar-eclipses\/2025-03-29\/local-circumstances#map=1\/22.8\/-77.2\" target=\"_blank\" rel=\"noopener\">carte de l&rsquo;\u00e9clipse<\/a><span style=\"color: #000000;\">.<br \/>En cliquant sur le lieu qui vous int\u00e9resse vous obtenez ce genre d&rsquo;informations :<\/span><\/p><p><img loading=\"lazy\" decoding=\"async\" class=\"size-full wp-image-15092 aligncenter\" src=\"http:\/\/www.arnaudom.fr\/wordpress\/wp-content\/uploads\/2025\/03\/eclipsesoleil.jpg\" alt=\"\" width=\"526\" height=\"816\" srcset=\"https:\/\/www.arnaudom.fr\/wordpress\/wp-content\/uploads\/2025\/03\/eclipsesoleil.jpg 526w, https:\/\/www.arnaudom.fr\/wordpress\/wp-content\/uploads\/2025\/03\/eclipsesoleil-193x300.jpg 193w\" sizes=\"auto, (max-width: 526px) 100vw, 526px\" \/><\/p><p>\u00a0<\/p><p style=\"text-align: center;\"><span style=\"color: #000000;\"><em><strong>Donn\u00e9es issues du site de l&rsquo;<\/strong><\/em><\/span><em><strong><span style=\"color: #000000;\">IMCEE<\/span><\/strong><\/em><\/p><p><span style=\"color: #000000;\">P1 indique le d\u00e9but de l&rsquo;\u00e9clipse en temps universel (10:15 soit 11h15 sur le lieu choisi, on rajoute 1 heure), M le milieu du ph\u00e9non\u00e8me (11:02 soit 12h02 en heure locale) et P4 la fin (11:50 soit 12h50).<\/span><\/p><p><span style=\"color: #000000;\">Il est possible \u00e9galement de simuler le d\u00e9roulement de l&rsquo;\u00e9clipse avec un logiciel comme Coelix :<\/span><\/p><p><img loading=\"lazy\" decoding=\"async\" class=\"alignnone size-full wp-image-15093\" src=\"http:\/\/www.arnaudom.fr\/wordpress\/wp-content\/uploads\/2025\/03\/eclipsesolei_coelix.jpg\" alt=\"\" width=\"1013\" height=\"852\" srcset=\"https:\/\/www.arnaudom.fr\/wordpress\/wp-content\/uploads\/2025\/03\/eclipsesolei_coelix.jpg 1013w, https:\/\/www.arnaudom.fr\/wordpress\/wp-content\/uploads\/2025\/03\/eclipsesolei_coelix-300x252.jpg 300w, https:\/\/www.arnaudom.fr\/wordpress\/wp-content\/uploads\/2025\/03\/eclipsesolei_coelix-768x646.jpg 768w\" sizes=\"auto, (max-width: 1013px) 100vw, 1013px\" \/><\/p><p style=\"text-align: center;\"><strong><em><span style=\"color: #000000;\">Simulation de la position de la Lune et du Soleil \u00e0 11h58 en heure locale avec Coelix<\/span> <\/em><\/strong><\/p>\t\t\t\t\t<\/div>\n\t\t\t\t\t\t<\/div>\n\t\t\t\t<\/div>\n\t\t\t\t<div class=\"elementor-element elementor-element-75d7d83 elementor-widget elementor-widget-heading\" data-id=\"75d7d83\" data-element_type=\"widget\" data-widget_type=\"heading.default\">\n\t\t\t\t<div class=\"elementor-widget-container\">\n\t\t\t<h2 class=\"elementor-heading-title elementor-size-default\">Pr\u00e9cautions pour l'observation<\/h2>\t\t<\/div>\n\t\t\t\t<\/div>\n\t\t\t\t<div class=\"elementor-element elementor-element-2089ab2 elementor-drop-cap-yes elementor-drop-cap-view-default elementor-widget elementor-widget-text-editor\" data-id=\"2089ab2\" data-element_type=\"widget\" data-settings=\"{&quot;drop_cap&quot;:&quot;yes&quot;}\" data-widget_type=\"text-editor.default\">\n\t\t\t\t<div class=\"elementor-widget-container\">\n\t\t\t\t\t\t\t\t<div class=\"elementor-text-editor elementor-clearfix\">\n\t\t\t\t<p><span style=\"color: #000000;\">Bien entendu, comme pour toute observation du Soleil, certaines pr\u00e9cautions sont \u00e0 observer car les dommages pour les yeux <b>peuvent \u00eatre irr\u00e9versibles !<\/b><\/span><\/p><p><span style=\"color: #000000;\">Pour l&rsquo;observation sans instrument, on peut utiliser des lunettes sp\u00e9ciales \u00e9clipse (attention, certaines ont une date limite d&rsquo;utilisation inscrite dessus, pensez \u00e0 v\u00e9rifier cela) ou des vise-\u00e9clipse qui sont des filtres d&rsquo;observation pour le Soleil.<\/span><\/p><p style=\"text-align: center;\"><img loading=\"lazy\" decoding=\"async\" class=\"size-full wp-image-9197 aligncenter\" src=\"http:\/\/www.arnaudom.fr\/wordpress\/wp-content\/uploads\/2022\/10\/lunette.png\" alt=\"\" width=\"400\" height=\"256\" srcset=\"https:\/\/www.arnaudom.fr\/wordpress\/wp-content\/uploads\/2022\/10\/lunette.png 400w, https:\/\/www.arnaudom.fr\/wordpress\/wp-content\/uploads\/2022\/10\/lunette-300x192.png 300w\" sizes=\"auto, (max-width: 400px) 100vw, 400px\" \/><strong><em><span style=\"color: #000000;\">Lunettes sp\u00e9ciale \u00e9clipse<\/span><\/em><\/strong><\/p><p><span style=\"color: #000000;\">Avec un instrument, il faut bien entendu utiliser des filtres solaires ou on peut confectionner pour son instrument des filtres peu on\u00e9reux avec des feuilles type Astrosolar, <a href=\"http:\/\/www.arnaudom.fr\/wordpress\/soleilo\/\" target=\"_blank\" rel=\"noopener\">voir cette page qui montre comment confectionner un tel filtre<\/a>. <br \/><\/span><\/p><p style=\"text-align: center;\"><img loading=\"lazy\" decoding=\"async\" class=\"size-full wp-image-2907 aligncenter\" src=\"http:\/\/www.arnaudom.fr\/wordpress\/wp-content\/uploads\/2019\/08\/Filtre4.jpg\" alt=\"\" width=\"410\" height=\"307\" srcset=\"https:\/\/www.arnaudom.fr\/wordpress\/wp-content\/uploads\/2019\/08\/Filtre4.jpg 410w, https:\/\/www.arnaudom.fr\/wordpress\/wp-content\/uploads\/2019\/08\/Filtre4-300x225.jpg 300w\" sizes=\"auto, (max-width: 410px) 100vw, 410px\" \/><strong><em><span style=\"color: #000000;\">Filtre solaire Astrosolar fait main<\/span><\/em><\/strong><\/p><p><span style=\"color: #000000;\">Enfin les plus chanceux d&rsquo;entre nous pourront observer le ph\u00e9nom\u00e8ne avec des instruments sp\u00e9cialement d\u00e9di\u00e9s \u00e0 l&rsquo;observation solaire, comme les Coronado ou les Lunt.<\/span><\/p><p style=\"text-align: center;\"><span style=\"color: #000000;\"><img loading=\"lazy\" decoding=\"async\" class=\"size-full wp-image-9198 aligncenter\" src=\"http:\/\/www.arnaudom.fr\/wordpress\/wp-content\/uploads\/2022\/10\/lunt.png\" alt=\"\" width=\"340\" height=\"192\" srcset=\"https:\/\/www.arnaudom.fr\/wordpress\/wp-content\/uploads\/2022\/10\/lunt.png 340w, https:\/\/www.arnaudom.fr\/wordpress\/wp-content\/uploads\/2022\/10\/lunt-300x169.png 300w\" sizes=\"auto, (max-width: 340px) 100vw, 340px\" \/><\/span><strong><em><span style=\"color: #000000;\">Lunette Lunt pour l&rsquo;observation solaire<\/span><\/em><\/strong><\/p><p><span style=\"color: #000000;\">Il ne reste plus qu&rsquo;\u00e0 croiser les doigts pour esp\u00e9rer une m\u00e9t\u00e9o favorable !<br \/><\/span><\/p>\t\t\t\t\t<\/div>\n\t\t\t\t\t\t<\/div>\n\t\t\t\t<\/div>\n\t\t\t\t\t\t<\/div>\n\t\t\t\t\t<\/div>\n\t\t<\/div>\n\t\t\t\t\t\t\t\t<\/div>\n\t\t\t\t\t<\/div>\n\t\t<\/section>\n\t\t\t\t\t\t\t\t\t<\/div>\n\t\t\t<\/div>\n\t\t\t\t\t<\/div>\n\t\t","protected":false},"excerpt":{"rendered":"<p>Eclipse partielle de Soleil du 29 mars 2025 Observation Le samedi 29 mars, en fin de matin\u00e9e, la Lune \u00e9clipsera en partie le Soleil. Ce ph\u00e9nom\u00e8ne sera visible en France et l&rsquo;on pourra donc observer une partie du Soleil se faire \u00ab\u00a0grignoter\u00a0\u00bb par la Lune. C&rsquo;est au Nord-Ouest de la France que l&rsquo;on pourra voir &hellip;<\/p>\n<p class=\"read-more\"> <a class=\"\" href=\"https:\/\/www.arnaudom.fr\/wordpress\/eclipse29032025\/\"> <span class=\"screen-reader-text\">eclipse29032025<\/span> Lire la suite\u00a0\u00bb<\/a><\/p>\n","protected":false},"author":1,"featured_media":0,"parent":0,"menu_order":0,"comment_status":"open","ping_status":"closed","template":"","meta":{"site-sidebar-layout":"default","site-content-layout":"page-builder","ast-site-content-layout":"default","site-content-style":"default","site-sidebar-style":"default","ast-global-header-display":"","ast-banner-title-visibility":"","ast-main-header-display":"","ast-hfb-above-header-display":"","ast-hfb-below-header-display":"","ast-hfb-mobile-header-display":"","site-post-title":"disabled","ast-breadcrumbs-content":"","ast-featured-img":"disabled","footer-sml-layout":"","theme-transparent-header-meta":"","adv-header-id-meta":"","stick-header-meta":"","header-above-stick-meta":"","header-main-stick-meta":"","header-below-stick-meta":"","astra-migrate-meta-layouts":"set","ast-page-background-enabled":"default","ast-page-background-meta":{"desktop":{"background-color":"","background-image":"","background-repeat":"repeat","background-position":"center center","background-size":"auto","background-attachment":"scroll","background-type":"","background-media":"","overlay-type":"","overlay-color":"","overlay-gradient":""},"tablet":{"background-color":"","background-image":"","background-repeat":"repeat","background-position":"center center","background-size":"auto","background-attachment":"scroll","background-type":"","background-media":"","overlay-type":"","overlay-color":"","overlay-gradient":""},"mobile":{"background-color":"","background-image":"","background-repeat":"repeat","background-position":"center center","background-size":"auto","background-attachment":"scroll","background-type":"","background-media":"","overlay-type":"","overlay-color":"","overlay-gradient":""}},"ast-content-background-meta":{"desktop":{"background-color":"var(--ast-global-color-5)","background-image":"","background-repeat":"repeat","background-position":"center center","background-size":"auto","background-attachment":"scroll","background-type":"","background-media":"","overlay-type":"","overlay-color":"","overlay-gradient":""},"tablet":{"background-color":"var(--ast-global-color-5)","background-image":"","background-repeat":"repeat","background-position":"center center","background-size":"auto","background-attachment":"scroll","background-type":"","background-media":"","overlay-type":"","overlay-color":"","overlay-gradient":""},"mobile":{"background-color":"var(--ast-global-color-5)","background-image":"","background-repeat":"repeat","background-position":"center center","background-size":"auto","background-attachment":"scroll","background-type":"","background-media":"","overlay-type":"","overlay-color":"","overlay-gradient":""}},"footnotes":""},"class_list":["post-15080","page","type-page","status-publish","hentry"],"_links":{"self":[{"href":"https:\/\/www.arnaudom.fr\/wordpress\/wp-json\/wp\/v2\/pages\/15080","targetHints":{"allow":["GET"]}}],"collection":[{"href":"https:\/\/www.arnaudom.fr\/wordpress\/wp-json\/wp\/v2\/pages"}],"about":[{"href":"https:\/\/www.arnaudom.fr\/wordpress\/wp-json\/wp\/v2\/types\/page"}],"author":[{"embeddable":true,"href":"https:\/\/www.arnaudom.fr\/wordpress\/wp-json\/wp\/v2\/users\/1"}],"replies":[{"embeddable":true,"href":"https:\/\/www.arnaudom.fr\/wordpress\/wp-json\/wp\/v2\/comments?post=15080"}],"version-history":[{"count":18,"href":"https:\/\/www.arnaudom.fr\/wordpress\/wp-json\/wp\/v2\/pages\/15080\/revisions"}],"predecessor-version":[{"id":15141,"href":"https:\/\/www.arnaudom.fr\/wordpress\/wp-json\/wp\/v2\/pages\/15080\/revisions\/15141"}],"wp:attachment":[{"href":"https:\/\/www.arnaudom.fr\/wordpress\/wp-json\/wp\/v2\/media?parent=15080"}],"curies":[{"name":"wp","href":"https:\/\/api.w.org\/{rel}","templated":true}]}}