{"id":14400,"date":"2024-12-15T11:16:59","date_gmt":"2024-12-15T10:16:59","guid":{"rendered":"http:\/\/www.arnaudom.fr\/wordpress\/?page_id=14400"},"modified":"2025-04-01T07:17:07","modified_gmt":"2025-04-01T05:17:07","slug":"tplanete03","status":"publish","type":"page","link":"https:\/\/www.arnaudom.fr\/wordpress\/tplanete03\/","title":{"rendered":"tplanete03"},"content":{"rendered":"\t\t<div data-elementor-type=\"wp-page\" data-elementor-id=\"14400\" class=\"elementor elementor-14400\">\n\t\t\t\t\t\t<div class=\"elementor-inner\">\n\t\t\t\t<div class=\"elementor-section-wrap\">\n\t\t\t\t\t\t\t\t\t<section class=\"elementor-section elementor-top-section elementor-element elementor-element-145fa45 elementor-section-full_width elementor-section-height-default elementor-section-height-default\" data-id=\"145fa45\" data-element_type=\"section\" data-settings=\"{&quot;background_background&quot;:&quot;classic&quot;}\">\n\t\t\t\t\t\t<div class=\"elementor-container elementor-column-gap-default\">\n\t\t\t\t\t\t\t<div class=\"elementor-row\">\n\t\t\t\t\t<div class=\"elementor-column elementor-col-100 elementor-top-column elementor-element elementor-element-6bff133\" data-id=\"6bff133\" data-element_type=\"column\" data-settings=\"{&quot;background_background&quot;:&quot;classic&quot;}\">\n\t\t\t<div class=\"elementor-column-wrap elementor-element-populated\">\n\t\t\t\t\t\t\t<div class=\"elementor-widget-wrap\">\n\t\t\t\t\t\t<div class=\"elementor-element elementor-element-8d0f5f8 elementor-widget elementor-widget-heading\" data-id=\"8d0f5f8\" data-element_type=\"widget\" data-widget_type=\"heading.default\">\n\t\t\t\t<div class=\"elementor-widget-container\">\n\t\t\t<h1 class=\"elementor-heading-title elementor-size-default\">Cr\u00e9er une animation de la rotation de Jupiter<\/h1>\t\t<\/div>\n\t\t\t\t<\/div>\n\t\t\t\t<div class=\"elementor-element elementor-element-854408f elementor-drop-cap-yes elementor-drop-cap-view-default elementor-widget elementor-widget-text-editor\" data-id=\"854408f\" data-element_type=\"widget\" data-settings=\"{&quot;drop_cap&quot;:&quot;yes&quot;}\" data-widget_type=\"text-editor.default\">\n\t\t\t\t<div class=\"elementor-widget-container\">\n\t\t\t\t\t\t\t\t<div class=\"elementor-text-editor elementor-clearfix\">\n\t\t\t\t<p><i><span style=\"color: #000000;\">Ecrit le 15\/12\/2024.<\/span><\/i><\/p>\t\t\t\t\t<\/div>\n\t\t\t\t\t\t<\/div>\n\t\t\t\t<\/div>\n\t\t\t\t<div class=\"elementor-element elementor-element-20aee2b elementor-widget elementor-widget-heading\" data-id=\"20aee2b\" data-element_type=\"widget\" data-widget_type=\"heading.default\">\n\t\t\t\t<div class=\"elementor-widget-container\">\n\t\t\t<h2 class=\"elementor-heading-title elementor-size-default\">Cr\u00e9ation d'un planisph\u00e8re<\/h2>\t\t<\/div>\n\t\t\t\t<\/div>\n\t\t\t\t<div class=\"elementor-element elementor-element-21af709 elementor-drop-cap-yes elementor-widget__width-initial elementor-drop-cap-view-default elementor-widget elementor-widget-text-editor\" data-id=\"21af709\" data-element_type=\"widget\" data-settings=\"{&quot;drop_cap&quot;:&quot;yes&quot;}\" data-widget_type=\"text-editor.default\">\n\t\t\t\t<div class=\"elementor-widget-container\">\n\t\t\t\t\t\t\t\t<div class=\"elementor-text-editor elementor-clearfix\">\n\t\t\t\t<p><span style=\"color: #000000;\">Comme je le disais dans le tuto pr\u00e9c\u00e9dent, le logiciel Winjupos permet de cr\u00e9er une animation de la rotation des plan\u00e8tes \u00e0 partir des images que l&rsquo;on a cr\u00e9\u00e9es, et cela relativement facilement. Voici un exemple qui va montrer comment faire cela avec Jupiter.<\/span><\/p>\n<p><span style=\"color: #000000;\">La premi\u00e8re chose \u00e0 faire est de cr\u00e9er un planisph\u00e8re de la plan\u00e8te, qui va servir de \u00ab\u00a0texture\u00a0\u00bb pour \u00ab\u00a0habiller\u00a0\u00bb l&rsquo;image du globe en rotation. <br>Pour cela on va aller dans le menu <b>Exploitation<\/b> puis <b>Calcul d&rsquo;un planisph\u00e8re&#8230;<\/b><\/span><\/p>\n<p><span style=\"color: #000000;\">Comme dans la fen\u00eatre de D\u00e9-rotation, on va cliquer sur le bouton <b>Modifier<\/b> puis sur <b>Ajouter,<\/b> et l\u00e0 on va s\u00e9lectionner les fichiers de <b>mesures<\/b> qui correspondent \u00e0 nos images. Ici j&rsquo;ai mes 18 images que j&rsquo;ai utilis\u00e9es pour faire mon image finale de Jupiter.<\/span><\/p>\n<p><span style=\"color: #000000;\"><img loading=\"lazy\" decoding=\"async\" class=\"size-full wp-image-14530 aligncenter\" src=\"http:\/\/www.arnaudom.fr\/wordpress\/wp-content\/uploads\/2024\/12\/planete038.jpg\" alt=\"\" width=\"852\" height=\"537\" srcset=\"https:\/\/www.arnaudom.fr\/wordpress\/wp-content\/uploads\/2024\/12\/planete038.jpg 852w, https:\/\/www.arnaudom.fr\/wordpress\/wp-content\/uploads\/2024\/12\/planete038-300x189.jpg 300w, https:\/\/www.arnaudom.fr\/wordpress\/wp-content\/uploads\/2024\/12\/planete038-768x484.jpg 768w\" sizes=\"auto, (max-width: 852px) 100vw, 852px\" \/><\/span><\/p>\n<p><span style=\"color: #000000;\">On peut changer le nom du fichier de sortie en cliquant sur le bouton avec les trois petits points. On peut laisser la plupart des options coch\u00e9es par d\u00e9faut, par contre pour <b>Type de projection<\/b> je coche <b>Projection cylindrique de Lambert<\/b>, et dans <b>Longitude du bord gauche du planisph\u00e8re<\/b> j&rsquo;ai \u00e9crit <b>90<\/b> et choisi Syst\u00e8me <b>1<\/b> dans le menu d\u00e9roulant. Il s&rsquo;agit de valeurs que j&rsquo;ai prises afin de pouvoir faire co\u00efncider plus tard mon planisph\u00e8re avec l&rsquo;animation de Jupiter.<\/span><\/p>\n<p><span style=\"color: #000000;\">Il ne reste plus qu&rsquo;\u00e0 cliquer sur le bouton <b>Calcul du planisph\u00e8re<\/b>. Si on a gard\u00e9 les options par d\u00e9faut du bouton <b>Pr\u00e9sentation de la page<\/b>, on obtient alors une image qui ressemble \u00e0 celle-ci :<\/span><\/p>\n<p><img loading=\"lazy\" decoding=\"async\" class=\"size-full wp-image-14534 aligncenter\" src=\"http:\/\/www.arnaudom.fr\/wordpress\/wp-content\/uploads\/2024\/12\/planete039.jpg\" alt=\"\" width=\"1030\" height=\"478\" srcset=\"https:\/\/www.arnaudom.fr\/wordpress\/wp-content\/uploads\/2024\/12\/planete039.jpg 1030w, https:\/\/www.arnaudom.fr\/wordpress\/wp-content\/uploads\/2024\/12\/planete039-300x139.jpg 300w, https:\/\/www.arnaudom.fr\/wordpress\/wp-content\/uploads\/2024\/12\/planete039-1024x475.jpg 1024w, https:\/\/www.arnaudom.fr\/wordpress\/wp-content\/uploads\/2024\/12\/planete039-768x356.jpg 768w\" sizes=\"auto, (max-width: 1030px) 100vw, 1030px\" \/><\/p>\n<p><span style=\"color: #000000;\">&nbsp;Le r\u00e9sultat est certes int\u00e9ressant, et il l&rsquo;est si notre intention \u00e9tait au d\u00e9part de vouloir cr\u00e9er une carte de Jupiter avec nos images. L&rsquo;outil planisph\u00e8re de Winjupos est \u00e0 cet \u00e9gard tr\u00e8s impressionnant, et permet m\u00eame de cartographier les p\u00f4les de la plan\u00e8te. Mais en fait ce que nous nous souhaitons c&rsquo;est uniquement garder la texture du planisph\u00e8re pour en faire une animation. Nous n&rsquo;avons donc pas besoin de la l\u00e9gende ni des graduations de la carte.<br><\/span><\/p>\n<p><span style=\"color: #000000;\">Pour cela nous allons retourner sur la fen\u00eatre pr\u00e9c\u00e9dente et cliquer sur le bouton <b>Pr\u00e9sentation de la page<\/b>. Il nous faut ensuite modifier les options comme sur l&rsquo;image ci-dessous :<\/span><\/p>\n<p><span style=\"color: #000000;\"><img loading=\"lazy\" decoding=\"async\" class=\"size-full wp-image-14536 aligncenter\" src=\"http:\/\/www.arnaudom.fr\/wordpress\/wp-content\/uploads\/2024\/12\/planete040.jpg\" alt=\"\" width=\"456\" height=\"496\" srcset=\"https:\/\/www.arnaudom.fr\/wordpress\/wp-content\/uploads\/2024\/12\/planete040.jpg 456w, https:\/\/www.arnaudom.fr\/wordpress\/wp-content\/uploads\/2024\/12\/planete040-276x300.jpg 276w\" sizes=\"auto, (max-width: 456px) 100vw, 456px\" \/><\/span><\/p>\n<p><span style=\"color: #000000;\">La couleur du <b>Fond de la page<\/b> est en noir, l&rsquo;option <b>Graduations<\/b> est <b>d\u00e9coch\u00e9e<\/b> et le <b>Fond du planisph\u00e8re<\/b> est en noir \u00e9galement. On clique sur <b>OK<\/b> et on relance le calcul du planisph\u00e8re comme pr\u00e9c\u00e9demment.<\/span><\/p>\n<p><img loading=\"lazy\" decoding=\"async\" class=\"size-full wp-image-14537 aligncenter\" src=\"http:\/\/www.arnaudom.fr\/wordpress\/wp-content\/uploads\/2024\/12\/planete041.jpg\" alt=\"\" width=\"909\" height=\"365\" srcset=\"https:\/\/www.arnaudom.fr\/wordpress\/wp-content\/uploads\/2024\/12\/planete041.jpg 909w, https:\/\/www.arnaudom.fr\/wordpress\/wp-content\/uploads\/2024\/12\/planete041-300x120.jpg 300w, https:\/\/www.arnaudom.fr\/wordpress\/wp-content\/uploads\/2024\/12\/planete041-768x308.jpg 768w\" sizes=\"auto, (max-width: 909px) 100vw, 909px\" \/><\/p>\n<p><span style=\"color: #000000;\">Et voil\u00e0 le r\u00e9sultat. Nous allons maintenant pouvoir utiliser le planisph\u00e8re ainsi cr\u00e9\u00e9 comme une image que nous allons projeter sur une repr\u00e9sentation de Jupiter en rotation. Il ne reste plus qu&rsquo;\u00e0 sauvegarder l&rsquo;image et on peut passer \u00e0 la suite. C&rsquo;est encore Winjupos qui s&rsquo;occupe de tout, et c&rsquo;est maintenant !<br><\/span><\/p>\n<p><\/p>\t\t\t\t\t<\/div>\n\t\t\t\t\t\t<\/div>\n\t\t\t\t<\/div>\n\t\t\t\t<div class=\"elementor-element elementor-element-df90ee2 elementor-widget elementor-widget-heading\" data-id=\"df90ee2\" data-element_type=\"widget\" data-widget_type=\"heading.default\">\n\t\t\t\t<div class=\"elementor-widget-container\">\n\t\t\t<h2 class=\"elementor-heading-title elementor-size-default\">Cr\u00e9ation de l'animation<\/h2>\t\t<\/div>\n\t\t\t\t<\/div>\n\t\t\t\t<div class=\"elementor-element elementor-element-306877a elementor-drop-cap-yes elementor-drop-cap-view-default elementor-widget elementor-widget-text-editor\" data-id=\"306877a\" data-element_type=\"widget\" data-settings=\"{&quot;drop_cap&quot;:&quot;yes&quot;}\" data-widget_type=\"text-editor.default\">\n\t\t\t\t<div class=\"elementor-widget-container\">\n\t\t\t\t\t\t\t\t<div class=\"elementor-text-editor elementor-clearfix\">\n\t\t\t\t<p><span style=\"color: #000000;\">Alors maintenant, nous allons dans le menu <b>Outils<\/b> puis on clique sur <b>Calcul des \u00e9ph\u00e9m\u00e9rides&#8230;<\/b> L\u00e0 encore nous nous retrouvons avec un outil tr\u00e8s utile qui est la fen\u00eatre des \u00e9ph\u00e9m\u00e9rides de la plan\u00e8te, et qui permet de simuler la position de Jupiter et \u00e9ventuellement de ses satellites en fonction de l&rsquo;heure de la journ\u00e9e. Tr\u00e8s utile pour v\u00e9rifier par exemple si la grande tache rouge va \u00eatre pr\u00e9sente dans la soir\u00e9e ou si un satellite ne ferait pas un passage devant la plan\u00e8te afin de pouvoir photographier le passage de son ombre&#8230;<\/span><\/p>\n<p><img loading=\"lazy\" decoding=\"async\" class=\"size-full wp-image-14546 aligncenter\" src=\"http:\/\/www.arnaudom.fr\/wordpress\/wp-content\/uploads\/2024\/12\/planete042.jpg\" alt=\"\" width=\"783\" height=\"627\" srcset=\"https:\/\/www.arnaudom.fr\/wordpress\/wp-content\/uploads\/2024\/12\/planete042.jpg 783w, https:\/\/www.arnaudom.fr\/wordpress\/wp-content\/uploads\/2024\/12\/planete042-300x240.jpg 300w, https:\/\/www.arnaudom.fr\/wordpress\/wp-content\/uploads\/2024\/12\/planete042-768x615.jpg 768w\" sizes=\"auto, (max-width: 783px) 100vw, 783px\" \/><\/p>\n<p><\/p>\n<p><span style=\"color: #000000;\">La premi\u00e8re chose \u00e0 faire est de <b>r\u00e9gler la date et l&rsquo;heure<\/b> qui correspondent aux images d&rsquo;acquisition. La premi\u00e8re image de mon planisph\u00e8re a \u00e9t\u00e9 faite le 15 d\u00e9cembre 2024 \u00e0 22h09 <b>TU<\/b>, j&rsquo;ai donc indiqu\u00e9 ces valeurs dans les cases correspondantes (normalement ces informations sont contenues dans le nom des images enregistr\u00e9es au format Winjupos). On peut voir sur l&rsquo;image de la simulation la pr\u00e9sence de la grande tache rouge, \u00e7a tombe bien car \u00e7a correspond effectivement aux images que j&rsquo;ai faites, sur lesquelles elle figure \u00e9galement ! <br><\/span><\/p>\n<p><span style=\"color: #000000;\">On va maintenant aller sur l&rsquo;onglet <b>Options<\/b> et, en dessous de <b>Repr\u00e9sentation de la surface<\/b>, on va cliquer sur le bouton avec les trois petits points pour importer l&rsquo;image du planisph\u00e8re que l&rsquo;on a cr\u00e9\u00e9 afin d&rsquo;afficher son nom dans la case <b>Image utilis\u00e9e<\/b>. Ainsi, ce sont nos propres images qui vont maintenant servir de texture \u00e0 la repr\u00e9sentation de Jupiter. <br><\/span><\/p>\n<p><span style=\"color: #000000;\"><img loading=\"lazy\" decoding=\"async\" class=\"size-full wp-image-14551 aligncenter\" src=\"http:\/\/www.arnaudom.fr\/wordpress\/wp-content\/uploads\/2024\/12\/planete043.jpg\" alt=\"\" width=\"781\" height=\"630\" srcset=\"https:\/\/www.arnaudom.fr\/wordpress\/wp-content\/uploads\/2024\/12\/planete043.jpg 781w, https:\/\/www.arnaudom.fr\/wordpress\/wp-content\/uploads\/2024\/12\/planete043-300x242.jpg 300w, https:\/\/www.arnaudom.fr\/wordpress\/wp-content\/uploads\/2024\/12\/planete043-768x620.jpg 768w\" sizes=\"auto, (max-width: 781px) 100vw, 781px\" \/><\/span><\/p>\n<p><span style=\"color: #000000;\"><strong>A<\/strong><b>ttention<\/b>, pour que tout fonctionne bien, il faut v\u00e9rifier que les param\u00e8tres sont les m\u00eames que ceux que l&rsquo;on a utilis\u00e9s pour cr\u00e9er le planisph\u00e8re. Donc dans <b>Type de projection<\/b> je coche <b>Projection cylindrique de Lambert<\/b> et dans <b>Longitude du bord gauche du planisph\u00e8re<\/b> j&rsquo;entre <b>90\u00b0<\/b> (il faut \u00e9crire 0090.0) et je coche <b>Syst\u00e8me<\/b> <b>1<\/b> car ce sont les param\u00e8tres que j&rsquo;avais choisis pour mon planisph\u00e8re.<\/span><\/p>\n<p><span style=\"color: #000000;\">Bien, je retourne sur l&rsquo;onglet <b>Repr\u00e9sentation graphique<\/b> et, si tout se passe bien, je vois maintenant l&rsquo;image de Jupiter \u00ab\u00a0recouverte\u00a0\u00bb avec mon planisph\u00e8re. Si \u00e7a n&rsquo;est pas le cas, il faut bien v\u00e9rifier tous les param\u00e8tres : date, heure, longitude du bord gauche du planisph\u00e8re, orientation de l&rsquo;image (une fois j&rsquo;avais coch\u00e9 sans faire attention le bouton Image invers\u00e9e dans l&rsquo;onglet Options de la fen\u00eatre des mesures d&rsquo;images, j&rsquo;ai mis du temps \u00e0 m&rsquo;en apercevoir et toutes mes images et planisph\u00e8re \u00e9taient invers\u00e9s dans le sens est-ouest, je ne comprenais pourquoi)&#8230;<\/span><\/p>\n<p><span style=\"color: #000000;\"><img loading=\"lazy\" decoding=\"async\" class=\"size-full wp-image-14555 aligncenter\" src=\"http:\/\/www.arnaudom.fr\/wordpress\/wp-content\/uploads\/2024\/12\/planete044.jpg\" alt=\"\" width=\"780\" height=\"615\" srcset=\"https:\/\/www.arnaudom.fr\/wordpress\/wp-content\/uploads\/2024\/12\/planete044.jpg 780w, https:\/\/www.arnaudom.fr\/wordpress\/wp-content\/uploads\/2024\/12\/planete044-300x237.jpg 300w, https:\/\/www.arnaudom.fr\/wordpress\/wp-content\/uploads\/2024\/12\/planete044-768x606.jpg 768w\" sizes=\"auto, (max-width: 780px) 100vw, 780px\" \/><\/span><\/p>\n<p><span style=\"color: #000000;\">Bref, ici c&rsquo;est tout bon, je vois l&rsquo;image de la tache rouge que j&rsquo;ai faite, le plus dur est fait, c&rsquo;est maintenant qu&rsquo;on s&rsquo;amuse !<br><\/span><\/p>\n<p><span style=\"color: #000000;\">On coche sur l&rsquo;ic\u00f4ne <img loading=\"lazy\" decoding=\"async\" class=\"alignnone size-full wp-image-14560\" src=\"http:\/\/www.arnaudom.fr\/wordpress\/wp-content\/uploads\/2024\/12\/planete045.jpg\" alt=\"\" width=\"30\" height=\"29\"> <b>Enregistrer la s\u00e9quence d&rsquo;images<\/b> pour faire appara\u00eetre la fen\u00eatre correspondante :<\/span><\/p>\n<p><span style=\"color: #000000;\"><img loading=\"lazy\" decoding=\"async\" class=\"size-full wp-image-14561 aligncenter\" src=\"http:\/\/www.arnaudom.fr\/wordpress\/wp-content\/uploads\/2024\/12\/planete046.jpg\" alt=\"\" width=\"788\" height=\"341\" srcset=\"https:\/\/www.arnaudom.fr\/wordpress\/wp-content\/uploads\/2024\/12\/planete046.jpg 788w, https:\/\/www.arnaudom.fr\/wordpress\/wp-content\/uploads\/2024\/12\/planete046-300x130.jpg 300w, https:\/\/www.arnaudom.fr\/wordpress\/wp-content\/uploads\/2024\/12\/planete046-768x332.jpg 768w\" sizes=\"auto, (max-width: 788px) 100vw, 788px\" \/><\/span><\/p>\n<p><span style=\"color: #000000;\">&nbsp;Il faut v\u00e9rifier que <b>Nom du fichier<\/b> \u00e0 enregistrer est correct (et bien au format <b>.gif<\/b>, il peut \u00eatre au format <b>.ser<\/b>), et surtout il faut <b>r\u00e9gler les dates et heures<\/b> de d\u00e9but et de fin afin qu&rsquo;elles correspondent \u00e9videmment \u00e0 la premi\u00e8re et \u00e0 la derni\u00e8re image de la s\u00e9quence qu&rsquo;on a utilis\u00e9e. Il ne reste plus qu&rsquo;\u00e0 cliquer sur <b>Calculer<\/b> et voil\u00e0, l&rsquo;animation appara\u00eet !<\/span><\/p>\n<p><span style=\"color: #000000;\"> <img loading=\"lazy\" decoding=\"async\" class=\"size-full wp-image-14481 aligncenter\" src=\"http:\/\/www.arnaudom.fr\/wordpress\/wp-content\/uploads\/2024\/12\/2024-12-15-2209.0-Jupiter-NR.gif\" alt=\"\" width=\"300\" height=\"300\"><\/span><\/p>\n<p><span style=\"color: #000000;\">Apr\u00e8s il y a plusieurs options que l&rsquo;on peut modifier et\/ou cocher : la taille de l&rsquo;animation, si on veut inclure ou non les satellites \u00e9ventuels (Winjupos cr\u00e8e ainsi une simulation de l&rsquo;image des satellites \u00e9ventuellement pr\u00e9sents au moment de l&rsquo;acquisition), changer la taille de Jupiter, afficher ou nom des informations&#8230; Winjupos offre beaucoup de souplesse dans le rendu final.<br><\/span><\/p>\n<p><span style=\"color: #000000;\">Voici, \u00e0 partir des m\u00eames donn\u00e9es, une autre animation qui inclut la pr\u00e9sence de Ganym\u00e8de qui \u00ab\u00a0passait dans le coin\u00a0\u00bb au moment des acquisitions (j&rsquo;ai r\u00e9duit la taille de Jupiter dans la fen\u00eatre <b>Repr\u00e9sentation graphique<\/b>, cocher la case <b>Noms<\/b> pour que le logiciel nomme les objet, et choisit comme taille <b>400&#215;300<\/b> pour mon animation) :<\/span><\/p>\n<p><span style=\"color: #000000;\"><img loading=\"lazy\" decoding=\"async\" class=\"size-full wp-image-14565 aligncenter\" src=\"http:\/\/www.arnaudom.fr\/wordpress\/wp-content\/uploads\/2024\/12\/2024-12-15-2209.0-Jupiter-NR-1.gif\" alt=\"\" width=\"400\" height=\"300\"><\/span><\/p>\n<p><span style=\"color: #000000;\">Bref, Winjupos permet une nouvelle fois de faire une multitude de choses passionnantes \u00e0 partir de nos images plan\u00e9taires ! Amusez-vous bien ! <br><\/span><\/p>\n<p><\/p>\t\t\t\t\t<\/div>\n\t\t\t\t\t\t<\/div>\n\t\t\t\t<\/div>\n\t\t\t\t\t\t<\/div>\n\t\t\t\t\t<\/div>\n\t\t<\/div>\n\t\t\t\t\t\t\t\t<\/div>\n\t\t\t\t\t<\/div>\n\t\t<\/section>\n\t\t\t\t\t\t\t\t\t<\/div>\n\t\t\t<\/div>\n\t\t\t\t\t<\/div>\n\t\t","protected":false},"excerpt":{"rendered":"<p>Cr\u00e9er une animation de la rotation de Jupiter Ecrit le 15\/12\/2024. Cr\u00e9ation d&rsquo;un planisph\u00e8re Comme je le disais dans le tuto pr\u00e9c\u00e9dent, le logiciel Winjupos permet de cr\u00e9er une animation de la rotation des plan\u00e8tes \u00e0 partir des images que l&rsquo;on a cr\u00e9\u00e9es, et cela relativement facilement. Voici un exemple qui va montrer comment faire &hellip;<\/p>\n<p class=\"read-more\"> <a class=\"\" href=\"https:\/\/www.arnaudom.fr\/wordpress\/tplanete03\/\"> <span class=\"screen-reader-text\">tplanete03<\/span> Lire la suite\u00a0\u00bb<\/a><\/p>\n","protected":false},"author":1,"featured_media":0,"parent":0,"menu_order":0,"comment_status":"closed","ping_status":"closed","template":"","meta":{"site-sidebar-layout":"default","site-content-layout":"page-builder","ast-site-content-layout":"default","site-content-style":"default","site-sidebar-style":"default","ast-global-header-display":"","ast-banner-title-visibility":"","ast-main-header-display":"","ast-hfb-above-header-display":"","ast-hfb-below-header-display":"","ast-hfb-mobile-header-display":"","site-post-title":"disabled","ast-breadcrumbs-content":"","ast-featured-img":"disabled","footer-sml-layout":"","theme-transparent-header-meta":"","adv-header-id-meta":"","stick-header-meta":"","header-above-stick-meta":"","header-main-stick-meta":"","header-below-stick-meta":"","astra-migrate-meta-layouts":"set","ast-page-background-enabled":"default","ast-page-background-meta":{"desktop":{"background-color":"","background-image":"","background-repeat":"repeat","background-position":"center center","background-size":"auto","background-attachment":"scroll","background-type":"","background-media":"","overlay-type":"","overlay-color":"","overlay-gradient":""},"tablet":{"background-color":"","background-image":"","background-repeat":"repeat","background-position":"center center","background-size":"auto","background-attachment":"scroll","background-type":"","background-media":"","overlay-type":"","overlay-color":"","overlay-gradient":""},"mobile":{"background-color":"","background-image":"","background-repeat":"repeat","background-position":"center center","background-size":"auto","background-attachment":"scroll","background-type":"","background-media":"","overlay-type":"","overlay-color":"","overlay-gradient":""}},"ast-content-background-meta":{"desktop":{"background-color":"var(--ast-global-color-5)","background-image":"","background-repeat":"repeat","background-position":"center center","background-size":"auto","background-attachment":"scroll","background-type":"","background-media":"","overlay-type":"","overlay-color":"","overlay-gradient":""},"tablet":{"background-color":"var(--ast-global-color-5)","background-image":"","background-repeat":"repeat","background-position":"center center","background-size":"auto","background-attachment":"scroll","background-type":"","background-media":"","overlay-type":"","overlay-color":"","overlay-gradient":""},"mobile":{"background-color":"var(--ast-global-color-5)","background-image":"","background-repeat":"repeat","background-position":"center center","background-size":"auto","background-attachment":"scroll","background-type":"","background-media":"","overlay-type":"","overlay-color":"","overlay-gradient":""}},"footnotes":""},"class_list":["post-14400","page","type-page","status-publish","hentry"],"_links":{"self":[{"href":"https:\/\/www.arnaudom.fr\/wordpress\/wp-json\/wp\/v2\/pages\/14400","targetHints":{"allow":["GET"]}}],"collection":[{"href":"https:\/\/www.arnaudom.fr\/wordpress\/wp-json\/wp\/v2\/pages"}],"about":[{"href":"https:\/\/www.arnaudom.fr\/wordpress\/wp-json\/wp\/v2\/types\/page"}],"author":[{"embeddable":true,"href":"https:\/\/www.arnaudom.fr\/wordpress\/wp-json\/wp\/v2\/users\/1"}],"replies":[{"embeddable":true,"href":"https:\/\/www.arnaudom.fr\/wordpress\/wp-json\/wp\/v2\/comments?post=14400"}],"version-history":[{"count":71,"href":"https:\/\/www.arnaudom.fr\/wordpress\/wp-json\/wp\/v2\/pages\/14400\/revisions"}],"predecessor-version":[{"id":15324,"href":"https:\/\/www.arnaudom.fr\/wordpress\/wp-json\/wp\/v2\/pages\/14400\/revisions\/15324"}],"wp:attachment":[{"href":"https:\/\/www.arnaudom.fr\/wordpress\/wp-json\/wp\/v2\/media?parent=14400"}],"curies":[{"name":"wp","href":"https:\/\/api.w.org\/{rel}","templated":true}]}}