{"id":14345,"date":"2024-11-27T17:42:03","date_gmt":"2024-11-27T16:42:03","guid":{"rendered":"http:\/\/www.arnaudom.fr\/wordpress\/?page_id=14345"},"modified":"2024-11-27T22:12:13","modified_gmt":"2024-11-27T21:12:13","slug":"soleil27112024","status":"publish","type":"page","link":"https:\/\/www.arnaudom.fr\/wordpress\/soleil27112024\/","title":{"rendered":"soleil27112024"},"content":{"rendered":"\t\t<div data-elementor-type=\"wp-page\" data-elementor-id=\"14345\" class=\"elementor elementor-14345\">\n\t\t\t\t\t\t<div class=\"elementor-inner\">\n\t\t\t\t<div class=\"elementor-section-wrap\">\n\t\t\t\t\t\t\t\t\t<section class=\"elementor-section elementor-top-section elementor-element elementor-element-7893a69 elementor-section-boxed elementor-section-height-default elementor-section-height-default\" data-id=\"7893a69\" data-element_type=\"section\">\n\t\t\t\t\t\t<div class=\"elementor-container elementor-column-gap-default\">\n\t\t\t\t\t\t\t<div class=\"elementor-row\">\n\t\t\t\t\t<div class=\"elementor-column elementor-col-100 elementor-top-column elementor-element elementor-element-7ecb8fd\" data-id=\"7ecb8fd\" data-element_type=\"column\">\n\t\t\t<div class=\"elementor-column-wrap elementor-element-populated\">\n\t\t\t\t\t\t\t<div class=\"elementor-widget-wrap\">\n\t\t\t\t\t\t<div class=\"elementor-element elementor-element-96ae63a elementor-widget elementor-widget-heading\" data-id=\"96ae63a\" data-element_type=\"widget\" data-widget_type=\"heading.default\">\n\t\t\t\t<div class=\"elementor-widget-container\">\n\t\t\t<h1 class=\"elementor-heading-title elementor-size-default\">Soleil du 27 novembre 2024<\/h1>\t\t<\/div>\n\t\t\t\t<\/div>\n\t\t\t\t\t\t<\/div>\n\t\t\t\t\t<\/div>\n\t\t<\/div>\n\t\t\t\t\t\t\t\t<\/div>\n\t\t\t\t\t<\/div>\n\t\t<\/section>\n\t\t\t\t<section class=\"elementor-section elementor-top-section elementor-element elementor-element-d31f0e4 elementor-section-boxed elementor-section-height-default elementor-section-height-default\" data-id=\"d31f0e4\" data-element_type=\"section\">\n\t\t\t\t\t\t<div class=\"elementor-container elementor-column-gap-default\">\n\t\t\t\t\t\t\t<div class=\"elementor-row\">\n\t\t\t\t\t<div class=\"elementor-column elementor-col-100 elementor-top-column elementor-element elementor-element-d419265\" data-id=\"d419265\" data-element_type=\"column\">\n\t\t\t<div class=\"elementor-column-wrap elementor-element-populated\">\n\t\t\t\t\t\t\t<div class=\"elementor-widget-wrap\">\n\t\t\t\t\t\t<div class=\"elementor-element elementor-element-1f28eac elementor-widget elementor-widget-heading\" data-id=\"1f28eac\" data-element_type=\"widget\" data-widget_type=\"heading.default\">\n\t\t\t\t<div class=\"elementor-widget-container\">\n\t\t\t<h2 class=\"elementor-heading-title elementor-size-default\">Soleil en H-Alpha<\/h2>\t\t<\/div>\n\t\t\t\t<\/div>\n\t\t\t\t<div class=\"elementor-element elementor-element-5e8621b elementor-widget elementor-widget-image\" data-id=\"5e8621b\" data-element_type=\"widget\" data-widget_type=\"image.default\">\n\t\t\t\t<div class=\"elementor-widget-container\">\n\t\t\t\t\t\t\t\t<div class=\"elementor-image\">\n\t\t\t\t\t\t\t\t\t\t\t\t<img loading=\"lazy\" decoding=\"async\" width=\"1024\" height=\"1024\" src=\"https:\/\/www.arnaudom.fr\/wordpress\/wp-content\/uploads\/2024\/11\/best-6-1024x1024.jpg\" class=\"attachment-large size-large wp-image-14349\" alt=\"\" srcset=\"https:\/\/www.arnaudom.fr\/wordpress\/wp-content\/uploads\/2024\/11\/best-6-1024x1024.jpg 1024w, https:\/\/www.arnaudom.fr\/wordpress\/wp-content\/uploads\/2024\/11\/best-6-300x300.jpg 300w, https:\/\/www.arnaudom.fr\/wordpress\/wp-content\/uploads\/2024\/11\/best-6-150x150.jpg 150w, https:\/\/www.arnaudom.fr\/wordpress\/wp-content\/uploads\/2024\/11\/best-6-768x768.jpg 768w, https:\/\/www.arnaudom.fr\/wordpress\/wp-content\/uploads\/2024\/11\/best-6-1536x1536.jpg 1536w, https:\/\/www.arnaudom.fr\/wordpress\/wp-content\/uploads\/2024\/11\/best-6.jpg 1544w\" sizes=\"auto, (max-width: 1024px) 100vw, 1024px\" \/>\t\t\t\t\t\t\t\t\t\t\t\t\t\t<\/div>\n\t\t\t\t\t\t<\/div>\n\t\t\t\t<\/div>\n\t\t\t\t<div class=\"elementor-element elementor-element-9fff987 elementor-widget elementor-widget-heading\" data-id=\"9fff987\" data-element_type=\"widget\" data-widget_type=\"heading.default\">\n\t\t\t\t<div class=\"elementor-widget-container\">\n\t\t\t<h2 class=\"elementor-heading-title elementor-size-default\">Image invers\u00e9e<\/h2>\t\t<\/div>\n\t\t\t\t<\/div>\n\t\t\t\t<div class=\"elementor-element elementor-element-a370242 elementor-widget elementor-widget-image\" data-id=\"a370242\" data-element_type=\"widget\" data-widget_type=\"image.default\">\n\t\t\t\t<div class=\"elementor-widget-container\">\n\t\t\t\t\t\t\t\t<div class=\"elementor-image\">\n\t\t\t\t\t\t\t\t\t\t\t\t<img loading=\"lazy\" decoding=\"async\" width=\"1024\" height=\"976\" src=\"https:\/\/www.arnaudom.fr\/wordpress\/wp-content\/uploads\/2024\/11\/inv-7-1024x976.jpg\" class=\"attachment-large size-large wp-image-14350\" alt=\"\" srcset=\"https:\/\/www.arnaudom.fr\/wordpress\/wp-content\/uploads\/2024\/11\/inv-7-1024x976.jpg 1024w, https:\/\/www.arnaudom.fr\/wordpress\/wp-content\/uploads\/2024\/11\/inv-7-300x286.jpg 300w, https:\/\/www.arnaudom.fr\/wordpress\/wp-content\/uploads\/2024\/11\/inv-7-768x732.jpg 768w, https:\/\/www.arnaudom.fr\/wordpress\/wp-content\/uploads\/2024\/11\/inv-7.jpg 1528w\" sizes=\"auto, (max-width: 1024px) 100vw, 1024px\" \/>\t\t\t\t\t\t\t\t\t\t\t\t\t\t<\/div>\n\t\t\t\t\t\t<\/div>\n\t\t\t\t<\/div>\n\t\t\t\t<div class=\"elementor-element elementor-element-bcceeac elementor-widget elementor-widget-heading\" data-id=\"bcceeac\" data-element_type=\"widget\" data-widget_type=\"heading.default\">\n\t\t\t\t<div class=\"elementor-widget-container\">\n\t\t\t<h2 class=\"elementor-heading-title elementor-size-default\">Stacking de 5 images<\/h2>\t\t<\/div>\n\t\t\t\t<\/div>\n\t\t\t\t<div class=\"elementor-element elementor-element-85979fc elementor-widget elementor-widget-image\" data-id=\"85979fc\" data-element_type=\"widget\" data-widget_type=\"image.default\">\n\t\t\t\t<div class=\"elementor-widget-container\">\n\t\t\t\t\t\t\t\t<div class=\"elementor-image\">\n\t\t\t\t\t\t\t\t\t\t\t\t<img loading=\"lazy\" decoding=\"async\" width=\"1024\" height=\"976\" src=\"https:\/\/www.arnaudom.fr\/wordpress\/wp-content\/uploads\/2024\/11\/stack5-2-1024x976.jpg\" class=\"attachment-large size-large wp-image-14351\" alt=\"\" srcset=\"https:\/\/www.arnaudom.fr\/wordpress\/wp-content\/uploads\/2024\/11\/stack5-2-1024x976.jpg 1024w, https:\/\/www.arnaudom.fr\/wordpress\/wp-content\/uploads\/2024\/11\/stack5-2-300x286.jpg 300w, https:\/\/www.arnaudom.fr\/wordpress\/wp-content\/uploads\/2024\/11\/stack5-2-768x732.jpg 768w, https:\/\/www.arnaudom.fr\/wordpress\/wp-content\/uploads\/2024\/11\/stack5-2.jpg 1528w\" sizes=\"auto, (max-width: 1024px) 100vw, 1024px\" \/>\t\t\t\t\t\t\t\t\t\t\t\t\t\t<\/div>\n\t\t\t\t\t\t<\/div>\n\t\t\t\t<\/div>\n\t\t\t\t<div class=\"elementor-element elementor-element-6221b1a elementor-widget elementor-widget-heading\" data-id=\"6221b1a\" data-element_type=\"widget\" data-widget_type=\"heading.default\">\n\t\t\t\t<div class=\"elementor-widget-container\">\n\t\t\t<h2 class=\"elementor-heading-title elementor-size-default\">Stacking en couleur<\/h2>\t\t<\/div>\n\t\t\t\t<\/div>\n\t\t\t\t<div class=\"elementor-element elementor-element-bfffc75 elementor-widget elementor-widget-image\" data-id=\"bfffc75\" data-element_type=\"widget\" data-widget_type=\"image.default\">\n\t\t\t\t<div class=\"elementor-widget-container\">\n\t\t\t\t\t\t\t\t<div class=\"elementor-image\">\n\t\t\t\t\t\t\t\t\t\t\t\t<img loading=\"lazy\" decoding=\"async\" width=\"1024\" height=\"976\" src=\"https:\/\/www.arnaudom.fr\/wordpress\/wp-content\/uploads\/2024\/11\/col-7-1024x976.jpg\" class=\"attachment-large size-large wp-image-14353\" alt=\"\" srcset=\"https:\/\/www.arnaudom.fr\/wordpress\/wp-content\/uploads\/2024\/11\/col-7-1024x976.jpg 1024w, https:\/\/www.arnaudom.fr\/wordpress\/wp-content\/uploads\/2024\/11\/col-7-300x286.jpg 300w, https:\/\/www.arnaudom.fr\/wordpress\/wp-content\/uploads\/2024\/11\/col-7-768x732.jpg 768w, https:\/\/www.arnaudom.fr\/wordpress\/wp-content\/uploads\/2024\/11\/col-7.jpg 1528w\" sizes=\"auto, (max-width: 1024px) 100vw, 1024px\" \/>\t\t\t\t\t\t\t\t\t\t\t\t\t\t<\/div>\n\t\t\t\t\t\t<\/div>\n\t\t\t\t<\/div>\n\t\t\t\t<div class=\"elementor-element elementor-element-89bb844 elementor-widget elementor-widget-heading\" data-id=\"89bb844\" data-element_type=\"widget\" data-widget_type=\"heading.default\">\n\t\t\t\t<div class=\"elementor-widget-container\">\n\t\t\t<h2 class=\"elementor-heading-title elementor-size-default\">Protub\u00e9rances<\/h2>\t\t<\/div>\n\t\t\t\t<\/div>\n\t\t\t\t<div class=\"elementor-element elementor-element-2ad9aad elementor-widget elementor-widget-image\" data-id=\"2ad9aad\" data-element_type=\"widget\" data-widget_type=\"image.default\">\n\t\t\t\t<div class=\"elementor-widget-container\">\n\t\t\t\t\t\t\t\t<div class=\"elementor-image\">\n\t\t\t\t\t\t\t\t\t\t\t\t<img loading=\"lazy\" decoding=\"async\" width=\"1024\" height=\"1024\" src=\"https:\/\/www.arnaudom.fr\/wordpress\/wp-content\/uploads\/2024\/11\/protus-3-1024x1024.jpg\" class=\"attachment-large size-large wp-image-14354\" alt=\"\" srcset=\"https:\/\/www.arnaudom.fr\/wordpress\/wp-content\/uploads\/2024\/11\/protus-3-1024x1024.jpg 1024w, https:\/\/www.arnaudom.fr\/wordpress\/wp-content\/uploads\/2024\/11\/protus-3-300x300.jpg 300w, https:\/\/www.arnaudom.fr\/wordpress\/wp-content\/uploads\/2024\/11\/protus-3-150x150.jpg 150w, https:\/\/www.arnaudom.fr\/wordpress\/wp-content\/uploads\/2024\/11\/protus-3-768x768.jpg 768w, https:\/\/www.arnaudom.fr\/wordpress\/wp-content\/uploads\/2024\/11\/protus-3-1536x1536.jpg 1536w, https:\/\/www.arnaudom.fr\/wordpress\/wp-content\/uploads\/2024\/11\/protus-3.jpg 1544w\" sizes=\"auto, (max-width: 1024px) 100vw, 1024px\" \/>\t\t\t\t\t\t\t\t\t\t\t\t\t\t<\/div>\n\t\t\t\t\t\t<\/div>\n\t\t\t\t<\/div>\n\t\t\t\t<div class=\"elementor-element elementor-element-da3bcff elementor-widget elementor-widget-heading\" data-id=\"da3bcff\" data-element_type=\"widget\" data-widget_type=\"heading.default\">\n\t\t\t\t<div class=\"elementor-widget-container\">\n\t\t\t<h2 class=\"elementor-heading-title elementor-size-default\">Taches solaires<\/h2>\t\t<\/div>\n\t\t\t\t<\/div>\n\t\t\t\t<div class=\"elementor-element elementor-element-47f78bc elementor-widget elementor-widget-image\" data-id=\"47f78bc\" data-element_type=\"widget\" data-widget_type=\"image.default\">\n\t\t\t\t<div class=\"elementor-widget-container\">\n\t\t\t\t\t\t\t\t<div class=\"elementor-image\">\n\t\t\t\t\t\t\t\t\t\t\t\t<img loading=\"lazy\" decoding=\"async\" width=\"1024\" height=\"1024\" src=\"https:\/\/www.arnaudom.fr\/wordpress\/wp-content\/uploads\/2024\/11\/tache-6-1024x1024.jpg\" class=\"attachment-large size-large wp-image-14355\" alt=\"\" srcset=\"https:\/\/www.arnaudom.fr\/wordpress\/wp-content\/uploads\/2024\/11\/tache-6-1024x1024.jpg 1024w, https:\/\/www.arnaudom.fr\/wordpress\/wp-content\/uploads\/2024\/11\/tache-6-300x300.jpg 300w, https:\/\/www.arnaudom.fr\/wordpress\/wp-content\/uploads\/2024\/11\/tache-6-150x150.jpg 150w, https:\/\/www.arnaudom.fr\/wordpress\/wp-content\/uploads\/2024\/11\/tache-6-768x768.jpg 768w, https:\/\/www.arnaudom.fr\/wordpress\/wp-content\/uploads\/2024\/11\/tache-6-1536x1536.jpg 1536w, https:\/\/www.arnaudom.fr\/wordpress\/wp-content\/uploads\/2024\/11\/tache-6.jpg 1544w\" sizes=\"auto, (max-width: 1024px) 100vw, 1024px\" \/>\t\t\t\t\t\t\t\t\t\t\t\t\t\t<\/div>\n\t\t\t\t\t\t<\/div>\n\t\t\t\t<\/div>\n\t\t\t\t\t\t<\/div>\n\t\t\t\t\t<\/div>\n\t\t<\/div>\n\t\t\t\t\t\t\t\t<\/div>\n\t\t\t\t\t<\/div>\n\t\t<\/section>\n\t\t\t\t<section class=\"elementor-section elementor-top-section elementor-element elementor-element-a346c35 elementor-section-boxed elementor-section-height-default elementor-section-height-default\" data-id=\"a346c35\" data-element_type=\"section\">\n\t\t\t\t\t\t<div class=\"elementor-container elementor-column-gap-default\">\n\t\t\t\t\t\t\t<div class=\"elementor-row\">\n\t\t\t\t\t<div class=\"elementor-column elementor-col-100 elementor-top-column elementor-element elementor-element-2786f57\" data-id=\"2786f57\" data-element_type=\"column\" data-settings=\"{&quot;background_background&quot;:&quot;classic&quot;}\">\n\t\t\t<div class=\"elementor-column-wrap elementor-element-populated\">\n\t\t\t\t\t\t\t<div class=\"elementor-widget-wrap\">\n\t\t\t\t\t\t<div class=\"elementor-element elementor-element-2ba8963 elementor-widget elementor-widget-text-editor\" data-id=\"2ba8963\" data-element_type=\"widget\" data-widget_type=\"text-editor.default\">\n\t\t\t\t<div class=\"elementor-widget-container\">\n\t\t\t\t\t\t\t\t<div class=\"elementor-text-editor elementor-clearfix\">\n\t\t\t\t<p style=\"text-align: center;\"><b>Donn\u00e9es techniques :<\/b><\/p>\n<ul>\n<li>Lunette Skywatcher ED 72\/420 avec filtre Hoya ND 1,2 sur EQ6.<br><\/li>\n<li>Sol&rsquo;ex r\u00e9gl\u00e9 sur la raie H-Alpha.<\/li>\n<li>Filtre H-Alpha 6 nm.<\/li>\n<li>Cam\u00e9ra ZWO ASI 178 MM.<\/li>\n<li>Capture avec Firecapture.<\/li>\n<li>Stacking avec Autostakkert.<\/li><li>Colorisation avec Gimp.<\/li>\n<\/ul>\t\t\t\t\t<\/div>\n\t\t\t\t\t\t<\/div>\n\t\t\t\t<\/div>\n\t\t\t\t\t\t<\/div>\n\t\t\t\t\t<\/div>\n\t\t<\/div>\n\t\t\t\t\t\t\t\t<\/div>\n\t\t\t\t\t<\/div>\n\t\t<\/section>\n\t\t\t\t\t\t\t\t\t<\/div>\n\t\t\t<\/div>\n\t\t\t\t\t<\/div>\n\t\t","protected":false},"excerpt":{"rendered":"<p>Soleil du 27 novembre 2024 Soleil en H-Alpha Image invers\u00e9e Stacking de 5 images Stacking en couleur Protub\u00e9rances Taches solaires Donn\u00e9es techniques : Lunette Skywatcher ED 72\/420 avec filtre Hoya ND 1,2 sur EQ6. Sol&rsquo;ex r\u00e9gl\u00e9 sur la raie H-Alpha. Filtre H-Alpha 6 nm. Cam\u00e9ra ZWO ASI 178 MM. Capture avec Firecapture. Stacking avec Autostakkert. &hellip;<\/p>\n<p class=\"read-more\"> <a class=\"\" href=\"https:\/\/www.arnaudom.fr\/wordpress\/soleil27112024\/\"> <span class=\"screen-reader-text\">soleil27112024<\/span> Lire la suite\u00a0\u00bb<\/a><\/p>\n","protected":false},"author":1,"featured_media":0,"parent":0,"menu_order":0,"comment_status":"closed","ping_status":"closed","template":"","meta":{"site-sidebar-layout":"default","site-content-layout":"page-builder","ast-site-content-layout":"default","site-content-style":"default","site-sidebar-style":"default","ast-global-header-display":"","ast-banner-title-visibility":"","ast-main-header-display":"","ast-hfb-above-header-display":"","ast-hfb-below-header-display":"","ast-hfb-mobile-header-display":"","site-post-title":"disabled","ast-breadcrumbs-content":"","ast-featured-img":"disabled","footer-sml-layout":"","theme-transparent-header-meta":"","adv-header-id-meta":"","stick-header-meta":"","header-above-stick-meta":"","header-main-stick-meta":"","header-below-stick-meta":"","astra-migrate-meta-layouts":"set","ast-page-background-enabled":"default","ast-page-background-meta":{"desktop":{"background-color":"","background-image":"","background-repeat":"repeat","background-position":"center center","background-size":"auto","background-attachment":"scroll","background-type":"","background-media":"","overlay-type":"","overlay-color":"","overlay-gradient":""},"tablet":{"background-color":"","background-image":"","background-repeat":"repeat","background-position":"center center","background-size":"auto","background-attachment":"scroll","background-type":"","background-media":"","overlay-type":"","overlay-color":"","overlay-gradient":""},"mobile":{"background-color":"","background-image":"","background-repeat":"repeat","background-position":"center center","background-size":"auto","background-attachment":"scroll","background-type":"","background-media":"","overlay-type":"","overlay-color":"","overlay-gradient":""}},"ast-content-background-meta":{"desktop":{"background-color":"var(--ast-global-color-5)","background-image":"","background-repeat":"repeat","background-position":"center center","background-size":"auto","background-attachment":"scroll","background-type":"","background-media":"","overlay-type":"","overlay-color":"","overlay-gradient":""},"tablet":{"background-color":"var(--ast-global-color-5)","background-image":"","background-repeat":"repeat","background-position":"center center","background-size":"auto","background-attachment":"scroll","background-type":"","background-media":"","overlay-type":"","overlay-color":"","overlay-gradient":""},"mobile":{"background-color":"var(--ast-global-color-5)","background-image":"","background-repeat":"repeat","background-position":"center center","background-size":"auto","background-attachment":"scroll","background-type":"","background-media":"","overlay-type":"","overlay-color":"","overlay-gradient":""}},"footnotes":""},"class_list":["post-14345","page","type-page","status-publish","hentry"],"_links":{"self":[{"href":"https:\/\/www.arnaudom.fr\/wordpress\/wp-json\/wp\/v2\/pages\/14345","targetHints":{"allow":["GET"]}}],"collection":[{"href":"https:\/\/www.arnaudom.fr\/wordpress\/wp-json\/wp\/v2\/pages"}],"about":[{"href":"https:\/\/www.arnaudom.fr\/wordpress\/wp-json\/wp\/v2\/types\/page"}],"author":[{"embeddable":true,"href":"https:\/\/www.arnaudom.fr\/wordpress\/wp-json\/wp\/v2\/users\/1"}],"replies":[{"embeddable":true,"href":"https:\/\/www.arnaudom.fr\/wordpress\/wp-json\/wp\/v2\/comments?post=14345"}],"version-history":[{"count":5,"href":"https:\/\/www.arnaudom.fr\/wordpress\/wp-json\/wp\/v2\/pages\/14345\/revisions"}],"predecessor-version":[{"id":14359,"href":"https:\/\/www.arnaudom.fr\/wordpress\/wp-json\/wp\/v2\/pages\/14345\/revisions\/14359"}],"wp:attachment":[{"href":"https:\/\/www.arnaudom.fr\/wordpress\/wp-json\/wp\/v2\/media?parent=14345"}],"curies":[{"name":"wp","href":"https:\/\/api.w.org\/{rel}","templated":true}]}}