{"id":12763,"date":"2024-05-18T06:15:21","date_gmt":"2024-05-18T04:15:21","guid":{"rendered":"http:\/\/www.arnaudom.fr\/wordpress\/?page_id=12763"},"modified":"2025-06-30T23:31:38","modified_gmt":"2025-06-30T21:31:38","slug":"ngc3718","status":"publish","type":"page","link":"https:\/\/www.arnaudom.fr\/wordpress\/ngc3718\/","title":{"rendered":"NGC3718"},"content":{"rendered":"\t\t<div data-elementor-type=\"wp-page\" data-elementor-id=\"12763\" class=\"elementor elementor-12763\">\n\t\t\t\t\t\t<div class=\"elementor-inner\">\n\t\t\t\t<div class=\"elementor-section-wrap\">\n\t\t\t\t\t\t\t\t\t<section class=\"elementor-section elementor-top-section elementor-element elementor-element-f717088 elementor-section-full_width elementor-section-height-default elementor-section-height-default\" data-id=\"f717088\" data-element_type=\"section\" data-settings=\"{&quot;background_background&quot;:&quot;classic&quot;}\">\n\t\t\t\t\t\t<div class=\"elementor-container elementor-column-gap-default\">\n\t\t\t\t\t\t\t<div class=\"elementor-row\">\n\t\t\t\t\t<div class=\"elementor-column elementor-col-100 elementor-top-column elementor-element elementor-element-55909a5\" data-id=\"55909a5\" data-element_type=\"column\">\n\t\t\t<div class=\"elementor-column-wrap\">\n\t\t\t\t\t\t\t<div class=\"elementor-widget-wrap\">\n\t\t\t\t\t\t\t\t<\/div>\n\t\t\t\t\t<\/div>\n\t\t<\/div>\n\t\t\t\t\t\t\t\t<\/div>\n\t\t\t\t\t<\/div>\n\t\t<\/section>\n\t\t\t\t<section class=\"elementor-section elementor-top-section elementor-element elementor-element-1ba993f elementor-section-full_width elementor-section-height-default elementor-section-height-default\" data-id=\"1ba993f\" data-element_type=\"section\" data-settings=\"{&quot;background_background&quot;:&quot;classic&quot;}\">\n\t\t\t\t\t\t<div class=\"elementor-container elementor-column-gap-default\">\n\t\t\t\t\t\t\t<div class=\"elementor-row\">\n\t\t\t\t\t<div class=\"elementor-column elementor-col-100 elementor-top-column elementor-element elementor-element-754a097\" data-id=\"754a097\" data-element_type=\"column\" data-settings=\"{&quot;background_background&quot;:&quot;classic&quot;}\">\n\t\t\t<div class=\"elementor-column-wrap elementor-element-populated\">\n\t\t\t\t\t\t\t<div class=\"elementor-widget-wrap\">\n\t\t\t\t\t\t<div class=\"elementor-element elementor-element-70911e9 elementor-widget elementor-widget-heading\" data-id=\"70911e9\" data-element_type=\"widget\" data-widget_type=\"heading.default\">\n\t\t\t\t<div class=\"elementor-widget-container\">\n\t\t\t<h1 class=\"elementor-heading-title elementor-size-default\">NGC 3718 dans la Grande Ourse<\/h1>\t\t<\/div>\n\t\t\t\t<\/div>\n\t\t\t\t<div class=\"elementor-element elementor-element-b5255b7 elementor-widget elementor-widget-text-editor\" data-id=\"b5255b7\" data-element_type=\"widget\" data-widget_type=\"text-editor.default\">\n\t\t\t\t<div class=\"elementor-widget-container\">\n\t\t\t\t\t\t\t\t<div class=\"elementor-text-editor elementor-clearfix\">\n\t\t\t\t<p style=\"text-align: center;\">Deux images sur cette page.<br \/>Les images sont class\u00e9es de la plus r\u00e9cente \u00e0 la moins r\u00e9cente.<\/p>\t\t\t\t\t<\/div>\n\t\t\t\t\t\t<\/div>\n\t\t\t\t<\/div>\n\t\t\t\t<div class=\"elementor-element elementor-element-3b4f4be elementor-widget elementor-widget-text-editor\" data-id=\"3b4f4be\" data-element_type=\"widget\" data-widget_type=\"text-editor.default\">\n\t\t\t\t<div class=\"elementor-widget-container\">\n\t\t\t\t\t\t\t\t<div class=\"elementor-text-editor elementor-clearfix\">\n\t\t\t\t<p style=\"text-align: center;\">Photographi\u00e9e en mai 2025.<\/p>\t\t\t\t\t<\/div>\n\t\t\t\t\t\t<\/div>\n\t\t\t\t<\/div>\n\t\t\t\t<div class=\"elementor-element elementor-element-de5e94c elementor-widget elementor-widget-image\" data-id=\"de5e94c\" data-element_type=\"widget\" data-widget_type=\"image.default\">\n\t\t\t\t<div class=\"elementor-widget-container\">\n\t\t\t\t\t\t\t\t<div class=\"elementor-image\">\n\t\t\t\t\t\t\t\t\t\t\t\t<img loading=\"lazy\" decoding=\"async\" width=\"1024\" height=\"809\" src=\"https:\/\/www.arnaudom.fr\/wordpress\/wp-content\/uploads\/2025\/06\/Finale2-1-1024x809.jpg\" class=\"attachment-large size-large wp-image-16080\" alt=\"\" srcset=\"https:\/\/www.arnaudom.fr\/wordpress\/wp-content\/uploads\/2025\/06\/Finale2-1-1024x809.jpg 1024w, https:\/\/www.arnaudom.fr\/wordpress\/wp-content\/uploads\/2025\/06\/Finale2-1-300x237.jpg 300w, https:\/\/www.arnaudom.fr\/wordpress\/wp-content\/uploads\/2025\/06\/Finale2-1-768x606.jpg 768w, https:\/\/www.arnaudom.fr\/wordpress\/wp-content\/uploads\/2025\/06\/Finale2-1-1536x1213.jpg 1536w, https:\/\/www.arnaudom.fr\/wordpress\/wp-content\/uploads\/2025\/06\/Finale2-1-2048x1617.jpg 2048w\" sizes=\"auto, (max-width: 1024px) 100vw, 1024px\" \/>\t\t\t\t\t\t\t\t\t\t\t\t\t\t<\/div>\n\t\t\t\t\t\t<\/div>\n\t\t\t\t<\/div>\n\t\t\t\t<div class=\"elementor-element elementor-element-86ae04c elementor-widget elementor-widget-heading\" data-id=\"86ae04c\" data-element_type=\"widget\" data-widget_type=\"heading.default\">\n\t\t\t\t<div class=\"elementor-widget-container\">\n\t\t\t<h2 class=\"elementor-heading-title elementor-size-default\">Un peu d'astrom\u00e9trie :<\/h2>\t\t<\/div>\n\t\t\t\t<\/div>\n\t\t\t\t<div class=\"elementor-element elementor-element-3ee3d7c elementor-widget elementor-widget-image\" data-id=\"3ee3d7c\" data-element_type=\"widget\" data-widget_type=\"image.default\">\n\t\t\t\t<div class=\"elementor-widget-container\">\n\t\t\t\t\t\t\t\t<div class=\"elementor-image\">\n\t\t\t\t\t\t\t\t\t\t\t\t<img loading=\"lazy\" decoding=\"async\" width=\"1024\" height=\"809\" src=\"https:\/\/www.arnaudom.fr\/wordpress\/wp-content\/uploads\/2025\/06\/Image01_Annotated-1024x809.jpg\" class=\"attachment-large size-large wp-image-16081\" alt=\"\" srcset=\"https:\/\/www.arnaudom.fr\/wordpress\/wp-content\/uploads\/2025\/06\/Image01_Annotated-1024x809.jpg 1024w, https:\/\/www.arnaudom.fr\/wordpress\/wp-content\/uploads\/2025\/06\/Image01_Annotated-300x237.jpg 300w, https:\/\/www.arnaudom.fr\/wordpress\/wp-content\/uploads\/2025\/06\/Image01_Annotated-768x606.jpg 768w, https:\/\/www.arnaudom.fr\/wordpress\/wp-content\/uploads\/2025\/06\/Image01_Annotated-1536x1213.jpg 1536w, https:\/\/www.arnaudom.fr\/wordpress\/wp-content\/uploads\/2025\/06\/Image01_Annotated-2048x1617.jpg 2048w\" sizes=\"auto, (max-width: 1024px) 100vw, 1024px\" \/>\t\t\t\t\t\t\t\t\t\t\t\t\t\t<\/div>\n\t\t\t\t\t\t<\/div>\n\t\t\t\t<\/div>\n\t\t\t\t<div class=\"elementor-element elementor-element-98264e8 elementor-widget elementor-widget-text-editor\" data-id=\"98264e8\" data-element_type=\"widget\" data-widget_type=\"text-editor.default\">\n\t\t\t\t<div class=\"elementor-widget-container\">\n\t\t\t\t\t\t\t\t<div class=\"elementor-text-editor elementor-clearfix\">\n\t\t\t\t<p style=\"text-align: center;\"><strong><span style=\"color: #00cece;\">Newton TS Carbone 200\/800 + Monture EQ6 Pro + ZWO 1600 Pro + Paracorr Televue + Filtres LRGB<br>Autoguidage : lunette Skywatcher 80\/400 + Zwo 120 mini<br>29 x 3 min L +9 x 3 min R + 9 x 3 min G + 9 x 3 min B + 15 dark + 10 flat par filtre<\/span><\/strong><\/p>\t\t\t\t\t<\/div>\n\t\t\t\t\t\t<\/div>\n\t\t\t\t<\/div>\n\t\t\t\t<div class=\"elementor-element elementor-element-ce7cb21 elementor-widget elementor-widget-text-editor\" data-id=\"ce7cb21\" data-element_type=\"widget\" data-widget_type=\"text-editor.default\">\n\t\t\t\t<div class=\"elementor-widget-container\">\n\t\t\t\t\t\t\t\t<div class=\"elementor-text-editor elementor-clearfix\">\n\t\t\t\t<p style=\"text-align: center;\">Un an apr\u00e8s avoir photographi\u00e9 NGC 3718 pour la premi\u00e8re fois, j&rsquo;ai d\u00e9cid\u00e9 de lui tirer \u00e0 nouveau le portrait, tant cette galaxie me pla\u00eet par sa forme si particuli\u00e8re et la belle bande de poussi\u00e8res qui la traverse de part en part. L&rsquo;orientation de la photographie me semble \u00e9galement plus int\u00e9ressante ainsi. Le rep\u00e9rage des galaxies est peaufin\u00e9 par des r\u00e9glages appropri\u00e9s dans le script de Pixinsight, qui permet en particulier l&rsquo;utilisation du catalogue ARP qui recensent des galaxies aux formes tr\u00e8s particuli\u00e8res.&nbsp; &nbsp;&nbsp;<br><\/p>\t\t\t\t\t<\/div>\n\t\t\t\t\t\t<\/div>\n\t\t\t\t<\/div>\n\t\t\t\t<div class=\"elementor-element elementor-element-229bf52 elementor-widget elementor-widget-text-editor\" data-id=\"229bf52\" data-element_type=\"widget\" data-widget_type=\"text-editor.default\">\n\t\t\t\t<div class=\"elementor-widget-container\">\n\t\t\t\t\t\t\t\t<div class=\"elementor-text-editor elementor-clearfix\">\n\t\t\t\t<p style=\"text-align: center;\">Photographi\u00e9e en mai 2024.<\/p>\t\t\t\t\t<\/div>\n\t\t\t\t\t\t<\/div>\n\t\t\t\t<\/div>\n\t\t\t\t<div class=\"elementor-element elementor-element-f9c759e elementor-widget elementor-widget-image\" data-id=\"f9c759e\" data-element_type=\"widget\" data-widget_type=\"image.default\">\n\t\t\t\t<div class=\"elementor-widget-container\">\n\t\t\t\t\t\t\t\t<div class=\"elementor-image\">\n\t\t\t\t\t\t\t\t\t\t\t\t<img loading=\"lazy\" decoding=\"async\" width=\"1024\" height=\"827\" src=\"https:\/\/www.arnaudom.fr\/wordpress\/wp-content\/uploads\/2024\/05\/NGC3718-1024x827.jpg\" class=\"attachment-large size-large wp-image-12769\" alt=\"\" srcset=\"https:\/\/www.arnaudom.fr\/wordpress\/wp-content\/uploads\/2024\/05\/NGC3718-1024x827.jpg 1024w, https:\/\/www.arnaudom.fr\/wordpress\/wp-content\/uploads\/2024\/05\/NGC3718-300x242.jpg 300w, https:\/\/www.arnaudom.fr\/wordpress\/wp-content\/uploads\/2024\/05\/NGC3718-768x620.jpg 768w, https:\/\/www.arnaudom.fr\/wordpress\/wp-content\/uploads\/2024\/05\/NGC3718-1536x1241.jpg 1536w, https:\/\/www.arnaudom.fr\/wordpress\/wp-content\/uploads\/2024\/05\/NGC3718-2048x1655.jpg 2048w\" sizes=\"auto, (max-width: 1024px) 100vw, 1024px\" \/>\t\t\t\t\t\t\t\t\t\t\t\t\t\t<\/div>\n\t\t\t\t\t\t<\/div>\n\t\t\t\t<\/div>\n\t\t\t\t<div class=\"elementor-element elementor-element-93fa151 elementor-widget elementor-widget-heading\" data-id=\"93fa151\" data-element_type=\"widget\" data-widget_type=\"heading.default\">\n\t\t\t\t<div class=\"elementor-widget-container\">\n\t\t\t<h2 class=\"elementor-heading-title elementor-size-default\">Gros plan sur la galaxie :<\/h2>\t\t<\/div>\n\t\t\t\t<\/div>\n\t\t\t\t<div class=\"elementor-element elementor-element-1a678e3 elementor-widget elementor-widget-image\" data-id=\"1a678e3\" data-element_type=\"widget\" data-widget_type=\"image.default\">\n\t\t\t\t<div class=\"elementor-widget-container\">\n\t\t\t\t\t\t\t\t<div class=\"elementor-image\">\n\t\t\t\t\t\t\t\t\t\t\t\t<img loading=\"lazy\" decoding=\"async\" width=\"1024\" height=\"754\" src=\"https:\/\/www.arnaudom.fr\/wordpress\/wp-content\/uploads\/2024\/05\/NGC3718cropee-1024x754.jpg\" class=\"attachment-large size-large wp-image-12770\" alt=\"\" srcset=\"https:\/\/www.arnaudom.fr\/wordpress\/wp-content\/uploads\/2024\/05\/NGC3718cropee-1024x754.jpg 1024w, https:\/\/www.arnaudom.fr\/wordpress\/wp-content\/uploads\/2024\/05\/NGC3718cropee-300x221.jpg 300w, https:\/\/www.arnaudom.fr\/wordpress\/wp-content\/uploads\/2024\/05\/NGC3718cropee-768x566.jpg 768w, https:\/\/www.arnaudom.fr\/wordpress\/wp-content\/uploads\/2024\/05\/NGC3718cropee.jpg 1271w\" sizes=\"auto, (max-width: 1024px) 100vw, 1024px\" \/>\t\t\t\t\t\t\t\t\t\t\t\t\t\t<\/div>\n\t\t\t\t\t\t<\/div>\n\t\t\t\t<\/div>\n\t\t\t\t<div class=\"elementor-element elementor-element-3574243 elementor-widget elementor-widget-heading\" data-id=\"3574243\" data-element_type=\"widget\" data-widget_type=\"heading.default\">\n\t\t\t\t<div class=\"elementor-widget-container\">\n\t\t\t<h2 class=\"elementor-heading-title elementor-size-default\">Identifications de quelques galaxies :<\/h2>\t\t<\/div>\n\t\t\t\t<\/div>\n\t\t\t\t<div class=\"elementor-element elementor-element-e512bf4 elementor-widget elementor-widget-image\" data-id=\"e512bf4\" data-element_type=\"widget\" data-widget_type=\"image.default\">\n\t\t\t\t<div class=\"elementor-widget-container\">\n\t\t\t\t\t\t\t\t<div class=\"elementor-image\">\n\t\t\t\t\t\t\t\t\t\t\t\t<img loading=\"lazy\" decoding=\"async\" width=\"1024\" height=\"678\" src=\"https:\/\/www.arnaudom.fr\/wordpress\/wp-content\/uploads\/2024\/05\/PGCcropees-1024x678.jpg\" class=\"attachment-large size-large wp-image-12771\" alt=\"\" srcset=\"https:\/\/www.arnaudom.fr\/wordpress\/wp-content\/uploads\/2024\/05\/PGCcropees-1024x678.jpg 1024w, https:\/\/www.arnaudom.fr\/wordpress\/wp-content\/uploads\/2024\/05\/PGCcropees-300x199.jpg 300w, https:\/\/www.arnaudom.fr\/wordpress\/wp-content\/uploads\/2024\/05\/PGCcropees-768x509.jpg 768w, https:\/\/www.arnaudom.fr\/wordpress\/wp-content\/uploads\/2024\/05\/PGCcropees-1536x1017.jpg 1536w, https:\/\/www.arnaudom.fr\/wordpress\/wp-content\/uploads\/2024\/05\/PGCcropees-2048x1356.jpg 2048w\" sizes=\"auto, (max-width: 1024px) 100vw, 1024px\" \/>\t\t\t\t\t\t\t\t\t\t\t\t\t\t<\/div>\n\t\t\t\t\t\t<\/div>\n\t\t\t\t<\/div>\n\t\t\t\t<div class=\"elementor-element elementor-element-f84f570 elementor-widget elementor-widget-text-editor\" data-id=\"f84f570\" data-element_type=\"widget\" data-widget_type=\"text-editor.default\">\n\t\t\t\t<div class=\"elementor-widget-container\">\n\t\t\t\t\t\t\t\t<div class=\"elementor-text-editor elementor-clearfix\">\n\t\t\t\t<p style=\"text-align: center;\"><strong><span style=\"color: #00cece;\">Newton TS Carbone 200\/800 + Monture EQ6 Pro + ZWO 1600 Pro + Paracorr Televue + Filtres LRGB<br \/>Autoguidage : lunette Skywatcher 80\/400 + Zwo 120 mini<br \/>15 x 3 min L +10&#215;3 min R + 10&#215;3 min G + 10&#215;3 min B + 15 dark + 10 flat par filtre<\/span><\/strong><\/p>\t\t\t\t\t<\/div>\n\t\t\t\t\t\t<\/div>\n\t\t\t\t<\/div>\n\t\t\t\t<div class=\"elementor-element elementor-element-b4fa1f3 elementor-widget elementor-widget-text-editor\" data-id=\"b4fa1f3\" data-element_type=\"widget\" data-widget_type=\"text-editor.default\">\n\t\t\t\t<div class=\"elementor-widget-container\">\n\t\t\t\t\t\t\t\t<div class=\"elementor-text-editor elementor-clearfix\">\n\t\t\t\t<p style=\"text-align: center;\">NGC 3718 est une galaxie \u00e0 la forme tr\u00e8s particuli\u00e8re, situ\u00e9e dans la grande ourse. Il s&rsquo;agit d&rsquo;une spirale barr\u00e9e, dont on distingue bien la barre qui la traverse sur la photo. L&rsquo;ensemble m\u00e9riterait plus de pose mais je n&rsquo;ai pas eu l&rsquo;occasion de pouvoir accumuler plus d&rsquo;acquisitions pour l&rsquo;instant. Dans le champ de NGC 3718 se trouve plusieurs autres galaxies comme NGC 3729, mais \u00e9galement un amas de 5 galaxies pr\u00e9sents sur sa gauche sur la photo. Cet amas est r\u00e9f\u00e9renc\u00e9 dans le catalogue ARP sous le nom de ARP 322. &nbsp; <br><\/p>\t\t\t\t\t<\/div>\n\t\t\t\t\t\t<\/div>\n\t\t\t\t<\/div>\n\t\t\t\t<div class=\"elementor-element elementor-element-4164613 elementor-align-center elementor-widget elementor-widget-button\" data-id=\"4164613\" data-element_type=\"widget\" data-widget_type=\"button.default\">\n\t\t\t\t<div class=\"elementor-widget-container\">\n\t\t\t\t\t<div class=\"elementor-button-wrapper\">\n\t\t\t<a href=\"http:\/\/www.arnaudom.fr\/wordpress\/profondgalaxies\" class=\"elementor-button-link elementor-button elementor-size-sm\" role=\"button\">\n\t\t\t\t\t\t<span class=\"elementor-button-content-wrapper\">\n\t\t\t\t\t\t\t<span class=\"elementor-button-icon elementor-align-icon-right\">\n\t\t\t\t<i aria-hidden=\"true\" class=\"fas fa-camera\"><\/i>\t\t\t<\/span>\n\t\t\t\t\t\t<span class=\"elementor-button-text\">Retour \u00e0 la galerie<\/span>\n\t\t<\/span>\n\t\t\t\t\t<\/a>\n\t\t<\/div>\n\t\t\t\t<\/div>\n\t\t\t\t<\/div>\n\t\t\t\t\t\t<\/div>\n\t\t\t\t\t<\/div>\n\t\t<\/div>\n\t\t\t\t\t\t\t\t<\/div>\n\t\t\t\t\t<\/div>\n\t\t<\/section>\n\t\t\t\t\t\t\t\t\t<\/div>\n\t\t\t<\/div>\n\t\t\t\t\t<\/div>\n\t\t","protected":false},"excerpt":{"rendered":"<p>NGC 3718 dans la Grande Ourse Deux images sur cette page.Les images sont class\u00e9es de la plus r\u00e9cente \u00e0 la moins r\u00e9cente. Photographi\u00e9e en mai 2025. Un peu d&rsquo;astrom\u00e9trie : Newton TS Carbone 200\/800 + Monture EQ6 Pro + ZWO 1600 Pro + Paracorr Televue + Filtres LRGBAutoguidage : lunette Skywatcher 80\/400 + Zwo 120 &hellip;<\/p>\n<p class=\"read-more\"> <a class=\"\" href=\"https:\/\/www.arnaudom.fr\/wordpress\/ngc3718\/\"> <span class=\"screen-reader-text\">NGC3718<\/span> Lire la suite\u00a0\u00bb<\/a><\/p>\n","protected":false},"author":1,"featured_media":0,"parent":0,"menu_order":0,"comment_status":"closed","ping_status":"closed","template":"","meta":{"site-sidebar-layout":"default","site-content-layout":"page-builder","ast-site-content-layout":"default","site-content-style":"default","site-sidebar-style":"default","ast-global-header-display":"","ast-banner-title-visibility":"","ast-main-header-display":"","ast-hfb-above-header-display":"","ast-hfb-below-header-display":"","ast-hfb-mobile-header-display":"","site-post-title":"disabled","ast-breadcrumbs-content":"","ast-featured-img":"disabled","footer-sml-layout":"","theme-transparent-header-meta":"","adv-header-id-meta":"","stick-header-meta":"","header-above-stick-meta":"","header-main-stick-meta":"","header-below-stick-meta":"","astra-migrate-meta-layouts":"set","ast-page-background-enabled":"default","ast-page-background-meta":{"desktop":{"background-color":"","background-image":"","background-repeat":"repeat","background-position":"center center","background-size":"auto","background-attachment":"scroll","background-type":"","background-media":"","overlay-type":"","overlay-color":"","overlay-gradient":""},"tablet":{"background-color":"","background-image":"","background-repeat":"repeat","background-position":"center center","background-size":"auto","background-attachment":"scroll","background-type":"","background-media":"","overlay-type":"","overlay-color":"","overlay-gradient":""},"mobile":{"background-color":"","background-image":"","background-repeat":"repeat","background-position":"center center","background-size":"auto","background-attachment":"scroll","background-type":"","background-media":"","overlay-type":"","overlay-color":"","overlay-gradient":""}},"ast-content-background-meta":{"desktop":{"background-color":"var(--ast-global-color-5)","background-image":"","background-repeat":"repeat","background-position":"center center","background-size":"auto","background-attachment":"scroll","background-type":"","background-media":"","overlay-type":"","overlay-color":"","overlay-gradient":""},"tablet":{"background-color":"var(--ast-global-color-5)","background-image":"","background-repeat":"repeat","background-position":"center center","background-size":"auto","background-attachment":"scroll","background-type":"","background-media":"","overlay-type":"","overlay-color":"","overlay-gradient":""},"mobile":{"background-color":"var(--ast-global-color-5)","background-image":"","background-repeat":"repeat","background-position":"center center","background-size":"auto","background-attachment":"scroll","background-type":"","background-media":"","overlay-type":"","overlay-color":"","overlay-gradient":""}},"footnotes":""},"class_list":["post-12763","page","type-page","status-publish","hentry"],"_links":{"self":[{"href":"https:\/\/www.arnaudom.fr\/wordpress\/wp-json\/wp\/v2\/pages\/12763","targetHints":{"allow":["GET"]}}],"collection":[{"href":"https:\/\/www.arnaudom.fr\/wordpress\/wp-json\/wp\/v2\/pages"}],"about":[{"href":"https:\/\/www.arnaudom.fr\/wordpress\/wp-json\/wp\/v2\/types\/page"}],"author":[{"embeddable":true,"href":"https:\/\/www.arnaudom.fr\/wordpress\/wp-json\/wp\/v2\/users\/1"}],"replies":[{"embeddable":true,"href":"https:\/\/www.arnaudom.fr\/wordpress\/wp-json\/wp\/v2\/comments?post=12763"}],"version-history":[{"count":21,"href":"https:\/\/www.arnaudom.fr\/wordpress\/wp-json\/wp\/v2\/pages\/12763\/revisions"}],"predecessor-version":[{"id":16103,"href":"https:\/\/www.arnaudom.fr\/wordpress\/wp-json\/wp\/v2\/pages\/12763\/revisions\/16103"}],"wp:attachment":[{"href":"https:\/\/www.arnaudom.fr\/wordpress\/wp-json\/wp\/v2\/media?parent=12763"}],"curies":[{"name":"wp","href":"https:\/\/api.w.org\/{rel}","templated":true}]}}