{"id":11404,"date":"2023-12-01T10:41:13","date_gmt":"2023-12-01T09:41:13","guid":{"rendered":"http:\/\/www.arnaudom.fr\/wordpress\/?page_id=11404"},"modified":"2023-12-09T15:19:55","modified_gmt":"2023-12-09T14:19:55","slug":"solexproam","status":"publish","type":"page","link":"https:\/\/www.arnaudom.fr\/wordpress\/solexproam\/","title":{"rendered":"solexproam"},"content":{"rendered":"\t\t<div data-elementor-type=\"wp-page\" data-elementor-id=\"11404\" class=\"elementor elementor-11404\">\n\t\t\t\t\t\t<div class=\"elementor-inner\">\n\t\t\t\t<div class=\"elementor-section-wrap\">\n\t\t\t\t\t\t\t\t\t<section class=\"elementor-section elementor-top-section elementor-element elementor-element-40932e55 elementor-section-full_width elementor-section-height-default elementor-section-height-default\" data-id=\"40932e55\" data-element_type=\"section\" data-settings=\"{&quot;background_background&quot;:&quot;classic&quot;}\">\n\t\t\t\t\t\t<div class=\"elementor-container elementor-column-gap-default\">\n\t\t\t\t\t\t\t<div class=\"elementor-row\">\n\t\t\t\t\t<div class=\"elementor-column elementor-col-100 elementor-top-column elementor-element elementor-element-731ea7dc\" data-id=\"731ea7dc\" data-element_type=\"column\" data-settings=\"{&quot;background_background&quot;:&quot;classic&quot;}\">\n\t\t\t<div class=\"elementor-column-wrap elementor-element-populated\">\n\t\t\t\t\t\t\t<div class=\"elementor-widget-wrap\">\n\t\t\t\t\t\t<div class=\"elementor-element elementor-element-1f67d59f elementor-widget elementor-widget-heading\" data-id=\"1f67d59f\" data-element_type=\"widget\" data-widget_type=\"heading.default\">\n\t\t\t\t<div class=\"elementor-widget-container\">\n\t\t\t<h1 class=\"elementor-heading-title elementor-size-default\">Collaboration Pro-Am avec Sol'ex<\/h1>\t\t<\/div>\n\t\t\t\t<\/div>\n\t\t\t\t<div class=\"elementor-element elementor-element-506f706 elementor-drop-cap-yes elementor-drop-cap-view-default elementor-widget elementor-widget-text-editor\" data-id=\"506f706\" data-element_type=\"widget\" data-settings=\"{&quot;drop_cap&quot;:&quot;yes&quot;}\" data-widget_type=\"text-editor.default\">\n\t\t\t\t<div class=\"elementor-widget-container\">\n\t\t\t\t\t\t\t\t<div class=\"elementor-text-editor elementor-clearfix\">\n\t\t\t\t<p><em><span style=\"color: #000000;\">Ecrit<\/span><\/em><i><span style=\"color: #000000;\"><em> le 28\/11\/2023.<\/em><\/span><\/i><i><span style=\"color: #000000;\"><br><\/span><\/i><\/p>\t\t\t\t\t<\/div>\n\t\t\t\t\t\t<\/div>\n\t\t\t\t<\/div>\n\t\t\t\t<div class=\"elementor-element elementor-element-2328a0c3 elementor-widget elementor-widget-heading\" data-id=\"2328a0c3\" data-element_type=\"widget\" data-widget_type=\"heading.default\">\n\t\t\t\t<div class=\"elementor-widget-container\">\n\t\t\t<h2 class=\"elementor-heading-title elementor-size-default\">Observations pour la base de donn\u00e9es BASS 2000<\/h2>\t\t<\/div>\n\t\t\t\t<\/div>\n\t\t\t\t<div class=\"elementor-element elementor-element-2e56a9e5 elementor-drop-cap-yes elementor-drop-cap-view-default elementor-widget elementor-widget-text-editor\" data-id=\"2e56a9e5\" data-element_type=\"widget\" data-settings=\"{&quot;drop_cap&quot;:&quot;yes&quot;}\" data-widget_type=\"text-editor.default\">\n\t\t\t\t<div class=\"elementor-widget-container\">\n\t\t\t\t\t\t\t\t<div class=\"elementor-text-editor elementor-clearfix\">\n\t\t\t\t<p><span style=\"color: #000000;\">L&rsquo;observatoire de Meudon, pr\u00e8s de Paris, proc\u00e8de \u00e0 des observations du soleil depuis 115 ans, et propose \u00e0 la communaut\u00e9 internationale une base de donn\u00e9es d&rsquo;images solaires nomm\u00e9e BASS 2000. En 2023 a \u00e9t\u00e9 initi\u00e9e une collaboration \u00ab\u00a0Pro-Am\u00a0\u00bb entre les astronomes professionnels et les amateurs avec le spectrographe Sol&rsquo;ex.\u00a0 Il est propos\u00e9 aux amateurs de faire quotidiennement des images du soleil et de les envoyer ensuite afin de contribuer \u00e0 la base de donn\u00e9es de BASS 2000.<br \/><\/span><\/p><p><span style=\"color: #000000;\">Ainsi, avec un Sol&rsquo;ex et le logiciel INTI, vous pouvez, en tant qu&rsquo;amateur, contribuer \u00e0 l&rsquo;observation scientifique du soleil !<br \/>Vous trouverez sur cette page :\u00a0<\/span><a href=\"https:\/\/cnrs.hal.science\/hal-04106382\" target=\"_blank\" rel=\"noopener\">https:\/\/cnrs.hal.science\/hal-04106382<\/a><span style=\"color: #000000;\"> un document d&rsquo;explication d\u00e9taill\u00e9 au format PDF que vous pouvez t\u00e9l\u00e9charger. A la derni\u00e8re page de ce document se trouve une fiche d&rsquo;observateur\/trice que vous pouvez compl\u00e9ter et renvoyer \u00e0 l&rsquo;adresse mail indiqu\u00e9e, et ainsi devenir contributeur officiel \u00e0 la base de donn\u00e9es BASS 2000.<br \/><\/span><\/p>\t\t\t\t\t<\/div>\n\t\t\t\t\t\t<\/div>\n\t\t\t\t<\/div>\n\t\t\t\t<div class=\"elementor-element elementor-element-df02de3 elementor-widget elementor-widget-heading\" data-id=\"df02de3\" data-element_type=\"widget\" data-widget_type=\"heading.default\">\n\t\t\t\t<div class=\"elementor-widget-container\">\n\t\t\t<h2 class=\"elementor-heading-title elementor-size-default\">R\u00e9glages d'INTI pour la compatibilit\u00e9 avec BASS 2000<\/h2>\t\t<\/div>\n\t\t\t\t<\/div>\n\t\t\t\t<div class=\"elementor-element elementor-element-0293c1e elementor-drop-cap-yes elementor-drop-cap-view-default elementor-widget elementor-widget-text-editor\" data-id=\"0293c1e\" data-element_type=\"widget\" data-settings=\"{&quot;drop_cap&quot;:&quot;yes&quot;}\" data-widget_type=\"text-editor.default\">\n\t\t\t\t<div class=\"elementor-widget-container\">\n\t\t\t\t\t\t\t\t<div class=\"elementor-text-editor elementor-clearfix\">\n\t\t\t\t<p><span style=\"color: #000000;\">Pour BASS 2000, il est possible d&rsquo;envoyer des images en H-Alpha ou prises dans la raie du calcium (CaH ou CaK). Cependant il y a des normes \u00e0 respecter. La premi\u00e8re chose est l&rsquo;orientation de l&rsquo;image finale, dans laquelle le p\u00f4le Nord solaire doit \u00eatre en haut de l&rsquo;image et l&rsquo;Est \u00e0 gauche. Pas de panique, INTI va permettre de faire cela de mani\u00e8re automatique ! Si l&rsquo;image est mal orient\u00e9e, elle sera refus\u00e9e par les observateurs de Meudon qui vous demanderont de renvoyer une image correctement orient\u00e9e.<\/span><\/p>\n<p><span style=\"color: #000000;\">Concr\u00e8tement, quand on a acquis une vid\u00e9o du soleil, on commencera par en faire un traitement classique avec INTI, puis il faut ensuite ouvrir l&rsquo;onglet <b>Database compatibilit\u00e9<\/b> qu&rsquo;il va falloir remplir correctement afin de rendre les images compatibles avec les normes attendues dans BASS 2000.<br><img loading=\"lazy\" decoding=\"async\" class=\"size-full wp-image-11443 aligncenter\" src=\"http:\/\/www.arnaudom.fr\/wordpress\/wp-content\/uploads\/2023\/12\/solexpro001.jpg\" alt=\"\" width=\"615\" height=\"578\" srcset=\"https:\/\/www.arnaudom.fr\/wordpress\/wp-content\/uploads\/2023\/12\/solexpro001.jpg 615w, https:\/\/www.arnaudom.fr\/wordpress\/wp-content\/uploads\/2023\/12\/solexpro001-300x282.jpg 300w\" sizes=\"auto, (max-width: 615px) 100vw, 615px\" \/><\/span><br>A ce sujet, je vous invite \u00e0 lire ce document qui vous explique pr\u00e9cis\u00e9ment comment remplir chacune des zones de l&rsquo;onglet :&nbsp; <a href=\"http:\/\/valerie.desnoux.free.fr\/inti\/INTI_ProAm_FR.pdf\">http:\/\/valerie.desnoux.free.fr\/inti\/INTI_ProAm_FR.pdf<\/a>.<br>Si vous pr\u00e9f\u00e9rez une explication en vid\u00e9o, voici le lien \u00e0 consulter :&nbsp;<a href=\"https:\/\/www.youtube.com\/watch?v=9mrZlSPr_U4\" target=\"_blank\" rel=\"noopener\">param\u00e8trage d&rsquo;INTI<\/a>.<\/p>\n<p>Ensuite les informations principales resteront m\u00e9moris\u00e9es dans INTI, donc vous n&rsquo;avez qu&rsquo;\u00e0 tout compl\u00e9ter une seule fois. On relance le traitement de notre film, et INTI cr\u00e8e les images n\u00e9cessaires pour BASS 2000 et les oriente correctement.<\/p>\n<p>Il faut ensuite envoyer les images en se connectant \u00e0 la base de donn\u00e9es de Meudon, en utilisant un logiciel de transfert FTP, typiquement&nbsp;<a href=\"https:\/\/filezilla-project.org\/\" target=\"_blank\">Filezilla<\/a>, qui permet d&rsquo;envoyer vos donn\u00e9es \u00e0 distance sur le serveur de l&rsquo;observatoire. Les param\u00e8tres de connexion sont les suivants :<\/p>\n<p><img loading=\"lazy\" decoding=\"async\" class=\"size-full wp-image-11444 aligncenter\" src=\"http:\/\/www.arnaudom.fr\/wordpress\/wp-content\/uploads\/2023\/12\/solexpro002.jpg\" alt=\"\" width=\"498\" height=\"198\" srcset=\"https:\/\/www.arnaudom.fr\/wordpress\/wp-content\/uploads\/2023\/12\/solexpro002.jpg 498w, https:\/\/www.arnaudom.fr\/wordpress\/wp-content\/uploads\/2023\/12\/solexpro002-300x119.jpg 300w\" sizes=\"auto, (max-width: 498px) 100vw, 498px\" \/><\/p>\n<p>Les images sont \u00e0 envoyer dans le r\u00e9pertoire <b>incoming\/solap<\/b>.<\/p>\n<p>Vous verrez que INTI a produit trois images suppl\u00e9mentaires par rapport \u00e0 un traitement \u00ab\u00a0classique\u00a0\u00bb, et ce sont ces trois images qu&rsquo;il faut envoyer sur BASS 2000 : l&rsquo;image .jpg en Ha (si vous avez fait une acquisition en H-Alpha), l&rsquo;image .jpg des protub\u00e9rances (_protus) et ne pas oublier l&rsquo;image .fits car c&rsquo;est elle qui contient les informations de l&rsquo;acquisition.<\/p>\n<p><img loading=\"lazy\" decoding=\"async\" class=\"size-full wp-image-11445 aligncenter\" src=\"http:\/\/www.arnaudom.fr\/wordpress\/wp-content\/uploads\/2023\/12\/solexpro003.jpg\" alt=\"\" width=\"451\" height=\"69\" srcset=\"https:\/\/www.arnaudom.fr\/wordpress\/wp-content\/uploads\/2023\/12\/solexpro003.jpg 451w, https:\/\/www.arnaudom.fr\/wordpress\/wp-content\/uploads\/2023\/12\/solexpro003-300x46.jpg 300w\" sizes=\"auto, (max-width: 451px) 100vw, 451px\" \/><\/p>\n<p>Et voil\u00e0 ! Vous venez de faire une contribution \u00e0 un programme scientifique !<\/p>\t\t\t\t\t<\/div>\n\t\t\t\t\t\t<\/div>\n\t\t\t\t<\/div>\n\t\t\t\t<div class=\"elementor-element elementor-element-88d5620 elementor-widget elementor-widget-heading\" data-id=\"88d5620\" data-element_type=\"widget\" data-widget_type=\"heading.default\">\n\t\t\t\t<div class=\"elementor-widget-container\">\n\t\t\t<h2 class=\"elementor-heading-title elementor-size-default\">Consultation de la base de donn\u00e9es BASS 2000<\/h2>\t\t<\/div>\n\t\t\t\t<\/div>\n\t\t\t\t<div class=\"elementor-element elementor-element-b9fe6bf elementor-drop-cap-yes elementor-drop-cap-view-default elementor-widget elementor-widget-text-editor\" data-id=\"b9fe6bf\" data-element_type=\"widget\" data-settings=\"{&quot;drop_cap&quot;:&quot;yes&quot;}\" data-widget_type=\"text-editor.default\">\n\t\t\t\t<div class=\"elementor-widget-container\">\n\t\t\t\t\t\t\t\t<div class=\"elementor-text-editor elementor-clearfix\">\n\t\t\t\t<p><span style=\"color: #000000;\">Si tout se passe se passe bien, vous pourrez dans les jours qui viennent aller consulter la page de BASS 2000 et y trouver les images que vous aurez envoy\u00e9es. Voici le lien :&nbsp;<\/span><a href=\"https:\/\/bass2000.obspm.fr\/solex.php\" target=\"_blank\" rel=\"noopener\">https:\/\/bass2000.obspm.fr\/solex.php<\/a><span style=\"color: #000000;\">.<br><\/span><\/p>\n<p><span style=\"color: #000000;\">Par exemple, si vous allez dans l&rsquo;onglet du 26 novembre 2023, vous pouvez y voir une image nomm\u00e9e SOLEX_ED72_ASI178_ND16 qui est mon image H-Alpha du soleil que vous pouvez <\/span><a href=\"http:\/\/www.arnaudom.fr\/wordpress\/soleil26112023\/\" target=\"_blank\">retrouver ici&#8230;<\/a><\/p>\n<p><img loading=\"lazy\" decoding=\"async\" class=\"size-full wp-image-11449 aligncenter\" src=\"http:\/\/www.arnaudom.fr\/wordpress\/wp-content\/uploads\/2023\/12\/solexpro004.jpg\" alt=\"\" width=\"1542\" height=\"896\" srcset=\"https:\/\/www.arnaudom.fr\/wordpress\/wp-content\/uploads\/2023\/12\/solexpro004.jpg 1542w, https:\/\/www.arnaudom.fr\/wordpress\/wp-content\/uploads\/2023\/12\/solexpro004-300x174.jpg 300w, https:\/\/www.arnaudom.fr\/wordpress\/wp-content\/uploads\/2023\/12\/solexpro004-1024x595.jpg 1024w, https:\/\/www.arnaudom.fr\/wordpress\/wp-content\/uploads\/2023\/12\/solexpro004-768x446.jpg 768w, https:\/\/www.arnaudom.fr\/wordpress\/wp-content\/uploads\/2023\/12\/solexpro004-1536x893.jpg 1536w\" sizes=\"auto, (max-width: 1542px) 100vw, 1542px\" \/><\/p>\n<p><span style=\"color: #000000;\">Bienvenue dans le monde de la science participative !<br><\/span><\/p>\t\t\t\t\t<\/div>\n\t\t\t\t\t\t<\/div>\n\t\t\t\t<\/div>\n\t\t\t\t\t\t<\/div>\n\t\t\t\t\t<\/div>\n\t\t<\/div>\n\t\t\t\t\t\t\t\t<\/div>\n\t\t\t\t\t<\/div>\n\t\t<\/section>\n\t\t\t\t\t\t\t\t\t<\/div>\n\t\t\t<\/div>\n\t\t\t\t\t<\/div>\n\t\t","protected":false},"excerpt":{"rendered":"<p>Collaboration Pro-Am avec Sol&rsquo;ex Ecrit le 28\/11\/2023. Observations pour la base de donn\u00e9es BASS 2000 L&rsquo;observatoire de Meudon, pr\u00e8s de Paris, proc\u00e8de \u00e0 des observations du soleil depuis 115 ans, et propose \u00e0 la communaut\u00e9 internationale une base de donn\u00e9es d&rsquo;images solaires nomm\u00e9e BASS 2000. En 2023 a \u00e9t\u00e9 initi\u00e9e une collaboration \u00ab\u00a0Pro-Am\u00a0\u00bb entre les &hellip;<\/p>\n<p class=\"read-more\"> <a class=\"\" href=\"https:\/\/www.arnaudom.fr\/wordpress\/solexproam\/\"> <span class=\"screen-reader-text\">solexproam<\/span> Lire la suite\u00a0\u00bb<\/a><\/p>\n","protected":false},"author":1,"featured_media":0,"parent":0,"menu_order":0,"comment_status":"closed","ping_status":"closed","template":"","meta":{"site-sidebar-layout":"default","site-content-layout":"page-builder","ast-site-content-layout":"default","site-content-style":"default","site-sidebar-style":"default","ast-global-header-display":"","ast-banner-title-visibility":"","ast-main-header-display":"","ast-hfb-above-header-display":"","ast-hfb-below-header-display":"","ast-hfb-mobile-header-display":"","site-post-title":"disabled","ast-breadcrumbs-content":"","ast-featured-img":"disabled","footer-sml-layout":"","theme-transparent-header-meta":"","adv-header-id-meta":"","stick-header-meta":"","header-above-stick-meta":"","header-main-stick-meta":"","header-below-stick-meta":"","astra-migrate-meta-layouts":"set","ast-page-background-enabled":"default","ast-page-background-meta":{"desktop":{"background-color":"","background-image":"","background-repeat":"repeat","background-position":"center center","background-size":"auto","background-attachment":"scroll","background-type":"","background-media":"","overlay-type":"","overlay-color":"","overlay-gradient":""},"tablet":{"background-color":"","background-image":"","background-repeat":"repeat","background-position":"center center","background-size":"auto","background-attachment":"scroll","background-type":"","background-media":"","overlay-type":"","overlay-color":"","overlay-gradient":""},"mobile":{"background-color":"","background-image":"","background-repeat":"repeat","background-position":"center center","background-size":"auto","background-attachment":"scroll","background-type":"","background-media":"","overlay-type":"","overlay-color":"","overlay-gradient":""}},"ast-content-background-meta":{"desktop":{"background-color":"var(--ast-global-color-5)","background-image":"","background-repeat":"repeat","background-position":"center center","background-size":"auto","background-attachment":"scroll","background-type":"","background-media":"","overlay-type":"","overlay-color":"","overlay-gradient":""},"tablet":{"background-color":"var(--ast-global-color-5)","background-image":"","background-repeat":"repeat","background-position":"center center","background-size":"auto","background-attachment":"scroll","background-type":"","background-media":"","overlay-type":"","overlay-color":"","overlay-gradient":""},"mobile":{"background-color":"var(--ast-global-color-5)","background-image":"","background-repeat":"repeat","background-position":"center center","background-size":"auto","background-attachment":"scroll","background-type":"","background-media":"","overlay-type":"","overlay-color":"","overlay-gradient":""}},"footnotes":""},"class_list":["post-11404","page","type-page","status-publish","hentry"],"_links":{"self":[{"href":"https:\/\/www.arnaudom.fr\/wordpress\/wp-json\/wp\/v2\/pages\/11404","targetHints":{"allow":["GET"]}}],"collection":[{"href":"https:\/\/www.arnaudom.fr\/wordpress\/wp-json\/wp\/v2\/pages"}],"about":[{"href":"https:\/\/www.arnaudom.fr\/wordpress\/wp-json\/wp\/v2\/types\/page"}],"author":[{"embeddable":true,"href":"https:\/\/www.arnaudom.fr\/wordpress\/wp-json\/wp\/v2\/users\/1"}],"replies":[{"embeddable":true,"href":"https:\/\/www.arnaudom.fr\/wordpress\/wp-json\/wp\/v2\/comments?post=11404"}],"version-history":[{"count":59,"href":"https:\/\/www.arnaudom.fr\/wordpress\/wp-json\/wp\/v2\/pages\/11404\/revisions"}],"predecessor-version":[{"id":11487,"href":"https:\/\/www.arnaudom.fr\/wordpress\/wp-json\/wp\/v2\/pages\/11404\/revisions\/11487"}],"wp:attachment":[{"href":"https:\/\/www.arnaudom.fr\/wordpress\/wp-json\/wp\/v2\/media?parent=11404"}],"curies":[{"name":"wp","href":"https:\/\/api.w.org\/{rel}","templated":true}]}}