{"id":10747,"date":"2023-08-01T18:49:27","date_gmt":"2023-08-01T16:49:27","guid":{"rendered":"http:\/\/www.arnaudom.fr\/wordpress\/?page_id=10747"},"modified":"2023-08-30T08:09:52","modified_gmt":"2023-08-30T06:09:52","slug":"soleil10072023","status":"publish","type":"page","link":"https:\/\/www.arnaudom.fr\/wordpress\/soleil10072023\/","title":{"rendered":"soleil10072023"},"content":{"rendered":"\t\t<div data-elementor-type=\"wp-page\" data-elementor-id=\"10747\" class=\"elementor elementor-10747\">\n\t\t\t\t\t\t<div class=\"elementor-inner\">\n\t\t\t\t<div class=\"elementor-section-wrap\">\n\t\t\t\t\t\t\t\t\t<section class=\"elementor-section elementor-top-section elementor-element elementor-element-b384bee elementor-section-boxed elementor-section-height-default elementor-section-height-default\" data-id=\"b384bee\" data-element_type=\"section\">\n\t\t\t\t\t\t<div class=\"elementor-container elementor-column-gap-default\">\n\t\t\t\t\t\t\t<div class=\"elementor-row\">\n\t\t\t\t\t<div class=\"elementor-column elementor-col-100 elementor-top-column elementor-element elementor-element-a718e26\" data-id=\"a718e26\" data-element_type=\"column\">\n\t\t\t<div class=\"elementor-column-wrap elementor-element-populated\">\n\t\t\t\t\t\t\t<div class=\"elementor-widget-wrap\">\n\t\t\t\t\t\t<div class=\"elementor-element elementor-element-43831e6 elementor-widget elementor-widget-heading\" data-id=\"43831e6\" data-element_type=\"widget\" data-widget_type=\"heading.default\">\n\t\t\t\t<div class=\"elementor-widget-container\">\n\t\t\t<h1 class=\"elementor-heading-title elementor-size-default\">Soleil du 10 juillet 2023<\/h1>\t\t<\/div>\n\t\t\t\t<\/div>\n\t\t\t\t\t\t<\/div>\n\t\t\t\t\t<\/div>\n\t\t<\/div>\n\t\t\t\t\t\t\t\t<\/div>\n\t\t\t\t\t<\/div>\n\t\t<\/section>\n\t\t\t\t<section class=\"elementor-section elementor-top-section elementor-element elementor-element-6ce40e7 elementor-section-boxed elementor-section-height-default elementor-section-height-default\" data-id=\"6ce40e7\" data-element_type=\"section\">\n\t\t\t\t\t\t<div class=\"elementor-container elementor-column-gap-default\">\n\t\t\t\t\t\t\t<div class=\"elementor-row\">\n\t\t\t\t\t<div class=\"elementor-column elementor-col-100 elementor-top-column elementor-element elementor-element-17a5da8\" data-id=\"17a5da8\" data-element_type=\"column\">\n\t\t\t<div class=\"elementor-column-wrap elementor-element-populated\">\n\t\t\t\t\t\t\t<div class=\"elementor-widget-wrap\">\n\t\t\t\t\t\t<div class=\"elementor-element elementor-element-23a2bbf elementor-widget elementor-widget-heading\" data-id=\"23a2bbf\" data-element_type=\"widget\" data-widget_type=\"heading.default\">\n\t\t\t\t<div class=\"elementor-widget-container\">\n\t\t\t<h2 class=\"elementor-heading-title elementor-size-default\">Soleil en raie H-Alpha<\/h2>\t\t<\/div>\n\t\t\t\t<\/div>\n\t\t\t\t\t\t<\/div>\n\t\t\t\t\t<\/div>\n\t\t<\/div>\n\t\t\t\t\t\t\t\t<\/div>\n\t\t\t\t\t<\/div>\n\t\t<\/section>\n\t\t\t\t<section class=\"elementor-section elementor-top-section elementor-element elementor-element-8f104f6 elementor-section-boxed elementor-section-height-default elementor-section-height-default\" data-id=\"8f104f6\" data-element_type=\"section\">\n\t\t\t\t\t\t<div class=\"elementor-container elementor-column-gap-default\">\n\t\t\t\t\t\t\t<div class=\"elementor-row\">\n\t\t\t\t\t<div class=\"elementor-column elementor-col-100 elementor-top-column elementor-element elementor-element-4d7cd2e\" data-id=\"4d7cd2e\" data-element_type=\"column\">\n\t\t\t<div class=\"elementor-column-wrap elementor-element-populated\">\n\t\t\t\t\t\t\t<div class=\"elementor-widget-wrap\">\n\t\t\t\t\t\t<div class=\"elementor-element elementor-element-845fd0f elementor-widget elementor-widget-image\" data-id=\"845fd0f\" data-element_type=\"widget\" data-widget_type=\"image.default\">\n\t\t\t\t<div class=\"elementor-widget-container\">\n\t\t\t\t\t\t\t\t<div class=\"elementor-image\">\n\t\t\t\t\t\t\t\t\t\t\t\t<img loading=\"lazy\" decoding=\"async\" width=\"1024\" height=\"799\" src=\"https:\/\/www.arnaudom.fr\/wordpress\/wp-content\/uploads\/2023\/08\/09_45_32Z_clahe-1024x799.png\" class=\"attachment-large size-large wp-image-10753\" alt=\"\" srcset=\"https:\/\/www.arnaudom.fr\/wordpress\/wp-content\/uploads\/2023\/08\/09_45_32Z_clahe-1024x799.png 1024w, https:\/\/www.arnaudom.fr\/wordpress\/wp-content\/uploads\/2023\/08\/09_45_32Z_clahe-300x234.png 300w, https:\/\/www.arnaudom.fr\/wordpress\/wp-content\/uploads\/2023\/08\/09_45_32Z_clahe-768x599.png 768w, https:\/\/www.arnaudom.fr\/wordpress\/wp-content\/uploads\/2023\/08\/09_45_32Z_clahe-1536x1199.png 1536w, https:\/\/www.arnaudom.fr\/wordpress\/wp-content\/uploads\/2023\/08\/09_45_32Z_clahe.png 2019w\" sizes=\"auto, (max-width: 1024px) 100vw, 1024px\" \/>\t\t\t\t\t\t\t\t\t\t\t\t\t\t<\/div>\n\t\t\t\t\t\t<\/div>\n\t\t\t\t<\/div>\n\t\t\t\t\t\t<\/div>\n\t\t\t\t\t<\/div>\n\t\t<\/div>\n\t\t\t\t\t\t\t\t<\/div>\n\t\t\t\t\t<\/div>\n\t\t<\/section>\n\t\t\t\t<section class=\"elementor-section elementor-top-section elementor-element elementor-element-7dab740 elementor-section-boxed elementor-section-height-default elementor-section-height-default\" data-id=\"7dab740\" data-element_type=\"section\">\n\t\t\t\t\t\t<div class=\"elementor-container elementor-column-gap-default\">\n\t\t\t\t\t\t\t<div class=\"elementor-row\">\n\t\t\t\t\t<div class=\"elementor-column elementor-col-100 elementor-top-column elementor-element elementor-element-b6f9e14\" data-id=\"b6f9e14\" data-element_type=\"column\">\n\t\t\t<div class=\"elementor-column-wrap elementor-element-populated\">\n\t\t\t\t\t\t\t<div class=\"elementor-widget-wrap\">\n\t\t\t\t\t\t<div class=\"elementor-element elementor-element-3220546 elementor-widget elementor-widget-heading\" data-id=\"3220546\" data-element_type=\"widget\" data-widget_type=\"heading.default\">\n\t\t\t\t<div class=\"elementor-widget-container\">\n\t\t\t<h2 class=\"elementor-heading-title elementor-size-default\">Stacking de 7 images<\/h2>\t\t<\/div>\n\t\t\t\t<\/div>\n\t\t\t\t<div class=\"elementor-element elementor-element-3f726bf elementor-widget elementor-widget-image\" data-id=\"3f726bf\" data-element_type=\"widget\" data-widget_type=\"image.default\">\n\t\t\t\t<div class=\"elementor-widget-container\">\n\t\t\t\t\t\t\t\t<div class=\"elementor-image\">\n\t\t\t\t\t\t\t\t\t\t\t\t<img loading=\"lazy\" decoding=\"async\" width=\"1024\" height=\"880\" src=\"https:\/\/www.arnaudom.fr\/wordpress\/wp-content\/uploads\/2023\/08\/2023-07-10_lapl5_ap546_conv-1024x880.png\" class=\"attachment-large size-large wp-image-10755\" alt=\"\" srcset=\"https:\/\/www.arnaudom.fr\/wordpress\/wp-content\/uploads\/2023\/08\/2023-07-10_lapl5_ap546_conv-1024x880.png 1024w, https:\/\/www.arnaudom.fr\/wordpress\/wp-content\/uploads\/2023\/08\/2023-07-10_lapl5_ap546_conv-300x258.png 300w, https:\/\/www.arnaudom.fr\/wordpress\/wp-content\/uploads\/2023\/08\/2023-07-10_lapl5_ap546_conv-768x660.png 768w, https:\/\/www.arnaudom.fr\/wordpress\/wp-content\/uploads\/2023\/08\/2023-07-10_lapl5_ap546_conv-1536x1321.png 1536w, https:\/\/www.arnaudom.fr\/wordpress\/wp-content\/uploads\/2023\/08\/2023-07-10_lapl5_ap546_conv.png 1768w\" sizes=\"auto, (max-width: 1024px) 100vw, 1024px\" \/>\t\t\t\t\t\t\t\t\t\t\t\t\t\t<\/div>\n\t\t\t\t\t\t<\/div>\n\t\t\t\t<\/div>\n\t\t\t\t<div class=\"elementor-element elementor-element-ea75b60 elementor-widget elementor-widget-heading\" data-id=\"ea75b60\" data-element_type=\"widget\" data-widget_type=\"heading.default\">\n\t\t\t\t<div class=\"elementor-widget-container\">\n\t\t\t<h2 class=\"elementor-heading-title elementor-size-default\">Stacking coloris\u00e9<\/h2>\t\t<\/div>\n\t\t\t\t<\/div>\n\t\t\t\t<div class=\"elementor-element elementor-element-a320bc2 elementor-widget elementor-widget-image\" data-id=\"a320bc2\" data-element_type=\"widget\" data-widget_type=\"image.default\">\n\t\t\t\t<div class=\"elementor-widget-container\">\n\t\t\t\t\t\t\t\t<div class=\"elementor-image\">\n\t\t\t\t\t\t\t\t\t\t\t\t<img loading=\"lazy\" decoding=\"async\" width=\"1024\" height=\"880\" src=\"https:\/\/www.arnaudom.fr\/wordpress\/wp-content\/uploads\/2023\/08\/Stack2-1024x880.png\" class=\"attachment-large size-large wp-image-10756\" alt=\"\" srcset=\"https:\/\/www.arnaudom.fr\/wordpress\/wp-content\/uploads\/2023\/08\/Stack2-1024x880.png 1024w, https:\/\/www.arnaudom.fr\/wordpress\/wp-content\/uploads\/2023\/08\/Stack2-300x258.png 300w, https:\/\/www.arnaudom.fr\/wordpress\/wp-content\/uploads\/2023\/08\/Stack2-768x660.png 768w, https:\/\/www.arnaudom.fr\/wordpress\/wp-content\/uploads\/2023\/08\/Stack2-1536x1321.png 1536w, https:\/\/www.arnaudom.fr\/wordpress\/wp-content\/uploads\/2023\/08\/Stack2.png 1768w\" sizes=\"auto, (max-width: 1024px) 100vw, 1024px\" \/>\t\t\t\t\t\t\t\t\t\t\t\t\t\t<\/div>\n\t\t\t\t\t\t<\/div>\n\t\t\t\t<\/div>\n\t\t\t\t<div class=\"elementor-element elementor-element-b0c8cde elementor-widget elementor-widget-heading\" data-id=\"b0c8cde\" data-element_type=\"widget\" data-widget_type=\"heading.default\">\n\t\t\t\t<div class=\"elementor-widget-container\">\n\t\t\t<h2 class=\"elementor-heading-title elementor-size-default\">Protub\u00e9rances<\/h2>\t\t<\/div>\n\t\t\t\t<\/div>\n\t\t\t\t<div class=\"elementor-element elementor-element-aff3136 elementor-widget elementor-widget-image\" data-id=\"aff3136\" data-element_type=\"widget\" data-widget_type=\"image.default\">\n\t\t\t\t<div class=\"elementor-widget-container\">\n\t\t\t\t\t\t\t\t<div class=\"elementor-image\">\n\t\t\t\t\t\t\t\t\t\t\t\t<img loading=\"lazy\" decoding=\"async\" width=\"1024\" height=\"799\" src=\"https:\/\/www.arnaudom.fr\/wordpress\/wp-content\/uploads\/2023\/08\/09_45_32Z_SOLEX_ED72_ASI178_ND16_Ha_20230710_094532_protus-1024x799.jpg\" class=\"attachment-large size-large wp-image-10837\" alt=\"\" srcset=\"https:\/\/www.arnaudom.fr\/wordpress\/wp-content\/uploads\/2023\/08\/09_45_32Z_SOLEX_ED72_ASI178_ND16_Ha_20230710_094532_protus-1024x799.jpg 1024w, https:\/\/www.arnaudom.fr\/wordpress\/wp-content\/uploads\/2023\/08\/09_45_32Z_SOLEX_ED72_ASI178_ND16_Ha_20230710_094532_protus-300x234.jpg 300w, https:\/\/www.arnaudom.fr\/wordpress\/wp-content\/uploads\/2023\/08\/09_45_32Z_SOLEX_ED72_ASI178_ND16_Ha_20230710_094532_protus-768x599.jpg 768w, https:\/\/www.arnaudom.fr\/wordpress\/wp-content\/uploads\/2023\/08\/09_45_32Z_SOLEX_ED72_ASI178_ND16_Ha_20230710_094532_protus-1536x1199.jpg 1536w, https:\/\/www.arnaudom.fr\/wordpress\/wp-content\/uploads\/2023\/08\/09_45_32Z_SOLEX_ED72_ASI178_ND16_Ha_20230710_094532_protus.jpg 2019w\" sizes=\"auto, (max-width: 1024px) 100vw, 1024px\" \/>\t\t\t\t\t\t\t\t\t\t\t\t\t\t<\/div>\n\t\t\t\t\t\t<\/div>\n\t\t\t\t<\/div>\n\t\t\t\t<div class=\"elementor-element elementor-element-68710ea elementor-widget elementor-widget-heading\" data-id=\"68710ea\" data-element_type=\"widget\" data-widget_type=\"heading.default\">\n\t\t\t\t<div class=\"elementor-widget-container\">\n\t\t\t<h2 class=\"elementor-heading-title elementor-size-default\">Animation de quelques protub\u00e9rances<\/h2>\t\t<\/div>\n\t\t\t\t<\/div>\n\t\t\t\t<div class=\"elementor-element elementor-element-59df791 elementor-widget elementor-widget-image\" data-id=\"59df791\" data-element_type=\"widget\" data-widget_type=\"image.default\">\n\t\t\t\t<div class=\"elementor-widget-container\">\n\t\t\t\t\t\t\t\t<div class=\"elementor-image\">\n\t\t\t\t\t\t\t\t\t\t\t\t<img loading=\"lazy\" decoding=\"async\" width=\"690\" height=\"388\" src=\"https:\/\/www.arnaudom.fr\/wordpress\/wp-content\/uploads\/2023\/08\/INTI_anim.gif\" class=\"attachment-large size-large wp-image-10758\" alt=\"\" \/>\t\t\t\t\t\t\t\t\t\t\t\t\t\t<\/div>\n\t\t\t\t\t\t<\/div>\n\t\t\t\t<\/div>\n\t\t\t\t\t\t<\/div>\n\t\t\t\t\t<\/div>\n\t\t<\/div>\n\t\t\t\t\t\t\t\t<\/div>\n\t\t\t\t\t<\/div>\n\t\t<\/section>\n\t\t\t\t<section class=\"elementor-section elementor-top-section elementor-element elementor-element-a533dd7 elementor-section-boxed elementor-section-height-default elementor-section-height-default\" data-id=\"a533dd7\" data-element_type=\"section\">\n\t\t\t\t\t\t<div class=\"elementor-container elementor-column-gap-default\">\n\t\t\t\t\t\t\t<div class=\"elementor-row\">\n\t\t\t\t\t<div class=\"elementor-column elementor-col-100 elementor-top-column elementor-element elementor-element-d7d092f\" data-id=\"d7d092f\" data-element_type=\"column\">\n\t\t\t<div class=\"elementor-column-wrap\">\n\t\t\t\t\t\t\t<div class=\"elementor-widget-wrap\">\n\t\t\t\t\t\t\t\t<\/div>\n\t\t\t\t\t<\/div>\n\t\t<\/div>\n\t\t\t\t\t\t\t\t<\/div>\n\t\t\t\t\t<\/div>\n\t\t<\/section>\n\t\t\t\t<section class=\"elementor-section elementor-top-section elementor-element elementor-element-da9fb3a elementor-section-boxed elementor-section-height-default elementor-section-height-default\" data-id=\"da9fb3a\" data-element_type=\"section\">\n\t\t\t\t\t\t<div class=\"elementor-container elementor-column-gap-default\">\n\t\t\t\t\t\t\t<div class=\"elementor-row\">\n\t\t\t\t\t<div class=\"elementor-column elementor-col-100 elementor-top-column elementor-element elementor-element-615e067\" data-id=\"615e067\" data-element_type=\"column\" data-settings=\"{&quot;background_background&quot;:&quot;classic&quot;}\">\n\t\t\t<div class=\"elementor-column-wrap elementor-element-populated\">\n\t\t\t\t\t\t\t<div class=\"elementor-widget-wrap\">\n\t\t\t\t\t\t<div class=\"elementor-element elementor-element-f3f7292 elementor-widget elementor-widget-text-editor\" data-id=\"f3f7292\" data-element_type=\"widget\" data-widget_type=\"text-editor.default\">\n\t\t\t\t<div class=\"elementor-widget-container\">\n\t\t\t\t\t\t\t\t<div class=\"elementor-text-editor elementor-clearfix\">\n\t\t\t\t<p style=\"text-align: center;\"><b>Donn\u00e9es techniques :<\/b><\/p>\n<ul>\n<li>Lunette Skywatcher ED 72\/420 avec filtre Hoya ND 1,2 sur EQ6 Pro<\/li>\n<li>Sol&rsquo;ex r\u00e9gl\u00e9 sur la raie H-Alpha<\/li>\n<li>Filtre H-Alpha 6 nm<\/li>\n<li>Cam\u00e9ra ZWO ASI 178 MM<\/li>\n<li>Capture avec Sharcap.<\/li>\n<li>Pour l&rsquo;image stacking : empilement de 7 images avec Autostakkert puis traitement avec Astrosurface.<br><\/li>\n<\/ul>\t\t\t\t\t<\/div>\n\t\t\t\t\t\t<\/div>\n\t\t\t\t<\/div>\n\t\t\t\t\t\t<\/div>\n\t\t\t\t\t<\/div>\n\t\t<\/div>\n\t\t\t\t\t\t\t\t<\/div>\n\t\t\t\t\t<\/div>\n\t\t<\/section>\n\t\t\t\t\t\t\t\t\t<\/div>\n\t\t\t<\/div>\n\t\t\t\t\t<\/div>\n\t\t","protected":false},"excerpt":{"rendered":"<p>Soleil du 10 juillet 2023 Soleil en raie H-Alpha Stacking de 7 images Stacking coloris\u00e9 Protub\u00e9rances Animation de quelques protub\u00e9rances Donn\u00e9es techniques : Lunette Skywatcher ED 72\/420 avec filtre Hoya ND 1,2 sur EQ6 Pro Sol&rsquo;ex r\u00e9gl\u00e9 sur la raie H-Alpha Filtre H-Alpha 6 nm Cam\u00e9ra ZWO ASI 178 MM Capture avec Sharcap. Pour l&rsquo;image &hellip;<\/p>\n<p class=\"read-more\"> <a class=\"\" href=\"https:\/\/www.arnaudom.fr\/wordpress\/soleil10072023\/\"> <span class=\"screen-reader-text\">soleil10072023<\/span> Lire la suite\u00a0\u00bb<\/a><\/p>\n","protected":false},"author":1,"featured_media":0,"parent":0,"menu_order":0,"comment_status":"closed","ping_status":"closed","template":"","meta":{"site-sidebar-layout":"default","site-content-layout":"default","ast-site-content-layout":"","site-content-style":"default","site-sidebar-style":"default","ast-global-header-display":"","ast-banner-title-visibility":"","ast-main-header-display":"","ast-hfb-above-header-display":"","ast-hfb-below-header-display":"","ast-hfb-mobile-header-display":"","site-post-title":"disabled","ast-breadcrumbs-content":"","ast-featured-img":"disabled","footer-sml-layout":"","theme-transparent-header-meta":"default","adv-header-id-meta":"","stick-header-meta":"","header-above-stick-meta":"","header-main-stick-meta":"","header-below-stick-meta":"","astra-migrate-meta-layouts":"","ast-page-background-enabled":"default","ast-page-background-meta":{"desktop":{"background-color":"","background-image":"","background-repeat":"repeat","background-position":"center center","background-size":"auto","background-attachment":"scroll","background-type":"","background-media":"","overlay-type":"","overlay-color":"","overlay-gradient":""},"tablet":{"background-color":"","background-image":"","background-repeat":"repeat","background-position":"center center","background-size":"auto","background-attachment":"scroll","background-type":"","background-media":"","overlay-type":"","overlay-color":"","overlay-gradient":""},"mobile":{"background-color":"","background-image":"","background-repeat":"repeat","background-position":"center center","background-size":"auto","background-attachment":"scroll","background-type":"","background-media":"","overlay-type":"","overlay-color":"","overlay-gradient":""}},"ast-content-background-meta":{"desktop":{"background-color":"var(--ast-global-color-5)","background-image":"","background-repeat":"repeat","background-position":"center center","background-size":"auto","background-attachment":"scroll","background-type":"","background-media":"","overlay-type":"","overlay-color":"","overlay-gradient":""},"tablet":{"background-color":"var(--ast-global-color-5)","background-image":"","background-repeat":"repeat","background-position":"center center","background-size":"auto","background-attachment":"scroll","background-type":"","background-media":"","overlay-type":"","overlay-color":"","overlay-gradient":""},"mobile":{"background-color":"var(--ast-global-color-5)","background-image":"","background-repeat":"repeat","background-position":"center center","background-size":"auto","background-attachment":"scroll","background-type":"","background-media":"","overlay-type":"","overlay-color":"","overlay-gradient":""}},"footnotes":""},"class_list":["post-10747","page","type-page","status-publish","hentry"],"_links":{"self":[{"href":"https:\/\/www.arnaudom.fr\/wordpress\/wp-json\/wp\/v2\/pages\/10747","targetHints":{"allow":["GET"]}}],"collection":[{"href":"https:\/\/www.arnaudom.fr\/wordpress\/wp-json\/wp\/v2\/pages"}],"about":[{"href":"https:\/\/www.arnaudom.fr\/wordpress\/wp-json\/wp\/v2\/types\/page"}],"author":[{"embeddable":true,"href":"https:\/\/www.arnaudom.fr\/wordpress\/wp-json\/wp\/v2\/users\/1"}],"replies":[{"embeddable":true,"href":"https:\/\/www.arnaudom.fr\/wordpress\/wp-json\/wp\/v2\/comments?post=10747"}],"version-history":[{"count":12,"href":"https:\/\/www.arnaudom.fr\/wordpress\/wp-json\/wp\/v2\/pages\/10747\/revisions"}],"predecessor-version":[{"id":10863,"href":"https:\/\/www.arnaudom.fr\/wordpress\/wp-json\/wp\/v2\/pages\/10747\/revisions\/10863"}],"wp:attachment":[{"href":"https:\/\/www.arnaudom.fr\/wordpress\/wp-json\/wp\/v2\/media?parent=10747"}],"curies":[{"name":"wp","href":"https:\/\/api.w.org\/{rel}","templated":true}]}}