{"id":1071,"date":"2018-08-14T09:13:37","date_gmt":"2018-08-14T07:13:37","guid":{"rendered":"http:\/\/www.arnaudom.fr\/wordpress\/?page_id=1071"},"modified":"2020-08-28T15:57:53","modified_gmt":"2020-08-28T13:57:53","slug":"introduction","status":"publish","type":"page","link":"https:\/\/www.arnaudom.fr\/wordpress\/introduction\/","title":{"rendered":"introduction"},"content":{"rendered":"\t\t<div data-elementor-type=\"wp-post\" data-elementor-id=\"1071\" class=\"elementor elementor-1071\">\n\t\t\t\t\t\t<div class=\"elementor-inner\">\n\t\t\t\t<div class=\"elementor-section-wrap\">\n\t\t\t\t\t\t\t\t\t<section class=\"elementor-section elementor-top-section elementor-element elementor-element-03be226 elementor-section-boxed elementor-section-height-default elementor-section-height-default\" data-id=\"03be226\" data-element_type=\"section\">\n\t\t\t\t\t\t<div class=\"elementor-container elementor-column-gap-default\">\n\t\t\t\t\t\t\t<div class=\"elementor-row\">\n\t\t\t\t\t<div class=\"elementor-column elementor-col-100 elementor-top-column elementor-element elementor-element-f3acbc3\" data-id=\"f3acbc3\" data-element_type=\"column\" data-settings=\"{&quot;background_background&quot;:&quot;classic&quot;}\">\n\t\t\t<div class=\"elementor-column-wrap elementor-element-populated\">\n\t\t\t\t\t\t\t<div class=\"elementor-widget-wrap\">\n\t\t\t\t\t\t<div class=\"elementor-element elementor-element-a368198 elementor-widget elementor-widget-heading\" data-id=\"a368198\" data-element_type=\"widget\" data-widget_type=\"heading.default\">\n\t\t\t\t<div class=\"elementor-widget-container\">\n\t\t\t<h1 class=\"elementor-heading-title elementor-size-default\">Introduction \u00e0 PixInsight pour le traitement des images APN (1\/2)<\/h1>\t\t<\/div>\n\t\t\t\t<\/div>\n\t\t\t\t<div class=\"elementor-element elementor-element-becf4cb elementor-widget elementor-widget-heading\" data-id=\"becf4cb\" data-element_type=\"widget\" data-widget_type=\"heading.default\">\n\t\t\t\t<div class=\"elementor-widget-container\">\n\t\t\t<h2 class=\"elementor-heading-title elementor-size-default\">Pr\u00e9sentation<\/h2>\t\t<\/div>\n\t\t\t\t<\/div>\n\t\t\t\t<div class=\"elementor-element elementor-element-0243bac elementor-widget elementor-widget-text-editor\" data-id=\"0243bac\" data-element_type=\"widget\" data-widget_type=\"text-editor.default\">\n\t\t\t\t<div class=\"elementor-widget-container\">\n\t\t\t\t\t\t\t\t<div class=\"elementor-text-editor elementor-clearfix\">\n\t\t\t\t<p><em>Ecrit le 25\/10\/13.<\/em><\/p><p>Le but de ces pages est de vous pr\u00e9senter PixInsight, le logiciel de traitement d&rsquo;images astronomiques cr\u00e9\u00e9 par et pour des astrophotographes amateurs. J&rsquo;ai eu l&rsquo;occasion de tester la version d&rsquo;essai ces derniers mois, et PixInsight se r\u00e9v\u00e8le \u00e0 l&rsquo;usage tr\u00e8s agr\u00e9able \u00e0 utiliser, mais il est \u00e9galement assez d\u00e9routant \u00e0 prendre en main au d\u00e9but, \u00e0 cause du grande nombre d&rsquo;outils qu&rsquo;il contient et de la quantit\u00e9 impressionnante de param\u00e8tres qu&rsquo;il est possible de r\u00e9gler.<\/p><p>Le logiciel est payant et co\u00fbte tout de m\u00eame assez cher (plus de 200 euros), mais on peut le tester en version d&rsquo;essai compl\u00e8te pendant 45 jours. Pour cela, vous pouvez vous rendre sur le site de PixInsight et suivre la proc\u00e9dure indiqu\u00e9e \u00e0 cette adresse: https:\/\/pixinsight.com\/trial.<\/p><p>On trouve sur Internet beaucoup de tutoriels vid\u00e9os (beaucoup en anglais, d&rsquo;autres en fran\u00e7ais&#8230; enfin, en qu\u00e9b\u00e9cois devrais-je dire <img loading=\"lazy\" decoding=\"async\" class=\"size-full wp-image-675\" src=\"http:\/\/www.arnaudom.fr\/wordpress\/wp-content\/uploads\/2018\/08\/smclin.gif\" alt=\"\" width=\"18\" height=\"18\" \/> ), quelques tutoriels \u00e9crits mais la plupart en anglais, les seules ressources fran\u00e7aises de tutoriels \u00e9crits que j&rsquo;ai trouv\u00e9 sont le site PixInsight.fr et quelques PDF. Vous trouverez \u00e0 la fin de ces pages une liste de liens que j&rsquo;ai utilis\u00e9s. J&rsquo;ai personnellement beaucoup de mal avec les vid\u00e9os, je pr\u00e9f\u00e8re de loin les tutoriels \u00e9crits que je peux imprimer, lire et relire \u00e0 volont\u00e9. N&rsquo;ayant pas vraiment trouv\u00e9 ce genre de chose sur la toile, j&rsquo;ai donc d\u00e9cid\u00e9 de cr\u00e9er moi-m\u00eame ces tutoriels.<\/p><p><strong>Avertissement :<\/strong> ces tutoriels sont issus de ma tr\u00e8s courte exp\u00e9rience avec PixInsight, il se peut qu&rsquo;ils comportent donc des erreurs, des impr\u00e9cisions, des informations erron\u00e9es &#8230; Je suis preneur de toutes les informations et de toutes les critiques concernant ces pages !<\/p><p>Nous allons tenter d&rsquo;y voir plus clair en entrant tout de suite dans le vif du sujet. C&rsquo;est parti !<\/p>\t\t\t\t\t<\/div>\n\t\t\t\t\t\t<\/div>\n\t\t\t\t<\/div>\n\t\t\t\t<div class=\"elementor-element elementor-element-3217dc0 elementor-widget elementor-widget-heading\" data-id=\"3217dc0\" data-element_type=\"widget\" data-widget_type=\"heading.default\">\n\t\t\t\t<div class=\"elementor-widget-container\">\n\t\t\t<h2 class=\"elementor-heading-title elementor-size-default\">Pr\u00e9paration de l'interface<\/h2>\t\t<\/div>\n\t\t\t\t<\/div>\n\t\t\t\t<div class=\"elementor-element elementor-element-d2231f7 elementor-widget elementor-widget-text-editor\" data-id=\"d2231f7\" data-element_type=\"widget\" data-widget_type=\"text-editor.default\">\n\t\t\t\t<div class=\"elementor-widget-container\">\n\t\t\t\t\t\t\t\t<div class=\"elementor-text-editor elementor-clearfix\">\n\t\t\t\t<p>Nous voici devant l&rsquo;interface de PixInsight (version 1.8).<\/p><p><img loading=\"lazy\" decoding=\"async\" class=\"aligncenter size-full wp-image-1074\" src=\"http:\/\/www.arnaudom.fr\/wordpress\/wp-content\/uploads\/2018\/08\/pix001.jpg\" alt=\"\" width=\"590\" height=\"509\" srcset=\"https:\/\/www.arnaudom.fr\/wordpress\/wp-content\/uploads\/2018\/08\/pix001.jpg 590w, https:\/\/www.arnaudom.fr\/wordpress\/wp-content\/uploads\/2018\/08\/pix001-300x259.jpg 300w\" sizes=\"auto, (max-width: 590px) 100vw, 590px\" \/><\/p><p>Je vous propose de modifier la barre d&rsquo;outils (<strong>Tools bar<\/strong>) pour lui faire afficher certains boutons qui vont nous \u00eatre d&rsquo;une grande utilit\u00e9 plus tard. Ceci est juste un choix personnel, que vous pouvez adopter ou pas selon vos go\u00fbts.<\/p><p>Pour cela, allez dans le menu <strong>VIEW\/Tools<\/strong> Bar puis cocher <strong>Image<\/strong>, <strong>Zoom<\/strong>, <strong>Process Icons<\/strong> et d\u00e9cocher <strong>Screen Transfer Functions.<\/strong> On obtient la barre suivante :<\/p><p><img loading=\"lazy\" decoding=\"async\" class=\"aligncenter size-full wp-image-1075\" src=\"http:\/\/www.arnaudom.fr\/wordpress\/wp-content\/uploads\/2018\/08\/pix002.jpg\" alt=\"\" width=\"600\" height=\"35\" srcset=\"https:\/\/www.arnaudom.fr\/wordpress\/wp-content\/uploads\/2018\/08\/pix002.jpg 600w, https:\/\/www.arnaudom.fr\/wordpress\/wp-content\/uploads\/2018\/08\/pix002-300x18.jpg 300w\" sizes=\"auto, (max-width: 600px) 100vw, 600px\" \/><\/p>\t\t\t\t\t<\/div>\n\t\t\t\t\t\t<\/div>\n\t\t\t\t<\/div>\n\t\t\t\t<div class=\"elementor-element elementor-element-7d2c051 elementor-widget elementor-widget-heading\" data-id=\"7d2c051\" data-element_type=\"widget\" data-widget_type=\"heading.default\">\n\t\t\t\t<div class=\"elementor-widget-container\">\n\t\t\t<h2 class=\"elementor-heading-title elementor-size-default\">Les onglets de l'interface<\/h2>\t\t<\/div>\n\t\t\t\t<\/div>\n\t\t\t\t<div class=\"elementor-element elementor-element-acd8833 elementor-position-left elementor-vertical-align-middle elementor-widget elementor-widget-image-box\" data-id=\"acd8833\" data-element_type=\"widget\" data-widget_type=\"image-box.default\">\n\t\t\t\t<div class=\"elementor-widget-container\">\n\t\t\t<div class=\"elementor-image-box-wrapper\"><figure class=\"elementor-image-box-img\"><img loading=\"lazy\" decoding=\"async\" width=\"400\" height=\"314\" src=\"https:\/\/www.arnaudom.fr\/wordpress\/wp-content\/uploads\/2018\/08\/pix003.jpg\" class=\"attachment-full size-full wp-image-1076\" alt=\"\" srcset=\"https:\/\/www.arnaudom.fr\/wordpress\/wp-content\/uploads\/2018\/08\/pix003.jpg 400w, https:\/\/www.arnaudom.fr\/wordpress\/wp-content\/uploads\/2018\/08\/pix003-300x236.jpg 300w\" sizes=\"auto, (max-width: 400px) 100vw, 400px\" \/><\/figure><div class=\"elementor-image-box-content\"><p class=\"elementor-image-box-description\">A gauche de la fen\u00eatre on trouve plusieurs onglets, notamment <b>Process console<\/b>, <b>Process Explorer<\/b> et <b>Format Explorer.<\/b><\/p><\/div><\/div>\t\t<\/div>\n\t\t\t\t<\/div>\n\t\t\t\t<div class=\"elementor-element elementor-element-3a1d5cb elementor-widget elementor-widget-text-editor\" data-id=\"3a1d5cb\" data-element_type=\"widget\" data-widget_type=\"text-editor.default\">\n\t\t\t\t<div class=\"elementor-widget-container\">\n\t\t\t\t\t\t\t\t<div class=\"elementor-text-editor elementor-clearfix\">\n\t\t\t\t<p>En passant la souris sur <b>Process Console<\/b>, on affiche la console de PixInsight qui permet au logiciel d&rsquo;afficher toutes les op\u00e9rations qu&rsquo;il effectue.<\/p><p><img loading=\"lazy\" decoding=\"async\" class=\"aligncenter size-full wp-image-1077\" src=\"http:\/\/www.arnaudom.fr\/wordpress\/wp-content\/uploads\/2018\/08\/pix004.jpg\" alt=\"\" width=\"500\" height=\"326\" srcset=\"https:\/\/www.arnaudom.fr\/wordpress\/wp-content\/uploads\/2018\/08\/pix004.jpg 500w, https:\/\/www.arnaudom.fr\/wordpress\/wp-content\/uploads\/2018\/08\/pix004-300x196.jpg 300w\" sizes=\"auto, (max-width: 500px) 100vw, 500px\" \/><\/p><p>L&rsquo;onglet <strong>Process Explorer<\/strong> contient tous les \u00ab process \u00bb de PixInsight : il s&rsquo;agit de tous les outils de traitement du logiciel. Ces process sont au coeur du fonctionnement de PixInsight.<\/p><p><img loading=\"lazy\" decoding=\"async\" class=\"aligncenter size-full wp-image-1078\" src=\"http:\/\/www.arnaudom.fr\/wordpress\/wp-content\/uploads\/2018\/08\/pix005.jpg\" alt=\"\" width=\"537\" height=\"404\" srcset=\"https:\/\/www.arnaudom.fr\/wordpress\/wp-content\/uploads\/2018\/08\/pix005.jpg 537w, https:\/\/www.arnaudom.fr\/wordpress\/wp-content\/uploads\/2018\/08\/pix005-300x226.jpg 300w\" sizes=\"auto, (max-width: 537px) 100vw, 537px\" \/><\/p><p>Enfin rep\u00e9rez l&rsquo;onglet <strong>Format Explorer<\/strong> dont on parlera un peu plus loin.<\/p>\t\t\t\t\t<\/div>\n\t\t\t\t\t\t<\/div>\n\t\t\t\t<\/div>\n\t\t\t\t<div class=\"elementor-element elementor-element-2331a68 elementor-widget elementor-widget-heading\" data-id=\"2331a68\" data-element_type=\"widget\" data-widget_type=\"heading.default\">\n\t\t\t\t<div class=\"elementor-widget-container\">\n\t\t\t<h2 class=\"elementor-heading-title elementor-size-default\">Utilisation des process<\/h2>\t\t<\/div>\n\t\t\t\t<\/div>\n\t\t\t\t<div class=\"elementor-element elementor-element-8c56ecb elementor-widget elementor-widget-text-editor\" data-id=\"8c56ecb\" data-element_type=\"widget\" data-widget_type=\"text-editor.default\">\n\t\t\t\t<div class=\"elementor-widget-container\">\n\t\t\t\t\t\t\t\t<div class=\"elementor-text-editor elementor-clearfix\">\n\t\t\t\t<p>Traiter une image avec PixInsight va consister \u00e0 lui appliquer une suite de process. Pour utiliser un process quelconque, on va donc aller dans l&rsquo;onglet <strong>Process Explorer<\/strong>. Deux choix s&rsquo;offrent alors \u00e0 l&rsquo;utilisateur pour activer un process :<\/p><p>&#8211; soit faire un double-clic sur lui (le process s&rsquo;ouvre alors)<\/p><p>&#8211; soit glisser et d\u00e9poser l&rsquo;ic\u00f4ne du process sur l&rsquo;espace de travail du logiciel avec la souris (en laissant le bouton gauche enfonc\u00e9).<\/p><p>Par exemple, on va s\u00e9lectionner le process <strong>HistogramTransformation<\/strong> dans <strong>Process Explorer<\/strong> :<\/p><p><img loading=\"lazy\" decoding=\"async\" class=\"aligncenter size-full wp-image-1079\" src=\"http:\/\/www.arnaudom.fr\/wordpress\/wp-content\/uploads\/2018\/08\/pix006.jpg\" alt=\"\" width=\"379\" height=\"181\" srcset=\"https:\/\/www.arnaudom.fr\/wordpress\/wp-content\/uploads\/2018\/08\/pix006.jpg 379w, https:\/\/www.arnaudom.fr\/wordpress\/wp-content\/uploads\/2018\/08\/pix006-300x143.jpg 300w\" sizes=\"auto, (max-width: 379px) 100vw, 379px\" \/><\/p><p>Avec la souris, on va d\u00e9poser l&rsquo;ic\u00f4ne du process sur une zone libre de l&rsquo;espace de travail :<\/p><p><img loading=\"lazy\" decoding=\"async\" class=\"aligncenter size-full wp-image-1080\" src=\"http:\/\/www.arnaudom.fr\/wordpress\/wp-content\/uploads\/2018\/08\/pix007.jpg\" alt=\"\" width=\"567\" height=\"371\" srcset=\"https:\/\/www.arnaudom.fr\/wordpress\/wp-content\/uploads\/2018\/08\/pix007.jpg 567w, https:\/\/www.arnaudom.fr\/wordpress\/wp-content\/uploads\/2018\/08\/pix007-300x196.jpg 300w\" sizes=\"auto, (max-width: 567px) 100vw, 567px\" \/><\/p><p>L&rsquo;ic\u00f4ne change alors de forme et prend par exemple le nom de Process01.<img loading=\"lazy\" decoding=\"async\" class=\"size-full wp-image-1081\" src=\"http:\/\/www.arnaudom.fr\/wordpress\/wp-content\/uploads\/2018\/08\/pix008.jpg\" alt=\"\" width=\"108\" height=\"43\" \/><\/p>\t\t\t\t\t<\/div>\n\t\t\t\t\t\t<\/div>\n\t\t\t\t<\/div>\n\t\t\t\t<div class=\"elementor-element elementor-element-edcbc8a elementor-widget elementor-widget-text-editor\" data-id=\"edcbc8a\" data-element_type=\"widget\" data-widget_type=\"text-editor.default\">\n\t\t\t\t<div class=\"elementor-widget-container\">\n\t\t\t\t\t\t\t\t<div class=\"elementor-text-editor elementor-clearfix\">\n\t\t\t\t<p>Ceci constitue l&rsquo;une des fonctionnalit\u00e9s les plus int\u00e9ressantes de Pixinsight : on peut ainsi stocker sur l&rsquo;espace de travail du logiciel tous les traitements effectu\u00e9s sur une image, sous forme d&rsquo;une s\u00e9rie d&rsquo;ic\u00f4nes. Cette s\u00e9rie d&rsquo;ic\u00f4nes, appel\u00e9e <strong>Process icons<\/strong>, peut \u00eatre sauvegard\u00e9e pour \u00eatre r\u00e9utilis\u00e9e ensuite sur une autre image.<\/p>\t\t\t\t\t<\/div>\n\t\t\t\t\t\t<\/div>\n\t\t\t\t<\/div>\n\t\t\t\t<div class=\"elementor-element elementor-element-645d0a5 elementor-widget elementor-widget-text-editor\" data-id=\"645d0a5\" data-element_type=\"widget\" data-widget_type=\"text-editor.default\">\n\t\t\t\t<div class=\"elementor-widget-container\">\n\t\t\t\t\t\t\t\t<div class=\"elementor-text-editor elementor-clearfix\">\n\t\t\t\t<p>De plus, on peut modifier le nom du process pour le remplacer par un nom plus explicite, en cliquant sur la lettre <strong>N<\/strong> en haut \u00e0 droite de l&rsquo;ic\u00f4ne. Dans la fen\u00eatre qui appara\u00eet on entre le nom de notre process dans la case <strong>New Identifier<\/strong>. Attention, il ne faut pas que le nom contienne des espaces ou des caract\u00e8res sp\u00e9ciaux, dans mon exemple j&rsquo;ai baptis\u00e9 mon process Modification_de_l_histogramme.<\/p><p><img loading=\"lazy\" decoding=\"async\" class=\"aligncenter size-full wp-image-1082\" src=\"http:\/\/www.arnaudom.fr\/wordpress\/wp-content\/uploads\/2018\/08\/pix009.jpg\" alt=\"\" width=\"518\" height=\"122\" srcset=\"https:\/\/www.arnaudom.fr\/wordpress\/wp-content\/uploads\/2018\/08\/pix009.jpg 518w, https:\/\/www.arnaudom.fr\/wordpress\/wp-content\/uploads\/2018\/08\/pix009-300x71.jpg 300w\" sizes=\"auto, (max-width: 518px) 100vw, 518px\" \/><\/p><p>Et voici la nouvelle ic\u00f4ne du process : <img loading=\"lazy\" decoding=\"async\" class=\"size-full wp-image-1084\" src=\"http:\/\/www.arnaudom.fr\/wordpress\/wp-content\/uploads\/2018\/08\/pix010.jpg\" alt=\"\" width=\"215\" height=\"36\" \/><\/p>\t\t\t\t\t<\/div>\n\t\t\t\t\t\t<\/div>\n\t\t\t\t<\/div>\n\t\t\t\t<div class=\"elementor-element elementor-element-c1fffbd elementor-position-right elementor-vertical-align-middle elementor-widget elementor-widget-image-box\" data-id=\"c1fffbd\" data-element_type=\"widget\" data-widget_type=\"image-box.default\">\n\t\t\t\t<div class=\"elementor-widget-container\">\n\t\t\t<div class=\"elementor-image-box-wrapper\"><figure class=\"elementor-image-box-img\"><img loading=\"lazy\" decoding=\"async\" width=\"306\" height=\"201\" src=\"https:\/\/www.arnaudom.fr\/wordpress\/wp-content\/uploads\/2018\/08\/pix011.jpg\" class=\"attachment-full size-full wp-image-1085\" alt=\"\" srcset=\"https:\/\/www.arnaudom.fr\/wordpress\/wp-content\/uploads\/2018\/08\/pix011.jpg 306w, https:\/\/www.arnaudom.fr\/wordpress\/wp-content\/uploads\/2018\/08\/pix011-300x197.jpg 300w\" sizes=\"auto, (max-width: 306px) 100vw, 306px\" \/><\/figure><div class=\"elementor-image-box-content\"><p class=\"elementor-image-box-description\">On peut \u00e9galement entrer une description du process en cliquant sur la lettre <b>D<\/b> en bas \u00e0 droite de l'ic\u00f4ne. Une fen\u00eatre appara\u00eet avec la mention \u2039No Description\u203a.<\/p><\/div><\/div>\t\t<\/div>\n\t\t\t\t<\/div>\n\t\t\t\t<div class=\"elementor-element elementor-element-c09d143 elementor-widget elementor-widget-text-editor\" data-id=\"c09d143\" data-element_type=\"widget\" data-widget_type=\"text-editor.default\">\n\t\t\t\t<div class=\"elementor-widget-container\">\n\t\t\t\t\t\t\t\t<div class=\"elementor-text-editor elementor-clearfix\">\n\t\t\t\t<p>En cliquant sur le dessin de la fl\u00e8che \u00e0 droite du nom du process, on acc\u00e8de alors \u00e0 une fen\u00eatre d&rsquo;\u00e9dition dans laquelle on peut entrer toutes les informations que l&rsquo;on souhaite.<\/p><p><img loading=\"lazy\" decoding=\"async\" class=\"aligncenter size-full wp-image-1086\" src=\"http:\/\/www.arnaudom.fr\/wordpress\/wp-content\/uploads\/2018\/08\/pix012.jpg\" alt=\"\" width=\"408\" height=\"336\" srcset=\"https:\/\/www.arnaudom.fr\/wordpress\/wp-content\/uploads\/2018\/08\/pix012.jpg 408w, https:\/\/www.arnaudom.fr\/wordpress\/wp-content\/uploads\/2018\/08\/pix012-300x247.jpg 300w\" sizes=\"auto, (max-width: 408px) 100vw, 408px\" \/><\/p><p><img loading=\"lazy\" decoding=\"async\" class=\"size-full wp-image-1087 aligncenter\" src=\"http:\/\/www.arnaudom.fr\/wordpress\/wp-content\/uploads\/2018\/08\/pix013.jpg\" alt=\"\" width=\"405\" height=\"329\" srcset=\"https:\/\/www.arnaudom.fr\/wordpress\/wp-content\/uploads\/2018\/08\/pix013.jpg 405w, https:\/\/www.arnaudom.fr\/wordpress\/wp-content\/uploads\/2018\/08\/pix013-300x244.jpg 300w\" sizes=\"auto, (max-width: 405px) 100vw, 405px\" \/><\/p><p>Une fois qu&rsquo;on aura cliqu\u00e9 sur <strong>OK<\/strong>, on s&rsquo;apercevra que la lettre D est devenu rouge. En allant cliquer \u00e0 nouveau sur elle, on affichera notre fen\u00eatre de description. On peut ainsi, pour n&rsquo;importe quel process, sauvegarder toutes les informations que l&rsquo;on estime n\u00e9cessaires : sa description, comment l&rsquo;utiliser, les param\u00e8tres importants, des notes personnelles&#8230; ce qui s&rsquo;av\u00e8re tr\u00e8s pratique \u00e0 l&rsquo;usage !<\/p><p><img loading=\"lazy\" decoding=\"async\" class=\"aligncenter size-full wp-image-1088\" src=\"http:\/\/www.arnaudom.fr\/wordpress\/wp-content\/uploads\/2018\/08\/pix014.jpg\" alt=\"\" width=\"360\" height=\"236\" srcset=\"https:\/\/www.arnaudom.fr\/wordpress\/wp-content\/uploads\/2018\/08\/pix014.jpg 360w, https:\/\/www.arnaudom.fr\/wordpress\/wp-content\/uploads\/2018\/08\/pix014-300x197.jpg 300w\" sizes=\"auto, (max-width: 360px) 100vw, 360px\" \/>On peut donc se cr\u00e9er sa propre suite de process de traitement, que l&rsquo;on peut ensuite sauvegarder ou recharger \u00e0 volont\u00e9.<\/p><p>On peut sauvegarder les process icons en allant dans le menu <strong>PROCESS\/Process Icons\/Save Process Icons&#8230;<\/strong> , il suffit ensuite de donner un nom \u00e0 son fichier qui sera sauvegard\u00e9 au format <strong>.xpsm<\/strong>.<\/p><p>Pour charger des process icons, on cliquera sur ce bouton de la barre des t\u00e2ches : <img loading=\"lazy\" decoding=\"async\" class=\"size-full wp-image-1092\" src=\"http:\/\/www.arnaudom.fr\/wordpress\/wp-content\/uploads\/2018\/08\/pix018.jpg\" alt=\"\" width=\"62\" height=\"47\" \/><\/p><p><br \/>ou on ira dans le menu <strong>PROCESS\/Process Icons\/Load Process Icons&#8230;<\/strong><\/p><p>Vous pouvez t\u00e9l\u00e9charger mes process icons de pr\u00e9traitement ici : Pr\u00e9traitement APN puis les charger dans Pixinsight.<\/p>\t\t\t\t\t<\/div>\n\t\t\t\t\t\t<\/div>\n\t\t\t\t<\/div>\n\t\t\t\t<div class=\"elementor-element elementor-element-3a64e09 elementor-align-center elementor-widget elementor-widget-button\" data-id=\"3a64e09\" data-element_type=\"widget\" data-widget_type=\"button.default\">\n\t\t\t\t<div class=\"elementor-widget-container\">\n\t\t\t\t\t<div class=\"elementor-button-wrapper\">\n\t\t\t<a href=\"http:\/\/www.arnaudom.fr\/wordpress\/introsuite\/\" class=\"elementor-button-link elementor-button elementor-size-sm\" role=\"button\">\n\t\t\t\t\t\t<span class=\"elementor-button-content-wrapper\">\n\t\t\t\t\t\t\t<span class=\"elementor-button-icon elementor-align-icon-right\">\n\t\t\t\t\t\t\t\t\t<i class=\"fa fa-arrow-right\" aria-hidden=\"true\"><\/i>\n\t\t\t\t\t\t\t<\/span>\n\t\t\t\t\t\t<span class=\"elementor-button-text\">La suite ici ...<\/span>\n\t\t<\/span>\n\t\t\t\t\t<\/a>\n\t\t<\/div>\n\t\t\t\t<\/div>\n\t\t\t\t<\/div>\n\t\t\t\t\t\t<\/div>\n\t\t\t\t\t<\/div>\n\t\t<\/div>\n\t\t\t\t\t\t\t\t<\/div>\n\t\t\t\t\t<\/div>\n\t\t<\/section>\n\t\t\t\t\t\t\t\t\t<\/div>\n\t\t\t<\/div>\n\t\t\t\t\t<\/div>\n\t\t","protected":false},"excerpt":{"rendered":"<p>Introduction \u00e0 PixInsight pour le traitement des images APN (1\/2) Pr\u00e9sentation Ecrit le 25\/10\/13. Le but de ces pages est de vous pr\u00e9senter PixInsight, le logiciel de traitement d&rsquo;images astronomiques cr\u00e9\u00e9 par et pour des astrophotographes amateurs. J&rsquo;ai eu l&rsquo;occasion de tester la version d&rsquo;essai ces derniers mois, et PixInsight se r\u00e9v\u00e8le \u00e0 l&rsquo;usage tr\u00e8s &hellip;<\/p>\n<p class=\"read-more\"> <a class=\"\" href=\"https:\/\/www.arnaudom.fr\/wordpress\/introduction\/\"> <span class=\"screen-reader-text\">introduction<\/span> Lire la suite\u00a0\u00bb<\/a><\/p>\n","protected":false},"author":1,"featured_media":0,"parent":0,"menu_order":0,"comment_status":"closed","ping_status":"closed","template":"","meta":{"site-sidebar-layout":"default","site-content-layout":"default","ast-site-content-layout":"","site-content-style":"default","site-sidebar-style":"default","ast-global-header-display":"","ast-banner-title-visibility":"","ast-main-header-display":"","ast-hfb-above-header-display":"","ast-hfb-below-header-display":"","ast-hfb-mobile-header-display":"","site-post-title":"disabled","ast-breadcrumbs-content":"","ast-featured-img":"","footer-sml-layout":"","theme-transparent-header-meta":"default","adv-header-id-meta":"","stick-header-meta":"","header-above-stick-meta":"","header-main-stick-meta":"","header-below-stick-meta":"","astra-migrate-meta-layouts":"","ast-page-background-enabled":"default","ast-page-background-meta":{"desktop":{"background-color":"","background-image":"","background-repeat":"repeat","background-position":"center center","background-size":"auto","background-attachment":"scroll","background-type":"","background-media":"","overlay-type":"","overlay-color":"","overlay-gradient":""},"tablet":{"background-color":"","background-image":"","background-repeat":"repeat","background-position":"center center","background-size":"auto","background-attachment":"scroll","background-type":"","background-media":"","overlay-type":"","overlay-color":"","overlay-gradient":""},"mobile":{"background-color":"","background-image":"","background-repeat":"repeat","background-position":"center center","background-size":"auto","background-attachment":"scroll","background-type":"","background-media":"","overlay-type":"","overlay-color":"","overlay-gradient":""}},"ast-content-background-meta":{"desktop":{"background-color":"var(--ast-global-color-5)","background-image":"","background-repeat":"repeat","background-position":"center center","background-size":"auto","background-attachment":"scroll","background-type":"","background-media":"","overlay-type":"","overlay-color":"","overlay-gradient":""},"tablet":{"background-color":"var(--ast-global-color-5)","background-image":"","background-repeat":"repeat","background-position":"center center","background-size":"auto","background-attachment":"scroll","background-type":"","background-media":"","overlay-type":"","overlay-color":"","overlay-gradient":""},"mobile":{"background-color":"var(--ast-global-color-5)","background-image":"","background-repeat":"repeat","background-position":"center center","background-size":"auto","background-attachment":"scroll","background-type":"","background-media":"","overlay-type":"","overlay-color":"","overlay-gradient":""}},"footnotes":""},"class_list":["post-1071","page","type-page","status-publish","hentry"],"_links":{"self":[{"href":"https:\/\/www.arnaudom.fr\/wordpress\/wp-json\/wp\/v2\/pages\/1071","targetHints":{"allow":["GET"]}}],"collection":[{"href":"https:\/\/www.arnaudom.fr\/wordpress\/wp-json\/wp\/v2\/pages"}],"about":[{"href":"https:\/\/www.arnaudom.fr\/wordpress\/wp-json\/wp\/v2\/types\/page"}],"author":[{"embeddable":true,"href":"https:\/\/www.arnaudom.fr\/wordpress\/wp-json\/wp\/v2\/users\/1"}],"replies":[{"embeddable":true,"href":"https:\/\/www.arnaudom.fr\/wordpress\/wp-json\/wp\/v2\/comments?post=1071"}],"version-history":[{"count":14,"href":"https:\/\/www.arnaudom.fr\/wordpress\/wp-json\/wp\/v2\/pages\/1071\/revisions"}],"predecessor-version":[{"id":5993,"href":"https:\/\/www.arnaudom.fr\/wordpress\/wp-json\/wp\/v2\/pages\/1071\/revisions\/5993"}],"wp:attachment":[{"href":"https:\/\/www.arnaudom.fr\/wordpress\/wp-json\/wp\/v2\/media?parent=1071"}],"curies":[{"name":"wp","href":"https:\/\/api.w.org\/{rel}","templated":true}]}}