{"id":964,"date":"2018-08-13T16:46:30","date_gmt":"2018-08-13T14:46:30","guid":{"rendered":"http:\/\/www.arnaudom.fr\/wordpress\/?page_id=964"},"modified":"2020-09-07T11:20:30","modified_gmt":"2020-09-07T09:20:30","slug":"images-apn-avec-pixinsight","status":"publish","type":"page","link":"http:\/\/www.arnaudom.fr\/wordpress\/images-apn-avec-pixinsight\/","title":{"rendered":"Images APN avec Pixinsight"},"content":{"rendered":"\t\t<div data-elementor-type=\"wp-post\" data-elementor-id=\"964\" class=\"elementor elementor-964\">\n\t\t\t\t\t\t<div class=\"elementor-inner\">\n\t\t\t\t<div class=\"elementor-section-wrap\">\n\t\t\t\t\t\t\t\t\t<section class=\"elementor-section elementor-top-section elementor-element elementor-element-ae67dcb elementor-section-full_width elementor-section-height-default elementor-section-height-default\" data-id=\"ae67dcb\" data-element_type=\"section\">\n\t\t\t\t\t\t<div class=\"elementor-container elementor-column-gap-default\">\n\t\t\t\t\t\t\t<div class=\"elementor-row\">\n\t\t\t\t\t<div class=\"elementor-column elementor-col-100 elementor-top-column elementor-element elementor-element-f72ddff\" data-id=\"f72ddff\" data-element_type=\"column\" data-settings=\"{&quot;background_background&quot;:&quot;classic&quot;}\">\n\t\t\t<div class=\"elementor-column-wrap elementor-element-populated\">\n\t\t\t\t\t\t\t<div class=\"elementor-widget-wrap\">\n\t\t\t\t\t\t<div class=\"elementor-element elementor-element-620102e elementor-widget elementor-widget-heading\" data-id=\"620102e\" data-element_type=\"widget\" data-widget_type=\"heading.default\">\n\t\t\t\t<div class=\"elementor-widget-container\">\n\t\t\t<h1 class=\"elementor-heading-title elementor-size-default\">Traitement d'images<\/h1>\t\t<\/div>\n\t\t\t\t<\/div>\n\t\t\t\t<div class=\"elementor-element elementor-element-ae12ff2 elementor-position-top elementor-vertical-align-top elementor-widget elementor-widget-image-box\" data-id=\"ae12ff2\" data-element_type=\"widget\" data-widget_type=\"image-box.default\">\n\t\t\t\t<div class=\"elementor-widget-container\">\n\t\t\t<div class=\"elementor-image-box-wrapper\"><figure class=\"elementor-image-box-img\"><img loading=\"lazy\" decoding=\"async\" width=\"300\" height=\"204\" src=\"http:\/\/www.arnaudom.fr\/wordpress\/wp-content\/uploads\/2018\/08\/Canon350D.jpg\" class=\"attachment-full size-full wp-image-1057\" alt=\"\" \/><\/figure><div class=\"elementor-image-box-content\"><p class=\"elementor-image-box-description\">Avec le num\u00e9rique, le traitement informatique des images occupe une part essentielle dans l'obtention d'une photographie finale satisfaisante. J'ai donc d\u00e9cid\u00e9 de consacrer une rubrique particuli\u00e8re au traitement d'images.<\/p><\/div><\/div>\t\t<\/div>\n\t\t\t\t<\/div>\n\t\t\t\t\t\t<\/div>\n\t\t\t\t\t<\/div>\n\t\t<\/div>\n\t\t\t\t\t\t\t\t<\/div>\n\t\t\t\t\t<\/div>\n\t\t<\/section>\n\t\t\t\t<section class=\"elementor-section elementor-top-section elementor-element elementor-element-df9b8a2 elementor-section-boxed elementor-section-height-default elementor-section-height-default\" data-id=\"df9b8a2\" data-element_type=\"section\">\n\t\t\t\t\t\t<div class=\"elementor-container elementor-column-gap-default\">\n\t\t\t\t\t\t\t<div class=\"elementor-row\">\n\t\t\t\t\t<div class=\"elementor-column elementor-col-100 elementor-top-column elementor-element elementor-element-93ad33f\" data-id=\"93ad33f\" data-element_type=\"column\">\n\t\t\t<div class=\"elementor-column-wrap elementor-element-populated\">\n\t\t\t\t\t\t\t<div class=\"elementor-widget-wrap\">\n\t\t\t\t\t\t<div class=\"elementor-element elementor-element-eb34ce0 elementor-widget elementor-widget-spacer\" data-id=\"eb34ce0\" data-element_type=\"widget\" data-widget_type=\"spacer.default\">\n\t\t\t\t<div class=\"elementor-widget-container\">\n\t\t\t\t\t<div class=\"elementor-spacer\">\n\t\t\t<div class=\"elementor-spacer-inner\"><\/div>\n\t\t<\/div>\n\t\t\t\t<\/div>\n\t\t\t\t<\/div>\n\t\t\t\t\t\t<\/div>\n\t\t\t\t\t<\/div>\n\t\t<\/div>\n\t\t\t\t\t\t\t\t<\/div>\n\t\t\t\t\t<\/div>\n\t\t<\/section>\n\t\t\t\t<section class=\"elementor-section elementor-top-section elementor-element elementor-element-1de899c elementor-section-boxed elementor-section-height-default elementor-section-height-default\" data-id=\"1de899c\" data-element_type=\"section\">\n\t\t\t\t\t\t<div class=\"elementor-container elementor-column-gap-default\">\n\t\t\t\t\t\t\t<div class=\"elementor-row\">\n\t\t\t\t\t<div class=\"elementor-column elementor-col-100 elementor-top-column elementor-element elementor-element-488791d\" data-id=\"488791d\" data-element_type=\"column\" data-settings=\"{&quot;background_background&quot;:&quot;classic&quot;}\">\n\t\t\t<div class=\"elementor-column-wrap elementor-element-populated\">\n\t\t\t\t\t\t\t<div class=\"elementor-widget-wrap\">\n\t\t\t\t\t\t<div class=\"elementor-element elementor-element-aac756e elementor-widget elementor-widget-heading\" data-id=\"aac756e\" data-element_type=\"widget\" data-widget_type=\"heading.default\">\n\t\t\t\t<div class=\"elementor-widget-container\">\n\t\t\t<h2 class=\"elementor-heading-title elementor-size-default\">Traitement d'images APN avec PixInsight<\/h2>\t\t<\/div>\n\t\t\t\t<\/div>\n\t\t\t\t<div class=\"elementor-element elementor-element-7c017f7 elementor-widget elementor-widget-image\" data-id=\"7c017f7\" data-element_type=\"widget\" data-widget_type=\"image.default\">\n\t\t\t\t<div class=\"elementor-widget-container\">\n\t\t\t\t\t\t\t\t<div class=\"elementor-image\">\n\t\t\t\t\t\t\t\t\t\t\t\t<img loading=\"lazy\" decoding=\"async\" width=\"72\" height=\"89\" src=\"http:\/\/www.arnaudom.fr\/wordpress\/wp-content\/uploads\/2018\/08\/pixlogo.jpg\" class=\"attachment-large size-large wp-image-1058\" alt=\"\" \/>\t\t\t\t\t\t\t\t\t\t\t\t\t\t<\/div>\n\t\t\t\t\t\t<\/div>\n\t\t\t\t<\/div>\n\t\t\t\t<div class=\"elementor-element elementor-element-bdd86da elementor-tabs-view-horizontal elementor-widget elementor-widget-tabs\" data-id=\"bdd86da\" data-element_type=\"widget\" data-widget_type=\"tabs.default\">\n\t\t\t\t<div class=\"elementor-widget-container\">\n\t\t\t\t\t<div class=\"elementor-tabs\">\n\t\t\t<div class=\"elementor-tabs-wrapper\" role=\"tablist\" >\n\t\t\t\t\t\t\t\t\t<div id=\"elementor-tab-title-1991\" class=\"elementor-tab-title elementor-tab-desktop-title\" aria-selected=\"true\" data-tab=\"1\" role=\"tab\" tabindex=\"0\" aria-controls=\"elementor-tab-content-1991\" aria-expanded=\"false\">Version 2018<\/div>\n\t\t\t\t\t\t\t\t\t<div id=\"elementor-tab-title-1992\" class=\"elementor-tab-title elementor-tab-desktop-title\" aria-selected=\"false\" data-tab=\"2\" role=\"tab\" tabindex=\"-1\" aria-controls=\"elementor-tab-content-1992\" aria-expanded=\"false\">Version 2013-2016<\/div>\n\t\t\t\t\t\t\t<\/div>\n\t\t\t<div class=\"elementor-tabs-content-wrapper\" role=\"tablist\" aria-orientation=\"vertical\">\n\t\t\t\t\t\t\t\t\t<div class=\"elementor-tab-title elementor-tab-mobile-title\" aria-selected=\"true\" data-tab=\"1\" role=\"tab\" tabindex=\"0\" aria-controls=\"elementor-tab-content-1991\" aria-expanded=\"false\">Version 2018<\/div>\n\t\t\t\t\t<div id=\"elementor-tab-content-1991\" class=\"elementor-tab-content elementor-clearfix\" data-tab=\"1\" role=\"tabpanel\" aria-labelledby=\"elementor-tab-title-1991\" tabindex=\"0\" hidden=\"false\"><ol><li><a href=\"http:\/\/www.arnaudom.fr\/wordpress\/traitement101\/\">Nouveaut\u00e9s du logiciel et pr\u00e9traitement des images.<\/a><\/li><li><a href=\"http:\/\/www.arnaudom.fr\/wordpress\/traitement201\/\"><span class=\"gras\">Calibrer les couleurs avec PhotometricColorCalibration.<\/span><\/a><\/li><li><a href=\"http:\/\/www.arnaudom.fr\/wordpress\/traitement301\/\">D\u00e9convolution.<\/a><\/li><\/ol><\/div>\n\t\t\t\t\t\t\t\t\t<div class=\"elementor-tab-title elementor-tab-mobile-title\" aria-selected=\"false\" data-tab=\"2\" role=\"tab\" tabindex=\"-1\" aria-controls=\"elementor-tab-content-1992\" aria-expanded=\"false\">Version 2013-2016<\/div>\n\t\t\t\t\t<div id=\"elementor-tab-content-1992\" class=\"elementor-tab-content elementor-clearfix\" data-tab=\"2\" role=\"tabpanel\" aria-labelledby=\"elementor-tab-title-1992\" tabindex=\"0\" hidden=\"hidden\"><ol><li><a href=\"http:\/\/www.arnaudom.fr\/wordpress\/introduction\/\">Introduction \u00e0 PixInsight<\/a>.<\/li><li><a href=\"http:\/\/www.arnaudom.fr\/wordpress\/pretraitement\/\">Pr\u00e9traitement des images.<\/a><\/li><li><a href=\"http:\/\/www.arnaudom.fr\/wordpress\/addition\">Addition des images.<\/a><\/li><li><a href=\"http:\/\/www.arnaudom.fr\/wordpress\/lineaire\">Traitement des images lin\u00e9aires.<\/a><\/li><li><a href=\"http:\/\/www.arnaudom.fr\/wordpress\/nonlineaire\">Traitement des images non lin\u00e9aires.<\/a><\/li><li><a href=\"http:\/\/www.arnaudom.fr\/wordpress\/docpix\">Documents \u00e0 t\u00e9l\u00e9charger.<\/a><\/li><li><a href=\"http:\/\/www.arnaudom.fr\/wordpress\/masqueetoiles\">Les masques (1\u00e8re partie) : les masques d&rsquo;\u00e9toiles.<\/a><\/li><li><a href=\"http:\/\/www.arnaudom.fr\/wordpress\/masques\">Les masques (2\u00e8me partie).<\/a><\/li><li><a href=\"http:\/\/www.arnaudom.fr\/wordpress\/astrometrie\">Astrom\u00e9trie.<\/a><\/li><li><a href=\"http:\/\/www.arnaudom.fr\/wordpress\/harvb\">Mixage H-Alpha\/RVB.<\/a><\/li><\/ol><\/div>\n\t\t\t\t\t\t\t<\/div>\n\t\t<\/div>\n\t\t\t\t<\/div>\n\t\t\t\t<\/div>\n\t\t\t\t\t\t<\/div>\n\t\t\t\t\t<\/div>\n\t\t<\/div>\n\t\t\t\t\t\t\t\t<\/div>\n\t\t\t\t\t<\/div>\n\t\t<\/section>\n\t\t\t\t\t\t\t\t\t<\/div>\n\t\t\t<\/div>\n\t\t\t\t\t<\/div>\n\t\t","protected":false},"excerpt":{"rendered":"<p>Traitement d&rsquo;images Avec le num\u00e9rique, le traitement informatique des images occupe une part essentielle dans l&rsquo;obtention d&rsquo;une photographie finale satisfaisante. J&rsquo;ai donc d\u00e9cid\u00e9 de consacrer une rubrique particuli\u00e8re au traitement d&rsquo;images. Traitement d&rsquo;images APN avec PixInsight Version 2018 Version 2013-2016 Version 2018 Nouveaut\u00e9s du logiciel et pr\u00e9traitement des images. Calibrer les couleurs avec PhotometricColorCalibration. D\u00e9convolution. &hellip;<\/p>\n<p class=\"read-more\"> <a class=\"\" href=\"http:\/\/www.arnaudom.fr\/wordpress\/images-apn-avec-pixinsight\/\"> <span class=\"screen-reader-text\">Images APN avec Pixinsight<\/span> Lire la suite\u00a0\u00bb<\/a><\/p>\n","protected":false},"author":1,"featured_media":0,"parent":0,"menu_order":0,"comment_status":"closed","ping_status":"closed","template":"","meta":{"site-sidebar-layout":"default","site-content-layout":"default","ast-site-content-layout":"","site-content-style":"default","site-sidebar-style":"default","ast-global-header-display":"","ast-banner-title-visibility":"","ast-main-header-display":"","ast-hfb-above-header-display":"","ast-hfb-below-header-display":"","ast-hfb-mobile-header-display":"","site-post-title":"disabled","ast-breadcrumbs-content":"","ast-featured-img":"","footer-sml-layout":"","theme-transparent-header-meta":"default","adv-header-id-meta":"","stick-header-meta":"","header-above-stick-meta":"","header-main-stick-meta":"","header-below-stick-meta":"","astra-migrate-meta-layouts":"","ast-page-background-enabled":"default","ast-page-background-meta":{"desktop":{"background-color":"","background-image":"","background-repeat":"repeat","background-position":"center center","background-size":"auto","background-attachment":"scroll","background-type":"","background-media":"","overlay-type":"","overlay-color":"","overlay-gradient":""},"tablet":{"background-color":"","background-image":"","background-repeat":"repeat","background-position":"center center","background-size":"auto","background-attachment":"scroll","background-type":"","background-media":"","overlay-type":"","overlay-color":"","overlay-gradient":""},"mobile":{"background-color":"","background-image":"","background-repeat":"repeat","background-position":"center center","background-size":"auto","background-attachment":"scroll","background-type":"","background-media":"","overlay-type":"","overlay-color":"","overlay-gradient":""}},"ast-content-background-meta":{"desktop":{"background-color":"var(--ast-global-color-5)","background-image":"","background-repeat":"repeat","background-position":"center center","background-size":"auto","background-attachment":"scroll","background-type":"","background-media":"","overlay-type":"","overlay-color":"","overlay-gradient":""},"tablet":{"background-color":"var(--ast-global-color-5)","background-image":"","background-repeat":"repeat","background-position":"center center","background-size":"auto","background-attachment":"scroll","background-type":"","background-media":"","overlay-type":"","overlay-color":"","overlay-gradient":""},"mobile":{"background-color":"var(--ast-global-color-5)","background-image":"","background-repeat":"repeat","background-position":"center center","background-size":"auto","background-attachment":"scroll","background-type":"","background-media":"","overlay-type":"","overlay-color":"","overlay-gradient":""}},"footnotes":""},"class_list":["post-964","page","type-page","status-publish","hentry"],"_links":{"self":[{"href":"http:\/\/www.arnaudom.fr\/wordpress\/wp-json\/wp\/v2\/pages\/964","targetHints":{"allow":["GET"]}}],"collection":[{"href":"http:\/\/www.arnaudom.fr\/wordpress\/wp-json\/wp\/v2\/pages"}],"about":[{"href":"http:\/\/www.arnaudom.fr\/wordpress\/wp-json\/wp\/v2\/types\/page"}],"author":[{"embeddable":true,"href":"http:\/\/www.arnaudom.fr\/wordpress\/wp-json\/wp\/v2\/users\/1"}],"replies":[{"embeddable":true,"href":"http:\/\/www.arnaudom.fr\/wordpress\/wp-json\/wp\/v2\/comments?post=964"}],"version-history":[{"count":26,"href":"http:\/\/www.arnaudom.fr\/wordpress\/wp-json\/wp\/v2\/pages\/964\/revisions"}],"predecessor-version":[{"id":6324,"href":"http:\/\/www.arnaudom.fr\/wordpress\/wp-json\/wp\/v2\/pages\/964\/revisions\/6324"}],"wp:attachment":[{"href":"http:\/\/www.arnaudom.fr\/wordpress\/wp-json\/wp\/v2\/media?parent=964"}],"curies":[{"name":"wp","href":"https:\/\/api.w.org\/{rel}","templated":true}]}}