{"id":9591,"date":"2022-12-24T08:51:34","date_gmt":"2022-12-24T07:51:34","guid":{"rendered":"http:\/\/www.arnaudom.fr\/wordpress\/?page_id=9591"},"modified":"2023-01-02T08:05:50","modified_gmt":"2023-01-02T07:05:50","slug":"solexbases","status":"publish","type":"page","link":"http:\/\/www.arnaudom.fr\/wordpress\/solexbases\/","title":{"rendered":"Solexbases"},"content":{"rendered":"\t\t<div data-elementor-type=\"wp-page\" data-elementor-id=\"9591\" class=\"elementor elementor-9591\">\n\t\t\t\t\t\t<div class=\"elementor-inner\">\n\t\t\t\t<div class=\"elementor-section-wrap\">\n\t\t\t\t\t\t\t\t\t<section class=\"elementor-section elementor-top-section elementor-element elementor-element-49e9941a elementor-section-full_width elementor-section-height-default elementor-section-height-default\" data-id=\"49e9941a\" data-element_type=\"section\" data-settings=\"{&quot;background_background&quot;:&quot;classic&quot;}\">\n\t\t\t\t\t\t<div class=\"elementor-container elementor-column-gap-default\">\n\t\t\t\t\t\t\t<div class=\"elementor-row\">\n\t\t\t\t\t<div class=\"elementor-column elementor-col-100 elementor-top-column elementor-element elementor-element-db670c8\" data-id=\"db670c8\" data-element_type=\"column\" data-settings=\"{&quot;background_background&quot;:&quot;classic&quot;}\">\n\t\t\t<div class=\"elementor-column-wrap elementor-element-populated\">\n\t\t\t\t\t\t\t<div class=\"elementor-widget-wrap\">\n\t\t\t\t\t\t<div class=\"elementor-element elementor-element-55ebc29c elementor-widget elementor-widget-heading\" data-id=\"55ebc29c\" data-element_type=\"widget\" data-widget_type=\"heading.default\">\n\t\t\t\t<div class=\"elementor-widget-container\">\n\t\t\t<h1 class=\"elementor-heading-title elementor-size-default\">Sol'ex, l'explorateur solaire<\/h1>\t\t<\/div>\n\t\t\t\t<\/div>\n\t\t\t\t<div class=\"elementor-element elementor-element-544eaff elementor-drop-cap-yes elementor-drop-cap-view-default elementor-widget elementor-widget-text-editor\" data-id=\"544eaff\" data-element_type=\"widget\" data-settings=\"{&quot;drop_cap&quot;:&quot;yes&quot;}\" data-widget_type=\"text-editor.default\">\n\t\t\t\t<div class=\"elementor-widget-container\">\n\t\t\t\t\t\t\t\t<div class=\"elementor-text-editor elementor-clearfix\">\n\t\t\t\t<p><i><span style=\"color: #000000;\">Ecrit le 21\/12\/2022.<\/span><\/i><\/p>\t\t\t\t\t<\/div>\n\t\t\t\t\t\t<\/div>\n\t\t\t\t<\/div>\n\t\t\t\t<div class=\"elementor-element elementor-element-9094770 elementor-widget elementor-widget-heading\" data-id=\"9094770\" data-element_type=\"widget\" data-widget_type=\"heading.default\">\n\t\t\t\t<div class=\"elementor-widget-container\">\n\t\t\t<h2 class=\"elementor-heading-title elementor-size-default\">Un spectroscope pour la photographie solaire<\/h2>\t\t<\/div>\n\t\t\t\t<\/div>\n\t\t\t\t<div class=\"elementor-element elementor-element-4ec2a70c elementor-drop-cap-yes elementor-drop-cap-view-default elementor-widget elementor-widget-text-editor\" data-id=\"4ec2a70c\" data-element_type=\"widget\" data-settings=\"{&quot;drop_cap&quot;:&quot;yes&quot;}\" data-widget_type=\"text-editor.default\">\n\t\t\t\t<div class=\"elementor-widget-container\">\n\t\t\t\t\t\t\t\t<div class=\"elementor-text-editor elementor-clearfix\">\n\t\t\t\t<p><span style=\"color: #000000;\">Sol&rsquo;ex, nom form\u00e9 \u00e0 partir des mots solaire et explorateur, est un instrument d&rsquo;astronomie issue de l&rsquo;imagination de Christian Buil, et qui en r\u00e9alit\u00e9 est un spectroscope qui utilise le principe de la spectroh\u00e9liographie pour cr\u00e9er des images du Soleil. <img loading=\"lazy\" decoding=\"async\" class=\"size-full wp-image-9411 alignright\" src=\"http:\/\/www.arnaudom.fr\/wordpress\/wp-content\/uploads\/2022\/10\/solex001.jpg\" alt=\"\" width=\"400\" height=\"281\" srcset=\"http:\/\/www.arnaudom.fr\/wordpress\/wp-content\/uploads\/2022\/10\/solex001.jpg 400w, http:\/\/www.arnaudom.fr\/wordpress\/wp-content\/uploads\/2022\/10\/solex001-300x211.jpg 300w\" sizes=\"auto, (max-width: 400px) 100vw, 400px\" \/><\/span><span style=\"color: #000000;\">Le principe est le suivant : l&rsquo;instrument permet d&rsquo;obtenir une \u00ab\u00a0portion\u00a0\u00bb d&rsquo;image du soleil dans une longueur d&rsquo;onde d\u00e9termin\u00e9e. On balaye ensuite la surface du soleil pour enregistrer dans un fichier vid\u00e9o toutes les portions qui le constitue, et on peut ensuite reconstruire informatiquement l&rsquo;image enti\u00e8re du soleil dans la longueur d&rsquo;onde choisie \u00e0 l&rsquo;aide du logiciel d\u00e9di\u00e9 <b>Inti<\/b>, qui cr\u00e9e automatiquement en quelques dizaines de secondes l&rsquo;image finale. Le site du projet Sol&rsquo;ex <a href=\"http:\/\/www.astrosurf.com\/solex\/\" target=\"_blank\" rel=\"noopener\">http:\/\/www.astrosurf.com\/solex <\/a>est une mine (tr\u00e8s profonde !) d&rsquo;informations et si vous \u00eates int\u00e9ress\u00e9s par ce projet et la r\u00e9alisation concr\u00e8te du Sol&rsquo;ex, je vous invite fortement \u00e0 le consulter sans mod\u00e9ration ! Je ne vais \u00e9videmment pas reprendre dans cette page le contenu de ce site (ce serait sans int\u00e9r\u00eat, incomplet et bien moins int\u00e9ressant que le site lui-m\u00eame), mais vous faire part de ma petite exp\u00e9rience sur Sol&rsquo;ex et expliciter les points importants sur lesquels j&rsquo;ai personnellement but\u00e9s avant de r\u00e9ussir \u00e0 produire des images satisfaisantes du soleil !<br \/><\/span><\/p>\t\t\t\t\t<\/div>\n\t\t\t\t\t\t<\/div>\n\t\t\t\t<\/div>\n\t\t\t\t<div class=\"elementor-element elementor-element-ef8a9e6 elementor-widget elementor-widget-heading\" data-id=\"ef8a9e6\" data-element_type=\"widget\" data-widget_type=\"heading.default\">\n\t\t\t\t<div class=\"elementor-widget-container\">\n\t\t\t<h2 class=\"elementor-heading-title elementor-size-default\">Les diff\u00e9rents aspects du projet Sol'ex<\/h2>\t\t<\/div>\n\t\t\t\t<\/div>\n\t\t\t\t<div class=\"elementor-element elementor-element-dcbda55 elementor-drop-cap-yes elementor-drop-cap-view-default elementor-widget elementor-widget-text-editor\" data-id=\"dcbda55\" data-element_type=\"widget\" data-settings=\"{&quot;drop_cap&quot;:&quot;yes&quot;}\" data-widget_type=\"text-editor.default\">\n\t\t\t\t<div class=\"elementor-widget-container\">\n\t\t\t\t\t\t\t\t<div class=\"elementor-text-editor elementor-clearfix\">\n\t\t\t\t<p><span style=\"color: #000000;\">Le projet Sol&rsquo;ex pr\u00e9sente de multiples points d&rsquo; int\u00e9r\u00eats :<\/span><\/p><ul><li>tout d&rsquo;abord, on construit soi-m\u00eame l&rsquo;instrument \u00e0 partir de pi\u00e8ces cr\u00e9\u00e9es en impression 3D. On peut fabriquer soi-m\u00eame ces pi\u00e8ces si on poss\u00e8de (ou si on a acc\u00e8s) \u00e0 une telle imprimante, et, dans le cas contraire, on peut commander directement les pi\u00e8ces aupr\u00e8s d&rsquo;une soci\u00e9t\u00e9 comme <a href=\"https:\/\/azur3dprint.sumupstore.com\/cat%C3%A9gorie\/le-sol-ex-de-christian-buil\" target=\"_blank\" rel=\"noopener\">Azurprint<\/a> qui vend tout l&rsquo;ensemble n\u00e9cessaire \u00e0 la construction de Sol&rsquo;ex. Les \u00e9l\u00e9ments optiques (fente, r\u00e9seau de diffraction et lentilles) se trouvent eux en kit aupr\u00e8s de la soci\u00e9t\u00e9 <a href=\"https:\/\/www.shelyak.com\/produit\/kit-optique-solex\/\" target=\"_blank\" rel=\"noopener\">Shelyak<\/a>. Fabriquer et r\u00e9gler l&rsquo;instrument de ses propres mains donne un c\u00f4t\u00e9 tr\u00e8s ludique \u00e0 ce projet, et permet aussi d&rsquo;en comprendre le fonctionnement. Toutes les vid\u00e9os disponibles sur le site permettent d&rsquo;aboutir \u00e0 la fabrication de Sol&rsquo;ex sans difficult\u00e9 particuli\u00e8re, cela ne demande aucune comp\u00e9tence particuli\u00e8re en mati\u00e8re de bricolage <img loading=\"lazy\" decoding=\"async\" class=\"alignnone size-full wp-image-7956\" src=\"http:\/\/www.arnaudom.fr\/wordpress\/wp-content\/uploads\/2022\/02\/smclin.gif\" alt=\"\" width=\"18\" height=\"18\" \/> !<br \/><br \/><\/li><li>\u00a0Les images produites par Sol&rsquo;ex sont spectaculaires et tr\u00e8s d\u00e9taill\u00e9es. <img loading=\"lazy\" decoding=\"async\" class=\"wp-image-9425 size-medium alignright\" src=\"http:\/\/www.arnaudom.fr\/wordpress\/wp-content\/uploads\/2022\/10\/27102022clahe-263x300.jpg\" alt=\"\" width=\"263\" height=\"300\" srcset=\"http:\/\/www.arnaudom.fr\/wordpress\/wp-content\/uploads\/2022\/10\/27102022clahe-263x300.jpg 263w, http:\/\/www.arnaudom.fr\/wordpress\/wp-content\/uploads\/2022\/10\/27102022clahe-899x1024.jpg 899w, http:\/\/www.arnaudom.fr\/wordpress\/wp-content\/uploads\/2022\/10\/27102022clahe-768x875.jpg 768w, http:\/\/www.arnaudom.fr\/wordpress\/wp-content\/uploads\/2022\/10\/27102022clahe.jpg 1000w\" sizes=\"auto, (max-width: 263px) 100vw, 263px\" \/>De plus ce m\u00eame instrument permet d&rsquo;imager le soleil dans diff\u00e9rentes longueurs d&rsquo;onde, de visualiser les protub\u00e9rances et les taches solaires, de mettre en \u00e9vidence la rotation de notre astre (et d&rsquo;autres choses encore&#8230;), et tout ceci avec le seul instrument de base, tandis que cela n\u00e9cessite habituellement un mat\u00e9riel et des filtres divers et vari\u00e9s beaucoup plus co\u00fbteux !<br \/><br \/><\/li><li>Comme dit pr\u00e9c\u00e9demment, le co\u00fbt de fabrication d&rsquo;un Sol&rsquo;ex est relativement faible, aux alentours de 600 \u20ac si on commande l&rsquo;ensemble des pi\u00e8ces m\u00e9caniques et optiques n\u00e9cessaires, moins si l&rsquo;on fabrique ou fait fabriquer les pi\u00e8ces m\u00e9caniques soi-m\u00eame. Cela reste un co\u00fbt bien s\u00fbr non n\u00e9gligeable, mais encore une fois obtenir le m\u00eame genre d&rsquo;images avec des instruments sp\u00e9cialis\u00e9s dans le solaire revient excessivement plus cher !<br \/><br \/><\/li><li>Pour les personnes int\u00e9ress\u00e9s par l&rsquo;optique, la spectroscopie et\/ou la physique du soleil, cet instrument poss\u00e8de un int\u00e9r\u00eat scientifique ind\u00e9niable. Il permet de comprendre le fonctionnement d&rsquo;un r\u00e9seau de diffraction, de mettre en \u00e9vidence le spectre solaire et de visualiser sa composition (personnellement je trouve absolument fascinant le fait de pouvoir se balader dans le spectre solaire et d&rsquo;en visualiser les raies spectrales !). On peut l&rsquo;utiliser \u00ab\u00a0dans son salon\u00a0\u00bb, sans t\u00e9lescope, pour faire de spectroscopie puisque c&rsquo;est la fonction de base de cet instrument. Et bien s\u00fbr concernant le soleil lui-m\u00eame il permet de l&rsquo;observer sous les diff\u00e9rents aspects d\u00e9crits plus hauts.<br \/><br \/><\/li><li>Enfin c&rsquo;est un instrument \u00e9volutif (puisqu&rsquo;on l&rsquo;a assembl\u00e9 soi-m\u00eame, on peut facilement le modifier) et il peut \u00eatre transform\u00e9 en \u00ab\u00a0Star&rsquo;ex\u00a0\u00bb par l&rsquo;ajout de quelques composants m\u00e9caniques et optiques. Il pourra alors \u00eatre utilis\u00e9 pour produire des spectres d&rsquo;\u00e9toiles et se lancer dans la spectroscopie stellaire, avec des r\u00e9sultats comparables \u00e0 des instruments l\u00e0-aussi plus co\u00fbteux.<\/li><\/ul>\t\t\t\t\t<\/div>\n\t\t\t\t\t\t<\/div>\n\t\t\t\t<\/div>\n\t\t\t\t<div class=\"elementor-element elementor-element-755c7f9 elementor-widget elementor-widget-heading\" data-id=\"755c7f9\" data-element_type=\"widget\" data-widget_type=\"heading.default\">\n\t\t\t\t<div class=\"elementor-widget-container\">\n\t\t\t<h2 class=\"elementor-heading-title elementor-size-default\">Mat\u00e9riel que j'utilise<\/h2>\t\t<\/div>\n\t\t\t\t<\/div>\n\t\t\t\t<div class=\"elementor-element elementor-element-ae0be90 elementor-drop-cap-yes elementor-drop-cap-view-default elementor-widget elementor-widget-text-editor\" data-id=\"ae0be90\" data-element_type=\"widget\" data-settings=\"{&quot;drop_cap&quot;:&quot;yes&quot;}\" data-widget_type=\"text-editor.default\">\n\t\t\t\t<div class=\"elementor-widget-container\">\n\t\t\t\t\t\t\t\t<div class=\"elementor-text-editor elementor-clearfix\">\n\t\t\t\t<p><span style=\"color: #000000;\">Il y a plusieurs fa\u00e7ons d&rsquo;utiliser Sol&rsquo;ex (c&rsquo;est d&rsquo;ailleurs l\u00e0-aussi l&rsquo;un des atouts du projet, car il peut s&rsquo;adapter \u00e0 diff\u00e9rents types de mat\u00e9riel), voici pour ma part le mat\u00e9riel avec lequel je m&rsquo;en sers :<\/span><\/p>\n<ul>\n<li>une lunette astronomique Skywatcher evostar 72 ED. <img loading=\"lazy\" decoding=\"async\" class=\"alignleft wp-image-9580 size-medium\" src=\"http:\/\/www.arnaudom.fr\/wordpress\/wp-content\/uploads\/2022\/12\/evostar-300x225.jpg\" alt=\"\" width=\"300\" height=\"225\" srcset=\"http:\/\/www.arnaudom.fr\/wordpress\/wp-content\/uploads\/2022\/12\/evostar-300x225.jpg 300w, http:\/\/www.arnaudom.fr\/wordpress\/wp-content\/uploads\/2022\/12\/evostar.jpg 400w\" sizes=\"auto, (max-width: 300px) 100vw, 300px\" \/>Il s&rsquo;agit d&rsquo;une lunette de 72 mm de diam\u00e8tre et de 420 mm de focale. Sol&rsquo;ex n\u00e9cessite l&#8217;emploi d&rsquo;une lunette dont la focale soit au maximum de 450 mm de focale car sinon l&rsquo;image enti\u00e8re du soleil n&rsquo;entre pas dans la fente de l&rsquo;instrument. Le diam\u00e8tre peut \u00eatre tr\u00e8s modeste car avec le soleil, l&rsquo;intensit\u00e9 lumineuse n&rsquo;est pas un probl\u00e8me, donc une petite optique suffit. J&rsquo;ai fait mes premi\u00e8res images avec ma lunette Skywatcher 80\/400 que j&rsquo;utilise habituellement comme lunette de guidage en ciel profond, le r\u00e9sultat est tr\u00e8s satisfaisant aussi. Sur son site Christian Buil montre qu&rsquo;on peut r\u00e9aliser des images avec des petites lunettes, voire des chercheurs ou encore tout simplement avec un objectif photo de 200 mm. Bref, Sol&rsquo;ex s&rsquo;adapte aux instruments que vous poss\u00e9dez d\u00e9j\u00e0 !<br>\n<br><br><\/li>\n<li>&nbsp;Un filtre Hoya ND 1,2. <img loading=\"lazy\" decoding=\"async\" class=\"size-full wp-image-9678 alignright\" src=\"http:\/\/www.arnaudom.fr\/wordpress\/wp-content\/uploads\/2022\/12\/hoyand1.2.jpg\" alt=\"\" width=\"180\" height=\"180\" srcset=\"http:\/\/www.arnaudom.fr\/wordpress\/wp-content\/uploads\/2022\/12\/hoyand1.2.jpg 180w, http:\/\/www.arnaudom.fr\/wordpress\/wp-content\/uploads\/2022\/12\/hoyand1.2-150x150.jpg 150w\" sizes=\"auto, (max-width: 180px) 100vw, 180px\" \/>Il s&rsquo;agit d&rsquo;un filtre qui att\u00e9nue la lumi\u00e8re solaire. En effet, quand on filme le soleil, \u00e7a chauffe et il peut \u00eatre n\u00e9cessaire d&rsquo;att\u00e9nuer l&rsquo;intensit\u00e9 du rayonnement solaire pour ne pas faire fondre litt\u00e9ralement l&rsquo;instrument ! Sur le site Sol&rsquo;ex <a href=\"http:\/\/www.astrosurf.com\/solex\/sol-ex-observation.html\" target=\"_blank\" rel=\"noopener\">la partie 5 de cette page<\/a> donne des explications \u00e0 ce sujet. Une autre solution consiste \u00e0 utiliser un h\u00e9lioscope, c&rsquo;est une variante \u00e0 l&#8217;emploi d&rsquo;un filtre att\u00e9nuateur.<br>\n<br><br><\/li>\n<li>Une cam\u00e9ra ASI ZWO 1600 pro.<img loading=\"lazy\" decoding=\"async\" class=\"alignleft wp-image-7105 size-medium\" src=\"http:\/\/www.arnaudom.fr\/wordpress\/wp-content\/uploads\/2021\/04\/zwo004-300x279.jpg\" alt=\"\" width=\"300\" height=\"279\" srcset=\"http:\/\/www.arnaudom.fr\/wordpress\/wp-content\/uploads\/2021\/04\/zwo004-300x279.jpg 300w, http:\/\/www.arnaudom.fr\/wordpress\/wp-content\/uploads\/2021\/04\/zwo004.jpg 609w\" sizes=\"auto, (max-width: 300px) 100vw, 300px\" \/> <b>Il est important de noter que cette cam\u00e9ra est tr\u00e8s surdimensionn\u00e9e pour s&rsquo;en servir avec Sol&rsquo;ex !<\/b> Je l&rsquo;utilise parce que je poss\u00e9dais d\u00e9j\u00e0 cette cam\u00e9ra pour faire des images du ciel profond, et l\u00e0 encore Sol&rsquo;ex s&rsquo;adapte au mat\u00e9riel que vous poss\u00e9dez d\u00e9j\u00e0. En r\u00e9alit\u00e9 l&rsquo;instrument s&rsquo;utilise optimalement avec une cam\u00e9ra ASI ZWO 178 MM, bien moins on\u00e9reuse que la ZWO 1600 car son capteur est plus petit et elle n&rsquo;est pas \u00e9quip\u00e9e d&rsquo;un syst\u00e8me de refroidissement (qui bien entendu est totalement inutile pour faire des images solaires). Toutes sortes de cam\u00e9ras peuvent \u00eatre utilis\u00e9es, le point essentiel est surtout la pr\u00e9sence d&rsquo;une connexion USB 3.0 qui seule permet le transfert suffisamment rapide des acquisitions solaires en vid\u00e9o.<br>\n<br><br><\/li>\n<li>Un focuser h\u00e9lico\u00efdal ZWO. <img loading=\"lazy\" decoding=\"async\" class=\"size-full wp-image-9685 alignright\" src=\"http:\/\/www.arnaudom.fr\/wordpress\/wp-content\/uploads\/2022\/12\/focuser.jpg\" alt=\"\" width=\"160\" height=\"188\">Cet accessoire n&rsquo;est pas absolument obligatoire, mais la mise au point de la cam\u00e9ra en est grandement facilit\u00e9e et le tube objectif de la cam\u00e9ra est fabriqu\u00e9 pour s&rsquo;y adapter parfaitement. On peut s&rsquo;en passer ou utiliser une autre marque, mais si vous avez la possibilit\u00e9 d&rsquo;investir dans cet accessoire, je vous le recommande chaudement !<br>\n<br><br><\/li>\n<li>Une monture \u00e9quatoriale EQ6 Pro. L\u00e0 aussi, j&#8217;emploie cette monture car c&rsquo;est celle que j&rsquo;ai sous la main et que j&rsquo;utilise depuis de nombreuses ann\u00e9es, mais bien entendu elle est l\u00e0 aussi surdimensionn\u00e9e pour une petite lunette coupl\u00e9e \u00e0 un instrument comme le Sol&rsquo;ex qui doit peser dans les 500 grammes. Donc une monture plus l\u00e9g\u00e8re est largement suffisante, le point important ici \u00e9tant que ce soit bien une monture \u00e9quatoriale car pour acqu\u00e9rir les images il va falloir d\u00e9placer la monture selon l&rsquo;axe des ascensions droites.<br>\n<br><br><\/li>\n<li>C\u00f4t\u00e9 logiciels, <b>EQMOD<\/b> pour le pilotage de la monture (pour le pointage et surtout le balayage du soleil \u00e0 vitesse constante, apr\u00e8s ceci peut \u00eatre fait simplement avec la raquette de la monture), <b>Sharcap<\/b> pour les acquisitions (c&rsquo;est le logiciel utilis\u00e9 par Christian Buil dans ses vid\u00e9os, il me semblait plus simple de me servir du m\u00eame mais l\u00e0 aussi d&rsquo;autre choix sont possibles) et enfin <b>Inti<\/b> qui est le logiciel li\u00e9 au projet Sol&rsquo;ex et qui permet le traitement des fichiers vid\u00e9os et la cr\u00e9ation des images du soleil, tout ceci se faisant de mani\u00e8re automatique.<br>Tous ces logiciels sont gratuits !<\/li>\n<\/ul>\t\t\t\t\t<\/div>\n\t\t\t\t\t\t<\/div>\n\t\t\t\t<\/div>\n\t\t\t\t\t\t<\/div>\n\t\t\t\t\t<\/div>\n\t\t<\/div>\n\t\t\t\t\t\t\t\t<\/div>\n\t\t\t\t\t<\/div>\n\t\t<\/section>\n\t\t\t\t<section class=\"elementor-section elementor-top-section elementor-element elementor-element-4a4f5fb elementor-section-boxed elementor-section-height-default elementor-section-height-default\" data-id=\"4a4f5fb\" data-element_type=\"section\">\n\t\t\t\t\t\t<div class=\"elementor-container elementor-column-gap-default\">\n\t\t\t\t\t\t\t<div class=\"elementor-row\">\n\t\t\t\t\t<div class=\"elementor-column elementor-col-100 elementor-top-column elementor-element elementor-element-7d2db15\" data-id=\"7d2db15\" data-element_type=\"column\">\n\t\t\t<div class=\"elementor-column-wrap elementor-element-populated\">\n\t\t\t\t\t\t\t<div class=\"elementor-widget-wrap\">\n\t\t\t\t\t\t<div class=\"elementor-element elementor-element-5d47287 elementor-align-center elementor-widget elementor-widget-button\" data-id=\"5d47287\" data-element_type=\"widget\" data-widget_type=\"button.default\">\n\t\t\t\t<div class=\"elementor-widget-container\">\n\t\t\t\t\t<div class=\"elementor-button-wrapper\">\n\t\t\t<a href=\"http:\/\/www.arnaudom.fr\/wordpress\/Solexbasefin\" class=\"elementor-button-link elementor-button elementor-size-sm\" role=\"button\">\n\t\t\t\t\t\t<span class=\"elementor-button-content-wrapper\">\n\t\t\t\t\t\t\t<span class=\"elementor-button-icon elementor-align-icon-right\">\n\t\t\t\t<i aria-hidden=\"true\" class=\"fas fa-arrow-right\"><\/i>\t\t\t<\/span>\n\t\t\t\t\t\t<span class=\"elementor-button-text\">Sol'ex en pratique <\/span>\n\t\t<\/span>\n\t\t\t\t\t<\/a>\n\t\t<\/div>\n\t\t\t\t<\/div>\n\t\t\t\t<\/div>\n\t\t\t\t\t\t<\/div>\n\t\t\t\t\t<\/div>\n\t\t<\/div>\n\t\t\t\t\t\t\t\t<\/div>\n\t\t\t\t\t<\/div>\n\t\t<\/section>\n\t\t\t\t<section class=\"elementor-section elementor-top-section elementor-element elementor-element-db61f00 elementor-section-boxed elementor-section-height-default elementor-section-height-default\" data-id=\"db61f00\" data-element_type=\"section\">\n\t\t\t\t\t\t<div class=\"elementor-container elementor-column-gap-default\">\n\t\t\t\t\t\t\t<div class=\"elementor-row\">\n\t\t\t\t\t<div class=\"elementor-column elementor-col-100 elementor-top-column elementor-element elementor-element-200c690\" data-id=\"200c690\" data-element_type=\"column\">\n\t\t\t<div class=\"elementor-column-wrap\">\n\t\t\t\t\t\t\t<div class=\"elementor-widget-wrap\">\n\t\t\t\t\t\t\t\t<\/div>\n\t\t\t\t\t<\/div>\n\t\t<\/div>\n\t\t\t\t\t\t\t\t<\/div>\n\t\t\t\t\t<\/div>\n\t\t<\/section>\n\t\t\t\t\t\t\t\t\t<\/div>\n\t\t\t<\/div>\n\t\t\t\t\t<\/div>\n\t\t","protected":false},"excerpt":{"rendered":"<p>Sol&rsquo;ex, l&rsquo;explorateur solaire Ecrit le 21\/12\/2022. Un spectroscope pour la photographie solaire Sol&rsquo;ex, nom form\u00e9 \u00e0 partir des mots solaire et explorateur, est un instrument d&rsquo;astronomie issue de l&rsquo;imagination de Christian Buil, et qui en r\u00e9alit\u00e9 est un spectroscope qui utilise le principe de la spectroh\u00e9liographie pour cr\u00e9er des images du Soleil. Le principe est &hellip;<\/p>\n<p class=\"read-more\"> <a class=\"\" href=\"http:\/\/www.arnaudom.fr\/wordpress\/solexbases\/\"> <span class=\"screen-reader-text\">Solexbases<\/span> Lire la suite\u00a0\u00bb<\/a><\/p>\n","protected":false},"author":1,"featured_media":0,"parent":0,"menu_order":0,"comment_status":"open","ping_status":"closed","template":"","meta":{"site-sidebar-layout":"default","site-content-layout":"default","ast-site-content-layout":"","site-content-style":"default","site-sidebar-style":"default","ast-global-header-display":"","ast-banner-title-visibility":"","ast-main-header-display":"","ast-hfb-above-header-display":"","ast-hfb-below-header-display":"","ast-hfb-mobile-header-display":"","site-post-title":"disabled","ast-breadcrumbs-content":"","ast-featured-img":"disabled","footer-sml-layout":"","theme-transparent-header-meta":"default","adv-header-id-meta":"","stick-header-meta":"","header-above-stick-meta":"","header-main-stick-meta":"","header-below-stick-meta":"","astra-migrate-meta-layouts":"","ast-page-background-enabled":"default","ast-page-background-meta":{"desktop":{"background-color":"","background-image":"","background-repeat":"repeat","background-position":"center center","background-size":"auto","background-attachment":"scroll","background-type":"","background-media":"","overlay-type":"","overlay-color":"","overlay-gradient":""},"tablet":{"background-color":"","background-image":"","background-repeat":"repeat","background-position":"center center","background-size":"auto","background-attachment":"scroll","background-type":"","background-media":"","overlay-type":"","overlay-color":"","overlay-gradient":""},"mobile":{"background-color":"","background-image":"","background-repeat":"repeat","background-position":"center center","background-size":"auto","background-attachment":"scroll","background-type":"","background-media":"","overlay-type":"","overlay-color":"","overlay-gradient":""}},"ast-content-background-meta":{"desktop":{"background-color":"var(--ast-global-color-5)","background-image":"","background-repeat":"repeat","background-position":"center center","background-size":"auto","background-attachment":"scroll","background-type":"","background-media":"","overlay-type":"","overlay-color":"","overlay-gradient":""},"tablet":{"background-color":"var(--ast-global-color-5)","background-image":"","background-repeat":"repeat","background-position":"center center","background-size":"auto","background-attachment":"scroll","background-type":"","background-media":"","overlay-type":"","overlay-color":"","overlay-gradient":""},"mobile":{"background-color":"var(--ast-global-color-5)","background-image":"","background-repeat":"repeat","background-position":"center center","background-size":"auto","background-attachment":"scroll","background-type":"","background-media":"","overlay-type":"","overlay-color":"","overlay-gradient":""}},"footnotes":""},"class_list":["post-9591","page","type-page","status-publish","hentry"],"_links":{"self":[{"href":"http:\/\/www.arnaudom.fr\/wordpress\/wp-json\/wp\/v2\/pages\/9591","targetHints":{"allow":["GET"]}}],"collection":[{"href":"http:\/\/www.arnaudom.fr\/wordpress\/wp-json\/wp\/v2\/pages"}],"about":[{"href":"http:\/\/www.arnaudom.fr\/wordpress\/wp-json\/wp\/v2\/types\/page"}],"author":[{"embeddable":true,"href":"http:\/\/www.arnaudom.fr\/wordpress\/wp-json\/wp\/v2\/users\/1"}],"replies":[{"embeddable":true,"href":"http:\/\/www.arnaudom.fr\/wordpress\/wp-json\/wp\/v2\/comments?post=9591"}],"version-history":[{"count":61,"href":"http:\/\/www.arnaudom.fr\/wordpress\/wp-json\/wp\/v2\/pages\/9591\/revisions"}],"predecessor-version":[{"id":9746,"href":"http:\/\/www.arnaudom.fr\/wordpress\/wp-json\/wp\/v2\/pages\/9591\/revisions\/9746"}],"wp:attachment":[{"href":"http:\/\/www.arnaudom.fr\/wordpress\/wp-json\/wp\/v2\/media?parent=9591"}],"curies":[{"name":"wp","href":"https:\/\/api.w.org\/{rel}","templated":true}]}}