{"id":8739,"date":"2022-06-30T23:00:28","date_gmt":"2022-06-30T21:00:28","guid":{"rendered":"http:\/\/www.arnaudom.fr\/wordpress\/?page_id=8739"},"modified":"2022-10-01T08:29:31","modified_gmt":"2022-10-01T06:29:31","slug":"ck2pan","status":"publish","type":"page","link":"http:\/\/www.arnaudom.fr\/wordpress\/ck2pan\/","title":{"rendered":"CK2Pan"},"content":{"rendered":"\t\t<div data-elementor-type=\"wp-page\" data-elementor-id=\"8739\" class=\"elementor elementor-8739\">\n\t\t\t\t\t\t<div class=\"elementor-inner\">\n\t\t\t\t<div class=\"elementor-section-wrap\">\n\t\t\t\t\t\t\t\t\t<section class=\"elementor-section elementor-top-section elementor-element elementor-element-64e2e95e elementor-section-full_width elementor-section-height-default elementor-section-height-default\" data-id=\"64e2e95e\" data-element_type=\"section\" data-settings=\"{&quot;background_background&quot;:&quot;classic&quot;}\">\n\t\t\t\t\t\t<div class=\"elementor-container elementor-column-gap-default\">\n\t\t\t\t\t\t\t<div class=\"elementor-row\">\n\t\t\t\t\t<div class=\"elementor-column elementor-col-100 elementor-top-column elementor-element elementor-element-5d036e10\" data-id=\"5d036e10\" data-element_type=\"column\" data-settings=\"{&quot;background_background&quot;:&quot;classic&quot;}\">\n\t\t\t<div class=\"elementor-column-wrap elementor-element-populated\">\n\t\t\t\t\t\t\t<div class=\"elementor-widget-wrap\">\n\t\t\t\t\t\t<div class=\"elementor-element elementor-element-165ba2c9 elementor-widget elementor-widget-heading\" data-id=\"165ba2c9\" data-element_type=\"widget\" data-widget_type=\"heading.default\">\n\t\t\t\t<div class=\"elementor-widget-container\">\n\t\t\t<h1 class=\"elementor-heading-title elementor-size-default\">Passage de la com\u00e8te C\/2017 K2 Panstarrs<\/h1>\t\t<\/div>\n\t\t\t\t<\/div>\n\t\t\t\t<div class=\"elementor-element elementor-element-2f857da0 elementor-drop-cap-yes elementor-drop-cap-view-default elementor-widget elementor-widget-text-editor\" data-id=\"2f857da0\" data-element_type=\"widget\" data-settings=\"{&quot;drop_cap&quot;:&quot;yes&quot;}\" data-widget_type=\"text-editor.default\">\n\t\t\t\t<div class=\"elementor-widget-container\">\n\t\t\t\t\t\t\t\t<div class=\"elementor-text-editor elementor-clearfix\">\n\t\t\t\t<p><span style=\"color: #000000;\">En ce mois de juillet 2022 on peut observer le passage de la com\u00e8te C\/2017 K2 Panstarrs qui circule dans la constellation d&rsquo;Ophiuchius. Cette derni\u00e8re est id\u00e9alement plac\u00e9e en juillet et la magnitude de la com\u00e8te est estim\u00e9e \u00e0 7 ou 8 en ce d\u00e9but d&rsquo;\u00e9t\u00e9, ce qui la rend facilement observable dans un instrument d&rsquo;astronomie et bien s\u00fbr en photographie.<\/span><\/p><p><span style=\"color: #000000;\">A ce sujet je vous invite \u00e0 jeter un oeil <a href=\"http:\/\/www.arnaudom.fr\/wordpress\/ck2\">sur cette page<\/a> o\u00f9 vous trouverez une petite animation sans pr\u00e9tention du d\u00e9placement de la com\u00e8te que j&rsquo;ai r\u00e9alis\u00e9e suite \u00e0 quelques acquisitions obtenues dans la nuit du 29 au 30 juin.<\/span><\/p><p><span style=\"color: #000000;\">Ci-dessous vous trouverez une carte montrant la trajectoire de la com\u00e8te en juillet 2022 (carte r\u00e9alis\u00e9e avec le logiciel Coelix). Chaque croix repr\u00e9sente un jour entre le 1er juillet et le 31 juillet 2022 (les dates sont affich\u00e9es au format am\u00e9ricain : 2022\/7\/1 pour le 1er juillet 2022&#8230;).<\/span><\/p><p><span style=\"color: #000000;\">On peut noter que le 16 juillet la com\u00e8te fr\u00f4lera l&rsquo;amas globulaire M10, ce qui peut \u00eatre l&rsquo;occasion de faire une photographie int\u00e9ressante de ce rapprochement.<\/span> <\/p>\t\t\t\t\t<\/div>\n\t\t\t\t\t\t<\/div>\n\t\t\t\t<\/div>\n\t\t\t\t<div class=\"elementor-element elementor-element-d5a5089 elementor-position-right elementor-vertical-align-middle elementor-widget elementor-widget-image-box\" data-id=\"d5a5089\" data-element_type=\"widget\" data-widget_type=\"image-box.default\">\n\t\t\t\t<div class=\"elementor-widget-container\">\n\t\t\t<div class=\"elementor-image-box-wrapper\"><figure class=\"elementor-image-box-img\"><a href=\"http:\/\/www.arnaudom.fr\/ck2traj.png\"><img loading=\"lazy\" decoding=\"async\" width=\"50\" height=\"50\" src=\"http:\/\/www.arnaudom.fr\/wordpress\/wp-content\/uploads\/2018\/08\/pdf.jpg\" class=\"attachment-full size-full wp-image-978\" alt=\"\" \/><\/a><\/figure><div class=\"elementor-image-box-content\"><p class=\"elementor-image-box-description\">Pour t\u00e9l\u00e9charger la carte cliquer ici ==&gt;<\/p><\/div><\/div>\t\t<\/div>\n\t\t\t\t<\/div>\n\t\t\t\t<div class=\"elementor-element elementor-element-42b1d95 elementor-widget elementor-widget-spacer\" data-id=\"42b1d95\" data-element_type=\"widget\" data-widget_type=\"spacer.default\">\n\t\t\t\t<div class=\"elementor-widget-container\">\n\t\t\t\t\t<div class=\"elementor-spacer\">\n\t\t\t<div class=\"elementor-spacer-inner\"><\/div>\n\t\t<\/div>\n\t\t\t\t<\/div>\n\t\t\t\t<\/div>\n\t\t\t\t<div class=\"elementor-element elementor-element-3a02cf4 elementor-widget elementor-widget-heading\" data-id=\"3a02cf4\" data-element_type=\"widget\" data-widget_type=\"heading.default\">\n\t\t\t\t<div class=\"elementor-widget-container\">\n\t\t\t<h2 class=\"elementor-heading-title elementor-size-default\">Carte de la trajectoire de C\/2017 K2 Panstarrs<\/h2>\t\t<\/div>\n\t\t\t\t<\/div>\n\t\t\t\t<div class=\"elementor-element elementor-element-20e1029 elementor-widget elementor-widget-image\" data-id=\"20e1029\" data-element_type=\"widget\" data-widget_type=\"image.default\">\n\t\t\t\t<div class=\"elementor-widget-container\">\n\t\t\t\t\t\t\t\t<div class=\"elementor-image\">\n\t\t\t\t\t\t\t\t\t\t\t\t<img loading=\"lazy\" decoding=\"async\" width=\"981\" height=\"1024\" src=\"http:\/\/www.arnaudom.fr\/wordpress\/wp-content\/uploads\/2022\/06\/ck2juillet-981x1024.jpeg\" class=\"attachment-large size-large wp-image-8749\" alt=\"\" srcset=\"http:\/\/www.arnaudom.fr\/wordpress\/wp-content\/uploads\/2022\/06\/ck2juillet-981x1024.jpeg 981w, http:\/\/www.arnaudom.fr\/wordpress\/wp-content\/uploads\/2022\/06\/ck2juillet-287x300.jpeg 287w, http:\/\/www.arnaudom.fr\/wordpress\/wp-content\/uploads\/2022\/06\/ck2juillet-768x802.jpeg 768w, http:\/\/www.arnaudom.fr\/wordpress\/wp-content\/uploads\/2022\/06\/ck2juillet-1471x1536.jpeg 1471w, http:\/\/www.arnaudom.fr\/wordpress\/wp-content\/uploads\/2022\/06\/ck2juillet.jpeg 1540w\" sizes=\"auto, (max-width: 981px) 100vw, 981px\" \/>\t\t\t\t\t\t\t\t\t\t\t\t\t\t<\/div>\n\t\t\t\t\t\t<\/div>\n\t\t\t\t<\/div>\n\t\t\t\t\t\t<\/div>\n\t\t\t\t\t<\/div>\n\t\t<\/div>\n\t\t\t\t\t\t\t\t<\/div>\n\t\t\t\t\t<\/div>\n\t\t<\/section>\n\t\t\t\t\t\t\t\t\t<\/div>\n\t\t\t<\/div>\n\t\t\t\t\t<\/div>\n\t\t","protected":false},"excerpt":{"rendered":"<p>Passage de la com\u00e8te C\/2017 K2 Panstarrs En ce mois de juillet 2022 on peut observer le passage de la com\u00e8te C\/2017 K2 Panstarrs qui circule dans la constellation d&rsquo;Ophiuchius. Cette derni\u00e8re est id\u00e9alement plac\u00e9e en juillet et la magnitude de la com\u00e8te est estim\u00e9e \u00e0 7 ou 8 en ce d\u00e9but d&rsquo;\u00e9t\u00e9, ce qui &hellip;<\/p>\n<p class=\"read-more\"> <a class=\"\" href=\"http:\/\/www.arnaudom.fr\/wordpress\/ck2pan\/\"> <span class=\"screen-reader-text\">CK2Pan<\/span> Lire la suite\u00a0\u00bb<\/a><\/p>\n","protected":false},"author":1,"featured_media":0,"parent":0,"menu_order":0,"comment_status":"open","ping_status":"closed","template":"","meta":{"site-sidebar-layout":"default","site-content-layout":"default","ast-site-content-layout":"","site-content-style":"default","site-sidebar-style":"default","ast-global-header-display":"","ast-banner-title-visibility":"","ast-main-header-display":"","ast-hfb-above-header-display":"","ast-hfb-below-header-display":"","ast-hfb-mobile-header-display":"","site-post-title":"disabled","ast-breadcrumbs-content":"","ast-featured-img":"disabled","footer-sml-layout":"","theme-transparent-header-meta":"default","adv-header-id-meta":"","stick-header-meta":"","header-above-stick-meta":"","header-main-stick-meta":"","header-below-stick-meta":"","astra-migrate-meta-layouts":"","ast-page-background-enabled":"default","ast-page-background-meta":{"desktop":{"background-color":"","background-image":"","background-repeat":"repeat","background-position":"center center","background-size":"auto","background-attachment":"scroll","background-type":"","background-media":"","overlay-type":"","overlay-color":"","overlay-gradient":""},"tablet":{"background-color":"","background-image":"","background-repeat":"repeat","background-position":"center center","background-size":"auto","background-attachment":"scroll","background-type":"","background-media":"","overlay-type":"","overlay-color":"","overlay-gradient":""},"mobile":{"background-color":"","background-image":"","background-repeat":"repeat","background-position":"center center","background-size":"auto","background-attachment":"scroll","background-type":"","background-media":"","overlay-type":"","overlay-color":"","overlay-gradient":""}},"ast-content-background-meta":{"desktop":{"background-color":"var(--ast-global-color-5)","background-image":"","background-repeat":"repeat","background-position":"center center","background-size":"auto","background-attachment":"scroll","background-type":"","background-media":"","overlay-type":"","overlay-color":"","overlay-gradient":""},"tablet":{"background-color":"var(--ast-global-color-5)","background-image":"","background-repeat":"repeat","background-position":"center center","background-size":"auto","background-attachment":"scroll","background-type":"","background-media":"","overlay-type":"","overlay-color":"","overlay-gradient":""},"mobile":{"background-color":"var(--ast-global-color-5)","background-image":"","background-repeat":"repeat","background-position":"center center","background-size":"auto","background-attachment":"scroll","background-type":"","background-media":"","overlay-type":"","overlay-color":"","overlay-gradient":""}},"footnotes":""},"class_list":["post-8739","page","type-page","status-publish","hentry"],"_links":{"self":[{"href":"http:\/\/www.arnaudom.fr\/wordpress\/wp-json\/wp\/v2\/pages\/8739","targetHints":{"allow":["GET"]}}],"collection":[{"href":"http:\/\/www.arnaudom.fr\/wordpress\/wp-json\/wp\/v2\/pages"}],"about":[{"href":"http:\/\/www.arnaudom.fr\/wordpress\/wp-json\/wp\/v2\/types\/page"}],"author":[{"embeddable":true,"href":"http:\/\/www.arnaudom.fr\/wordpress\/wp-json\/wp\/v2\/users\/1"}],"replies":[{"embeddable":true,"href":"http:\/\/www.arnaudom.fr\/wordpress\/wp-json\/wp\/v2\/comments?post=8739"}],"version-history":[{"count":21,"href":"http:\/\/www.arnaudom.fr\/wordpress\/wp-json\/wp\/v2\/pages\/8739\/revisions"}],"predecessor-version":[{"id":9164,"href":"http:\/\/www.arnaudom.fr\/wordpress\/wp-json\/wp\/v2\/pages\/8739\/revisions\/9164"}],"wp:attachment":[{"href":"http:\/\/www.arnaudom.fr\/wordpress\/wp-json\/wp\/v2\/media?parent=8739"}],"curies":[{"name":"wp","href":"https:\/\/api.w.org\/{rel}","templated":true}]}}