{"id":6180,"date":"2020-08-30T15:57:10","date_gmt":"2020-08-30T13:57:10","guid":{"rendered":"http:\/\/www.arnaudom.fr\/wordpress\/?page_id=6180"},"modified":"2020-08-30T16:16:49","modified_gmt":"2020-08-30T14:16:49","slug":"saturation","status":"publish","type":"page","link":"http:\/\/www.arnaudom.fr\/wordpress\/saturation\/","title":{"rendered":"saturation"},"content":{"rendered":"\t\t<div data-elementor-type=\"wp-page\" data-elementor-id=\"6180\" class=\"elementor elementor-6180\">\n\t\t\t\t\t\t<div class=\"elementor-inner\">\n\t\t\t\t<div class=\"elementor-section-wrap\">\n\t\t\t\t\t\t\t\t\t<section class=\"elementor-section elementor-top-section elementor-element elementor-element-60d9f95 elementor-section-boxed elementor-section-height-default elementor-section-height-default\" data-id=\"60d9f95\" data-element_type=\"section\">\n\t\t\t\t\t\t<div class=\"elementor-container elementor-column-gap-default\">\n\t\t\t\t\t\t\t<div class=\"elementor-row\">\n\t\t\t\t\t<div class=\"elementor-column elementor-col-100 elementor-top-column elementor-element elementor-element-cda4450\" data-id=\"cda4450\" data-element_type=\"column\" data-settings=\"{&quot;background_background&quot;:&quot;classic&quot;}\">\n\t\t\t<div class=\"elementor-column-wrap elementor-element-populated\">\n\t\t\t\t\t\t\t<div class=\"elementor-widget-wrap\">\n\t\t\t\t\t\t<div class=\"elementor-element elementor-element-1e7ac88 elementor-widget elementor-widget-heading\" data-id=\"1e7ac88\" data-element_type=\"widget\" data-widget_type=\"heading.default\">\n\t\t\t\t<div class=\"elementor-widget-container\">\n\t\t\t<h1 class=\"elementor-heading-title elementor-size-default\">Traitement des images non lin\u00e9aires avec PixInsight (5\/6)<\/h1>\t\t<\/div>\n\t\t\t\t<\/div>\n\t\t\t\t<div class=\"elementor-element elementor-element-cc4a5f5 elementor-widget elementor-widget-heading\" data-id=\"cc4a5f5\" data-element_type=\"widget\" data-widget_type=\"heading.default\">\n\t\t\t\t<div class=\"elementor-widget-container\">\n\t\t\t<h2 class=\"elementor-heading-title elementor-size-default\">6 \u2013 Faire une r\u00e9duction de bruit.<\/h2>\t\t<\/div>\n\t\t\t\t<\/div>\n\t\t\t\t<div class=\"elementor-element elementor-element-f09d4d3 elementor-widget elementor-widget-text-editor\" data-id=\"f09d4d3\" data-element_type=\"widget\" data-widget_type=\"text-editor.default\">\n\t\t\t\t<div class=\"elementor-widget-container\">\n\t\t\t\t\t\t\t\t<div class=\"elementor-text-editor elementor-clearfix\">\n\t\t\t\t<p>Les manipulations pr\u00e9c\u00e9dentes (accentuation des d\u00e9tails et du contraste) ont contribu\u00e9 \u00e0 faire ressortir le bruit dans le fond de ciel. Nous allons maintenant r\u00e9duire un peu ce bruit.<\/p><p>Pour cela, on va utiliser le process <strong><span class=\"gras\">ACDNR<\/span><\/strong> ou, si vous utilisez mes process icons, on va aller sur l&rsquo;ic\u00f4ne <strong><span class=\"gras\">Reduction_du_bruit<\/span><\/strong>.<\/p><p>Comme je souhaite r\u00e9duire le bruit de mon fond de ciel, il me faut un masque qui va prot\u00e9ger ma galaxie et mes \u00e9toiles, et laisser le fond de ciel libre de subir le traitement.<\/p><p>Nous allons tout d&rsquo;abord faire un <strong><span class=\"gras\">Real-Time Preview<\/span><\/strong> sur l&rsquo;ensemble de notre image en cliquant sur le cercle bleu du process.<\/p><div class=\"centre\"><img decoding=\"async\" class=\"aligncenter\" src=\"http:\/\/www.arnaudom.fr\/Img\/pix282.jpg\" alt=\"Pix\" \/><\/div><p>Il se trouve que le process <strong><span class=\"gras\">ACDNR<\/span><\/strong> permet justement de cr\u00e9er tr\u00e8s facilement un masque en utilisant les options de la zone <strong><span class=\"gras\">Lightness Mask<\/span><\/strong>. On ouvre donc cette zone tout en bas de la fen\u00eatre :<\/p><div class=\"centre\"><img decoding=\"async\" class=\"aligncenter\" src=\"http:\/\/www.arnaudom.fr\/Img\/pix283.jpg\" alt=\"Pix\" \/><\/div><p>On va cocher la case <strong><span class=\"gras\">Preview<\/span><\/strong> qui va nous permettre d&rsquo;avoir un aper\u00e7u de notre masque. <span class=\"milieu9\"><img decoding=\"async\" src=\"http:\/\/www.arnaudom.fr\/Img\/pix284.jpg\" alt=\"Pix\" \/><\/span><\/p><p>Les zones noires sont les zones prot\u00e9g\u00e9es, tandis que les zones blanches vont \u00eatre affect\u00e9es par le traitement. Les zones grises seront plus ou moins touch\u00e9es en fonction de la quantit\u00e9 de \u00ab noir \u00bb qu&rsquo;elles montrent.<\/p><div class=\"centre\"><img decoding=\"async\" class=\"aligncenter\" src=\"http:\/\/www.arnaudom.fr\/Img\/pix285.jpg\" alt=\"Pix\" \/><\/div><p>Pour cr\u00e9er le masque, on utilise les m\u00eames param\u00e8tres qu&rsquo;avec l&rsquo;histogramme.<\/p><p>On va donc jouer avec les curseurs <strong><span class=\"gras\">Midtones<\/span><\/strong> et <strong><span class=\"gras\">Shadows<\/span><\/strong>.<\/p><p>Baisser le curseur <strong><span class=\"gras\">Midtones<\/span><\/strong> permet de faire ressortir plus de d\u00e9tails de l&rsquo;image, tandis que monter le <strong><span class=\"gras\">Shadows<\/span><\/strong> va augmenter le contraste en blanchissant le fond du ciel. Le but est donc \u00e0 la fois de voir le plus d&rsquo;\u00e9toiles et de bien prot\u00e9ger la galaxie (donc de bien la noircir) et en m\u00eame temps de rendre le fond du ciel bien blanc pour pouvoir le traiter.<\/p><p>Voil\u00e0, il est facile en jouant avec les curseurs et avec l&rsquo;aide du <strong><span class=\"gras\">Real-Time Preview<\/span><\/strong> d&rsquo;obtenir facilement un masque satisfaisant.<\/p><div class=\"centre\"><img decoding=\"async\" class=\"aligncenter\" src=\"http:\/\/www.arnaudom.fr\/Img\/pix286.jpg\" alt=\"Pix\" \/><\/div><p>On peut maintenant fermer la fen\u00eatre du <strong><span class=\"gras\">Real-Time Preview<\/span><\/strong>, et on va maintenant faire un preview sur l&rsquo;image englobant une partie de la galaxie et le fond de ciel afin de surveiller l&rsquo;effet de la r\u00e9duction du bruit. On peut aussi faire un second (ou plus&#8230;) preview sur une autre zone du ciel pour voir l&rsquo;effet de notre process.<\/p><div class=\"centre\"><img decoding=\"async\" class=\"aligncenter\" src=\"http:\/\/www.arnaudom.fr\/Img\/pix287.jpg\" alt=\"Pix\" \/><\/div><p>Je s\u00e9lectionne maintenant mon preview, puis je vais cliquer \u00e0 nouveau sur le cercle bleu du <strong><span class=\"gras\">Real-Time Preview<\/span><\/strong>. Si \u00e7a n&rsquo;est pas fait, n&rsquo;oubliez pas de <strong><span class=\"gras\">d\u00e9cocher<\/span><\/strong> la case <strong><span class=\"gras\">Preview<\/span><\/strong> de la zone <strong><span class=\"gras\">Lightness Mask<\/span><\/strong> si vous voulez voir correctement votre image !<\/p><p>Les param\u00e8tres par d\u00e9faut r\u00e9duisent d\u00e9j\u00e0 singuli\u00e8rement le bruit sur mon image, ce qu&rsquo;on voit en cliquant plusieurs fois sur l&rsquo;ic\u00f4ne <strong><span class=\"gras\">Show transformed image<\/span><\/strong>.<\/p><div class=\"centre\"><img decoding=\"async\" class=\"aligncenter\" src=\"http:\/\/www.arnaudom.fr\/Img\/pix288.jpg\" alt=\"Pix\" \/><\/div><p>Cependant, la galaxie, et pas seulement le fond du ciel, se voient appliquer la r\u00e9duction, alors qu&rsquo;on souhaitait la prot\u00e9ger avec notre masque. Pour que celui-ci s&rsquo;applique, il faut cocher la case <strong><span class=\"gras\">Lightness mask <\/span><\/strong>. <span class=\"milieu8\"><img decoding=\"async\" src=\"http:\/\/www.arnaudom.fr\/Img\/pix289.jpg\" alt=\"Pix\" \/><\/span><\/p><p>En jouant avec l&rsquo;ic\u00f4ne <strong><span class=\"gras\">Show transformed image<\/span><\/strong>, on s&rsquo;aper\u00e7oit maintenant que seul le fond du ciel est affect\u00e9 par le traitement, tandis que la galaxie est prot\u00e9g\u00e9e. Les d\u00e9tails r\u00e9apparaissent.<\/p><div class=\"centre\"><img decoding=\"async\" class=\"aligncenter\" src=\"http:\/\/www.arnaudom.fr\/Img\/pix290.jpg\" alt=\"Pix\" \/><\/div><p>On peut donc, au choix, appliquer le process sur toute l&rsquo;image en d\u00e9cochant la case <strong><span class=\"gras\">Lightness mask<\/span><\/strong> ou, au contraire, la cocher pour prot\u00e9ger une partie de l&rsquo;image avec un masque cr\u00e9\u00e9 par ce process.<\/p><p>Dans la zone <strong><span class=\"gras\">ACDNR Filters<\/span><\/strong> on trouve deux onglets : <strong><span class=\"gras\">Lightness<\/span><\/strong> et <strong><span class=\"gras\">Chrominance<\/span><\/strong> (on trouvera les m\u00eames param\u00e8tres dans les deux fen\u00eatres correspondantes). Ce qui veut dire que l&rsquo;on peut op\u00e9rer le traitement sur la luminance de l&rsquo;image (avec l&rsquo;onglet <strong><span class=\"gras\">Lightness<\/span><\/strong>) et sur sa couleur (avec l&rsquo;onglet <strong><span class=\"gras\">Chrominance<\/span><\/strong>).<\/p><p>Pour ce faire, on peut utiliser la case <strong><span class=\"gras\">Apply<\/span><\/strong> : en cochant\/d\u00e9cochant cette case, on applique (ou pas) les param\u00e8tres du process, l\u00e0 encore le <strong><span class=\"gras\">Real-Time Preview<\/span><\/strong> nous permettant de voir en direct les r\u00e9sultats obtenus.<span class=\"milieu9\"><img decoding=\"async\" src=\"http:\/\/www.arnaudom.fr\/Img\/pix291.jpg\" alt=\"Pix\" \/><\/span><\/p><p class=\"cadrerouge\">En th\u00e9orie donc, on peut ainsi d\u00e9cocher la case<strong> <span class=\"gras\">Apply<\/span><\/strong> de la zone <strong><span class=\"gras\">Chrominance<\/span><\/strong>, cocher celle de la zone <strong><span class=\"gras\">Lightness<\/span><\/strong> et proc\u00e9der au r\u00e9glage de ses param\u00e8tres, puis ensuite faire l&rsquo;inverse : d\u00e9cocher la case <strong><span class=\"gras\">Apply<\/span><\/strong> dans <strong><span class=\"gras\">Lightness<\/span><\/strong>, la cocher dans <strong><span class=\"gras\">Chrominance<\/span><\/strong> et r\u00e9gler les param\u00e8tres. On peut ainsi agir s\u00e9par\u00e9ment sur la luminance et sur la couleur de l&rsquo;image, et, une fois les deux composantes r\u00e9gl\u00e9es correctement, cocher les deux cases <strong><span class=\"gras\">Apply<\/span><\/strong> pour terminer le traitement.<\/p><p>En pratique, je n&rsquo;ai gu\u00e8re vu de changement sur mon image en jouant avec les param\u00e8tres de la <strong><span class=\"gras\">chrominance<\/span><\/strong> (peut-\u00eatre \u00e0 cause de la nature de mon image ou de ma m\u00e9connaissance du fonctionnement du process), donc en l&rsquo;\u00e9tat actuel de mes connaissances, je me suis content\u00e9 de faire varier uniquement les r\u00e9glages de l&rsquo;onglet <strong><span class=\"gras\">Lightness<\/span><\/strong> pour faire ma r\u00e9duction de bruit.<\/p><p>Comme je le disais pr\u00e9c\u00e9demment, les r\u00e9glages par d\u00e9faut fonctionnent d\u00e9ja bien, on peut cependant jouer avec les param\u00e8tres <strong><span class=\"gras\">Stddev<\/span><\/strong> et <strong><span class=\"gras\">Threshold<\/span><\/strong> (en-dessous de <strong><span class=\"gras\">Bright Sides Edge protection<\/span><\/strong>).<\/p><p>En augmentant la valeur de <strong><span class=\"gras\">Stddev<\/span><\/strong>, on augmente la force du filtre (on augmente le nombre de pixels qui vont \u00eatre r\u00e9duits). Dans notre cas, comme il s&rsquo;agit d&rsquo;enlever le bruit du fond du ciel, on peut l&rsquo;augmenter car on applique ainsi la r\u00e9duction sur des zones plus large de l&rsquo;image.<\/p><div class=\"centre\"><img decoding=\"async\" class=\"aligncenter\" src=\"http:\/\/www.arnaudom.fr\/Img\/pix292.jpg\" alt=\"Pix\" \/><\/div><p>Inversement, le param\u00e8tre <strong><span class=\"gras\">Threshold<\/span><\/strong> indique un seuil en-dessous duquel le filtre de r\u00e9duction de bruit va agir. Donc plus on le monte et plus la suppression de d\u00e9tails augmente car le filtre agira a un niveau plus important. Il faut donc s&rsquo;entra\u00eener \u00e0 jouer avec ces deux param\u00e8tres.<\/p><div class=\"centre\"><img decoding=\"async\" class=\"aligncenter\" src=\"http:\/\/www.arnaudom.fr\/Img\/pix293.jpg\" alt=\"Pix\" \/><\/div><p>Une petite remarque concernant la case <strong><span class=\"gras\">Star protection<\/span><\/strong> : celle-ci sert \u00e0 prot\u00e9ger les petites \u00e9toiles de la r\u00e9duction de bruit. Ici, les \u00e9toiles sont prot\u00e9g\u00e9es par notre masque, ce qui fait que le fait de cocher ou non cette protection ne change rien \u00e0 l&rsquo;image.<\/p><p>Mais on peut faire un petit essai en enlevant notre masque pour voir l&rsquo;utilit\u00e9 de cette \u00ab Star protection \u00bb : pour cela, d\u00e9cochons les cases <strong><span class=\"gras\">Lightness mask<\/span><\/strong> et <strong><span class=\"gras\">Star protection<\/span><\/strong>. <span class=\"milieu2\"><img decoding=\"async\" src=\"http:\/\/www.arnaudom.fr\/Img\/pix294.jpg\" alt=\"Pix\" \/><\/span><\/p><p>Si on observe en gros plan une zone de notre image contenant de petites \u00e9toiles, on verra qu&rsquo;elles ont tendance \u00e0 dispara\u00eetre car elles sont affect\u00e9es par la r\u00e9duction du bruit. <img loading=\"lazy\" decoding=\"async\" class=\"aligncenter size-full wp-image-6185\" src=\"http:\/\/www.arnaudom.fr\/wordpress\/wp-content\/uploads\/2020\/08\/pix295.jpg\" alt=\"\" width=\"207\" height=\"128\" \/><\/p><p>Maintenant, cochons \u00e0 nouveau la case <strong><span class=\"gras\">Star protection<\/span><\/strong>.<\/p><p>Nos petites \u00e9toiles r\u00e9apparaissent plus nettement car elles sont maintenant prot\u00e9g\u00e9es par le param\u00e8tre en question.<\/p><p><img loading=\"lazy\" decoding=\"async\" class=\"aligncenter size-full wp-image-6186\" src=\"http:\/\/www.arnaudom.fr\/wordpress\/wp-content\/uploads\/2020\/08\/pix296.jpg\" alt=\"\" width=\"218\" height=\"121\" \/><\/p><p>Bref, en d\u00e9finitive j&rsquo;ai choisi les param\u00e8tres suivants :<br \/>&#8211; <strong><span class=\"gras\">Stddev<\/span><\/strong> \u00e0 <strong><span class=\"gras\">3<\/span><\/strong><br \/>&#8211; <strong><span class=\"gras\">Threshold<\/span><\/strong> \u00e0 <strong><span class=\"gras\">0.010<\/span><\/strong><br \/>&#8211; les cases <strong><span class=\"gras\">Lightness mask<\/span><\/strong> et<strong> <span class=\"gras\">Star protection<\/span><\/strong> sont coch\u00e9es.<\/p><p>Il ne reste nous reste plus qu&rsquo;\u00e0 fermer la fen\u00eatre du <strong><span class=\"gras\">Real-Time preview<\/span><\/strong>, supprimer le (ou les) preview utilis\u00e9(s) et \u00e0 appliquer notre process sur l&rsquo;image en y d\u00e9posant le triangle bleu.<\/p><div class=\"centre\"><img decoding=\"async\" class=\"aligncenter\" src=\"http:\/\/www.arnaudom.fr\/Img\/pix297.jpg\" alt=\"Pix\" \/><\/div>\t\t\t\t\t<\/div>\n\t\t\t\t\t\t<\/div>\n\t\t\t\t<\/div>\n\t\t\t\t<div class=\"elementor-element elementor-element-5e46e10 elementor-widget elementor-widget-heading\" data-id=\"5e46e10\" data-element_type=\"widget\" data-widget_type=\"heading.default\">\n\t\t\t\t<div class=\"elementor-widget-container\">\n\t\t\t<h2 class=\"elementor-heading-title elementor-size-default\">7 \u2013 Faire une saturation des couleurs<\/h2>\t\t<\/div>\n\t\t\t\t<\/div>\n\t\t\t\t<div class=\"elementor-element elementor-element-0101cca elementor-widget elementor-widget-text-editor\" data-id=\"0101cca\" data-element_type=\"widget\" data-widget_type=\"text-editor.default\">\n\t\t\t\t<div class=\"elementor-widget-container\">\n\t\t\t\t\t\t\t\t<div class=\"elementor-text-editor elementor-clearfix\">\n\t\t\t\t<p>Pour terminer, on va essayer de faire ressortir les couleurs de notre image \u00e0 l&rsquo;aide du process<strong> <span class=\"gras\">ColorSaturation<\/span><\/strong>.<\/p><p>Par contre, je ne veux pas toucher \u00e0 mon fond de ciel, donc je vais cr\u00e9er un masque pour le prot\u00e9ger. On va donc commencer par faire un clone de notre image (on prend son onglet et on le d\u00e9pose sur une zone libre de l&rsquo;espace de travail).<img loading=\"lazy\" decoding=\"async\" class=\"aligncenter size-full wp-image-6188\" src=\"http:\/\/www.arnaudom.fr\/wordpress\/wp-content\/uploads\/2020\/08\/pix298.jpg\" alt=\"\" width=\"600\" height=\"419\" srcset=\"http:\/\/www.arnaudom.fr\/wordpress\/wp-content\/uploads\/2020\/08\/pix298.jpg 600w, http:\/\/www.arnaudom.fr\/wordpress\/wp-content\/uploads\/2020\/08\/pix298-300x210.jpg 300w\" sizes=\"auto, (max-width: 600px) 100vw, 600px\" \/><\/p><p>Comme on a vu juste avant que le process <strong><span class=\"gras\">ACDNR<\/span> <\/strong>pouvait servir \u00e0 cr\u00e9er un masque, je vais justement l&rsquo;utiliser \u00e0 cette fin. On lance donc le process <strong><span class=\"gras\">ACDNR<\/span><\/strong> ou, si vous utilisez mes process icons, on va aller sur l&rsquo;ic\u00f4ne <strong><span class=\"gras\">Transformation_du_clone_en_masque<\/span><\/strong>.<\/p><p>Dans la zone <strong><span class=\"gras\">Lightness Mask<\/span><\/strong>, on coche la case <strong><span class=\"gras\">Preview<\/span><\/strong>, on clique sur le cercle bleu du <strong><span class=\"gras\">Real-Time preview<\/span><\/strong> et on peut ensuite r\u00e9gler les param\u00e8tres <strong><span class=\"gras\">Midtones<\/span><\/strong> et <strong><span class=\"gras\">Shadows<\/span><\/strong>. Le but \u00e9tant l\u00e0 de prot\u00e9ger le ciel, on va faire un masque comme si on voulait prot\u00e9ger notre galaxie et les \u00e9toiles, puis on l&rsquo;inversera ensuite. Ici j&rsquo;ai simplement remis les valeurs que j&rsquo;avais utilis\u00e9 lors de la r\u00e9duction de bruit pour cr\u00e9er mon masque.<\/p><p><img loading=\"lazy\" decoding=\"async\" class=\"aligncenter size-full wp-image-6189\" src=\"http:\/\/www.arnaudom.fr\/wordpress\/wp-content\/uploads\/2020\/08\/pix299.jpg\" alt=\"\" width=\"381\" height=\"123\" srcset=\"http:\/\/www.arnaudom.fr\/wordpress\/wp-content\/uploads\/2020\/08\/pix299.jpg 381w, http:\/\/www.arnaudom.fr\/wordpress\/wp-content\/uploads\/2020\/08\/pix299-300x97.jpg 300w\" sizes=\"auto, (max-width: 381px) 100vw, 381px\" \/><\/p><p>Quand le r\u00e9sultat est bon, on ferme la fen\u00eatre du <strong><span class=\"gras\">Real-Time preview<\/span><\/strong> puis on applique le process sur notre clone en y d\u00e9posant le petit triangle bleu : le clone devient notre masque.<\/p><p><img loading=\"lazy\" decoding=\"async\" class=\"aligncenter size-full wp-image-6190\" src=\"http:\/\/www.arnaudom.fr\/wordpress\/wp-content\/uploads\/2020\/08\/pix300.jpg\" alt=\"\" width=\"603\" height=\"421\" srcset=\"http:\/\/www.arnaudom.fr\/wordpress\/wp-content\/uploads\/2020\/08\/pix300.jpg 603w, http:\/\/www.arnaudom.fr\/wordpress\/wp-content\/uploads\/2020\/08\/pix300-300x209.jpg 300w\" sizes=\"auto, (max-width: 603px) 100vw, 603px\" \/><\/p><p>On applique donc notre masque sur l&rsquo;image en y d\u00e9posant son onglet.<\/p><div class=\"centre\"><img decoding=\"async\" class=\"aligncenter\" src=\"http:\/\/www.arnaudom.fr\/Img\/pix301.jpg\" alt=\"Pix\" \/><\/div><p>Les zones rouges (galaxies et \u00e9toiles) sont prot\u00e9g\u00e9es, mais on veut en fait prot\u00e9ger notre fond de ciel, donc on va inverser le masque en faisant un clic droit sur l&rsquo;image et allant sur <strong><span class=\"gras\">Mask\/Invert mask<\/span><\/strong>.<\/p><div class=\"centre\"><img decoding=\"async\" class=\"aligncenter\" src=\"http:\/\/www.arnaudom.fr\/Img\/pix302.jpg\" alt=\"Pix\" \/><\/div><p>Pour cacher le masque, on fait un clic droit sur l&rsquo;image et on clique sur <strong><span class=\"gras\">Mask\/Show mask<\/span><\/strong> (le masque reste actif mais n&rsquo;est plus visible sur l&rsquo;image).<\/p><div class=\"centre\"><img decoding=\"async\" class=\"aligncenter\" src=\"http:\/\/www.arnaudom.fr\/Img\/pix303.jpg\" alt=\"Pix\" \/><\/div>\t\t\t\t\t<\/div>\n\t\t\t\t\t\t<\/div>\n\t\t\t\t<\/div>\n\t\t\t\t\t\t<\/div>\n\t\t\t\t\t<\/div>\n\t\t<\/div>\n\t\t\t\t\t\t\t\t<\/div>\n\t\t\t\t\t<\/div>\n\t\t<\/section>\n\t\t\t\t<section class=\"elementor-section elementor-top-section elementor-element elementor-element-e8f893d elementor-section-boxed elementor-section-height-default elementor-section-height-default\" data-id=\"e8f893d\" data-element_type=\"section\" data-settings=\"{&quot;background_background&quot;:&quot;classic&quot;}\">\n\t\t\t\t\t\t<div class=\"elementor-container elementor-column-gap-default\">\n\t\t\t\t\t\t\t<div class=\"elementor-row\">\n\t\t\t\t\t<div class=\"elementor-column elementor-col-50 elementor-top-column elementor-element elementor-element-44e2b10\" data-id=\"44e2b10\" data-element_type=\"column\">\n\t\t\t<div class=\"elementor-column-wrap elementor-element-populated\">\n\t\t\t\t\t\t\t<div class=\"elementor-widget-wrap\">\n\t\t\t\t\t\t<div class=\"elementor-element elementor-element-6776ae9 elementor-align-center elementor-widget elementor-widget-button\" data-id=\"6776ae9\" data-element_type=\"widget\" data-widget_type=\"button.default\">\n\t\t\t\t<div class=\"elementor-widget-container\">\n\t\t\t\t\t<div class=\"elementor-button-wrapper\">\n\t\t\t<a href=\"http:\/\/www.arnaudom.fr\/wordpress\/contraste\" class=\"elementor-button-link elementor-button elementor-size-sm\" role=\"button\">\n\t\t\t\t\t\t<span class=\"elementor-button-content-wrapper\">\n\t\t\t\t\t\t\t<span class=\"elementor-button-icon elementor-align-icon-left\">\n\t\t\t\t<i aria-hidden=\"true\" class=\"fas fa-arrow-left\"><\/i>\t\t\t<\/span>\n\t\t\t\t\t\t<span class=\"elementor-button-text\">Page 4<\/span>\n\t\t<\/span>\n\t\t\t\t\t<\/a>\n\t\t<\/div>\n\t\t\t\t<\/div>\n\t\t\t\t<\/div>\n\t\t\t\t\t\t<\/div>\n\t\t\t\t\t<\/div>\n\t\t<\/div>\n\t\t\t\t<div class=\"elementor-column elementor-col-50 elementor-top-column elementor-element elementor-element-8f68b97\" data-id=\"8f68b97\" data-element_type=\"column\">\n\t\t\t<div class=\"elementor-column-wrap elementor-element-populated\">\n\t\t\t\t\t\t\t<div class=\"elementor-widget-wrap\">\n\t\t\t\t\t\t<div class=\"elementor-element elementor-element-f8ecbab elementor-align-center elementor-widget elementor-widget-button\" data-id=\"f8ecbab\" data-element_type=\"widget\" data-widget_type=\"button.default\">\n\t\t\t\t<div class=\"elementor-widget-container\">\n\t\t\t\t\t<div class=\"elementor-button-wrapper\">\n\t\t\t<a href=\"http:\/\/www.arnaudom.fr\/wordpress\/finsaturation\" class=\"elementor-button-link elementor-button elementor-size-sm\" role=\"button\">\n\t\t\t\t\t\t<span class=\"elementor-button-content-wrapper\">\n\t\t\t\t\t\t\t<span class=\"elementor-button-icon elementor-align-icon-right\">\n\t\t\t\t<i aria-hidden=\"true\" class=\"fas fa-arrow-right\"><\/i>\t\t\t<\/span>\n\t\t\t\t\t\t<span class=\"elementor-button-text\">Page 6<\/span>\n\t\t<\/span>\n\t\t\t\t\t<\/a>\n\t\t<\/div>\n\t\t\t\t<\/div>\n\t\t\t\t<\/div>\n\t\t\t\t\t\t<\/div>\n\t\t\t\t\t<\/div>\n\t\t<\/div>\n\t\t\t\t\t\t\t\t<\/div>\n\t\t\t\t\t<\/div>\n\t\t<\/section>\n\t\t\t\t\t\t\t\t\t<\/div>\n\t\t\t<\/div>\n\t\t\t\t\t<\/div>\n\t\t","protected":false},"excerpt":{"rendered":"<p>Traitement des images non lin\u00e9aires avec PixInsight (5\/6) 6 \u2013 Faire une r\u00e9duction de bruit. Les manipulations pr\u00e9c\u00e9dentes (accentuation des d\u00e9tails et du contraste) ont contribu\u00e9 \u00e0 faire ressortir le bruit dans le fond de ciel. Nous allons maintenant r\u00e9duire un peu ce bruit. Pour cela, on va utiliser le process ACDNR ou, si vous &hellip;<\/p>\n<p class=\"read-more\"> <a class=\"\" href=\"http:\/\/www.arnaudom.fr\/wordpress\/saturation\/\"> <span class=\"screen-reader-text\">saturation<\/span> Lire la suite\u00a0\u00bb<\/a><\/p>\n","protected":false},"author":1,"featured_media":0,"parent":0,"menu_order":0,"comment_status":"closed","ping_status":"closed","template":"","meta":{"site-sidebar-layout":"default","site-content-layout":"default","ast-site-content-layout":"","site-content-style":"default","site-sidebar-style":"default","ast-global-header-display":"","ast-banner-title-visibility":"","ast-main-header-display":"","ast-hfb-above-header-display":"","ast-hfb-below-header-display":"","ast-hfb-mobile-header-display":"","site-post-title":"disabled","ast-breadcrumbs-content":"","ast-featured-img":"","footer-sml-layout":"","theme-transparent-header-meta":"default","adv-header-id-meta":"","stick-header-meta":"","header-above-stick-meta":"","header-main-stick-meta":"","header-below-stick-meta":"","astra-migrate-meta-layouts":"","ast-page-background-enabled":"default","ast-page-background-meta":{"desktop":{"background-color":"","background-image":"","background-repeat":"repeat","background-position":"center center","background-size":"auto","background-attachment":"scroll","background-type":"","background-media":"","overlay-type":"","overlay-color":"","overlay-gradient":""},"tablet":{"background-color":"","background-image":"","background-repeat":"repeat","background-position":"center center","background-size":"auto","background-attachment":"scroll","background-type":"","background-media":"","overlay-type":"","overlay-color":"","overlay-gradient":""},"mobile":{"background-color":"","background-image":"","background-repeat":"repeat","background-position":"center center","background-size":"auto","background-attachment":"scroll","background-type":"","background-media":"","overlay-type":"","overlay-color":"","overlay-gradient":""}},"ast-content-background-meta":{"desktop":{"background-color":"var(--ast-global-color-5)","background-image":"","background-repeat":"repeat","background-position":"center center","background-size":"auto","background-attachment":"scroll","background-type":"","background-media":"","overlay-type":"","overlay-color":"","overlay-gradient":""},"tablet":{"background-color":"var(--ast-global-color-5)","background-image":"","background-repeat":"repeat","background-position":"center center","background-size":"auto","background-attachment":"scroll","background-type":"","background-media":"","overlay-type":"","overlay-color":"","overlay-gradient":""},"mobile":{"background-color":"var(--ast-global-color-5)","background-image":"","background-repeat":"repeat","background-position":"center center","background-size":"auto","background-attachment":"scroll","background-type":"","background-media":"","overlay-type":"","overlay-color":"","overlay-gradient":""}},"footnotes":""},"class_list":["post-6180","page","type-page","status-publish","hentry"],"_links":{"self":[{"href":"http:\/\/www.arnaudom.fr\/wordpress\/wp-json\/wp\/v2\/pages\/6180","targetHints":{"allow":["GET"]}}],"collection":[{"href":"http:\/\/www.arnaudom.fr\/wordpress\/wp-json\/wp\/v2\/pages"}],"about":[{"href":"http:\/\/www.arnaudom.fr\/wordpress\/wp-json\/wp\/v2\/types\/page"}],"author":[{"embeddable":true,"href":"http:\/\/www.arnaudom.fr\/wordpress\/wp-json\/wp\/v2\/users\/1"}],"replies":[{"embeddable":true,"href":"http:\/\/www.arnaudom.fr\/wordpress\/wp-json\/wp\/v2\/comments?post=6180"}],"version-history":[{"count":5,"href":"http:\/\/www.arnaudom.fr\/wordpress\/wp-json\/wp\/v2\/pages\/6180\/revisions"}],"predecessor-version":[{"id":6191,"href":"http:\/\/www.arnaudom.fr\/wordpress\/wp-json\/wp\/v2\/pages\/6180\/revisions\/6191"}],"wp:attachment":[{"href":"http:\/\/www.arnaudom.fr\/wordpress\/wp-json\/wp\/v2\/media?parent=6180"}],"curies":[{"name":"wp","href":"https:\/\/api.w.org\/{rel}","templated":true}]}}