{"id":3966,"date":"2020-02-12T23:05:13","date_gmt":"2020-02-12T22:05:13","guid":{"rendered":"http:\/\/www.arnaudom.fr\/wordpress\/?page_id=3966"},"modified":"2020-08-16T10:43:12","modified_gmt":"2020-08-16T08:43:12","slug":"m17apn","status":"publish","type":"page","link":"http:\/\/www.arnaudom.fr\/wordpress\/m17apn\/","title":{"rendered":"m17apn"},"content":{"rendered":"\t\t<div data-elementor-type=\"wp-post\" data-elementor-id=\"3966\" class=\"elementor elementor-3966\">\n\t\t\t\t\t\t<div class=\"elementor-inner\">\n\t\t\t\t<div class=\"elementor-section-wrap\">\n\t\t\t\t\t\t\t\t\t<section class=\"elementor-section elementor-top-section elementor-element elementor-element-1f3d1d44 elementor-section-full_width elementor-section-height-default elementor-section-height-default\" data-id=\"1f3d1d44\" data-element_type=\"section\" data-settings=\"{&quot;background_background&quot;:&quot;classic&quot;}\">\n\t\t\t\t\t\t<div class=\"elementor-container elementor-column-gap-default\">\n\t\t\t\t\t\t\t<div class=\"elementor-row\">\n\t\t\t\t\t<div class=\"elementor-column elementor-col-100 elementor-top-column elementor-element elementor-element-116d7c93\" data-id=\"116d7c93\" data-element_type=\"column\" data-settings=\"{&quot;background_background&quot;:&quot;classic&quot;}\">\n\t\t\t<div class=\"elementor-column-wrap elementor-element-populated\">\n\t\t\t\t\t\t\t<div class=\"elementor-widget-wrap\">\n\t\t\t\t\t\t<div class=\"elementor-element elementor-element-ca8a3bb elementor-widget elementor-widget-heading\" data-id=\"ca8a3bb\" data-element_type=\"widget\" data-widget_type=\"heading.default\">\n\t\t\t\t<div class=\"elementor-widget-container\">\n\t\t\t<h1 class=\"elementor-heading-title elementor-size-default\">La n\u00e9buleuse M17 dans le Sagittaire<\/h1>\t\t<\/div>\n\t\t\t\t<\/div>\n\t\t\t\t<div class=\"elementor-element elementor-element-453ecd24 elementor-widget elementor-widget-image\" data-id=\"453ecd24\" data-element_type=\"widget\" data-widget_type=\"image.default\">\n\t\t\t\t<div class=\"elementor-widget-container\">\n\t\t\t\t\t\t\t\t<div class=\"elementor-image\">\n\t\t\t\t\t\t\t\t\t\t\t\t<img loading=\"lazy\" decoding=\"async\" width=\"900\" height=\"598\" src=\"http:\/\/www.arnaudom.fr\/wordpress\/wp-content\/uploads\/2020\/02\/m17004.jpg\" class=\"attachment-large size-large wp-image-3968\" alt=\"\" srcset=\"http:\/\/www.arnaudom.fr\/wordpress\/wp-content\/uploads\/2020\/02\/m17004.jpg 900w, http:\/\/www.arnaudom.fr\/wordpress\/wp-content\/uploads\/2020\/02\/m17004-300x199.jpg 300w, http:\/\/www.arnaudom.fr\/wordpress\/wp-content\/uploads\/2020\/02\/m17004-768x510.jpg 768w\" sizes=\"auto, (max-width: 900px) 100vw, 900px\" \/>\t\t\t\t\t\t\t\t\t\t\t\t\t\t<\/div>\n\t\t\t\t\t\t<\/div>\n\t\t\t\t<\/div>\n\t\t\t\t<div class=\"elementor-element elementor-element-78568052 elementor-widget elementor-widget-heading\" data-id=\"78568052\" data-element_type=\"widget\" data-widget_type=\"heading.default\">\n\t\t\t\t<div class=\"elementor-widget-container\">\n\t\t\t<h2 class=\"elementor-heading-title elementor-size-default\">Gros plan sur la n\u00e9buleuse :<\/h2>\t\t<\/div>\n\t\t\t\t<\/div>\n\t\t\t\t<div class=\"elementor-element elementor-element-1749fc80 elementor-widget elementor-widget-image\" data-id=\"1749fc80\" data-element_type=\"widget\" data-widget_type=\"image.default\">\n\t\t\t\t<div class=\"elementor-widget-container\">\n\t\t\t\t\t\t\t\t<div class=\"elementor-image\">\n\t\t\t\t\t\t\t\t\t\t\t\t<img loading=\"lazy\" decoding=\"async\" width=\"702\" height=\"741\" src=\"http:\/\/www.arnaudom.fr\/wordpress\/wp-content\/uploads\/2020\/02\/m17006.jpg\" class=\"attachment-large size-large wp-image-3969\" alt=\"\" srcset=\"http:\/\/www.arnaudom.fr\/wordpress\/wp-content\/uploads\/2020\/02\/m17006.jpg 702w, http:\/\/www.arnaudom.fr\/wordpress\/wp-content\/uploads\/2020\/02\/m17006-284x300.jpg 284w\" sizes=\"auto, (max-width: 702px) 100vw, 702px\" \/>\t\t\t\t\t\t\t\t\t\t\t\t\t\t<\/div>\n\t\t\t\t\t\t<\/div>\n\t\t\t\t<\/div>\n\t\t\t\t<div class=\"elementor-element elementor-element-9606ad0 elementor-widget elementor-widget-text-editor\" data-id=\"9606ad0\" data-element_type=\"widget\" data-widget_type=\"text-editor.default\">\n\t\t\t\t<div class=\"elementor-widget-container\">\n\t\t\t\t\t\t\t\t<div class=\"elementor-text-editor elementor-clearfix\">\n\t\t\t\t<p style=\"text-align: center;\"><strong><span style=\"color: #00cece;\">Newton GSO 200\/800 + Monture EQ6 Pro + Canon EOS 350D d\u00e9filtr\u00e9 + Paracorr Televue<br \/>Autoguidage : chercheur 8&#215;50 + bague + Orion Starshoot Autoguider<br \/>40 poses de 3 minutes + 11 offset + 10 dark + 11 flat<\/span><\/strong><\/p>\t\t\t\t\t<\/div>\n\t\t\t\t\t\t<\/div>\n\t\t\t\t<\/div>\n\t\t\t\t<div class=\"elementor-element elementor-element-231a8097 elementor-widget elementor-widget-text-editor\" data-id=\"231a8097\" data-element_type=\"widget\" data-widget_type=\"text-editor.default\">\n\t\t\t\t<div class=\"elementor-widget-container\">\n\t\t\t\t\t\t\t\t<div class=\"elementor-text-editor elementor-clearfix\">\n\t\t\t\t<p style=\"text-align: center;\"><span style=\"color: #ffffff;\">M17 dans le Sagittaire est \u00e9galement surnomm\u00e9e la n\u00e9buleuse Om\u00e9ga. Ce brillant objet fait partie des rares n\u00e9buleuses diffuses bien visibles dans un instrument, y compris de petit diam\u00e8tre ! En visuel elle a la forme d&rsquo;une virgule caract\u00e9ristique. En photo avec deux heures de poses, la luminosit\u00e9 du 200\/800 coupl\u00e9 au grand champ du Canon r\u00e9v\u00e8le une quantit\u00e9 de d\u00e9tails impressionnante dans cette partie du ciel ! C&rsquo;est une cible id\u00e9ale pour ce type de configuration.<\/span><\/p>\t\t\t\t\t<\/div>\n\t\t\t\t\t\t<\/div>\n\t\t\t\t<\/div>\n\t\t\t\t<div class=\"elementor-element elementor-element-2545b45e elementor-align-center elementor-widget elementor-widget-button\" data-id=\"2545b45e\" data-element_type=\"widget\" data-widget_type=\"button.default\">\n\t\t\t\t<div class=\"elementor-widget-container\">\n\t\t\t\t\t<div class=\"elementor-button-wrapper\">\n\t\t\t<a href=\"http:\/\/www.arnaudom.fr\/wordpress\/profondnebuleuses\" class=\"elementor-button-link elementor-button elementor-size-sm\" role=\"button\">\n\t\t\t\t\t\t<span class=\"elementor-button-content-wrapper\">\n\t\t\t\t\t\t\t<span class=\"elementor-button-icon elementor-align-icon-right\">\n\t\t\t\t\t\t\t\t\t<i class=\"fa fa-camera\" aria-hidden=\"true\"><\/i>\n\t\t\t\t\t\t\t<\/span>\n\t\t\t\t\t\t<span class=\"elementor-button-text\">Retour \u00e0 la galerie<\/span>\n\t\t<\/span>\n\t\t\t\t\t<\/a>\n\t\t<\/div>\n\t\t\t\t<\/div>\n\t\t\t\t<\/div>\n\t\t\t\t\t\t<\/div>\n\t\t\t\t\t<\/div>\n\t\t<\/div>\n\t\t\t\t\t\t\t\t<\/div>\n\t\t\t\t\t<\/div>\n\t\t<\/section>\n\t\t\t\t\t\t\t\t\t<\/div>\n\t\t\t<\/div>\n\t\t\t\t\t<\/div>\n\t\t","protected":false},"excerpt":{"rendered":"<p>La n\u00e9buleuse M17 dans le Sagittaire Gros plan sur la n\u00e9buleuse : Newton GSO 200\/800 + Monture EQ6 Pro + Canon EOS 350D d\u00e9filtr\u00e9 + Paracorr TelevueAutoguidage : chercheur 8&#215;50 + bague + Orion Starshoot Autoguider40 poses de 3 minutes + 11 offset + 10 dark + 11 flat M17 dans le Sagittaire est \u00e9galement &hellip;<\/p>\n<p class=\"read-more\"> <a class=\"\" href=\"http:\/\/www.arnaudom.fr\/wordpress\/m17apn\/\"> <span class=\"screen-reader-text\">m17apn<\/span> Lire la suite\u00a0\u00bb<\/a><\/p>\n","protected":false},"author":1,"featured_media":0,"parent":0,"menu_order":0,"comment_status":"closed","ping_status":"closed","template":"","meta":{"site-sidebar-layout":"default","site-content-layout":"default","ast-site-content-layout":"","site-content-style":"default","site-sidebar-style":"default","ast-global-header-display":"","ast-banner-title-visibility":"","ast-main-header-display":"","ast-hfb-above-header-display":"","ast-hfb-below-header-display":"","ast-hfb-mobile-header-display":"","site-post-title":"disabled","ast-breadcrumbs-content":"","ast-featured-img":"","footer-sml-layout":"","theme-transparent-header-meta":"default","adv-header-id-meta":"","stick-header-meta":"","header-above-stick-meta":"","header-main-stick-meta":"","header-below-stick-meta":"","astra-migrate-meta-layouts":"","ast-page-background-enabled":"default","ast-page-background-meta":{"desktop":{"background-color":"","background-image":"","background-repeat":"repeat","background-position":"center center","background-size":"auto","background-attachment":"scroll","background-type":"","background-media":"","overlay-type":"","overlay-color":"","overlay-gradient":""},"tablet":{"background-color":"","background-image":"","background-repeat":"repeat","background-position":"center center","background-size":"auto","background-attachment":"scroll","background-type":"","background-media":"","overlay-type":"","overlay-color":"","overlay-gradient":""},"mobile":{"background-color":"","background-image":"","background-repeat":"repeat","background-position":"center center","background-size":"auto","background-attachment":"scroll","background-type":"","background-media":"","overlay-type":"","overlay-color":"","overlay-gradient":""}},"ast-content-background-meta":{"desktop":{"background-color":"var(--ast-global-color-5)","background-image":"","background-repeat":"repeat","background-position":"center center","background-size":"auto","background-attachment":"scroll","background-type":"","background-media":"","overlay-type":"","overlay-color":"","overlay-gradient":""},"tablet":{"background-color":"var(--ast-global-color-5)","background-image":"","background-repeat":"repeat","background-position":"center center","background-size":"auto","background-attachment":"scroll","background-type":"","background-media":"","overlay-type":"","overlay-color":"","overlay-gradient":""},"mobile":{"background-color":"var(--ast-global-color-5)","background-image":"","background-repeat":"repeat","background-position":"center center","background-size":"auto","background-attachment":"scroll","background-type":"","background-media":"","overlay-type":"","overlay-color":"","overlay-gradient":""}},"footnotes":""},"class_list":["post-3966","page","type-page","status-publish","hentry"],"_links":{"self":[{"href":"http:\/\/www.arnaudom.fr\/wordpress\/wp-json\/wp\/v2\/pages\/3966","targetHints":{"allow":["GET"]}}],"collection":[{"href":"http:\/\/www.arnaudom.fr\/wordpress\/wp-json\/wp\/v2\/pages"}],"about":[{"href":"http:\/\/www.arnaudom.fr\/wordpress\/wp-json\/wp\/v2\/types\/page"}],"author":[{"embeddable":true,"href":"http:\/\/www.arnaudom.fr\/wordpress\/wp-json\/wp\/v2\/users\/1"}],"replies":[{"embeddable":true,"href":"http:\/\/www.arnaudom.fr\/wordpress\/wp-json\/wp\/v2\/comments?post=3966"}],"version-history":[{"count":5,"href":"http:\/\/www.arnaudom.fr\/wordpress\/wp-json\/wp\/v2\/pages\/3966\/revisions"}],"predecessor-version":[{"id":5169,"href":"http:\/\/www.arnaudom.fr\/wordpress\/wp-json\/wp\/v2\/pages\/3966\/revisions\/5169"}],"wp:attachment":[{"href":"http:\/\/www.arnaudom.fr\/wordpress\/wp-json\/wp\/v2\/media?parent=3966"}],"curies":[{"name":"wp","href":"https:\/\/api.w.org\/{rel}","templated":true}]}}